{"id":13581,"date":"2026-01-09T06:53:00","date_gmt":"2026-01-09T05:53:00","guid":{"rendered":"https:\/\/gumatop.shop\/xef5\/produkt\/2x-sailun-terramax-a-t-275-70r18-125-122r\/"},"modified":"2026-01-09T06:53:01","modified_gmt":"2026-01-09T05:53:01","slug":"2x-sailun-terramax-a-t-275-70r18-125-122r","status":"publish","type":"product","link":"https:\/\/oponixo.shop\/tire\/produkt\/2x-sailun-terramax-a-t-275-70r18-125-122r\/","title":{"rendered":"2x Sailun Terramax A\/T 275\/70R18 125\/122R"},"content":{"rendered":"<div style=\"font-family: Arial, sans-serif; line-height: 1.6; color: #333; padding: 20px; clear: both; display: block; width: 100%; float: none; position: static; overflow: hidden;\">\n<div style=\"clear: both; display: block; margin: 10px 0;\">\n<div style=\"clear: both; display: block; margin: 10px 0;\">\n<div style=\"clear: both; display: block; margin: 10px 0;\">\n<h1>Sailun Terramax A\/T <\/h1>\n<h1>275\/70 R18 125R do 170 km\/h<\/h1>\n<h2>Kod produktu: 6959655420869<\/h2>\n<h2>10 LAT GWARANCJI!<\/h2>\n<p style=\"margin: 15px 0; line-height: 1.8; clear: both; display: block; width: 100%; float: none; position: static;\">Opony letnie Sailun Terramax A\/T to doskona\u0142e po\u0142\u0105czenie bezpiecze\u0144stwa i komfortu podczas jazdy w letnich warunkach . Model Terramax A\/T posiada symetryczn\u0105 rze\u017ab\u0119 bie\u017cnika, kt\u00f3ra gwarantuje szybkie odprowadzanie wody spod opony, a co za tym idzie, ryzyko po\u015blizgu jest zminimalizowane a jazda jest precyzyjna i stabilna. Nowoczesna mieszanka gumowa czyni produkt odpornym na \u015bcieranie nawet w wysokich temperaturach<\/p>\n<h2>Zakupione na tej aukcji opony mo\u017cesz odebra\u0107 i wymieni\u0107 w jednym z naszych serwis\u00f3w: MOTOHURT MARKI &#8211; MOTOHURT WOLA &#8211; MOTOHURT MOKOT\u00d3W<\/h2>\n<\/div>\n<\/div>\n<div style=\"clear: both; display: block; margin: 10px 0;\">\n<div style=\"clear: both; display: block; margin: 10px 0;\">\n<div  style=\"max-width:750px;max-height:1024px\">\n<div style=\"clear: both; display: block; margin: 10px 0;\">\n<div style=\"clear: both; width: 100%; display: block; margin: 20px 0; padding: 0; float: none; position: static; text-align: center;\"><img decoding=\"async\"  src=\"https:\/\/a.allegroimg.com\/original\/11b145\/1cc72dc54deeb8ba1eafa707c188\/2x-Sailun-Terramax-A-T-275-70R18-125-122R\" srcset=\"https:\/\/a.allegroimg.com\/original\/11b145\/1cc72dc54deeb8ba1eafa707c188\/2x-Sailun-Terramax-A-T-275-70R18-125-122R 263w,https:\/\/a.allegroimg.com\/original\/11b145\/1cc72dc54deeb8ba1eafa707c188\/2x-Sailun-Terramax-A-T-275-70R18-125-122R 527w,https:\/\/a.allegroimg.com\/original\/11b145\/1cc72dc54deeb8ba1eafa707c188\/2x-Sailun-Terramax-A-T-275-70R18-125-122R 750w,https:\/\/a.allegroimg.com\/original\/11b145\/1cc72dc54deeb8ba1eafa707c188\/2x-Sailun-Terramax-A-T-275-70R18-125-122R 750w\" sizes=\"(min-width: 1200px) 560px, (min-width: 992px) 50vw, 100vw\" width=\"750px\" alt=\"2x Sailun Terramax A\/T 275\/70R18 125\/122R\" style=\"max-width: 100%; height: auto; display: block; margin: 0 auto;\"><\/div>\n<\/div>\n<\/div>\n<\/div>\n<\/div>\n<\/div>\n<div style=\"clear: both; display: block; margin: 10px 0;\">\n<div style=\"clear: both; display: block; margin: 10px 0;\">\n<div style=\"clear: both; display: block; margin: 10px 0;\">\n<div  style=\"max-width:212px;max-height:305px\">\n<div style=\"clear: both; display: block; margin: 10px 0;\">\n<div style=\"clear: both; width: 100%; display: block; margin: 20px 0; padding: 0; float: none; position: static; text-align: center;\"><img decoding=\"async\"  src=\"https:\/\/a.allegroimg.com\/original\/1101fb\/b9270ae84201a625c9ad415aa616\/2x-Sailun-Terramax-A-T-275-70R18-125-122R-Liczba-opon-w-ofercie-2-szt\" srcset=\"https:\/\/a.allegroimg.com\/original\/1101fb\/b9270ae84201a625c9ad415aa616\/2x-Sailun-Terramax-A-T-275-70R18-125-122R-Liczba-opon-w-ofercie-2-szt 212w,https:\/\/a.allegroimg.com\/original\/1101fb\/b9270ae84201a625c9ad415aa616\/2x-Sailun-Terramax-A-T-275-70R18-125-122R-Liczba-opon-w-ofercie-2-szt 212w\" sizes=\"(min-width: 1200px) 560px, (min-width: 992px) 50vw, 100vw\" width=\"212px\" alt=\"2x Sailun Terramax A\/T 275\/70R18 125\/122R Liczba opon w ofercie 2 szt.\" style=\"max-width: 100%; height: auto; display: block; margin: 0 auto;\"><\/div>\n<\/div>\n<\/div>\n<\/div>\n<\/div>\n<div style=\"clear: both; display: block; margin: 10px 0;\">\n<div style=\"clear: both; display: block; margin: 10px 0;\">\n<h2>Marka: Sailun<\/h2>\n<h2>Liczba opon w ofercie: 2<\/h2>\n<h2>Rok produkcji: <\/h2>\n<h2>Szeroko\u015b\u0107 opony: 275 mm<\/h2>\n<h2>Profil opony: 70<\/h2>\n<h2>\u015arednica: 18<\/h2>\n<h2>Indeks no\u015bno\u015bci: 125<\/h2>\n<h2>Indeks pr\u0119dko\u015bci: R do 170 km\/h<\/h2>\n<h2>Op\u00f3r toczenia: Klasa D<\/h2>\n<h2>Przyczepno\u015b\u0107 na mokrej nawierzchni: Klasa B<\/h2>\n<h2>Ha\u0142as zewn\u0119trzny: 73 dB<\/h2>\n<h2>Kod producenta: 3220005374<\/h2>\n<h2>Sezon: Letnie<\/h2>\n<\/div>\n<\/div>\n<\/div>\n<\/div>\n<\/div>\n<\/div>\n<div style=\"clear: both; display: block; margin: 10px 0;\">\n","protected":false},"excerpt":{"rendered":"<p>Sailun Terramax A\/T<\/p>\n<p>275\/70 R18 125R do 170 km\/h<\/p>\n<p>Kod produktu: 6959655420869<\/p>\n<p>10 LAT GWARANCJI!<\/p>\n<p>Opony letnie Sailun Terramax A\/T to doskona\u0142e po\u0142\u0105czenie bezpiecze\u0144stwa i komfortu podczas jazdy w letnich warunkach . Model Terramax A\/T posiada symetryczn\u0105 rze\u017ab\u0119 bie\u017cnika, kt\u00f3ra gwarantuje szybkie odprowadzanie wody spod opony, a co za tym idzie, ryzyko po\u015blizgu jest zminimalizowane a jazda jest precyzyjna i stabilna. Nowoczesna mieszanka gumowa czyni produkt odpornym na \u015bcieranie nawet w wysokich temperaturach<\/p>\n","protected":false},"featured_media":13582,"template":"","meta":{"_uag_custom_page_level_css":""},"product_brand":[398],"product_cat":[416,428,413,412],"product_tag":[],"class_list":{"0":"post-13581","1":"product","2":"type-product","3":"status-publish","4":"has-post-thumbnail","6":"product_brand-sailun","7":"product_cat-caloroczne","8":"product_cat-do-samochodow-terenowych-i-4x4","9":"product_cat-opony","10":"product_cat-opony-i-felgi","12":"first","13":"instock","14":"shipping-taxable","15":"purchasable","16":"product-type-simple"},"uagb_featured_image_src":{"full":["https:\/\/oponixo.shop\/tire\/wp-content\/uploads\/2026\/01\/allegro-image-13581.jpg",750,1024,false],"thumbnail":["https:\/\/oponixo.shop\/tire\/wp-content\/uploads\/2026\/01\/allegro-image-13581-150x150.jpg",150,150,true],"medium":["https:\/\/oponixo.shop\/tire\/wp-content\/uploads\/2026\/01\/allegro-image-13581-220x300.jpg",220,300,true],"medium_large":["https:\/\/oponixo.shop\/tire\/wp-content\/uploads\/2026\/01\/allegro-image-13581.jpg",750,1024,false],"large":["https:\/\/oponixo.shop\/tire\/wp-content\/uploads\/2026\/01\/allegro-image-13581.jpg",750,1024,false],"1536x1536":["https:\/\/oponixo.shop\/tire\/wp-content\/uploads\/2026\/01\/allegro-image-13581.jpg",750,1024,false],"2048x2048":["https:\/\/oponixo.shop\/tire\/wp-content\/uploads\/2026\/01\/allegro-image-13581.jpg",750,1024,false],"woocommerce_thumbnail":["https:\/\/oponixo.shop\/tire\/wp-content\/uploads\/2026\/01\/allegro-image-13581-300x300.jpg",300,300,true],"woocommerce_single":["https:\/\/oponixo.shop\/tire\/wp-content\/uploads\/2026\/01\/allegro-image-13581-600x819.jpg",600,819,true],"woocommerce_gallery_thumbnail":["https:\/\/oponixo.shop\/tire\/wp-content\/uploads\/2026\/01\/allegro-image-13581-100x100.jpg",100,100,true]},"uagb_author_info":{"display_name":"admin","author_link":"https:\/\/oponixo.shop\/tire\/author\/"},"uagb_comment_info":0,"uagb_excerpt":"Sailun Terramax A\/T 275\/70 R18 125R do 170 km\/h Kod produktu: 6959655420869 10 LAT GWARANCJI! Opony letnie Sailun Terramax A\/T to doskona\u0142e po\u0142\u0105czenie bezpiecze\u0144stwa i komfortu podczas jazdy w letnich warunkach . Model Terramax A\/T posiada symetryczn\u0105 rze\u017ab\u0119 bie\u017cnika, kt\u00f3ra gwarantuje szybkie odprowadzanie wody spod opony, a co za tym idzie, ryzyko po\u015blizgu jest zminimalizowane&hellip;","_links":{"self":[{"href":"https:\/\/oponixo.shop\/tire\/wp-json\/wp\/v2\/product\/13581","targetHints":{"allow":["GET"]}}],"collection":[{"href":"https:\/\/oponixo.shop\/tire\/wp-json\/wp\/v2\/product"}],"about":[{"href":"https:\/\/oponixo.shop\/tire\/wp-json\/wp\/v2\/types\/product"}],"wp:featuredmedia":[{"embeddable":true,"href":"https:\/\/oponixo.shop\/tire\/wp-json\/wp\/v2\/media\/13582"}],"wp:attachment":[{"href":"https:\/\/oponixo.shop\/tire\/wp-json\/wp\/v2\/media?parent=13581"}],"wp:term":[{"taxonomy":"product_brand","embeddable":true,"href":"https:\/\/oponixo.shop\/tire\/wp-json\/wp\/v2\/product_brand?post=13581"},{"taxonomy":"product_cat","embeddable":true,"href":"https:\/\/oponixo.shop\/tire\/wp-json\/wp\/v2\/product_cat?post=13581"},{"taxonomy":"product_tag","embeddable":true,"href":"https:\/\/oponixo.shop\/tire\/wp-json\/wp\/v2\/product_tag?post=13581"}],"curies":[{"name":"wp","href":"https:\/\/api.w.org\/{rel}","templated":true}]}}