{"id":13599,"date":"2026-01-09T06:53:06","date_gmt":"2026-01-09T05:53:06","guid":{"rendered":"https:\/\/gumatop.shop\/xef5\/produkt\/opona-caloroczna-195-55-r18-goodyear-vector-4seasons-gen-3-xl-re-93h-55r18\/"},"modified":"2026-01-09T06:53:07","modified_gmt":"2026-01-09T05:53:07","slug":"opona-caloroczna-195-55-r18-goodyear-vector-4seasons-gen-3-xl-re-93h-55r18","status":"publish","type":"product","link":"https:\/\/oponixo.shop\/tire\/produkt\/opona-caloroczna-195-55-r18-goodyear-vector-4seasons-gen-3-xl-re-93h-55r18\/","title":{"rendered":"Opona ca\u0142oroczna 195 55 R18 Goodyear Vector 4seasons gen-3 xl re 93H 55R18"},"content":{"rendered":"<div style=\"font-family: Arial, sans-serif; line-height: 1.6; color: #333; padding: 20px; clear: both; display: block; width: 100%; float: none; position: static; overflow: hidden;\">\n<div style=\"clear: both; display: block; margin: 10px 0;\">\n<div style=\"clear: both; display: block; margin: 10px 0;\">\n<div style=\"clear: both; display: block; margin: 10px 0;\">\n<div  style=\"max-width:1531px;max-height:2560px\">\n<div style=\"clear: both; display: block; margin: 10px 0;\">\n<div style=\"clear: both; width: 100%; display: block; margin: 20px 0; padding: 0; float: none; position: static; text-align: center;\"><img decoding=\"async\"  src=\"https:\/\/a.allegroimg.com\/original\/1109ce\/0f562b38406e8c924ddaada9b4ff\/Opona-caloroczna-195-55-R18-Goodyear-Vector-4seasons-gen-3-xl-re-93H-55R18\" srcset=\"https:\/\/a.allegroimg.com\/original\/1109ce\/0f562b38406e8c924ddaada9b4ff\/Opona-caloroczna-195-55-R18-Goodyear-Vector-4seasons-gen-3-xl-re-93H-55R18 215w,https:\/\/a.allegroimg.com\/original\/1109ce\/0f562b38406e8c924ddaada9b4ff\/Opona-caloroczna-195-55-R18-Goodyear-Vector-4seasons-gen-3-xl-re-93H-55R18 430w,https:\/\/a.allegroimg.com\/original\/1109ce\/0f562b38406e8c924ddaada9b4ff\/Opona-caloroczna-195-55-R18-Goodyear-Vector-4seasons-gen-3-xl-re-93H-55R18 612w,https:\/\/a.allegroimg.com\/original\/1109ce\/0f562b38406e8c924ddaada9b4ff\/Opona-caloroczna-195-55-R18-Goodyear-Vector-4seasons-gen-3-xl-re-93H-55R18 861w,https:\/\/a.allegroimg.com\/original\/1109ce\/0f562b38406e8c924ddaada9b4ff\/Opona-caloroczna-195-55-R18-Goodyear-Vector-4seasons-gen-3-xl-re-93H-55R18 1531w\" sizes=\"(min-width: 1200px) 560px, (min-width: 992px) 50vw, 100vw\" width=\"1531px\" alt=\"Opona ca\u0142oroczna 195 55 R18 Goodyear Vector 4seasons gen-3 xl re 93H 55R18\" style=\"max-width: 100%; height: auto; display: block; margin: 0 auto;\"><\/div>\n<\/div>\n<\/div>\n<\/div>\n<\/div>\n<div style=\"clear: both; display: block; margin: 10px 0;\">\n<div style=\"clear: both; display: block; margin: 10px 0;\">\n<h1>Opona ca\u0142oroczna 195 55 R18 Goodyear Vector 4seasons gen-3 xl re 93H 55R18<\/h1>\n<h2>Specyfikacja produktu:<\/h2>\n<ul style=\"margin: 15px 0; padding-left: 20px; clear: both; display: block; width: 100%; float: none; position: static;\">\n<li style=\"margin: 5px 0; padding: 2px 0; clear: both; display: list-item; float: none; position: static;\">Rozmiar: <b>195\/55R18<\/b><\/li>\n<li style=\"margin: 5px 0; padding: 2px 0; clear: both; display: list-item; float: none; position: static;\">Sezon: <b>CA\u0141OROCZNE<\/b><\/li>\n<li style=\"margin: 5px 0; padding: 2px 0; clear: both; display: list-item; float: none; position: static;\">Model: <b>VECTOR 4SEASONS GEN-3 XL RE<\/b><\/li>\n<li style=\"margin: 5px 0; padding: 2px 0; clear: both; display: list-item; float: none; position: static;\">Szeroko\u015b\u0107: <b>195<\/b><\/li>\n<li style=\"margin: 5px 0; padding: 2px 0; clear: both; display: list-item; float: none; position: static;\">Profil: <b>55<\/b><\/li>\n<li style=\"margin: 5px 0; padding: 2px 0; clear: both; display: list-item; float: none; position: static;\">Poziom ha\u0142asu dB: <b>72<\/b><\/li>\n<li style=\"margin: 5px 0; padding: 2px 0; clear: both; display: list-item; float: none; position: static;\">No\u015bno\u015b\u0107: <b>93<\/b><\/li>\n<li style=\"margin: 5px 0; padding: 2px 0; clear: both; display: list-item; float: none; position: static;\">Op\u00f3r toczenia: <b>A<\/b><\/li>\n<li style=\"margin: 5px 0; padding: 2px 0; clear: both; display: list-item; float: none; position: static;\">Przyczepno\u015b\u0107 na mokrym: <b>B<\/b><\/li>\n<li style=\"margin: 5px 0; padding: 2px 0; clear: both; display: list-item; float: none; position: static;\">Indeks pr\u0119dko\u015bci: <b>H<\/b><\/li>\n<li style=\"margin: 5px 0; padding: 2px 0; clear: both; display: list-item; float: none; position: static;\">Typ pojazdu: <b>OSOBOWE<\/b><\/li>\n<li style=\"margin: 5px 0; padding: 2px 0; clear: both; display: list-item; float: none; position: static;\">Dodatkowe: <b>Przyczepno\u015b\u0107 na \u015bniegu, Wzmocnienie XL<\/b><\/li>\n<li style=\"margin: 5px 0; padding: 2px 0; clear: both; display: list-item; float: none; position: static;\">Producent: <b>GOODYEAR<\/b><\/li>\n<\/ul>\n<h2>Sprzedajemy tylko nowe opony i zawsze pierwszego gatunku!<\/h2>\n<\/div>\n<\/div>\n<\/div>\n<div style=\"clear: both; display: block; margin: 10px 0;\">\n<div style=\"clear: both; display: block; margin: 10px 0;\">\n<div style=\"clear: both; display: block; margin: 10px 0;\">\n<h2>Dlaczego warto kupi\u0107 te opony:<\/h2>\n<ul style=\"margin: 15px 0; padding-left: 20px; clear: both; display: block; width: 100%; float: none; position: static;\">\n<li style=\"margin: 5px 0; padding: 2px 0; clear: both; display: list-item; float: none; position: static;\">Vector 4Seasons G3 XL RE to najwy\u017cszej jako\u015bci opona firmy Goodyear. Zosta\u0142 specjalnie opracowany, przetestowany i wyprodukowany dla samochod\u00f3w osobowych w ka\u017cdych warunkach pogodowych, zapewniaj\u0105c doskona\u0142e w\u0142a\u015bciwo\u015bci jezdne w ka\u017cdych warunkach. Goodyear wprowadzi\u0142 na rynek VECTOR 4SEASONS GEN-3 XL RE, opon\u0119 wykonan\u0105 z bie\u017cnika o kierunkowym kszta\u0142cie litery V, kt\u00f3ry sprzyja odprowadzaniu wody i b\u0142ota po\u015bniegowego. Zakrzywiony kszta\u0142t klock\u00f3w na barkach opony oraz dodatkowe fartuchy \u015bnie\u017cne w centralnej cz\u0119\u015bci zwi\u0119kszaj\u0105 obszar kraw\u0119dzi chwytnych, co przek\u0142ada si\u0119 na niezawodn\u0105 przyczepno\u015b\u0107 na \u015bniegu podczas podjazd\u00f3w pod g\u00f3r\u0119. VECTOR 4SEASONS ma nowy wzmocniony obszar ramion i zoptymalizowan\u0105 stref\u0119 \u015brodkow\u0105, zapewniaj\u0105c stabilno\u015b\u0107 i precyzj\u0119 kierowania na suchej nawierzchni. Zaprojektowana z my\u015bl\u0105 o kierowcach, kt\u00f3rzy potrzebuj\u0105 zar\u00f3wno osi\u0105g\u00f3w, jak i bezpiecze\u0144stwa, ta opona przekroczy wszelkie oczekiwania. Opona ta posiada podwy\u017cszony indeks no\u015bno\u015bci oraz homologacj\u0119 RENAULT.<\/li>\n<\/ul>\n<\/div>\n<\/div>\n<\/div>\n<div style=\"clear: both; display: block; margin: 10px 0;\">\n<div style=\"clear: both; display: block; margin: 10px 0;\">\n<div style=\"clear: both; display: block; margin: 10px 0;\">\n<p style=\"margin: 15px 0; line-height: 1.8; clear: both; display: block; width: 100%; float: none; position: static;\">Znaczenie marki Goodyear:<\/p>\n<p style=\"margin: 15px 0; line-height: 1.8; clear: both; display: block; width: 100%; float: none; position: static;\">-Opony tej marki powstaj\u0105 w oparciu o najnowsze technologie, a wachlarz produkt\u00f3w jakie oferuje ci\u0105gle jest ulepszany, dok\u0142adnie testowany i wprowadzany na rynek.<\/p>\n<p style=\"margin: 15px 0; line-height: 1.8; clear: both; display: block; width: 100%; float: none; position: static;\">-Osi\u0105gi oraz komfort jazdy na najwy\u017cszym poziomie, zapewnione s\u0105 przez ca\u0142y rok bez wzgl\u0119du na warunki pogodowe.<\/p>\n<p style=\"margin: 15px 0; line-height: 1.8; clear: both; display: block; width: 100%; float: none; position: static;\">-Kupuj\u0105c opony marki Goodyear mo\u017cemy by\u0107 pewni ze opony poddawane by\u0142y wielokrotnym testom, kt\u00f3re przeprowadzane s\u0105 przez najlepszych specjalist\u00f3w. Dzi\u0119ki temu bezpiecze\u0144stwo i pewne prowadzenie to g\u0142\u00f3wne zalety tych opon.<\/p>\n<\/div>\n<\/div>\n<div style=\"clear: both; display: block; margin: 10px 0;\">\n<div style=\"clear: both; display: block; margin: 10px 0;\">\n<div  style=\"max-width:1772px;max-height:591px\">\n<div style=\"clear: both; display: block; margin: 10px 0;\">\n<div style=\"clear: both; width: 100%; display: block; margin: 20px 0; padding: 0; float: none; position: static; text-align: center;\"><img decoding=\"async\"  src=\"https:\/\/a.allegroimg.com\/original\/1122ab\/8f6c65194dd680d709ec576a34e8\/Opona-caloroczna-195-55-R18-Goodyear-Vector-4seasons-gen-3-xl-re-93H-55R18-Liczba-opon-w-ofercie-1-szt\" srcset=\"https:\/\/a.allegroimg.com\/original\/1122ab\/8f6c65194dd680d709ec576a34e8\/Opona-caloroczna-195-55-R18-Goodyear-Vector-4seasons-gen-3-xl-re-93H-55R18-Liczba-opon-w-ofercie-1-szt 360w,https:\/\/a.allegroimg.com\/original\/1122ab\/8f6c65194dd680d709ec576a34e8\/Opona-caloroczna-195-55-R18-Goodyear-Vector-4seasons-gen-3-xl-re-93H-55R18-Liczba-opon-w-ofercie-1-szt 720w,https:\/\/a.allegroimg.com\/original\/1122ab\/8f6c65194dd680d709ec576a34e8\/Opona-caloroczna-195-55-R18-Goodyear-Vector-4seasons-gen-3-xl-re-93H-55R18-Liczba-opon-w-ofercie-1-szt 1023w,https:\/\/a.allegroimg.com\/original\/1122ab\/8f6c65194dd680d709ec576a34e8\/Opona-caloroczna-195-55-R18-Goodyear-Vector-4seasons-gen-3-xl-re-93H-55R18-Liczba-opon-w-ofercie-1-szt 1440w,https:\/\/a.allegroimg.com\/original\/1122ab\/8f6c65194dd680d709ec576a34e8\/Opona-caloroczna-195-55-R18-Goodyear-Vector-4seasons-gen-3-xl-re-93H-55R18-Liczba-opon-w-ofercie-1-szt 1772w\" sizes=\"(min-width: 1200px) 560px, (min-width: 992px) 50vw, 100vw\" width=\"1772px\" alt=\"Opona ca\u0142oroczna 195 55 R18 Goodyear Vector 4seasons gen-3 xl re 93H 55R18 Liczba opon w ofercie 1 szt.\" style=\"max-width: 100%; height: auto; display: block; margin: 0 auto;\"><\/div>\n<\/div>\n<\/div>\n<\/div>\n<\/div>\n<\/div>\n<\/div>\n<\/div>\n<\/div>\n<div style=\"clear: both; display: block; margin: 10px 0;\">\n","protected":false},"excerpt":{"rendered":"<p>Opona ca\u0142oroczna 195 55 R18 Goodyear Vector 4seasons gen-3 xl re 93H 55R18<\/p>\n<p>Specyfikacja produktu:<\/p>\n<p>Rozmiar: 195\/55R18<\/p>\n<p>Sezon: CA\u0141OROCZNE<\/p>\n<p>Model: VECTOR 4SEASONS GEN-3 XL RE<\/p>\n<p>Szeroko\u015b\u0107: 195<\/p>\n<p>Profil: 55<\/p>\n<p>Poziom ha\u0142asu dB: 72<\/p>\n","protected":false},"featured_media":13600,"template":"","meta":{"_uag_custom_page_level_css":""},"product_brand":[437],"product_cat":[416,414,413,412],"product_tag":[],"class_list":{"0":"post-13599","1":"product","2":"type-product","3":"status-publish","4":"has-post-thumbnail","6":"product_brand-goodyear","7":"product_cat-caloroczne","8":"product_cat-do-samochodow-osobowych-i-suv","9":"product_cat-opony","10":"product_cat-opony-i-felgi","12":"first","13":"instock","14":"shipping-taxable","15":"purchasable","16":"product-type-simple"},"uagb_featured_image_src":{"full":["https:\/\/oponixo.shop\/tire\/wp-content\/uploads\/2026\/01\/allegro-image-13599.jpg",1531,2560,false],"thumbnail":["https:\/\/oponixo.shop\/tire\/wp-content\/uploads\/2026\/01\/allegro-image-13599-150x150.jpg",150,150,true],"medium":["https:\/\/oponixo.shop\/tire\/wp-content\/uploads\/2026\/01\/allegro-image-13599-179x300.jpg",179,300,true],"medium_large":["https:\/\/oponixo.shop\/tire\/wp-content\/uploads\/2026\/01\/allegro-image-13599-768x1284.jpg",768,1284,true],"large":["https:\/\/oponixo.shop\/tire\/wp-content\/uploads\/2026\/01\/allegro-image-13599-612x1024.jpg",612,1024,true],"1536x1536":["https:\/\/oponixo.shop\/tire\/wp-content\/uploads\/2026\/01\/allegro-image-13599-919x1536.jpg",919,1536,true],"2048x2048":["https:\/\/oponixo.shop\/tire\/wp-content\/uploads\/2026\/01\/allegro-image-13599-1225x2048.jpg",1225,2048,true],"woocommerce_thumbnail":["https:\/\/oponixo.shop\/tire\/wp-content\/uploads\/2026\/01\/allegro-image-13599-300x300.jpg",300,300,true],"woocommerce_single":["https:\/\/oponixo.shop\/tire\/wp-content\/uploads\/2026\/01\/allegro-image-13599-600x1003.jpg",600,1003,true],"woocommerce_gallery_thumbnail":["https:\/\/oponixo.shop\/tire\/wp-content\/uploads\/2026\/01\/allegro-image-13599-100x100.jpg",100,100,true]},"uagb_author_info":{"display_name":"admin","author_link":"https:\/\/oponixo.shop\/tire\/author\/"},"uagb_comment_info":0,"uagb_excerpt":"Opona ca\u0142oroczna 195 55 R18 Goodyear Vector 4seasons gen-3 xl re 93H 55R18 Specyfikacja produktu: Rozmiar: 195\/55R18 Sezon: CA\u0141OROCZNE Model: VECTOR 4SEASONS GEN-3 XL RE Szeroko\u015b\u0107: 195 Profil: 55 Poziom ha\u0142asu dB: 72","_links":{"self":[{"href":"https:\/\/oponixo.shop\/tire\/wp-json\/wp\/v2\/product\/13599","targetHints":{"allow":["GET"]}}],"collection":[{"href":"https:\/\/oponixo.shop\/tire\/wp-json\/wp\/v2\/product"}],"about":[{"href":"https:\/\/oponixo.shop\/tire\/wp-json\/wp\/v2\/types\/product"}],"wp:featuredmedia":[{"embeddable":true,"href":"https:\/\/oponixo.shop\/tire\/wp-json\/wp\/v2\/media\/13600"}],"wp:attachment":[{"href":"https:\/\/oponixo.shop\/tire\/wp-json\/wp\/v2\/media?parent=13599"}],"wp:term":[{"taxonomy":"product_brand","embeddable":true,"href":"https:\/\/oponixo.shop\/tire\/wp-json\/wp\/v2\/product_brand?post=13599"},{"taxonomy":"product_cat","embeddable":true,"href":"https:\/\/oponixo.shop\/tire\/wp-json\/wp\/v2\/product_cat?post=13599"},{"taxonomy":"product_tag","embeddable":true,"href":"https:\/\/oponixo.shop\/tire\/wp-json\/wp\/v2\/product_tag?post=13599"}],"curies":[{"name":"wp","href":"https:\/\/api.w.org\/{rel}","templated":true}]}}