{"id":13655,"date":"2026-01-09T07:58:15","date_gmt":"2026-01-09T06:58:15","guid":{"rendered":"https:\/\/gumatop.shop\/xef5\/produkt\/2-opony-zimowe-215-50r17-95v-nexen-winguard-sport-2\/"},"modified":"2026-01-09T07:58:15","modified_gmt":"2026-01-09T06:58:15","slug":"2-opony-zimowe-215-50r17-95v-nexen-winguard-sport-2","status":"publish","type":"product","link":"https:\/\/oponixo.shop\/tire\/produkt\/2-opony-zimowe-215-50r17-95v-nexen-winguard-sport-2\/","title":{"rendered":"2 opony zimowe 215\/50R17 95V NEXEN WINGUARD Sport 2"},"content":{"rendered":"<div style=\"font-family: Arial, sans-serif; line-height: 1.6; color: #333; padding: 20px; clear: both; display: block; width: 100%; float: none; position: static; overflow: hidden;\">\n<div style=\"clear: both; display: block; margin: 10px 0;\">\n<div style=\"clear: both; display: block; margin: 10px 0;\">\n<div style=\"clear: both; display: block; margin: 10px 0;\">\n<ul style=\"margin: 15px 0; padding-left: 20px; clear: both; display: block; width: 100%; float: none; position: static;\">\n<li style=\"margin: 5px 0; padding: 2px 0; clear: both; display: list-item; float: none; position: static;\">MARKA\/MODEL: <b>NEXEN WINGUARD Sport 2<\/b><\/li>\n<li style=\"margin: 5px 0; padding: 2px 0; clear: both; display: list-item; float: none; position: static;\">ROZMIAR OPON: <b> 215\/50R17<\/b><\/li>\n<li style=\"margin: 5px 0; padding: 2px 0; clear: both; display: list-item; float: none; position: static;\">INDEKS PR\u0118DKO\u015aCI: <b>V<\/b><\/li>\n<li style=\"margin: 5px 0; padding: 2px 0; clear: both; display: list-item; float: none; position: static;\">INDEKS NO\u015aNO\u015aCI: <b>95 XL<\/b><\/li>\n<li style=\"margin: 5px 0; padding: 2px 0; clear: both; display: list-item; float: none; position: static;\">DATA PRODUKCJI: <b>nie starsze ni\u017c pa\u017adziernik 2023<\/b><\/li>\n<li style=\"margin: 5px 0; padding: 2px 0; clear: both; display: list-item; float: none; position: static;\">SEZON: <b>Zimowe<\/b><\/li>\n<li style=\"margin: 5px 0; padding: 2px 0; clear: both; display: list-item; float: none; position: static;\">STAN: <b>Nowy<\/b><\/li>\n<li style=\"margin: 5px 0; padding: 2px 0; clear: both; display: list-item; float: none; position: static;\">RANT OCHRONNY NA FELG\u0118: <b>Brak<\/b><\/li>\n<li style=\"margin: 5px 0; padding: 2px 0; clear: both; display: list-item; float: none; position: static;\">DODATKOWE OZNACZENIA: <\/li>\n<\/ul>\n<\/div>\n<\/div>\n<div style=\"clear: both; display: block; margin: 10px 0;\">\n<div style=\"clear: both; display: block; margin: 10px 0;\">\n<div  style=\"max-width:500px;max-height:687px\">\n<div style=\"clear: both; display: block; margin: 10px 0;\">\n<div style=\"clear: both; width: 100%; display: block; margin: 20px 0; padding: 0; float: none; position: static; text-align: center;\"><img decoding=\"async\"  src=\"https:\/\/a.allegroimg.com\/original\/11b8d6\/998a7944410c9594b57104eb931d\/2-opony-zimowe-215-50R17-95V-NEXEN-WINGUARD-Sport-2\" srcset=\"https:\/\/a.allegroimg.com\/original\/11b8d6\/998a7944410c9594b57104eb931d\/2-opony-zimowe-215-50R17-95V-NEXEN-WINGUARD-Sport-2 262w,https:\/\/a.allegroimg.com\/original\/11b8d6\/998a7944410c9594b57104eb931d\/2-opony-zimowe-215-50R17-95V-NEXEN-WINGUARD-Sport-2 500w,https:\/\/a.allegroimg.com\/original\/11b8d6\/998a7944410c9594b57104eb931d\/2-opony-zimowe-215-50R17-95V-NEXEN-WINGUARD-Sport-2 500w\" sizes=\"(min-width: 1200px) 560px, (min-width: 992px) 50vw, 100vw\" width=\"500px\" alt=\"2 opony zimowe 215\/50R17 95V NEXEN WINGUARD Sport 2\" style=\"max-width: 100%; height: auto; display: block; margin: 0 auto;\"><\/div>\n<\/div>\n<\/div>\n<\/div>\n<\/div>\n<\/div>\n<div style=\"clear: both; display: block; margin: 10px 0;\">\n<div style=\"clear: both; display: block; margin: 10px 0;\">\n<div style=\"clear: both; display: block; margin: 10px 0;\">\n<div  style=\"max-width:886px;max-height:1299px\">\n<div style=\"clear: both; display: block; margin: 10px 0;\">\n<div style=\"clear: both; width: 100%; display: block; margin: 20px 0; padding: 0; float: none; position: static; text-align: center;\"><img decoding=\"async\"  src=\"https:\/\/a.allegroimg.com\/original\/1115bd\/4d3f169f4db79508794174c419ee\/2-opony-zimowe-215-50R17-95V-NEXEN-WINGUARD-Sport-2-Liczba-opon-w-ofercie-2-szt\" srcset=\"https:\/\/a.allegroimg.com\/original\/1115bd\/4d3f169f4db79508794174c419ee\/2-opony-zimowe-215-50R17-95V-NEXEN-WINGUARD-Sport-2-Liczba-opon-w-ofercie-2-szt 245w,https:\/\/a.allegroimg.com\/original\/1115bd\/4d3f169f4db79508794174c419ee\/2-opony-zimowe-215-50R17-95V-NEXEN-WINGUARD-Sport-2-Liczba-opon-w-ofercie-2-szt 491w,https:\/\/a.allegroimg.com\/original\/1115bd\/4d3f169f4db79508794174c419ee\/2-opony-zimowe-215-50R17-95V-NEXEN-WINGUARD-Sport-2-Liczba-opon-w-ofercie-2-szt 698w,https:\/\/a.allegroimg.com\/original\/1115bd\/4d3f169f4db79508794174c419ee\/2-opony-zimowe-215-50R17-95V-NEXEN-WINGUARD-Sport-2-Liczba-opon-w-ofercie-2-szt 886w,https:\/\/a.allegroimg.com\/original\/1115bd\/4d3f169f4db79508794174c419ee\/2-opony-zimowe-215-50R17-95V-NEXEN-WINGUARD-Sport-2-Liczba-opon-w-ofercie-2-szt 886w\" sizes=\"100vw\" width=\"886px\" alt=\"2 opony zimowe 215\/50R17 95V NEXEN WINGUARD Sport 2 Liczba opon w ofercie 2 szt.\" style=\"max-width: 100%; height: auto; display: block; margin: 0 auto;\"><\/div>\n<\/div>\n<\/div>\n<\/div>\n<\/div>\n<\/div>\n<div style=\"clear: both; display: block; margin: 10px 0;\">\n<div style=\"clear: both; display: block; margin: 10px 0;\">\n<div style=\"clear: both; display: block; margin: 10px 0;\">\n<div  style=\"max-width:1600px;max-height:900px\">\n<div style=\"clear: both; display: block; margin: 10px 0;\">\n<div style=\"clear: both; width: 100%; display: block; margin: 20px 0; padding: 0; float: none; position: static; text-align: center;\"><img decoding=\"async\"  src=\"https:\/\/a.allegroimg.com\/original\/11e533\/b56b653f44d0a17ec1a4c04bfbec\/2-opony-zimowe-215-50R17-95V-NEXEN-WINGUARD-Sport-2-Rok-produkcji-2023\" srcset=\"https:\/\/a.allegroimg.com\/original\/11e533\/b56b653f44d0a17ec1a4c04bfbec\/2-opony-zimowe-215-50R17-95V-NEXEN-WINGUARD-Sport-2-Rok-produkcji-2023 360w,https:\/\/a.allegroimg.com\/original\/11e533\/b56b653f44d0a17ec1a4c04bfbec\/2-opony-zimowe-215-50R17-95V-NEXEN-WINGUARD-Sport-2-Rok-produkcji-2023 720w,https:\/\/a.allegroimg.com\/original\/11e533\/b56b653f44d0a17ec1a4c04bfbec\/2-opony-zimowe-215-50R17-95V-NEXEN-WINGUARD-Sport-2-Rok-produkcji-2023 1024w,https:\/\/a.allegroimg.com\/original\/11e533\/b56b653f44d0a17ec1a4c04bfbec\/2-opony-zimowe-215-50R17-95V-NEXEN-WINGUARD-Sport-2-Rok-produkcji-2023 1440w,https:\/\/a.allegroimg.com\/original\/11e533\/b56b653f44d0a17ec1a4c04bfbec\/2-opony-zimowe-215-50R17-95V-NEXEN-WINGUARD-Sport-2-Rok-produkcji-2023 1600w\" sizes=\"(min-width: 1200px) 560px, (min-width: 992px) 50vw, 100vw\" width=\"1600px\" alt=\"2 opony zimowe 215\/50R17 95V NEXEN WINGUARD Sport 2 Rok produkcji 2023\" style=\"max-width: 100%; height: auto; display: block; margin: 0 auto;\"><\/div>\n<\/div>\n<\/div>\n<\/div>\n<\/div>\n<div style=\"clear: both; display: block; margin: 10px 0;\">\n<div style=\"clear: both; display: block; margin: 10px 0;\">\n<p style=\"margin: 15px 0; line-height: 1.8; clear: both; display: block; width: 100%; float: none; position: static;\"><b>Nexen<\/b> \u2013 po\u0142udniowo-korea\u0144ska marka opon, kt\u00f3ra powsta\u0142a w 1942 roku. Pocz\u0105tkowo firma produkowa\u0142a opony do pojazd\u00f3w wojskowych, dzi\u015b w jej ofercie mo\u017cemy znale\u017a\u0107 ogumienie do aut osobowych, 4&#215;4, dostawczych i ci\u0119\u017carowych. Nexen spe\u0142nia mi\u0119dzynarodowe standardy technologiczne, a produkowane opony posiadaj\u0105 liczne certyfikaty jako\u015bci. Jej produkty zosta\u0142y docenione w m.in. w badaniach presti\u017cowego niemieckiego Autimobilclub ADAC. Produkty marki s\u0105 dost\u0119pne w 120 krajach \u015bwiata. Koncern ca\u0142y czas stawia na rozw\u00f3j, otwieraj\u0105c nowe zak\u0142ady produkcyjne na ca\u0142ym \u015bwiecie. <\/p>\n<\/div>\n<\/div>\n<\/div>\n<div style=\"clear: both; display: block; margin: 10px 0;\">\n<div style=\"clear: both; display: block; margin: 10px 0;\">\n<div style=\"clear: both; display: block; margin: 10px 0;\">\n<div  style=\"max-width:800px;max-height:1200px\">\n<div style=\"clear: both; display: block; margin: 10px 0;\">\n<div style=\"clear: both; width: 100%; display: block; margin: 20px 0; padding: 0; float: none; position: static; text-align: center;\"><img decoding=\"async\"  src=\"https:\/\/a.allegroimg.com\/original\/118c30\/c070b1e541a89b20cb458ca08c58\/2-opony-zimowe-215-50R17-95V-NEXEN-WINGUARD-Sport-2-Profil-opony-50\" srcset=\"https:\/\/a.allegroimg.com\/original\/118c30\/c070b1e541a89b20cb458ca08c58\/2-opony-zimowe-215-50R17-95V-NEXEN-WINGUARD-Sport-2-Profil-opony-50 240w,https:\/\/a.allegroimg.com\/original\/118c30\/c070b1e541a89b20cb458ca08c58\/2-opony-zimowe-215-50R17-95V-NEXEN-WINGUARD-Sport-2-Profil-opony-50 480w,https:\/\/a.allegroimg.com\/original\/118c30\/c070b1e541a89b20cb458ca08c58\/2-opony-zimowe-215-50R17-95V-NEXEN-WINGUARD-Sport-2-Profil-opony-50 682w,https:\/\/a.allegroimg.com\/original\/118c30\/c070b1e541a89b20cb458ca08c58\/2-opony-zimowe-215-50R17-95V-NEXEN-WINGUARD-Sport-2-Profil-opony-50 800w,https:\/\/a.allegroimg.com\/original\/118c30\/c070b1e541a89b20cb458ca08c58\/2-opony-zimowe-215-50R17-95V-NEXEN-WINGUARD-Sport-2-Profil-opony-50 800w\" sizes=\"100vw\" width=\"800px\" alt=\"2 opony zimowe 215\/50R17 95V NEXEN WINGUARD Sport 2 Profil opony 50\" style=\"max-width: 100%; height: auto; display: block; margin: 0 auto;\"><\/div>\n<\/div>\n<\/div>\n<\/div>\n<\/div>\n<\/div>\n<div style=\"clear: both; display: block; margin: 10px 0;\">\n<div style=\"clear: both; display: block; margin: 10px 0;\">\n<div style=\"clear: both; display: block; margin: 10px 0;\">\n<h2>Na naszych innych aukcjach Allegro znajdziesz felgi stalowe i aluminiowe, czujniki (TPMS) oraz \u015bruby i nakr\u0119tki.<\/h2>\n<\/div>\n<\/div>\n<\/div>\n<\/div>\n<\/div>\n<\/div>\n<div style=\"clear: both; display: block; margin: 10px 0;\">\n","protected":false},"excerpt":{"rendered":"<p>MARKA\/MODEL: NEXEN WINGUARD Sport 2<\/p>\n<p>ROZMIAR OPON: 215\/50R17<\/p>\n<p>INDEKS PR\u0118DKO\u015aCI: V<\/p>\n<p>INDEKS NO\u015aNO\u015aCI: 95 XL<\/p>\n<p>DATA PRODUKCJI: nie starsze ni\u017c pa\u017adziernik 2023<\/p>\n<p>SEZON: Zimowe<\/p>\n<p>STAN: Nowy<\/p>\n<p>RANT OCHRONNY NA FELG\u0118: Brak<\/p>\n","protected":false},"featured_media":13656,"template":"","meta":{"_uag_custom_page_level_css":""},"product_brand":[392],"product_cat":[414,413,412,415],"product_tag":[],"class_list":{"0":"post-13655","1":"product","2":"type-product","3":"status-publish","4":"has-post-thumbnail","6":"product_brand-nexen","7":"product_cat-do-samochodow-osobowych-i-suv","8":"product_cat-opony","9":"product_cat-opony-i-felgi","10":"product_cat-zimowe","12":"first","13":"instock","14":"shipping-taxable","15":"purchasable","16":"product-type-simple"},"uagb_featured_image_src":{"full":["https:\/\/oponixo.shop\/tire\/wp-content\/uploads\/2026\/01\/allegro-image-13655.jpg",500,687,false],"thumbnail":["https:\/\/oponixo.shop\/tire\/wp-content\/uploads\/2026\/01\/allegro-image-13655-150x150.jpg",150,150,true],"medium":["https:\/\/oponixo.shop\/tire\/wp-content\/uploads\/2026\/01\/allegro-image-13655-218x300.jpg",218,300,true],"medium_large":["https:\/\/oponixo.shop\/tire\/wp-content\/uploads\/2026\/01\/allegro-image-13655.jpg",500,687,false],"large":["https:\/\/oponixo.shop\/tire\/wp-content\/uploads\/2026\/01\/allegro-image-13655.jpg",500,687,false],"1536x1536":["https:\/\/oponixo.shop\/tire\/wp-content\/uploads\/2026\/01\/allegro-image-13655.jpg",500,687,false],"2048x2048":["https:\/\/oponixo.shop\/tire\/wp-content\/uploads\/2026\/01\/allegro-image-13655.jpg",500,687,false],"woocommerce_thumbnail":["https:\/\/oponixo.shop\/tire\/wp-content\/uploads\/2026\/01\/allegro-image-13655-300x300.jpg",300,300,true],"woocommerce_single":["https:\/\/oponixo.shop\/tire\/wp-content\/uploads\/2026\/01\/allegro-image-13655.jpg",500,687,false],"woocommerce_gallery_thumbnail":["https:\/\/oponixo.shop\/tire\/wp-content\/uploads\/2026\/01\/allegro-image-13655-100x100.jpg",100,100,true]},"uagb_author_info":{"display_name":"admin","author_link":"https:\/\/oponixo.shop\/tire\/author\/"},"uagb_comment_info":0,"uagb_excerpt":"MARKA\/MODEL: NEXEN WINGUARD Sport 2 ROZMIAR OPON: 215\/50R17 INDEKS PR\u0118DKO\u015aCI: V INDEKS NO\u015aNO\u015aCI: 95 XL DATA PRODUKCJI: nie starsze ni\u017c pa\u017adziernik 2023 SEZON: Zimowe STAN: Nowy RANT OCHRONNY NA FELG\u0118: Brak","_links":{"self":[{"href":"https:\/\/oponixo.shop\/tire\/wp-json\/wp\/v2\/product\/13655","targetHints":{"allow":["GET"]}}],"collection":[{"href":"https:\/\/oponixo.shop\/tire\/wp-json\/wp\/v2\/product"}],"about":[{"href":"https:\/\/oponixo.shop\/tire\/wp-json\/wp\/v2\/types\/product"}],"wp:featuredmedia":[{"embeddable":true,"href":"https:\/\/oponixo.shop\/tire\/wp-json\/wp\/v2\/media\/13656"}],"wp:attachment":[{"href":"https:\/\/oponixo.shop\/tire\/wp-json\/wp\/v2\/media?parent=13655"}],"wp:term":[{"taxonomy":"product_brand","embeddable":true,"href":"https:\/\/oponixo.shop\/tire\/wp-json\/wp\/v2\/product_brand?post=13655"},{"taxonomy":"product_cat","embeddable":true,"href":"https:\/\/oponixo.shop\/tire\/wp-json\/wp\/v2\/product_cat?post=13655"},{"taxonomy":"product_tag","embeddable":true,"href":"https:\/\/oponixo.shop\/tire\/wp-json\/wp\/v2\/product_tag?post=13655"}],"curies":[{"name":"wp","href":"https:\/\/api.w.org\/{rel}","templated":true}]}}