{"id":13669,"date":"2026-01-09T07:58:19","date_gmt":"2026-01-09T06:58:19","guid":{"rendered":"https:\/\/gumatop.shop\/xef5\/produkt\/2x-215-50r17-continental-allseasoncontact-95v-xl\/"},"modified":"2026-01-09T07:58:19","modified_gmt":"2026-01-09T06:58:19","slug":"2x-215-50r17-continental-allseasoncontact-95v-xl","status":"publish","type":"product","link":"https:\/\/oponixo.shop\/tire\/produkt\/2x-215-50r17-continental-allseasoncontact-95v-xl\/","title":{"rendered":"2x 215\/50R17 CONTINENTAL ALLSEASONCONTACT 95V XL"},"content":{"rendered":"<div style=\"font-family: Arial, sans-serif; line-height: 1.6; color: #333; padding: 20px; clear: both; display: block; width: 100%; float: none; position: static; overflow: hidden;\">\n<div style=\"clear: both; display: block; margin: 10px 0;\">\n<div style=\"clear: both; display: block; margin: 10px 0;\">\n<div style=\"clear: both; display: block; margin: 10px 0;\">\n<h2>Opona ca\u0142oroczna Continental AllSeasonContact 215\/50R17 95 V przyczepno\u015b\u0107 na \u015bniegu (3PMSF), rant ochronny, wzmocnienie (XL)<\/h2>\n<p style=\"margin: 15px 0; line-height: 1.8; clear: both; display: block; width: 100%; float: none; position: static;\">Cechy produktu:<\/p>\n<ul style=\"margin: 15px 0; padding-left: 20px; clear: both; display: block; width: 100%; float: none; position: static;\">\n<li style=\"margin: 5px 0; padding: 2px 0; clear: both; display: list-item; float: none; position: static;\">sezon: ca\u0142oroczne<\/li>\n<li style=\"margin: 5px 0; padding: 2px 0; clear: both; display: list-item; float: none; position: static;\">szeroko\u015b\u0107\/profil\/\u015brednica: 215\/50R17<\/li>\n<li style=\"margin: 5px 0; padding: 2px 0; clear: both; display: list-item; float: none; position: static;\">indeks pr\u0119dko\u015bci: V do 240 km\/h<\/li>\n<li style=\"margin: 5px 0; padding: 2px 0; clear: both; display: list-item; float: none; position: static;\">indeks no\u015bno\u015bci: 95 &#8211; 690 kg<\/li>\n<li style=\"margin: 5px 0; padding: 2px 0; clear: both; display: list-item; float: none; position: static;\">rant ochronny<\/li>\n<li style=\"margin: 5px 0; padding: 2px 0; clear: both; display: list-item; float: none; position: static;\">wzmocnienie (XL)<\/li>\n<\/ul>\n<\/div>\n<\/div>\n<div style=\"clear: both; display: block; margin: 10px 0;\">\n<div style=\"clear: both; display: block; margin: 10px 0;\">\n<div  style=\"max-width:700px;max-height:669px\">\n<div style=\"clear: both; display: block; margin: 10px 0;\">\n<div style=\"clear: both; width: 100%; display: block; margin: 20px 0; padding: 0; float: none; position: static; text-align: center;\"><img decoding=\"async\"  src=\"https:\/\/0.allegroimg.com\/original\/0089b8\/7b5239ab443f8e95ce95ff51ac30\/2x-215-50R17-CONTINENTAL-ALLSEASONCONTACT-95V-XL\" srcset=\"https:\/\/0.allegroimg.com\/original\/0089b8\/7b5239ab443f8e95ce95ff51ac30\/2x-215-50R17-CONTINENTAL-ALLSEASONCONTACT-95V-XL 359w,https:\/\/0.allegroimg.com\/original\/0089b8\/7b5239ab443f8e95ce95ff51ac30\/2x-215-50R17-CONTINENTAL-ALLSEASONCONTACT-95V-XL 700w,https:\/\/0.allegroimg.com\/original\/0089b8\/7b5239ab443f8e95ce95ff51ac30\/2x-215-50R17-CONTINENTAL-ALLSEASONCONTACT-95V-XL 700w\" sizes=\"(min-width: 1200px) 560px, (min-width: 992px) 50vw, 100vw\" width=\"700px\" alt=\"2x 215\/50R17 CONTINENTAL ALLSEASONCONTACT 95V XL\" style=\"max-width: 100%; height: auto; display: block; margin: 0 auto;\"><\/div>\n<\/div>\n<\/div>\n<\/div>\n<\/div>\n<\/div>\n<div style=\"clear: both; display: block; margin: 10px 0;\">\n<div style=\"clear: both; display: block; margin: 10px 0;\">\n<div style=\"clear: both; display: block; margin: 10px 0;\">\n<h3 style=\"color: #2c5aa0; font-size: 18px; margin: 30px 0 15px 0; font-weight: bold; clear: both; display: block; width: 100%; float: none; position: static;\">Informacje dodatkowe:<\/h3>\n<ul style=\"margin: 15px 0; padding-left: 20px; clear: both; display: block; width: 100%; float: none; position: static;\">\n<li style=\"margin: 5px 0; padding: 2px 0; clear: both; display: list-item; float: none; position: static;\">rok produkcji: 2024 <\/li>\n<li style=\"margin: 5px 0; padding: 2px 0; clear: both; display: list-item; float: none; position: static;\">stan: fabrycznie nowe <\/li>\n<\/ul>\n<\/div>\n<\/div>\n<\/div>\n<div style=\"clear: both; display: block; margin: 10px 0;\">\n<div style=\"clear: both; display: block; margin: 10px 0;\">\n<div style=\"clear: both; display: block; margin: 10px 0;\">\n<p style=\"margin: 15px 0; line-height: 1.8; clear: both; display: block; width: 100%; float: none; position: static;\">Przeznaczona jest do samochod\u00f3w osobowych. Najlepiej sprawdzi si\u0119 w autach u\u017cywanych g\u0142\u00f3wnie w mie\u015bcie i na kr\u00f3tkich trasach.<\/p>\n<p style=\"margin: 15px 0; line-height: 1.8; clear: both; display: block; width: 100%; float: none; position: static;\">Kierunkowy bie\u017cnik w kszta\u0142cie litery V \u015bwietnie radzi sobie z odprowadzaniem wody, b\u0142ota po\u015bniegowego czy \u015bniegu spod czo\u0142a opony. Dzi\u0119ki zastosowaniu usztywnienia bie\u017cnika opona ma bardzo dobre w\u0142a\u015bciwo\u015bci w czasie hamowania a odpowiednio szerokie i otwarte naci\u0119cia przy kraw\u0119dzi chroni\u0105 przed aquaplaningiem \u2013 po\u015blizgu wywo\u0142anego przez tworzenie si\u0119 warstwy wody pomi\u0119dzy opon\u0105 a pod\u0142o\u017cem.<\/p>\n<p style=\"margin: 15px 0; line-height: 1.8; clear: both; display: block; width: 100%; float: none; position: static;\">Jednocze\u015bnie niski op\u00f3r toczenia zapewnia mniejsze zu\u017cycie paliwa.<\/p>\n<\/div>\n<\/div>\n<\/div>\n<\/div>\n<\/div>\n<\/div>\n<div style=\"clear: both; display: block; margin: 10px 0;\">\n","protected":false},"excerpt":{"rendered":"<p>Opona ca\u0142oroczna Continental AllSeasonContact 215\/50R17 95 V przyczepno\u015b\u0107 na \u015bniegu (3PMSF), rant ochronny, wzmocnienie (XL)<\/p>\n<p>Cechy produktu:<\/p>\n<p>sezon: ca\u0142oroczne<\/p>\n<p>szeroko\u015b\u0107\/profil\/\u015brednica: 215\/50R17<\/p>\n<p>indeks pr\u0119dko\u015bci: V do 240 km\/h<\/p>\n<p>indeks no\u015bno\u015bci: 95 &#8211; 690 kg<\/p>\n<p>rant ochronny<\/p>\n<p>wzmocnienie (XL)<\/p>\n","protected":false},"featured_media":13670,"template":"","meta":{"_uag_custom_page_level_css":""},"product_brand":[396],"product_cat":[416,414,413,412],"product_tag":[],"class_list":{"0":"post-13669","1":"product","2":"type-product","3":"status-publish","4":"has-post-thumbnail","6":"product_brand-continental","7":"product_cat-caloroczne","8":"product_cat-do-samochodow-osobowych-i-suv","9":"product_cat-opony","10":"product_cat-opony-i-felgi","12":"first","13":"instock","14":"shipping-taxable","15":"purchasable","16":"product-type-simple"},"uagb_featured_image_src":{"full":["https:\/\/oponixo.shop\/tire\/wp-content\/uploads\/2026\/01\/allegro-image-13669.jpg",700,669,false],"thumbnail":["https:\/\/oponixo.shop\/tire\/wp-content\/uploads\/2026\/01\/allegro-image-13669-150x150.jpg",150,150,true],"medium":["https:\/\/oponixo.shop\/tire\/wp-content\/uploads\/2026\/01\/allegro-image-13669-300x287.jpg",300,287,true],"medium_large":["https:\/\/oponixo.shop\/tire\/wp-content\/uploads\/2026\/01\/allegro-image-13669.jpg",700,669,false],"large":["https:\/\/oponixo.shop\/tire\/wp-content\/uploads\/2026\/01\/allegro-image-13669.jpg",700,669,false],"1536x1536":["https:\/\/oponixo.shop\/tire\/wp-content\/uploads\/2026\/01\/allegro-image-13669.jpg",700,669,false],"2048x2048":["https:\/\/oponixo.shop\/tire\/wp-content\/uploads\/2026\/01\/allegro-image-13669.jpg",700,669,false],"woocommerce_thumbnail":["https:\/\/oponixo.shop\/tire\/wp-content\/uploads\/2026\/01\/allegro-image-13669-300x300.jpg",300,300,true],"woocommerce_single":["https:\/\/oponixo.shop\/tire\/wp-content\/uploads\/2026\/01\/allegro-image-13669-600x573.jpg",600,573,true],"woocommerce_gallery_thumbnail":["https:\/\/oponixo.shop\/tire\/wp-content\/uploads\/2026\/01\/allegro-image-13669-100x100.jpg",100,100,true]},"uagb_author_info":{"display_name":"admin","author_link":"https:\/\/oponixo.shop\/tire\/author\/"},"uagb_comment_info":0,"uagb_excerpt":"Opona ca\u0142oroczna Continental AllSeasonContact 215\/50R17 95 V przyczepno\u015b\u0107 na \u015bniegu (3PMSF), rant ochronny, wzmocnienie (XL) Cechy produktu: sezon: ca\u0142oroczne szeroko\u015b\u0107\/profil\/\u015brednica: 215\/50R17 indeks pr\u0119dko\u015bci: V do 240 km\/h indeks no\u015bno\u015bci: 95 - 690 kg rant ochronny wzmocnienie (XL)","_links":{"self":[{"href":"https:\/\/oponixo.shop\/tire\/wp-json\/wp\/v2\/product\/13669","targetHints":{"allow":["GET"]}}],"collection":[{"href":"https:\/\/oponixo.shop\/tire\/wp-json\/wp\/v2\/product"}],"about":[{"href":"https:\/\/oponixo.shop\/tire\/wp-json\/wp\/v2\/types\/product"}],"wp:featuredmedia":[{"embeddable":true,"href":"https:\/\/oponixo.shop\/tire\/wp-json\/wp\/v2\/media\/13670"}],"wp:attachment":[{"href":"https:\/\/oponixo.shop\/tire\/wp-json\/wp\/v2\/media?parent=13669"}],"wp:term":[{"taxonomy":"product_brand","embeddable":true,"href":"https:\/\/oponixo.shop\/tire\/wp-json\/wp\/v2\/product_brand?post=13669"},{"taxonomy":"product_cat","embeddable":true,"href":"https:\/\/oponixo.shop\/tire\/wp-json\/wp\/v2\/product_cat?post=13669"},{"taxonomy":"product_tag","embeddable":true,"href":"https:\/\/oponixo.shop\/tire\/wp-json\/wp\/v2\/product_tag?post=13669"}],"curies":[{"name":"wp","href":"https:\/\/api.w.org\/{rel}","templated":true}]}}