{"id":13673,"date":"2026-01-09T07:58:20","date_gmt":"2026-01-09T06:58:20","guid":{"rendered":"https:\/\/gumatop.shop\/xef5\/produkt\/4x-firestone-winterhawk-4-175-65r15-84t\/"},"modified":"2026-01-09T07:58:20","modified_gmt":"2026-01-09T06:58:20","slug":"4x-firestone-winterhawk-4-175-65r15-84t","status":"publish","type":"product","link":"https:\/\/oponixo.shop\/tire\/produkt\/4x-firestone-winterhawk-4-175-65r15-84t\/","title":{"rendered":"4x Firestone Winterhawk 4 175\/65R15 84T"},"content":{"rendered":"<div style=\"font-family: Arial, sans-serif; line-height: 1.6; color: #333; padding: 20px; clear: both; display: block; width: 100%; float: none; position: static; overflow: hidden;\">\n<div style=\"clear: both; display: block; margin: 10px 0;\">\n<div style=\"clear: both; display: block; margin: 10px 0;\">\n<div style=\"clear: both; display: block; margin: 10px 0;\">\n<h1>Firestone Winterhawk 4 <\/h1>\n<h1>175\/65 R15 84T do 190 km\/h<\/h1>\n<h2>Kod produktu: 3286341804218<\/h2>\n<p style=\"margin: 15px 0; line-height: 1.8; clear: both; display: block; width: 100%; float: none; position: static;\">Wykorzystaj w pe\u0142ni zim\u0119 dzi\u0119ki oponie Firestone Winterhawk 4. Ta opona zimowa nowej generacji zapewnia optymaln\u0105 kontrol\u0119 i prowadzenie w zimnych i nieprzewidywalnych warunkach. Zaprojektowana z my\u015bl\u0105 o bezpiecznej i ekonomicznej je\u017adzie, Winterhawk 4 zapewni Ci kontrol\u0119 na zimowych drogach. Wz\u00f3r bie\u017cnika opiera si\u0119 na wyj\u0105tkowych lamelach, rowkach i kanciastych kraw\u0119dziach, aby zapewni\u0107 doskona\u0142\u0105 przyczepno\u015b\u0107 na \u015bniegu, a innowacyjna mieszanka i konstrukcja bie\u017cnika pomagaj\u0105 oponie zatrzyma\u0107 si\u0119 o 4% szybciej na mokrej nawierzchni ni\u017c jej poprzedniczka. Firestone Winterhawk 4 to kierunkowa opona cierna przeznaczona do monta\u017cu w samochodach osobowych i miejskich SUV-ach. Przy atrakcyjnej cenie ten model opony zapewnia doskona\u0142e osi\u0105gi w typowych warunkach pogodowych Europy \u015arodkowej. Opona charakteryzuje si\u0119 kr\u00f3tk\u0105 drog\u0105 hamowania na \u015bniegu oraz pewno\u015bci\u0105 prowadzenia na \u015bniegu i lodzie dzi\u0119ki nowej konstrukcji karkasu oraz kombinacji lamel 2D i 3D. Bardzo dobremu prowadzeniu na mokrej nawierzchni dzi\u0119ki jode\u0142kowemu wzorowi bie\u017cnika oraz niskiemu oporowi toczenia dzi\u0119ki specjalnej konstrukcji karkasu i mieszanki gumowej gwarantuj\u0105cej du\u017ce przebiegi<\/p>\n<h2>Zakupione na tej aukcji opony mo\u017cesz odebra\u0107 i wymieni\u0107 w jednym z naszych serwis\u00f3w: MOTOHURT MARKI &#8211; MOTOHURT WOLA &#8211; MOTOHURT MOKOT\u00d3W<\/h2>\n<\/div>\n<\/div>\n<div style=\"clear: both; display: block; margin: 10px 0;\">\n<div style=\"clear: both; display: block; margin: 10px 0;\">\n<div  style=\"max-width:750px;max-height:1024px\">\n<div style=\"clear: both; display: block; margin: 10px 0;\">\n<div style=\"clear: both; width: 100%; display: block; margin: 20px 0; padding: 0; float: none; position: static; text-align: center;\"><img decoding=\"async\"  src=\"https:\/\/a.allegroimg.com\/original\/11d703\/6f2b3e454f8b883f63b178ae608c\/4x-Firestone-Winterhawk-4-175-65R15-84T\" srcset=\"https:\/\/a.allegroimg.com\/original\/11d703\/6f2b3e454f8b883f63b178ae608c\/4x-Firestone-Winterhawk-4-175-65R15-84T 263w,https:\/\/a.allegroimg.com\/original\/11d703\/6f2b3e454f8b883f63b178ae608c\/4x-Firestone-Winterhawk-4-175-65R15-84T 527w,https:\/\/a.allegroimg.com\/original\/11d703\/6f2b3e454f8b883f63b178ae608c\/4x-Firestone-Winterhawk-4-175-65R15-84T 750w,https:\/\/a.allegroimg.com\/original\/11d703\/6f2b3e454f8b883f63b178ae608c\/4x-Firestone-Winterhawk-4-175-65R15-84T 750w\" sizes=\"(min-width: 1200px) 560px, (min-width: 992px) 50vw, 100vw\" width=\"750px\" alt=\"4x Firestone Winterhawk 4 175\/65R15 84T\" style=\"max-width: 100%; height: auto; display: block; margin: 0 auto;\"><\/div>\n<\/div>\n<\/div>\n<\/div>\n<\/div>\n<\/div>\n<div style=\"clear: both; display: block; margin: 10px 0;\">\n<div style=\"clear: both; display: block; margin: 10px 0;\">\n<div style=\"clear: both; display: block; margin: 10px 0;\">\n<div  style=\"max-width:212px;max-height:305px\">\n<div style=\"clear: both; display: block; margin: 10px 0;\">\n<div style=\"clear: both; width: 100%; display: block; margin: 20px 0; padding: 0; float: none; position: static; text-align: center;\"><img decoding=\"async\"  src=\"https:\/\/a.allegroimg.com\/original\/119057\/a02c214341d8b6c6a8d181a2e9ea\/4x-Firestone-Winterhawk-4-175-65R15-84T-Liczba-opon-w-ofercie-Komplet-4-szt\" srcset=\"https:\/\/a.allegroimg.com\/original\/119057\/a02c214341d8b6c6a8d181a2e9ea\/4x-Firestone-Winterhawk-4-175-65R15-84T-Liczba-opon-w-ofercie-Komplet-4-szt 212w,https:\/\/a.allegroimg.com\/original\/119057\/a02c214341d8b6c6a8d181a2e9ea\/4x-Firestone-Winterhawk-4-175-65R15-84T-Liczba-opon-w-ofercie-Komplet-4-szt 212w\" sizes=\"(min-width: 1200px) 560px, (min-width: 992px) 50vw, 100vw\" width=\"212px\" alt=\"4x Firestone Winterhawk 4 175\/65R15 84T Liczba opon w ofercie Komplet 4 szt.\" style=\"max-width: 100%; height: auto; display: block; margin: 0 auto;\"><\/div>\n<\/div>\n<\/div>\n<\/div>\n<\/div>\n<div style=\"clear: both; display: block; margin: 10px 0;\">\n<div style=\"clear: both; display: block; margin: 10px 0;\">\n<h2>Marka: Firestone<\/h2>\n<h2>Liczba opon w ofercie: 4<\/h2>\n<h2>Rok produkcji: <\/h2>\n<h2>Szeroko\u015b\u0107 opony: 175 mm<\/h2>\n<h2>Profil opony: 65<\/h2>\n<h2>\u015arednica: 15<\/h2>\n<h2>Indeks no\u015bno\u015bci: 84<\/h2>\n<h2>Indeks pr\u0119dko\u015bci: T do 190 km\/h<\/h2>\n<h2>Op\u00f3r toczenia: Klasa E<\/h2>\n<h2>Przyczepno\u015b\u0107 na mokrej nawierzchni: Klasa B<\/h2>\n<h2>Ha\u0142as zewn\u0119trzny: 71 dB<\/h2>\n<h2>Kod producenta: 18042<\/h2>\n<h2>Sezon: Zimowe<\/h2>\n<\/div>\n<\/div>\n<\/div>\n<\/div>\n<\/div>\n<\/div>\n<div style=\"clear: both; display: block; margin: 10px 0;\">\n","protected":false},"excerpt":{"rendered":"<p>Firestone Winterhawk 4<\/p>\n<p>175\/65 R15 84T do 190 km\/h<\/p>\n<p>Kod produktu: 3286341804218<\/p>\n","protected":false},"featured_media":13674,"template":"","meta":{"_uag_custom_page_level_css":""},"product_brand":[400],"product_cat":[414,413,412,415],"product_tag":[],"class_list":{"0":"post-13673","1":"product","2":"type-product","3":"status-publish","4":"has-post-thumbnail","6":"product_brand-firestone","7":"product_cat-do-samochodow-osobowych-i-suv","8":"product_cat-opony","9":"product_cat-opony-i-felgi","10":"product_cat-zimowe","12":"first","13":"instock","14":"shipping-taxable","15":"purchasable","16":"product-type-simple"},"uagb_featured_image_src":{"full":["https:\/\/oponixo.shop\/tire\/wp-content\/uploads\/2026\/01\/allegro-image-13673.jpg",750,1024,false],"thumbnail":["https:\/\/oponixo.shop\/tire\/wp-content\/uploads\/2026\/01\/allegro-image-13673-150x150.jpg",150,150,true],"medium":["https:\/\/oponixo.shop\/tire\/wp-content\/uploads\/2026\/01\/allegro-image-13673-220x300.jpg",220,300,true],"medium_large":["https:\/\/oponixo.shop\/tire\/wp-content\/uploads\/2026\/01\/allegro-image-13673.jpg",750,1024,false],"large":["https:\/\/oponixo.shop\/tire\/wp-content\/uploads\/2026\/01\/allegro-image-13673.jpg",750,1024,false],"1536x1536":["https:\/\/oponixo.shop\/tire\/wp-content\/uploads\/2026\/01\/allegro-image-13673.jpg",750,1024,false],"2048x2048":["https:\/\/oponixo.shop\/tire\/wp-content\/uploads\/2026\/01\/allegro-image-13673.jpg",750,1024,false],"woocommerce_thumbnail":["https:\/\/oponixo.shop\/tire\/wp-content\/uploads\/2026\/01\/allegro-image-13673-300x300.jpg",300,300,true],"woocommerce_single":["https:\/\/oponixo.shop\/tire\/wp-content\/uploads\/2026\/01\/allegro-image-13673-600x819.jpg",600,819,true],"woocommerce_gallery_thumbnail":["https:\/\/oponixo.shop\/tire\/wp-content\/uploads\/2026\/01\/allegro-image-13673-100x100.jpg",100,100,true]},"uagb_author_info":{"display_name":"admin","author_link":"https:\/\/oponixo.shop\/tire\/author\/"},"uagb_comment_info":0,"uagb_excerpt":"Firestone Winterhawk 4 175\/65 R15 84T do 190 km\/h Kod produktu: 3286341804218","_links":{"self":[{"href":"https:\/\/oponixo.shop\/tire\/wp-json\/wp\/v2\/product\/13673","targetHints":{"allow":["GET"]}}],"collection":[{"href":"https:\/\/oponixo.shop\/tire\/wp-json\/wp\/v2\/product"}],"about":[{"href":"https:\/\/oponixo.shop\/tire\/wp-json\/wp\/v2\/types\/product"}],"wp:featuredmedia":[{"embeddable":true,"href":"https:\/\/oponixo.shop\/tire\/wp-json\/wp\/v2\/media\/13674"}],"wp:attachment":[{"href":"https:\/\/oponixo.shop\/tire\/wp-json\/wp\/v2\/media?parent=13673"}],"wp:term":[{"taxonomy":"product_brand","embeddable":true,"href":"https:\/\/oponixo.shop\/tire\/wp-json\/wp\/v2\/product_brand?post=13673"},{"taxonomy":"product_cat","embeddable":true,"href":"https:\/\/oponixo.shop\/tire\/wp-json\/wp\/v2\/product_cat?post=13673"},{"taxonomy":"product_tag","embeddable":true,"href":"https:\/\/oponixo.shop\/tire\/wp-json\/wp\/v2\/product_tag?post=13673"}],"curies":[{"name":"wp","href":"https:\/\/api.w.org\/{rel}","templated":true}]}}