{"id":13685,"date":"2026-01-09T07:58:24","date_gmt":"2026-01-09T06:58:24","guid":{"rendered":"https:\/\/gumatop.shop\/xef5\/produkt\/2x-vredestein-175-65r15-84t-wintrac-zimowe-2024-r\/"},"modified":"2026-01-09T07:58:25","modified_gmt":"2026-01-09T06:58:25","slug":"2x-vredestein-175-65r15-84t-wintrac-zimowe-2024-r","status":"publish","type":"product","link":"https:\/\/oponixo.shop\/tire\/produkt\/2x-vredestein-175-65r15-84t-wintrac-zimowe-2024-r\/","title":{"rendered":"2x VREDESTEIN 175\/65R15 84T Wintrac zimowe 2024 r"},"content":{"rendered":"<div style=\"font-family: Arial, sans-serif; line-height: 1.6; color: #333; padding: 20px; clear: both; display: block; width: 100%; float: none; position: static; overflow: hidden;\">\n<div style=\"clear: both; display: block; margin: 10px 0;\">\n<div style=\"clear: both; display: block; margin: 10px 0;\">\n<div style=\"clear: both; display: block; margin: 10px 0;\">\n<h1>Rok produkcji: 2024<\/h1>\n<\/div>\n<\/div>\n<\/div>\n<div style=\"clear: both; display: block; margin: 10px 0;\">\n<div style=\"clear: both; display: block; margin: 10px 0;\">\n<div style=\"clear: both; display: block; margin: 10px 0;\">\n<div  style=\"max-width:1200px;max-height:1126px\">\n<div style=\"clear: both; display: block; margin: 10px 0;\">\n<div style=\"clear: both; width: 100%; display: block; margin: 20px 0; padding: 0; float: none; position: static; text-align: center;\"><img decoding=\"async\"  src=\"https:\/\/a.allegroimg.com\/original\/119133\/d3ed05694ac3b0dffa694dc694ef\/2x-VREDESTEIN-175-65R15-84T-Wintrac-zimowe-2024-r\" srcset=\"https:\/\/a.allegroimg.com\/original\/119133\/d3ed05694ac3b0dffa694dc694ef\/2x-VREDESTEIN-175-65R15-84T-Wintrac-zimowe-2024-r 360w,https:\/\/a.allegroimg.com\/original\/119133\/d3ed05694ac3b0dffa694dc694ef\/2x-VREDESTEIN-175-65R15-84T-Wintrac-zimowe-2024-r 720w,https:\/\/a.allegroimg.com\/original\/119133\/d3ed05694ac3b0dffa694dc694ef\/2x-VREDESTEIN-175-65R15-84T-Wintrac-zimowe-2024-r 1024w,https:\/\/a.allegroimg.com\/original\/119133\/d3ed05694ac3b0dffa694dc694ef\/2x-VREDESTEIN-175-65R15-84T-Wintrac-zimowe-2024-r 1200w,https:\/\/a.allegroimg.com\/original\/119133\/d3ed05694ac3b0dffa694dc694ef\/2x-VREDESTEIN-175-65R15-84T-Wintrac-zimowe-2024-r 1200w\" sizes=\"(min-width: 1200px) 560px, (min-width: 992px) 50vw, 100vw\" width=\"1200px\" alt=\"2x VREDESTEIN 175\/65R15 84T Wintrac zimowe 2024 r\" style=\"max-width: 100%; height: auto; display: block; margin: 0 auto;\"><\/div>\n<\/div>\n<\/div>\n<\/div>\n<\/div>\n<div style=\"clear: both; display: block; margin: 10px 0;\">\n<div style=\"clear: both; display: block; margin: 10px 0;\">\n<h1>VREDESTEIN Wintrac 175\/65R15 84T<\/h1>\n<h2>G0SVMG<\/h2>\n<ul style=\"margin: 15px 0; padding-left: 20px; clear: both; display: block; width: 100%; float: none; position: static;\">\n<li style=\"margin: 5px 0; padding: 2px 0; clear: both; display: list-item; float: none; position: static;\"><b>Data produkcji :<\/b> 2024<\/li>\n<li style=\"margin: 5px 0; padding: 2px 0; clear: both; display: list-item; float: none; position: static;\"><b>Indeks :<\/b> 175\/65R15 ZOVR 84T WINT<\/li>\n<li style=\"margin: 5px 0; padding: 2px 0; clear: both; display: list-item; float: none; position: static;\"><b>Indeks no\u015bno\u015bci :<\/b> 84<\/li>\n<li style=\"margin: 5px 0; padding: 2px 0; clear: both; display: list-item; float: none; position: static;\"><b>Indeks pr\u0119dko\u015bci :<\/b> T &#8211; 190 km\/h<\/li>\n<li style=\"margin: 5px 0; padding: 2px 0; clear: both; display: list-item; float: none; position: static;\"><b>Karta informacyjna produktu :<\/b> https:\/\/eprel.ec.europa.eu\/qr\/690412<\/li>\n<li style=\"margin: 5px 0; padding: 2px 0; clear: both; display: list-item; float: none; position: static;\"><b>Kl. efekt. paliwowej :<\/b> D<\/li>\n<li style=\"margin: 5px 0; padding: 2px 0; clear: both; display: list-item; float: none; position: static;\"><b>Kl. przycz. na mokrej naw. :<\/b> B<\/li>\n<li style=\"margin: 5px 0; padding: 2px 0; clear: both; display: list-item; float: none; position: static;\"><b>Kl. zew. ha\u0142asu tocz. :<\/b> B<\/li>\n<li style=\"margin: 5px 0; padding: 2px 0; clear: both; display: list-item; float: none; position: static;\"><b>Klasa opony :<\/b> premium<\/li>\n<li style=\"margin: 5px 0; padding: 2px 0; clear: both; display: list-item; float: none; position: static;\"><b>Kod EAN :<\/b> 8714692361234<\/li>\n<li style=\"margin: 5px 0; padding: 2px 0; clear: both; display: list-item; float: none; position: static;\"><b>Kod producenta :<\/b> 8714692361234<\/li>\n<li style=\"margin: 5px 0; padding: 2px 0; clear: both; display: list-item; float: none; position: static;\"><b>Model bie\u017cnika :<\/b> Wintrac<\/li>\n<li style=\"margin: 5px 0; padding: 2px 0; clear: both; display: list-item; float: none; position: static;\"><b>Nazwa produktu :<\/b> VREDESTEIN 175\/65R15 84T Wintrac zimowe<\/li>\n<li style=\"margin: 5px 0; padding: 2px 0; clear: both; display: list-item; float: none; position: static;\"><b>Producent :<\/b> VREDESTEIN<\/li>\n<li style=\"margin: 5px 0; padding: 2px 0; clear: both; display: list-item; float: none; position: static;\"><b>Profil :<\/b> 65<\/li>\n<li style=\"margin: 5px 0; padding: 2px 0; clear: both; display: list-item; float: none; position: static;\"><b>Przeznaczenie :<\/b> samochody osobowe\/SUV\/4&#215;4<\/li>\n<li style=\"margin: 5px 0; padding: 2px 0; clear: both; display: list-item; float: none; position: static;\"><b>Przyczepno\u015b\u0107 na lodzie :<\/b> Nie<\/li>\n<li style=\"margin: 5px 0; padding: 2px 0; clear: both; display: list-item; float: none; position: static;\"><b>Przyczepno\u015b\u0107 na \u015bniegu :<\/b> Tak<\/li>\n<li style=\"margin: 5px 0; padding: 2px 0; clear: both; display: list-item; float: none; position: static;\"><b>QR kod :<\/b> https:\/\/eprel.ec.europa.eu\/qr\/690412<\/li>\n<li style=\"margin: 5px 0; padding: 2px 0; clear: both; display: list-item; float: none; position: static;\"><b>Sezon :<\/b> zimowa<\/li>\n<li style=\"margin: 5px 0; padding: 2px 0; clear: both; display: list-item; float: none; position: static;\"><b>\u015arednica :<\/b> 15&#8243;<\/li>\n<li style=\"margin: 5px 0; padding: 2px 0; clear: both; display: list-item; float: none; position: static;\"><b>Szeroko\u015b\u0107 :<\/b> 175<\/li>\n<li style=\"margin: 5px 0; padding: 2px 0; clear: both; display: list-item; float: none; position: static;\"><b>Wart. pom. i kl. zew. ha\u0142asu tocz. [dB] :<\/b> 69<\/li>\n<\/ul>\n<\/div>\n<\/div>\n<\/div>\n<div style=\"clear: both; display: block; margin: 10px 0;\">\n<div style=\"clear: both; display: block; margin: 10px 0;\">\n<div style=\"clear: both; display: block; margin: 10px 0;\">\n<p style=\"margin: 15px 0; line-height: 1.8; clear: both; display: block; width: 100%; float: none; position: static;\"> Wintrac, od marki Vredestein, to nowoczesna zimowa opona klasy premium, kt\u00f3ra pod\u0105\u017ca za nowym charakterem sezonu zimowego. Dedykowana jest do szerokiej gamy samochod\u00f3w osobowych przez auta miejskie po samochody o sportowych osi\u0105gach. <\/p>\n<p style=\"margin: 15px 0; line-height: 1.8; clear: both; display: block; width: 100%; float: none; position: static;\"> Kierunkowa rze\u017aba bie\u017cnika w kszta\u0142cie litery &#8222;V&#8221; pokryta g\u0119st\u0105 sieci\u0105 lameli w tym opatentowanymi lamelami 3D doskonale radzi sobie na o\u015bnie\u017conych nawierzchniach i b\u0142ocie po\u015bniegowym. Kraw\u0119dzie blokowe o zaostrzonej geometrii jeszcze skuteczniej &#8222;przecinaj\u0105&#8221; pokryw\u0119 \u015bnie\u017cn\u0105 oraz tafl\u0119 wody na drodze, dzi\u0119ki czemu opona utrzymuje optymaln\u0105 przyczepno\u015b\u0107. <\/p>\n<p style=\"margin: 15px 0; line-height: 1.8; clear: both; display: block; width: 100%; float: none; position: static;\"> Dzi\u0119ki specjalnie po\u0142\u0105czonym kanalikom poprzecznym, nadmiar wody jest szybko i efektywnie odprowadzany ze strefy kontaktowej z pod\u0142o\u017cem, co zmniejsza ryzyko zjawiska aquaplaningu oraz zwi\u0119ksza bezpiecze\u0144stwo hamowania i gwa\u0142townych manewr\u00f3w na mokrych nawierzchniach. W por\u00f3wnaniu z modelem Snowtrac 5 &#8211; odporno\u015b\u0107 na aquaplaning wzros\u0142a o 10%. <\/p>\n<p style=\"margin: 15px 0; line-height: 1.8; clear: both; display: block; width: 100%; float: none; position: static;\"> Na dodatkow\u0105 przyczepno\u015b\u0107 wp\u0142ywa r\u00f3wnie\u017c poszerzona powierzchnia styku z nawierzchni\u0105, kt\u00f3ra w modelu Wintrac (w por\u00f3wnaniu do Snowtrac 5) zosta\u0142a zwi\u0119kszona o 5%. Wp\u0142ywa to na stabilno\u015b\u0107 prowadzenia, pewne pokonywanie zakr\u0119t\u00f3w i niezawodno\u015b\u0107 jazdy bez wzgl\u0119du na panuj\u0105ce warunki. <\/p>\n<p style=\"margin: 15px 0; line-height: 1.8; clear: both; display: block; width: 100%; float: none; position: static;\"> Zastosowanie mieszanki gumowej, cechuj\u0105cej si\u0119 wysok\u0105 g\u0119sto\u015bci\u0105 i zawarto\u015bci\u0105 krzemionki pozwoli\u0142o wyd\u0142u\u017cy\u0107 u\u017cytkowanie kompletu opon nawet o 10 000 km co wp\u0142ywa zar\u00f3wno na aspekt ekonomiczny u\u017cytkowania opon jak i wi\u0119ksz\u0105 dba\u0142o\u015b\u0107 o \u015brodowisko naturalne. <\/p>\n<p style=\"margin: 15px 0; line-height: 1.8; clear: both; display: block; width: 100%; float: none; position: static;\"> Vredestein Wintrac to opony najwy\u017cszej jako\u015bci, kt\u00f3re spe\u0142ni\u0105 oczekiwania najbardziej wymagaj\u0105cych kierowc\u00f3w. Dodatkowo wyr\u00f3\u017cniaj\u0105 si\u0119 ciekawym designem, kt\u00f3ry b\u0119dzie uzupe\u0142nieniem stylowych aut. <\/p>\n<\/div>\n<\/div>\n<div style=\"clear: both; display: block; margin: 10px 0;\">\n<div style=\"clear: both; display: block; margin: 10px 0;\">\n<div  style=\"max-width:886px;max-height:1299px\">\n<div style=\"clear: both; display: block; margin: 10px 0;\">\n<div style=\"clear: both; width: 100%; display: block; margin: 20px 0; padding: 0; float: none; position: static; text-align: center;\"><img decoding=\"async\"  src=\"https:\/\/a.allegroimg.com\/original\/11d1c3\/901169924219919f23d028602e2b\/2x-VREDESTEIN-175-65R15-84T-Wintrac-zimowe-2024-r-Srednica-15\" srcset=\"https:\/\/a.allegroimg.com\/original\/11d1c3\/901169924219919f23d028602e2b\/2x-VREDESTEIN-175-65R15-84T-Wintrac-zimowe-2024-r-Srednica-15 245w,https:\/\/a.allegroimg.com\/original\/11d1c3\/901169924219919f23d028602e2b\/2x-VREDESTEIN-175-65R15-84T-Wintrac-zimowe-2024-r-Srednica-15 491w,https:\/\/a.allegroimg.com\/original\/11d1c3\/901169924219919f23d028602e2b\/2x-VREDESTEIN-175-65R15-84T-Wintrac-zimowe-2024-r-Srednica-15 698w,https:\/\/a.allegroimg.com\/original\/11d1c3\/901169924219919f23d028602e2b\/2x-VREDESTEIN-175-65R15-84T-Wintrac-zimowe-2024-r-Srednica-15 886w,https:\/\/a.allegroimg.com\/original\/11d1c3\/901169924219919f23d028602e2b\/2x-VREDESTEIN-175-65R15-84T-Wintrac-zimowe-2024-r-Srednica-15 886w\" sizes=\"(min-width: 1200px) 560px, (min-width: 992px) 50vw, 100vw\" width=\"886px\" alt=\"2x VREDESTEIN 175\/65R15 84T Wintrac zimowe 2024 r \u015arednica 15&quot;\" style=\"max-width: 100%; height: auto; display: block; margin: 0 auto;\"><\/div>\n<\/div>\n<\/div>\n<\/div>\n<\/div>\n<\/div>\n<div style=\"clear: both; display: block; margin: 10px 0;\">\n<div style=\"clear: both; display: block; margin: 10px 0;\">\n<div style=\"clear: both; display: block; margin: 10px 0;\">\n<p style=\"margin: 15px 0; line-height: 1.8; clear: both; display: block; width: 100%; float: none; position: static;\">Wychodz\u0105c naprzeciw oczekiwaniom Klient\u00f3w i chc\u0105c spe\u0142nia\u0107 jak najwy\u017csze standardy obs\u0142ugi dok\u0142adamy wszelkich stara\u0144, aby podawa\u0107 precyzyjn\u0105 dat\u0119 produkcji opony (DOT). Niestety, w wyj\u0105tkowych przypadkach, mo\u017ce zdarzy\u0107 si\u0119, \u017ce opony, kt\u00f3re wy\u015blemy b\u0119d\u0105 mia\u0142y inn\u0105 dat\u0119 produkcji ni\u017c podana. Sytuacja mo\u017ce dotyczy\u0107 zar\u00f3wno opon z DOT-em wcze\u015bniejszym jak i p\u00f3\u017aniejszym. Chcieliby\u015bmy podkre\u015bli\u0107, \u017ce warunki przechowywania opon w naszych magazynach spe\u0142niaj\u0105 Polsk\u0105 Norm\u0119 PN-C-94300-7 dzi\u0119ki czemu nawet opona przechowywana 24 miesi\u0105ce ma parametry takie same jak opona z bie\u017c\u0105cego roku. Warto pami\u0119ta\u0107 tak\u017ce o fakcie, \u017ce w przypadku wielu rozmiar\u00f3w i producent\u00f3w plany produkcyjne fabryk uniemo\u017cliwiaj\u0105 zakup opony z bie\u017c\u0105cego roku.<\/p>\n<p style=\"margin: 15px 0; line-height: 1.8; clear: both; display: block; width: 100%; float: none; position: static;\">Przy zakupie opon pami\u0119taj o sprawdzeniu w instrukcji samochodu lub na w\u0142a\u015bciwej stronie internetowej, jakie ogumienie zaleca producent Twojego auta. \u0179le dobrane opony mog\u0105 negatywnie wp\u0142yn\u0105\u0107 na poziom Twojego bezpiecze\u0144stwa. Kupuj\u0105c opony zwr\u00f3\u0107 uwag\u0119 na rozmiar oraz indeksy no\u015bno\u015bci i pr\u0119dko\u015bci jakie homologowane s\u0105 do Twojego pojazdu.<\/p>\n<p style=\"margin: 15px 0; line-height: 1.8; clear: both; display: block; width: 100%; float: none; position: static;\">Zamieszczone zdj\u0119cia pe\u0142ni\u0105 funkcj\u0119 pogl\u0105dow\u0105. W zale\u017cno\u015bci od szeroko\u015bci opon, mog\u0105 wyst\u0119powa\u0107 niewielkie r\u00f3\u017cnice w wygl\u0105dzie bie\u017cnika (w obr\u0119bie jednego modelu) na przyk\u0142ad w ilo\u015bci rowk\u00f3w obwodowych lub rozmieszczeniu blok\u00f3w bie\u017cnika, co nie stanowi wady produktu.<\/p>\n<p style=\"margin: 15px 0; line-height: 1.8; clear: both; display: block; width: 100%; float: none; position: static;\">Je\u017celi otrzymane przez Ciebie opony nie spe\u0142niaj\u0105 Twoich oczekiwa\u0144 masz mo\u017cliwo\u015b\u0107 zwrotu lub wymiany nieu\u017cywanego (niemontowanego) ogumienia.<\/p>\n<\/div>\n<\/div>\n<\/div>\n<div style=\"clear: both; display: block; margin: 10px 0;\">\n<div style=\"clear: both; display: block; margin: 10px 0;\">\n<div style=\"clear: both; display: block; margin: 10px 0;\">\n<div  style=\"max-width:2410px;max-height:451px\">\n<div style=\"clear: both; display: block; margin: 10px 0;\">\n<div style=\"clear: both; width: 100%; display: block; margin: 20px 0; padding: 0; float: none; position: static; text-align: center;\"><img decoding=\"async\"  src=\"https:\/\/a.allegroimg.com\/original\/11ad80\/d004449b4db19cd07a30d01d5372\/2x-VREDESTEIN-175-65R15-84T-Wintrac-zimowe-2024-r-Waga-produktu-z-opakowaniem-jednostkowym-16-kg\" srcset=\"https:\/\/a.allegroimg.com\/original\/11ad80\/d004449b4db19cd07a30d01d5372\/2x-VREDESTEIN-175-65R15-84T-Wintrac-zimowe-2024-r-Waga-produktu-z-opakowaniem-jednostkowym-16-kg 360w,https:\/\/a.allegroimg.com\/original\/11ad80\/d004449b4db19cd07a30d01d5372\/2x-VREDESTEIN-175-65R15-84T-Wintrac-zimowe-2024-r-Waga-produktu-z-opakowaniem-jednostkowym-16-kg 720w,https:\/\/a.allegroimg.com\/original\/11ad80\/d004449b4db19cd07a30d01d5372\/2x-VREDESTEIN-175-65R15-84T-Wintrac-zimowe-2024-r-Waga-produktu-z-opakowaniem-jednostkowym-16-kg 1024w,https:\/\/a.allegroimg.com\/original\/11ad80\/d004449b4db19cd07a30d01d5372\/2x-VREDESTEIN-175-65R15-84T-Wintrac-zimowe-2024-r-Waga-produktu-z-opakowaniem-jednostkowym-16-kg 1440w,https:\/\/a.allegroimg.com\/original\/11ad80\/d004449b4db19cd07a30d01d5372\/2x-VREDESTEIN-175-65R15-84T-Wintrac-zimowe-2024-r-Waga-produktu-z-opakowaniem-jednostkowym-16-kg 2410w\" sizes=\"(min-width: 1200px) 560px, (min-width: 992px) 50vw, 100vw\" width=\"2410px\" alt=\"2x VREDESTEIN 175\/65R15 84T Wintrac zimowe 2024 r Waga produktu z opakowaniem jednostkowym 16 kg\" style=\"max-width: 100%; height: auto; display: block; margin: 0 auto;\"><\/div>\n<\/div>\n<\/div>\n<\/div>\n<\/div>\n<div style=\"clear: both; display: block; margin: 10px 0;\">\n<div style=\"clear: both; display: block; margin: 10px 0;\">\n<h1>Vredestein<\/h1>\n<p style=\"margin: 15px 0; line-height: 1.8; clear: both; display: block; width: 100%; float: none; position: static;\">Firma Apollo Tyres ma w swojej ofercie wiele modeli opon letnich marki Vredestein z indywidualnie zaprojektowanym bie\u017cnikiem i odpowiednio dobran\u0105 mieszank\u0105 gum. Pozycje, kt\u00f3re dost\u0119pne s\u0105 w katalogu tego producenta to mi\u0119dzy innymi Sportrac 5, Ultrac Satin, Ultrac Vorti oraz Ultrac Vorti R.<\/p>\n<\/div>\n<\/div>\n<\/div>\n<\/div>\n<\/div>\n<\/div>\n<div style=\"clear: both; display: block; margin: 10px 0;\">\n","protected":false},"excerpt":{"rendered":"<p>Rok produkcji: 2024<\/p>\n<p>VREDESTEIN Wintrac 175\/65R15 84T<\/p>\n<p>G0SVMG<\/p>\n<p>Data produkcji : 2024<\/p>\n<p>Indeks : 175\/65R15 ZOVR 84T WINT<\/p>\n<p>Indeks no\u015bno\u015bci : 84<\/p>\n<p>Indeks pr\u0119dko\u015bci : T &#8211; 190 km\/h<\/p>\n<p>Karta informacyjna produktu : https:\/\/eprel.ec.europa.eu\/qr\/690412<\/p>\n","protected":false},"featured_media":13686,"template":"","meta":{"_uag_custom_page_level_css":""},"product_brand":[436],"product_cat":[414,413,412,415],"product_tag":[],"class_list":{"0":"post-13685","1":"product","2":"type-product","3":"status-publish","4":"has-post-thumbnail","6":"product_brand-vredestein","7":"product_cat-do-samochodow-osobowych-i-suv","8":"product_cat-opony","9":"product_cat-opony-i-felgi","10":"product_cat-zimowe","12":"first","13":"instock","14":"shipping-taxable","15":"purchasable","16":"product-type-simple"},"uagb_featured_image_src":{"full":["https:\/\/oponixo.shop\/tire\/wp-content\/uploads\/2026\/01\/allegro-image-13685.jpg",1200,1126,false],"thumbnail":["https:\/\/oponixo.shop\/tire\/wp-content\/uploads\/2026\/01\/allegro-image-13685-150x150.jpg",150,150,true],"medium":["https:\/\/oponixo.shop\/tire\/wp-content\/uploads\/2026\/01\/allegro-image-13685-300x282.jpg",300,282,true],"medium_large":["https:\/\/oponixo.shop\/tire\/wp-content\/uploads\/2026\/01\/allegro-image-13685-768x721.jpg",768,721,true],"large":["https:\/\/oponixo.shop\/tire\/wp-content\/uploads\/2026\/01\/allegro-image-13685-1024x961.jpg",1024,961,true],"1536x1536":["https:\/\/oponixo.shop\/tire\/wp-content\/uploads\/2026\/01\/allegro-image-13685.jpg",1200,1126,false],"2048x2048":["https:\/\/oponixo.shop\/tire\/wp-content\/uploads\/2026\/01\/allegro-image-13685.jpg",1200,1126,false],"woocommerce_thumbnail":["https:\/\/oponixo.shop\/tire\/wp-content\/uploads\/2026\/01\/allegro-image-13685-300x300.jpg",300,300,true],"woocommerce_single":["https:\/\/oponixo.shop\/tire\/wp-content\/uploads\/2026\/01\/allegro-image-13685-600x563.jpg",600,563,true],"woocommerce_gallery_thumbnail":["https:\/\/oponixo.shop\/tire\/wp-content\/uploads\/2026\/01\/allegro-image-13685-100x100.jpg",100,100,true]},"uagb_author_info":{"display_name":"admin","author_link":"https:\/\/oponixo.shop\/tire\/author\/"},"uagb_comment_info":0,"uagb_excerpt":"Rok produkcji: 2024 VREDESTEIN Wintrac 175\/65R15 84T G0SVMG Data produkcji : 2024 Indeks : 175\/65R15 ZOVR 84T WINT Indeks no\u015bno\u015bci : 84 Indeks pr\u0119dko\u015bci : T - 190 km\/h Karta informacyjna produktu : https:\/\/eprel.ec.europa.eu\/qr\/690412","_links":{"self":[{"href":"https:\/\/oponixo.shop\/tire\/wp-json\/wp\/v2\/product\/13685","targetHints":{"allow":["GET"]}}],"collection":[{"href":"https:\/\/oponixo.shop\/tire\/wp-json\/wp\/v2\/product"}],"about":[{"href":"https:\/\/oponixo.shop\/tire\/wp-json\/wp\/v2\/types\/product"}],"wp:featuredmedia":[{"embeddable":true,"href":"https:\/\/oponixo.shop\/tire\/wp-json\/wp\/v2\/media\/13686"}],"wp:attachment":[{"href":"https:\/\/oponixo.shop\/tire\/wp-json\/wp\/v2\/media?parent=13685"}],"wp:term":[{"taxonomy":"product_brand","embeddable":true,"href":"https:\/\/oponixo.shop\/tire\/wp-json\/wp\/v2\/product_brand?post=13685"},{"taxonomy":"product_cat","embeddable":true,"href":"https:\/\/oponixo.shop\/tire\/wp-json\/wp\/v2\/product_cat?post=13685"},{"taxonomy":"product_tag","embeddable":true,"href":"https:\/\/oponixo.shop\/tire\/wp-json\/wp\/v2\/product_tag?post=13685"}],"curies":[{"name":"wp","href":"https:\/\/api.w.org\/{rel}","templated":true}]}}