{"id":13705,"date":"2026-01-09T07:58:30","date_gmt":"2026-01-09T06:58:30","guid":{"rendered":"https:\/\/gumatop.shop\/xef5\/produkt\/4x-yokohama-bluearth-winter-v905-225-65r16-100-h\/"},"modified":"2026-01-09T07:58:31","modified_gmt":"2026-01-09T06:58:31","slug":"4x-yokohama-bluearth-winter-v905-225-65r16-100-h","status":"publish","type":"product","link":"https:\/\/oponixo.shop\/tire\/produkt\/4x-yokohama-bluearth-winter-v905-225-65r16-100-h\/","title":{"rendered":"4x YOKOHAMA BLUEARTH WINTER V905 225\/65R16 100 H"},"content":{"rendered":"<div style=\"font-family: Arial, sans-serif; line-height: 1.6; color: #333; padding: 20px; clear: both; display: block; width: 100%; float: none; position: static; overflow: hidden;\">\n<div style=\"clear: both; display: block; margin: 10px 0;\">\n<div style=\"clear: both; display: block; margin: 10px 0;\">\n<div style=\"clear: both; display: block; margin: 10px 0;\">\n<h1>4x YOKOHAMA BLUEARTH WINTER V905 225\/65R16 100 H<\/h1>\n<\/div>\n<\/div>\n<\/div>\n<div style=\"clear: both; display: block; margin: 10px 0;\">\n<div style=\"clear: both; display: block; margin: 10px 0;\">\n<div style=\"clear: both; display: block; margin: 10px 0;\">\n<div  style=\"max-width:920px;max-height:1120px\">\n<div style=\"clear: both; display: block; margin: 10px 0;\">\n<div style=\"clear: both; width: 100%; display: block; margin: 20px 0; padding: 0; float: none; position: static; text-align: center;\"><img decoding=\"async\"  src=\"https:\/\/a.allegroimg.com\/original\/116e09\/f956c40746edb84aa587366598f1\/4x-YOKOHAMA-BLUEARTH-WINTER-V905-225-65R16-100-H\" srcset=\"https:\/\/a.allegroimg.com\/original\/116e09\/f956c40746edb84aa587366598f1\/4x-YOKOHAMA-BLUEARTH-WINTER-V905-225-65R16-100-H 295w,https:\/\/a.allegroimg.com\/original\/116e09\/f956c40746edb84aa587366598f1\/4x-YOKOHAMA-BLUEARTH-WINTER-V905-225-65R16-100-H 591w,https:\/\/a.allegroimg.com\/original\/116e09\/f956c40746edb84aa587366598f1\/4x-YOKOHAMA-BLUEARTH-WINTER-V905-225-65R16-100-H 841w,https:\/\/a.allegroimg.com\/original\/116e09\/f956c40746edb84aa587366598f1\/4x-YOKOHAMA-BLUEARTH-WINTER-V905-225-65R16-100-H 920w,https:\/\/a.allegroimg.com\/original\/116e09\/f956c40746edb84aa587366598f1\/4x-YOKOHAMA-BLUEARTH-WINTER-V905-225-65R16-100-H 920w\" sizes=\"(min-width: 1200px) 560px, (min-width: 992px) 50vw, 100vw\" width=\"920px\" alt=\"4x YOKOHAMA BLUEARTH WINTER V905 225\/65R16 100 H\" style=\"max-width: 100%; height: auto; display: block; margin: 0 auto;\"><\/div>\n<\/div>\n<\/div>\n<\/div>\n<\/div>\n<div style=\"clear: both; display: block; margin: 10px 0;\">\n<div style=\"clear: both; display: block; margin: 10px 0;\">\n<h2>Zimowe opony Osobowe YOKOHAMA BLUEARTH WINTER V905 225\/65 R16 100H 100 H<\/h2>\n<p style=\"margin: 15px 0; line-height: 1.8; clear: both; display: block; width: 100%; float: none; position: static;\">Rok produkcji: <b>2024<\/b><\/p>\n<p style=\"margin: 15px 0; line-height: 1.8; clear: both; display: block; width: 100%; float: none; position: static;\">EAN: 4968814924089<\/p>\n<p style=\"margin: 15px 0; line-height: 1.8; clear: both; display: block; width: 100%; float: none; position: static;\">Producent: YOKOHAMA<\/p>\n<p style=\"margin: 15px 0; line-height: 1.8; clear: both; display: block; width: 100%; float: none; position: static;\">Klasa: Premium<\/p>\n<p style=\"margin: 15px 0; line-height: 1.8; clear: both; display: block; width: 100%; float: none; position: static;\">Model: BLUEARTH WINTER V905<\/p>\n<p style=\"margin: 15px 0; line-height: 1.8; clear: both; display: block; width: 100%; float: none; position: static;\">Rozmiar: 225\/65 R16 100H<\/p>\n<p style=\"margin: 15px 0; line-height: 1.8; clear: both; display: block; width: 100%; float: none; position: static;\">Indeks no\u015bno\u015bci: 100<\/p>\n<p style=\"margin: 15px 0; line-height: 1.8; clear: both; display: block; width: 100%; float: none; position: static;\">Indeks pr\u0119dko\u015bci: H<\/p>\n<p style=\"margin: 15px 0; line-height: 1.8; clear: both; display: block; width: 100%; float: none; position: static;\">Ha\u0142as db: <\/p>\n<p style=\"margin: 15px 0; line-height: 1.8; clear: both; display: block; width: 100%; float: none; position: static;\">Sezon: Zimowe<\/p>\n<p style=\"margin: 15px 0; line-height: 1.8; clear: both; display: block; width: 100%; float: none; position: static;\">Przeznaczenie: Osobowe<\/p>\n<p style=\"margin: 15px 0; line-height: 1.8; clear: both; display: block; width: 100%; float: none; position: static;\">* Zdj\u0119cia opon na aukcjach maj\u0105 charakter pogl\u0105dowy. Opony mog\u0105 si\u0119 r\u00f3\u017cni\u0107 od tej prezentowanej na zdj\u0119ciu. (np. mo\u017ce mie\u0107 rant ochronny, wi\u0119cej lub mniej rowk\u00f3w obwodowych, bia\u0142e napisy albo ich brak).<\/p>\n<p style=\"margin: 15px 0; line-height: 1.8; clear: both; display: block; width: 100%; float: none; position: static;\">W sezonie wysy\u0142kowym mog\u0105 nast\u0105pi\u0107 nieznaczne op\u00f3\u017anienia w realizacji i dostawie. Prosz\u0119 mie\u0107 to na uwadze sk\u0142adaj\u0105c zam\u00f3wienie.<\/p>\n<\/div>\n<\/div>\n<\/div>\n<div style=\"clear: both; display: block; margin: 10px 0;\">\n<div style=\"clear: both; display: block; margin: 10px 0;\">\n<div style=\"clear: both; display: block; margin: 10px 0;\">\n<div  style=\"max-width:800px;max-height:294px\">\n<div style=\"clear: both; display: block; margin: 10px 0;\">\n<div style=\"clear: both; width: 100%; display: block; margin: 20px 0; padding: 0; float: none; position: static; text-align: center;\"><img decoding=\"async\"  src=\"https:\/\/a.allegroimg.com\/original\/11db25\/89184ea9451aa5d4d61284f73fd8\/4x-YOKOHAMA-BLUEARTH-WINTER-V905-225-65R16-100-H-Liczba-opon-w-ofercie-Komplet-4-szt\" srcset=\"https:\/\/a.allegroimg.com\/original\/11db25\/89184ea9451aa5d4d61284f73fd8\/4x-YOKOHAMA-BLUEARTH-WINTER-V905-225-65R16-100-H-Liczba-opon-w-ofercie-Komplet-4-szt 360w,https:\/\/a.allegroimg.com\/original\/11db25\/89184ea9451aa5d4d61284f73fd8\/4x-YOKOHAMA-BLUEARTH-WINTER-V905-225-65R16-100-H-Liczba-opon-w-ofercie-Komplet-4-szt 720w,https:\/\/a.allegroimg.com\/original\/11db25\/89184ea9451aa5d4d61284f73fd8\/4x-YOKOHAMA-BLUEARTH-WINTER-V905-225-65R16-100-H-Liczba-opon-w-ofercie-Komplet-4-szt 800w,https:\/\/a.allegroimg.com\/original\/11db25\/89184ea9451aa5d4d61284f73fd8\/4x-YOKOHAMA-BLUEARTH-WINTER-V905-225-65R16-100-H-Liczba-opon-w-ofercie-Komplet-4-szt 800w\" sizes=\"100vw\" width=\"800px\" alt=\"4x YOKOHAMA BLUEARTH WINTER V905 225\/65R16 100 H Liczba opon w ofercie Komplet 4 szt.\" style=\"max-width: 100%; height: auto; display: block; margin: 0 auto;\"><\/div>\n<\/div>\n<\/div>\n<\/div>\n<\/div>\n<\/div>\n<div style=\"clear: both; display: block; margin: 10px 0;\">\n<div style=\"clear: both; display: block; margin: 10px 0;\">\n<div style=\"clear: both; display: block; margin: 10px 0;\">\n<p style=\"margin: 15px 0; line-height: 1.8; clear: both; display: block; width: 100%; float: none; position: static;\">Yokohama: pionier rozwi\u0105za\u0144 perfekcyjnej jazdy<\/p>\n<p style=\"margin: 15px 0; line-height: 1.8; clear: both; display: block; width: 100%; float: none; position: static;\">Japo\u0144ski potentat w bran\u017cy oponiarskiej, Yokohama jest prawdziw\u0119 legend\u0105, kt\u00f3rej korzenie si\u0119gaj\u0105 roku 1917. Od samego pocz\u0105tku marka ta wyr\u00f3\u017cnia\u0142a si\u0119 niezwyk\u0142\u0105 pasj\u0105 do doskona\u0142o\u015bci i nieustannym d\u0105\u017ceniem do innowacji, kt\u00f3re przek\u0142adaj\u0105 si\u0119 na niezawodno\u015b\u0107 i wyj\u0105tkow\u0105 wydajno\u015b\u0107 jej produkt\u00f3w.Fabryki Yokohama rozsiane s\u0105 na ca\u0142ym \u015bwiecie (min w USA, Japonii, Chinach czy w Tajlandii).<\/p>\n<p style=\"margin: 15px 0; line-height: 1.8; clear: both; display: block; width: 100%; float: none; position: static;\">Opony Yokohama s\u0105 projektowane z my\u015bl\u0105 o r\u00f3\u017cnych segmentach rynku, obejmuj\u0105cych pojazdy osobowe, SUV-y, samochody sportowe oraz pojazdy ci\u0119\u017carowe. Dzi\u0119ki najnowszym technologiom i innowacyjnym rozwi\u0105zaniom, opony Yokohama zapewniaj\u0105 doskona\u0142\u0105 przyczepno\u015b\u0107, precyzyjne prowadzenie i komfortow\u0105 jazd\u0119 na r\u00f3\u017cnorodnych nawierzchniach.<\/p>\n<p style=\"margin: 15px 0; line-height: 1.8; clear: both; display: block; width: 100%; float: none; position: static;\">Marka Yokohama to synonim najwy\u017cszej jako\u015bci i wyj\u0105tkowej wydajno\u015bci. Jej produkty zdoby\u0142y uznanie zar\u00f3wno kierowc\u00f3w codziennych samochod\u00f3w, jak i profesjonalnych kierowc\u00f3w wy\u015bcigowych na ca\u0142ym \u015bwiecie. Wieloletnie zaanga\u017cowanie w motorsport pozwala Yokohamie testowa\u0107 swoje opony w najbardziej ekstremalnych warunkach, co przek\u0142ada si\u0119 na doskona\u0142\u0105 wydajno\u015b\u0107 na drodze.<\/p>\n<p style=\"margin: 15px 0; line-height: 1.8; clear: both; display: block; width: 100%; float: none; position: static;\">Ciekawostk\u0105 jest fakt, \u017ce Yokohama to oficjalny dostawca opon dla takich presti\u017cowych wydarze\u0144 sportowych jak mistrzostwa World Time Attack Challenge i Pirelli World Challenge. Ta bliska wsp\u00f3\u0142praca z profesjonalnymi zespo\u0142ami i kierowcami wy\u015bcigowymi potwierdza niezawodno\u015b\u0107 i doskona\u0142\u0105 jako\u015b\u0107 opon Yokohama.Yokohama to marka, kt\u00f3ra \u0142\u0105czy w sobie doskona\u0142o\u015b\u0107 in\u017cynierii, pasj\u0119 do motoryzacji i trosk\u0119 o \u015brodowisko.<\/p>\n<\/div>\n<\/div>\n<\/div>\n<div style=\"clear: both; display: block; margin: 10px 0;\">\n<div style=\"clear: both; display: block; margin: 10px 0;\">\n<div style=\"clear: both; display: block; margin: 10px 0;\">\n<div  style=\"max-width:920px;max-height:1120px\">\n<div style=\"clear: both; display: block; margin: 10px 0;\">\n<div style=\"clear: both; width: 100%; display: block; margin: 20px 0; padding: 0; float: none; position: static; text-align: center;\"><img decoding=\"async\"  src=\"https:\/\/a.allegroimg.com\/original\/116e09\/f956c40746edb84aa587366598f1\/4x-YOKOHAMA-BLUEARTH-WINTER-V905-225-65R16-100-H\" srcset=\"https:\/\/a.allegroimg.com\/original\/116e09\/f956c40746edb84aa587366598f1\/4x-YOKOHAMA-BLUEARTH-WINTER-V905-225-65R16-100-H 295w,https:\/\/a.allegroimg.com\/original\/116e09\/f956c40746edb84aa587366598f1\/4x-YOKOHAMA-BLUEARTH-WINTER-V905-225-65R16-100-H 591w,https:\/\/a.allegroimg.com\/original\/116e09\/f956c40746edb84aa587366598f1\/4x-YOKOHAMA-BLUEARTH-WINTER-V905-225-65R16-100-H 841w,https:\/\/a.allegroimg.com\/original\/116e09\/f956c40746edb84aa587366598f1\/4x-YOKOHAMA-BLUEARTH-WINTER-V905-225-65R16-100-H 920w,https:\/\/a.allegroimg.com\/original\/116e09\/f956c40746edb84aa587366598f1\/4x-YOKOHAMA-BLUEARTH-WINTER-V905-225-65R16-100-H 920w\" sizes=\"(min-width: 1200px) 560px, (min-width: 992px) 50vw, 100vw\" width=\"920px\" alt=\"4x YOKOHAMA BLUEARTH WINTER V905 225\/65R16 100 H\" style=\"max-width: 100%; height: auto; display: block; margin: 0 auto;\"><\/div>\n<\/div>\n<\/div>\n<\/div>\n<\/div>\n<div style=\"clear: both; display: block; margin: 10px 0;\">\n<div style=\"clear: both; display: block; margin: 10px 0;\">\n<h3 style=\"color: #2c5aa0; font-size: 18px; margin: 30px 0 15px 0; font-weight: bold; clear: both; display: block; width: 100%; float: none; position: static;\">Dlaczego warto kupowa\u0107 u nas?<\/h3>\n<p style=\"margin: 15px 0; line-height: 1.8; clear: both; display: block; width: 100%; float: none; position: static;\">Nasza firma dzia\u0142a na rynku ju\u017c od 2007 roku, dlatego mamy naprawd\u0119 bogate do\u015bwiadczenie w tym, co robimy.<\/p>\n<p style=\"margin: 15px 0; line-height: 1.8; clear: both; display: block; width: 100%; float: none; position: static;\">Oferujemy Pa\u0144stwu szeroki asortyment towar\u00f3w i stale pracujemy nad jego poszerzaniem.<\/p>\n<p style=\"margin: 15px 0; line-height: 1.8; clear: both; display: block; width: 100%; float: none; position: static;\">W naszej ofercie ka\u017cdy znajdzie co\u015b dla siebie, zar\u00f3wno wymagaj\u0105cy klient, jak r\u00f3wnie\u017c ten, kt\u00f3ry chce zaoszcz\u0119dzi\u0107.<\/p>\n<p style=\"margin: 15px 0; line-height: 1.8; clear: both; display: block; width: 100%; float: none; position: static;\">Zakupy mo\u017cna u nas robi\u0107 spokojnie i z zaufaniem.<\/p>\n<p style=\"margin: 15px 0; line-height: 1.8; clear: both; display: block; width: 100%; float: none; position: static;\">Je\u015bli z jakiego\u015b powodu nie b\u0119dziesz zadowolony z naszego towaru, mo\u017cna go zwr\u00f3ci\u0107 w ci\u0105gu 14 dni bez podania przyczyny, a my zwr\u00f3cimy pieni\u0105dze.<\/p>\n<p style=\"margin: 15px 0; line-height: 1.8; clear: both; display: block; width: 100%; float: none; position: static;\">W razie jakichkolwiek problem\u00f3w do dyspozycji s\u0105 r\u00f3wnie\u017c nasi operatorzy z\u202fDzia\u0142u Obs\u0142ugi Klienta.<\/p>\n<\/div>\n<\/div>\n<\/div>\n<\/div>\n<\/div>\n<\/div>\n<div style=\"clear: both; display: block; margin: 10px 0;\">\n","protected":false},"excerpt":{"rendered":"<p>4x YOKOHAMA BLUEARTH WINTER V905 225\/65R16 100 H<\/p>\n<p>Zimowe opony Osobowe YOKOHAMA BLUEARTH WINTER V905 225\/65 R16 100H 100 H<\/p>\n<p>Rok produkcji: 2024<\/p>\n<p>EAN: 4968814924089<\/p>\n<p>Producent: YOKOHAMA<\/p>\n<p>Klasa: Premium<\/p>\n<p>Model: BLUEARTH WINTER V905<\/p>\n<p>Rozmiar: 225\/65 R16 100H<\/p>\n","protected":false},"featured_media":13706,"template":"","meta":{"_uag_custom_page_level_css":""},"product_brand":[410],"product_cat":[414,413,412,415],"product_tag":[],"class_list":{"0":"post-13705","1":"product","2":"type-product","3":"status-publish","4":"has-post-thumbnail","6":"product_brand-yokohama","7":"product_cat-do-samochodow-osobowych-i-suv","8":"product_cat-opony","9":"product_cat-opony-i-felgi","10":"product_cat-zimowe","12":"first","13":"instock","14":"shipping-taxable","15":"purchasable","16":"product-type-simple"},"uagb_featured_image_src":{"full":["https:\/\/oponixo.shop\/tire\/wp-content\/uploads\/2026\/01\/allegro-image-13705.jpg",920,1120,false],"thumbnail":["https:\/\/oponixo.shop\/tire\/wp-content\/uploads\/2026\/01\/allegro-image-13705-150x150.jpg",150,150,true],"medium":["https:\/\/oponixo.shop\/tire\/wp-content\/uploads\/2026\/01\/allegro-image-13705-246x300.jpg",246,300,true],"medium_large":["https:\/\/oponixo.shop\/tire\/wp-content\/uploads\/2026\/01\/allegro-image-13705-768x935.jpg",768,935,true],"large":["https:\/\/oponixo.shop\/tire\/wp-content\/uploads\/2026\/01\/allegro-image-13705-841x1024.jpg",841,1024,true],"1536x1536":["https:\/\/oponixo.shop\/tire\/wp-content\/uploads\/2026\/01\/allegro-image-13705.jpg",920,1120,false],"2048x2048":["https:\/\/oponixo.shop\/tire\/wp-content\/uploads\/2026\/01\/allegro-image-13705.jpg",920,1120,false],"woocommerce_thumbnail":["https:\/\/oponixo.shop\/tire\/wp-content\/uploads\/2026\/01\/allegro-image-13705-300x300.jpg",300,300,true],"woocommerce_single":["https:\/\/oponixo.shop\/tire\/wp-content\/uploads\/2026\/01\/allegro-image-13705-600x730.jpg",600,730,true],"woocommerce_gallery_thumbnail":["https:\/\/oponixo.shop\/tire\/wp-content\/uploads\/2026\/01\/allegro-image-13705-100x100.jpg",100,100,true]},"uagb_author_info":{"display_name":"admin","author_link":"https:\/\/oponixo.shop\/tire\/author\/"},"uagb_comment_info":0,"uagb_excerpt":"4x YOKOHAMA BLUEARTH WINTER V905 225\/65R16 100 H Zimowe opony Osobowe YOKOHAMA BLUEARTH WINTER V905 225\/65 R16 100H 100 H Rok produkcji: 2024 EAN: 4968814924089 Producent: YOKOHAMA Klasa: Premium Model: BLUEARTH WINTER V905 Rozmiar: 225\/65 R16 100H","_links":{"self":[{"href":"https:\/\/oponixo.shop\/tire\/wp-json\/wp\/v2\/product\/13705","targetHints":{"allow":["GET"]}}],"collection":[{"href":"https:\/\/oponixo.shop\/tire\/wp-json\/wp\/v2\/product"}],"about":[{"href":"https:\/\/oponixo.shop\/tire\/wp-json\/wp\/v2\/types\/product"}],"wp:featuredmedia":[{"embeddable":true,"href":"https:\/\/oponixo.shop\/tire\/wp-json\/wp\/v2\/media\/13706"}],"wp:attachment":[{"href":"https:\/\/oponixo.shop\/tire\/wp-json\/wp\/v2\/media?parent=13705"}],"wp:term":[{"taxonomy":"product_brand","embeddable":true,"href":"https:\/\/oponixo.shop\/tire\/wp-json\/wp\/v2\/product_brand?post=13705"},{"taxonomy":"product_cat","embeddable":true,"href":"https:\/\/oponixo.shop\/tire\/wp-json\/wp\/v2\/product_cat?post=13705"},{"taxonomy":"product_tag","embeddable":true,"href":"https:\/\/oponixo.shop\/tire\/wp-json\/wp\/v2\/product_tag?post=13705"}],"curies":[{"name":"wp","href":"https:\/\/api.w.org\/{rel}","templated":true}]}}