{"id":13721,"date":"2026-01-09T07:58:35","date_gmt":"2026-01-09T06:58:35","guid":{"rendered":"https:\/\/gumatop.shop\/xef5\/produkt\/2-x-toyo-snowprox-s954-235-50r17-96-v-3pmsf-opona-zimowa\/"},"modified":"2026-01-09T07:58:36","modified_gmt":"2026-01-09T06:58:36","slug":"2-x-toyo-snowprox-s954-235-50r17-96-v-3pmsf-opona-zimowa","status":"publish","type":"product","link":"https:\/\/oponixo.shop\/tire\/produkt\/2-x-toyo-snowprox-s954-235-50r17-96-v-3pmsf-opona-zimowa\/","title":{"rendered":"2 x Toyo Snowprox S954 235\/50R17 96 V 3PMSF opona zimowa"},"content":{"rendered":"<div style=\"font-family: Arial, sans-serif; line-height: 1.6; color: #333; padding: 20px; clear: both; display: block; width: 100%; float: none; position: static; overflow: hidden;\">\n<div style=\"clear: both; display: block; margin: 10px 0;\">\n<div style=\"clear: both; display: block; margin: 10px 0;\">\n<div style=\"clear: both; display: block; margin: 10px 0;\">\n<div  style=\"max-width:158px;max-height:220px\">\n<div style=\"clear: both; display: block; margin: 10px 0;\">\n<div style=\"clear: both; width: 100%; display: block; margin: 20px 0; padding: 0; float: none; position: static; text-align: center;\"><img decoding=\"async\"  src=\"https:\/\/a.allegroimg.com\/original\/1180da\/869663e34aa0ad054c21fc4e0998\/2-x-Toyo-Snowprox-S954-235-50R17-96-V-3PMSF-opona-zimowa\" srcset=\"https:\/\/a.allegroimg.com\/original\/1180da\/869663e34aa0ad054c21fc4e0998\/2-x-Toyo-Snowprox-S954-235-50R17-96-V-3PMSF-opona-zimowa 158w,https:\/\/a.allegroimg.com\/original\/1180da\/869663e34aa0ad054c21fc4e0998\/2-x-Toyo-Snowprox-S954-235-50R17-96-V-3PMSF-opona-zimowa 158w\" sizes=\"(min-width: 1200px) 560px, (min-width: 992px) 50vw, 100vw\" width=\"158px\" alt=\"2 x Toyo Snowprox S954 235\/50R17 96 V 3PMSF opona zimowa\" style=\"max-width: 100%; height: auto; display: block; margin: 0 auto;\"><\/div>\n<\/div>\n<\/div>\n<\/div>\n<\/div>\n<div style=\"clear: both; display: block; margin: 10px 0;\">\n<div style=\"clear: both; display: block; margin: 10px 0;\">\n<h2>Toyo Snowprox S954 235\/50R17 96 V 3PMSF<\/h2>\n<p style=\"margin: 15px 0; line-height: 1.8; clear: both; display: block; width: 100%; float: none; position: static;\">Producent: Toyo<\/p>\n<p style=\"margin: 15px 0; line-height: 1.8; clear: both; display: block; width: 100%; float: none; position: static;\">Model: Snowprox S954<\/p>\n<p style=\"margin: 15px 0; line-height: 1.8; clear: both; display: block; width: 100%; float: none; position: static;\">Sezon: zimowe<\/p>\n<p style=\"margin: 15px 0; line-height: 1.8; clear: both; display: block; width: 100%; float: none; position: static;\">Rozmiar: 235\/50R17<\/p>\n<p style=\"margin: 15px 0; line-height: 1.8; clear: both; display: block; width: 100%; float: none; position: static;\">Data produkcji: do 36 miesi\u0119cy<\/p>\n<p style=\"margin: 15px 0; line-height: 1.8; clear: both; display: block; width: 100%; float: none; position: static;\">Zu\u017cycie paliwa: klasa D<\/p>\n<p style=\"margin: 15px 0; line-height: 1.8; clear: both; display: block; width: 100%; float: none; position: static;\">Przyczepno\u015b\u0107 na mokrym: klasa B<\/p>\n<p style=\"margin: 15px 0; line-height: 1.8; clear: both; display: block; width: 100%; float: none; position: static;\">Poziom ha\u0142asu: 71 dB<\/p>\n<\/div>\n<\/div>\n<\/div>\n<\/div>\n<\/div>\n<\/div>\n<div style=\"clear: both; display: block; margin: 10px 0;\">\n","protected":false},"excerpt":{"rendered":"<p>Toyo Snowprox S954 235\/50R17 96 V 3PMSF<\/p>\n<p>Producent: Toyo<\/p>\n<p>Model: Snowprox S954<\/p>\n<p>Sezon: zimowe<\/p>\n<p>Rozmiar: 235\/50R17<\/p>\n<p>Data produkcji: do 36 miesi\u0119cy<\/p>\n<p>Zu\u017cycie paliwa: klasa D<\/p>\n<p>Przyczepno\u015b\u0107 na mokrym: klasa B<\/p>\n","protected":false},"featured_media":13722,"template":"","meta":{"_uag_custom_page_level_css":""},"product_brand":[435],"product_cat":[414,413,412,415],"product_tag":[],"class_list":{"0":"post-13721","1":"product","2":"type-product","3":"status-publish","4":"has-post-thumbnail","6":"product_brand-toyo","7":"product_cat-do-samochodow-osobowych-i-suv","8":"product_cat-opony","9":"product_cat-opony-i-felgi","10":"product_cat-zimowe","12":"first","13":"instock","14":"shipping-taxable","15":"purchasable","16":"product-type-simple"},"uagb_featured_image_src":{"full":["https:\/\/oponixo.shop\/tire\/wp-content\/uploads\/2026\/01\/allegro-image-13721.jpg",158,220,false],"thumbnail":["https:\/\/oponixo.shop\/tire\/wp-content\/uploads\/2026\/01\/allegro-image-13721-150x150.jpg",150,150,true],"medium":["https:\/\/oponixo.shop\/tire\/wp-content\/uploads\/2026\/01\/allegro-image-13721.jpg",158,220,false],"medium_large":["https:\/\/oponixo.shop\/tire\/wp-content\/uploads\/2026\/01\/allegro-image-13721.jpg",158,220,false],"large":["https:\/\/oponixo.shop\/tire\/wp-content\/uploads\/2026\/01\/allegro-image-13721.jpg",158,220,false],"1536x1536":["https:\/\/oponixo.shop\/tire\/wp-content\/uploads\/2026\/01\/allegro-image-13721.jpg",158,220,false],"2048x2048":["https:\/\/oponixo.shop\/tire\/wp-content\/uploads\/2026\/01\/allegro-image-13721.jpg",158,220,false],"woocommerce_thumbnail":["https:\/\/oponixo.shop\/tire\/wp-content\/uploads\/2026\/01\/allegro-image-13721.jpg",158,220,false],"woocommerce_single":["https:\/\/oponixo.shop\/tire\/wp-content\/uploads\/2026\/01\/allegro-image-13721.jpg",158,220,false],"woocommerce_gallery_thumbnail":["https:\/\/oponixo.shop\/tire\/wp-content\/uploads\/2026\/01\/allegro-image-13721-100x100.jpg",100,100,true]},"uagb_author_info":{"display_name":"admin","author_link":"https:\/\/oponixo.shop\/tire\/author\/"},"uagb_comment_info":0,"uagb_excerpt":"Toyo Snowprox S954 235\/50R17 96 V 3PMSF Producent: Toyo Model: Snowprox S954 Sezon: zimowe Rozmiar: 235\/50R17 Data produkcji: do 36 miesi\u0119cy Zu\u017cycie paliwa: klasa D Przyczepno\u015b\u0107 na mokrym: klasa B","_links":{"self":[{"href":"https:\/\/oponixo.shop\/tire\/wp-json\/wp\/v2\/product\/13721","targetHints":{"allow":["GET"]}}],"collection":[{"href":"https:\/\/oponixo.shop\/tire\/wp-json\/wp\/v2\/product"}],"about":[{"href":"https:\/\/oponixo.shop\/tire\/wp-json\/wp\/v2\/types\/product"}],"wp:featuredmedia":[{"embeddable":true,"href":"https:\/\/oponixo.shop\/tire\/wp-json\/wp\/v2\/media\/13722"}],"wp:attachment":[{"href":"https:\/\/oponixo.shop\/tire\/wp-json\/wp\/v2\/media?parent=13721"}],"wp:term":[{"taxonomy":"product_brand","embeddable":true,"href":"https:\/\/oponixo.shop\/tire\/wp-json\/wp\/v2\/product_brand?post=13721"},{"taxonomy":"product_cat","embeddable":true,"href":"https:\/\/oponixo.shop\/tire\/wp-json\/wp\/v2\/product_cat?post=13721"},{"taxonomy":"product_tag","embeddable":true,"href":"https:\/\/oponixo.shop\/tire\/wp-json\/wp\/v2\/product_tag?post=13721"}],"curies":[{"name":"wp","href":"https:\/\/api.w.org\/{rel}","templated":true}]}}