{"id":13735,"date":"2026-01-09T09:39:45","date_gmt":"2026-01-09T08:39:45","guid":{"rendered":"https:\/\/oponyspeed.shop\/xef5\/produkt\/2x-opony-letnie-hankook-ventus-prime3-k125-205-55r15-88v-rant\/"},"modified":"2026-01-09T09:39:45","modified_gmt":"2026-01-09T08:39:45","slug":"2x-opony-letnie-hankook-ventus-prime3-k125-205-55r15-88v-rant","status":"publish","type":"product","link":"https:\/\/oponixo.shop\/tire\/produkt\/2x-opony-letnie-hankook-ventus-prime3-k125-205-55r15-88v-rant\/","title":{"rendered":"2x opony letnie Hankook Ventus Prime3 K125 205\/55R15 88V rant"},"content":{"rendered":"<div style=\"font-family: Arial, sans-serif; line-height: 1.6; color: #333; padding: 20px; clear: both; display: block; width: 100%; float: none; position: static; overflow: hidden;\">\n<div style=\"clear: both; display: block; margin: 10px 0;\">\n<div style=\"clear: both; display: block; margin: 10px 0;\">\n<div style=\"clear: both; display: block; margin: 10px 0;\">\n<div  style=\"max-width:500px;max-height:65px\">\n<div style=\"clear: both; display: block; margin: 10px 0;\">\n<div style=\"clear: both; width: 100%; display: block; margin: 20px 0; padding: 0; float: none; position: static; text-align: center;\"><img decoding=\"async\"  src=\"https:\/\/a.allegroimg.com\/original\/1143d7\/63ce66d0498ea79e4022525f4f48\/2x-opony-letnie-Hankook-Ventus-Prime3-K125-205-55R15-88V-rant-Liczba-opon-w-ofercie-2-szt\" srcset=\"https:\/\/a.allegroimg.com\/original\/1143d7\/63ce66d0498ea79e4022525f4f48\/2x-opony-letnie-Hankook-Ventus-Prime3-K125-205-55R15-88V-rant-Liczba-opon-w-ofercie-2-szt 360w,https:\/\/a.allegroimg.com\/original\/1143d7\/63ce66d0498ea79e4022525f4f48\/2x-opony-letnie-Hankook-Ventus-Prime3-K125-205-55R15-88V-rant-Liczba-opon-w-ofercie-2-szt 500w,https:\/\/a.allegroimg.com\/original\/1143d7\/63ce66d0498ea79e4022525f4f48\/2x-opony-letnie-Hankook-Ventus-Prime3-K125-205-55R15-88V-rant-Liczba-opon-w-ofercie-2-szt 500w\" sizes=\"100vw\" width=\"500px\" alt=\"2x opony letnie Hankook Ventus Prime3 K125 205\/55R15 88V rant Liczba opon w ofercie 2 szt.\" style=\"max-width: 100%; height: auto; display: block; margin: 0 auto;\"><\/div>\n<\/div>\n<\/div>\n<\/div>\n<\/div>\n<\/div>\n<div style=\"clear: both; display: block; margin: 10px 0;\">\n<div style=\"clear: both; display: block; margin: 10px 0;\">\n<div style=\"clear: both; display: block; margin: 10px 0;\">\n<h1>zestaw 2 sztuk nowych opon letnich<\/h1>\n<h1>Hankook Ventus Prime3 K125 205\/55R15 88V MFS<\/h1>\n<p style=\"margin: 15px 0; line-height: 1.8; clear: both; display: block; width: 100%; float: none; position: static;\">\n<\/div>\n<\/div>\n<\/div>\n<div style=\"clear: both; display: block; margin: 10px 0;\">\n<div style=\"clear: both; display: block; margin: 10px 0;\">\n<div style=\"clear: both; display: block; margin: 10px 0;\">\n<div  style=\"max-width:412px;max-height:596px\">\n<div style=\"clear: both; display: block; margin: 10px 0;\">\n<div style=\"clear: both; width: 100%; display: block; margin: 20px 0; padding: 0; float: none; position: static; text-align: center;\"><img decoding=\"async\"  src=\"https:\/\/a.allegroimg.com\/original\/112ab7\/9a976e0e4c0e832750dd249053b0\/2x-opony-letnie-Hankook-Ventus-Prime3-K125-205-55R15-88V-rant\" srcset=\"https:\/\/a.allegroimg.com\/original\/112ab7\/9a976e0e4c0e832750dd249053b0\/2x-opony-letnie-Hankook-Ventus-Prime3-K125-205-55R15-88V-rant 248w,https:\/\/a.allegroimg.com\/original\/112ab7\/9a976e0e4c0e832750dd249053b0\/2x-opony-letnie-Hankook-Ventus-Prime3-K125-205-55R15-88V-rant 412w,https:\/\/a.allegroimg.com\/original\/112ab7\/9a976e0e4c0e832750dd249053b0\/2x-opony-letnie-Hankook-Ventus-Prime3-K125-205-55R15-88V-rant 412w\" sizes=\"(min-width: 1200px) 560px, (min-width: 992px) 50vw, 100vw\" width=\"412px\" alt=\"2x opony letnie Hankook Ventus Prime3 K125 205\/55R15 88V rant\" style=\"max-width: 100%; height: auto; display: block; margin: 0 auto;\"><\/div>\n<\/div>\n<\/div>\n<\/div>\n<\/div>\n<div style=\"clear: both; display: block; margin: 10px 0;\">\n<div style=\"clear: both; display: block; margin: 10px 0;\">\n<p style=\"margin: 15px 0; line-height: 1.8; clear: both; display: block; width: 100%; float: none; position: static;\"><b>Hankook Ventus Prime3 K125<\/b> to opony <b>letnie<\/b> przeznaczone do samochod\u00f3w <b>osobowych<\/b> oraz suv-\u00f3w. Oryginalny produkt klasy <b>premium<\/b> renomowanej marki <b>Hankook<\/b>. Bezkompromisowa jako\u015b\u0107. <\/p>\n<ul style=\"margin: 15px 0; padding-left: 20px; clear: both; display: block; width: 100%; float: none; position: static;\">\n<li style=\"margin: 5px 0; padding: 2px 0; clear: both; display: list-item; float: none; position: static;\">rok produkcji: nie starsze ni\u017c <b>2022<\/b><\/li>\n<li style=\"margin: 5px 0; padding: 2px 0; clear: both; display: list-item; float: none; position: static;\">opony <b>nowe<\/b>, oryginalne, z gwarancj\u0105<\/li>\n<li style=\"margin: 5px 0; padding: 2px 0; clear: both; display: list-item; float: none; position: static;\"><b>MFS<\/b> &#8211; opony posiadaj\u0105 rant chroni\u0105cy felg\u0119<\/li>\n<li style=\"margin: 5px 0; padding: 2px 0; clear: both; display: list-item; float: none; position: static;\">zapewniaj\u0105 cich\u0105 i p\u0142ynn\u0105 prac\u0119<\/li>\n<li style=\"margin: 5px 0; padding: 2px 0; clear: both; display: list-item; float: none; position: static;\">skutecznie niweluj\u0105 wp\u0142yw nier\u00f3wno\u015bci na drodze na komfort jazdy<\/li>\n<li style=\"margin: 5px 0; padding: 2px 0; clear: both; display: list-item; float: none; position: static;\">dostosowane do du\u017cych pr\u0119dko\u015bci<\/li>\n<li style=\"margin: 5px 0; padding: 2px 0; clear: both; display: list-item; float: none; position: static;\">doskona\u0142a trakcja, precyzyjne sterowanie<\/li>\n<li style=\"margin: 5px 0; padding: 2px 0; clear: both; display: list-item; float: none; position: static;\">bie\u017cnik zu\u017cywa si\u0119 r\u00f3wnomiernie<\/li>\n<li style=\"margin: 5px 0; padding: 2px 0; clear: both; display: list-item; float: none; position: static;\">kr\u00f3tka droga hamowania zar\u00f3wno na suchej jak i mokrej nawierzchni<\/li>\n<li style=\"margin: 5px 0; padding: 2px 0; clear: both; display: list-item; float: none; position: static;\">bardzo dobre odprowadzanie wody<\/li>\n<li style=\"margin: 5px 0; padding: 2px 0; clear: both; display: list-item; float: none; position: static;\">zabezpieczenie przed po\u015blizgiem na wodzie (aquaplaning)<\/li>\n<\/ul>\n<\/div>\n<\/div>\n<\/div>\n<div style=\"clear: both; display: block; margin: 10px 0;\">\n<div style=\"clear: both; display: block; margin: 10px 0;\">\n<div style=\"clear: both; display: block; margin: 10px 0;\">\n<div  style=\"max-width:480px;max-height:733px\">\n<div style=\"clear: both; display: block; margin: 10px 0;\">\n<div style=\"clear: both; width: 100%; display: block; margin: 20px 0; padding: 0; float: none; position: static; text-align: center;\"><img decoding=\"async\"  src=\"https:\/\/a.allegroimg.com\/original\/113b7e\/d9d9d910407cb4069bda2162366c\/2x-opony-letnie-Hankook-Ventus-Prime3-K125-205-55R15-88V-rant-Marka-Hankook\" srcset=\"https:\/\/a.allegroimg.com\/original\/113b7e\/d9d9d910407cb4069bda2162366c\/2x-opony-letnie-Hankook-Ventus-Prime3-K125-205-55R15-88V-rant-Marka-Hankook 235w,https:\/\/a.allegroimg.com\/original\/113b7e\/d9d9d910407cb4069bda2162366c\/2x-opony-letnie-Hankook-Ventus-Prime3-K125-205-55R15-88V-rant-Marka-Hankook 471w,https:\/\/a.allegroimg.com\/original\/113b7e\/d9d9d910407cb4069bda2162366c\/2x-opony-letnie-Hankook-Ventus-Prime3-K125-205-55R15-88V-rant-Marka-Hankook 480w,https:\/\/a.allegroimg.com\/original\/113b7e\/d9d9d910407cb4069bda2162366c\/2x-opony-letnie-Hankook-Ventus-Prime3-K125-205-55R15-88V-rant-Marka-Hankook 480w\" sizes=\"100vw\" width=\"480px\" alt=\"2x opony letnie Hankook Ventus Prime3 K125 205\/55R15 88V rant Marka Hankook\" style=\"max-width: 100%; height: auto; display: block; margin: 0 auto;\"><\/div>\n<\/div>\n<\/div>\n<\/div>\n<\/div>\n<\/div>\n<\/div>\n<\/div>\n<\/div>\n<div style=\"clear: both; display: block; margin: 10px 0;\">\n","protected":false},"excerpt":{"rendered":"<p>zestaw 2 sztuk nowych opon letnich<\/p>\n<p>Hankook Ventus Prime3 K125 205\/55R15 88V MFS<\/p>\n<p>Hankook Ventus Prime3 K125 to opony letnie przeznaczone do samochod\u00f3w osobowych oraz suv-\u00f3w. Oryginalny produkt klasy premium renomowanej marki Hankook. Bezkompromisowa jako\u015b\u0107.<\/p>\n<p>rok produkcji: nie starsze ni\u017c 2022<\/p>\n<p>opony nowe, oryginalne, z gwarancj\u0105<\/p>\n<p>MFS &#8211; opony posiadaj\u0105 rant chroni\u0105cy felg\u0119<\/p>\n<p>zapewniaj\u0105 cich\u0105 i p\u0142ynn\u0105 prac\u0119<\/p>\n<p>skutecznie niweluj\u0105 wp\u0142yw nier\u00f3wno\u015bci na drodze na komfort jazdy<\/p>\n","protected":false},"featured_media":13736,"template":"","meta":{"_uag_custom_page_level_css":""},"product_brand":[411],"product_cat":[414,418,413,412],"product_tag":[],"class_list":{"0":"post-13735","1":"product","2":"type-product","3":"status-publish","4":"has-post-thumbnail","6":"product_brand-hankook","7":"product_cat-do-samochodow-osobowych-i-suv","8":"product_cat-letnie","9":"product_cat-opony","10":"product_cat-opony-i-felgi","12":"first","13":"instock","14":"shipping-taxable","15":"purchasable","16":"product-type-simple"},"uagb_featured_image_src":{"full":["https:\/\/oponixo.shop\/tire\/wp-content\/uploads\/2026\/01\/allegro-image-13735.jpg",412,596,false],"thumbnail":["https:\/\/oponixo.shop\/tire\/wp-content\/uploads\/2026\/01\/allegro-image-13735-150x150.jpg",150,150,true],"medium":["https:\/\/oponixo.shop\/tire\/wp-content\/uploads\/2026\/01\/allegro-image-13735-207x300.jpg",207,300,true],"medium_large":["https:\/\/oponixo.shop\/tire\/wp-content\/uploads\/2026\/01\/allegro-image-13735.jpg",412,596,false],"large":["https:\/\/oponixo.shop\/tire\/wp-content\/uploads\/2026\/01\/allegro-image-13735.jpg",412,596,false],"1536x1536":["https:\/\/oponixo.shop\/tire\/wp-content\/uploads\/2026\/01\/allegro-image-13735.jpg",412,596,false],"2048x2048":["https:\/\/oponixo.shop\/tire\/wp-content\/uploads\/2026\/01\/allegro-image-13735.jpg",412,596,false],"woocommerce_thumbnail":["https:\/\/oponixo.shop\/tire\/wp-content\/uploads\/2026\/01\/allegro-image-13735-300x300.jpg",300,300,true],"woocommerce_single":["https:\/\/oponixo.shop\/tire\/wp-content\/uploads\/2026\/01\/allegro-image-13735.jpg",412,596,false],"woocommerce_gallery_thumbnail":["https:\/\/oponixo.shop\/tire\/wp-content\/uploads\/2026\/01\/allegro-image-13735-100x100.jpg",100,100,true]},"uagb_author_info":{"display_name":"admin","author_link":"https:\/\/oponixo.shop\/tire\/author\/"},"uagb_comment_info":0,"uagb_excerpt":"zestaw 2 sztuk nowych opon letnich Hankook Ventus Prime3 K125 205\/55R15 88V MFS Hankook Ventus Prime3 K125 to opony letnie przeznaczone do samochod\u00f3w osobowych oraz suv-\u00f3w. Oryginalny produkt klasy premium renomowanej marki Hankook. Bezkompromisowa jako\u015b\u0107. rok produkcji: nie starsze ni\u017c 2022 opony nowe, oryginalne, z gwarancj\u0105 MFS - opony posiadaj\u0105 rant chroni\u0105cy felg\u0119 zapewniaj\u0105 cich\u0105&hellip;","_links":{"self":[{"href":"https:\/\/oponixo.shop\/tire\/wp-json\/wp\/v2\/product\/13735","targetHints":{"allow":["GET"]}}],"collection":[{"href":"https:\/\/oponixo.shop\/tire\/wp-json\/wp\/v2\/product"}],"about":[{"href":"https:\/\/oponixo.shop\/tire\/wp-json\/wp\/v2\/types\/product"}],"wp:featuredmedia":[{"embeddable":true,"href":"https:\/\/oponixo.shop\/tire\/wp-json\/wp\/v2\/media\/13736"}],"wp:attachment":[{"href":"https:\/\/oponixo.shop\/tire\/wp-json\/wp\/v2\/media?parent=13735"}],"wp:term":[{"taxonomy":"product_brand","embeddable":true,"href":"https:\/\/oponixo.shop\/tire\/wp-json\/wp\/v2\/product_brand?post=13735"},{"taxonomy":"product_cat","embeddable":true,"href":"https:\/\/oponixo.shop\/tire\/wp-json\/wp\/v2\/product_cat?post=13735"},{"taxonomy":"product_tag","embeddable":true,"href":"https:\/\/oponixo.shop\/tire\/wp-json\/wp\/v2\/product_tag?post=13735"}],"curies":[{"name":"wp","href":"https:\/\/api.w.org\/{rel}","templated":true}]}}