{"id":13771,"date":"2026-01-09T09:44:57","date_gmt":"2026-01-09T08:44:57","guid":{"rendered":"https:\/\/oponyspeed.shop\/xef5\/produkt\/2x-pirelli-winter-sottozero-serie-ii-295-30r20-97v-z132a\/"},"modified":"2026-01-09T09:44:58","modified_gmt":"2026-01-09T08:44:58","slug":"2x-pirelli-winter-sottozero-serie-ii-295-30r20-97v-z132a","status":"publish","type":"product","link":"https:\/\/oponixo.shop\/tire\/produkt\/2x-pirelli-winter-sottozero-serie-ii-295-30r20-97v-z132a\/","title":{"rendered":"2x Pirelli Winter Sottozero Serie II 295\/30R20 97V Z132A"},"content":{"rendered":"<div style=\"font-family: Arial, sans-serif; line-height: 1.6; color: #333; padding: 20px; clear: both; display: block; width: 100%; float: none; position: static; overflow: hidden;\">\n<div style=\"clear: both; display: block; margin: 10px 0;\">\n<div style=\"clear: both; display: block; margin: 10px 0;\">\n<div style=\"clear: both; display: block; margin: 10px 0;\">\n<h1>Opona zimowa Pirelli Winter SottoZero Serie II 295\/30R20 97 V<\/h1>\n<p style=\"margin: 15px 0; line-height: 1.8; clear: both; display: block; width: 100%; float: none; position: static;\">Cechy produktu:<\/p>\n<ul style=\"margin: 15px 0; padding-left: 20px; clear: both; display: block; width: 100%; float: none; position: static;\">\n<li style=\"margin: 5px 0; padding: 2px 0; clear: both; display: list-item; float: none; position: static;\">sezon: <b>zimowe<\/b><\/li>\n<li style=\"margin: 5px 0; padding: 2px 0; clear: both; display: list-item; float: none; position: static;\">szeroko\u015b\u0107\/profil\/\u015brednica: <b>295\/30R20<\/b><\/li>\n<li style=\"margin: 5px 0; padding: 2px 0; clear: both; display: list-item; float: none; position: static;\">indeks pr\u0119dko\u015bci:<b> V do 240 km\/h<\/b><\/li>\n<li style=\"margin: 5px 0; padding: 2px 0; clear: both; display: list-item; float: none; position: static;\">indeks no\u015bno\u015bci: <b>97 &#8211; 730 kg<\/b><\/li>\n<li style=\"margin: 5px 0; padding: 2px 0; clear: both; display: list-item; float: none; position: static;\">homologacja: <b>N0<\/b><\/li>\n<li style=\"margin: 5px 0; padding: 2px 0; clear: both; display: list-item; float: none; position: static;\">Rocznik: <b>2019<\/b><\/li>\n<li style=\"margin: 5px 0; padding: 2px 0; clear: both; display: list-item; float: none; position: static;\">Magazyn: <b>Z132A<\/b><\/li>\n<\/ul>\n<\/div>\n<\/div>\n<div style=\"clear: both; display: block; margin: 10px 0;\">\n<div style=\"clear: both; display: block; margin: 10px 0;\">\n<div  style=\"max-width:649px;max-height:1024px\">\n<div style=\"clear: both; display: block; margin: 10px 0;\">\n<div style=\"clear: both; width: 100%; display: block; margin: 20px 0; padding: 0; float: none; position: static; text-align: center;\"><img decoding=\"async\"  src=\"https:\/\/a.allegroimg.com\/original\/112976\/8fa790b144a8880c8bf82d07199b\/2x-Pirelli-Winter-Sottozero-Serie-II-295-30R20-97V-Z132A-Liczba-opon-w-ofercie-2-szt\" srcset=\"https:\/\/a.allegroimg.com\/original\/112976\/8fa790b144a8880c8bf82d07199b\/2x-Pirelli-Winter-Sottozero-Serie-II-295-30R20-97V-Z132A-Liczba-opon-w-ofercie-2-szt 228w,https:\/\/a.allegroimg.com\/original\/112976\/8fa790b144a8880c8bf82d07199b\/2x-Pirelli-Winter-Sottozero-Serie-II-295-30R20-97V-Z132A-Liczba-opon-w-ofercie-2-szt 456w,https:\/\/a.allegroimg.com\/original\/112976\/8fa790b144a8880c8bf82d07199b\/2x-Pirelli-Winter-Sottozero-Serie-II-295-30R20-97V-Z132A-Liczba-opon-w-ofercie-2-szt 649w,https:\/\/a.allegroimg.com\/original\/112976\/8fa790b144a8880c8bf82d07199b\/2x-Pirelli-Winter-Sottozero-Serie-II-295-30R20-97V-Z132A-Liczba-opon-w-ofercie-2-szt 649w\" sizes=\"(min-width: 1200px) 560px, (min-width: 992px) 50vw, 100vw\" width=\"649px\" alt=\"2x Pirelli Winter Sottozero Serie II 295\/30R20 97V Z132A Liczba opon w ofercie 2 szt.\" style=\"max-width: 100%; height: auto; display: block; margin: 0 auto;\"><\/div>\n<\/div>\n<\/div>\n<\/div>\n<\/div>\n<\/div>\n<div style=\"clear: both; display: block; margin: 10px 0;\">\n<div style=\"clear: both; display: block; margin: 10px 0;\">\n<div style=\"clear: both; display: block; margin: 10px 0;\">\n<div  style=\"max-width:1440px;max-height:810px\">\n<div style=\"clear: both; display: block; margin: 10px 0;\">\n<div style=\"clear: both; width: 100%; display: block; margin: 20px 0; padding: 0; float: none; position: static; text-align: center;\"><img decoding=\"async\"  src=\"https:\/\/a.allegroimg.com\/original\/112190\/c526053e4bb39486fc9c2a1dbd7e\/2x-Pirelli-Winter-Sottozero-Serie-II-295-30R20-97V-Z132A-Indeks-nosnosci-97-730-kg\" srcset=\"https:\/\/a.allegroimg.com\/original\/112190\/c526053e4bb39486fc9c2a1dbd7e\/2x-Pirelli-Winter-Sottozero-Serie-II-295-30R20-97V-Z132A-Indeks-nosnosci-97-730-kg 360w,https:\/\/a.allegroimg.com\/original\/112190\/c526053e4bb39486fc9c2a1dbd7e\/2x-Pirelli-Winter-Sottozero-Serie-II-295-30R20-97V-Z132A-Indeks-nosnosci-97-730-kg 720w,https:\/\/a.allegroimg.com\/original\/112190\/c526053e4bb39486fc9c2a1dbd7e\/2x-Pirelli-Winter-Sottozero-Serie-II-295-30R20-97V-Z132A-Indeks-nosnosci-97-730-kg 1024w,https:\/\/a.allegroimg.com\/original\/112190\/c526053e4bb39486fc9c2a1dbd7e\/2x-Pirelli-Winter-Sottozero-Serie-II-295-30R20-97V-Z132A-Indeks-nosnosci-97-730-kg 1440w,https:\/\/a.allegroimg.com\/original\/112190\/c526053e4bb39486fc9c2a1dbd7e\/2x-Pirelli-Winter-Sottozero-Serie-II-295-30R20-97V-Z132A-Indeks-nosnosci-97-730-kg 1440w\" sizes=\"100vw\" width=\"1440px\" alt=\"2x Pirelli Winter Sottozero Serie II 295\/30R20 97V Z132A Indeks no\u015bno\u015bci 97 - 730 kg\" style=\"max-width: 100%; height: auto; display: block; margin: 0 auto;\"><\/div>\n<\/div>\n<\/div>\n<\/div>\n<\/div>\n<\/div>\n<div style=\"clear: both; display: block; margin: 10px 0;\">\n<div style=\"clear: both; display: block; margin: 10px 0;\">\n<div style=\"clear: both; display: block; margin: 10px 0;\">\n<p style=\"margin: 15px 0; line-height: 1.8; clear: both; display: block; width: 100%; float: none; position: static;\">Pirelli SottoZero Serie II to opona zimowa przeznaczona do pojazd\u00f3w osobowych. Zachowuje optymalne parametry i zapewnia doskona\u0142e osi\u0105gi na suchej, mokrej oraz za\u015bnie\u017conej nawierzchni drogi i jest rekomendowana do zastosowania w samochodach sportowych oraz do samochod\u00f3w o podwy\u017cszonych osi\u0105gach.<\/p>\n<p style=\"margin: 15px 0; line-height: 1.8; clear: both; display: block; width: 100%; float: none; position: static;\">Asymetryczny bie\u017cnik, kt\u00f3ry w strefie zewn\u0119trznej ma uk\u0142adaj\u0105ce si\u0119 pod k\u0105tem \u017c\u0142obienia zapewnia lepsz\u0105 przyczepno\u015b\u0107 i komfort jazdy po \u015bniegu. Kana\u0142y wzd\u0142u\u017cne bie\u017cnika wraz z g\u0119st\u0105 sieci\u0105 rowk\u00f3w skutecznie usuwaj\u0105 wod\u0119 i b\u0142oto po\u015bniegowe, co obni\u017ca ryzyko wyst\u0105pienia aquaplaningu i zapewnia wi\u0119ksze bezpiecze\u0144stwo w trudnych warunkach drogowych.<\/p>\n<p style=\"margin: 15px 0; line-height: 1.8; clear: both; display: block; width: 100%; float: none; position: static;\">Dwa \u017cebra na usztywniaj\u0105 opon\u0119 zapewniaj\u0105c wi\u0119ksz\u0105 stabilno\u015b\u0107 poprzeczn\u0105 i pewniejsze prowadzenie pojazdu w zakr\u0119tach. Opatentowana technologia I.B.S to specjalna konstrukcja \u017c\u0142obie\u0144 bie\u017cnika, kt\u00f3re odpowiadaj\u0105 za lepszy kontakt opony z nawierzchni\u0105, a co za tym idzie lepsz\u0105 trakcj\u0119 i efektywno\u015b\u0107 przenoszenia si\u0142 nap\u0119dowych i hamuj\u0105cych w zmiennych warunkach zimowej pory roku.<\/p>\n<p style=\"margin: 15px 0; line-height: 1.8; clear: both; display: block; width: 100%; float: none; position: static;\">Mieszanka gumowa u\u017cyta do produkcji opony powsta\u0142a w oparciu o technologi\u0119 Temperature Dynamic Compound (TDC) odporna jest na zmiany temperatury, dzi\u0119ki czemu opona zachowuje bardzo dobre charakterystyki w r\u00f3\u017cnych warunkach pogodowych. Zapewnia to doskona\u0142\u0105 przyczepno\u015b\u0107 i trakcyjno\u015b\u0107 oraz kr\u00f3tsz\u0105 drog\u0119 hamowania, co przek\u0142ada si\u0119 na zwi\u0119kszenie bezpiecze\u0144stwa jazdy.<\/p>\n<\/div>\n<\/div>\n<\/div>\n<div style=\"clear: both; display: block; margin: 10px 0;\">\n<div style=\"clear: both; display: block; margin: 10px 0;\">\n<div style=\"clear: both; display: block; margin: 10px 0;\">\n<div  style=\"max-width:747px;max-height:1024px\">\n<div style=\"clear: both; display: block; margin: 10px 0;\">\n<div style=\"clear: both; width: 100%; display: block; margin: 20px 0; padding: 0; float: none; position: static; text-align: center;\"><img decoding=\"async\"  src=\"https:\/\/a.allegroimg.com\/original\/11b761\/c2afa4f44190bdcd115d1919079d\/2x-Pirelli-Winter-Sottozero-Serie-II-295-30R20-97V-Z132A-Kod-producenta-1864300\" srcset=\"https:\/\/a.allegroimg.com\/original\/11b761\/c2afa4f44190bdcd115d1919079d\/2x-Pirelli-Winter-Sottozero-Serie-II-295-30R20-97V-Z132A-Kod-producenta-1864300 262w,https:\/\/a.allegroimg.com\/original\/11b761\/c2afa4f44190bdcd115d1919079d\/2x-Pirelli-Winter-Sottozero-Serie-II-295-30R20-97V-Z132A-Kod-producenta-1864300 525w,https:\/\/a.allegroimg.com\/original\/11b761\/c2afa4f44190bdcd115d1919079d\/2x-Pirelli-Winter-Sottozero-Serie-II-295-30R20-97V-Z132A-Kod-producenta-1864300 747w,https:\/\/a.allegroimg.com\/original\/11b761\/c2afa4f44190bdcd115d1919079d\/2x-Pirelli-Winter-Sottozero-Serie-II-295-30R20-97V-Z132A-Kod-producenta-1864300 747w\" sizes=\"(min-width: 1200px) 560px, (min-width: 992px) 50vw, 100vw\" width=\"747px\" alt=\"2x Pirelli Winter Sottozero Serie II 295\/30R20 97V Z132A Kod producenta 1864300\" style=\"max-width: 100%; height: auto; display: block; margin: 0 auto;\"><\/div>\n<\/div>\n<\/div>\n<\/div>\n<\/div>\n<div style=\"clear: both; display: block; margin: 10px 0;\">\n<div style=\"clear: both; display: block; margin: 10px 0;\">\n<div  style=\"max-width:689px;max-height:1024px\">\n<div style=\"clear: both; display: block; margin: 10px 0;\">\n<div style=\"clear: both; width: 100%; display: block; margin: 20px 0; padding: 0; float: none; position: static; text-align: center;\"><img decoding=\"async\"  src=\"https:\/\/a.allegroimg.com\/original\/112325\/7a48b9ac451d93e73a190034cc1a\/2x-Pirelli-Winter-Sottozero-Serie-II-295-30R20-97V-Z132A-Model-Winter-SottoZero-Serie-II\" srcset=\"https:\/\/a.allegroimg.com\/original\/112325\/7a48b9ac451d93e73a190034cc1a\/2x-Pirelli-Winter-Sottozero-Serie-II-295-30R20-97V-Z132A-Model-Winter-SottoZero-Serie-II 242w,https:\/\/a.allegroimg.com\/original\/112325\/7a48b9ac451d93e73a190034cc1a\/2x-Pirelli-Winter-Sottozero-Serie-II-295-30R20-97V-Z132A-Model-Winter-SottoZero-Serie-II 484w,https:\/\/a.allegroimg.com\/original\/112325\/7a48b9ac451d93e73a190034cc1a\/2x-Pirelli-Winter-Sottozero-Serie-II-295-30R20-97V-Z132A-Model-Winter-SottoZero-Serie-II 689w,https:\/\/a.allegroimg.com\/original\/112325\/7a48b9ac451d93e73a190034cc1a\/2x-Pirelli-Winter-Sottozero-Serie-II-295-30R20-97V-Z132A-Model-Winter-SottoZero-Serie-II 689w\" sizes=\"(min-width: 1200px) 560px, (min-width: 992px) 50vw, 100vw\" width=\"689px\" alt=\"2x Pirelli Winter Sottozero Serie II 295\/30R20 97V Z132A Model Winter SottoZero Serie II\" style=\"max-width: 100%; height: auto; display: block; margin: 0 auto;\"><\/div>\n<\/div>\n<\/div>\n<\/div>\n<\/div>\n<\/div>\n<div style=\"clear: both; display: block; margin: 10px 0;\">\n<div style=\"clear: both; display: block; margin: 10px 0;\">\n<div style=\"clear: both; display: block; margin: 10px 0;\">\n<div  style=\"max-width:1440px;max-height:811px\">\n<div style=\"clear: both; display: block; margin: 10px 0;\">\n<div style=\"clear: both; width: 100%; display: block; margin: 20px 0; padding: 0; float: none; position: static; text-align: center;\"><img decoding=\"async\"  src=\"https:\/\/a.allegroimg.com\/original\/11884b\/d0c53256426588cb0a87e91cd7d0\/2x-Pirelli-Winter-Sottozero-Serie-II-295-30R20-97V-Z132A-Marka-Pirelli\" srcset=\"https:\/\/a.allegroimg.com\/original\/11884b\/d0c53256426588cb0a87e91cd7d0\/2x-Pirelli-Winter-Sottozero-Serie-II-295-30R20-97V-Z132A-Marka-Pirelli 360w,https:\/\/a.allegroimg.com\/original\/11884b\/d0c53256426588cb0a87e91cd7d0\/2x-Pirelli-Winter-Sottozero-Serie-II-295-30R20-97V-Z132A-Marka-Pirelli 720w,https:\/\/a.allegroimg.com\/original\/11884b\/d0c53256426588cb0a87e91cd7d0\/2x-Pirelli-Winter-Sottozero-Serie-II-295-30R20-97V-Z132A-Marka-Pirelli 1024w,https:\/\/a.allegroimg.com\/original\/11884b\/d0c53256426588cb0a87e91cd7d0\/2x-Pirelli-Winter-Sottozero-Serie-II-295-30R20-97V-Z132A-Marka-Pirelli 1440w,https:\/\/a.allegroimg.com\/original\/11884b\/d0c53256426588cb0a87e91cd7d0\/2x-Pirelli-Winter-Sottozero-Serie-II-295-30R20-97V-Z132A-Marka-Pirelli 1440w\" sizes=\"100vw\" width=\"1440px\" alt=\"2x Pirelli Winter Sottozero Serie II 295\/30R20 97V Z132A Marka Pirelli\" style=\"max-width: 100%; height: auto; display: block; margin: 0 auto;\"><\/div>\n<\/div>\n<\/div>\n<\/div>\n<\/div>\n<\/div>\n<div style=\"clear: both; display: block; margin: 10px 0;\">\n<div style=\"clear: both; display: block; margin: 10px 0;\">\n<div style=\"clear: both; display: block; margin: 10px 0;\">\n<div  style=\"max-width:1659px;max-height:2560px\">\n<div style=\"clear: both; display: block; margin: 10px 0;\">\n<div style=\"clear: both; width: 100%; display: block; margin: 20px 0; padding: 0; float: none; position: static; text-align: center;\"><img decoding=\"async\"  src=\"https:\/\/a.allegroimg.com\/original\/11252c\/8e35e52c4992ba82dad635af78d9\/2x-Pirelli-Winter-Sottozero-Serie-II-295-30R20-97V-Z132A-Rok-produkcji-2019\" srcset=\"https:\/\/a.allegroimg.com\/original\/11252c\/8e35e52c4992ba82dad635af78d9\/2x-Pirelli-Winter-Sottozero-Serie-II-295-30R20-97V-Z132A-Rok-produkcji-2019 233w,https:\/\/a.allegroimg.com\/original\/11252c\/8e35e52c4992ba82dad635af78d9\/2x-Pirelli-Winter-Sottozero-Serie-II-295-30R20-97V-Z132A-Rok-produkcji-2019 466w,https:\/\/a.allegroimg.com\/original\/11252c\/8e35e52c4992ba82dad635af78d9\/2x-Pirelli-Winter-Sottozero-Serie-II-295-30R20-97V-Z132A-Rok-produkcji-2019 663w,https:\/\/a.allegroimg.com\/original\/11252c\/8e35e52c4992ba82dad635af78d9\/2x-Pirelli-Winter-Sottozero-Serie-II-295-30R20-97V-Z132A-Rok-produkcji-2019 933w,https:\/\/a.allegroimg.com\/original\/11252c\/8e35e52c4992ba82dad635af78d9\/2x-Pirelli-Winter-Sottozero-Serie-II-295-30R20-97V-Z132A-Rok-produkcji-2019 1659w\" sizes=\"100vw\" width=\"1659px\" alt=\"2x Pirelli Winter Sottozero Serie II 295\/30R20 97V Z132A Rok produkcji 2019\" style=\"max-width: 100%; height: auto; display: block; margin: 0 auto;\"><\/div>\n<\/div>\n<\/div>\n<\/div>\n<\/div>\n<\/div>\n<div style=\"clear: both; display: block; margin: 10px 0;\">\n<div style=\"clear: both; display: block; margin: 10px 0;\">\n<div style=\"clear: both; display: block; margin: 10px 0;\">\n<div  style=\"max-width:720px;max-height:210px\">\n<div style=\"clear: both; display: block; margin: 10px 0;\">\n<div style=\"clear: both; width: 100%; display: block; margin: 20px 0; padding: 0; float: none; position: static; text-align: center;\"><img decoding=\"async\"  src=\"https:\/\/a.allegroimg.com\/original\/11bfb1\/9df13aeb428dbb54b5f2ad0d2ca7\/2x-Pirelli-Winter-Sottozero-Serie-II-295-30R20-97V-Z132A-Szerokosc-opony-295-mm\" srcset=\"https:\/\/a.allegroimg.com\/original\/11bfb1\/9df13aeb428dbb54b5f2ad0d2ca7\/2x-Pirelli-Winter-Sottozero-Serie-II-295-30R20-97V-Z132A-Szerokosc-opony-295-mm 360w,https:\/\/a.allegroimg.com\/original\/11bfb1\/9df13aeb428dbb54b5f2ad0d2ca7\/2x-Pirelli-Winter-Sottozero-Serie-II-295-30R20-97V-Z132A-Szerokosc-opony-295-mm 720w,https:\/\/a.allegroimg.com\/original\/11bfb1\/9df13aeb428dbb54b5f2ad0d2ca7\/2x-Pirelli-Winter-Sottozero-Serie-II-295-30R20-97V-Z132A-Szerokosc-opony-295-mm 720w\" sizes=\"(min-width: 1200px) 560px, (min-width: 992px) 50vw, 100vw\" width=\"720px\" alt=\"2x Pirelli Winter Sottozero Serie II 295\/30R20 97V Z132A Szeroko\u015b\u0107 opony 295 mm\" style=\"max-width: 100%; height: auto; display: block; margin: 0 auto;\"><\/div>\n<\/div>\n<\/div>\n<\/div>\n<\/div>\n<div style=\"clear: both; display: block; margin: 10px 0;\">\n<div style=\"clear: both; display: block; margin: 10px 0;\">\n<div  style=\"max-width:720px;max-height:227px\">\n<div style=\"clear: both; display: block; margin: 10px 0;\">\n<div style=\"clear: both; width: 100%; display: block; margin: 20px 0; padding: 0; float: none; position: static; text-align: center;\"><img decoding=\"async\"  src=\"https:\/\/a.allegroimg.com\/original\/115c6f\/bf7cb4e74f9eb62dcb79f59fcb25\/2x-Pirelli-Winter-Sottozero-Serie-II-295-30R20-97V-Z132A-Kod-EPREL-594293\" srcset=\"https:\/\/a.allegroimg.com\/original\/115c6f\/bf7cb4e74f9eb62dcb79f59fcb25\/2x-Pirelli-Winter-Sottozero-Serie-II-295-30R20-97V-Z132A-Kod-EPREL-594293 360w,https:\/\/a.allegroimg.com\/original\/115c6f\/bf7cb4e74f9eb62dcb79f59fcb25\/2x-Pirelli-Winter-Sottozero-Serie-II-295-30R20-97V-Z132A-Kod-EPREL-594293 720w,https:\/\/a.allegroimg.com\/original\/115c6f\/bf7cb4e74f9eb62dcb79f59fcb25\/2x-Pirelli-Winter-Sottozero-Serie-II-295-30R20-97V-Z132A-Kod-EPREL-594293 720w\" sizes=\"(min-width: 1200px) 560px, (min-width: 992px) 50vw, 100vw\" width=\"720px\" alt=\"2x Pirelli Winter Sottozero Serie II 295\/30R20 97V Z132A Kod EPREL 594293\" style=\"max-width: 100%; height: auto; display: block; margin: 0 auto;\"><\/div>\n<\/div>\n<\/div>\n<\/div>\n<\/div>\n<\/div>\n<div style=\"clear: both; display: block; margin: 10px 0;\">\n<div style=\"clear: both; display: block; margin: 10px 0;\">\n<div style=\"clear: both; display: block; margin: 10px 0;\">\n<div  style=\"max-width:720px;max-height:347px\">\n<div style=\"clear: both; display: block; margin: 10px 0;\">\n<div style=\"clear: both; width: 100%; display: block; margin: 20px 0; padding: 0; float: none; position: static; text-align: center;\"><img decoding=\"async\"  src=\"https:\/\/a.allegroimg.com\/original\/118f3a\/ccc5712040e292b78e64f42a6453\/2x-Pirelli-Winter-Sottozero-Serie-II-295-30R20-97V-Z132A-Srednica-20\" srcset=\"https:\/\/a.allegroimg.com\/original\/118f3a\/ccc5712040e292b78e64f42a6453\/2x-Pirelli-Winter-Sottozero-Serie-II-295-30R20-97V-Z132A-Srednica-20 360w,https:\/\/a.allegroimg.com\/original\/118f3a\/ccc5712040e292b78e64f42a6453\/2x-Pirelli-Winter-Sottozero-Serie-II-295-30R20-97V-Z132A-Srednica-20 720w,https:\/\/a.allegroimg.com\/original\/118f3a\/ccc5712040e292b78e64f42a6453\/2x-Pirelli-Winter-Sottozero-Serie-II-295-30R20-97V-Z132A-Srednica-20 720w\" sizes=\"(min-width: 1200px) 560px, (min-width: 992px) 50vw, 100vw\" width=\"720px\" alt=\"2x Pirelli Winter Sottozero Serie II 295\/30R20 97V Z132A \u015arednica 20&quot;\" style=\"max-width: 100%; height: auto; display: block; margin: 0 auto;\"><\/div>\n<\/div>\n<\/div>\n<\/div>\n<\/div>\n<div style=\"clear: both; display: block; margin: 10px 0;\">\n<div style=\"clear: both; display: block; margin: 10px 0;\">\n<div  style=\"max-width:720px;max-height:343px\">\n<div style=\"clear: both; display: block; margin: 10px 0;\">\n<div style=\"clear: both; width: 100%; display: block; margin: 20px 0; padding: 0; float: none; position: static; text-align: center;\"><img decoding=\"async\"  src=\"https:\/\/a.allegroimg.com\/original\/118934\/16d603c943ec952d06a2178d8e96\/2x-Pirelli-Winter-Sottozero-Serie-II-295-30R20-97V-Z132A-Profil-opony-30\" srcset=\"https:\/\/a.allegroimg.com\/original\/118934\/16d603c943ec952d06a2178d8e96\/2x-Pirelli-Winter-Sottozero-Serie-II-295-30R20-97V-Z132A-Profil-opony-30 360w,https:\/\/a.allegroimg.com\/original\/118934\/16d603c943ec952d06a2178d8e96\/2x-Pirelli-Winter-Sottozero-Serie-II-295-30R20-97V-Z132A-Profil-opony-30 720w,https:\/\/a.allegroimg.com\/original\/118934\/16d603c943ec952d06a2178d8e96\/2x-Pirelli-Winter-Sottozero-Serie-II-295-30R20-97V-Z132A-Profil-opony-30 720w\" sizes=\"(min-width: 1200px) 560px, (min-width: 992px) 50vw, 100vw\" width=\"720px\" alt=\"2x Pirelli Winter Sottozero Serie II 295\/30R20 97V Z132A Profil opony 30\" style=\"max-width: 100%; height: auto; display: block; margin: 0 auto;\"><\/div>\n<\/div>\n<\/div>\n<\/div>\n<\/div>\n<\/div>\n<div style=\"clear: both; display: block; margin: 10px 0;\">\n<div style=\"clear: both; display: block; margin: 10px 0;\">\n<div style=\"clear: both; display: block; margin: 10px 0;\">\n<div  style=\"max-width:1440px;max-height:1079px\">\n<div style=\"clear: both; display: block; margin: 10px 0;\">\n<div style=\"clear: both; width: 100%; display: block; margin: 20px 0; padding: 0; float: none; position: static; text-align: center;\"><img decoding=\"async\"  src=\"https:\/\/a.allegroimg.com\/original\/1165cd\/cba3648d428db5bdef828ce2fcb5\/2x-Pirelli-Winter-Sottozero-Serie-II-295-30R20-97V-Z132A-Klasa-premium\" srcset=\"https:\/\/a.allegroimg.com\/original\/1165cd\/cba3648d428db5bdef828ce2fcb5\/2x-Pirelli-Winter-Sottozero-Serie-II-295-30R20-97V-Z132A-Klasa-premium 360w,https:\/\/a.allegroimg.com\/original\/1165cd\/cba3648d428db5bdef828ce2fcb5\/2x-Pirelli-Winter-Sottozero-Serie-II-295-30R20-97V-Z132A-Klasa-premium 720w,https:\/\/a.allegroimg.com\/original\/1165cd\/cba3648d428db5bdef828ce2fcb5\/2x-Pirelli-Winter-Sottozero-Serie-II-295-30R20-97V-Z132A-Klasa-premium 1024w,https:\/\/a.allegroimg.com\/original\/1165cd\/cba3648d428db5bdef828ce2fcb5\/2x-Pirelli-Winter-Sottozero-Serie-II-295-30R20-97V-Z132A-Klasa-premium 1440w,https:\/\/a.allegroimg.com\/original\/1165cd\/cba3648d428db5bdef828ce2fcb5\/2x-Pirelli-Winter-Sottozero-Serie-II-295-30R20-97V-Z132A-Klasa-premium 1440w\" sizes=\"100vw\" width=\"1440px\" alt=\"2x Pirelli Winter Sottozero Serie II 295\/30R20 97V Z132A Klasa premium\" style=\"max-width: 100%; height: auto; display: block; margin: 0 auto;\"><\/div>\n<\/div>\n<\/div>\n<\/div>\n<\/div>\n<\/div>\n<\/div>\n<\/div>\n<\/div>\n<div style=\"clear: both; display: block; margin: 10px 0;\">\n","protected":false},"excerpt":{"rendered":"<p>Opona zimowa Pirelli Winter SottoZero Serie II 295\/30R20 97 V<\/p>\n<p>Cechy produktu:<\/p>\n<p>sezon: zimowe<\/p>\n<p>szeroko\u015b\u0107\/profil\/\u015brednica: 295\/30R20<\/p>\n<p>indeks pr\u0119dko\u015bci: V do 240 km\/h<\/p>\n<p>indeks no\u015bno\u015bci: 97 &#8211; 730 kg<\/p>\n<p>homologacja: N0<\/p>\n<p>Rocznik: 2019<\/p>\n","protected":false},"featured_media":13772,"template":"","meta":{"_uag_custom_page_level_css":""},"product_brand":[433],"product_cat":[414,413,412,415],"product_tag":[],"class_list":{"0":"post-13771","1":"product","2":"type-product","3":"status-publish","4":"has-post-thumbnail","6":"product_brand-pirelli","7":"product_cat-do-samochodow-osobowych-i-suv","8":"product_cat-opony","9":"product_cat-opony-i-felgi","10":"product_cat-zimowe","12":"first","13":"instock","14":"shipping-taxable","15":"purchasable","16":"product-type-simple"},"uagb_featured_image_src":{"full":["https:\/\/oponixo.shop\/tire\/wp-content\/uploads\/2026\/01\/allegro-image-13771.jpg",398,627,false],"thumbnail":["https:\/\/oponixo.shop\/tire\/wp-content\/uploads\/2026\/01\/allegro-image-13771-150x150.jpg",150,150,true],"medium":["https:\/\/oponixo.shop\/tire\/wp-content\/uploads\/2026\/01\/allegro-image-13771-190x300.jpg",190,300,true],"medium_large":["https:\/\/oponixo.shop\/tire\/wp-content\/uploads\/2026\/01\/allegro-image-13771.jpg",398,627,false],"large":["https:\/\/oponixo.shop\/tire\/wp-content\/uploads\/2026\/01\/allegro-image-13771.jpg",398,627,false],"1536x1536":["https:\/\/oponixo.shop\/tire\/wp-content\/uploads\/2026\/01\/allegro-image-13771.jpg",398,627,false],"2048x2048":["https:\/\/oponixo.shop\/tire\/wp-content\/uploads\/2026\/01\/allegro-image-13771.jpg",398,627,false],"woocommerce_thumbnail":["https:\/\/oponixo.shop\/tire\/wp-content\/uploads\/2026\/01\/allegro-image-13771-300x300.jpg",300,300,true],"woocommerce_single":["https:\/\/oponixo.shop\/tire\/wp-content\/uploads\/2026\/01\/allegro-image-13771.jpg",398,627,false],"woocommerce_gallery_thumbnail":["https:\/\/oponixo.shop\/tire\/wp-content\/uploads\/2026\/01\/allegro-image-13771-100x100.jpg",100,100,true]},"uagb_author_info":{"display_name":"admin","author_link":"https:\/\/oponixo.shop\/tire\/author\/"},"uagb_comment_info":0,"uagb_excerpt":"Opona zimowa Pirelli Winter SottoZero Serie II 295\/30R20 97 V Cechy produktu: sezon: zimowe szeroko\u015b\u0107\/profil\/\u015brednica: 295\/30R20 indeks pr\u0119dko\u015bci: V do 240 km\/h indeks no\u015bno\u015bci: 97 - 730 kg homologacja: N0 Rocznik: 2019","_links":{"self":[{"href":"https:\/\/oponixo.shop\/tire\/wp-json\/wp\/v2\/product\/13771","targetHints":{"allow":["GET"]}}],"collection":[{"href":"https:\/\/oponixo.shop\/tire\/wp-json\/wp\/v2\/product"}],"about":[{"href":"https:\/\/oponixo.shop\/tire\/wp-json\/wp\/v2\/types\/product"}],"wp:featuredmedia":[{"embeddable":true,"href":"https:\/\/oponixo.shop\/tire\/wp-json\/wp\/v2\/media\/13772"}],"wp:attachment":[{"href":"https:\/\/oponixo.shop\/tire\/wp-json\/wp\/v2\/media?parent=13771"}],"wp:term":[{"taxonomy":"product_brand","embeddable":true,"href":"https:\/\/oponixo.shop\/tire\/wp-json\/wp\/v2\/product_brand?post=13771"},{"taxonomy":"product_cat","embeddable":true,"href":"https:\/\/oponixo.shop\/tire\/wp-json\/wp\/v2\/product_cat?post=13771"},{"taxonomy":"product_tag","embeddable":true,"href":"https:\/\/oponixo.shop\/tire\/wp-json\/wp\/v2\/product_tag?post=13771"}],"curies":[{"name":"wp","href":"https:\/\/api.w.org\/{rel}","templated":true}]}}