{"id":13808,"date":"2026-01-09T10:35:22","date_gmt":"2026-01-09T09:35:22","guid":{"rendered":"https:\/\/oponyspeed.shop\/xef5\/produkt\/2x-opony-zimowe-245-70r16-107q-iceguard-g075-yokohama\/"},"modified":"2026-01-09T10:35:24","modified_gmt":"2026-01-09T09:35:24","slug":"2x-opony-zimowe-245-70r16-107q-iceguard-g075-yokohama","status":"publish","type":"product","link":"https:\/\/oponixo.shop\/tire\/produkt\/2x-opony-zimowe-245-70r16-107q-iceguard-g075-yokohama\/","title":{"rendered":"2x Opony zimowe 245\/70R16 107Q iceGUARD G075 YOKOHAMA"},"content":{"rendered":"<div style=\"font-family: Arial, sans-serif; line-height: 1.6; color: #333; padding: 20px; clear: both; display: block; width: 100%; float: none; position: static; overflow: hidden;\">\n<div style=\"clear: both; display: block; margin: 10px 0;\">\n<div style=\"clear: both; display: block; margin: 10px 0;\">\n<div style=\"clear: both; display: block; margin: 10px 0;\">\n<h1>2x Opony zimowe 245\/70R16 107Q iceGUARD G075 YOKOHAMA<\/h1>\n<\/div>\n<\/div>\n<\/div>\n<div style=\"clear: both; display: block; margin: 10px 0;\">\n<div style=\"clear: both; display: block; margin: 10px 0;\">\n<div style=\"clear: both; display: block; margin: 10px 0;\">\n<div  style=\"max-width:1440px;max-height:100px\">\n<div style=\"clear: both; display: block; margin: 10px 0;\">\n<div style=\"clear: both; width: 100%; display: block; margin: 20px 0; padding: 0; float: none; position: static; text-align: center;\"><img decoding=\"async\"  src=\"https:\/\/a.allegroimg.com\/original\/11a969\/84330ff84761a7631e9a9efc0ae2\/2x-Opony-zimowe-245-70R16-107Q-iceGUARD-G075-YOKOHAMA-Profil-opony-70\" srcset=\"https:\/\/a.allegroimg.com\/original\/11a969\/84330ff84761a7631e9a9efc0ae2\/2x-Opony-zimowe-245-70R16-107Q-iceGUARD-G075-YOKOHAMA-Profil-opony-70 360w,https:\/\/a.allegroimg.com\/original\/11a969\/84330ff84761a7631e9a9efc0ae2\/2x-Opony-zimowe-245-70R16-107Q-iceGUARD-G075-YOKOHAMA-Profil-opony-70 720w,https:\/\/a.allegroimg.com\/original\/11a969\/84330ff84761a7631e9a9efc0ae2\/2x-Opony-zimowe-245-70R16-107Q-iceGUARD-G075-YOKOHAMA-Profil-opony-70 1024w,https:\/\/a.allegroimg.com\/original\/11a969\/84330ff84761a7631e9a9efc0ae2\/2x-Opony-zimowe-245-70R16-107Q-iceGUARD-G075-YOKOHAMA-Profil-opony-70 1440w,https:\/\/a.allegroimg.com\/original\/11a969\/84330ff84761a7631e9a9efc0ae2\/2x-Opony-zimowe-245-70R16-107Q-iceGUARD-G075-YOKOHAMA-Profil-opony-70 1440w\" sizes=\"100vw\" width=\"1440px\" alt=\"2x Opony zimowe 245\/70R16 107Q iceGUARD G075 YOKOHAMA Profil opony 70\" style=\"max-width: 100%; height: auto; display: block; margin: 0 auto;\"><\/div>\n<\/div>\n<\/div>\n<\/div>\n<\/div>\n<\/div>\n<div style=\"clear: both; display: block; margin: 10px 0;\">\n<div style=\"clear: both; display: block; margin: 10px 0;\">\n<div style=\"clear: both; display: block; margin: 10px 0;\">\n<div  style=\"max-width:1940px;max-height:2560px\">\n<div style=\"clear: both; display: block; margin: 10px 0;\">\n<div style=\"clear: both; width: 100%; display: block; margin: 20px 0; padding: 0; float: none; position: static; text-align: center;\"><img decoding=\"async\"  src=\"https:\/\/a.allegroimg.com\/original\/11457a\/11b204da40c48a23a6ac6d46d422\/2x-Opony-zimowe-245-70R16-107Q-iceGUARD-G075-YOKOHAMA-Liczba-opon-w-ofercie-2-szt\" srcset=\"https:\/\/a.allegroimg.com\/original\/11457a\/11b204da40c48a23a6ac6d46d422\/2x-Opony-zimowe-245-70R16-107Q-iceGUARD-G075-YOKOHAMA-Liczba-opon-w-ofercie-2-szt 272w,https:\/\/a.allegroimg.com\/original\/11457a\/11b204da40c48a23a6ac6d46d422\/2x-Opony-zimowe-245-70R16-107Q-iceGUARD-G075-YOKOHAMA-Liczba-opon-w-ofercie-2-szt 545w,https:\/\/a.allegroimg.com\/original\/11457a\/11b204da40c48a23a6ac6d46d422\/2x-Opony-zimowe-245-70R16-107Q-iceGUARD-G075-YOKOHAMA-Liczba-opon-w-ofercie-2-szt 776w,https:\/\/a.allegroimg.com\/original\/11457a\/11b204da40c48a23a6ac6d46d422\/2x-Opony-zimowe-245-70R16-107Q-iceGUARD-G075-YOKOHAMA-Liczba-opon-w-ofercie-2-szt 1091w,https:\/\/a.allegroimg.com\/original\/11457a\/11b204da40c48a23a6ac6d46d422\/2x-Opony-zimowe-245-70R16-107Q-iceGUARD-G075-YOKOHAMA-Liczba-opon-w-ofercie-2-szt 1940w\" sizes=\"(min-width: 1200px) 560px, (min-width: 992px) 50vw, 100vw\" width=\"1940px\" alt=\"2x Opony zimowe 245\/70R16 107Q iceGUARD G075 YOKOHAMA Liczba opon w ofercie 2 szt.\" style=\"max-width: 100%; height: auto; display: block; margin: 0 auto;\"><\/div>\n<\/div>\n<\/div>\n<\/div>\n<\/div>\n<div style=\"clear: both; display: block; margin: 10px 0;\">\n<div style=\"clear: both; display: block; margin: 10px 0;\">\n<h1>YOKOHAMA iceGUARD G075 245\/70R16<\/h1>\n<h3 style=\"color: #2c5aa0; font-size: 18px; margin: 30px 0 15px 0; font-weight: bold; clear: both; display: block; width: 100%; float: none; position: static;\">Dane podstawowe<\/h3>\n<p style=\"margin: 15px 0; line-height: 1.8; clear: both; display: block; width: 100%; float: none; position: static;\"><b>Stan:<\/b> Opony fabrycznie nowe<\/p>\n<p style=\"margin: 15px 0; line-height: 1.8; clear: both; display: block; width: 100%; float: none; position: static;\"><b>Producent:<\/b> YOKOHAMA<\/p>\n<p style=\"margin: 15px 0; line-height: 1.8; clear: both; display: block; width: 100%; float: none; position: static;\"><b>Model:<\/b> iceGUARD G075<\/p>\n<p style=\"margin: 15px 0; line-height: 1.8; clear: both; display: block; width: 100%; float: none; position: static;\"><b>Klasa opon:<\/b> Premium<\/p>\n<p style=\"margin: 15px 0; line-height: 1.8; clear: both; display: block; width: 100%; float: none; position: static;\"><b>Sezon:<\/b> Opony zimowe<\/p>\n<p style=\"margin: 15px 0; line-height: 1.8; clear: both; display: block; width: 100%; float: none; position: static;\"><b>Szeroko\u015b\u0107:<\/b> 245<\/p>\n<p style=\"margin: 15px 0; line-height: 1.8; clear: both; display: block; width: 100%; float: none; position: static;\"><b>Profil:<\/b> 70<\/p>\n<p style=\"margin: 15px 0; line-height: 1.8; clear: both; display: block; width: 100%; float: none; position: static;\"><b>\u015arednica:<\/b> 16<\/p>\n<p style=\"margin: 15px 0; line-height: 1.8; clear: both; display: block; width: 100%; float: none; position: static;\"><b>Indeks pr\u0119dko\u015bci:<\/b> Q &#8211; do 160 km\/h<\/p>\n<p style=\"margin: 15px 0; line-height: 1.8; clear: both; display: block; width: 100%; float: none; position: static;\"><b>Indeks no\u015bno\u015bci:<\/b> 107 &#8211; 975 kg na opon\u0119<\/p>\n<p style=\"margin: 15px 0; line-height: 1.8; clear: both; display: block; width: 100%; float: none; position: static;\"><b>Rok produkcji:<\/b> 2024<\/p>\n<\/div>\n<\/div>\n<\/div>\n<div style=\"clear: both; display: block; margin: 10px 0;\">\n<div style=\"clear: both; display: block; margin: 10px 0;\">\n<div style=\"clear: both; display: block; margin: 10px 0;\">\n<div  style=\"max-width:2560px;max-height:2560px\">\n<div style=\"clear: both; display: block; margin: 10px 0;\">\n<div style=\"clear: both; width: 100%; display: block; margin: 20px 0; padding: 0; float: none; position: static; text-align: center;\"><img decoding=\"async\"  src=\"https:\/\/a.allegroimg.com\/original\/11443d\/8923d1d846e89ae2eb1fa17dcee4\/2x-Opony-zimowe-245-70R16-107Q-iceGUARD-G075-YOKOHAMA-Rok-produkcji-2024\" srcset=\"https:\/\/a.allegroimg.com\/original\/11443d\/8923d1d846e89ae2eb1fa17dcee4\/2x-Opony-zimowe-245-70R16-107Q-iceGUARD-G075-YOKOHAMA-Rok-produkcji-2024 360w,https:\/\/a.allegroimg.com\/original\/11443d\/8923d1d846e89ae2eb1fa17dcee4\/2x-Opony-zimowe-245-70R16-107Q-iceGUARD-G075-YOKOHAMA-Rok-produkcji-2024 720w,https:\/\/a.allegroimg.com\/original\/11443d\/8923d1d846e89ae2eb1fa17dcee4\/2x-Opony-zimowe-245-70R16-107Q-iceGUARD-G075-YOKOHAMA-Rok-produkcji-2024 1024w,https:\/\/a.allegroimg.com\/original\/11443d\/8923d1d846e89ae2eb1fa17dcee4\/2x-Opony-zimowe-245-70R16-107Q-iceGUARD-G075-YOKOHAMA-Rok-produkcji-2024 1440w,https:\/\/a.allegroimg.com\/original\/11443d\/8923d1d846e89ae2eb1fa17dcee4\/2x-Opony-zimowe-245-70R16-107Q-iceGUARD-G075-YOKOHAMA-Rok-produkcji-2024 2560w\" sizes=\"(min-width: 1200px) 560px, (min-width: 992px) 50vw, 100vw\" width=\"2560px\" alt=\"2x Opony zimowe 245\/70R16 107Q iceGUARD G075 YOKOHAMA Rok produkcji 2024\" style=\"max-width: 100%; height: auto; display: block; margin: 0 auto;\"><\/div>\n<\/div>\n<\/div>\n<\/div>\n<\/div>\n<div style=\"clear: both; display: block; margin: 10px 0;\">\n<div style=\"clear: both; display: block; margin: 10px 0;\">\n<h3 style=\"color: #2c5aa0; font-size: 18px; margin: 30px 0 15px 0; font-weight: bold; clear: both; display: block; width: 100%; float: none; position: static;\">Informacje szczeg\u00f3\u0142owe<\/h3>\n<p style=\"margin: 15px 0; line-height: 1.8; clear: both; display: block; width: 100%; float: none; position: static;\"><b>Op\u00f3r toczenia: <\/b>Klasa D<\/p>\n<p style=\"margin: 15px 0; line-height: 1.8; clear: both; display: block; width: 100%; float: none; position: static;\"><b>Przyczepno\u015b\u0107 na mokrej nawierzchni: <\/b>Klasa E<\/p>\n<p style=\"margin: 15px 0; line-height: 1.8; clear: both; display: block; width: 100%; float: none; position: static;\"><b>Poziom ha\u0142asu zewn\u0119trznego: <\/b>Klasa B<\/p>\n<p style=\"margin: 15px 0; line-height: 1.8; clear: both; display: block; width: 100%; float: none; position: static;\"><b>Ha\u0142as zewn\u0119trzny: <\/b>71 dB<\/p>\n<p style=\"margin: 15px 0; line-height: 1.8; clear: both; display: block; width: 100%; float: none; position: static;\"><b>Przeznaczenie: <\/b>Opona do samochod\u00f3w osobowych, SUV oraz z nap\u0119dem 4&#215;4<\/p>\n<p style=\"margin: 15px 0; line-height: 1.8; clear: both; display: block; width: 100%; float: none; position: static;\"><b>Kod producenta: <\/b>R1591<\/p>\n<p style=\"margin: 15px 0; line-height: 1.8; clear: both; display: block; width: 100%; float: none; position: static;\"><b>Kod QR: <\/b>eprel.ec.europa.eu\/qr\/638917<\/p>\n<\/div>\n<\/div>\n<\/div>\n<div style=\"clear: both; display: block; margin: 10px 0;\">\n<div style=\"clear: both; display: block; margin: 10px 0;\">\n<div style=\"clear: both; display: block; margin: 10px 0;\">\n<p style=\"margin: 15px 0; line-height: 1.8; clear: both; display: block; width: 100%; float: none; position: static;\">*Zdj\u0119cia przedstawione w ofercie maj\u0105 <b>charakter pogl\u0105dowy<\/b>. Rzeczywisty wygl\u0105d mo\u017ce r\u00f3\u017cni\u0107 si\u0119 od prezentowanego w zale\u017cno\u015bci od rozmiaru produktu.<\/p>\n<\/div>\n<\/div>\n<\/div>\n<div style=\"clear: both; display: block; margin: 10px 0;\">\n<div style=\"clear: both; display: block; margin: 10px 0;\">\n<div style=\"clear: both; display: block; margin: 10px 0;\">\n<h1>iceGUARD G075<\/h1>\n<p style=\"margin: 15px 0; line-height: 1.8; clear: both; display: block; width: 100%; float: none; position: static;\">Je\u015bli chodzi o podr\u00f3\u017c, mo\u017cesz mie\u0107 idealny plan, ale nie mo\u017cesz przewidzie\u0107 pogody. I w\u0142a\u015bnie dlatego zbudowali\u015bmy iceGUARD G075. Bez wzgl\u0119du na pogod\u0119 i stan, nasz iceGUARD G075 zapewnia niezawodn\u0105 przyczepno\u015b\u0107 SUV-om, crossoverom i lekkim ci\u0119\u017car\u00f3wkom przez ca\u0142\u0105 zim\u0119.<\/p>\n<h3 style=\"color: #2c5aa0; font-size: 18px; margin: 30px 0 15px 0; font-weight: bold; clear: both; display: block; width: 100%; float: none; position: static;\">Doskona\u0142a przyczepno\u015b\u0107 w zimie<\/h3>\n<p style=\"margin: 15px 0; line-height: 1.8; clear: both; display: block; width: 100%; float: none; position: static;\">Tr\u00f3jwymiarowe lamele i mikrokraw\u0119dzie zapewniaj\u0105 kraw\u0119dzie wgryzaj\u0105ce si\u0119 w \u015bnieg.<\/p>\n<h3 style=\"color: #2c5aa0; font-size: 18px; margin: 30px 0 15px 0; font-weight: bold; clear: both; display: block; width: 100%; float: none; position: static;\">Trwa\u0142o\u015b\u0107 na drodze<\/h3>\n<p style=\"margin: 15px 0; line-height: 1.8; clear: both; display: block; width: 100%; float: none; position: static;\">Trwa\u0142a mieszanka bie\u017cnika jest odporna na zu\u017cycie i zapewnia wi\u0119ksz\u0105 stabilno\u015b\u0107 pojazdom typu CUV i SUV.<\/p>\n<h3 style=\"color: #2c5aa0; font-size: 18px; margin: 30px 0 15px 0; font-weight: bold; clear: both; display: block; width: 100%; float: none; position: static;\">Oszcz\u0119dno\u015b\u0107 paliwa<\/h3>\n<p style=\"margin: 15px 0; line-height: 1.8; clear: both; display: block; width: 100%; float: none; position: static;\">Specjalna konstrukcja i mieszanka tworz\u0105 konstrukcj\u0119 oszcz\u0119dzaj\u0105c\u0105 paliwo.<\/p>\n<h3 style=\"color: #2c5aa0; font-size: 18px; margin: 30px 0 15px 0; font-weight: bold; clear: both; display: block; width: 100%; float: none; position: static;\">Precyzyjne prowadzenie<\/h3>\n<p style=\"margin: 15px 0; line-height: 1.8; clear: both; display: block; width: 100%; float: none; position: static;\">Charakterystyczny jednokierunkowy wz\u00f3r bie\u017cnika poprawia kontakt z drog\u0105, zapewniaj\u0105c lepsze prowadzenie w ka\u017cdych warunkach.<\/p>\n<\/p><\/div>\n<\/div>\n<\/div>\n<div style=\"clear: both; display: block; margin: 10px 0;\">\n<div style=\"clear: both; display: block; margin: 10px 0;\">\n<div style=\"clear: both; display: block; margin: 10px 0;\">\n<div  style=\"max-width:1000px;max-height:300px\">\n<div style=\"clear: both; display: block; margin: 10px 0;\">\n<div style=\"clear: both; width: 100%; display: block; margin: 20px 0; padding: 0; float: none; position: static; text-align: center;\"><img decoding=\"async\"  src=\"https:\/\/a.allegroimg.com\/original\/117fdc\/142a4c8a478d8aaaddf3e0479e63\/2x-Opony-zimowe-245-70R16-107Q-iceGUARD-G075-YOKOHAMA-Kod-producenta-R1591\" srcset=\"https:\/\/a.allegroimg.com\/original\/117fdc\/142a4c8a478d8aaaddf3e0479e63\/2x-Opony-zimowe-245-70R16-107Q-iceGUARD-G075-YOKOHAMA-Kod-producenta-R1591 360w,https:\/\/a.allegroimg.com\/original\/117fdc\/142a4c8a478d8aaaddf3e0479e63\/2x-Opony-zimowe-245-70R16-107Q-iceGUARD-G075-YOKOHAMA-Kod-producenta-R1591 720w,https:\/\/a.allegroimg.com\/original\/117fdc\/142a4c8a478d8aaaddf3e0479e63\/2x-Opony-zimowe-245-70R16-107Q-iceGUARD-G075-YOKOHAMA-Kod-producenta-R1591 1000w,https:\/\/a.allegroimg.com\/original\/117fdc\/142a4c8a478d8aaaddf3e0479e63\/2x-Opony-zimowe-245-70R16-107Q-iceGUARD-G075-YOKOHAMA-Kod-producenta-R1591 1000w\" sizes=\"100vw\" width=\"1000px\" alt=\"2x Opony zimowe 245\/70R16 107Q iceGUARD G075 YOKOHAMA Kod producenta R1591\" style=\"max-width: 100%; height: auto; display: block; margin: 0 auto;\"><\/div>\n<\/div>\n<\/div>\n<\/div>\n<\/div>\n<\/div>\n<div style=\"clear: both; display: block; margin: 10px 0;\">\n<div style=\"clear: both; display: block; margin: 10px 0;\">\n<div style=\"clear: both; display: block; margin: 10px 0;\">\n<h1>O producencie opon Yokohama<\/h1>\n<p style=\"margin: 15px 0; line-height: 1.8; clear: both; display: block; width: 100%; float: none; position: static;\">Yokohama to japo\u0144ski producent ogumienia samochodowego. Firma jest jednym z najwi\u0119kszych producent\u00f3w opon na \u015bwiecie. Yokohama powsta\u0142a w 1917 roku. W 1921 roku in\u017cynierowie firmy stworzyli opony kordowe. Kilkana\u015bcie lat p\u00f3\u017aniej Yokohama rozpocz\u0119\u0142a produkcj\u0119 opon do aut ci\u0119\u017carowych. W 1935 roku Yokohama rozpocz\u0119\u0142a dostarczanie opon na pierwszy monta\u017c do aut Nissan i Toyota. W 1969 roku firma otworzy\u0142a swoje przedstawicielstwa w USA i Kanadzie. Obecnie Yokohama produkuje szereg opon gumowych, a tak\u017ce r\u00f3\u017cnej ma\u015bci wyrob\u00f3w z gumy.<\/p>\n<\/div>\n<\/div>\n<\/div>\n<div style=\"clear: both; display: block; margin: 10px 0;\">\n<div style=\"clear: both; display: block; margin: 10px 0;\">\n<div style=\"clear: both; display: block; margin: 10px 0;\">\n<div  style=\"max-width:852px;max-height:1248px\">\n<div style=\"clear: both; display: block; margin: 10px 0;\">\n<div style=\"clear: both; width: 100%; display: block; margin: 20px 0; padding: 0; float: none; position: static; text-align: center;\"><img decoding=\"async\"  src=\"https:\/\/a.allegroimg.com\/original\/11c30c\/898b77f64729b081bfc87cc66ceb\/2x-Opony-zimowe-245-70R16-107Q-iceGUARD-G075-YOKOHAMA-Szerokosc-opony-245-mm\" srcset=\"https:\/\/a.allegroimg.com\/original\/11c30c\/898b77f64729b081bfc87cc66ceb\/2x-Opony-zimowe-245-70R16-107Q-iceGUARD-G075-YOKOHAMA-Szerokosc-opony-245-mm 245w,https:\/\/a.allegroimg.com\/original\/11c30c\/898b77f64729b081bfc87cc66ceb\/2x-Opony-zimowe-245-70R16-107Q-iceGUARD-G075-YOKOHAMA-Szerokosc-opony-245-mm 491w,https:\/\/a.allegroimg.com\/original\/11c30c\/898b77f64729b081bfc87cc66ceb\/2x-Opony-zimowe-245-70R16-107Q-iceGUARD-G075-YOKOHAMA-Szerokosc-opony-245-mm 699w,https:\/\/a.allegroimg.com\/original\/11c30c\/898b77f64729b081bfc87cc66ceb\/2x-Opony-zimowe-245-70R16-107Q-iceGUARD-G075-YOKOHAMA-Szerokosc-opony-245-mm 852w,https:\/\/a.allegroimg.com\/original\/11c30c\/898b77f64729b081bfc87cc66ceb\/2x-Opony-zimowe-245-70R16-107Q-iceGUARD-G075-YOKOHAMA-Szerokosc-opony-245-mm 852w\" sizes=\"(min-width: 1200px) 560px, (min-width: 992px) 50vw, 100vw\" width=\"852px\" alt=\"2x Opony zimowe 245\/70R16 107Q iceGUARD G075 YOKOHAMA Szeroko\u015b\u0107 opony 245 mm\" style=\"max-width: 100%; height: auto; display: block; margin: 0 auto;\"><\/div>\n<\/div>\n<\/div>\n<\/div>\n<\/div>\n<div style=\"clear: both; display: block; margin: 10px 0;\">\n<div style=\"clear: both; display: block; margin: 10px 0;\">\n<p style=\"margin: 15px 0; line-height: 1.8; clear: both; display: block; width: 100%; float: none; position: static;\"><b>Etykiety Unijne na oponach<\/b> pomagaj\u0105 konsumentom w podj\u0119ciu \u015bwiadomej decyzji o zakupie.<\/p>\n<p style=\"margin: 15px 0; line-height: 1.8; clear: both; display: block; width: 100%; float: none; position: static;\"><b>Op\u00f3r toczenia<\/b> w oponie jest wska\u017anikiem jej efektywno\u015bci energetycznej, co ma wp\u0142yw na zu\u017cycie paliwa oraz emisj\u0119 spalin. Klasa oporu toczenia waha si\u0119 od A (najwydajniejsza) do E (najni\u017csza).<\/p>\n<p style=\"margin: 15px 0; line-height: 1.8; clear: both; display: block; width: 100%; float: none; position: static;\"><b>Droga hamowania na mokrej nawierzchni<\/b> zale\u017cy od zdolno\u015bci opony do trzymania si\u0119 drogi na mokrej nawierzchni. Klasa A okre\u015bla najkr\u00f3tsz\u0105 drog\u0119, za\u015b E najd\u0142u\u017csz\u0105. Opona z etykiet\u0105 E hamuje 18 metr\u00f3w dalej w por\u00f3wnaniu z opon\u0105 z etykiet\u0105 A (procedura testowa, w kt\u00f3rej mierzy si\u0119 drog\u0119 hamowania od 80 km\/h do 5 km\/h na drodze pokrytej wod\u0105).<\/p>\n<p style=\"margin: 15px 0; line-height: 1.8; clear: both; display: block; width: 100%; float: none; position: static;\"><b>Ha\u0142as zewn\u0119trzny<\/b> odnosi si\u0119 do ha\u0142asu wytwarzanego przez opon\u0119 podczas przejazdu samochodu i jest mierzony w dB (decybelach). Ha\u0142as opon mierzony jest na zewn\u0105trz pojazdu co ma za zadanie ograniczy\u0107 negatywny wp\u0142yw na otoczenie.<\/p>\n<\/div>\n<\/div>\n<\/div>\n<\/div>\n<\/div>\n<\/div>\n<div style=\"clear: both; display: block; margin: 10px 0;\">\n","protected":false},"excerpt":{"rendered":"<p>2x Opony zimowe 245\/70R16 107Q iceGUARD G075 YOKOHAMA<\/p>\n<p>YOKOHAMA iceGUARD G075 245\/70R16<\/p>\n<p>Dane podstawowe<\/p>\n<p>Stan: Opony fabrycznie nowe<\/p>\n<p>Producent: YOKOHAMA<\/p>\n<p>Model: iceGUARD G075<\/p>\n<p>Klasa opon: Premium<\/p>\n<p>Sezon: Opony zimowe<\/p>\n","protected":false},"featured_media":13809,"template":"","meta":{"_uag_custom_page_level_css":""},"product_brand":[410],"product_cat":[414,413,412,415],"product_tag":[],"class_list":{"0":"post-13808","1":"product","2":"type-product","3":"status-publish","4":"has-post-thumbnail","6":"product_brand-yokohama","7":"product_cat-do-samochodow-osobowych-i-suv","8":"product_cat-opony","9":"product_cat-opony-i-felgi","10":"product_cat-zimowe","12":"first","13":"instock","14":"shipping-taxable","15":"purchasable","16":"product-type-simple"},"uagb_featured_image_src":{"full":["https:\/\/oponixo.shop\/tire\/wp-content\/uploads\/2026\/01\/allegro-image-13808.jpg",2560,2560,false],"thumbnail":["https:\/\/oponixo.shop\/tire\/wp-content\/uploads\/2026\/01\/allegro-image-13808-150x150.jpg",150,150,true],"medium":["https:\/\/oponixo.shop\/tire\/wp-content\/uploads\/2026\/01\/allegro-image-13808-300x300.jpg",300,300,true],"medium_large":["https:\/\/oponixo.shop\/tire\/wp-content\/uploads\/2026\/01\/allegro-image-13808-768x768.jpg",768,768,true],"large":["https:\/\/oponixo.shop\/tire\/wp-content\/uploads\/2026\/01\/allegro-image-13808-1024x1024.jpg",1024,1024,true],"1536x1536":["https:\/\/oponixo.shop\/tire\/wp-content\/uploads\/2026\/01\/allegro-image-13808-1536x1536.jpg",1536,1536,true],"2048x2048":["https:\/\/oponixo.shop\/tire\/wp-content\/uploads\/2026\/01\/allegro-image-13808-2048x2048.jpg",2048,2048,true],"woocommerce_thumbnail":["https:\/\/oponixo.shop\/tire\/wp-content\/uploads\/2026\/01\/allegro-image-13808-300x300.jpg",300,300,true],"woocommerce_single":["https:\/\/oponixo.shop\/tire\/wp-content\/uploads\/2026\/01\/allegro-image-13808-600x600.jpg",600,600,true],"woocommerce_gallery_thumbnail":["https:\/\/oponixo.shop\/tire\/wp-content\/uploads\/2026\/01\/allegro-image-13808-100x100.jpg",100,100,true]},"uagb_author_info":{"display_name":"admin","author_link":"https:\/\/oponixo.shop\/tire\/author\/"},"uagb_comment_info":0,"uagb_excerpt":"2x Opony zimowe 245\/70R16 107Q iceGUARD G075 YOKOHAMA YOKOHAMA iceGUARD G075 245\/70R16 Dane podstawowe Stan: Opony fabrycznie nowe Producent: YOKOHAMA Model: iceGUARD G075 Klasa opon: Premium Sezon: Opony zimowe","_links":{"self":[{"href":"https:\/\/oponixo.shop\/tire\/wp-json\/wp\/v2\/product\/13808","targetHints":{"allow":["GET"]}}],"collection":[{"href":"https:\/\/oponixo.shop\/tire\/wp-json\/wp\/v2\/product"}],"about":[{"href":"https:\/\/oponixo.shop\/tire\/wp-json\/wp\/v2\/types\/product"}],"wp:featuredmedia":[{"embeddable":true,"href":"https:\/\/oponixo.shop\/tire\/wp-json\/wp\/v2\/media\/13809"}],"wp:attachment":[{"href":"https:\/\/oponixo.shop\/tire\/wp-json\/wp\/v2\/media?parent=13808"}],"wp:term":[{"taxonomy":"product_brand","embeddable":true,"href":"https:\/\/oponixo.shop\/tire\/wp-json\/wp\/v2\/product_brand?post=13808"},{"taxonomy":"product_cat","embeddable":true,"href":"https:\/\/oponixo.shop\/tire\/wp-json\/wp\/v2\/product_cat?post=13808"},{"taxonomy":"product_tag","embeddable":true,"href":"https:\/\/oponixo.shop\/tire\/wp-json\/wp\/v2\/product_tag?post=13808"}],"curies":[{"name":"wp","href":"https:\/\/api.w.org\/{rel}","templated":true}]}}