{"id":13822,"date":"2026-01-09T10:35:27","date_gmt":"2026-01-09T09:35:27","guid":{"rendered":"https:\/\/oponyspeed.shop\/xef5\/produkt\/2x-gripmax-suregrip-a-s-nano-245-70r16-107h\/"},"modified":"2026-01-09T10:35:27","modified_gmt":"2026-01-09T09:35:27","slug":"2x-gripmax-suregrip-a-s-nano-245-70r16-107h","status":"publish","type":"product","link":"https:\/\/oponixo.shop\/tire\/produkt\/2x-gripmax-suregrip-a-s-nano-245-70r16-107h\/","title":{"rendered":"2x Gripmax SureGrip A\/S Nano 245\/70R16 107H"},"content":{"rendered":"<div style=\"font-family: Arial, sans-serif; line-height: 1.6; color: #333; padding: 20px; clear: both; display: block; width: 100%; float: none; position: static; overflow: hidden;\">\n<div style=\"clear: both; display: block; margin: 10px 0;\">\n<div style=\"clear: both; display: block; margin: 10px 0;\">\n<div style=\"clear: both; display: block; margin: 10px 0;\">\n<h1>Gripmax SureGrip A\/S Nano <\/h1>\n<h1>245\/70 R16 107H do 210 km\/h<\/h1>\n<h2>Kod produktu: 6972435766223<\/h2>\n<p style=\"margin: 15px 0; line-height: 1.8; clear: both; display: block; width: 100%; float: none; position: static;\">Opony ca\u0142oroczne klasy ekonomicznej Gripmax SureGrip A\/S Nano to wszechstronne ogumienie, kt\u00f3re zapewnia stabiln\u0105 wydajno\u015b\u0107 przez ca\u0142y rok przy niewielkich kosztach. Dzi\u0119ki zastosowaniu technologii Nano w ich konstrukcji, te opony oferuj\u0105 solidn\u0105 trakcj\u0119 zar\u00f3wno na suchych, jak i mokrych nawierzchniach. Ich uniwersalny bie\u017cnik jest dostosowany do r\u00f3\u017cnorodnych warunk\u00f3w pogodowych, co sprawia, \u017ce s\u0105 praktycznym rozwi\u0105zaniem dla kierowc\u00f3w szukaj\u0105cych oszcz\u0119dnych, a jednocze\u015bnie niezawodnych opon na ka\u017cd\u0105 por\u0119 roku<\/p>\n<h2>Zgodnie z Polsk\u0105 Norm\u0105 PN-C-94300-7:1997 &#8222;Ogumienie. Pakowanie, przechowywanie i transport&#8221; opony nie s\u0105 starsze ni\u017c 36 miesi\u0119cy od daty produkcji<\/h2>\n<\/div>\n<\/div>\n<div style=\"clear: both; display: block; margin: 10px 0;\">\n<div style=\"clear: both; display: block; margin: 10px 0;\">\n<div  style=\"max-width:750px;max-height:1024px\">\n<div style=\"clear: both; display: block; margin: 10px 0;\">\n<div style=\"clear: both; width: 100%; display: block; margin: 20px 0; padding: 0; float: none; position: static; text-align: center;\"><img decoding=\"async\"  src=\"https:\/\/a.allegroimg.com\/original\/118a52\/1db9d21e4c6e9bad7146113a0509\/2x-Gripmax-SureGrip-A-S-Nano-245-70R16-107H\" srcset=\"https:\/\/a.allegroimg.com\/original\/118a52\/1db9d21e4c6e9bad7146113a0509\/2x-Gripmax-SureGrip-A-S-Nano-245-70R16-107H 263w,https:\/\/a.allegroimg.com\/original\/118a52\/1db9d21e4c6e9bad7146113a0509\/2x-Gripmax-SureGrip-A-S-Nano-245-70R16-107H 527w,https:\/\/a.allegroimg.com\/original\/118a52\/1db9d21e4c6e9bad7146113a0509\/2x-Gripmax-SureGrip-A-S-Nano-245-70R16-107H 750w,https:\/\/a.allegroimg.com\/original\/118a52\/1db9d21e4c6e9bad7146113a0509\/2x-Gripmax-SureGrip-A-S-Nano-245-70R16-107H 750w\" sizes=\"(min-width: 1200px) 560px, (min-width: 992px) 50vw, 100vw\" width=\"750px\" alt=\"2x Gripmax SureGrip A\/S Nano 245\/70R16 107H\" style=\"max-width: 100%; height: auto; display: block; margin: 0 auto;\"><\/div>\n<\/div>\n<\/div>\n<\/div>\n<\/div>\n<\/div>\n<div style=\"clear: both; display: block; margin: 10px 0;\">\n<div style=\"clear: both; display: block; margin: 10px 0;\">\n<div style=\"clear: both; display: block; margin: 10px 0;\">\n<div  style=\"max-width:212px;max-height:305px\">\n<div style=\"clear: both; display: block; margin: 10px 0;\">\n<div style=\"clear: both; width: 100%; display: block; margin: 20px 0; padding: 0; float: none; position: static; text-align: center;\"><img decoding=\"async\"  src=\"https:\/\/a.allegroimg.com\/original\/117b29\/d00eb36449a692d672556605cca0\/2x-Gripmax-SureGrip-A-S-Nano-245-70R16-107H-Liczba-opon-w-ofercie-2-szt\" srcset=\"https:\/\/a.allegroimg.com\/original\/117b29\/d00eb36449a692d672556605cca0\/2x-Gripmax-SureGrip-A-S-Nano-245-70R16-107H-Liczba-opon-w-ofercie-2-szt 212w,https:\/\/a.allegroimg.com\/original\/117b29\/d00eb36449a692d672556605cca0\/2x-Gripmax-SureGrip-A-S-Nano-245-70R16-107H-Liczba-opon-w-ofercie-2-szt 212w\" sizes=\"(min-width: 1200px) 560px, (min-width: 992px) 50vw, 100vw\" width=\"212px\" alt=\"2x Gripmax SureGrip A\/S Nano 245\/70R16 107H Liczba opon w ofercie 2 szt.\" style=\"max-width: 100%; height: auto; display: block; margin: 0 auto;\"><\/div>\n<\/div>\n<\/div>\n<\/div>\n<\/div>\n<div style=\"clear: both; display: block; margin: 10px 0;\">\n<div style=\"clear: both; display: block; margin: 10px 0;\">\n<h2>Marka: Gripmax<\/h2>\n<h2>Liczba opon w ofercie: 2<\/h2>\n<h2>Rok produkcji: <\/h2>\n<h2>Szeroko\u015b\u0107 opony: 245 mm<\/h2>\n<h2>Profil opony: 70<\/h2>\n<h2>\u015arednica: 16<\/h2>\n<h2>Indeks no\u015bno\u015bci: 107<\/h2>\n<h2>Indeks pr\u0119dko\u015bci: H do 210 km\/h<\/h2>\n<h2>Op\u00f3r toczenia: Klasa C<\/h2>\n<h2>Przyczepno\u015b\u0107 na mokrej nawierzchni: Klasa C<\/h2>\n<h2>Ha\u0142as zewn\u0119trzny: 72 dB<\/h2>\n<h2>Kod producenta: 221028771<\/h2>\n<h2>Sezon: Ca\u0142oroczne<\/h2>\n<\/div>\n<\/div>\n<\/div>\n<\/div>\n<\/div>\n<\/div>\n<div style=\"clear: both; display: block; margin: 10px 0;\">\n","protected":false},"excerpt":{"rendered":"<p>Gripmax SureGrip A\/S Nano<\/p>\n<p>245\/70 R16 107H do 210 km\/h<\/p>\n<p>Kod produktu: 6972435766223<\/p>\n","protected":false},"featured_media":13823,"template":"","meta":{"_uag_custom_page_level_css":""},"product_brand":[438],"product_cat":[416,414,413,412],"product_tag":[],"class_list":{"0":"post-13822","1":"product","2":"type-product","3":"status-publish","4":"has-post-thumbnail","6":"product_brand-gripmax","7":"product_cat-caloroczne","8":"product_cat-do-samochodow-osobowych-i-suv","9":"product_cat-opony","10":"product_cat-opony-i-felgi","12":"first","13":"instock","14":"shipping-taxable","15":"purchasable","16":"product-type-simple"},"uagb_featured_image_src":{"full":["https:\/\/oponixo.shop\/tire\/wp-content\/uploads\/2026\/01\/allegro-image-13822.jpg",750,1024,false],"thumbnail":["https:\/\/oponixo.shop\/tire\/wp-content\/uploads\/2026\/01\/allegro-image-13822-150x150.jpg",150,150,true],"medium":["https:\/\/oponixo.shop\/tire\/wp-content\/uploads\/2026\/01\/allegro-image-13822-220x300.jpg",220,300,true],"medium_large":["https:\/\/oponixo.shop\/tire\/wp-content\/uploads\/2026\/01\/allegro-image-13822.jpg",750,1024,false],"large":["https:\/\/oponixo.shop\/tire\/wp-content\/uploads\/2026\/01\/allegro-image-13822.jpg",750,1024,false],"1536x1536":["https:\/\/oponixo.shop\/tire\/wp-content\/uploads\/2026\/01\/allegro-image-13822.jpg",750,1024,false],"2048x2048":["https:\/\/oponixo.shop\/tire\/wp-content\/uploads\/2026\/01\/allegro-image-13822.jpg",750,1024,false],"woocommerce_thumbnail":["https:\/\/oponixo.shop\/tire\/wp-content\/uploads\/2026\/01\/allegro-image-13822-300x300.jpg",300,300,true],"woocommerce_single":["https:\/\/oponixo.shop\/tire\/wp-content\/uploads\/2026\/01\/allegro-image-13822-600x819.jpg",600,819,true],"woocommerce_gallery_thumbnail":["https:\/\/oponixo.shop\/tire\/wp-content\/uploads\/2026\/01\/allegro-image-13822-100x100.jpg",100,100,true]},"uagb_author_info":{"display_name":"admin","author_link":"https:\/\/oponixo.shop\/tire\/author\/"},"uagb_comment_info":0,"uagb_excerpt":"Gripmax SureGrip A\/S Nano 245\/70 R16 107H do 210 km\/h Kod produktu: 6972435766223","_links":{"self":[{"href":"https:\/\/oponixo.shop\/tire\/wp-json\/wp\/v2\/product\/13822","targetHints":{"allow":["GET"]}}],"collection":[{"href":"https:\/\/oponixo.shop\/tire\/wp-json\/wp\/v2\/product"}],"about":[{"href":"https:\/\/oponixo.shop\/tire\/wp-json\/wp\/v2\/types\/product"}],"wp:featuredmedia":[{"embeddable":true,"href":"https:\/\/oponixo.shop\/tire\/wp-json\/wp\/v2\/media\/13823"}],"wp:attachment":[{"href":"https:\/\/oponixo.shop\/tire\/wp-json\/wp\/v2\/media?parent=13822"}],"wp:term":[{"taxonomy":"product_brand","embeddable":true,"href":"https:\/\/oponixo.shop\/tire\/wp-json\/wp\/v2\/product_brand?post=13822"},{"taxonomy":"product_cat","embeddable":true,"href":"https:\/\/oponixo.shop\/tire\/wp-json\/wp\/v2\/product_cat?post=13822"},{"taxonomy":"product_tag","embeddable":true,"href":"https:\/\/oponixo.shop\/tire\/wp-json\/wp\/v2\/product_tag?post=13822"}],"curies":[{"name":"wp","href":"https:\/\/api.w.org\/{rel}","templated":true}]}}