{"id":13856,"date":"2026-01-09T11:37:26","date_gmt":"2026-01-09T10:37:26","guid":{"rendered":"https:\/\/oponyspeed.shop\/xef5\/produkt\/2-x-westlake-z507-245-70r16-107-h-3pmsf-opona-zimowa\/"},"modified":"2026-01-09T11:37:27","modified_gmt":"2026-01-09T10:37:27","slug":"2-x-westlake-z507-245-70r16-107-h-3pmsf-opona-zimowa","status":"publish","type":"product","link":"https:\/\/oponixo.shop\/tire\/produkt\/2-x-westlake-z507-245-70r16-107-h-3pmsf-opona-zimowa\/","title":{"rendered":"2 x Westlake Z507 245\/70R16 107 H 3PMSF opona zimowa"},"content":{"rendered":"<div style=\"font-family: Arial, sans-serif; line-height: 1.6; color: #333; padding: 20px; clear: both; display: block; width: 100%; float: none; position: static; overflow: hidden;\">\n<div style=\"clear: both; display: block; margin: 10px 0;\">\n<div style=\"clear: both; display: block; margin: 10px 0;\">\n<div style=\"clear: both; display: block; margin: 10px 0;\">\n<div  style=\"max-width:349px;max-height:500px\">\n<div style=\"clear: both; display: block; margin: 10px 0;\">\n<div style=\"clear: both; width: 100%; display: block; margin: 20px 0; padding: 0; float: none; position: static; text-align: center;\"><img decoding=\"async\"  src=\"https:\/\/a.allegroimg.com\/original\/111a9f\/8f01f6004d0a8c1dd7e736a3b64e\/2-x-Westlake-Z507-245-70R16-107-H-3PMSF-opona-zimowa\" srcset=\"https:\/\/a.allegroimg.com\/original\/111a9f\/8f01f6004d0a8c1dd7e736a3b64e\/2-x-Westlake-Z507-245-70R16-107-H-3PMSF-opona-zimowa 251w,https:\/\/a.allegroimg.com\/original\/111a9f\/8f01f6004d0a8c1dd7e736a3b64e\/2-x-Westlake-Z507-245-70R16-107-H-3PMSF-opona-zimowa 349w,https:\/\/a.allegroimg.com\/original\/111a9f\/8f01f6004d0a8c1dd7e736a3b64e\/2-x-Westlake-Z507-245-70R16-107-H-3PMSF-opona-zimowa 349w\" sizes=\"(min-width: 1200px) 560px, (min-width: 992px) 50vw, 100vw\" width=\"349px\" alt=\"2 x Westlake Z507 245\/70R16 107 H 3PMSF opona zimowa\" style=\"max-width: 100%; height: auto; display: block; margin: 0 auto;\"><\/div>\n<\/div>\n<\/div>\n<\/div>\n<\/div>\n<div style=\"clear: both; display: block; margin: 10px 0;\">\n<div style=\"clear: both; display: block; margin: 10px 0;\">\n<h2>Westlake Z507 245\/70R16 107 H 3PMSF<\/h2>\n<p style=\"margin: 15px 0; line-height: 1.8; clear: both; display: block; width: 100%; float: none; position: static;\">Producent: Westlake<\/p>\n<p style=\"margin: 15px 0; line-height: 1.8; clear: both; display: block; width: 100%; float: none; position: static;\">Model: Z507<\/p>\n<p style=\"margin: 15px 0; line-height: 1.8; clear: both; display: block; width: 100%; float: none; position: static;\">Sezon: zimowe<\/p>\n<p style=\"margin: 15px 0; line-height: 1.8; clear: both; display: block; width: 100%; float: none; position: static;\">Rozmiar: 245\/70R16<\/p>\n<p style=\"margin: 15px 0; line-height: 1.8; clear: both; display: block; width: 100%; float: none; position: static;\">Data produkcji: do 36 miesi\u0119cy<\/p>\n<p style=\"margin: 15px 0; line-height: 1.8; clear: both; display: block; width: 100%; float: none; position: static;\">Zu\u017cycie paliwa: klasa C<\/p>\n<p style=\"margin: 15px 0; line-height: 1.8; clear: both; display: block; width: 100%; float: none; position: static;\">Przyczepno\u015b\u0107 na mokrym: klasa C<\/p>\n<p style=\"margin: 15px 0; line-height: 1.8; clear: both; display: block; width: 100%; float: none; position: static;\">Poziom ha\u0142asu: 72 dB<\/p>\n<\/div>\n<\/div>\n<\/div>\n<div style=\"clear: both; display: block; margin: 10px 0;\">\n<div style=\"clear: both; display: block; margin: 10px 0;\">\n<div style=\"clear: both; display: block; margin: 10px 0;\">\n<div  style=\"max-width:760px;max-height:624px\">\n<div style=\"clear: both; display: block; margin: 10px 0;\">\n<div style=\"clear: both; width: 100%; display: block; margin: 20px 0; padding: 0; float: none; position: static; text-align: center;\"><img decoding=\"async\"  src=\"https:\/\/a.allegroimg.com\/original\/11881b\/812bc9ef4b7c8ae4d5a2533a4029\/2-x-Westlake-Z507-245-70R16-107-H-3PMSF-opona-zimowa-Liczba-opon-w-ofercie-2-szt\" srcset=\"https:\/\/a.allegroimg.com\/original\/11881b\/812bc9ef4b7c8ae4d5a2533a4029\/2-x-Westlake-Z507-245-70R16-107-H-3PMSF-opona-zimowa-Liczba-opon-w-ofercie-2-szt 360w,https:\/\/a.allegroimg.com\/original\/11881b\/812bc9ef4b7c8ae4d5a2533a4029\/2-x-Westlake-Z507-245-70R16-107-H-3PMSF-opona-zimowa-Liczba-opon-w-ofercie-2-szt 720w,https:\/\/a.allegroimg.com\/original\/11881b\/812bc9ef4b7c8ae4d5a2533a4029\/2-x-Westlake-Z507-245-70R16-107-H-3PMSF-opona-zimowa-Liczba-opon-w-ofercie-2-szt 760w,https:\/\/a.allegroimg.com\/original\/11881b\/812bc9ef4b7c8ae4d5a2533a4029\/2-x-Westlake-Z507-245-70R16-107-H-3PMSF-opona-zimowa-Liczba-opon-w-ofercie-2-szt 760w\" sizes=\"(min-width: 1200px) 560px, (min-width: 992px) 50vw, 100vw\" width=\"760px\" alt=\"2 x Westlake Z507 245\/70R16 107 H 3PMSF opona zimowa Liczba opon w ofercie 2 szt.\" style=\"max-width: 100%; height: auto; display: block; margin: 0 auto;\"><\/div>\n<\/div>\n<\/div>\n<\/div>\n<\/div>\n<div style=\"clear: both; display: block; margin: 10px 0;\">\n<div style=\"clear: both; display: block; margin: 10px 0;\">\n<h1>Westlake Z507 \u2013 skuteczna przyczepno\u015b\u0107 w warunkach zimowych<\/h1>\n<p style=\"margin: 15px 0; line-height: 1.8; clear: both; display: block; width: 100%; float: none; position: static;\">Westlake Z507 to zimowa opona bud\u017cetowa stworzona z my\u015bl\u0105 o stabilnej i bezpiecznej je\u017adzie w typowych warunkach zimowych. Dzi\u0119ki asymetrycznemu bie\u017cnikowi z g\u0119sto rozmieszczonymi zygzakowatymi lamelami, opona efektywnie \u201ewgryza si\u0119\u201d w warstw\u0119 \u015bniegu, zwi\u0119kszaj\u0105c liczb\u0119 kraw\u0119dzi chwytaj\u0105cych. Przek\u0142ada si\u0119 to na lepsz\u0105 przyczepno\u015b\u0107 i kr\u00f3tsz\u0105 drog\u0119 hamowania \u2013 zw\u0142aszcza na za\u015bnie\u017conych nawierzchniach. Opona zachowuje swoje w\u0142a\u015bciwo\u015bci r\u00f3wnie\u017c przy ni\u017cszych temperaturach i w sytuacjach, gdy \u015bnieg stopnieje i nawierzchnia robi si\u0119 mokra lub b\u0142otnista.<\/p>\n<\/div>\n<\/div>\n<\/div>\n<div style=\"clear: both; display: block; margin: 10px 0;\">\n<div style=\"clear: both; display: block; margin: 10px 0;\">\n<div style=\"clear: both; display: block; margin: 10px 0;\">\n<div  style=\"max-width:760px;max-height:624px\">\n<div style=\"clear: both; display: block; margin: 10px 0;\">\n<div style=\"clear: both; width: 100%; display: block; margin: 20px 0; padding: 0; float: none; position: static; text-align: center;\"><img decoding=\"async\"  src=\"https:\/\/a.allegroimg.com\/original\/1176ce\/05b707144fedbe82370be06f0b90\/2-x-Westlake-Z507-245-70R16-107-H-3PMSF-opona-zimowa-Marka-Westlake\" srcset=\"https:\/\/a.allegroimg.com\/original\/1176ce\/05b707144fedbe82370be06f0b90\/2-x-Westlake-Z507-245-70R16-107-H-3PMSF-opona-zimowa-Marka-Westlake 360w,https:\/\/a.allegroimg.com\/original\/1176ce\/05b707144fedbe82370be06f0b90\/2-x-Westlake-Z507-245-70R16-107-H-3PMSF-opona-zimowa-Marka-Westlake 720w,https:\/\/a.allegroimg.com\/original\/1176ce\/05b707144fedbe82370be06f0b90\/2-x-Westlake-Z507-245-70R16-107-H-3PMSF-opona-zimowa-Marka-Westlake 760w,https:\/\/a.allegroimg.com\/original\/1176ce\/05b707144fedbe82370be06f0b90\/2-x-Westlake-Z507-245-70R16-107-H-3PMSF-opona-zimowa-Marka-Westlake 760w\" sizes=\"(min-width: 1200px) 560px, (min-width: 992px) 50vw, 100vw\" width=\"760px\" alt=\"2 x Westlake Z507 245\/70R16 107 H 3PMSF opona zimowa Marka Westlake\" style=\"max-width: 100%; height: auto; display: block; margin: 0 auto;\"><\/div>\n<\/div>\n<\/div>\n<\/div>\n<\/div>\n<div style=\"clear: both; display: block; margin: 10px 0;\">\n<div style=\"clear: both; display: block; margin: 10px 0;\">\n<h1>Wi\u0119ksze bezpiecze\u0144stwo na mokrych nawierzchniach<\/h1>\n<p style=\"margin: 15px 0; line-height: 1.8; clear: both; display: block; width: 100%; float: none; position: static;\">Projektanci Z507 zadbali tak\u017ce o efektywne odprowadzanie wody i b\u0142ota po\u015bniegowego. Dwa szerokie rowki obwodowe oraz poprzeczne kana\u0142y wodne szybko usuwaj\u0105 nadmiar cieczy z powierzchni bie\u017cnika, co ogranicza ryzyko aquaplaningu i poprawia kontrol\u0119 nad pojazdem. Konstrukcja \u015brodkowego \u017cebra oraz stabilny uk\u0142ad blok\u00f3w zapewniaj\u0105 dobre prowadzenie zar\u00f3wno na prostej, jak i w zakr\u0119tach, co sprawia, \u017ce opona reaguje precyzyjnie na ruchy kierownicy nawet w trudnych warunkach pogodowych.<\/p>\n<\/div>\n<\/div>\n<\/div>\n<div style=\"clear: both; display: block; margin: 10px 0;\">\n<div style=\"clear: both; display: block; margin: 10px 0;\">\n<div style=\"clear: both; display: block; margin: 10px 0;\">\n<div  style=\"max-width:760px;max-height:624px\">\n<div style=\"clear: both; display: block; margin: 10px 0;\">\n<div style=\"clear: both; width: 100%; display: block; margin: 20px 0; padding: 0; float: none; position: static; text-align: center;\"><img decoding=\"async\"  src=\"https:\/\/a.allegroimg.com\/original\/1142d5\/c172ccc64ee4861af213e29bba65\/2-x-Westlake-Z507-245-70R16-107-H-3PMSF-opona-zimowa-Szerokosc-opony-245-mm\" srcset=\"https:\/\/a.allegroimg.com\/original\/1142d5\/c172ccc64ee4861af213e29bba65\/2-x-Westlake-Z507-245-70R16-107-H-3PMSF-opona-zimowa-Szerokosc-opony-245-mm 360w,https:\/\/a.allegroimg.com\/original\/1142d5\/c172ccc64ee4861af213e29bba65\/2-x-Westlake-Z507-245-70R16-107-H-3PMSF-opona-zimowa-Szerokosc-opony-245-mm 720w,https:\/\/a.allegroimg.com\/original\/1142d5\/c172ccc64ee4861af213e29bba65\/2-x-Westlake-Z507-245-70R16-107-H-3PMSF-opona-zimowa-Szerokosc-opony-245-mm 760w,https:\/\/a.allegroimg.com\/original\/1142d5\/c172ccc64ee4861af213e29bba65\/2-x-Westlake-Z507-245-70R16-107-H-3PMSF-opona-zimowa-Szerokosc-opony-245-mm 760w\" sizes=\"(min-width: 1200px) 560px, (min-width: 992px) 50vw, 100vw\" width=\"760px\" alt=\"2 x Westlake Z507 245\/70R16 107 H 3PMSF opona zimowa Szeroko\u015b\u0107 opony 245 mm\" style=\"max-width: 100%; height: auto; display: block; margin: 0 auto;\"><\/div>\n<\/div>\n<\/div>\n<\/div>\n<\/div>\n<div style=\"clear: both; display: block; margin: 10px 0;\">\n<div style=\"clear: both; display: block; margin: 10px 0;\">\n<h1>Komfort jazdy w dobrej cenie<\/h1>\n<p style=\"margin: 15px 0; line-height: 1.8; clear: both; display: block; width: 100%; float: none; position: static;\">Westlake Z507 to propozycja dla kierowc\u00f3w szukaj\u0105cych taniego i solidnego ogumienia zimowego, kt\u00f3re poradzi sobie w codziennej eksploatacji, zw\u0142aszcza w mie\u015bcie i na trasach o dobrej jako\u015bci nawierzchni. Opona oferuje zr\u00f3wnowa\u017cone parametry energetyczne, co oznacza, \u017ce nie wp\u0142ywa istotnie na zu\u017cycie paliwa. Jej atrakcyjna cena w po\u0142\u0105czeniu z przyzwoit\u0105 trwa\u0142o\u015bci\u0105 i funkcjonalno\u015bci\u0105 czyni j\u0105 rozs\u0105dnym wyborem dla os\u00f3b je\u017cd\u017c\u0105cych spokojnie, kt\u00f3rym zale\u017cy na bezpiecze\u0144stwie bez ponoszenia wysokich koszt\u00f3w.<\/p>\n<\/div>\n<\/div>\n<\/div>\n<\/div>\n<\/div>\n<\/div>\n<div style=\"clear: both; display: block; margin: 10px 0;\">\n","protected":false},"excerpt":{"rendered":"<p>Westlake Z507 245\/70R16 107 H 3PMSF<\/p>\n<p>Producent: Westlake<\/p>\n<p>Model: Z507<\/p>\n<p>Sezon: zimowe<\/p>\n<p>Rozmiar: 245\/70R16<\/p>\n<p>Data produkcji: do 36 miesi\u0119cy<\/p>\n<p>Zu\u017cycie paliwa: klasa C<\/p>\n<p>Przyczepno\u015b\u0107 na mokrym: klasa C<\/p>\n","protected":false},"featured_media":13857,"template":"","meta":{"_uag_custom_page_level_css":""},"product_brand":[442],"product_cat":[414,413,412,415],"product_tag":[],"class_list":{"0":"post-13856","1":"product","2":"type-product","3":"status-publish","4":"has-post-thumbnail","6":"product_brand-westlake","7":"product_cat-do-samochodow-osobowych-i-suv","8":"product_cat-opony","9":"product_cat-opony-i-felgi","10":"product_cat-zimowe","12":"first","13":"instock","14":"shipping-taxable","15":"purchasable","16":"product-type-simple"},"uagb_featured_image_src":{"full":["https:\/\/oponixo.shop\/tire\/wp-content\/uploads\/2026\/01\/allegro-image-13856.jpg",349,500,false],"thumbnail":["https:\/\/oponixo.shop\/tire\/wp-content\/uploads\/2026\/01\/allegro-image-13856-150x150.jpg",150,150,true],"medium":["https:\/\/oponixo.shop\/tire\/wp-content\/uploads\/2026\/01\/allegro-image-13856-209x300.jpg",209,300,true],"medium_large":["https:\/\/oponixo.shop\/tire\/wp-content\/uploads\/2026\/01\/allegro-image-13856.jpg",349,500,false],"large":["https:\/\/oponixo.shop\/tire\/wp-content\/uploads\/2026\/01\/allegro-image-13856.jpg",349,500,false],"1536x1536":["https:\/\/oponixo.shop\/tire\/wp-content\/uploads\/2026\/01\/allegro-image-13856.jpg",349,500,false],"2048x2048":["https:\/\/oponixo.shop\/tire\/wp-content\/uploads\/2026\/01\/allegro-image-13856.jpg",349,500,false],"woocommerce_thumbnail":["https:\/\/oponixo.shop\/tire\/wp-content\/uploads\/2026\/01\/allegro-image-13856-300x300.jpg",300,300,true],"woocommerce_single":["https:\/\/oponixo.shop\/tire\/wp-content\/uploads\/2026\/01\/allegro-image-13856.jpg",349,500,false],"woocommerce_gallery_thumbnail":["https:\/\/oponixo.shop\/tire\/wp-content\/uploads\/2026\/01\/allegro-image-13856-100x100.jpg",100,100,true]},"uagb_author_info":{"display_name":"admin","author_link":"https:\/\/oponixo.shop\/tire\/author\/"},"uagb_comment_info":0,"uagb_excerpt":"Westlake Z507 245\/70R16 107 H 3PMSF Producent: Westlake Model: Z507 Sezon: zimowe Rozmiar: 245\/70R16 Data produkcji: do 36 miesi\u0119cy Zu\u017cycie paliwa: klasa C Przyczepno\u015b\u0107 na mokrym: klasa C","_links":{"self":[{"href":"https:\/\/oponixo.shop\/tire\/wp-json\/wp\/v2\/product\/13856","targetHints":{"allow":["GET"]}}],"collection":[{"href":"https:\/\/oponixo.shop\/tire\/wp-json\/wp\/v2\/product"}],"about":[{"href":"https:\/\/oponixo.shop\/tire\/wp-json\/wp\/v2\/types\/product"}],"wp:featuredmedia":[{"embeddable":true,"href":"https:\/\/oponixo.shop\/tire\/wp-json\/wp\/v2\/media\/13857"}],"wp:attachment":[{"href":"https:\/\/oponixo.shop\/tire\/wp-json\/wp\/v2\/media?parent=13856"}],"wp:term":[{"taxonomy":"product_brand","embeddable":true,"href":"https:\/\/oponixo.shop\/tire\/wp-json\/wp\/v2\/product_brand?post=13856"},{"taxonomy":"product_cat","embeddable":true,"href":"https:\/\/oponixo.shop\/tire\/wp-json\/wp\/v2\/product_cat?post=13856"},{"taxonomy":"product_tag","embeddable":true,"href":"https:\/\/oponixo.shop\/tire\/wp-json\/wp\/v2\/product_tag?post=13856"}],"curies":[{"name":"wp","href":"https:\/\/api.w.org\/{rel}","templated":true}]}}