{"id":13882,"date":"2026-01-09T11:37:34","date_gmt":"2026-01-09T10:37:34","guid":{"rendered":"https:\/\/oponyspeed.shop\/xef5\/produkt\/2x-fulda-kristall-control-hp-225-40r18-92-v\/"},"modified":"2026-01-09T11:37:34","modified_gmt":"2026-01-09T10:37:34","slug":"2x-fulda-kristall-control-hp-225-40r18-92-v","status":"publish","type":"product","link":"https:\/\/oponixo.shop\/tire\/produkt\/2x-fulda-kristall-control-hp-225-40r18-92-v\/","title":{"rendered":"2x FULDA KRISTALL CONTROL HP 225\/40R18 92 V"},"content":{"rendered":"<div style=\"font-family: Arial, sans-serif; line-height: 1.6; color: #333; padding: 20px; clear: both; display: block; width: 100%; float: none; position: static; overflow: hidden;\">\n<div style=\"clear: both; display: block; margin: 10px 0;\">\n<div style=\"clear: both; display: block; margin: 10px 0;\">\n<div style=\"clear: both; display: block; margin: 10px 0;\">\n<h2>2x FULDA KRISTALL CONTROL HP 225\/40R18 92 V<\/h2>\n<\/div>\n<\/div>\n<\/div>\n<div style=\"clear: both; display: block; margin: 10px 0;\">\n<div style=\"clear: both; display: block; margin: 10px 0;\">\n<div style=\"clear: both; display: block; margin: 10px 0;\">\n<div  style=\"max-width:920px;max-height:1120px\">\n<div style=\"clear: both; display: block; margin: 10px 0;\">\n<div style=\"clear: both; width: 100%; display: block; margin: 20px 0; padding: 0; float: none; position: static; text-align: center;\"><img decoding=\"async\"  src=\"https:\/\/a.allegroimg.com\/original\/11fb44\/53759cc243c49da222decc76dc06\/2x-FULDA-KRISTALL-CONTROL-HP-225-40R18-92-V\" srcset=\"https:\/\/a.allegroimg.com\/original\/11fb44\/53759cc243c49da222decc76dc06\/2x-FULDA-KRISTALL-CONTROL-HP-225-40R18-92-V 295w,https:\/\/a.allegroimg.com\/original\/11fb44\/53759cc243c49da222decc76dc06\/2x-FULDA-KRISTALL-CONTROL-HP-225-40R18-92-V 591w,https:\/\/a.allegroimg.com\/original\/11fb44\/53759cc243c49da222decc76dc06\/2x-FULDA-KRISTALL-CONTROL-HP-225-40R18-92-V 841w,https:\/\/a.allegroimg.com\/original\/11fb44\/53759cc243c49da222decc76dc06\/2x-FULDA-KRISTALL-CONTROL-HP-225-40R18-92-V 920w,https:\/\/a.allegroimg.com\/original\/11fb44\/53759cc243c49da222decc76dc06\/2x-FULDA-KRISTALL-CONTROL-HP-225-40R18-92-V 920w\" sizes=\"(min-width: 1200px) 560px, (min-width: 992px) 50vw, 100vw\" width=\"920px\" alt=\"2x FULDA KRISTALL CONTROL HP 225\/40R18 92 V\" style=\"max-width: 100%; height: auto; display: block; margin: 0 auto;\"><\/div>\n<\/div>\n<\/div>\n<\/div>\n<\/div>\n<div style=\"clear: both; display: block; margin: 10px 0;\">\n<div style=\"clear: both; display: block; margin: 10px 0;\">\n<h2>Zimowe opony FULDA KRISTALL CONTROL HP 2 225\/40 R18 92 V<\/h2>\n<p style=\"margin: 15px 0; line-height: 1.8; clear: both; display: block; width: 100%; float: none; position: static;\">Opony FULDA KRISTALL CONTROL HP 2 to znacz\u0105cy model w portfolio producenta.&nbsp;<\/p>\n<p style=\"margin: 15px 0; line-height: 1.8; clear: both; display: block; width: 100%; float: none; position: static;\"> Opony klasy \u015bredniej cechuj\u0105 si\u0119 najbardziej optymalnymi parametrami jezdnymi przy zachowaniu dobrej ceny.<\/p>\n<ul style=\"margin: 15px 0; padding-left: 20px; clear: both; display: block; width: 100%; float: none; position: static;\">\n<li style=\"margin: 5px 0; padding: 2px 0; clear: both; display: list-item; float: none; position: static;\"><b>Stan:<\/b>&nbsp;Nowy<\/li>\n<li style=\"margin: 5px 0; padding: 2px 0; clear: both; display: list-item; float: none; position: static;\"><b>EAN:<\/b>&nbsp;5452000470003<\/li>\n<li style=\"margin: 5px 0; padding: 2px 0; clear: both; display: list-item; float: none; position: static;\"><b>Producent:<\/b> FULDA<\/li>\n<li style=\"margin: 5px 0; padding: 2px 0; clear: both; display: list-item; float: none; position: static;\"><b>Model:<\/b> KRISTALL CONTROL HP 2<\/li>\n<li style=\"margin: 5px 0; padding: 2px 0; clear: both; display: list-item; float: none; position: static;\"><b>Rozmiar:<\/b> 225\/40 R18<\/li>\n<li style=\"margin: 5px 0; padding: 2px 0; clear: both; display: list-item; float: none; position: static;\"><b>Indeks no\u015bno\u015bci:<\/b> 92<\/li>\n<li style=\"margin: 5px 0; padding: 2px 0; clear: both; display: list-item; float: none; position: static;\"><b>Indeks pr\u0119dko\u015bci:<\/b> V<\/li>\n<li style=\"margin: 5px 0; padding: 2px 0; clear: both; display: list-item; float: none; position: static;\"><b>Ha\u0142as db:<\/b>&nbsp;72<\/li>\n<li style=\"margin: 5px 0; padding: 2px 0; clear: both; display: list-item; float: none; position: static;\"><b>Sezon:<\/b> Zimowe<\/li>\n<li style=\"margin: 5px 0; padding: 2px 0; clear: both; display: list-item; float: none; position: static;\"><b>Rok produkcji:<\/b> 2025<\/li>\n<li style=\"margin: 5px 0; padding: 2px 0; clear: both; display: list-item; float: none; position: static;\"><b>Przeznaczenie:<\/b> Osobowe<\/li>\n<li style=\"margin: 5px 0; padding: 2px 0; clear: both; display: list-item; float: none; position: static;\"><b>Kl. przycz. na mokrej naw.:<\/b>&nbsp;B<\/li>\n<li style=\"margin: 5px 0; padding: 2px 0; clear: both; display: list-item; float: none; position: static;\"><b>Kl. efekt. paliwowej:&nbsp;<\/b>E<\/li>\n<\/ul>\n<\/div>\n<\/div>\n<\/div>\n<div style=\"clear: both; display: block; margin: 10px 0;\">\n<div style=\"clear: both; display: block; margin: 10px 0;\">\n<div style=\"clear: both; display: block; margin: 10px 0;\">\n<div  style=\"max-width:1024px;max-height:285px\">\n<div style=\"clear: both; display: block; margin: 10px 0;\">\n<div style=\"clear: both; width: 100%; display: block; margin: 20px 0; padding: 0; float: none; position: static; text-align: center;\"><img decoding=\"async\"  src=\"https:\/\/a.allegroimg.com\/original\/1193fa\/6185cc37478c9f956ab4f964eaed\/2x-FULDA-KRISTALL-CONTROL-HP-225-40R18-92-V-Liczba-opon-w-ofercie-2-szt\" srcset=\"https:\/\/a.allegroimg.com\/original\/1193fa\/6185cc37478c9f956ab4f964eaed\/2x-FULDA-KRISTALL-CONTROL-HP-225-40R18-92-V-Liczba-opon-w-ofercie-2-szt 360w,https:\/\/a.allegroimg.com\/original\/1193fa\/6185cc37478c9f956ab4f964eaed\/2x-FULDA-KRISTALL-CONTROL-HP-225-40R18-92-V-Liczba-opon-w-ofercie-2-szt 720w,https:\/\/a.allegroimg.com\/original\/1193fa\/6185cc37478c9f956ab4f964eaed\/2x-FULDA-KRISTALL-CONTROL-HP-225-40R18-92-V-Liczba-opon-w-ofercie-2-szt 1024w,https:\/\/a.allegroimg.com\/original\/1193fa\/6185cc37478c9f956ab4f964eaed\/2x-FULDA-KRISTALL-CONTROL-HP-225-40R18-92-V-Liczba-opon-w-ofercie-2-szt 1024w\" sizes=\"100vw\" width=\"1024px\" alt=\"2x FULDA KRISTALL CONTROL HP 225\/40R18 92 V Liczba opon w ofercie 2 szt.\" style=\"max-width: 100%; height: auto; display: block; margin: 0 auto;\"><\/div>\n<\/div>\n<\/div>\n<\/div>\n<\/div>\n<\/div>\n<div style=\"clear: both; display: block; margin: 10px 0;\">\n<div style=\"clear: both; display: block; margin: 10px 0;\">\n<div style=\"clear: both; display: block; margin: 10px 0;\">\n<p style=\"margin: 15px 0; line-height: 1.8; clear: both; display: block; width: 100%; float: none; position: static;\">Marka Fulda&nbsp;to znany producent opon z siedzib\u0105 w Niemczech, kt\u00f3ry ma d\u0142ug\u0105 histori\u0119 i cieszy si\u0119 uznaniem na rynku oponiarskim dzi\u0119ki swojej jako\u015bci i niezawodno\u015bci.<\/p>\n<p style=\"margin: 15px 0; line-height: 1.8; clear: both; display: block; width: 100%; float: none; position: static;\">Tradycja i niemiecka jako\u015b\u0107&nbsp;to filary marki Fulda. Firma posiada ponad sto lat do\u015bwiadczenia w produkcji opon, co sprawia, \u017ce jej produkty s\u0105 cenione za solidno\u015b\u0107 i doskona\u0142e parametry. Kierowcy na ca\u0142ym \u015bwiecie ufaj\u0105 oponom Fulda jako pewnemu i sprawdzonemu rozwi\u0105zaniu.<\/p>\n<p style=\"margin: 15px 0; line-height: 1.8; clear: both; display: block; width: 100%; float: none; position: static;\">Szeroka oferta produkt\u00f3w&nbsp;to kolejna cecha charakterystyczna marki Fulda. Firma oferuje r\u00f3\u017cnorodne rodzaje opon dostosowane do r\u00f3\u017cnych rodzaj\u00f3w pojazd\u00f3w i warunk\u00f3w na drodze, w\u0142\u0105czaj\u0105c w to opony letnie, zimowe i ca\u0142oroczne. Fulda to marka, kt\u00f3ra stawia na wydajno\u015b\u0107 i bezpiecze\u0144stwo jazdy.<\/p>\n<p style=\"margin: 15px 0; line-height: 1.8; clear: both; display: block; width: 100%; float: none; position: static;\">Dost\u0119pno\u015b\u0107 na rynku&nbsp;sprawia, \u017ce produkty marki Fulda s\u0105 dost\u0119pne na rynkach w Europie i innych cz\u0119\u015bciach \u015bwiata. Firma zdoby\u0142a uznanie zar\u00f3wno w Niemczech, jak i za granic\u0105, gdzie kierowcy doceniaj\u0105 jako\u015b\u0107, tradycj\u0119 i niezawodno\u015b\u0107 swoich opon. Fulda to marka, kt\u00f3ra \u0142\u0105czy niemieck\u0105 jako\u015b\u0107, tradycj\u0119 i wydajno\u015b\u0107.<\/p>\n<\/div>\n<\/div>\n<\/div>\n<div style=\"clear: both; display: block; margin: 10px 0;\">\n<div style=\"clear: both; display: block; margin: 10px 0;\">\n<div style=\"clear: both; display: block; margin: 10px 0;\">\n<div  style=\"max-width:660px;max-height:977px\">\n<div style=\"clear: both; display: block; margin: 10px 0;\">\n<div style=\"clear: both; width: 100%; display: block; margin: 20px 0; padding: 0; float: none; position: static; text-align: center;\"><img decoding=\"async\"  src=\"https:\/\/a.allegroimg.com\/original\/1144a7\/56ca412b4b14bf4b116a534d7d04\/2x-FULDA-KRISTALL-CONTROL-HP-225-40R18-92-V-Rok-produkcji-2025\" srcset=\"https:\/\/a.allegroimg.com\/original\/1144a7\/56ca412b4b14bf4b116a534d7d04\/2x-FULDA-KRISTALL-CONTROL-HP-225-40R18-92-V-Rok-produkcji-2025 243w,https:\/\/a.allegroimg.com\/original\/1144a7\/56ca412b4b14bf4b116a534d7d04\/2x-FULDA-KRISTALL-CONTROL-HP-225-40R18-92-V-Rok-produkcji-2025 486w,https:\/\/a.allegroimg.com\/original\/1144a7\/56ca412b4b14bf4b116a534d7d04\/2x-FULDA-KRISTALL-CONTROL-HP-225-40R18-92-V-Rok-produkcji-2025 660w,https:\/\/a.allegroimg.com\/original\/1144a7\/56ca412b4b14bf4b116a534d7d04\/2x-FULDA-KRISTALL-CONTROL-HP-225-40R18-92-V-Rok-produkcji-2025 660w\" sizes=\"(min-width: 1200px) 560px, (min-width: 992px) 50vw, 100vw\" width=\"660px\" alt=\"2x FULDA KRISTALL CONTROL HP 225\/40R18 92 V Rok produkcji 2025\" style=\"max-width: 100%; height: auto; display: block; margin: 0 auto;\"><\/div>\n<\/div>\n<\/div>\n<\/div>\n<\/div>\n<div style=\"clear: both; display: block; margin: 10px 0;\">\n<div style=\"clear: both; display: block; margin: 10px 0;\">\n<p style=\"margin: 15px 0; line-height: 1.8; clear: both; display: block; width: 100%; float: none; position: static;\">Dlaczego warto kupowa\u0107 u Nas ?<\/p>\n<p style=\"margin: 15px 0; line-height: 1.8; clear: both; display: block; width: 100%; float: none; position: static;\">Jeste\u015bmy firm\u0105, kt\u00f3ra na podstawie wieloletniego do\u015bwiadczenia z zaanga\u017cowaniem pomaga klientom w doborze oraz kupnie opon.<\/p>\n<p style=\"margin: 15px 0; line-height: 1.8; clear: both; display: block; width: 100%; float: none; position: static;\">Posiadamy szerok\u0105 game opon do aut osobowych, dostawczych, cie\u017carowych, motocyki jak i opon przemys\u0142owych.<\/p>\n<p style=\"margin: 15px 0; line-height: 1.8; clear: both; display: block; width: 100%; float: none; position: static;\">Gwarancja satysfakcjii oraz bezpiecznie przejechanych kilometr\u00f3w.<\/p>\n<p style=\"margin: 15px 0; line-height: 1.8; clear: both; display: block; width: 100%; float: none; position: static;\">Zosta\u0144 naszym kolejnym zadowolonym klientem.<\/p>\n<p style=\"margin: 15px 0; line-height: 1.8; clear: both; display: block; width: 100%; float: none; position: static;\">ZAPRASZAMY DO ZAKUP\u00d3W.<\/p>\n<\/div>\n<\/div>\n<\/div>\n<\/div>\n<\/div>\n<\/div>\n<div style=\"clear: both; display: block; margin: 10px 0;\">\n","protected":false},"excerpt":{"rendered":"<p>2x FULDA KRISTALL CONTROL HP 225\/40R18 92 V<\/p>\n<p>Zimowe opony FULDA KRISTALL CONTROL HP 2 225\/40 R18 92 V<\/p>\n<p>Opony FULDA KRISTALL CONTROL HP 2 to znacz\u0105cy model w portfolio producenta.&nbsp;<\/p>\n<p>Opony klasy \u015bredniej cechuj\u0105 si\u0119 najbardziej optymalnymi parametrami jezdnymi przy zachowaniu dobrej ceny.<\/p>\n<p>Stan:&nbsp;Nowy<\/p>\n<p>EAN:&nbsp;5452000470003<\/p>\n<p>Producent: FULDA<\/p>\n<p>Model: KRISTALL CONTROL HP 2<\/p>\n","protected":false},"featured_media":13883,"template":"","meta":{"_uag_custom_page_level_css":""},"product_brand":[399],"product_cat":[414,413,412,415],"product_tag":[],"class_list":{"0":"post-13882","1":"product","2":"type-product","3":"status-publish","4":"has-post-thumbnail","6":"product_brand-fulda","7":"product_cat-do-samochodow-osobowych-i-suv","8":"product_cat-opony","9":"product_cat-opony-i-felgi","10":"product_cat-zimowe","12":"first","13":"instock","14":"shipping-taxable","15":"purchasable","16":"product-type-simple"},"uagb_featured_image_src":{"full":["https:\/\/oponixo.shop\/tire\/wp-content\/uploads\/2026\/01\/allegro-image-13882.jpg",920,1120,false],"thumbnail":["https:\/\/oponixo.shop\/tire\/wp-content\/uploads\/2026\/01\/allegro-image-13882-150x150.jpg",150,150,true],"medium":["https:\/\/oponixo.shop\/tire\/wp-content\/uploads\/2026\/01\/allegro-image-13882-246x300.jpg",246,300,true],"medium_large":["https:\/\/oponixo.shop\/tire\/wp-content\/uploads\/2026\/01\/allegro-image-13882-768x935.jpg",768,935,true],"large":["https:\/\/oponixo.shop\/tire\/wp-content\/uploads\/2026\/01\/allegro-image-13882-841x1024.jpg",841,1024,true],"1536x1536":["https:\/\/oponixo.shop\/tire\/wp-content\/uploads\/2026\/01\/allegro-image-13882.jpg",920,1120,false],"2048x2048":["https:\/\/oponixo.shop\/tire\/wp-content\/uploads\/2026\/01\/allegro-image-13882.jpg",920,1120,false],"woocommerce_thumbnail":["https:\/\/oponixo.shop\/tire\/wp-content\/uploads\/2026\/01\/allegro-image-13882-300x300.jpg",300,300,true],"woocommerce_single":["https:\/\/oponixo.shop\/tire\/wp-content\/uploads\/2026\/01\/allegro-image-13882-600x730.jpg",600,730,true],"woocommerce_gallery_thumbnail":["https:\/\/oponixo.shop\/tire\/wp-content\/uploads\/2026\/01\/allegro-image-13882-100x100.jpg",100,100,true]},"uagb_author_info":{"display_name":"admin","author_link":"https:\/\/oponixo.shop\/tire\/author\/"},"uagb_comment_info":0,"uagb_excerpt":"2x FULDA KRISTALL CONTROL HP 225\/40R18 92 V Zimowe opony FULDA KRISTALL CONTROL HP 2 225\/40 R18 92 V Opony FULDA KRISTALL CONTROL HP 2 to znacz\u0105cy model w portfolio producenta.&nbsp; Opony klasy \u015bredniej cechuj\u0105 si\u0119 najbardziej optymalnymi parametrami jezdnymi przy zachowaniu dobrej ceny. Stan:&nbsp;Nowy EAN:&nbsp;5452000470003 Producent: FULDA Model: KRISTALL CONTROL HP 2","_links":{"self":[{"href":"https:\/\/oponixo.shop\/tire\/wp-json\/wp\/v2\/product\/13882","targetHints":{"allow":["GET"]}}],"collection":[{"href":"https:\/\/oponixo.shop\/tire\/wp-json\/wp\/v2\/product"}],"about":[{"href":"https:\/\/oponixo.shop\/tire\/wp-json\/wp\/v2\/types\/product"}],"wp:featuredmedia":[{"embeddable":true,"href":"https:\/\/oponixo.shop\/tire\/wp-json\/wp\/v2\/media\/13883"}],"wp:attachment":[{"href":"https:\/\/oponixo.shop\/tire\/wp-json\/wp\/v2\/media?parent=13882"}],"wp:term":[{"taxonomy":"product_brand","embeddable":true,"href":"https:\/\/oponixo.shop\/tire\/wp-json\/wp\/v2\/product_brand?post=13882"},{"taxonomy":"product_cat","embeddable":true,"href":"https:\/\/oponixo.shop\/tire\/wp-json\/wp\/v2\/product_cat?post=13882"},{"taxonomy":"product_tag","embeddable":true,"href":"https:\/\/oponixo.shop\/tire\/wp-json\/wp\/v2\/product_tag?post=13882"}],"curies":[{"name":"wp","href":"https:\/\/api.w.org\/{rel}","templated":true}]}}