{"id":13886,"date":"2026-01-09T11:37:35","date_gmt":"2026-01-09T10:37:35","guid":{"rendered":"https:\/\/oponyspeed.shop\/xef5\/produkt\/4x-firestone-225-40r18-92y-multiseason-2-fr-xl\/"},"modified":"2026-01-09T11:37:36","modified_gmt":"2026-01-09T10:37:36","slug":"4x-firestone-225-40r18-92y-multiseason-2-fr-xl","status":"publish","type":"product","link":"https:\/\/oponixo.shop\/tire\/produkt\/4x-firestone-225-40r18-92y-multiseason-2-fr-xl\/","title":{"rendered":"4x Firestone 225\/40R18 92Y Multiseason 2 FR XL"},"content":{"rendered":"<div style=\"font-family: Arial, sans-serif; line-height: 1.6; color: #333; padding: 20px; clear: both; display: block; width: 100%; float: none; position: static; overflow: hidden;\">\n<div style=\"clear: both; display: block; margin: 10px 0;\">\n<div style=\"clear: both; display: block; margin: 10px 0;\">\n<div style=\"clear: both; display: block; margin: 10px 0;\">\n<div  style=\"max-width:2419px;max-height:2419px\">\n<div style=\"clear: both; display: block; margin: 10px 0;\">\n<div style=\"clear: both; width: 100%; display: block; margin: 20px 0; padding: 0; float: none; position: static; text-align: center;\"><img decoding=\"async\"  src=\"https:\/\/a.allegroimg.com\/original\/111a48\/9a3bcf6e4a62bf12c82edf3bcded\/4x-Firestone-225-40R18-92Y-Multiseason-2-FR-XL-Marka-Firestone\" srcset=\"https:\/\/a.allegroimg.com\/original\/111a48\/9a3bcf6e4a62bf12c82edf3bcded\/4x-Firestone-225-40R18-92Y-Multiseason-2-FR-XL-Marka-Firestone 360w,https:\/\/a.allegroimg.com\/original\/111a48\/9a3bcf6e4a62bf12c82edf3bcded\/4x-Firestone-225-40R18-92Y-Multiseason-2-FR-XL-Marka-Firestone 720w,https:\/\/a.allegroimg.com\/original\/111a48\/9a3bcf6e4a62bf12c82edf3bcded\/4x-Firestone-225-40R18-92Y-Multiseason-2-FR-XL-Marka-Firestone 1024w,https:\/\/a.allegroimg.com\/original\/111a48\/9a3bcf6e4a62bf12c82edf3bcded\/4x-Firestone-225-40R18-92Y-Multiseason-2-FR-XL-Marka-Firestone 1440w,https:\/\/a.allegroimg.com\/original\/111a48\/9a3bcf6e4a62bf12c82edf3bcded\/4x-Firestone-225-40R18-92Y-Multiseason-2-FR-XL-Marka-Firestone 2419w\" sizes=\"(min-width: 1200px) 560px, (min-width: 992px) 50vw, 100vw\" width=\"2419px\" alt=\"4x Firestone 225\/40R18 92Y Multiseason 2 FR XL Marka Firestone\" style=\"max-width: 100%; height: auto; display: block; margin: 0 auto;\"><\/div>\n<\/div>\n<\/div>\n<\/div>\n<\/div>\n<div style=\"clear: both; display: block; margin: 10px 0;\">\n<div style=\"clear: both; display: block; margin: 10px 0;\">\n<h1>Opony Firestone Multiseason 2<\/h1>\n<h1>225\/40R18 92Y<\/h1>\n<ul style=\"margin: 15px 0; padding-left: 20px; clear: both; display: block; width: 100%; float: none; position: static;\">\n<li style=\"margin: 5px 0; padding: 2px 0; clear: both; display: list-item; float: none; position: static;\">Przeznaczenie: <b>Ca\u0142oroczne<\/b><\/li>\n<li style=\"margin: 5px 0; padding: 2px 0; clear: both; display: list-item; float: none; position: static;\">Typ pojazdu: <b>Osobowy<\/b><\/li>\n<li style=\"margin: 5px 0; padding: 2px 0; clear: both; display: list-item; float: none; position: static;\">Indeks pr\u0119dko\u015bci:<b>Y do 300 km\/h<\/b><\/li>\n<li style=\"margin: 5px 0; padding: 2px 0; clear: both; display: list-item; float: none; position: static;\">Indeks no\u015bno\u015bci: <b>92 &#8211; 630 kg<\/b><\/li>\n<li style=\"margin: 5px 0; padding: 2px 0; clear: both; display: list-item; float: none; position: static;\">Rok produkcji: <b>2024\/2025<\/b><\/li>\n<\/ul>\n<h3 style=\"color: #2c5aa0; font-size: 18px; margin: 30px 0 15px 0; font-weight: bold; clear: both; display: block; width: 100%; float: none; position: static;\">Oznaczenia dodatkowe:<\/h3>\n<p style=\"margin: 15px 0; line-height: 1.8; clear: both; display: block; width: 100%; float: none; position: static;\">FR &#8211; opona posiada rant chroni\u0105cy felg\u0119 przed zarysowaniami<\/p>\n<p style=\"margin: 15px 0; line-height: 1.8; clear: both; display: block; width: 100%; float: none; position: static;\">XL &#8211; opona o wzmocnionej budowie karkasu<\/p>\n<\/div>\n<\/div>\n<\/div>\n<div style=\"clear: both; display: block; margin: 10px 0;\">\n<div style=\"clear: both; display: block; margin: 10px 0;\">\n<div style=\"clear: both; display: block; margin: 10px 0;\">\n<h3 style=\"color: #2c5aa0; font-size: 18px; margin: 30px 0 15px 0; font-weight: bold; clear: both; display: block; width: 100%; float: none; position: static;\">Multiseason 2<\/h3>\n<p style=\"margin: 15px 0; line-height: 1.8; clear: both; display: block; width: 100%; float: none; position: static;\">Multiseason 2 to nowa generacja popularnego modelu Multiseason, kt\u00f3ra pozwoli zachowa\u0107 kontrol\u0119 nad pojazdem w ka\u017cdych warunkach. Bie\u017cnik w uk\u0142adzie V zapewni lepsze hamowanie na mokrej i suchej nawierzchni. Model posiada symbol alpejski. Zoptymalizowany sk\u0142ad mieszanki oraz kszta\u0142t lameli zapewniaj\u0105 dobr\u0105 przyczepno\u015b\u0107 na \u015bniegu, oraz zwi\u0119kszone przebiegi nawet do 25%.<\/p>\n<h3 style=\"color: #2c5aa0; font-size: 18px; margin: 30px 0 15px 0; font-weight: bold; clear: both; display: block; width: 100%; float: none; position: static;\">Firestone<\/h3>\n<p style=\"margin: 15px 0; line-height: 1.8; clear: both; display: block; width: 100%; float: none; position: static;\">Firestone to ameryka\u0144ska marka z tradycjami, produkuj\u0105ca swoje opony w oparciu o technologie koncernu Bridgestone. Opony Firestone posiadaj\u0105 bardzo dobry stosunek ceny do jako\u015bci.<\/p>\n<\/div>\n<\/div>\n<div style=\"clear: both; display: block; margin: 10px 0;\">\n<div style=\"clear: both; display: block; margin: 10px 0;\">\n<div  style=\"max-width:1777px;max-height:1333px\">\n<div style=\"clear: both; display: block; margin: 10px 0;\">\n<div style=\"clear: both; width: 100%; display: block; margin: 20px 0; padding: 0; float: none; position: static; text-align: center;\"><img decoding=\"async\"  src=\"https:\/\/a.allegroimg.com\/original\/113f72\/49d8907f4250a7927862db88f4c8\/4x-Firestone-225-40R18-92Y-Multiseason-2-FR-XL\" srcset=\"https:\/\/a.allegroimg.com\/original\/113f72\/49d8907f4250a7927862db88f4c8\/4x-Firestone-225-40R18-92Y-Multiseason-2-FR-XL 360w,https:\/\/a.allegroimg.com\/original\/113f72\/49d8907f4250a7927862db88f4c8\/4x-Firestone-225-40R18-92Y-Multiseason-2-FR-XL 720w,https:\/\/a.allegroimg.com\/original\/113f72\/49d8907f4250a7927862db88f4c8\/4x-Firestone-225-40R18-92Y-Multiseason-2-FR-XL 1024w,https:\/\/a.allegroimg.com\/original\/113f72\/49d8907f4250a7927862db88f4c8\/4x-Firestone-225-40R18-92Y-Multiseason-2-FR-XL 1440w,https:\/\/a.allegroimg.com\/original\/113f72\/49d8907f4250a7927862db88f4c8\/4x-Firestone-225-40R18-92Y-Multiseason-2-FR-XL 1777w\" sizes=\"(min-width: 1200px) 560px, (min-width: 992px) 50vw, 100vw\" width=\"1777px\" alt=\"4x Firestone 225\/40R18 92Y Multiseason 2 FR XL\" style=\"max-width: 100%; height: auto; display: block; margin: 0 auto;\"><\/div>\n<\/div>\n<\/div>\n<\/div>\n<\/div>\n<\/div>\n<div style=\"clear: both; display: block; margin: 10px 0;\">\n<div style=\"clear: both; display: block; margin: 10px 0;\">\n<div style=\"clear: both; display: block; margin: 10px 0;\">\n<div  style=\"max-width:300px;max-height:440px\">\n<div style=\"clear: both; display: block; margin: 10px 0;\">\n<div style=\"clear: both; width: 100%; display: block; margin: 20px 0; padding: 0; float: none; position: static; text-align: center;\"><img decoding=\"async\"  src=\"https:\/\/a.allegroimg.com\/original\/118b98\/292f9abf424cb68f497b1c5c65de\/4x-Firestone-225-40R18-92Y-Multiseason-2-FR-XL-Liczba-opon-w-ofercie-Komplet-4-szt\" srcset=\"https:\/\/a.allegroimg.com\/original\/118b98\/292f9abf424cb68f497b1c5c65de\/4x-Firestone-225-40R18-92Y-Multiseason-2-FR-XL-Liczba-opon-w-ofercie-Komplet-4-szt 245w,https:\/\/a.allegroimg.com\/original\/118b98\/292f9abf424cb68f497b1c5c65de\/4x-Firestone-225-40R18-92Y-Multiseason-2-FR-XL-Liczba-opon-w-ofercie-Komplet-4-szt 300w,https:\/\/a.allegroimg.com\/original\/118b98\/292f9abf424cb68f497b1c5c65de\/4x-Firestone-225-40R18-92Y-Multiseason-2-FR-XL-Liczba-opon-w-ofercie-Komplet-4-szt 300w\" sizes=\"(min-width: 1200px) 560px, (min-width: 992px) 50vw, 100vw\" width=\"300px\" alt=\"4x Firestone 225\/40R18 92Y Multiseason 2 FR XL Liczba opon w ofercie Komplet 4 szt.\" style=\"max-width: 100%; height: auto; display: block; margin: 0 auto;\"><\/div>\n<\/div>\n<\/div>\n<\/div>\n<\/div>\n<div style=\"clear: both; display: block; margin: 10px 0;\">\n<div style=\"clear: both; display: block; margin: 10px 0;\">\n<h3 style=\"color: #2c5aa0; font-size: 18px; margin: 30px 0 15px 0; font-weight: bold; clear: both; display: block; width: 100%; float: none; position: static;\">Efektywno\u015b\u0107 energetyczna \/ op\u00f3r toczenia<\/h3>\n<p style=\"margin: 15px 0; line-height: 1.8; clear: both; display: block; width: 100%; float: none; position: static;\">Op\u00f3r toczenia mo\u017cna nazwa\u0107 strat\u0105 energii, kt\u00f3ra powstaje, kiedy opona odkszta\u0142ca si\u0119 podczas jazdy na skutek kontaktu z pod\u0142o\u017cem. Ni\u017cszy op\u00f3r toczenia oznacza, \u017ce potrzeba mniej paliwa by utrzyma\u0107 samoch\u00f3d w ruchu.<\/p>\n<h3 style=\"color: #2c5aa0; font-size: 18px; margin: 30px 0 15px 0; font-weight: bold; clear: both; display: block; width: 100%; float: none; position: static;\">Przyczepno\u015b\u0107 na mokrej nawierzchni<\/h3>\n<p style=\"margin: 15px 0; line-height: 1.8; clear: both; display: block; width: 100%; float: none; position: static;\">Hamowanie na mokrej nawierzchni mierzy si\u0119 w metrach od momentu rozpocz\u0119cia hamowania do pe\u0142nego zatrzymania auta. Jest kluczowe dla bezpiecze\u0144stwa jazdy. Ocena A oznacza najkr\u00f3tsz\u0105 drog\u0119 hamowania, ocena G &#8211; najd\u0142u\u017csz\u0105.<\/p>\n<h3 style=\"color: #2c5aa0; font-size: 18px; margin: 30px 0 15px 0; font-weight: bold; clear: both; display: block; width: 100%; float: none; position: static;\">Zewn\u0119trzny ha\u0142as generowany przez opon\u0119<\/h3>\n<p style=\"margin: 15px 0; line-height: 1.8; clear: both; display: block; width: 100%; float: none; position: static;\">Ha\u0142as, kt\u00f3ry wytwarzaj\u0105 opony w trakcie jazdy mierzony jest w decybelach. Cicho\u015b\u0107 opony znacznie wp\u0142ywa na ochron\u0119 \u015brodowiska oraz komfort podr\u00f3\u017cowania. Ha\u0142as mierzony jest przy pr\u0119dko\u015bci 80km\/h.<\/p>\n<\/div>\n<\/div>\n<\/div>\n<\/div>\n<\/div>\n<\/div>\n<div style=\"clear: both; display: block; margin: 10px 0;\">\n","protected":false},"excerpt":{"rendered":"<p>Opony Firestone Multiseason 2<\/p>\n<p>225\/40R18 92Y<\/p>\n<p>Przeznaczenie: Ca\u0142oroczne<\/p>\n<p>Typ pojazdu: Osobowy<\/p>\n<p>Indeks pr\u0119dko\u015bci:Y do 300 km\/h<\/p>\n<p>Indeks no\u015bno\u015bci: 92 &#8211; 630 kg<\/p>\n<p>Rok produkcji: 2024\/2025<\/p>\n<p>Oznaczenia dodatkowe:<\/p>\n","protected":false},"featured_media":13887,"template":"","meta":{"_uag_custom_page_level_css":""},"product_brand":[400],"product_cat":[416,414,413,412],"product_tag":[],"class_list":{"0":"post-13886","1":"product","2":"type-product","3":"status-publish","4":"has-post-thumbnail","6":"product_brand-firestone","7":"product_cat-caloroczne","8":"product_cat-do-samochodow-osobowych-i-suv","9":"product_cat-opony","10":"product_cat-opony-i-felgi","12":"first","13":"instock","14":"shipping-taxable","15":"purchasable","16":"product-type-simple"},"uagb_featured_image_src":{"full":["https:\/\/oponixo.shop\/tire\/wp-content\/uploads\/2026\/01\/allegro-image-13886.jpg",1777,1333,false],"thumbnail":["https:\/\/oponixo.shop\/tire\/wp-content\/uploads\/2026\/01\/allegro-image-13886-150x150.jpg",150,150,true],"medium":["https:\/\/oponixo.shop\/tire\/wp-content\/uploads\/2026\/01\/allegro-image-13886-300x225.jpg",300,225,true],"medium_large":["https:\/\/oponixo.shop\/tire\/wp-content\/uploads\/2026\/01\/allegro-image-13886-768x576.jpg",768,576,true],"large":["https:\/\/oponixo.shop\/tire\/wp-content\/uploads\/2026\/01\/allegro-image-13886-1024x768.jpg",1024,768,true],"1536x1536":["https:\/\/oponixo.shop\/tire\/wp-content\/uploads\/2026\/01\/allegro-image-13886-1536x1152.jpg",1536,1152,true],"2048x2048":["https:\/\/oponixo.shop\/tire\/wp-content\/uploads\/2026\/01\/allegro-image-13886.jpg",1777,1333,false],"woocommerce_thumbnail":["https:\/\/oponixo.shop\/tire\/wp-content\/uploads\/2026\/01\/allegro-image-13886-300x300.jpg",300,300,true],"woocommerce_single":["https:\/\/oponixo.shop\/tire\/wp-content\/uploads\/2026\/01\/allegro-image-13886-600x450.jpg",600,450,true],"woocommerce_gallery_thumbnail":["https:\/\/oponixo.shop\/tire\/wp-content\/uploads\/2026\/01\/allegro-image-13886-100x100.jpg",100,100,true]},"uagb_author_info":{"display_name":"admin","author_link":"https:\/\/oponixo.shop\/tire\/author\/"},"uagb_comment_info":0,"uagb_excerpt":"Opony Firestone Multiseason 2 225\/40R18 92Y Przeznaczenie: Ca\u0142oroczne Typ pojazdu: Osobowy Indeks pr\u0119dko\u015bci:Y do 300 km\/h Indeks no\u015bno\u015bci: 92 - 630 kg Rok produkcji: 2024\/2025 Oznaczenia dodatkowe:","_links":{"self":[{"href":"https:\/\/oponixo.shop\/tire\/wp-json\/wp\/v2\/product\/13886","targetHints":{"allow":["GET"]}}],"collection":[{"href":"https:\/\/oponixo.shop\/tire\/wp-json\/wp\/v2\/product"}],"about":[{"href":"https:\/\/oponixo.shop\/tire\/wp-json\/wp\/v2\/types\/product"}],"wp:featuredmedia":[{"embeddable":true,"href":"https:\/\/oponixo.shop\/tire\/wp-json\/wp\/v2\/media\/13887"}],"wp:attachment":[{"href":"https:\/\/oponixo.shop\/tire\/wp-json\/wp\/v2\/media?parent=13886"}],"wp:term":[{"taxonomy":"product_brand","embeddable":true,"href":"https:\/\/oponixo.shop\/tire\/wp-json\/wp\/v2\/product_brand?post=13886"},{"taxonomy":"product_cat","embeddable":true,"href":"https:\/\/oponixo.shop\/tire\/wp-json\/wp\/v2\/product_cat?post=13886"},{"taxonomy":"product_tag","embeddable":true,"href":"https:\/\/oponixo.shop\/tire\/wp-json\/wp\/v2\/product_tag?post=13886"}],"curies":[{"name":"wp","href":"https:\/\/api.w.org\/{rel}","templated":true}]}}