{"id":13892,"date":"2026-01-09T11:37:37","date_gmt":"2026-01-09T10:37:37","guid":{"rendered":"https:\/\/oponyspeed.shop\/xef5\/produkt\/2x-bridgestone-lm001-rft-225-40r18-92v-rft-xl-fr\/"},"modified":"2026-01-09T11:37:38","modified_gmt":"2026-01-09T10:37:38","slug":"2x-bridgestone-lm001-rft-225-40r18-92v-rft-xl-fr","status":"publish","type":"product","link":"https:\/\/oponixo.shop\/tire\/produkt\/2x-bridgestone-lm001-rft-225-40r18-92v-rft-xl-fr\/","title":{"rendered":"2x Bridgestone LM001 * RFT 225\/40R18 92V RFT XL FR"},"content":{"rendered":"<div style=\"font-family: Arial, sans-serif; line-height: 1.6; color: #333; padding: 20px; clear: both; display: block; width: 100%; float: none; position: static; overflow: hidden;\">\n<div style=\"clear: both; display: block; margin: 10px 0;\">\n<div style=\"clear: both; display: block; margin: 10px 0;\">\n<div style=\"clear: both; display: block; margin: 10px 0;\">\n<h1>Bridgestone LM001 * RFT <\/h1>\n<h1>225\/40 R18 92V do 240 km\/h<\/h1>\n<h2>Kod produktu: 3286341003017<\/h2>\n<p style=\"margin: 15px 0; line-height: 1.8; clear: both; display: block; width: 100%; float: none; position: static;\">Opony zimowe Bridgestone LM001 to produkty \u0142\u0105cz\u0105ce niezwyk\u0142\u0105 precyzj\u0119 prowadzenia, pe\u0142n\u0105 stabilno\u015b\u0107 jazdy podczas pokonywania zakr\u0119t\u00f3w oraz doskona\u0142\u0105 przyczepno\u015b\u0107. Cechuj\u0105 si\u0119 najwy\u017csz\u0105 jako\u015bci\u0105 i znakomitym poziomem osi\u0105g\u00f3w.  Kierunkowa rze\u017aba bie\u017cnika i jej szerokie rowki sprawnie usuwaj\u0105 wod\u0119 i rozpuszczaj\u0105cy si\u0119 \u015bnieg spod opony, dzi\u0119ki czemu ryzyko aquaplaningu i po\u015blizgu jest zmniejszone. Specjalna mieszanka gumowa gwarantuje odporno\u015b\u0107 na uszkodzenia i niskie temperatury<\/p>\n<h2>Zakupione na tej aukcji opony mo\u017cesz odebra\u0107 i wymieni\u0107 w jednym z naszych serwis\u00f3w: MOTOHURT MARKI &#8211; MOTOHURT WOLA &#8211; MOTOHURT MOKOT\u00d3W<\/h2>\n<\/div>\n<\/div>\n<div style=\"clear: both; display: block; margin: 10px 0;\">\n<div style=\"clear: both; display: block; margin: 10px 0;\">\n<div  style=\"max-width:750px;max-height:1024px\">\n<div style=\"clear: both; display: block; margin: 10px 0;\">\n<div style=\"clear: both; width: 100%; display: block; margin: 20px 0; padding: 0; float: none; position: static; text-align: center;\"><img decoding=\"async\"  src=\"https:\/\/a.allegroimg.com\/original\/115ff9\/e0e6fd3940caac2c3d3f2eeb6cec\/2x-Bridgestone-LM001-RFT-225-40R18-92V-RFT-XL-FR\" srcset=\"https:\/\/a.allegroimg.com\/original\/115ff9\/e0e6fd3940caac2c3d3f2eeb6cec\/2x-Bridgestone-LM001-RFT-225-40R18-92V-RFT-XL-FR 263w,https:\/\/a.allegroimg.com\/original\/115ff9\/e0e6fd3940caac2c3d3f2eeb6cec\/2x-Bridgestone-LM001-RFT-225-40R18-92V-RFT-XL-FR 527w,https:\/\/a.allegroimg.com\/original\/115ff9\/e0e6fd3940caac2c3d3f2eeb6cec\/2x-Bridgestone-LM001-RFT-225-40R18-92V-RFT-XL-FR 750w,https:\/\/a.allegroimg.com\/original\/115ff9\/e0e6fd3940caac2c3d3f2eeb6cec\/2x-Bridgestone-LM001-RFT-225-40R18-92V-RFT-XL-FR 750w\" sizes=\"(min-width: 1200px) 560px, (min-width: 992px) 50vw, 100vw\" width=\"750px\" alt=\"2x Bridgestone LM001 * RFT 225\/40R18 92V RFT XL FR\" style=\"max-width: 100%; height: auto; display: block; margin: 0 auto;\"><\/div>\n<\/div>\n<\/div>\n<\/div>\n<\/div>\n<\/div>\n<div style=\"clear: both; display: block; margin: 10px 0;\">\n<div style=\"clear: both; display: block; margin: 10px 0;\">\n<div style=\"clear: both; display: block; margin: 10px 0;\">\n<div  style=\"max-width:212px;max-height:305px\">\n<div style=\"clear: both; display: block; margin: 10px 0;\">\n<div style=\"clear: both; width: 100%; display: block; margin: 20px 0; padding: 0; float: none; position: static; text-align: center;\"><img decoding=\"async\"  src=\"https:\/\/a.allegroimg.com\/original\/11d974\/0a4919dd447f946cb59e0636b35f\/2x-Bridgestone-LM001-RFT-225-40R18-92V-RFT-XL-FR-Liczba-opon-w-ofercie-2-szt\" srcset=\"https:\/\/a.allegroimg.com\/original\/11d974\/0a4919dd447f946cb59e0636b35f\/2x-Bridgestone-LM001-RFT-225-40R18-92V-RFT-XL-FR-Liczba-opon-w-ofercie-2-szt 212w,https:\/\/a.allegroimg.com\/original\/11d974\/0a4919dd447f946cb59e0636b35f\/2x-Bridgestone-LM001-RFT-225-40R18-92V-RFT-XL-FR-Liczba-opon-w-ofercie-2-szt 212w\" sizes=\"(min-width: 1200px) 560px, (min-width: 992px) 50vw, 100vw\" width=\"212px\" alt=\"2x Bridgestone LM001 * RFT 225\/40R18 92V RFT XL FR Liczba opon w ofercie 2 szt.\" style=\"max-width: 100%; height: auto; display: block; margin: 0 auto;\"><\/div>\n<\/div>\n<\/div>\n<\/div>\n<\/div>\n<div style=\"clear: both; display: block; margin: 10px 0;\">\n<div style=\"clear: both; display: block; margin: 10px 0;\">\n<h2>Marka: Bridgestone<\/h2>\n<h2>Liczba opon w ofercie: 2<\/h2>\n<h2>Rok produkcji: <\/h2>\n<h2>Szeroko\u015b\u0107 opony: 225 mm<\/h2>\n<h2>Profil opony: 40<\/h2>\n<h2>\u015arednica: 18<\/h2>\n<h2>Indeks no\u015bno\u015bci: 92<\/h2>\n<h2>Indeks pr\u0119dko\u015bci: V do 240 km\/h<\/h2>\n<h2>Op\u00f3r toczenia: Klasa E<\/h2>\n<h2>Przyczepno\u015b\u0107 na mokrej nawierzchni: Klasa C<\/h2>\n<h2>Ha\u0142as zewn\u0119trzny: 72 dB<\/h2>\n<h2>Kod producenta: 10030<\/h2>\n<h2>Sezon: Zimowe<\/h2>\n<\/div>\n<\/div>\n<\/div>\n<\/div>\n<\/div>\n<\/div>\n<div style=\"clear: both; display: block; margin: 10px 0;\">\n","protected":false},"excerpt":{"rendered":"<p>Bridgestone LM001 * RFT<\/p>\n<p>225\/40 R18 92V do 240 km\/h<\/p>\n<p>Kod produktu: 3286341003017<\/p>\n<p>Opony zimowe Bridgestone LM001 to produkty \u0142\u0105cz\u0105ce niezwyk\u0142\u0105 precyzj\u0119 prowadzenia, pe\u0142n\u0105 stabilno\u015b\u0107 jazdy podczas pokonywania zakr\u0119t\u00f3w oraz doskona\u0142\u0105 przyczepno\u015b\u0107. Cechuj\u0105 si\u0119 najwy\u017csz\u0105 jako\u015bci\u0105 i znakomitym poziomem osi\u0105g\u00f3w. Kierunkowa rze\u017aba bie\u017cnika i jej szerokie rowki sprawnie usuwaj\u0105 wod\u0119 i rozpuszczaj\u0105cy si\u0119 \u015bnieg spod opony, dzi\u0119ki czemu ryzyko aquaplaningu i po\u015blizgu jest zmniejszone. Specjalna mieszanka gumowa gwarantuje odporno\u015b\u0107 na uszkodzenia i niskie temperatury<\/p>\n","protected":false},"featured_media":13893,"template":"","meta":{"_uag_custom_page_level_css":""},"product_brand":[397],"product_cat":[414,413,412,415],"product_tag":[],"class_list":{"0":"post-13892","1":"product","2":"type-product","3":"status-publish","4":"has-post-thumbnail","6":"product_brand-bridgestone","7":"product_cat-do-samochodow-osobowych-i-suv","8":"product_cat-opony","9":"product_cat-opony-i-felgi","10":"product_cat-zimowe","12":"first","13":"instock","14":"shipping-taxable","15":"purchasable","16":"product-type-simple"},"uagb_featured_image_src":{"full":["https:\/\/oponixo.shop\/tire\/wp-content\/uploads\/2026\/01\/allegro-image-13892.jpg",750,1024,false],"thumbnail":["https:\/\/oponixo.shop\/tire\/wp-content\/uploads\/2026\/01\/allegro-image-13892-150x150.jpg",150,150,true],"medium":["https:\/\/oponixo.shop\/tire\/wp-content\/uploads\/2026\/01\/allegro-image-13892-220x300.jpg",220,300,true],"medium_large":["https:\/\/oponixo.shop\/tire\/wp-content\/uploads\/2026\/01\/allegro-image-13892.jpg",750,1024,false],"large":["https:\/\/oponixo.shop\/tire\/wp-content\/uploads\/2026\/01\/allegro-image-13892.jpg",750,1024,false],"1536x1536":["https:\/\/oponixo.shop\/tire\/wp-content\/uploads\/2026\/01\/allegro-image-13892.jpg",750,1024,false],"2048x2048":["https:\/\/oponixo.shop\/tire\/wp-content\/uploads\/2026\/01\/allegro-image-13892.jpg",750,1024,false],"woocommerce_thumbnail":["https:\/\/oponixo.shop\/tire\/wp-content\/uploads\/2026\/01\/allegro-image-13892-300x300.jpg",300,300,true],"woocommerce_single":["https:\/\/oponixo.shop\/tire\/wp-content\/uploads\/2026\/01\/allegro-image-13892-600x819.jpg",600,819,true],"woocommerce_gallery_thumbnail":["https:\/\/oponixo.shop\/tire\/wp-content\/uploads\/2026\/01\/allegro-image-13892-100x100.jpg",100,100,true]},"uagb_author_info":{"display_name":"admin","author_link":"https:\/\/oponixo.shop\/tire\/author\/"},"uagb_comment_info":0,"uagb_excerpt":"Bridgestone LM001 * RFT 225\/40 R18 92V do 240 km\/h Kod produktu: 3286341003017 Opony zimowe Bridgestone LM001 to produkty \u0142\u0105cz\u0105ce niezwyk\u0142\u0105 precyzj\u0119 prowadzenia, pe\u0142n\u0105 stabilno\u015b\u0107 jazdy podczas pokonywania zakr\u0119t\u00f3w oraz doskona\u0142\u0105 przyczepno\u015b\u0107. Cechuj\u0105 si\u0119 najwy\u017csz\u0105 jako\u015bci\u0105 i znakomitym poziomem osi\u0105g\u00f3w. Kierunkowa rze\u017aba bie\u017cnika i jej szerokie rowki sprawnie usuwaj\u0105 wod\u0119 i rozpuszczaj\u0105cy si\u0119 \u015bnieg spod&hellip;","_links":{"self":[{"href":"https:\/\/oponixo.shop\/tire\/wp-json\/wp\/v2\/product\/13892","targetHints":{"allow":["GET"]}}],"collection":[{"href":"https:\/\/oponixo.shop\/tire\/wp-json\/wp\/v2\/product"}],"about":[{"href":"https:\/\/oponixo.shop\/tire\/wp-json\/wp\/v2\/types\/product"}],"wp:featuredmedia":[{"embeddable":true,"href":"https:\/\/oponixo.shop\/tire\/wp-json\/wp\/v2\/media\/13893"}],"wp:attachment":[{"href":"https:\/\/oponixo.shop\/tire\/wp-json\/wp\/v2\/media?parent=13892"}],"wp:term":[{"taxonomy":"product_brand","embeddable":true,"href":"https:\/\/oponixo.shop\/tire\/wp-json\/wp\/v2\/product_brand?post=13892"},{"taxonomy":"product_cat","embeddable":true,"href":"https:\/\/oponixo.shop\/tire\/wp-json\/wp\/v2\/product_cat?post=13892"},{"taxonomy":"product_tag","embeddable":true,"href":"https:\/\/oponixo.shop\/tire\/wp-json\/wp\/v2\/product_tag?post=13892"}],"curies":[{"name":"wp","href":"https:\/\/api.w.org\/{rel}","templated":true}]}}