{"id":13936,"date":"2026-01-09T13:03:55","date_gmt":"2026-01-09T12:03:55","guid":{"rendered":"https:\/\/oponyspeed.shop\/xef5\/produkt\/2x-opony-225-55r18-bridgestone-blizzak-lm001-102v\/"},"modified":"2026-01-09T13:03:56","modified_gmt":"2026-01-09T12:03:56","slug":"2x-opony-225-55r18-bridgestone-blizzak-lm001-102v","status":"publish","type":"product","link":"https:\/\/oponixo.shop\/tire\/produkt\/2x-opony-225-55r18-bridgestone-blizzak-lm001-102v\/","title":{"rendered":"2x opony 225\/55R18 BRIDGESTONE BLIZZAK LM001 102V"},"content":{"rendered":"<div style=\"font-family: Arial, sans-serif; line-height: 1.6; color: #333; padding: 20px; clear: both; display: block; width: 100%; float: none; position: static; overflow: hidden;\">\n<div style=\"clear: both; display: block; margin: 10px 0;\">\n<div style=\"clear: both; display: block; margin: 10px 0;\">\n<div style=\"clear: both; display: block; margin: 10px 0;\">\n<h2>Opona zimowa Bridgestone Blizzak LM001 225\/55R18 102 V przyczepno\u015b\u0107 na \u015bniegu (3PMSF), wzmocnienie (XL) AO &#8211; Audi<\/h2>\n<p style=\"margin: 15px 0; line-height: 1.8; clear: both; display: block; width: 100%; float: none; position: static;\">Opona zimowa Bridgestone Blizzak LM001 225\/55R18 102 V<\/p>\n<p style=\"margin: 15px 0; line-height: 1.8; clear: both; display: block; width: 100%; float: none; position: static;\">Cechy produktu:<\/p>\n<ul style=\"margin: 15px 0; padding-left: 20px; clear: both; display: block; width: 100%; float: none; position: static;\">\n<li style=\"margin: 5px 0; padding: 2px 0; clear: both; display: list-item; float: none; position: static;\">sezon: zimowe<\/li>\n<li style=\"margin: 5px 0; padding: 2px 0; clear: both; display: list-item; float: none; position: static;\">szeroko\u015b\u0107\/profil\/\u015brednica: 225\/55R18<\/li>\n<li style=\"margin: 5px 0; padding: 2px 0; clear: both; display: list-item; float: none; position: static;\">indeks pr\u0119dko\u015bci: V do 240 km\/h<\/li>\n<li style=\"margin: 5px 0; padding: 2px 0; clear: both; display: list-item; float: none; position: static;\">indeks no\u015bno\u015bci: 102 &#8211; 850 kg<\/li>\n<li style=\"margin: 5px 0; padding: 2px 0; clear: both; display: list-item; float: none; position: static;\">op\u00f3r toczenia:<\/li>\n<li style=\"margin: 5px 0; padding: 2px 0; clear: both; display: list-item; float: none; position: static;\">przyczepno\u015b\u0107 na mokrej nawierzchni:<\/li>\n<li style=\"margin: 5px 0; padding: 2px 0; clear: both; display: list-item; float: none; position: static;\">ha\u0142as zewn\u0119trzny: dB<\/li>\n<li style=\"margin: 5px 0; padding: 2px 0; clear: both; display: list-item; float: none; position: static;\">wzmocnienie (XL)<\/li>\n<li style=\"margin: 5px 0; padding: 2px 0; clear: both; display: list-item; float: none; position: static;\">homologacja: AO<\/li>\n<\/ul>\n<\/div>\n<\/div>\n<div style=\"clear: both; display: block; margin: 10px 0;\">\n<div style=\"clear: both; display: block; margin: 10px 0;\">\n<div  style=\"max-width:2400px;max-height:2400px\">\n<div style=\"clear: both; display: block; margin: 10px 0;\">\n<div style=\"clear: both; width: 100%; display: block; margin: 20px 0; padding: 0; float: none; position: static; text-align: center;\"><img decoding=\"async\"  src=\"https:\/\/a.allegroimg.com\/original\/00bde2\/5b8e33b048f1bdb5be350f922e16\/2x-opony-225-55R18-BRIDGESTONE-BLIZZAK-LM001-102V\" srcset=\"https:\/\/a.allegroimg.com\/original\/00bde2\/5b8e33b048f1bdb5be350f922e16\/2x-opony-225-55R18-BRIDGESTONE-BLIZZAK-LM001-102V 360w,https:\/\/a.allegroimg.com\/original\/00bde2\/5b8e33b048f1bdb5be350f922e16\/2x-opony-225-55R18-BRIDGESTONE-BLIZZAK-LM001-102V 720w,https:\/\/a.allegroimg.com\/original\/00bde2\/5b8e33b048f1bdb5be350f922e16\/2x-opony-225-55R18-BRIDGESTONE-BLIZZAK-LM001-102V 1024w,https:\/\/a.allegroimg.com\/original\/00bde2\/5b8e33b048f1bdb5be350f922e16\/2x-opony-225-55R18-BRIDGESTONE-BLIZZAK-LM001-102V 1440w,https:\/\/a.allegroimg.com\/original\/00bde2\/5b8e33b048f1bdb5be350f922e16\/2x-opony-225-55R18-BRIDGESTONE-BLIZZAK-LM001-102V 2400w\" sizes=\"(min-width: 1200px) 560px, (min-width: 992px) 50vw, 100vw\" width=\"2400px\" alt=\"2x opony 225\/55R18 BRIDGESTONE BLIZZAK LM001 102V\" style=\"max-width: 100%; height: auto; display: block; margin: 0 auto;\"><\/div>\n<\/div>\n<\/div>\n<\/div>\n<\/div>\n<\/div>\n<div style=\"clear: both; display: block; margin: 10px 0;\">\n<div style=\"clear: both; display: block; margin: 10px 0;\">\n<div style=\"clear: both; display: block; margin: 10px 0;\">\n<h3 style=\"color: #2c5aa0; font-size: 18px; margin: 30px 0 15px 0; font-weight: bold; clear: both; display: block; width: 100%; float: none; position: static;\">Informacje dodatkowe:<\/h3>\n<ul style=\"margin: 15px 0; padding-left: 20px; clear: both; display: block; width: 100%; float: none; position: static;\">\n<li style=\"margin: 5px 0; padding: 2px 0; clear: both; display: list-item; float: none; position: static;\">rok produkcji: 2024 <\/li>\n<li style=\"margin: 5px 0; padding: 2px 0; clear: both; display: list-item; float: none; position: static;\">stan: fabrycznie nowe <\/li>\n<\/ul>\n<\/div>\n<\/div>\n<\/div>\n<div style=\"clear: both; display: block; margin: 10px 0;\">\n<div style=\"clear: both; display: block; margin: 10px 0;\">\n<div style=\"clear: both; display: block; margin: 10px 0;\">\n<p style=\"margin: 15px 0; line-height: 1.8; clear: both; display: block; width: 100%; float: none; position: static;\">Bridgestone Blizzak LM001 to opona zimowa przeznaczona do pojazd\u00f3w osobowych. Charakteryzuje si\u0119 doskona\u0142ymi parametrami zar\u00f3wno na suchej, jak i mokrej lub o\u015bnie\u017conej nawierzchni.<\/p>\n<p style=\"margin: 15px 0; line-height: 1.8; clear: both; display: block; width: 100%; float: none; position: static;\">Kierunkowa rze\u017aba bie\u017cnika z szerokimi rowkami poprzecznymi zapewnia skuteczne odprowadzanie wody i b\u0142ota po\u015bniegowego poza profil opony. Ogranicza to mo\u017cliwo\u015b\u0107 wyst\u0105pienia aquaplaningu zapewniaj\u0105c optymaln\u0105 powierzchni\u0119 kontaktu opony z pod\u0142o\u017cem. Doskona\u0142a przyczepno\u015b\u0107 w zmiennych warunkach zimowych przek\u0142ada si\u0119 na bezpiecze\u0144stwo jazdy.<\/p>\n<p style=\"margin: 15px 0; line-height: 1.8; clear: both; display: block; width: 100%; float: none; position: static;\">G\u0119sta sie\u0107 tr\u00f3jwymiarowych lameli zapewnia znakomit\u0105 trakcj\u0119 w r\u00f3\u017cnorodnych warunkach zimowej pory roku. Doskona\u0142a przyczepno\u015b\u0107 w ka\u017cdych warunkach zapewnia efektywne przenoszenie si\u0142 nap\u0119dowych i hamuj\u0105cych zwi\u0119kszaj\u0105c stabilno\u015b\u0107 i kontrol\u0119 nad pojazdem.<\/p>\n<p style=\"margin: 15px 0; line-height: 1.8; clear: both; display: block; width: 100%; float: none; position: static;\">Opona Bridgestone Blizzak LM001 zosta\u0142a wyprodukowana z nowoczesnej mieszanki gumowej. Technologia NanoPro-Tech zapewnia r\u00f3wnomierny rozk\u0142ad krzemionki. Mieszanka zachowuje wymagan\u0105 elastyczno\u015b\u0107 w szerokim zakresie temperatur, ze szczeg\u00f3lnym uwzgl\u0119dnieniem niskich temperatur zimowych. Optymalna przyczepno\u015b\u0107 w ka\u017cdych warunkach przek\u0142ada si\u0119 na komfort i bezpiecze\u0144stwo jazdy.<\/p>\n<\/div>\n<\/div>\n<\/div>\n<\/div>\n<\/div>\n<\/div>\n<div style=\"clear: both; display: block; margin: 10px 0;\">\n","protected":false},"excerpt":{"rendered":"<p>Opona zimowa Bridgestone Blizzak LM001 225\/55R18 102 V przyczepno\u015b\u0107 na \u015bniegu (3PMSF), wzmocnienie (XL) AO &#8211; Audi<\/p>\n<p>Opona zimowa Bridgestone Blizzak LM001 225\/55R18 102 V<\/p>\n<p>Cechy produktu:<\/p>\n<p>sezon: zimowe<\/p>\n<p>szeroko\u015b\u0107\/profil\/\u015brednica: 225\/55R18<\/p>\n<p>indeks pr\u0119dko\u015bci: V do 240 km\/h<\/p>\n<p>indeks no\u015bno\u015bci: 102 &#8211; 850 kg<\/p>\n<p>op\u00f3r toczenia:<\/p>\n","protected":false},"featured_media":13937,"template":"","meta":{"_uag_custom_page_level_css":""},"product_brand":[397],"product_cat":[414,413,412,415],"product_tag":[],"class_list":{"0":"post-13936","1":"product","2":"type-product","3":"status-publish","4":"has-post-thumbnail","6":"product_brand-bridgestone","7":"product_cat-do-samochodow-osobowych-i-suv","8":"product_cat-opony","9":"product_cat-opony-i-felgi","10":"product_cat-zimowe","12":"first","13":"instock","14":"shipping-taxable","15":"purchasable","16":"product-type-simple"},"uagb_featured_image_src":{"full":["https:\/\/oponixo.shop\/tire\/wp-content\/uploads\/2026\/01\/allegro-image-13936.jpg",2400,2400,false],"thumbnail":["https:\/\/oponixo.shop\/tire\/wp-content\/uploads\/2026\/01\/allegro-image-13936-150x150.jpg",150,150,true],"medium":["https:\/\/oponixo.shop\/tire\/wp-content\/uploads\/2026\/01\/allegro-image-13936-300x300.jpg",300,300,true],"medium_large":["https:\/\/oponixo.shop\/tire\/wp-content\/uploads\/2026\/01\/allegro-image-13936-768x768.jpg",768,768,true],"large":["https:\/\/oponixo.shop\/tire\/wp-content\/uploads\/2026\/01\/allegro-image-13936-1024x1024.jpg",1024,1024,true],"1536x1536":["https:\/\/oponixo.shop\/tire\/wp-content\/uploads\/2026\/01\/allegro-image-13936-1536x1536.jpg",1536,1536,true],"2048x2048":["https:\/\/oponixo.shop\/tire\/wp-content\/uploads\/2026\/01\/allegro-image-13936-2048x2048.jpg",2048,2048,true],"woocommerce_thumbnail":["https:\/\/oponixo.shop\/tire\/wp-content\/uploads\/2026\/01\/allegro-image-13936-300x300.jpg",300,300,true],"woocommerce_single":["https:\/\/oponixo.shop\/tire\/wp-content\/uploads\/2026\/01\/allegro-image-13936-600x600.jpg",600,600,true],"woocommerce_gallery_thumbnail":["https:\/\/oponixo.shop\/tire\/wp-content\/uploads\/2026\/01\/allegro-image-13936-100x100.jpg",100,100,true]},"uagb_author_info":{"display_name":"admin","author_link":"https:\/\/oponixo.shop\/tire\/author\/"},"uagb_comment_info":0,"uagb_excerpt":"Opona zimowa Bridgestone Blizzak LM001 225\/55R18 102 V przyczepno\u015b\u0107 na \u015bniegu (3PMSF), wzmocnienie (XL) AO - Audi Opona zimowa Bridgestone Blizzak LM001 225\/55R18 102 V Cechy produktu: sezon: zimowe szeroko\u015b\u0107\/profil\/\u015brednica: 225\/55R18 indeks pr\u0119dko\u015bci: V do 240 km\/h indeks no\u015bno\u015bci: 102 - 850 kg op\u00f3r toczenia:","_links":{"self":[{"href":"https:\/\/oponixo.shop\/tire\/wp-json\/wp\/v2\/product\/13936","targetHints":{"allow":["GET"]}}],"collection":[{"href":"https:\/\/oponixo.shop\/tire\/wp-json\/wp\/v2\/product"}],"about":[{"href":"https:\/\/oponixo.shop\/tire\/wp-json\/wp\/v2\/types\/product"}],"wp:featuredmedia":[{"embeddable":true,"href":"https:\/\/oponixo.shop\/tire\/wp-json\/wp\/v2\/media\/13937"}],"wp:attachment":[{"href":"https:\/\/oponixo.shop\/tire\/wp-json\/wp\/v2\/media?parent=13936"}],"wp:term":[{"taxonomy":"product_brand","embeddable":true,"href":"https:\/\/oponixo.shop\/tire\/wp-json\/wp\/v2\/product_brand?post=13936"},{"taxonomy":"product_cat","embeddable":true,"href":"https:\/\/oponixo.shop\/tire\/wp-json\/wp\/v2\/product_cat?post=13936"},{"taxonomy":"product_tag","embeddable":true,"href":"https:\/\/oponixo.shop\/tire\/wp-json\/wp\/v2\/product_tag?post=13936"}],"curies":[{"name":"wp","href":"https:\/\/api.w.org\/{rel}","templated":true}]}}