{"id":13990,"date":"2026-01-09T20:25:45","date_gmt":"2026-01-09T19:25:45","guid":{"rendered":"https:\/\/oponyspeed.shop\/xef5\/produkt\/2x-bridgestone-blizzak-6-195-55r20-95w\/"},"modified":"2026-01-09T20:25:45","modified_gmt":"2026-01-09T19:25:45","slug":"2x-bridgestone-blizzak-6-195-55r20-95w","status":"publish","type":"product","link":"https:\/\/oponixo.shop\/tire\/produkt\/2x-bridgestone-blizzak-6-195-55r20-95w\/","title":{"rendered":"2x Bridgestone Blizzak 6 195\/55R20 95W"},"content":{"rendered":"<div style=\"font-family: Arial, sans-serif; line-height: 1.6; color: #333; padding: 20px; clear: both; display: block; width: 100%; float: none; position: static; overflow: hidden;\">\n<div style=\"clear: both; display: block; margin: 10px 0;\">\n<div style=\"clear: both; display: block; margin: 10px 0;\">\n<div style=\"clear: both; display: block; margin: 10px 0;\">\n<h1>2x nowe opony zimowe BRIDGESTONE BLIZZAK 6 195\/55R20 95W<\/h1>\n<p style=\"margin: 15px 0; line-height: 1.8; clear: both; display: block; width: 100%; float: none; position: static;\">Cechy produktu<\/p>\n<ul style=\"margin: 15px 0; padding-left: 20px; clear: both; display: block; width: 100%; float: none; position: static;\">\n<li style=\"margin: 5px 0; padding: 2px 0; clear: both; display: list-item; float: none; position: static;\">Marka: Bridgestone<\/li>\n<li style=\"margin: 5px 0; padding: 2px 0; clear: both; display: list-item; float: none; position: static;\">Model: Blizzak 6<\/li>\n<li style=\"margin: 5px 0; padding: 2px 0; clear: both; display: list-item; float: none; position: static;\">Szeroko\u015b\u0107\/profil\/\u015brednica: 195\/55R20<\/li>\n<li style=\"margin: 5px 0; padding: 2px 0; clear: both; display: list-item; float: none; position: static;\">Indeks no\u015bno\u015bci: do 95 (690 kg na opon\u0119)<\/li>\n<li style=\"margin: 5px 0; padding: 2px 0; clear: both; display: list-item; float: none; position: static;\">Indeks pr\u0119dko\u015bci: W (do 270 km\/h)<\/li>\n<li style=\"margin: 5px 0; padding: 2px 0; clear: both; display: list-item; float: none; position: static;\">Sezon: zimowe<\/li>\n<li style=\"margin: 5px 0; padding: 2px 0; clear: both; display: list-item; float: none; position: static;\">Typ pojazdu: osobowy<\/li>\n<li style=\"margin: 5px 0; padding: 2px 0; clear: both; display: list-item; float: none; position: static;\">Klasa energetyczna: B<\/li>\n<li style=\"margin: 5px 0; padding: 2px 0; clear: both; display: list-item; float: none; position: static;\">Klasa przyczepno\u015bci: B<\/li>\n<li style=\"margin: 5px 0; padding: 2px 0; clear: both; display: list-item; float: none; position: static;\">Poziom ha\u0142asu: 70<\/li>\n<li style=\"margin: 5px 0; padding: 2px 0; clear: both; display: list-item; float: none; position: static;\">Klasa ha\u0142asu: B<\/li>\n<li style=\"margin: 5px 0; padding: 2px 0; clear: both; display: list-item; float: none; position: static;\">Rok produkcji: 2025<\/li>\n<li style=\"margin: 5px 0; padding: 2px 0; clear: both; display: list-item; float: none; position: static;\">Oznaczenia_dodatkowe: XL<\/li>\n<\/ul>\n<\/div>\n<\/div>\n<div style=\"clear: both; display: block; margin: 10px 0;\">\n<div style=\"clear: both; display: block; margin: 10px 0;\">\n<div  style=\"max-width:624px;max-height:800px\">\n<div style=\"clear: both; display: block; margin: 10px 0;\">\n<div style=\"clear: both; width: 100%; display: block; margin: 20px 0; padding: 0; float: none; position: static; text-align: center;\"><img decoding=\"async\"  src=\"https:\/\/a.allegroimg.com\/original\/11d08a\/af0c667f44b69d86f35178c6b6b8\/2x-Bridgestone-Blizzak-6-195-55R20-95W\" srcset=\"https:\/\/a.allegroimg.com\/original\/11d08a\/af0c667f44b69d86f35178c6b6b8\/2x-Bridgestone-Blizzak-6-195-55R20-95W 280w,https:\/\/a.allegroimg.com\/original\/11d08a\/af0c667f44b69d86f35178c6b6b8\/2x-Bridgestone-Blizzak-6-195-55R20-95W 561w,https:\/\/a.allegroimg.com\/original\/11d08a\/af0c667f44b69d86f35178c6b6b8\/2x-Bridgestone-Blizzak-6-195-55R20-95W 624w,https:\/\/a.allegroimg.com\/original\/11d08a\/af0c667f44b69d86f35178c6b6b8\/2x-Bridgestone-Blizzak-6-195-55R20-95W 624w\" sizes=\"(min-width: 1200px) 560px, (min-width: 992px) 50vw, 100vw\" width=\"624px\" alt=\"2x Bridgestone Blizzak 6 195\/55R20 95W\" style=\"max-width: 100%; height: auto; display: block; margin: 0 auto;\"><\/div>\n<\/div>\n<\/div>\n<\/div>\n<\/div>\n<\/div>\n<div style=\"clear: both; display: block; margin: 10px 0;\">\n<div style=\"clear: both; display: block; margin: 10px 0;\">\n<div style=\"clear: both; display: block; margin: 10px 0;\">\n<div  style=\"max-width:212px;max-height:305px\">\n<div style=\"clear: both; display: block; margin: 10px 0;\">\n<div style=\"clear: both; width: 100%; display: block; margin: 20px 0; padding: 0; float: none; position: static; text-align: center;\"><img decoding=\"async\"  src=\"https:\/\/a.allegroimg.com\/original\/1139e5\/25d60e984550a13069a9286f170c\/2x-Bridgestone-Blizzak-6-195-55R20-95W-Liczba-opon-w-ofercie-2-szt\" srcset=\"https:\/\/a.allegroimg.com\/original\/1139e5\/25d60e984550a13069a9286f170c\/2x-Bridgestone-Blizzak-6-195-55R20-95W-Liczba-opon-w-ofercie-2-szt 212w,https:\/\/a.allegroimg.com\/original\/1139e5\/25d60e984550a13069a9286f170c\/2x-Bridgestone-Blizzak-6-195-55R20-95W-Liczba-opon-w-ofercie-2-szt 212w\" sizes=\"(min-width: 1200px) 560px, (min-width: 992px) 50vw, 100vw\" width=\"212px\" alt=\"2x Bridgestone Blizzak 6 195\/55R20 95W Liczba opon w ofercie 2 szt.\" style=\"max-width: 100%; height: auto; display: block; margin: 0 auto;\"><\/div>\n<\/div>\n<\/div>\n<\/div>\n<\/div>\n<div style=\"clear: both; display: block; margin: 10px 0;\">\n<div style=\"clear: both; display: block; margin: 10px 0;\">\n<div  style=\"max-width:2560px;max-height:480px\">\n<div style=\"clear: both; display: block; margin: 10px 0;\">\n<div style=\"clear: both; width: 100%; display: block; margin: 20px 0; padding: 0; float: none; position: static; text-align: center;\"><img decoding=\"async\"  src=\"https:\/\/a.allegroimg.com\/original\/11c2d9\/b16704b348a9837e561feba207c7\/2x-Bridgestone-Blizzak-6-195-55R20-95W-Rok-produkcji-2025\" srcset=\"https:\/\/a.allegroimg.com\/original\/11c2d9\/b16704b348a9837e561feba207c7\/2x-Bridgestone-Blizzak-6-195-55R20-95W-Rok-produkcji-2025 360w,https:\/\/a.allegroimg.com\/original\/11c2d9\/b16704b348a9837e561feba207c7\/2x-Bridgestone-Blizzak-6-195-55R20-95W-Rok-produkcji-2025 720w,https:\/\/a.allegroimg.com\/original\/11c2d9\/b16704b348a9837e561feba207c7\/2x-Bridgestone-Blizzak-6-195-55R20-95W-Rok-produkcji-2025 1024w,https:\/\/a.allegroimg.com\/original\/11c2d9\/b16704b348a9837e561feba207c7\/2x-Bridgestone-Blizzak-6-195-55R20-95W-Rok-produkcji-2025 1440w,https:\/\/a.allegroimg.com\/original\/11c2d9\/b16704b348a9837e561feba207c7\/2x-Bridgestone-Blizzak-6-195-55R20-95W-Rok-produkcji-2025 2560w\" sizes=\"(min-width: 1200px) 560px, (min-width: 992px) 50vw, 100vw\" width=\"2560px\" alt=\"2x Bridgestone Blizzak 6 195\/55R20 95W Rok produkcji 2025\" style=\"max-width: 100%; height: auto; display: block; margin: 0 auto;\"><\/div>\n<\/div>\n<\/div>\n<\/div>\n<\/div>\n<\/div>\n<div style=\"clear: both; display: block; margin: 10px 0;\">\n<div style=\"clear: both; display: block; margin: 10px 0;\">\n<div style=\"clear: both; display: block; margin: 10px 0;\">\n<p style=\"margin: 15px 0; line-height: 1.8; clear: both; display: block; width: 100%; float: none; position: static;\">Bridgestone to japo\u0144ska firma powsta\u0142a w 1931 roku, obecnie najwi\u0119kszy producent opon na \u015bwiecie. Koncern posiada ponad 140 fabryk w ponad 20 krajach na ca\u0142ym \u015bwiecie. Dwie fabryki znajduj\u0105 si\u0119 w Polsce &#8211; w Poznaniu i Stargardzie Szczeci\u0144skim. Opony Bridgestone s\u0105 montowane na pierwsze wyposa\u017cenie wielu \u015bwiatowych producent\u00f3w samochodowych &#8211; m.in. Audi, BMW, Opel, Fiat, Toyota, Renault, Peugeot, Mercedes czy Volkswagen<\/p>\n<\/div>\n<\/div>\n<\/div>\n<\/div>\n<\/div>\n<\/div>\n<div style=\"clear: both; display: block; margin: 10px 0;\">\n","protected":false},"excerpt":{"rendered":"<p>2x nowe opony zimowe BRIDGESTONE BLIZZAK 6 195\/55R20 95W<\/p>\n<p>Cechy produktu<\/p>\n<p>Marka: Bridgestone<\/p>\n<p>Model: Blizzak 6<\/p>\n<p>Szeroko\u015b\u0107\/profil\/\u015brednica: 195\/55R20<\/p>\n<p>Indeks no\u015bno\u015bci: do 95 (690 kg na opon\u0119)<\/p>\n<p>Indeks pr\u0119dko\u015bci: W (do 270 km\/h)<\/p>\n<p>Sezon: zimowe<\/p>\n","protected":false},"featured_media":13991,"template":"","meta":{"_uag_custom_page_level_css":""},"product_brand":[397],"product_cat":[414,413,412,415],"product_tag":[],"class_list":{"0":"post-13990","1":"product","2":"type-product","3":"status-publish","4":"has-post-thumbnail","6":"product_brand-bridgestone","7":"product_cat-do-samochodow-osobowych-i-suv","8":"product_cat-opony","9":"product_cat-opony-i-felgi","10":"product_cat-zimowe","12":"first","13":"instock","14":"shipping-taxable","15":"purchasable","16":"product-type-simple"},"uagb_featured_image_src":{"full":["https:\/\/oponixo.shop\/tire\/wp-content\/uploads\/2026\/01\/allegro-image-13990.jpg",624,800,false],"thumbnail":["https:\/\/oponixo.shop\/tire\/wp-content\/uploads\/2026\/01\/allegro-image-13990-150x150.jpg",150,150,true],"medium":["https:\/\/oponixo.shop\/tire\/wp-content\/uploads\/2026\/01\/allegro-image-13990-234x300.jpg",234,300,true],"medium_large":["https:\/\/oponixo.shop\/tire\/wp-content\/uploads\/2026\/01\/allegro-image-13990.jpg",624,800,false],"large":["https:\/\/oponixo.shop\/tire\/wp-content\/uploads\/2026\/01\/allegro-image-13990.jpg",624,800,false],"1536x1536":["https:\/\/oponixo.shop\/tire\/wp-content\/uploads\/2026\/01\/allegro-image-13990.jpg",624,800,false],"2048x2048":["https:\/\/oponixo.shop\/tire\/wp-content\/uploads\/2026\/01\/allegro-image-13990.jpg",624,800,false],"woocommerce_thumbnail":["https:\/\/oponixo.shop\/tire\/wp-content\/uploads\/2026\/01\/allegro-image-13990-300x300.jpg",300,300,true],"woocommerce_single":["https:\/\/oponixo.shop\/tire\/wp-content\/uploads\/2026\/01\/allegro-image-13990-600x769.jpg",600,769,true],"woocommerce_gallery_thumbnail":["https:\/\/oponixo.shop\/tire\/wp-content\/uploads\/2026\/01\/allegro-image-13990-100x100.jpg",100,100,true]},"uagb_author_info":{"display_name":"admin","author_link":"https:\/\/oponixo.shop\/tire\/author\/"},"uagb_comment_info":0,"uagb_excerpt":"2x nowe opony zimowe BRIDGESTONE BLIZZAK 6 195\/55R20 95W Cechy produktu Marka: Bridgestone Model: Blizzak 6 Szeroko\u015b\u0107\/profil\/\u015brednica: 195\/55R20 Indeks no\u015bno\u015bci: do 95 (690 kg na opon\u0119) Indeks pr\u0119dko\u015bci: W (do 270 km\/h) Sezon: zimowe","_links":{"self":[{"href":"https:\/\/oponixo.shop\/tire\/wp-json\/wp\/v2\/product\/13990","targetHints":{"allow":["GET"]}}],"collection":[{"href":"https:\/\/oponixo.shop\/tire\/wp-json\/wp\/v2\/product"}],"about":[{"href":"https:\/\/oponixo.shop\/tire\/wp-json\/wp\/v2\/types\/product"}],"wp:featuredmedia":[{"embeddable":true,"href":"https:\/\/oponixo.shop\/tire\/wp-json\/wp\/v2\/media\/13991"}],"wp:attachment":[{"href":"https:\/\/oponixo.shop\/tire\/wp-json\/wp\/v2\/media?parent=13990"}],"wp:term":[{"taxonomy":"product_brand","embeddable":true,"href":"https:\/\/oponixo.shop\/tire\/wp-json\/wp\/v2\/product_brand?post=13990"},{"taxonomy":"product_cat","embeddable":true,"href":"https:\/\/oponixo.shop\/tire\/wp-json\/wp\/v2\/product_cat?post=13990"},{"taxonomy":"product_tag","embeddable":true,"href":"https:\/\/oponixo.shop\/tire\/wp-json\/wp\/v2\/product_tag?post=13990"}],"curies":[{"name":"wp","href":"https:\/\/api.w.org\/{rel}","templated":true}]}}