{"id":14054,"date":"2026-01-11T23:39:44","date_gmt":"2026-01-11T22:39:44","guid":{"rendered":"https:\/\/oponyspeed.shop\/xef5\/produkt\/2x-bridgestone-255-55r17-dueler-h-l-400-104v-mo\/"},"modified":"2026-01-11T23:39:45","modified_gmt":"2026-01-11T22:39:45","slug":"2x-bridgestone-255-55r17-dueler-h-l-400-104v-mo","status":"publish","type":"product","link":"https:\/\/oponixo.shop\/tire\/produkt\/2x-bridgestone-255-55r17-dueler-h-l-400-104v-mo\/","title":{"rendered":"2x Bridgestone 255\/55R17 DUELER H\/L 400 104V MO"},"content":{"rendered":"<div style=\"font-family: Arial, sans-serif; line-height: 1.6; color: #333; padding: 20px; clear: both; display: block; width: 100%; float: none; position: static; overflow: hidden;\">\n<div style=\"clear: both; display: block; margin: 10px 0;\">\n<div style=\"clear: both; display: block; margin: 10px 0;\">\n<div style=\"clear: both; display: block; margin: 10px 0;\">\n<h2>Opona letnia Bridgestone DUELER H\/L 400 255\/55R17 104V MO<\/h2>\n<p style=\"margin: 15px 0; line-height: 1.8; clear: both; display: block; width: 100%; float: none; position: static;\"><b>Bridgestone na pierwszy monta\u017c dostarcza opony takim koncernom jak:<\/b> Bmw, Toyota, Audi, Citroen, Honda, Lexus, Mazda, Opel, Porsche, Ferrari, Renault, Audi, Seat, Maserati, Mercedes, Skoda, Suzuki, Volkswagen, Volvo, Lamborghini.&nbsp;<\/p>\n<p style=\"margin: 15px 0; line-height: 1.8; clear: both; display: block; width: 100%; float: none; position: static;\">Bridgestone jest jedn\u0105 z marek klasy premium. Jest to jeden z najwi\u0119kszy producent\u00f3w wyrob\u00f3w gumowych i opon na \u015bwiecie. Firma zosta\u0142a za\u0142o\u017cona w 1931 roku przez Shojiro Ishibashiego w Japonii w mie\u015bcie Kurume.<\/p>\n<p style=\"margin: 15px 0; line-height: 1.8; clear: both; display: block; width: 100%; float: none; position: static;\">Opony Bridgestone s\u0105 cz\u0119sto zwyci\u0119zc\u0105 w testach por\u00f3wnawczych, przeprowadzanych przez automobilkluby, czyli organizacje zwi\u0105zane z bezpiecze\u0144stwem ruchu drogowego. Opony zbieraj\u0105 tak\u017ce bardzo dobre opinie w\u015br\u00f3d u\u017cytkownik\u00f3w.<\/p>\n<p style=\"margin: 15px 0; line-height: 1.8; clear: both; display: block; width: 100%; float: none; position: static;\">Firma Bridgestone posiada w swoim portfolio kilka marek ogumienia, co pozwala lepiej dostosowa\u0107 ofert\u0119 do r\u00f3\u017cnych potrzeb u\u017cytkownik\u00f3w dr\u00f3g oraz do zasobno\u015bci ich bud\u017cetu.&nbsp;<\/p>\n<p style=\"margin: 15px 0; line-height: 1.8; clear: both; display: block; width: 100%; float: none; position: static;\"><b>Producenci wchodz\u0105cy w sk\u0142ad Grupy Bridgestone:<\/b> Bridgestone, Dayton, Firestone, Saetta, Seiberling.&nbsp;<\/p>\n<p style=\"margin: 15px 0; line-height: 1.8; clear: both; display: block; width: 100%; float: none; position: static;\">Koncern Bridgestone co roku przeznacza wiele milion\u00f3w dolar\u00f3w na dzia\u0142alno\u015b\u0107 w\u0142asnych centr\u00f3w badawczo-rozwojowych. Obecnie priorytetem in\u017cynier\u00f3w i technik\u00f3w firmy Bridgestone s\u0105 zaawansowane badania nad recyklingiem ogumienia. Celem jest osi\u0105gni\u0119cie maksymalnego poziomu przetwarzania opon, co pomo\u017ce w osi\u0105gni\u0119ciu tzw. gospodarki o obiegu zamkni\u0119tym \u2013 czyli takiej, gdzie wszystkie surowce u\u017cywane do produkcji s\u0105 ponownie wykorzystywane po zu\u017cyciu opony.<\/p>\n<p style=\"margin: 15px 0; line-height: 1.8; clear: both; display: block; width: 100%; float: none; position: static;\">Bridgestone opracowuje tak\u017ce prototypy opon z ekologicznych materia\u0142\u00f3w. Jest r\u00f3wnie\u017c jednym z pierwszych producent\u00f3w, kt\u00f3ry zainwestowa\u0142 w cyfryzacj\u0119 dzia\u0142alno\u015bci produkcyjnej (poprzez wykorzystanie pe\u0142nej automatyki i \u0142\u0105czno\u015bci pomi\u0119dzy maszynami), kt\u00f3rej celem jest stworzenie inteligentnych i przyjaznych \u015brodowisku fabryk przysz\u0142o\u015bci.<\/p>\n<p style=\"margin: 15px 0; line-height: 1.8; clear: both; display: block; width: 100%; float: none; position: static;\">&nbsp;<\/p>\n<\/div>\n<\/div>\n<\/div>\n<div style=\"clear: both; display: block; margin: 10px 0;\">\n<div style=\"clear: both; display: block; margin: 10px 0;\">\n<div style=\"clear: both; display: block; margin: 10px 0;\">\n<div  style=\"max-width:500px;max-height:500px\">\n<div style=\"clear: both; display: block; margin: 10px 0;\">\n<div style=\"clear: both; width: 100%; display: block; margin: 20px 0; padding: 0; float: none; position: static; text-align: center;\"><img decoding=\"async\"  src=\"https:\/\/a.allegroimg.com\/original\/117813\/923eb6e742acbdddd563d3732c9f\/2x-Bridgestone-255-55R17-DUELER-H-L-400-104V-MO\" srcset=\"https:\/\/a.allegroimg.com\/original\/117813\/923eb6e742acbdddd563d3732c9f\/2x-Bridgestone-255-55R17-DUELER-H-L-400-104V-MO 360w,https:\/\/a.allegroimg.com\/original\/117813\/923eb6e742acbdddd563d3732c9f\/2x-Bridgestone-255-55R17-DUELER-H-L-400-104V-MO 500w,https:\/\/a.allegroimg.com\/original\/117813\/923eb6e742acbdddd563d3732c9f\/2x-Bridgestone-255-55R17-DUELER-H-L-400-104V-MO 500w\" sizes=\"(min-width: 1200px) 560px, (min-width: 992px) 50vw, 100vw\" width=\"500px\" alt=\"2x Bridgestone 255\/55R17 DUELER H\/L 400 104V MO\" style=\"max-width: 100%; height: auto; display: block; margin: 0 auto;\"><\/div>\n<\/div>\n<\/div>\n<\/div>\n<\/div>\n<div style=\"clear: both; display: block; margin: 10px 0;\">\n<div style=\"clear: both; display: block; margin: 10px 0;\">\n<ul style=\"margin: 15px 0; padding-left: 20px; clear: both; display: block; width: 100%; float: none; position: static;\">\n<li style=\"margin: 5px 0; padding: 2px 0; clear: both; display: list-item; float: none; position: static;\"><b>Marka:<\/b> Bridgestone<\/li>\n<li style=\"margin: 5px 0; padding: 2px 0; clear: both; display: list-item; float: none; position: static;\"><b>Liczba opon w ofercie:<\/b> 2 szt.<\/li>\n<li style=\"margin: 5px 0; padding: 2px 0; clear: both; display: list-item; float: none; position: static;\"><b>Run flat:<\/b> Nie<\/li>\n<li style=\"margin: 5px 0; padding: 2px 0; clear: both; display: list-item; float: none; position: static;\"><b>Sezon:<\/b> Letnie<\/li>\n<li style=\"margin: 5px 0; padding: 2px 0; clear: both; display: list-item; float: none; position: static;\"><b>Model:<\/b> DUELER H\/L 400<\/li>\n<li style=\"margin: 5px 0; padding: 2px 0; clear: both; display: list-item; float: none; position: static;\"><b>Szeroko\u015b\u0107 opony:<\/b> 255 mm<\/li>\n<li style=\"margin: 5px 0; padding: 2px 0; clear: both; display: list-item; float: none; position: static;\"><b>Profil opony:<\/b> 55<\/li>\n<li style=\"margin: 5px 0; padding: 2px 0; clear: both; display: list-item; float: none; position: static;\"><b>\u015arednica:<\/b> 17&#8243;<\/li>\n<li style=\"margin: 5px 0; padding: 2px 0; clear: both; display: list-item; float: none; position: static;\"><b>Indeks no\u015bno\u015bci:<\/b> 104 &#8211; 900 kg<\/li>\n<li style=\"margin: 5px 0; padding: 2px 0; clear: both; display: list-item; float: none; position: static;\"><b>Indeks pr\u0119dko\u015bci:<\/b> V do 240 km\/h<\/li>\n<li style=\"margin: 5px 0; padding: 2px 0; clear: both; display: list-item; float: none; position: static;\"><b>Przyczepno\u015b\u0107 na mokrej nawierzchni:<\/b> Klasa D<\/li>\n<li style=\"margin: 5px 0; padding: 2px 0; clear: both; display: list-item; float: none; position: static;\"><b>Op\u00f3r toczenia:<\/b> Klasa D<\/li>\n<li style=\"margin: 5px 0; padding: 2px 0; clear: both; display: list-item; float: none; position: static;\"><b>Ha\u0142as zewn\u0119trzny:<\/b> 71 dB<\/li>\n<li style=\"margin: 5px 0; padding: 2px 0; clear: both; display: list-item; float: none; position: static;\"><b>Rok produkcji (DOT):<\/b> <b>Kupuj\u0105c z tej oferty otrzymasz opony fabrycznie nowe, a ich rok produkcji jest nie starszy ni\u017c ubieg\u0142y rok kalendarzowy &#8211; 2025\/2024<\/b><\/li>\n<\/ul>\n<\/div>\n<\/div>\n<\/div>\n<\/div>\n<\/div>\n<\/div>\n<div style=\"clear: both; display: block; margin: 10px 0;\">\n","protected":false},"excerpt":{"rendered":"<p>Opona letnia Bridgestone DUELER H\/L 400 255\/55R17 104V MO<\/p>\n<p>Bridgestone na pierwszy monta\u017c dostarcza opony takim koncernom jak: Bmw, Toyota, Audi, Citroen, Honda, Lexus, Mazda, Opel, Porsche, Ferrari, Renault, Audi, Seat, Maserati, Mercedes, Skoda, Suzuki, Volkswagen, Volvo, Lamborghini.&nbsp;<\/p>\n<p>Bridgestone jest jedn\u0105 z marek klasy premium. Jest to jeden z najwi\u0119kszy producent\u00f3w wyrob\u00f3w gumowych i opon na \u015bwiecie. Firma zosta\u0142a za\u0142o\u017cona w 1931 roku przez Shojiro Ishibashiego w Japonii w mie\u015bcie Kurume.<\/p>\n","protected":false},"featured_media":14055,"template":"","meta":{"_uag_custom_page_level_css":""},"product_brand":[397],"product_cat":[414,418,413,412],"product_tag":[],"class_list":{"0":"post-14054","1":"product","2":"type-product","3":"status-publish","4":"has-post-thumbnail","6":"product_brand-bridgestone","7":"product_cat-do-samochodow-osobowych-i-suv","8":"product_cat-letnie","9":"product_cat-opony","10":"product_cat-opony-i-felgi","12":"first","13":"instock","14":"shipping-taxable","15":"purchasable","16":"product-type-simple"},"uagb_featured_image_src":{"full":["https:\/\/oponixo.shop\/tire\/wp-content\/uploads\/2026\/01\/allegro-image-14054.jpg",500,500,false],"thumbnail":["https:\/\/oponixo.shop\/tire\/wp-content\/uploads\/2026\/01\/allegro-image-14054-150x150.jpg",150,150,true],"medium":["https:\/\/oponixo.shop\/tire\/wp-content\/uploads\/2026\/01\/allegro-image-14054-300x300.jpg",300,300,true],"medium_large":["https:\/\/oponixo.shop\/tire\/wp-content\/uploads\/2026\/01\/allegro-image-14054.jpg",500,500,false],"large":["https:\/\/oponixo.shop\/tire\/wp-content\/uploads\/2026\/01\/allegro-image-14054.jpg",500,500,false],"1536x1536":["https:\/\/oponixo.shop\/tire\/wp-content\/uploads\/2026\/01\/allegro-image-14054.jpg",500,500,false],"2048x2048":["https:\/\/oponixo.shop\/tire\/wp-content\/uploads\/2026\/01\/allegro-image-14054.jpg",500,500,false],"woocommerce_thumbnail":["https:\/\/oponixo.shop\/tire\/wp-content\/uploads\/2026\/01\/allegro-image-14054-300x300.jpg",300,300,true],"woocommerce_single":["https:\/\/oponixo.shop\/tire\/wp-content\/uploads\/2026\/01\/allegro-image-14054.jpg",500,500,false],"woocommerce_gallery_thumbnail":["https:\/\/oponixo.shop\/tire\/wp-content\/uploads\/2026\/01\/allegro-image-14054-100x100.jpg",100,100,true]},"uagb_author_info":{"display_name":"admin","author_link":"https:\/\/oponixo.shop\/tire\/author\/"},"uagb_comment_info":0,"uagb_excerpt":"Opona letnia Bridgestone DUELER H\/L 400 255\/55R17 104V MO Bridgestone na pierwszy monta\u017c dostarcza opony takim koncernom jak: Bmw, Toyota, Audi, Citroen, Honda, Lexus, Mazda, Opel, Porsche, Ferrari, Renault, Audi, Seat, Maserati, Mercedes, Skoda, Suzuki, Volkswagen, Volvo, Lamborghini.&nbsp; Bridgestone jest jedn\u0105 z marek klasy premium. Jest to jeden z najwi\u0119kszy producent\u00f3w wyrob\u00f3w gumowych i opon&hellip;","_links":{"self":[{"href":"https:\/\/oponixo.shop\/tire\/wp-json\/wp\/v2\/product\/14054","targetHints":{"allow":["GET"]}}],"collection":[{"href":"https:\/\/oponixo.shop\/tire\/wp-json\/wp\/v2\/product"}],"about":[{"href":"https:\/\/oponixo.shop\/tire\/wp-json\/wp\/v2\/types\/product"}],"wp:featuredmedia":[{"embeddable":true,"href":"https:\/\/oponixo.shop\/tire\/wp-json\/wp\/v2\/media\/14055"}],"wp:attachment":[{"href":"https:\/\/oponixo.shop\/tire\/wp-json\/wp\/v2\/media?parent=14054"}],"wp:term":[{"taxonomy":"product_brand","embeddable":true,"href":"https:\/\/oponixo.shop\/tire\/wp-json\/wp\/v2\/product_brand?post=14054"},{"taxonomy":"product_cat","embeddable":true,"href":"https:\/\/oponixo.shop\/tire\/wp-json\/wp\/v2\/product_cat?post=14054"},{"taxonomy":"product_tag","embeddable":true,"href":"https:\/\/oponixo.shop\/tire\/wp-json\/wp\/v2\/product_tag?post=14054"}],"curies":[{"name":"wp","href":"https:\/\/api.w.org\/{rel}","templated":true}]}}