{"id":14090,"date":"2026-01-11T23:39:55","date_gmt":"2026-01-11T22:39:55","guid":{"rendered":"https:\/\/oponyspeed.shop\/xef5\/produkt\/2x-opony-zimowe-falken-eurowinter-hs01-185-60r16-86h\/"},"modified":"2026-01-11T23:39:55","modified_gmt":"2026-01-11T22:39:55","slug":"2x-opony-zimowe-falken-eurowinter-hs01-185-60r16-86h","status":"publish","type":"product","link":"https:\/\/oponixo.shop\/tire\/produkt\/2x-opony-zimowe-falken-eurowinter-hs01-185-60r16-86h\/","title":{"rendered":"2x opony zimowe Falken EuroWinter HS01 185\/60R16 86H"},"content":{"rendered":"<div style=\"font-family: Arial, sans-serif; line-height: 1.6; color: #333; padding: 20px; clear: both; display: block; width: 100%; float: none; position: static; overflow: hidden;\">\n<div style=\"clear: both; display: block; margin: 10px 0;\">\n<div style=\"clear: both; display: block; margin: 10px 0;\">\n<div style=\"clear: both; display: block; margin: 10px 0;\">\n<div  style=\"max-width:500px;max-height:84px\">\n<div style=\"clear: both; display: block; margin: 10px 0;\">\n<div style=\"clear: both; width: 100%; display: block; margin: 20px 0; padding: 0; float: none; position: static; text-align: center;\"><img decoding=\"async\"  src=\"https:\/\/a.allegroimg.com\/original\/11b746\/0df65731411eac793e89ccdd2b72\/2x-opony-zimowe-Falken-EuroWinter-HS01-185-60R16-86H-Liczba-opon-w-ofercie-2-szt\" srcset=\"https:\/\/a.allegroimg.com\/original\/11b746\/0df65731411eac793e89ccdd2b72\/2x-opony-zimowe-Falken-EuroWinter-HS01-185-60R16-86H-Liczba-opon-w-ofercie-2-szt 360w,https:\/\/a.allegroimg.com\/original\/11b746\/0df65731411eac793e89ccdd2b72\/2x-opony-zimowe-Falken-EuroWinter-HS01-185-60R16-86H-Liczba-opon-w-ofercie-2-szt 500w,https:\/\/a.allegroimg.com\/original\/11b746\/0df65731411eac793e89ccdd2b72\/2x-opony-zimowe-Falken-EuroWinter-HS01-185-60R16-86H-Liczba-opon-w-ofercie-2-szt 500w\" sizes=\"100vw\" width=\"500px\" alt=\"2x opony zimowe Falken EuroWinter HS01 185\/60R16 86H Liczba opon w ofercie 2 szt.\" style=\"max-width: 100%; height: auto; display: block; margin: 0 auto;\"><\/div>\n<\/div>\n<\/div>\n<\/div>\n<\/div>\n<\/div>\n<div style=\"clear: both; display: block; margin: 10px 0;\">\n<div style=\"clear: both; display: block; margin: 10px 0;\">\n<div style=\"clear: both; display: block; margin: 10px 0;\">\n<h1>zestaw 2 sztuk nowych opon zimowych<\/h1>\n<h1>Falken EuroWinter HS01 185\/60R16 86H<\/h1>\n<p style=\"margin: 15px 0; line-height: 1.8; clear: both; display: block; width: 100%; float: none; position: static;\">\n<\/div>\n<\/div>\n<\/div>\n<div style=\"clear: both; display: block; margin: 10px 0;\">\n<div style=\"clear: both; display: block; margin: 10px 0;\">\n<div style=\"clear: both; display: block; margin: 10px 0;\">\n<div  style=\"max-width:399px;max-height:600px\">\n<div style=\"clear: both; display: block; margin: 10px 0;\">\n<div style=\"clear: both; width: 100%; display: block; margin: 20px 0; padding: 0; float: none; position: static; text-align: center;\"><img decoding=\"async\"  src=\"https:\/\/a.allegroimg.com\/original\/1178d5\/f4ec70004140a95791aae700c197\/2x-opony-zimowe-Falken-EuroWinter-HS01-185-60R16-86H\" srcset=\"https:\/\/a.allegroimg.com\/original\/1178d5\/f4ec70004140a95791aae700c197\/2x-opony-zimowe-Falken-EuroWinter-HS01-185-60R16-86H 239w,https:\/\/a.allegroimg.com\/original\/1178d5\/f4ec70004140a95791aae700c197\/2x-opony-zimowe-Falken-EuroWinter-HS01-185-60R16-86H 399w,https:\/\/a.allegroimg.com\/original\/1178d5\/f4ec70004140a95791aae700c197\/2x-opony-zimowe-Falken-EuroWinter-HS01-185-60R16-86H 399w\" sizes=\"(min-width: 1200px) 560px, (min-width: 992px) 50vw, 100vw\" width=\"399px\" alt=\"2x opony zimowe Falken EuroWinter HS01 185\/60R16 86H\" style=\"max-width: 100%; height: auto; display: block; margin: 0 auto;\"><\/div>\n<\/div>\n<\/div>\n<\/div>\n<\/div>\n<div style=\"clear: both; display: block; margin: 10px 0;\">\n<div style=\"clear: both; display: block; margin: 10px 0;\">\n<p style=\"margin: 15px 0; line-height: 1.8; clear: both; display: block; width: 100%; float: none; position: static;\"><b>Falken EuroWinter HS01<\/b> to opony <b>zimowe<\/b> przeznaczone do samochod\u00f3w <b>osobowych<\/b> oraz suv-\u00f3w. Oryginalny produkt klasy <b>standard<\/b> uznanej marki <b>Falken<\/b>. Doskona\u0142a jako\u015b\u0107 w akceptowalnej cenie. <\/p>\n<ul style=\"margin: 15px 0; padding-left: 20px; clear: both; display: block; width: 100%; float: none; position: static;\">\n<li style=\"margin: 5px 0; padding: 2px 0; clear: both; display: list-item; float: none; position: static;\">rok produkcji: nie starsze ni\u017c <b>2022<\/b><\/li>\n<li style=\"margin: 5px 0; padding: 2px 0; clear: both; display: list-item; float: none; position: static;\">opony <b>nowe<\/b>, oryginalne, z gwarancj\u0105<\/li>\n<li style=\"margin: 5px 0; padding: 2px 0; clear: both; display: list-item; float: none; position: static;\">zapewniaj\u0105 cich\u0105 i p\u0142ynn\u0105 prac\u0119<\/li>\n<li style=\"margin: 5px 0; padding: 2px 0; clear: both; display: list-item; float: none; position: static;\">skutecznie niweluj\u0105 wp\u0142yw nier\u00f3wno\u015bci na drodze na komfort jazdy<\/li>\n<li style=\"margin: 5px 0; padding: 2px 0; clear: both; display: list-item; float: none; position: static;\">dostosowane do du\u017cych pr\u0119dko\u015bci<\/li>\n<li style=\"margin: 5px 0; padding: 2px 0; clear: both; display: list-item; float: none; position: static;\">doskona\u0142a trakcja, precyzyjne sterowanie<\/li>\n<li style=\"margin: 5px 0; padding: 2px 0; clear: both; display: list-item; float: none; position: static;\">bie\u017cnik zu\u017cywa si\u0119 r\u00f3wnomiernie<\/li>\n<li style=\"margin: 5px 0; padding: 2px 0; clear: both; display: list-item; float: none; position: static;\">znakomita przyczepno\u015b\u0107 i trakcja w trudnych, zimowych warunkach<\/li>\n<li style=\"margin: 5px 0; padding: 2px 0; clear: both; display: list-item; float: none; position: static;\">pe\u0142na homologacja zimowa 3PMSF (opony z tym oznaczeniem musz\u0105 spe\u0142nia\u0107 rygorystyczne normy dot. przyczepno\u015bci i hamowania na \u015bniegu i lodzie)<\/li>\n<li style=\"margin: 5px 0; padding: 2px 0; clear: both; display: list-item; float: none; position: static;\">skuteczne odprowadzanie wody i b\u0142ota, system antypo\u015blizgowy<\/li>\n<\/ul>\n<\/div>\n<\/div>\n<\/div>\n<div style=\"clear: both; display: block; margin: 10px 0;\">\n<div style=\"clear: both; display: block; margin: 10px 0;\">\n<div style=\"clear: both; display: block; margin: 10px 0;\">\n<div  style=\"max-width:400px;max-height:585px\">\n<div style=\"clear: both; display: block; margin: 10px 0;\">\n<div style=\"clear: both; width: 100%; display: block; margin: 20px 0; padding: 0; float: none; position: static; text-align: center;\"><img decoding=\"async\"  src=\"https:\/\/a.allegroimg.com\/original\/115c46\/be6c01b24ddba51936bd1738d8e4\/2x-opony-zimowe-Falken-EuroWinter-HS01-185-60R16-86H-Marka-Falken\" srcset=\"https:\/\/a.allegroimg.com\/original\/115c46\/be6c01b24ddba51936bd1738d8e4\/2x-opony-zimowe-Falken-EuroWinter-HS01-185-60R16-86H-Marka-Falken 246w,https:\/\/a.allegroimg.com\/original\/115c46\/be6c01b24ddba51936bd1738d8e4\/2x-opony-zimowe-Falken-EuroWinter-HS01-185-60R16-86H-Marka-Falken 400w,https:\/\/a.allegroimg.com\/original\/115c46\/be6c01b24ddba51936bd1738d8e4\/2x-opony-zimowe-Falken-EuroWinter-HS01-185-60R16-86H-Marka-Falken 400w\" sizes=\"100vw\" width=\"400px\" alt=\"2x opony zimowe Falken EuroWinter HS01 185\/60R16 86H Marka Falken\" style=\"max-width: 100%; height: auto; display: block; margin: 0 auto;\"><\/div>\n<\/div>\n<\/div>\n<\/div>\n<\/div>\n<\/div>\n<\/div>\n<\/div>\n<\/div>\n<div style=\"clear: both; display: block; margin: 10px 0;\">\n","protected":false},"excerpt":{"rendered":"<p>zestaw 2 sztuk nowych opon zimowych<\/p>\n<p>Falken EuroWinter HS01 185\/60R16 86H<\/p>\n<p>Falken EuroWinter HS01 to opony zimowe przeznaczone do samochod\u00f3w osobowych oraz suv-\u00f3w. Oryginalny produkt klasy standard uznanej marki Falken. Doskona\u0142a jako\u015b\u0107 w akceptowalnej cenie.<\/p>\n<p>rok produkcji: nie starsze ni\u017c 2022<\/p>\n<p>opony nowe, oryginalne, z gwarancj\u0105<\/p>\n<p>zapewniaj\u0105 cich\u0105 i p\u0142ynn\u0105 prac\u0119<\/p>\n<p>skutecznie niweluj\u0105 wp\u0142yw nier\u00f3wno\u015bci na drodze na komfort jazdy<\/p>\n<p>dostosowane do du\u017cych pr\u0119dko\u015bci<\/p>\n","protected":false},"featured_media":14091,"template":"","meta":{"_uag_custom_page_level_css":""},"product_brand":[451],"product_cat":[414,413,412,415],"product_tag":[],"class_list":{"0":"post-14090","1":"product","2":"type-product","3":"status-publish","4":"has-post-thumbnail","6":"product_brand-falken","7":"product_cat-do-samochodow-osobowych-i-suv","8":"product_cat-opony","9":"product_cat-opony-i-felgi","10":"product_cat-zimowe","12":"first","13":"instock","14":"shipping-taxable","15":"purchasable","16":"product-type-simple"},"uagb_featured_image_src":{"full":["https:\/\/oponixo.shop\/tire\/wp-content\/uploads\/2026\/01\/allegro-image-14090.jpg",399,600,false],"thumbnail":["https:\/\/oponixo.shop\/tire\/wp-content\/uploads\/2026\/01\/allegro-image-14090-150x150.jpg",150,150,true],"medium":["https:\/\/oponixo.shop\/tire\/wp-content\/uploads\/2026\/01\/allegro-image-14090-200x300.jpg",200,300,true],"medium_large":["https:\/\/oponixo.shop\/tire\/wp-content\/uploads\/2026\/01\/allegro-image-14090.jpg",399,600,false],"large":["https:\/\/oponixo.shop\/tire\/wp-content\/uploads\/2026\/01\/allegro-image-14090.jpg",399,600,false],"1536x1536":["https:\/\/oponixo.shop\/tire\/wp-content\/uploads\/2026\/01\/allegro-image-14090.jpg",399,600,false],"2048x2048":["https:\/\/oponixo.shop\/tire\/wp-content\/uploads\/2026\/01\/allegro-image-14090.jpg",399,600,false],"woocommerce_thumbnail":["https:\/\/oponixo.shop\/tire\/wp-content\/uploads\/2026\/01\/allegro-image-14090-300x300.jpg",300,300,true],"woocommerce_single":["https:\/\/oponixo.shop\/tire\/wp-content\/uploads\/2026\/01\/allegro-image-14090.jpg",399,600,false],"woocommerce_gallery_thumbnail":["https:\/\/oponixo.shop\/tire\/wp-content\/uploads\/2026\/01\/allegro-image-14090-100x100.jpg",100,100,true]},"uagb_author_info":{"display_name":"admin","author_link":"https:\/\/oponixo.shop\/tire\/author\/"},"uagb_comment_info":0,"uagb_excerpt":"zestaw 2 sztuk nowych opon zimowych Falken EuroWinter HS01 185\/60R16 86H Falken EuroWinter HS01 to opony zimowe przeznaczone do samochod\u00f3w osobowych oraz suv-\u00f3w. Oryginalny produkt klasy standard uznanej marki Falken. Doskona\u0142a jako\u015b\u0107 w akceptowalnej cenie. rok produkcji: nie starsze ni\u017c 2022 opony nowe, oryginalne, z gwarancj\u0105 zapewniaj\u0105 cich\u0105 i p\u0142ynn\u0105 prac\u0119 skutecznie niweluj\u0105 wp\u0142yw nier\u00f3wno\u015bci&hellip;","_links":{"self":[{"href":"https:\/\/oponixo.shop\/tire\/wp-json\/wp\/v2\/product\/14090","targetHints":{"allow":["GET"]}}],"collection":[{"href":"https:\/\/oponixo.shop\/tire\/wp-json\/wp\/v2\/product"}],"about":[{"href":"https:\/\/oponixo.shop\/tire\/wp-json\/wp\/v2\/types\/product"}],"wp:featuredmedia":[{"embeddable":true,"href":"https:\/\/oponixo.shop\/tire\/wp-json\/wp\/v2\/media\/14091"}],"wp:attachment":[{"href":"https:\/\/oponixo.shop\/tire\/wp-json\/wp\/v2\/media?parent=14090"}],"wp:term":[{"taxonomy":"product_brand","embeddable":true,"href":"https:\/\/oponixo.shop\/tire\/wp-json\/wp\/v2\/product_brand?post=14090"},{"taxonomy":"product_cat","embeddable":true,"href":"https:\/\/oponixo.shop\/tire\/wp-json\/wp\/v2\/product_cat?post=14090"},{"taxonomy":"product_tag","embeddable":true,"href":"https:\/\/oponixo.shop\/tire\/wp-json\/wp\/v2\/product_tag?post=14090"}],"curies":[{"name":"wp","href":"https:\/\/api.w.org\/{rel}","templated":true}]}}