{"id":14098,"date":"2026-01-11T23:39:57","date_gmt":"2026-01-11T22:39:57","guid":{"rendered":"https:\/\/oponyspeed.shop\/xef5\/produkt\/2-x-pirelli-scorpion-verde-all-season-225-65r17-102-h-opona-letnia\/"},"modified":"2026-01-11T23:39:57","modified_gmt":"2026-01-11T22:39:57","slug":"2-x-pirelli-scorpion-verde-all-season-225-65r17-102-h-opona-letnia","status":"publish","type":"product","link":"https:\/\/oponixo.shop\/tire\/produkt\/2-x-pirelli-scorpion-verde-all-season-225-65r17-102-h-opona-letnia\/","title":{"rendered":"2 x Pirelli Scorpion Verde All Season 225\/65R17 102 H opona letnia"},"content":{"rendered":"<div style=\"font-family: Arial, sans-serif; line-height: 1.6; color: #333; padding: 20px; clear: both; display: block; width: 100%; float: none; position: static; overflow: hidden;\">\n<div style=\"clear: both; display: block; margin: 10px 0;\">\n<div style=\"clear: both; display: block; margin: 10px 0;\">\n<div style=\"clear: both; display: block; margin: 10px 0;\">\n<div  style=\"max-width:145px;max-height:220px\">\n<div style=\"clear: both; display: block; margin: 10px 0;\">\n<div style=\"clear: both; width: 100%; display: block; margin: 20px 0; padding: 0; float: none; position: static; text-align: center;\"><img decoding=\"async\"  src=\"https:\/\/a.allegroimg.com\/original\/1126c5\/56ccb6cb45d8b76c70df71b4f144\/2-x-Pirelli-Scorpion-Verde-All-Season-225-65R17-102-H-opona-letnia\" srcset=\"https:\/\/a.allegroimg.com\/original\/1126c5\/56ccb6cb45d8b76c70df71b4f144\/2-x-Pirelli-Scorpion-Verde-All-Season-225-65R17-102-H-opona-letnia 145w,https:\/\/a.allegroimg.com\/original\/1126c5\/56ccb6cb45d8b76c70df71b4f144\/2-x-Pirelli-Scorpion-Verde-All-Season-225-65R17-102-H-opona-letnia 145w\" sizes=\"(min-width: 1200px) 560px, (min-width: 992px) 50vw, 100vw\" width=\"145px\" alt=\"2 x Pirelli Scorpion Verde All Season 225\/65R17 102 H opona letnia\" style=\"max-width: 100%; height: auto; display: block; margin: 0 auto;\"><\/div>\n<\/div>\n<\/div>\n<\/div>\n<\/div>\n<div style=\"clear: both; display: block; margin: 10px 0;\">\n<div style=\"clear: both; display: block; margin: 10px 0;\">\n<h2>Pirelli Scorpion Verde All Season 225\/65R17 102 H<\/h2>\n<p style=\"margin: 15px 0; line-height: 1.8; clear: both; display: block; width: 100%; float: none; position: static;\">Producent: Pirelli<\/p>\n<p style=\"margin: 15px 0; line-height: 1.8; clear: both; display: block; width: 100%; float: none; position: static;\">Model: Scorpion Verde All Season<\/p>\n<p style=\"margin: 15px 0; line-height: 1.8; clear: both; display: block; width: 100%; float: none; position: static;\">Sezon: letnie<\/p>\n<p style=\"margin: 15px 0; line-height: 1.8; clear: both; display: block; width: 100%; float: none; position: static;\">Rozmiar: 225\/65R17<\/p>\n<p style=\"margin: 15px 0; line-height: 1.8; clear: both; display: block; width: 100%; float: none; position: static;\">Data produkcji: do 36 miesi\u0119cy<\/p>\n<p style=\"margin: 15px 0; line-height: 1.8; clear: both; display: block; width: 100%; float: none; position: static;\">Zu\u017cycie paliwa: klasa C<\/p>\n<p style=\"margin: 15px 0; line-height: 1.8; clear: both; display: block; width: 100%; float: none; position: static;\">Przyczepno\u015b\u0107 na mokrym: klasa C<\/p>\n<p style=\"margin: 15px 0; line-height: 1.8; clear: both; display: block; width: 100%; float: none; position: static;\">Poziom ha\u0142asu: 71 dB<\/p>\n<\/div>\n<\/div>\n<\/div>\n<\/div>\n<\/div>\n<\/div>\n<div style=\"clear: both; display: block; margin: 10px 0;\">\n","protected":false},"excerpt":{"rendered":"<p>Pirelli Scorpion Verde All Season 225\/65R17 102 H<\/p>\n<p>Producent: Pirelli<\/p>\n<p>Model: Scorpion Verde All Season<\/p>\n<p>Sezon: letnie<\/p>\n<p>Rozmiar: 225\/65R17<\/p>\n<p>Data produkcji: do 36 miesi\u0119cy<\/p>\n<p>Zu\u017cycie paliwa: klasa C<\/p>\n<p>Przyczepno\u015b\u0107 na mokrym: klasa C<\/p>\n","protected":false},"featured_media":14099,"template":"","meta":{"_uag_custom_page_level_css":""},"product_brand":[433],"product_cat":[416,414,413,412],"product_tag":[],"class_list":{"0":"post-14098","1":"product","2":"type-product","3":"status-publish","4":"has-post-thumbnail","6":"product_brand-pirelli","7":"product_cat-caloroczne","8":"product_cat-do-samochodow-osobowych-i-suv","9":"product_cat-opony","10":"product_cat-opony-i-felgi","12":"first","13":"instock","14":"shipping-taxable","15":"purchasable","16":"product-type-simple"},"uagb_featured_image_src":{"full":["https:\/\/oponixo.shop\/tire\/wp-content\/uploads\/2026\/01\/allegro-image-14098.jpg",145,220,false],"thumbnail":["https:\/\/oponixo.shop\/tire\/wp-content\/uploads\/2026\/01\/allegro-image-14098-145x150.jpg",145,150,true],"medium":["https:\/\/oponixo.shop\/tire\/wp-content\/uploads\/2026\/01\/allegro-image-14098.jpg",145,220,false],"medium_large":["https:\/\/oponixo.shop\/tire\/wp-content\/uploads\/2026\/01\/allegro-image-14098.jpg",145,220,false],"large":["https:\/\/oponixo.shop\/tire\/wp-content\/uploads\/2026\/01\/allegro-image-14098.jpg",145,220,false],"1536x1536":["https:\/\/oponixo.shop\/tire\/wp-content\/uploads\/2026\/01\/allegro-image-14098.jpg",145,220,false],"2048x2048":["https:\/\/oponixo.shop\/tire\/wp-content\/uploads\/2026\/01\/allegro-image-14098.jpg",145,220,false],"woocommerce_thumbnail":["https:\/\/oponixo.shop\/tire\/wp-content\/uploads\/2026\/01\/allegro-image-14098.jpg",145,220,false],"woocommerce_single":["https:\/\/oponixo.shop\/tire\/wp-content\/uploads\/2026\/01\/allegro-image-14098.jpg",145,220,false],"woocommerce_gallery_thumbnail":["https:\/\/oponixo.shop\/tire\/wp-content\/uploads\/2026\/01\/allegro-image-14098-100x100.jpg",100,100,true]},"uagb_author_info":{"display_name":"admin","author_link":"https:\/\/oponixo.shop\/tire\/author\/"},"uagb_comment_info":0,"uagb_excerpt":"Pirelli Scorpion Verde All Season 225\/65R17 102 H Producent: Pirelli Model: Scorpion Verde All Season Sezon: letnie Rozmiar: 225\/65R17 Data produkcji: do 36 miesi\u0119cy Zu\u017cycie paliwa: klasa C Przyczepno\u015b\u0107 na mokrym: klasa C","_links":{"self":[{"href":"https:\/\/oponixo.shop\/tire\/wp-json\/wp\/v2\/product\/14098","targetHints":{"allow":["GET"]}}],"collection":[{"href":"https:\/\/oponixo.shop\/tire\/wp-json\/wp\/v2\/product"}],"about":[{"href":"https:\/\/oponixo.shop\/tire\/wp-json\/wp\/v2\/types\/product"}],"wp:featuredmedia":[{"embeddable":true,"href":"https:\/\/oponixo.shop\/tire\/wp-json\/wp\/v2\/media\/14099"}],"wp:attachment":[{"href":"https:\/\/oponixo.shop\/tire\/wp-json\/wp\/v2\/media?parent=14098"}],"wp:term":[{"taxonomy":"product_brand","embeddable":true,"href":"https:\/\/oponixo.shop\/tire\/wp-json\/wp\/v2\/product_brand?post=14098"},{"taxonomy":"product_cat","embeddable":true,"href":"https:\/\/oponixo.shop\/tire\/wp-json\/wp\/v2\/product_cat?post=14098"},{"taxonomy":"product_tag","embeddable":true,"href":"https:\/\/oponixo.shop\/tire\/wp-json\/wp\/v2\/product_tag?post=14098"}],"curies":[{"name":"wp","href":"https:\/\/api.w.org\/{rel}","templated":true}]}}