{"id":14116,"date":"2026-01-12T01:34:29","date_gmt":"2026-01-12T00:34:29","guid":{"rendered":"https:\/\/oponyspeed.shop\/xef5\/produkt\/4x-205-60r16-goodride-zupereco-z-107-92v-rok-2025\/"},"modified":"2026-01-12T01:34:30","modified_gmt":"2026-01-12T00:34:30","slug":"4x-205-60r16-goodride-zupereco-z-107-92v-rok-2025","status":"publish","type":"product","link":"https:\/\/oponixo.shop\/tire\/produkt\/4x-205-60r16-goodride-zupereco-z-107-92v-rok-2025\/","title":{"rendered":"4x 205\/60R16 Goodride ZuperEco Z-107 92V rok 2025"},"content":{"rendered":"<div style=\"font-family: Arial, sans-serif; line-height: 1.6; color: #333; padding: 20px; clear: both; display: block; width: 100%; float: none; position: static; overflow: hidden;\">\n<div style=\"clear: both; display: block; margin: 10px 0;\">\n<div style=\"clear: both; display: block; margin: 10px 0;\">\n<div style=\"clear: both; display: block; margin: 10px 0;\">\n<div  style=\"max-width:1920px;max-height:350px\">\n<div style=\"clear: both; display: block; margin: 10px 0;\">\n<div style=\"clear: both; width: 100%; display: block; margin: 20px 0; padding: 0; float: none; position: static; text-align: center;\"><img decoding=\"async\"  src=\"https:\/\/a.allegroimg.com\/original\/115a39\/2211a71b4248b337d2df47cccce5\/4x-205-60R16-Goodride-ZuperEco-Z-107-92V-rok-2025-Szerokosc-opony-205-mm\" srcset=\"https:\/\/a.allegroimg.com\/original\/115a39\/2211a71b4248b337d2df47cccce5\/4x-205-60R16-Goodride-ZuperEco-Z-107-92V-rok-2025-Szerokosc-opony-205-mm 360w,https:\/\/a.allegroimg.com\/original\/115a39\/2211a71b4248b337d2df47cccce5\/4x-205-60R16-Goodride-ZuperEco-Z-107-92V-rok-2025-Szerokosc-opony-205-mm 720w,https:\/\/a.allegroimg.com\/original\/115a39\/2211a71b4248b337d2df47cccce5\/4x-205-60R16-Goodride-ZuperEco-Z-107-92V-rok-2025-Szerokosc-opony-205-mm 1024w,https:\/\/a.allegroimg.com\/original\/115a39\/2211a71b4248b337d2df47cccce5\/4x-205-60R16-Goodride-ZuperEco-Z-107-92V-rok-2025-Szerokosc-opony-205-mm 1440w,https:\/\/a.allegroimg.com\/original\/115a39\/2211a71b4248b337d2df47cccce5\/4x-205-60R16-Goodride-ZuperEco-Z-107-92V-rok-2025-Szerokosc-opony-205-mm 1920w\" sizes=\"100vw\" width=\"1920px\" alt=\"4x 205\/60R16 Goodride ZuperEco Z-107 92V rok 2025 Szeroko\u015b\u0107 opony 205 mm\" style=\"max-width: 100%; height: auto; display: block; margin: 0 auto;\"><\/div>\n<\/div>\n<\/div>\n<\/div>\n<\/div>\n<\/div>\n<div style=\"clear: both; display: block; margin: 10px 0;\">\n<div style=\"clear: both; display: block; margin: 10px 0;\">\n<div style=\"clear: both; display: block; margin: 10px 0;\">\n<div  style=\"max-width:1195px;max-height:2560px\">\n<div style=\"clear: both; display: block; margin: 10px 0;\">\n<div style=\"clear: both; width: 100%; display: block; margin: 20px 0; padding: 0; float: none; position: static; text-align: center;\"><img decoding=\"async\"  src=\"https:\/\/a.allegroimg.com\/original\/11f587\/9ace62bf4f90938ab334d9b46283\/4x-205-60R16-Goodride-ZuperEco-Z-107-92V-rok-2025-Kod-producenta-6938112620813\" srcset=\"https:\/\/a.allegroimg.com\/original\/11f587\/9ace62bf4f90938ab334d9b46283\/4x-205-60R16-Goodride-ZuperEco-Z-107-92V-rok-2025-Kod-producenta-6938112620813 168w,https:\/\/a.allegroimg.com\/original\/11f587\/9ace62bf4f90938ab334d9b46283\/4x-205-60R16-Goodride-ZuperEco-Z-107-92V-rok-2025-Kod-producenta-6938112620813 336w,https:\/\/a.allegroimg.com\/original\/11f587\/9ace62bf4f90938ab334d9b46283\/4x-205-60R16-Goodride-ZuperEco-Z-107-92V-rok-2025-Kod-producenta-6938112620813 478w,https:\/\/a.allegroimg.com\/original\/11f587\/9ace62bf4f90938ab334d9b46283\/4x-205-60R16-Goodride-ZuperEco-Z-107-92V-rok-2025-Kod-producenta-6938112620813 672w,https:\/\/a.allegroimg.com\/original\/11f587\/9ace62bf4f90938ab334d9b46283\/4x-205-60R16-Goodride-ZuperEco-Z-107-92V-rok-2025-Kod-producenta-6938112620813 1195w\" sizes=\"(min-width: 1200px) 560px, (min-width: 992px) 50vw, 100vw\" width=\"1195px\" alt=\"4x 205\/60R16 Goodride ZuperEco Z-107 92V rok 2025 Kod producenta 6938112620813\" style=\"max-width: 100%; height: auto; display: block; margin: 0 auto;\"><\/div>\n<\/div>\n<\/div>\n<\/div>\n<\/div>\n<div style=\"clear: both; display: block; margin: 10px 0;\">\n<div style=\"clear: both; display: block; margin: 10px 0;\">\n<h2>Przedmiot aukcji: komplet 4 sztuk fabrycznie nowych opon<\/h2>\n<p style=\"margin: 15px 0; line-height: 1.8; clear: both; display: block; width: 100%; float: none; position: static;\">Rozmiar:&nbsp;<b>205\/60R16<\/b><\/p>\n<p style=\"margin: 15px 0; line-height: 1.8; clear: both; display: block; width: 100%; float: none; position: static;\">Indeksy pr\u0119dko\u015bci i no\u015bno\u015bci:&nbsp;<b>92V (do 240km\/h)<\/b><\/p>\n<p style=\"margin: 15px 0; line-height: 1.8; clear: both; display: block; width: 100%; float: none; position: static;\">Marka:&nbsp;<b>Goodride<\/b><\/p>\n<h1>Rok produkcji: 2025<\/h1>\n<p style=\"margin: 15px 0; line-height: 1.8; clear: both; display: block; width: 100%; float: none; position: static;\">Sezon:&nbsp;<b>opony letnie<\/b><\/p>\n<p style=\"margin: 15px 0; line-height: 1.8; clear: both; display: block; width: 100%; float: none; position: static;\">Segment:&nbsp;<b>klasa ekonomiczna<\/b><\/p>\n<h1>Nowoczesna, asymetryczna, atrakcyjna wizualnie rze\u017aba bie\u017cnika.<\/h1>\n<p style=\"margin: 15px 0; line-height: 1.8; clear: both; display: block; width: 100%; float: none; position: static;\">zalety:<\/p>\n<p style=\"margin: 15px 0; line-height: 1.8; clear: both; display: block; width: 100%; float: none; position: static;\">Bardzo dobre odprowadzanie wody z czo\u0142a opony<\/p>\n<p style=\"margin: 15px 0; line-height: 1.8; clear: both; display: block; width: 100%; float: none; position: static;\">R\u00f3wnomierny rozk\u0142ad obci\u0105\u017ce\u0144<\/p>\n<p style=\"margin: 15px 0; line-height: 1.8; clear: both; display: block; width: 100%; float: none; position: static;\">Niski op\u00f3r toczenia<\/p>\n<p style=\"margin: 15px 0; line-height: 1.8; clear: both; display: block; width: 100%; float: none; position: static;\">Bardzo dobra kierowalno\u015b\u0107<\/p>\n<\/div>\n<\/div>\n<\/div>\n<div style=\"clear: both; display: block; margin: 10px 0;\">\n<div style=\"clear: both; display: block; margin: 10px 0;\">\n<div style=\"clear: both; display: block; margin: 10px 0;\">\n<div  style=\"max-width:1677px;max-height:2560px\">\n<div style=\"clear: both; display: block; margin: 10px 0;\">\n<div style=\"clear: both; width: 100%; display: block; margin: 20px 0; padding: 0; float: none; position: static; text-align: center;\"><img decoding=\"async\"  src=\"https:\/\/a.allegroimg.com\/original\/114a51\/a45757044ac69fe7c1628bbb08e2\/4x-205-60R16-Goodride-ZuperEco-Z-107-92V-rok-2025-Marka-Goodride\" srcset=\"https:\/\/a.allegroimg.com\/original\/114a51\/a45757044ac69fe7c1628bbb08e2\/4x-205-60R16-Goodride-ZuperEco-Z-107-92V-rok-2025-Marka-Goodride 235w,https:\/\/a.allegroimg.com\/original\/114a51\/a45757044ac69fe7c1628bbb08e2\/4x-205-60R16-Goodride-ZuperEco-Z-107-92V-rok-2025-Marka-Goodride 471w,https:\/\/a.allegroimg.com\/original\/114a51\/a45757044ac69fe7c1628bbb08e2\/4x-205-60R16-Goodride-ZuperEco-Z-107-92V-rok-2025-Marka-Goodride 670w,https:\/\/a.allegroimg.com\/original\/114a51\/a45757044ac69fe7c1628bbb08e2\/4x-205-60R16-Goodride-ZuperEco-Z-107-92V-rok-2025-Marka-Goodride 943w,https:\/\/a.allegroimg.com\/original\/114a51\/a45757044ac69fe7c1628bbb08e2\/4x-205-60R16-Goodride-ZuperEco-Z-107-92V-rok-2025-Marka-Goodride 1677w\" sizes=\"100vw\" width=\"1677px\" alt=\"4x 205\/60R16 Goodride ZuperEco Z-107 92V rok 2025 Marka Goodride\" style=\"max-width: 100%; height: auto; display: block; margin: 0 auto;\"><\/div>\n<\/div>\n<\/div>\n<\/div>\n<\/div>\n<\/div>\n<div style=\"clear: both; display: block; margin: 10px 0;\">\n<div style=\"clear: both; display: block; margin: 10px 0;\">\n<div style=\"clear: both; display: block; margin: 10px 0;\">\n<div  style=\"max-width:2232px;max-height:602px\">\n<div style=\"clear: both; display: block; margin: 10px 0;\">\n<div style=\"clear: both; width: 100%; display: block; margin: 20px 0; padding: 0; float: none; position: static; text-align: center;\"><img decoding=\"async\"  src=\"https:\/\/a.allegroimg.com\/original\/11e7bb\/c3adfba047b587adeeef1fe8c794\/4x-205-60R16-Goodride-ZuperEco-Z-107-92V-rok-2025-Profil-opony-60\" srcset=\"https:\/\/a.allegroimg.com\/original\/11e7bb\/c3adfba047b587adeeef1fe8c794\/4x-205-60R16-Goodride-ZuperEco-Z-107-92V-rok-2025-Profil-opony-60 360w,https:\/\/a.allegroimg.com\/original\/11e7bb\/c3adfba047b587adeeef1fe8c794\/4x-205-60R16-Goodride-ZuperEco-Z-107-92V-rok-2025-Profil-opony-60 720w,https:\/\/a.allegroimg.com\/original\/11e7bb\/c3adfba047b587adeeef1fe8c794\/4x-205-60R16-Goodride-ZuperEco-Z-107-92V-rok-2025-Profil-opony-60 1024w,https:\/\/a.allegroimg.com\/original\/11e7bb\/c3adfba047b587adeeef1fe8c794\/4x-205-60R16-Goodride-ZuperEco-Z-107-92V-rok-2025-Profil-opony-60 1440w,https:\/\/a.allegroimg.com\/original\/11e7bb\/c3adfba047b587adeeef1fe8c794\/4x-205-60R16-Goodride-ZuperEco-Z-107-92V-rok-2025-Profil-opony-60 2232w\" sizes=\"100vw\" width=\"2232px\" alt=\"4x 205\/60R16 Goodride ZuperEco Z-107 92V rok 2025 Profil opony 60\" style=\"max-width: 100%; height: auto; display: block; margin: 0 auto;\"><\/div>\n<\/div>\n<\/div>\n<\/div>\n<\/div>\n<\/div>\n<div style=\"clear: both; display: block; margin: 10px 0;\">\n<div style=\"clear: both; display: block; margin: 10px 0;\">\n<div style=\"clear: both; display: block; margin: 10px 0;\">\n<div  style=\"max-width:1195px;max-height:2560px\">\n<div style=\"clear: both; display: block; margin: 10px 0;\">\n<div style=\"clear: both; width: 100%; display: block; margin: 20px 0; padding: 0; float: none; position: static; text-align: center;\"><img decoding=\"async\"  src=\"https:\/\/a.allegroimg.com\/original\/11f587\/9ace62bf4f90938ab334d9b46283\/4x-205-60R16-Goodride-ZuperEco-Z-107-92V-rok-2025-Kod-producenta-6938112620813\" srcset=\"https:\/\/a.allegroimg.com\/original\/11f587\/9ace62bf4f90938ab334d9b46283\/4x-205-60R16-Goodride-ZuperEco-Z-107-92V-rok-2025-Kod-producenta-6938112620813 168w,https:\/\/a.allegroimg.com\/original\/11f587\/9ace62bf4f90938ab334d9b46283\/4x-205-60R16-Goodride-ZuperEco-Z-107-92V-rok-2025-Kod-producenta-6938112620813 336w,https:\/\/a.allegroimg.com\/original\/11f587\/9ace62bf4f90938ab334d9b46283\/4x-205-60R16-Goodride-ZuperEco-Z-107-92V-rok-2025-Kod-producenta-6938112620813 478w,https:\/\/a.allegroimg.com\/original\/11f587\/9ace62bf4f90938ab334d9b46283\/4x-205-60R16-Goodride-ZuperEco-Z-107-92V-rok-2025-Kod-producenta-6938112620813 672w,https:\/\/a.allegroimg.com\/original\/11f587\/9ace62bf4f90938ab334d9b46283\/4x-205-60R16-Goodride-ZuperEco-Z-107-92V-rok-2025-Kod-producenta-6938112620813 1195w\" sizes=\"100vw\" width=\"1195px\" alt=\"4x 205\/60R16 Goodride ZuperEco Z-107 92V rok 2025 Kod producenta 6938112620813\" style=\"max-width: 100%; height: auto; display: block; margin: 0 auto;\"><\/div>\n<\/div>\n<\/div>\n<\/div>\n<\/div>\n<\/div>\n<div style=\"clear: both; display: block; margin: 10px 0;\">\n<div style=\"clear: both; display: block; margin: 10px 0;\">\n<div style=\"clear: both; display: block; margin: 10px 0;\">\n<div  style=\"max-width:1920px;max-height:350px\">\n<div style=\"clear: both; display: block; margin: 10px 0;\">\n<div style=\"clear: both; width: 100%; display: block; margin: 20px 0; padding: 0; float: none; position: static; text-align: center;\"><img decoding=\"async\"  src=\"https:\/\/a.allegroimg.com\/original\/115a39\/2211a71b4248b337d2df47cccce5\/4x-205-60R16-Goodride-ZuperEco-Z-107-92V-rok-2025-Szerokosc-opony-205-mm\" srcset=\"https:\/\/a.allegroimg.com\/original\/115a39\/2211a71b4248b337d2df47cccce5\/4x-205-60R16-Goodride-ZuperEco-Z-107-92V-rok-2025-Szerokosc-opony-205-mm 360w,https:\/\/a.allegroimg.com\/original\/115a39\/2211a71b4248b337d2df47cccce5\/4x-205-60R16-Goodride-ZuperEco-Z-107-92V-rok-2025-Szerokosc-opony-205-mm 720w,https:\/\/a.allegroimg.com\/original\/115a39\/2211a71b4248b337d2df47cccce5\/4x-205-60R16-Goodride-ZuperEco-Z-107-92V-rok-2025-Szerokosc-opony-205-mm 1024w,https:\/\/a.allegroimg.com\/original\/115a39\/2211a71b4248b337d2df47cccce5\/4x-205-60R16-Goodride-ZuperEco-Z-107-92V-rok-2025-Szerokosc-opony-205-mm 1440w,https:\/\/a.allegroimg.com\/original\/115a39\/2211a71b4248b337d2df47cccce5\/4x-205-60R16-Goodride-ZuperEco-Z-107-92V-rok-2025-Szerokosc-opony-205-mm 1920w\" sizes=\"100vw\" width=\"1920px\" alt=\"4x 205\/60R16 Goodride ZuperEco Z-107 92V rok 2025 Szeroko\u015b\u0107 opony 205 mm\" style=\"max-width: 100%; height: auto; display: block; margin: 0 auto;\"><\/div>\n<\/div>\n<\/div>\n<\/div>\n<\/div>\n<\/div>\n<div style=\"clear: both; display: block; margin: 10px 0;\">\n<div style=\"clear: both; display: block; margin: 10px 0;\">\n<div style=\"clear: both; display: block; margin: 10px 0;\">\n<h2>Zhongce Rubber Group Co., Ltd.<\/h2>\n<p style=\"margin: 15px 0; line-height: 1.8; clear: both; display: block; width: 100%; float: none; position: static;\">jest producentem opon marki Goodride<\/p>\n<h3 style=\"color: #2c5aa0; font-size: 18px; margin: 30px 0 15px 0; font-weight: bold; clear: both; display: block; width: 100%; float: none; position: static;\">Najwa\u017cniejsze informacje:<\/h3>\n<p style=\"margin: 15px 0; line-height: 1.8; clear: both; display: block; width: 100%; float: none; position: static;\">Najwi\u0119kszy producent opon w Chinach<\/p>\n<p style=\"margin: 15px 0; line-height: 1.8; clear: both; display: block; width: 100%; float: none; position: static;\">Sta\u0142a dost\u0119pno\u015b\u0107 w Polsce od 16 lat<\/p>\n<h1>Opony na tej aukcji sprzedaje<\/h1>\n<h1>Oficjalny Sklep Goodride.<\/h1>\n<\/div>\n<\/div>\n<div style=\"clear: both; display: block; margin: 10px 0;\">\n<div style=\"clear: both; display: block; margin: 10px 0;\">\n<div  style=\"max-width:2000px;max-height:1000px\">\n<div style=\"clear: both; display: block; margin: 10px 0;\">\n<div style=\"clear: both; width: 100%; display: block; margin: 20px 0; padding: 0; float: none; position: static; text-align: center;\"><img decoding=\"async\"  src=\"https:\/\/a.allegroimg.com\/original\/11d9d4\/91a695984a4ca3a484938f41b5b7\/4x-205-60R16-Goodride-ZuperEco-Z-107-92V-rok-2025-Klasa-ekonomiczna\" srcset=\"https:\/\/a.allegroimg.com\/original\/11d9d4\/91a695984a4ca3a484938f41b5b7\/4x-205-60R16-Goodride-ZuperEco-Z-107-92V-rok-2025-Klasa-ekonomiczna 360w,https:\/\/a.allegroimg.com\/original\/11d9d4\/91a695984a4ca3a484938f41b5b7\/4x-205-60R16-Goodride-ZuperEco-Z-107-92V-rok-2025-Klasa-ekonomiczna 720w,https:\/\/a.allegroimg.com\/original\/11d9d4\/91a695984a4ca3a484938f41b5b7\/4x-205-60R16-Goodride-ZuperEco-Z-107-92V-rok-2025-Klasa-ekonomiczna 1024w,https:\/\/a.allegroimg.com\/original\/11d9d4\/91a695984a4ca3a484938f41b5b7\/4x-205-60R16-Goodride-ZuperEco-Z-107-92V-rok-2025-Klasa-ekonomiczna 1440w,https:\/\/a.allegroimg.com\/original\/11d9d4\/91a695984a4ca3a484938f41b5b7\/4x-205-60R16-Goodride-ZuperEco-Z-107-92V-rok-2025-Klasa-ekonomiczna 2000w\" sizes=\"(min-width: 1200px) 560px, (min-width: 992px) 50vw, 100vw\" width=\"2000px\" alt=\"4x 205\/60R16 Goodride ZuperEco Z-107 92V rok 2025 Klasa ekonomiczna\" style=\"max-width: 100%; height: auto; display: block; margin: 0 auto;\"><\/div>\n<\/div>\n<\/div>\n<\/div>\n<\/div>\n<\/div>\n<div style=\"clear: both; display: block; margin: 10px 0;\">\n<div style=\"clear: both; display: block; margin: 10px 0;\">\n<div style=\"clear: both; display: block; margin: 10px 0;\">\n<p style=\"margin: 15px 0; line-height: 1.8; clear: both; display: block; width: 100%; float: none; position: static;\">[205\/60R16VZ107][205\/60R16VZ107][205\/60R16VZ107][205\/60R16VZ107]<\/p>\n<\/div>\n<\/div>\n<\/div>\n<\/div>\n<\/div>\n<\/div>\n<div style=\"clear: both; display: block; margin: 10px 0;\">\n","protected":false},"excerpt":{"rendered":"<p>Przedmiot aukcji: komplet 4 sztuk fabrycznie nowych opon<\/p>\n<p>Rozmiar:&nbsp;205\/60R16<\/p>\n<p>Indeksy pr\u0119dko\u015bci i no\u015bno\u015bci:&nbsp;92V (do 240km\/h)<\/p>\n<p>Marka:&nbsp;Goodride<\/p>\n<p>Rok produkcji: 2025<\/p>\n<p>Sezon:&nbsp;opony letnie<\/p>\n<p>Segment:&nbsp;klasa ekonomiczna<\/p>\n<p>Nowoczesna, asymetryczna, atrakcyjna wizualnie rze\u017aba bie\u017cnika.<\/p>\n","protected":false},"featured_media":14117,"template":"","meta":{"_uag_custom_page_level_css":""},"product_brand":[379],"product_cat":[414,418,413,412],"product_tag":[],"class_list":{"0":"post-14116","1":"product","2":"type-product","3":"status-publish","4":"has-post-thumbnail","6":"product_brand-goodride","7":"product_cat-do-samochodow-osobowych-i-suv","8":"product_cat-letnie","9":"product_cat-opony","10":"product_cat-opony-i-felgi","12":"first","13":"instock","14":"shipping-taxable","15":"purchasable","16":"product-type-simple"},"uagb_featured_image_src":{"full":["https:\/\/oponixo.shop\/tire\/wp-content\/uploads\/2026\/01\/allegro-image-14116.jpg",2000,2000,false],"thumbnail":["https:\/\/oponixo.shop\/tire\/wp-content\/uploads\/2026\/01\/allegro-image-14116-150x150.jpg",150,150,true],"medium":["https:\/\/oponixo.shop\/tire\/wp-content\/uploads\/2026\/01\/allegro-image-14116-300x300.jpg",300,300,true],"medium_large":["https:\/\/oponixo.shop\/tire\/wp-content\/uploads\/2026\/01\/allegro-image-14116-768x768.jpg",768,768,true],"large":["https:\/\/oponixo.shop\/tire\/wp-content\/uploads\/2026\/01\/allegro-image-14116-1024x1024.jpg",1024,1024,true],"1536x1536":["https:\/\/oponixo.shop\/tire\/wp-content\/uploads\/2026\/01\/allegro-image-14116-1536x1536.jpg",1536,1536,true],"2048x2048":["https:\/\/oponixo.shop\/tire\/wp-content\/uploads\/2026\/01\/allegro-image-14116.jpg",2000,2000,false],"woocommerce_thumbnail":["https:\/\/oponixo.shop\/tire\/wp-content\/uploads\/2026\/01\/allegro-image-14116-300x300.jpg",300,300,true],"woocommerce_single":["https:\/\/oponixo.shop\/tire\/wp-content\/uploads\/2026\/01\/allegro-image-14116-600x600.jpg",600,600,true],"woocommerce_gallery_thumbnail":["https:\/\/oponixo.shop\/tire\/wp-content\/uploads\/2026\/01\/allegro-image-14116-100x100.jpg",100,100,true]},"uagb_author_info":{"display_name":"admin","author_link":"https:\/\/oponixo.shop\/tire\/author\/"},"uagb_comment_info":0,"uagb_excerpt":"Przedmiot aukcji: komplet 4 sztuk fabrycznie nowych opon Rozmiar:&nbsp;205\/60R16 Indeksy pr\u0119dko\u015bci i no\u015bno\u015bci:&nbsp;92V (do 240km\/h) Marka:&nbsp;Goodride Rok produkcji: 2025 Sezon:&nbsp;opony letnie Segment:&nbsp;klasa ekonomiczna Nowoczesna, asymetryczna, atrakcyjna wizualnie rze\u017aba bie\u017cnika.","_links":{"self":[{"href":"https:\/\/oponixo.shop\/tire\/wp-json\/wp\/v2\/product\/14116","targetHints":{"allow":["GET"]}}],"collection":[{"href":"https:\/\/oponixo.shop\/tire\/wp-json\/wp\/v2\/product"}],"about":[{"href":"https:\/\/oponixo.shop\/tire\/wp-json\/wp\/v2\/types\/product"}],"wp:featuredmedia":[{"embeddable":true,"href":"https:\/\/oponixo.shop\/tire\/wp-json\/wp\/v2\/media\/14117"}],"wp:attachment":[{"href":"https:\/\/oponixo.shop\/tire\/wp-json\/wp\/v2\/media?parent=14116"}],"wp:term":[{"taxonomy":"product_brand","embeddable":true,"href":"https:\/\/oponixo.shop\/tire\/wp-json\/wp\/v2\/product_brand?post=14116"},{"taxonomy":"product_cat","embeddable":true,"href":"https:\/\/oponixo.shop\/tire\/wp-json\/wp\/v2\/product_cat?post=14116"},{"taxonomy":"product_tag","embeddable":true,"href":"https:\/\/oponixo.shop\/tire\/wp-json\/wp\/v2\/product_tag?post=14116"}],"curies":[{"name":"wp","href":"https:\/\/api.w.org\/{rel}","templated":true}]}}