{"id":14166,"date":"2026-01-12T01:34:44","date_gmt":"2026-01-12T00:34:44","guid":{"rendered":"https:\/\/oponyspeed.shop\/xef5\/produkt\/2x-pirelli-215-50r17-95y-powergy-xl-fr-letnie-2024-r\/"},"modified":"2026-01-12T01:34:45","modified_gmt":"2026-01-12T00:34:45","slug":"2x-pirelli-215-50r17-95y-powergy-xl-fr-letnie-2024-r","status":"publish","type":"product","link":"https:\/\/oponixo.shop\/tire\/produkt\/2x-pirelli-215-50r17-95y-powergy-xl-fr-letnie-2024-r\/","title":{"rendered":"2x PIRELLI 215\/50R17 95Y Powergy XL FR letnie 2024 r"},"content":{"rendered":"<div style=\"font-family: Arial, sans-serif; line-height: 1.6; color: #333; padding: 20px; clear: both; display: block; width: 100%; float: none; position: static; overflow: hidden;\">\n<div style=\"clear: both; display: block; margin: 10px 0;\">\n<div style=\"clear: both; display: block; margin: 10px 0;\">\n<div style=\"clear: both; display: block; margin: 10px 0;\">\n<h1>Rok produkcji: 2024<\/h1>\n<\/div>\n<\/div>\n<\/div>\n<div style=\"clear: both; display: block; margin: 10px 0;\">\n<div style=\"clear: both; display: block; margin: 10px 0;\">\n<div style=\"clear: both; display: block; margin: 10px 0;\">\n<div  style=\"max-width:1200px;max-height:1126px\">\n<div style=\"clear: both; display: block; margin: 10px 0;\">\n<div style=\"clear: both; width: 100%; display: block; margin: 20px 0; padding: 0; float: none; position: static; text-align: center;\"><img decoding=\"async\"  src=\"https:\/\/a.allegroimg.com\/original\/11bb24\/4a5e150d4caf8aa62382d560108a\/2x-PIRELLI-215-50R17-95Y-Powergy-XL-FR-letnie-2024-r\" srcset=\"https:\/\/a.allegroimg.com\/original\/11bb24\/4a5e150d4caf8aa62382d560108a\/2x-PIRELLI-215-50R17-95Y-Powergy-XL-FR-letnie-2024-r 360w,https:\/\/a.allegroimg.com\/original\/11bb24\/4a5e150d4caf8aa62382d560108a\/2x-PIRELLI-215-50R17-95Y-Powergy-XL-FR-letnie-2024-r 720w,https:\/\/a.allegroimg.com\/original\/11bb24\/4a5e150d4caf8aa62382d560108a\/2x-PIRELLI-215-50R17-95Y-Powergy-XL-FR-letnie-2024-r 1024w,https:\/\/a.allegroimg.com\/original\/11bb24\/4a5e150d4caf8aa62382d560108a\/2x-PIRELLI-215-50R17-95Y-Powergy-XL-FR-letnie-2024-r 1200w,https:\/\/a.allegroimg.com\/original\/11bb24\/4a5e150d4caf8aa62382d560108a\/2x-PIRELLI-215-50R17-95Y-Powergy-XL-FR-letnie-2024-r 1200w\" sizes=\"(min-width: 1200px) 560px, (min-width: 992px) 50vw, 100vw\" width=\"1200px\" alt=\"2x PIRELLI 215\/50R17 95Y Powergy XL FR letnie 2024 r\" style=\"max-width: 100%; height: auto; display: block; margin: 0 auto;\"><\/div>\n<\/div>\n<\/div>\n<\/div>\n<\/div>\n<div style=\"clear: both; display: block; margin: 10px 0;\">\n<div style=\"clear: both; display: block; margin: 10px 0;\">\n<h1>PIRELLI Powergy 215\/50R17 95Y XL FR<\/h1>\n<h2>G0QRJG<\/h2>\n<ul style=\"margin: 15px 0; padding-left: 20px; clear: both; display: block; width: 100%; float: none; position: static;\">\n<li style=\"margin: 5px 0; padding: 2px 0; clear: both; display: list-item; float: none; position: static;\"><b>Data produkcji :<\/b> 2024<\/li>\n<li style=\"margin: 5px 0; padding: 2px 0; clear: both; display: list-item; float: none; position: static;\"><b>Indeks :<\/b> 215\/50R17 LOPI 95Y PWRGY<\/li>\n<li style=\"margin: 5px 0; padding: 2px 0; clear: both; display: list-item; float: none; position: static;\"><b>Indeks no\u015bno\u015bci :<\/b> 95<\/li>\n<li style=\"margin: 5px 0; padding: 2px 0; clear: both; display: list-item; float: none; position: static;\"><b>Indeks pr\u0119dko\u015bci :<\/b> Y &#8211; 300 km\/h<\/li>\n<li style=\"margin: 5px 0; padding: 2px 0; clear: both; display: list-item; float: none; position: static;\"><b>Karta informacyjna produktu :<\/b> https:\/\/eprel.ec.europa.eu\/qr\/596596<\/li>\n<li style=\"margin: 5px 0; padding: 2px 0; clear: both; display: list-item; float: none; position: static;\"><b>Kl. efekt. paliwowej :<\/b> B<\/li>\n<li style=\"margin: 5px 0; padding: 2px 0; clear: both; display: list-item; float: none; position: static;\"><b>Kl. przycz. na mokrej naw. :<\/b> A<\/li>\n<li style=\"margin: 5px 0; padding: 2px 0; clear: both; display: list-item; float: none; position: static;\"><b>Kl. zew. ha\u0142asu tocz. :<\/b> A<\/li>\n<li style=\"margin: 5px 0; padding: 2px 0; clear: both; display: list-item; float: none; position: static;\"><b>Klasa opony :<\/b> premium<\/li>\n<li style=\"margin: 5px 0; padding: 2px 0; clear: both; display: list-item; float: none; position: static;\"><b>Kod EAN :<\/b> 8019227388152<\/li>\n<li style=\"margin: 5px 0; padding: 2px 0; clear: both; display: list-item; float: none; position: static;\"><b>Kod producenta :<\/b> 3881500<\/li>\n<li style=\"margin: 5px 0; padding: 2px 0; clear: both; display: list-item; float: none; position: static;\"><b>Model bie\u017cnika :<\/b> Powergy<\/li>\n<li style=\"margin: 5px 0; padding: 2px 0; clear: both; display: list-item; float: none; position: static;\"><b>Nazwa produktu :<\/b> PIRELLI 215\/50R17 95Y Powergy XL FR letnie<\/li>\n<li style=\"margin: 5px 0; padding: 2px 0; clear: both; display: list-item; float: none; position: static;\"><b>No\u015bno\u015b\u0107 opony :<\/b> XL<\/li>\n<li style=\"margin: 5px 0; padding: 2px 0; clear: both; display: list-item; float: none; position: static;\"><b>Producent :<\/b> PIRELLI<\/li>\n<li style=\"margin: 5px 0; padding: 2px 0; clear: both; display: list-item; float: none; position: static;\"><b>Profil :<\/b> 50<\/li>\n<li style=\"margin: 5px 0; padding: 2px 0; clear: both; display: list-item; float: none; position: static;\"><b>Przeznaczenie :<\/b> samochody osobowe\/SUV\/4&#215;4<\/li>\n<li style=\"margin: 5px 0; padding: 2px 0; clear: both; display: list-item; float: none; position: static;\"><b>Przyczepno\u015b\u0107 na lodzie :<\/b> Nie<\/li>\n<li style=\"margin: 5px 0; padding: 2px 0; clear: both; display: list-item; float: none; position: static;\"><b>Przyczepno\u015b\u0107 na \u015bniegu :<\/b> Nie<\/li>\n<li style=\"margin: 5px 0; padding: 2px 0; clear: both; display: list-item; float: none; position: static;\"><b>QR kod :<\/b> https:\/\/eprel.ec.europa.eu\/qr\/596596<\/li>\n<li style=\"margin: 5px 0; padding: 2px 0; clear: both; display: list-item; float: none; position: static;\"><b>Rant opony :<\/b> FR<\/li>\n<li style=\"margin: 5px 0; padding: 2px 0; clear: both; display: list-item; float: none; position: static;\"><b>Sezon :<\/b> letnia<\/li>\n<li style=\"margin: 5px 0; padding: 2px 0; clear: both; display: list-item; float: none; position: static;\"><b>\u015arednica :<\/b> 17&#8243;<\/li>\n<li style=\"margin: 5px 0; padding: 2px 0; clear: both; display: list-item; float: none; position: static;\"><b>Szeroko\u015b\u0107 :<\/b> 215<\/li>\n<li style=\"margin: 5px 0; padding: 2px 0; clear: both; display: list-item; float: none; position: static;\"><b>Wart. pom. i kl. zew. ha\u0142asu tocz. [dB] :<\/b> 68<\/li>\n<\/ul>\n<\/div>\n<\/div>\n<\/div>\n<div style=\"clear: both; display: block; margin: 10px 0;\">\n<div style=\"clear: both; display: block; margin: 10px 0;\">\n<div style=\"clear: both; display: block; margin: 10px 0;\">\n<p style=\"margin: 15px 0; line-height: 1.8; clear: both; display: block; width: 100%; float: none; position: static;\"> &#8222;Power&#8221; + &#8222;Energy&#8221; = POWERGY <\/p>\n<p style=\"margin: 15px 0; line-height: 1.8; clear: both; display: block; width: 100%; float: none; position: static;\"> Powergy to opona letnia najwy\u017cszej jako\u015bci, gwarantowanej renom\u0105 i do\u015bwiadczeniem marki Pirelli. Utrzymany w sportowym charakterze model, koncentruje si\u0119 dodatkowo na bezpiecze\u0144stwie podr\u00f3\u017cy oraz aspektach ekologicznych u\u017cytkowania opon. <\/p>\n<p style=\"margin: 15px 0; line-height: 1.8; clear: both; display: block; width: 100%; float: none; position: static;\"> Asymetryczna rze\u017aba bie\u017cnika z poszerzonymi rowkami obwodowymi zapewnia efektywny i szybki drena\u017c bie\u017cnika, aby osusza\u0107 stref\u0119 kontaktu opony z nawierzchni\u0105 dla lepszego prowadzenia, skracania drogi hamowania oraz zmniejszania ryzyka wyst\u0105pienia aquaplaningu. <\/p>\n<p style=\"margin: 15px 0; line-height: 1.8; clear: both; display: block; width: 100%; float: none; position: static;\"> Wzmocnione \u017cebro centralne, nawi\u0105zuje do sportowych osi\u0105g\u00f3w i odpowiada za cz\u0119\u015b\u0107 &#8222;power&#8221; zawartej w nazwie modelu. Zoptymalizowana sztywno\u015b\u0107 przek\u0142ada si\u0119 na wi\u0119ksz\u0105 stabilno\u015b\u0107 jazdy, r\u00f3wnie\u017c przy wy\u017cszych pr\u0119dko\u015bciach, bezpiecze\u0144stwo nawet przy gwa\u0142townych manewrach oraz dbanie o \u015brodowisko naturalne. <\/p>\n<p style=\"margin: 15px 0; line-height: 1.8; clear: both; display: block; width: 100%; float: none; position: static;\"> Zaawansowana technologicznie mieszanka gumy bie\u017cnika na bazie polimer\u00f3w pozwala zwi\u0119ksza\u0107 osi\u0105gi, zachowuj\u0105c jednocze\u015bnie wysok\u0105 trwa\u0142o\u015b\u0107 i wytrzyma\u0142o\u015b\u0107 na zu\u017cycie. Powergy cechuje si\u0119 obni\u017conymi oporami toczenia, kt\u00f3re wspieraj\u0105 efektywno\u015b\u0107 paliwow\u0105 auta. <\/p>\n<p style=\"margin: 15px 0; line-height: 1.8; clear: both; display: block; width: 100%; float: none; position: static;\"> Dodatkowo specjalne naci\u0119cia o kszta\u0142cie p\u0142etwy rekina oraz wz\u00f3r na barkach skutecznie rozpraszaj\u0105 ha\u0142as, generowany przez opon\u0119 podczas jazdy, co zwi\u0119ksza komfort oraz p\u0142ynno\u015b\u0107 podr\u00f3\u017cowania. <\/p>\n<p style=\"margin: 15px 0; line-height: 1.8; clear: both; display: block; width: 100%; float: none; position: static;\"> Pirelli Powergy to po\u0142\u0105czenie &#8222;mocy&#8221; z &#8222;energi\u0105&#8221; a w\u0142a\u015bciwie zr\u00f3wnowa\u017conego podej\u015bcia do tych dw\u00f3ch aspekt\u00f3w. Jest ona polecana dla kierowc\u00f3w, kt\u00f3rzy poza sportowymi osi\u0105gami i bezpiecze\u0144stwem, ceni\u0105 r\u00f3wnie\u017c komfort i ekologi\u0119 podczas u\u017cywania opon. <\/p>\n<\/div>\n<\/div>\n<div style=\"clear: both; display: block; margin: 10px 0;\">\n<div style=\"clear: both; display: block; margin: 10px 0;\">\n<div  style=\"max-width:886px;max-height:1299px\">\n<div style=\"clear: both; display: block; margin: 10px 0;\">\n<div style=\"clear: both; width: 100%; display: block; margin: 20px 0; padding: 0; float: none; position: static; text-align: center;\"><img decoding=\"async\"  src=\"https:\/\/a.allegroimg.com\/original\/11cc68\/0915041343b5897bb712eea672fd\/2x-PIRELLI-215-50R17-95Y-Powergy-XL-FR-letnie-2024-r-Srednica-17\" srcset=\"https:\/\/a.allegroimg.com\/original\/11cc68\/0915041343b5897bb712eea672fd\/2x-PIRELLI-215-50R17-95Y-Powergy-XL-FR-letnie-2024-r-Srednica-17 245w,https:\/\/a.allegroimg.com\/original\/11cc68\/0915041343b5897bb712eea672fd\/2x-PIRELLI-215-50R17-95Y-Powergy-XL-FR-letnie-2024-r-Srednica-17 491w,https:\/\/a.allegroimg.com\/original\/11cc68\/0915041343b5897bb712eea672fd\/2x-PIRELLI-215-50R17-95Y-Powergy-XL-FR-letnie-2024-r-Srednica-17 698w,https:\/\/a.allegroimg.com\/original\/11cc68\/0915041343b5897bb712eea672fd\/2x-PIRELLI-215-50R17-95Y-Powergy-XL-FR-letnie-2024-r-Srednica-17 886w,https:\/\/a.allegroimg.com\/original\/11cc68\/0915041343b5897bb712eea672fd\/2x-PIRELLI-215-50R17-95Y-Powergy-XL-FR-letnie-2024-r-Srednica-17 886w\" sizes=\"(min-width: 1200px) 560px, (min-width: 992px) 50vw, 100vw\" width=\"886px\" alt=\"2x PIRELLI 215\/50R17 95Y Powergy XL FR letnie 2024 r \u015arednica 17&quot;\" style=\"max-width: 100%; height: auto; display: block; margin: 0 auto;\"><\/div>\n<\/div>\n<\/div>\n<\/div>\n<\/div>\n<\/div>\n<div style=\"clear: both; display: block; margin: 10px 0;\">\n<div style=\"clear: both; display: block; margin: 10px 0;\">\n<div style=\"clear: both; display: block; margin: 10px 0;\">\n<p style=\"margin: 15px 0; line-height: 1.8; clear: both; display: block; width: 100%; float: none; position: static;\">Wychodz\u0105c naprzeciw oczekiwaniom Klient\u00f3w i chc\u0105c spe\u0142nia\u0107 jak najwy\u017csze standardy obs\u0142ugi dok\u0142adamy wszelkich stara\u0144, aby podawa\u0107 precyzyjn\u0105 dat\u0119 produkcji opony (DOT). Niestety, w wyj\u0105tkowych przypadkach, mo\u017ce zdarzy\u0107 si\u0119, \u017ce opony, kt\u00f3re wy\u015blemy b\u0119d\u0105 mia\u0142y inn\u0105 dat\u0119 produkcji ni\u017c podana. Sytuacja mo\u017ce dotyczy\u0107 zar\u00f3wno opon z DOT-em wcze\u015bniejszym jak i p\u00f3\u017aniejszym. Chcieliby\u015bmy podkre\u015bli\u0107, \u017ce warunki przechowywania opon w naszych magazynach spe\u0142niaj\u0105 Polsk\u0105 Norm\u0119 PN-C-94300-7 dzi\u0119ki czemu nawet opona przechowywana 24 miesi\u0105ce ma parametry takie same jak opona z bie\u017c\u0105cego roku. Warto pami\u0119ta\u0107 tak\u017ce o fakcie, \u017ce w przypadku wielu rozmiar\u00f3w i producent\u00f3w plany produkcyjne fabryk uniemo\u017cliwiaj\u0105 zakup opony z bie\u017c\u0105cego roku.<\/p>\n<p style=\"margin: 15px 0; line-height: 1.8; clear: both; display: block; width: 100%; float: none; position: static;\">Przy zakupie opon pami\u0119taj o sprawdzeniu w instrukcji samochodu lub na w\u0142a\u015bciwej stronie internetowej, jakie ogumienie zaleca producent Twojego auta. \u0179le dobrane opony mog\u0105 negatywnie wp\u0142yn\u0105\u0107 na poziom Twojego bezpiecze\u0144stwa. Kupuj\u0105c opony zwr\u00f3\u0107 uwag\u0119 na rozmiar oraz indeksy no\u015bno\u015bci i pr\u0119dko\u015bci jakie homologowane s\u0105 do Twojego pojazdu.<\/p>\n<p style=\"margin: 15px 0; line-height: 1.8; clear: both; display: block; width: 100%; float: none; position: static;\">Zamieszczone zdj\u0119cia pe\u0142ni\u0105 funkcj\u0119 pogl\u0105dow\u0105. W zale\u017cno\u015bci od szeroko\u015bci opon, mog\u0105 wyst\u0119powa\u0107 niewielkie r\u00f3\u017cnice w wygl\u0105dzie bie\u017cnika (w obr\u0119bie jednego modelu) na przyk\u0142ad w ilo\u015bci rowk\u00f3w obwodowych lub rozmieszczeniu blok\u00f3w bie\u017cnika, co nie stanowi wady produktu.<\/p>\n<p style=\"margin: 15px 0; line-height: 1.8; clear: both; display: block; width: 100%; float: none; position: static;\">Je\u017celi otrzymane przez Ciebie opony nie spe\u0142niaj\u0105 Twoich oczekiwa\u0144 masz mo\u017cliwo\u015b\u0107 zwrotu lub wymiany nieu\u017cywanego (niemontowanego) ogumienia.<\/p>\n<\/div>\n<\/div>\n<\/div>\n<div style=\"clear: both; display: block; margin: 10px 0;\">\n<div style=\"clear: both; display: block; margin: 10px 0;\">\n<div style=\"clear: both; display: block; margin: 10px 0;\">\n<div  style=\"max-width:2560px;max-height:1440px\">\n<div style=\"clear: both; display: block; margin: 10px 0;\">\n<div style=\"clear: both; width: 100%; display: block; margin: 20px 0; padding: 0; float: none; position: static; text-align: center;\"><img decoding=\"async\"  src=\"https:\/\/a.allegroimg.com\/original\/111996\/556eb948499aa6170e4dc6076f9f\/2x-PIRELLI-215-50R17-95Y-Powergy-XL-FR-letnie-2024-r-Halas-zewnetrzny-68-dB\" srcset=\"https:\/\/a.allegroimg.com\/original\/111996\/556eb948499aa6170e4dc6076f9f\/2x-PIRELLI-215-50R17-95Y-Powergy-XL-FR-letnie-2024-r-Halas-zewnetrzny-68-dB 360w,https:\/\/a.allegroimg.com\/original\/111996\/556eb948499aa6170e4dc6076f9f\/2x-PIRELLI-215-50R17-95Y-Powergy-XL-FR-letnie-2024-r-Halas-zewnetrzny-68-dB 720w,https:\/\/a.allegroimg.com\/original\/111996\/556eb948499aa6170e4dc6076f9f\/2x-PIRELLI-215-50R17-95Y-Powergy-XL-FR-letnie-2024-r-Halas-zewnetrzny-68-dB 1024w,https:\/\/a.allegroimg.com\/original\/111996\/556eb948499aa6170e4dc6076f9f\/2x-PIRELLI-215-50R17-95Y-Powergy-XL-FR-letnie-2024-r-Halas-zewnetrzny-68-dB 1440w,https:\/\/a.allegroimg.com\/original\/111996\/556eb948499aa6170e4dc6076f9f\/2x-PIRELLI-215-50R17-95Y-Powergy-XL-FR-letnie-2024-r-Halas-zewnetrzny-68-dB 2560w\" sizes=\"(min-width: 1200px) 560px, (min-width: 992px) 50vw, 100vw\" width=\"2560px\" alt=\"2x PIRELLI 215\/50R17 95Y Powergy XL FR letnie 2024 r Ha\u0142as zewn\u0119trzny 68 dB\" style=\"max-width: 100%; height: auto; display: block; margin: 0 auto;\"><\/div>\n<\/div>\n<\/div>\n<\/div>\n<\/div>\n<div style=\"clear: both; display: block; margin: 10px 0;\">\n<div style=\"clear: both; display: block; margin: 10px 0;\">\n<h1>Pirelli<\/h1>\n<p style=\"margin: 15px 0; line-height: 1.8; clear: both; display: block; width: 100%; float: none; position: static;\">W 1873 roku rozpocz\u0119\u0142a si\u0119 produkcja wyrob\u00f3w gumowych w fabryce nale\u017c\u0105cej do za\u0142o\u017conej rok wcze\u015bniej przez m\u0142odego w\u0142oskiego in\u017cyniera firmy Pirelli. Opony tej marki, kt\u00f3rych kolejne generacje rozs\u0142awi\u0142y nazw\u0119 przedsi\u0119biorstwa na ca\u0142ym \u015bwiecie, pojawi\u0142y si\u0119 na rynku motoryzacyjnym w 1901 roku. Opony Pirelli szybko zyska\u0142y popularno\u015b\u0107 w\u015br\u00f3d kierowc\u00f3w wy\u015bcigowych, kt\u00f3rych zwyci\u0119stwa dotar\u0142y do szerszej publiczno\u015bci i przyczyni\u0142y si\u0119 do zwi\u0119kszenia popytu. Firma Pirelli rozpocz\u0119\u0142a ekspansj\u0119 na rynki mi\u0119dzynarodowe, a jej wydzia\u0142 badawczy podj\u0105\u0142 prace nad dalszym udoskonalaniem oferty opon. Szeroko zakrojona kampania reklamowa, kt\u00f3ra towarzyszy\u0142a w latach 50. rewolucyjnej nowej oponie radialnej, przeznaczonej dla nowoczesnych samochod\u00f3w o wysokich osi\u0105gach, wyznaczy\u0142a styl dzia\u0142ania, kt\u00f3rym do dzi\u015b wyr\u00f3\u017cnia si\u0119 przedsi\u0119biorstwo: innowacyjne produkty po\u0142\u0105czone ze starannie zaplanowan\u0105 strategi\u0105 marketingow\u0105, kt\u00f3rej cz\u0119\u015bci\u0105 jest mi\u0119dzy innymi s\u0142ynny kalendarz Pirelli. W laboratoriach firmy wynaleziono r\u00f3wnie\u017c pierwsz\u0105 na \u015bwiecie opon\u0119 niskoprofilow\u0105, a ci\u0105g\u0142e prace nad usprawnianiem ogumienia tego typu sprawi\u0142y, \u017ce niskoprofilowe opony tej marki niezmiennie ciesz\u0105 si\u0119 powodzeniem. Opony letnie i zimowe marki Pirelli, przeznaczone dla samochod\u00f3w sportowych i z segmentu premium, charakteryzuj\u0105 si\u0119 doskona\u0142ymi w\u0142a\u015bciwo\u015bciami jezdnymi za spraw\u0105 nowatorskich mieszanek sk\u0142adnik\u00f3w, starannego wykonania, bie\u017cnik\u00f3w zaprojektowanych na potrzeby pojazd\u00f3w o du\u017cej mocy i d\u0142ugotrwa\u0142ych test\u00f3w, kt\u00f3rym poddawane s\u0105 produkty tej firmy.<\/p>\n<\/div>\n<\/div>\n<\/div>\n<\/div>\n<\/div>\n<\/div>\n<div style=\"clear: both; display: block; margin: 10px 0;\">\n","protected":false},"excerpt":{"rendered":"<p>Rok produkcji: 2024<\/p>\n<p>PIRELLI Powergy 215\/50R17 95Y XL FR<\/p>\n<p>G0QRJG<\/p>\n<p>Data produkcji : 2024<\/p>\n<p>Indeks : 215\/50R17 LOPI 95Y PWRGY<\/p>\n<p>Indeks no\u015bno\u015bci : 95<\/p>\n<p>Indeks pr\u0119dko\u015bci : Y &#8211; 300 km\/h<\/p>\n<p>Karta informacyjna produktu : https:\/\/eprel.ec.europa.eu\/qr\/596596<\/p>\n","protected":false},"featured_media":14167,"template":"","meta":{"_uag_custom_page_level_css":""},"product_brand":[433],"product_cat":[414,418,413,412],"product_tag":[],"class_list":{"0":"post-14166","1":"product","2":"type-product","3":"status-publish","4":"has-post-thumbnail","6":"product_brand-pirelli","7":"product_cat-do-samochodow-osobowych-i-suv","8":"product_cat-letnie","9":"product_cat-opony","10":"product_cat-opony-i-felgi","12":"first","13":"instock","14":"shipping-taxable","15":"purchasable","16":"product-type-simple"},"uagb_featured_image_src":{"full":["https:\/\/oponixo.shop\/tire\/wp-content\/uploads\/2026\/01\/allegro-image-14166.jpg",1200,1126,false],"thumbnail":["https:\/\/oponixo.shop\/tire\/wp-content\/uploads\/2026\/01\/allegro-image-14166-150x150.jpg",150,150,true],"medium":["https:\/\/oponixo.shop\/tire\/wp-content\/uploads\/2026\/01\/allegro-image-14166-300x282.jpg",300,282,true],"medium_large":["https:\/\/oponixo.shop\/tire\/wp-content\/uploads\/2026\/01\/allegro-image-14166-768x721.jpg",768,721,true],"large":["https:\/\/oponixo.shop\/tire\/wp-content\/uploads\/2026\/01\/allegro-image-14166-1024x961.jpg",1024,961,true],"1536x1536":["https:\/\/oponixo.shop\/tire\/wp-content\/uploads\/2026\/01\/allegro-image-14166.jpg",1200,1126,false],"2048x2048":["https:\/\/oponixo.shop\/tire\/wp-content\/uploads\/2026\/01\/allegro-image-14166.jpg",1200,1126,false],"woocommerce_thumbnail":["https:\/\/oponixo.shop\/tire\/wp-content\/uploads\/2026\/01\/allegro-image-14166-300x300.jpg",300,300,true],"woocommerce_single":["https:\/\/oponixo.shop\/tire\/wp-content\/uploads\/2026\/01\/allegro-image-14166-600x563.jpg",600,563,true],"woocommerce_gallery_thumbnail":["https:\/\/oponixo.shop\/tire\/wp-content\/uploads\/2026\/01\/allegro-image-14166-100x100.jpg",100,100,true]},"uagb_author_info":{"display_name":"admin","author_link":"https:\/\/oponixo.shop\/tire\/author\/"},"uagb_comment_info":0,"uagb_excerpt":"Rok produkcji: 2024 PIRELLI Powergy 215\/50R17 95Y XL FR G0QRJG Data produkcji : 2024 Indeks : 215\/50R17 LOPI 95Y PWRGY Indeks no\u015bno\u015bci : 95 Indeks pr\u0119dko\u015bci : Y - 300 km\/h Karta informacyjna produktu : https:\/\/eprel.ec.europa.eu\/qr\/596596","_links":{"self":[{"href":"https:\/\/oponixo.shop\/tire\/wp-json\/wp\/v2\/product\/14166","targetHints":{"allow":["GET"]}}],"collection":[{"href":"https:\/\/oponixo.shop\/tire\/wp-json\/wp\/v2\/product"}],"about":[{"href":"https:\/\/oponixo.shop\/tire\/wp-json\/wp\/v2\/types\/product"}],"wp:featuredmedia":[{"embeddable":true,"href":"https:\/\/oponixo.shop\/tire\/wp-json\/wp\/v2\/media\/14167"}],"wp:attachment":[{"href":"https:\/\/oponixo.shop\/tire\/wp-json\/wp\/v2\/media?parent=14166"}],"wp:term":[{"taxonomy":"product_brand","embeddable":true,"href":"https:\/\/oponixo.shop\/tire\/wp-json\/wp\/v2\/product_brand?post=14166"},{"taxonomy":"product_cat","embeddable":true,"href":"https:\/\/oponixo.shop\/tire\/wp-json\/wp\/v2\/product_cat?post=14166"},{"taxonomy":"product_tag","embeddable":true,"href":"https:\/\/oponixo.shop\/tire\/wp-json\/wp\/v2\/product_tag?post=14166"}],"curies":[{"name":"wp","href":"https:\/\/api.w.org\/{rel}","templated":true}]}}