{"id":14174,"date":"2026-01-12T01:34:47","date_gmt":"2026-01-12T00:34:47","guid":{"rendered":"https:\/\/oponyspeed.shop\/xef5\/produkt\/2x-zeetex-hp2000-vfm-225-50r17-98-y\/"},"modified":"2026-01-12T01:34:47","modified_gmt":"2026-01-12T00:34:47","slug":"2x-zeetex-hp2000-vfm-225-50r17-98-y","status":"publish","type":"product","link":"https:\/\/oponixo.shop\/tire\/produkt\/2x-zeetex-hp2000-vfm-225-50r17-98-y\/","title":{"rendered":"2x ZEETEX HP2000 VFM 225\/50R17 98 Y"},"content":{"rendered":"<div style=\"font-family: Arial, sans-serif; line-height: 1.6; color: #333; padding: 20px; clear: both; display: block; width: 100%; float: none; position: static; overflow: hidden;\">\n<div style=\"clear: both; display: block; margin: 10px 0;\">\n<div style=\"clear: both; display: block; margin: 10px 0;\">\n<div style=\"clear: both; display: block; margin: 10px 0;\">\n<h2>2x ZEETEX HP2000 VFM 225\/50R17 98 Y<\/h2>\n<\/div>\n<\/div>\n<\/div>\n<div style=\"clear: both; display: block; margin: 10px 0;\">\n<div style=\"clear: both; display: block; margin: 10px 0;\">\n<div style=\"clear: both; display: block; margin: 10px 0;\">\n<div  style=\"max-width:920px;max-height:1120px\">\n<div style=\"clear: both; display: block; margin: 10px 0;\">\n<div style=\"clear: both; width: 100%; display: block; margin: 20px 0; padding: 0; float: none; position: static; text-align: center;\"><img decoding=\"async\"  src=\"https:\/\/a.allegroimg.com\/original\/117cd7\/baa403c1495bbe9a9247a1fc8675\/2x-ZEETEX-HP2000-VFM-225-50R17-98-Y\" srcset=\"https:\/\/a.allegroimg.com\/original\/117cd7\/baa403c1495bbe9a9247a1fc8675\/2x-ZEETEX-HP2000-VFM-225-50R17-98-Y 295w,https:\/\/a.allegroimg.com\/original\/117cd7\/baa403c1495bbe9a9247a1fc8675\/2x-ZEETEX-HP2000-VFM-225-50R17-98-Y 591w,https:\/\/a.allegroimg.com\/original\/117cd7\/baa403c1495bbe9a9247a1fc8675\/2x-ZEETEX-HP2000-VFM-225-50R17-98-Y 841w,https:\/\/a.allegroimg.com\/original\/117cd7\/baa403c1495bbe9a9247a1fc8675\/2x-ZEETEX-HP2000-VFM-225-50R17-98-Y 920w,https:\/\/a.allegroimg.com\/original\/117cd7\/baa403c1495bbe9a9247a1fc8675\/2x-ZEETEX-HP2000-VFM-225-50R17-98-Y 920w\" sizes=\"(min-width: 1200px) 560px, (min-width: 992px) 50vw, 100vw\" width=\"920px\" alt=\"2x ZEETEX HP2000 VFM 225\/50R17 98 Y\" style=\"max-width: 100%; height: auto; display: block; margin: 0 auto;\"><\/div>\n<\/div>\n<\/div>\n<\/div>\n<\/div>\n<div style=\"clear: both; display: block; margin: 10px 0;\">\n<div style=\"clear: both; display: block; margin: 10px 0;\">\n<h2>Letnie opony ZEETEX HP2000 VFM 225\/50 R17 98 Y<\/h2>\n<p style=\"margin: 15px 0; line-height: 1.8; clear: both; display: block; width: 100%; float: none; position: static;\">Opony ZEETEX HP2000 VFM to znacz\u0105cy model w portfolio producenta.&nbsp;<\/p>\n<p style=\"margin: 15px 0; line-height: 1.8; clear: both; display: block; width: 100%; float: none; position: static;\">Charakteryzuje si\u0119 optymalnym oporem toczenia. Opony klasy ekonomicznej maj\u0105 \u015bwietny stosunek jako\u015bci do ceny.<\/p>\n<ul style=\"margin: 15px 0; padding-left: 20px; clear: both; display: block; width: 100%; float: none; position: static;\">\n<li style=\"margin: 5px 0; padding: 2px 0; clear: both; display: list-item; float: none; position: static;\"><b>Stan:<\/b>&nbsp;Nowy<\/li>\n<li style=\"margin: 5px 0; padding: 2px 0; clear: both; display: list-item; float: none; position: static;\"><b>EAN:<\/b>&nbsp;6290300040101<\/li>\n<li style=\"margin: 5px 0; padding: 2px 0; clear: both; display: list-item; float: none; position: static;\"><b>Producent:<\/b> ZEETEX<\/li>\n<li style=\"margin: 5px 0; padding: 2px 0; clear: both; display: list-item; float: none; position: static;\"><b>Model:<\/b> HP2000 VFM<\/li>\n<li style=\"margin: 5px 0; padding: 2px 0; clear: both; display: list-item; float: none; position: static;\"><b>Rozmiar:<\/b> 225\/50 R17<\/li>\n<li style=\"margin: 5px 0; padding: 2px 0; clear: both; display: list-item; float: none; position: static;\"><b>Indeks no\u015bno\u015bci:<\/b> 98<\/li>\n<li style=\"margin: 5px 0; padding: 2px 0; clear: both; display: list-item; float: none; position: static;\"><b>Indeks pr\u0119dko\u015bci:<\/b> Y<\/li>\n<li style=\"margin: 5px 0; padding: 2px 0; clear: both; display: list-item; float: none; position: static;\"><b>Ha\u0142as db:<\/b>&nbsp;70<\/li>\n<li style=\"margin: 5px 0; padding: 2px 0; clear: both; display: list-item; float: none; position: static;\"><b>Sezon:<\/b> Letnie<\/li>\n<li style=\"margin: 5px 0; padding: 2px 0; clear: both; display: list-item; float: none; position: static;\"><b>Rok produkcji:<\/b> nie starsze ni\u017c 36 miesi\u0119cy<\/li>\n<li style=\"margin: 5px 0; padding: 2px 0; clear: both; display: list-item; float: none; position: static;\"><b>Przeznaczenie:<\/b> Osobowe<\/li>\n<li style=\"margin: 5px 0; padding: 2px 0; clear: both; display: list-item; float: none; position: static;\"><b>Kl. przycz. na mokrej naw.:<\/b>&nbsp;B<\/li>\n<li style=\"margin: 5px 0; padding: 2px 0; clear: both; display: list-item; float: none; position: static;\"><b>Kl. efekt. paliwowej:&nbsp;<\/b>C<\/li>\n<\/ul>\n<\/div>\n<\/div>\n<\/div>\n<div style=\"clear: both; display: block; margin: 10px 0;\">\n<div style=\"clear: both; display: block; margin: 10px 0;\">\n<div style=\"clear: both; display: block; margin: 10px 0;\">\n<div  style=\"max-width:600px;max-height:181px\">\n<div style=\"clear: both; display: block; margin: 10px 0;\">\n<div style=\"clear: both; width: 100%; display: block; margin: 20px 0; padding: 0; float: none; position: static; text-align: center;\"><img decoding=\"async\"  src=\"https:\/\/a.allegroimg.com\/original\/112b46\/be8596f449439cf99de5490a6d7e\/2x-ZEETEX-HP2000-VFM-225-50R17-98-Y-Liczba-opon-w-ofercie-2-szt\" srcset=\"https:\/\/a.allegroimg.com\/original\/112b46\/be8596f449439cf99de5490a6d7e\/2x-ZEETEX-HP2000-VFM-225-50R17-98-Y-Liczba-opon-w-ofercie-2-szt 360w,https:\/\/a.allegroimg.com\/original\/112b46\/be8596f449439cf99de5490a6d7e\/2x-ZEETEX-HP2000-VFM-225-50R17-98-Y-Liczba-opon-w-ofercie-2-szt 600w,https:\/\/a.allegroimg.com\/original\/112b46\/be8596f449439cf99de5490a6d7e\/2x-ZEETEX-HP2000-VFM-225-50R17-98-Y-Liczba-opon-w-ofercie-2-szt 600w\" sizes=\"100vw\" width=\"600px\" alt=\"2x ZEETEX HP2000 VFM 225\/50R17 98 Y Liczba opon w ofercie 2 szt.\" style=\"max-width: 100%; height: auto; display: block; margin: 0 auto;\"><\/div>\n<\/div>\n<\/div>\n<\/div>\n<\/div>\n<\/div>\n<div style=\"clear: both; display: block; margin: 10px 0;\">\n<div style=\"clear: both; display: block; margin: 10px 0;\">\n<div style=\"clear: both; display: block; margin: 10px 0;\">\n<p style=\"margin: 15px 0; line-height: 1.8; clear: both; display: block; width: 100%; float: none; position: static;\">Marka Zeetex zosta\u0142a za\u0142o\u017cona w 2005 roku i jest cz\u0119\u015bci\u0105 grupy Asia Pacific Resources International Limited (APRIL), kt\u00f3rej siedziba znajduje si\u0119 w Singapurze. Od momentu swojego powstania, firma Zeetex szybko rozwin\u0119\u0142a si\u0119 na mi\u0119dzynarodowym rynku oponiarskim.<\/p>\n<p style=\"margin: 15px 0; line-height: 1.8; clear: both; display: block; width: 100%; float: none; position: static;\">Fiema oferuje szerok\u0105 gam\u0119 opon przeznaczonych do r\u00f3\u017cnych rodzaj\u00f3w pojazd\u00f3w, w tym opony do samochod\u00f3w osobowych, SUV-\u00f3w, ci\u0119\u017car\u00f3wek, autobus\u00f3w, a tak\u017ce opony do pojazd\u00f3w rolniczych i przemys\u0142owych. Marka ta dostarcza opony letnie, zimowe i ca\u0142oroczne, aby sprosta\u0107 r\u00f3\u017cnorodnym potrzebom kierowc\u00f3w.<\/p>\n<p style=\"margin: 15px 0; line-height: 1.8; clear: both; display: block; width: 100%; float: none; position: static;\">Zeetex d\u0105\u017cy do ci\u0105g\u0142ego rozwoju i innowacji w dziedzinie oponiarskiej. Firma inwestuje w badania i rozw\u00f3j, aby zapewni\u0107 nowoczesne rozwi\u0105zania, popraw\u0119 wydajno\u015bci i bezpiecze\u0144stwo na drodze.&nbsp;Marka Zeetex anga\u017cuje si\u0119 w dzia\u0142ania na rzecz zr\u00f3wnowa\u017conego rozwoju i odpowiedzialno\u015bci spo\u0142ecznej. Staraj\u0105 si\u0119 zmniejszy\u0107 wp\u0142yw swojej dzia\u0142alno\u015bci na \u015brodowisko poprzez dba\u0142o\u015b\u0107 o ekologiczne procesy produkcyjne.<\/p>\n<\/div>\n<\/div>\n<\/div>\n<div style=\"clear: both; display: block; margin: 10px 0;\">\n<div style=\"clear: both; display: block; margin: 10px 0;\">\n<div style=\"clear: both; display: block; margin: 10px 0;\">\n<div  style=\"max-width:1200px;max-height:1758px\">\n<div style=\"clear: both; display: block; margin: 10px 0;\">\n<div style=\"clear: both; width: 100%; display: block; margin: 20px 0; padding: 0; float: none; position: static; text-align: center;\"><img decoding=\"async\"  src=\"https:\/\/a.allegroimg.com\/original\/11b50a\/f44426984cde86eb6339468fb159\/2x-ZEETEX-HP2000-VFM-225-50R17-98-Y-Marka-Zeetex\" srcset=\"https:\/\/a.allegroimg.com\/original\/11b50a\/f44426984cde86eb6339468fb159\/2x-ZEETEX-HP2000-VFM-225-50R17-98-Y-Marka-Zeetex 245w,https:\/\/a.allegroimg.com\/original\/11b50a\/f44426984cde86eb6339468fb159\/2x-ZEETEX-HP2000-VFM-225-50R17-98-Y-Marka-Zeetex 491w,https:\/\/a.allegroimg.com\/original\/11b50a\/f44426984cde86eb6339468fb159\/2x-ZEETEX-HP2000-VFM-225-50R17-98-Y-Marka-Zeetex 698w,https:\/\/a.allegroimg.com\/original\/11b50a\/f44426984cde86eb6339468fb159\/2x-ZEETEX-HP2000-VFM-225-50R17-98-Y-Marka-Zeetex 982w,https:\/\/a.allegroimg.com\/original\/11b50a\/f44426984cde86eb6339468fb159\/2x-ZEETEX-HP2000-VFM-225-50R17-98-Y-Marka-Zeetex 1200w\" sizes=\"(min-width: 1200px) 560px, (min-width: 992px) 50vw, 100vw\" width=\"1200px\" alt=\"2x ZEETEX HP2000 VFM 225\/50R17 98 Y Marka Zeetex\" style=\"max-width: 100%; height: auto; display: block; margin: 0 auto;\"><\/div>\n<\/div>\n<\/div>\n<\/div>\n<\/div>\n<div style=\"clear: both; display: block; margin: 10px 0;\">\n<div style=\"clear: both; display: block; margin: 10px 0;\">\n<p style=\"margin: 15px 0; line-height: 1.8; clear: both; display: block; width: 100%; float: none; position: static;\">Dlaczego warto kupowa\u0107 u Nas ?<\/p>\n<p style=\"margin: 15px 0; line-height: 1.8; clear: both; display: block; width: 100%; float: none; position: static;\">Jeste\u015bmy firm\u0105, kt\u00f3ra na podstawie wieloletniego do\u015bwiadczenia z zaanga\u017cowaniem pomaga klientom w doborze oraz kupnie opon.<\/p>\n<p style=\"margin: 15px 0; line-height: 1.8; clear: both; display: block; width: 100%; float: none; position: static;\">Posiadamy szerok\u0105 game opon do aut osobowych, dostawczych, cie\u017carowych, motocyki jak i opon przemys\u0142owych.<\/p>\n<p style=\"margin: 15px 0; line-height: 1.8; clear: both; display: block; width: 100%; float: none; position: static;\">Gwarancja satysfakcjii oraz bezpiecznie przejechanych kilometr\u00f3w.<\/p>\n<p style=\"margin: 15px 0; line-height: 1.8; clear: both; display: block; width: 100%; float: none; position: static;\">Zosta\u0144 naszym kolejnym zadowolonym klientem.<\/p>\n<p style=\"margin: 15px 0; line-height: 1.8; clear: both; display: block; width: 100%; float: none; position: static;\">ZAPRASZAMY DO ZAKUP\u00d3W.<\/p>\n<\/div>\n<\/div>\n<\/div>\n<\/div>\n<\/div>\n<\/div>\n<div style=\"clear: both; display: block; margin: 10px 0;\">\n","protected":false},"excerpt":{"rendered":"<p>2x ZEETEX HP2000 VFM 225\/50R17 98 Y<\/p>\n<p>Letnie opony ZEETEX HP2000 VFM 225\/50 R17 98 Y<\/p>\n<p>Opony ZEETEX HP2000 VFM to znacz\u0105cy model w portfolio producenta.&nbsp;<\/p>\n<p>Charakteryzuje si\u0119 optymalnym oporem toczenia. Opony klasy ekonomicznej maj\u0105 \u015bwietny stosunek jako\u015bci do ceny.<\/p>\n<p>Stan:&nbsp;Nowy<\/p>\n<p>EAN:&nbsp;6290300040101<\/p>\n<p>Producent: ZEETEX<\/p>\n<p>Model: HP2000 VFM<\/p>\n","protected":false},"featured_media":14175,"template":"","meta":{"_uag_custom_page_level_css":""},"product_brand":[455],"product_cat":[414,418,413,412],"product_tag":[],"class_list":{"0":"post-14174","1":"product","2":"type-product","3":"status-publish","4":"has-post-thumbnail","6":"product_brand-zeetex","7":"product_cat-do-samochodow-osobowych-i-suv","8":"product_cat-letnie","9":"product_cat-opony","10":"product_cat-opony-i-felgi","12":"first","13":"instock","14":"shipping-taxable","15":"purchasable","16":"product-type-simple"},"uagb_featured_image_src":{"full":["https:\/\/oponixo.shop\/tire\/wp-content\/uploads\/2026\/01\/allegro-image-14174.jpg",920,1120,false],"thumbnail":["https:\/\/oponixo.shop\/tire\/wp-content\/uploads\/2026\/01\/allegro-image-14174-150x150.jpg",150,150,true],"medium":["https:\/\/oponixo.shop\/tire\/wp-content\/uploads\/2026\/01\/allegro-image-14174-246x300.jpg",246,300,true],"medium_large":["https:\/\/oponixo.shop\/tire\/wp-content\/uploads\/2026\/01\/allegro-image-14174-768x935.jpg",768,935,true],"large":["https:\/\/oponixo.shop\/tire\/wp-content\/uploads\/2026\/01\/allegro-image-14174-841x1024.jpg",841,1024,true],"1536x1536":["https:\/\/oponixo.shop\/tire\/wp-content\/uploads\/2026\/01\/allegro-image-14174.jpg",920,1120,false],"2048x2048":["https:\/\/oponixo.shop\/tire\/wp-content\/uploads\/2026\/01\/allegro-image-14174.jpg",920,1120,false],"woocommerce_thumbnail":["https:\/\/oponixo.shop\/tire\/wp-content\/uploads\/2026\/01\/allegro-image-14174-300x300.jpg",300,300,true],"woocommerce_single":["https:\/\/oponixo.shop\/tire\/wp-content\/uploads\/2026\/01\/allegro-image-14174-600x730.jpg",600,730,true],"woocommerce_gallery_thumbnail":["https:\/\/oponixo.shop\/tire\/wp-content\/uploads\/2026\/01\/allegro-image-14174-100x100.jpg",100,100,true]},"uagb_author_info":{"display_name":"admin","author_link":"https:\/\/oponixo.shop\/tire\/author\/"},"uagb_comment_info":0,"uagb_excerpt":"2x ZEETEX HP2000 VFM 225\/50R17 98 Y Letnie opony ZEETEX HP2000 VFM 225\/50 R17 98 Y Opony ZEETEX HP2000 VFM to znacz\u0105cy model w portfolio producenta.&nbsp; Charakteryzuje si\u0119 optymalnym oporem toczenia. Opony klasy ekonomicznej maj\u0105 \u015bwietny stosunek jako\u015bci do ceny. Stan:&nbsp;Nowy EAN:&nbsp;6290300040101 Producent: ZEETEX Model: HP2000 VFM","_links":{"self":[{"href":"https:\/\/oponixo.shop\/tire\/wp-json\/wp\/v2\/product\/14174","targetHints":{"allow":["GET"]}}],"collection":[{"href":"https:\/\/oponixo.shop\/tire\/wp-json\/wp\/v2\/product"}],"about":[{"href":"https:\/\/oponixo.shop\/tire\/wp-json\/wp\/v2\/types\/product"}],"wp:featuredmedia":[{"embeddable":true,"href":"https:\/\/oponixo.shop\/tire\/wp-json\/wp\/v2\/media\/14175"}],"wp:attachment":[{"href":"https:\/\/oponixo.shop\/tire\/wp-json\/wp\/v2\/media?parent=14174"}],"wp:term":[{"taxonomy":"product_brand","embeddable":true,"href":"https:\/\/oponixo.shop\/tire\/wp-json\/wp\/v2\/product_brand?post=14174"},{"taxonomy":"product_cat","embeddable":true,"href":"https:\/\/oponixo.shop\/tire\/wp-json\/wp\/v2\/product_cat?post=14174"},{"taxonomy":"product_tag","embeddable":true,"href":"https:\/\/oponixo.shop\/tire\/wp-json\/wp\/v2\/product_tag?post=14174"}],"curies":[{"name":"wp","href":"https:\/\/api.w.org\/{rel}","templated":true}]}}