{"id":14184,"date":"2026-01-12T01:34:49","date_gmt":"2026-01-12T00:34:49","guid":{"rendered":"https:\/\/oponyspeed.shop\/xef5\/produkt\/opona-letnia-hankook-ventus-s1-evo3-k127-245-40r19-98-y-wzmocnienie-xl-bmw\/"},"modified":"2026-01-12T01:34:50","modified_gmt":"2026-01-12T00:34:50","slug":"opona-letnia-hankook-ventus-s1-evo3-k127-245-40r19-98-y-wzmocnienie-xl-bmw","status":"publish","type":"product","link":"https:\/\/oponixo.shop\/tire\/produkt\/opona-letnia-hankook-ventus-s1-evo3-k127-245-40r19-98-y-wzmocnienie-xl-bmw\/","title":{"rendered":"Opona letnia Hankook Ventus S1 evo3 K127 245\/40R19 98 Y wzmocnienie XL BMW"},"content":{"rendered":"<div style=\"font-family: Arial, sans-serif; line-height: 1.6; color: #333; padding: 20px; clear: both; display: block; width: 100%; float: none; position: static; overflow: hidden;\">\n<div style=\"clear: both; display: block; margin: 10px 0;\">\n<div style=\"clear: both; display: block; margin: 10px 0;\">\n<div style=\"clear: both; display: block; margin: 10px 0;\">\n<p style=\"margin: 15px 0; line-height: 1.8; clear: both; display: block; width: 100%; float: none; position: static;\">Opona Hankook Ventus S1 evo3 K127 245\/40R19 98 Y wzmocnienie (XL) * &#8211; BMW<\/p>\n<p style=\"margin: 15px 0; line-height: 1.8; clear: both; display: block; width: 100%; float: none; position: static;\">Cechy produktu:<\/p>\n<ul style=\"margin: 15px 0; padding-left: 20px; clear: both; display: block; width: 100%; float: none; position: static;\">\n<li style=\"margin: 5px 0; padding: 2px 0; clear: both; display: list-item; float: none; position: static;\">Marka:&nbsp;Hankook<\/li>\n<li style=\"margin: 5px 0; padding: 2px 0; clear: both; display: list-item; float: none; position: static;\">Szeroko\u015b\u0107 opony:&nbsp;245 mm<\/li>\n<li style=\"margin: 5px 0; padding: 2px 0; clear: both; display: list-item; float: none; position: static;\">Profil opony:&nbsp;40<\/li>\n<li style=\"margin: 5px 0; padding: 2px 0; clear: both; display: list-item; float: none; position: static;\">\u015arednica:&nbsp;19&#8243;<\/li>\n<li style=\"margin: 5px 0; padding: 2px 0; clear: both; display: list-item; float: none; position: static;\">Model:&nbsp;ventus S1 evo3 K127<\/li>\n<li style=\"margin: 5px 0; padding: 2px 0; clear: both; display: list-item; float: none; position: static;\">Indeks pr\u0119dko\u015bci:&nbsp;Y do 300 km\/h<\/li>\n<li style=\"margin: 5px 0; padding: 2px 0; clear: both; display: list-item; float: none; position: static;\">Indeks no\u015bno\u015bci:&nbsp;98 &#8211; 750 kg<\/li>\n<li style=\"margin: 5px 0; padding: 2px 0; clear: both; display: list-item; float: none; position: static;\">Op\u00f3r toczenia:&nbsp;Klasa A<\/li>\n<li style=\"margin: 5px 0; padding: 2px 0; clear: both; display: list-item; float: none; position: static;\">Przyczepno\u015b\u0107 na mokrej nawierzchni: Klasa A<\/li>\n<li style=\"margin: 5px 0; padding: 2px 0; clear: both; display: list-item; float: none; position: static;\">Poziom ha\u0142asu zewn\u0119trznego:&nbsp;A<\/li>\n<li style=\"margin: 5px 0; padding: 2px 0; clear: both; display: list-item; float: none; position: static;\">Ha\u0142as zewn\u0119trzny:&nbsp;69 dB<\/li>\n<li style=\"margin: 5px 0; padding: 2px 0; clear: both; display: list-item; float: none; position: static;\">Homologacja:&nbsp;* &#8211; BMW<\/li>\n<li style=\"margin: 5px 0; padding: 2px 0; clear: both; display: list-item; float: none; position: static;\">Informacje dodatkowe:&nbsp;wzmocnienie (XL)<\/li>\n<li style=\"margin: 5px 0; padding: 2px 0; clear: both; display: list-item; float: none; position: static;\">Sezon: Letnie<\/li>\n<li style=\"margin: 5px 0; padding: 2px 0; clear: both; display: list-item; float: none; position: static;\">Rok produkcji: 2024<\/li>\n<\/ul>\n<\/div>\n<\/div>\n<div style=\"clear: both; display: block; margin: 10px 0;\">\n<div style=\"clear: both; display: block; margin: 10px 0;\">\n<div  style=\"max-width:500px;max-height:568px\">\n<div style=\"clear: both; display: block; margin: 10px 0;\">\n<div style=\"clear: both; width: 100%; display: block; margin: 20px 0; padding: 0; float: none; position: static; text-align: center;\"><img decoding=\"async\"  src=\"https:\/\/a.allegroimg.com\/original\/009fb7\/d530ca3c40c4b368ec35917d5ce3\/Opona-letnia-Hankook-Ventus-S1-evo3-K127-245-40R19-98-Y-wzmocnienie-XL-BMW\" srcset=\"https:\/\/a.allegroimg.com\/original\/009fb7\/d530ca3c40c4b368ec35917d5ce3\/Opona-letnia-Hankook-Ventus-S1-evo3-K127-245-40R19-98-Y-wzmocnienie-XL-BMW 316w,https:\/\/a.allegroimg.com\/original\/009fb7\/d530ca3c40c4b368ec35917d5ce3\/Opona-letnia-Hankook-Ventus-S1-evo3-K127-245-40R19-98-Y-wzmocnienie-XL-BMW 500w,https:\/\/a.allegroimg.com\/original\/009fb7\/d530ca3c40c4b368ec35917d5ce3\/Opona-letnia-Hankook-Ventus-S1-evo3-K127-245-40R19-98-Y-wzmocnienie-XL-BMW 500w\" sizes=\"(min-width: 1200px) 560px, (min-width: 992px) 50vw, 100vw\" width=\"500px\" alt=\"Opona letnia Hankook Ventus S1 evo3 K127 245\/40R19 98 Y wzmocnienie XL BMW\" style=\"max-width: 100%; height: auto; display: block; margin: 0 auto;\"><\/div>\n<\/div>\n<\/div>\n<\/div>\n<\/div>\n<\/div>\n<div style=\"clear: both; display: block; margin: 10px 0;\">\n<div style=\"clear: both; display: block; margin: 10px 0;\">\n<div style=\"clear: both; display: block; margin: 10px 0;\">\n<div  style=\"max-width:500px;max-height:568px\">\n<div style=\"clear: both; display: block; margin: 10px 0;\">\n<div style=\"clear: both; width: 100%; display: block; margin: 20px 0; padding: 0; float: none; position: static; text-align: center;\"><img decoding=\"async\"  src=\"https:\/\/a.allegroimg.com\/original\/00f8f6\/949e73c44bee8a21ef0dde2bb300\/Opona-letnia-Hankook-Ventus-S1-evo3-K127-245-40R19-98-Y-wzmocnienie-XL-BMW-Kod-producenta-1025923\" srcset=\"https:\/\/a.allegroimg.com\/original\/00f8f6\/949e73c44bee8a21ef0dde2bb300\/Opona-letnia-Hankook-Ventus-S1-evo3-K127-245-40R19-98-Y-wzmocnienie-XL-BMW-Kod-producenta-1025923 316w,https:\/\/a.allegroimg.com\/original\/00f8f6\/949e73c44bee8a21ef0dde2bb300\/Opona-letnia-Hankook-Ventus-S1-evo3-K127-245-40R19-98-Y-wzmocnienie-XL-BMW-Kod-producenta-1025923 500w,https:\/\/a.allegroimg.com\/original\/00f8f6\/949e73c44bee8a21ef0dde2bb300\/Opona-letnia-Hankook-Ventus-S1-evo3-K127-245-40R19-98-Y-wzmocnienie-XL-BMW-Kod-producenta-1025923 500w\" sizes=\"(min-width: 1200px) 560px, (min-width: 992px) 50vw, 100vw\" width=\"500px\" alt=\"Opona letnia Hankook Ventus S1 evo3 K127 245\/40R19 98 Y wzmocnienie XL BMW Kod producenta 1025923\" style=\"max-width: 100%; height: auto; display: block; margin: 0 auto;\"><\/div>\n<\/div>\n<\/div>\n<\/div>\n<\/div>\n<div style=\"clear: both; display: block; margin: 10px 0;\">\n<div style=\"clear: both; display: block; margin: 10px 0;\">\n<div  style=\"max-width:886px;max-height:1299px\">\n<div style=\"clear: both; display: block; margin: 10px 0;\">\n<div style=\"clear: both; width: 100%; display: block; margin: 20px 0; padding: 0; float: none; position: static; text-align: center;\"><img decoding=\"async\"  src=\"https:\/\/a.allegroimg.com\/original\/11df80\/e0bd5a4644998b71b896b3cff0c8\/Opona-letnia-Hankook-Ventus-S1-evo3-K127-245-40R19-98-Y-wzmocnienie-XL-BMW-Model-Ventus-S1-evo3-K127\" srcset=\"https:\/\/a.allegroimg.com\/original\/11df80\/e0bd5a4644998b71b896b3cff0c8\/Opona-letnia-Hankook-Ventus-S1-evo3-K127-245-40R19-98-Y-wzmocnienie-XL-BMW-Model-Ventus-S1-evo3-K127 245w,https:\/\/a.allegroimg.com\/original\/11df80\/e0bd5a4644998b71b896b3cff0c8\/Opona-letnia-Hankook-Ventus-S1-evo3-K127-245-40R19-98-Y-wzmocnienie-XL-BMW-Model-Ventus-S1-evo3-K127 491w,https:\/\/a.allegroimg.com\/original\/11df80\/e0bd5a4644998b71b896b3cff0c8\/Opona-letnia-Hankook-Ventus-S1-evo3-K127-245-40R19-98-Y-wzmocnienie-XL-BMW-Model-Ventus-S1-evo3-K127 698w,https:\/\/a.allegroimg.com\/original\/11df80\/e0bd5a4644998b71b896b3cff0c8\/Opona-letnia-Hankook-Ventus-S1-evo3-K127-245-40R19-98-Y-wzmocnienie-XL-BMW-Model-Ventus-S1-evo3-K127 886w,https:\/\/a.allegroimg.com\/original\/11df80\/e0bd5a4644998b71b896b3cff0c8\/Opona-letnia-Hankook-Ventus-S1-evo3-K127-245-40R19-98-Y-wzmocnienie-XL-BMW-Model-Ventus-S1-evo3-K127 886w\" sizes=\"(min-width: 1200px) 560px, (min-width: 992px) 50vw, 100vw\" width=\"886px\" alt=\"Opona letnia Hankook Ventus S1 evo3 K127 245\/40R19 98 Y wzmocnienie XL BMW Model Ventus S1 evo3 K127\" style=\"max-width: 100%; height: auto; display: block; margin: 0 auto;\"><\/div>\n<\/div>\n<\/div>\n<\/div>\n<\/div>\n<\/div>\n<\/div>\n<\/div>\n<\/div>\n<div style=\"clear: both; display: block; margin: 10px 0;\">\n","protected":false},"excerpt":{"rendered":"<p>Opona Hankook Ventus S1 evo3 K127 245\/40R19 98 Y wzmocnienie (XL) * &#8211; BMW<\/p>\n<p>Cechy produktu:<\/p>\n<p>Marka:&nbsp;Hankook<\/p>\n<p>Szeroko\u015b\u0107 opony:&nbsp;245 mm<\/p>\n<p>Profil opony:&nbsp;40<\/p>\n<p>\u015arednica:&nbsp;19&quot;<\/p>\n<p>Model:&nbsp;ventus S1 evo3 K127<\/p>\n<p>Indeks pr\u0119dko\u015bci:&nbsp;Y do 300 km\/h<\/p>\n","protected":false},"featured_media":14185,"template":"","meta":{"_uag_custom_page_level_css":""},"product_brand":[411],"product_cat":[414,418,413,412],"product_tag":[],"class_list":{"0":"post-14184","1":"product","2":"type-product","3":"status-publish","4":"has-post-thumbnail","6":"product_brand-hankook","7":"product_cat-do-samochodow-osobowych-i-suv","8":"product_cat-letnie","9":"product_cat-opony","10":"product_cat-opony-i-felgi","12":"first","13":"instock","14":"shipping-taxable","15":"purchasable","16":"product-type-simple"},"uagb_featured_image_src":{"full":["https:\/\/oponixo.shop\/tire\/wp-content\/uploads\/2026\/01\/allegro-image-14184.jpg",500,568,false],"thumbnail":["https:\/\/oponixo.shop\/tire\/wp-content\/uploads\/2026\/01\/allegro-image-14184-150x150.jpg",150,150,true],"medium":["https:\/\/oponixo.shop\/tire\/wp-content\/uploads\/2026\/01\/allegro-image-14184-264x300.jpg",264,300,true],"medium_large":["https:\/\/oponixo.shop\/tire\/wp-content\/uploads\/2026\/01\/allegro-image-14184.jpg",500,568,false],"large":["https:\/\/oponixo.shop\/tire\/wp-content\/uploads\/2026\/01\/allegro-image-14184.jpg",500,568,false],"1536x1536":["https:\/\/oponixo.shop\/tire\/wp-content\/uploads\/2026\/01\/allegro-image-14184.jpg",500,568,false],"2048x2048":["https:\/\/oponixo.shop\/tire\/wp-content\/uploads\/2026\/01\/allegro-image-14184.jpg",500,568,false],"woocommerce_thumbnail":["https:\/\/oponixo.shop\/tire\/wp-content\/uploads\/2026\/01\/allegro-image-14184-300x300.jpg",300,300,true],"woocommerce_single":["https:\/\/oponixo.shop\/tire\/wp-content\/uploads\/2026\/01\/allegro-image-14184.jpg",500,568,false],"woocommerce_gallery_thumbnail":["https:\/\/oponixo.shop\/tire\/wp-content\/uploads\/2026\/01\/allegro-image-14184-100x100.jpg",100,100,true]},"uagb_author_info":{"display_name":"admin","author_link":"https:\/\/oponixo.shop\/tire\/author\/"},"uagb_comment_info":0,"uagb_excerpt":"Opona Hankook Ventus S1 evo3 K127 245\/40R19 98 Y wzmocnienie (XL) * - BMW Cechy produktu: Marka:&nbsp;Hankook Szeroko\u015b\u0107 opony:&nbsp;245 mm Profil opony:&nbsp;40 \u015arednica:&nbsp;19&quot; Model:&nbsp;ventus S1 evo3 K127 Indeks pr\u0119dko\u015bci:&nbsp;Y do 300 km\/h","_links":{"self":[{"href":"https:\/\/oponixo.shop\/tire\/wp-json\/wp\/v2\/product\/14184","targetHints":{"allow":["GET"]}}],"collection":[{"href":"https:\/\/oponixo.shop\/tire\/wp-json\/wp\/v2\/product"}],"about":[{"href":"https:\/\/oponixo.shop\/tire\/wp-json\/wp\/v2\/types\/product"}],"wp:featuredmedia":[{"embeddable":true,"href":"https:\/\/oponixo.shop\/tire\/wp-json\/wp\/v2\/media\/14185"}],"wp:attachment":[{"href":"https:\/\/oponixo.shop\/tire\/wp-json\/wp\/v2\/media?parent=14184"}],"wp:term":[{"taxonomy":"product_brand","embeddable":true,"href":"https:\/\/oponixo.shop\/tire\/wp-json\/wp\/v2\/product_brand?post=14184"},{"taxonomy":"product_cat","embeddable":true,"href":"https:\/\/oponixo.shop\/tire\/wp-json\/wp\/v2\/product_cat?post=14184"},{"taxonomy":"product_tag","embeddable":true,"href":"https:\/\/oponixo.shop\/tire\/wp-json\/wp\/v2\/product_tag?post=14184"}],"curies":[{"name":"wp","href":"https:\/\/api.w.org\/{rel}","templated":true}]}}