{"id":14186,"date":"2026-01-12T01:34:50","date_gmt":"2026-01-12T00:34:50","guid":{"rendered":"https:\/\/oponyspeed.shop\/xef5\/produkt\/2x-arivo-185-65r15-premio-arz-1-88h\/"},"modified":"2026-01-12T01:34:50","modified_gmt":"2026-01-12T00:34:50","slug":"2x-arivo-185-65r15-premio-arz-1-88h","status":"publish","type":"product","link":"https:\/\/oponixo.shop\/tire\/produkt\/2x-arivo-185-65r15-premio-arz-1-88h\/","title":{"rendered":"2x Arivo 185\/65R15 PREMIO ARZ 1 88H"},"content":{"rendered":"<div style=\"font-family: Arial, sans-serif; line-height: 1.6; color: #333; padding: 20px; clear: both; display: block; width: 100%; float: none; position: static; overflow: hidden;\">\n<div style=\"clear: both; display: block; margin: 10px 0;\">\n<div style=\"clear: both; display: block; margin: 10px 0;\">\n<div style=\"clear: both; display: block; margin: 10px 0;\">\n<h2>Opona letnia Arivo PREMIO ARZ 1 185\/65R15 88H<\/h2>\n<p style=\"margin: 15px 0; line-height: 1.8; clear: both; display: block; width: 100%; float: none; position: static;\"><b>Arivo&nbsp;<\/b><b>PREMIO ARZ 1<\/b>&nbsp;to opona letnia klasy ekonomicznej. Jest przeznaczona do samochod\u00f3w osobowych.<\/p>\n<p style=\"margin: 15px 0; line-height: 1.8; clear: both; display: block; width: 100%; float: none; position: static;\">Opona jest wyposa\u017cona w symetryczny bie\u017cnik o atrakcyjnym wygl\u0105dzie.<\/p>\n<p style=\"margin: 15px 0; line-height: 1.8; clear: both; display: block; width: 100%; float: none; position: static;\">Szerokie rowki obwodowe szybko odprowadzaj\u0105 wod\u0119 przez co ryzyko powstania zjawiska aquaplaningu spada.<\/p>\n<p style=\"margin: 15px 0; line-height: 1.8; clear: both; display: block; width: 100%; float: none; position: static;\">Rowki poprzeczne pomagaj\u0105 w usuwaniu wody na mokrej nawierzchni dzi\u0119ki czemu skr\u00f3cono drog\u0119 hamowania.<\/p>\n<p style=\"margin: 15px 0; line-height: 1.8; clear: both; display: block; width: 100%; float: none; position: static;\">\u017bebro \u015brodkowe i klocki w \u015brodkowej cz\u0119\u015bci bie\u017cnika odpowiadaj\u0105 za stabiln\u0105 i pewn\u0105 jazd\u0119.<\/p>\n<p style=\"margin: 15px 0; line-height: 1.8; clear: both; display: block; width: 100%; float: none; position: static;\">Solidne klocki barkowe pozwalaj\u0105 na dobre manewrowanie.<\/p>\n<p style=\"margin: 15px 0; line-height: 1.8; clear: both; display: block; width: 100%; float: none; position: static;\">Dobra trakcja to zas\u0142uga odpowiedniego wzoru bie\u017cnika. Przylega on odpowiednio do drogi. Poprawia to r\u00f3wnie\u017c opory toczenia oraz komfort jazdy.<\/p>\n<p style=\"margin: 15px 0; line-height: 1.8; clear: both; display: block; width: 100%; float: none; position: static;\"><b>Opona Arivo&nbsp;<\/b><b>PREMIO ARZ 1<\/b>&nbsp;to opona w korzystnej cenie zapewniaj\u0105ca odpowiednie parametry jezdne.<\/p>\n<p style=\"margin: 15px 0; line-height: 1.8; clear: both; display: block; width: 100%; float: none; position: static;\">Arivo to klasyczne s\u0142owo okre\u015blaj\u0105ce przyjazd, oznacza \u201eGdziekolwiek si\u0119 udasz, nasze opony zabior\u0105 Ci\u0119 do celu\u201d. Wygl\u0105d i oryginalno\u015b\u0107 marki Arivo pochodz\u0105 z Wielkiej Brytanii.<\/p>\n<p style=\"margin: 15px 0; line-height: 1.8; clear: both; display: block; width: 100%; float: none; position: static;\">ARIVO TIRE jest produkowany dla samochod\u00f3w osobowych, SUV-\u00f3w, lekkich ci\u0119\u017car\u00f3wek i pojazd\u00f3w u\u017cytkowych z w\u0142asnym unikalnym asortymentem, kt\u00f3ry szybko rozszerza si\u0119 dzi\u0119ki zaawansowanej europejskiej technologii projektowania i produkcji. Wszystkie opony posiadaj\u0105 \u015bcis\u0142\u0105 kontrol\u0119 jako\u015bci i uzyska\u0142y certyfikat systemu zarz\u0105dzania jako\u015bci\u0105 ISO9001 i ISO\/16949.<\/p>\n","protected":false},"excerpt":{"rendered":"<p>Opona letnia Arivo PREMIO ARZ 1 185\/65R15 88H<\/p>\n<p>Arivo&nbsp;PREMIO ARZ 1&nbsp;to opona letnia klasy ekonomicznej. Jest przeznaczona do samochod\u00f3w osobowych.<\/p>\n<p>Opona jest wyposa\u017cona w symetryczny bie\u017cnik o atrakcyjnym wygl\u0105dzie.<\/p>\n<p>Szerokie rowki obwodowe szybko odprowadzaj\u0105 wod\u0119 przez co ryzyko powstania zjawiska aquaplaningu spada.<\/p>\n<p>Rowki poprzeczne pomagaj\u0105 w usuwaniu wody na mokrej nawierzchni dzi\u0119ki czemu skr\u00f3cono drog\u0119 hamowania.<\/p>\n<p>\u017bebro \u015brodkowe i klocki w \u015brodkowej cz\u0119\u015bci bie\u017cnika odpowiadaj\u0105 za stabiln\u0105 i pewn\u0105 jazd\u0119.<\/p>\n<p>Solidne klocki barkowe pozwalaj\u0105 na dobre manewrowanie.<\/p>\n","protected":false},"featured_media":14187,"template":"","meta":{"_uag_custom_page_level_css":""},"product_brand":[449],"product_cat":[414,418,413,412],"product_tag":[],"class_list":{"0":"post-14186","1":"product","2":"type-product","3":"status-publish","4":"has-post-thumbnail","6":"product_brand-arivo","7":"product_cat-do-samochodow-osobowych-i-suv","8":"product_cat-letnie","9":"product_cat-opony","10":"product_cat-opony-i-felgi","12":"first","13":"instock","14":"shipping-taxable","15":"purchasable","16":"product-type-simple"},"uagb_featured_image_src":{"full":["https:\/\/oponixo.shop\/tire\/wp-content\/uploads\/2026\/01\/allegro-image-14186.jpg",500,500,false],"thumbnail":["https:\/\/oponixo.shop\/tire\/wp-content\/uploads\/2026\/01\/allegro-image-14186-150x150.jpg",150,150,true],"medium":["https:\/\/oponixo.shop\/tire\/wp-content\/uploads\/2026\/01\/allegro-image-14186-300x300.jpg",300,300,true],"medium_large":["https:\/\/oponixo.shop\/tire\/wp-content\/uploads\/2026\/01\/allegro-image-14186.jpg",500,500,false],"large":["https:\/\/oponixo.shop\/tire\/wp-content\/uploads\/2026\/01\/allegro-image-14186.jpg",500,500,false],"1536x1536":["https:\/\/oponixo.shop\/tire\/wp-content\/uploads\/2026\/01\/allegro-image-14186.jpg",500,500,false],"2048x2048":["https:\/\/oponixo.shop\/tire\/wp-content\/uploads\/2026\/01\/allegro-image-14186.jpg",500,500,false],"woocommerce_thumbnail":["https:\/\/oponixo.shop\/tire\/wp-content\/uploads\/2026\/01\/allegro-image-14186-300x300.jpg",300,300,true],"woocommerce_single":["https:\/\/oponixo.shop\/tire\/wp-content\/uploads\/2026\/01\/allegro-image-14186.jpg",500,500,false],"woocommerce_gallery_thumbnail":["https:\/\/oponixo.shop\/tire\/wp-content\/uploads\/2026\/01\/allegro-image-14186-100x100.jpg",100,100,true]},"uagb_author_info":{"display_name":"admin","author_link":"https:\/\/oponixo.shop\/tire\/author\/"},"uagb_comment_info":0,"uagb_excerpt":"Opona letnia Arivo PREMIO ARZ 1 185\/65R15 88H Arivo&nbsp;PREMIO ARZ 1&nbsp;to opona letnia klasy ekonomicznej. Jest przeznaczona do samochod\u00f3w osobowych. Opona jest wyposa\u017cona w symetryczny bie\u017cnik o atrakcyjnym wygl\u0105dzie. Szerokie rowki obwodowe szybko odprowadzaj\u0105 wod\u0119 przez co ryzyko powstania zjawiska aquaplaningu spada. Rowki poprzeczne pomagaj\u0105 w usuwaniu wody na mokrej nawierzchni dzi\u0119ki czemu skr\u00f3cono drog\u0119&hellip;","_links":{"self":[{"href":"https:\/\/oponixo.shop\/tire\/wp-json\/wp\/v2\/product\/14186","targetHints":{"allow":["GET"]}}],"collection":[{"href":"https:\/\/oponixo.shop\/tire\/wp-json\/wp\/v2\/product"}],"about":[{"href":"https:\/\/oponixo.shop\/tire\/wp-json\/wp\/v2\/types\/product"}],"wp:featuredmedia":[{"embeddable":true,"href":"https:\/\/oponixo.shop\/tire\/wp-json\/wp\/v2\/media\/14187"}],"wp:attachment":[{"href":"https:\/\/oponixo.shop\/tire\/wp-json\/wp\/v2\/media?parent=14186"}],"wp:term":[{"taxonomy":"product_brand","embeddable":true,"href":"https:\/\/oponixo.shop\/tire\/wp-json\/wp\/v2\/product_brand?post=14186"},{"taxonomy":"product_cat","embeddable":true,"href":"https:\/\/oponixo.shop\/tire\/wp-json\/wp\/v2\/product_cat?post=14186"},{"taxonomy":"product_tag","embeddable":true,"href":"https:\/\/oponixo.shop\/tire\/wp-json\/wp\/v2\/product_tag?post=14186"}],"curies":[{"name":"wp","href":"https:\/\/api.w.org\/{rel}","templated":true}]}}