{"id":14188,"date":"2026-01-12T01:34:50","date_gmt":"2026-01-12T00:34:50","guid":{"rendered":"https:\/\/oponyspeed.shop\/xef5\/produkt\/2x-opony-letnie-205-50-r17-goodyear-efficientgrip-performance-2-xl-93v-50r1\/"},"modified":"2026-01-12T01:34:51","modified_gmt":"2026-01-12T00:34:51","slug":"2x-opony-letnie-205-50-r17-goodyear-efficientgrip-performance-2-xl-93v-50r1","status":"publish","type":"product","link":"https:\/\/oponixo.shop\/tire\/produkt\/2x-opony-letnie-205-50-r17-goodyear-efficientgrip-performance-2-xl-93v-50r1\/","title":{"rendered":"2x Opony letnie 205 50 R17 Goodyear Efficientgrip performance 2 xl 93V 50R1"},"content":{"rendered":"<div style=\"font-family: Arial, sans-serif; line-height: 1.6; color: #333; padding: 20px; clear: both; display: block; width: 100%; float: none; position: static; overflow: hidden;\">\n<div style=\"clear: both; display: block; margin: 10px 0;\">\n<div style=\"clear: both; display: block; margin: 10px 0;\">\n<div style=\"clear: both; display: block; margin: 10px 0;\">\n<div  style=\"max-width:1080px;max-height:1080px\">\n<div style=\"clear: both; display: block; margin: 10px 0;\">\n<div style=\"clear: both; width: 100%; display: block; margin: 20px 0; padding: 0; float: none; position: static; text-align: center;\"><img decoding=\"async\"  src=\"https:\/\/a.allegroimg.com\/original\/1111f0\/9aadb313437e8c538132a25b9a1c\/2x-Opony-letnie-205-50-R17-Goodyear-Efficientgrip-performance-2-xl-93V-50R1\" srcset=\"https:\/\/a.allegroimg.com\/original\/1111f0\/9aadb313437e8c538132a25b9a1c\/2x-Opony-letnie-205-50-R17-Goodyear-Efficientgrip-performance-2-xl-93V-50R1 360w,https:\/\/a.allegroimg.com\/original\/1111f0\/9aadb313437e8c538132a25b9a1c\/2x-Opony-letnie-205-50-R17-Goodyear-Efficientgrip-performance-2-xl-93V-50R1 720w,https:\/\/a.allegroimg.com\/original\/1111f0\/9aadb313437e8c538132a25b9a1c\/2x-Opony-letnie-205-50-R17-Goodyear-Efficientgrip-performance-2-xl-93V-50R1 1024w,https:\/\/a.allegroimg.com\/original\/1111f0\/9aadb313437e8c538132a25b9a1c\/2x-Opony-letnie-205-50-R17-Goodyear-Efficientgrip-performance-2-xl-93V-50R1 1080w,https:\/\/a.allegroimg.com\/original\/1111f0\/9aadb313437e8c538132a25b9a1c\/2x-Opony-letnie-205-50-R17-Goodyear-Efficientgrip-performance-2-xl-93V-50R1 1080w\" sizes=\"(min-width: 1200px) 560px, (min-width: 992px) 50vw, 100vw\" width=\"1080px\" alt=\"2x Opony letnie 205 50 R17 Goodyear Efficientgrip performance 2 xl 93V 50R1\" style=\"max-width: 100%; height: auto; display: block; margin: 0 auto;\"><\/div>\n<\/div>\n<\/div>\n<\/div>\n<\/div>\n<div style=\"clear: both; display: block; margin: 10px 0;\">\n<div style=\"clear: both; display: block; margin: 10px 0;\">\n<h1>2x Opony letnie 205 50 R17 Goodyear Efficientgrip performance 2 xl 93V 50R17<\/h1>\n<h2>Specyfikacja produktu:<\/h2>\n<ul style=\"margin: 15px 0; padding-left: 20px; clear: both; display: block; width: 100%; float: none; position: static;\">\n<li style=\"margin: 5px 0; padding: 2px 0; clear: both; display: list-item; float: none; position: static;\">Rozmiar: <b>205\/50R17<\/b><\/li>\n<li style=\"margin: 5px 0; padding: 2px 0; clear: both; display: list-item; float: none; position: static;\">Sezon: <b>LATO<\/b><\/li>\n<li style=\"margin: 5px 0; padding: 2px 0; clear: both; display: list-item; float: none; position: static;\">Model: <b>EFFICIENTGRIP PERFORMANCE 2 XL<\/b><\/li>\n<li style=\"margin: 5px 0; padding: 2px 0; clear: both; display: list-item; float: none; position: static;\">Szeroko\u015b\u0107: <b>205<\/b><\/li>\n<li style=\"margin: 5px 0; padding: 2px 0; clear: both; display: list-item; float: none; position: static;\">Profil: <b>50<\/b><\/li>\n<li style=\"margin: 5px 0; padding: 2px 0; clear: both; display: list-item; float: none; position: static;\">Poziom ha\u0142asu dB: <b>70<\/b><\/li>\n<li style=\"margin: 5px 0; padding: 2px 0; clear: both; display: list-item; float: none; position: static;\">No\u015bno\u015b\u0107: <b>93<\/b><\/li>\n<li style=\"margin: 5px 0; padding: 2px 0; clear: both; display: list-item; float: none; position: static;\">Op\u00f3r toczenia: <b>A<\/b><\/li>\n<li style=\"margin: 5px 0; padding: 2px 0; clear: both; display: list-item; float: none; position: static;\">Przyczepno\u015b\u0107 na mokrym: <b>A<\/b><\/li>\n<li style=\"margin: 5px 0; padding: 2px 0; clear: both; display: list-item; float: none; position: static;\">Poziom ha\u0142asu: <b>B<\/b><\/li>\n<li style=\"margin: 5px 0; padding: 2px 0; clear: both; display: list-item; float: none; position: static;\">Typ pojazdu: <b>OSOBOWE<\/b><\/li>\n<li style=\"margin: 5px 0; padding: 2px 0; clear: both; display: list-item; float: none; position: static;\">Indeks pr\u0119dko\u015bci: <b>V<\/b><\/li>\n<li style=\"margin: 5px 0; padding: 2px 0; clear: both; display: list-item; float: none; position: static;\">Dodatkowe: <b>Wzmocnienie XL<\/b><\/li>\n<li style=\"margin: 5px 0; padding: 2px 0; clear: both; display: list-item; float: none; position: static;\">Producent: <b>GOODYEAR<\/b><\/li>\n<\/ul>\n<h2>Sprzedajemy tylko nowe opony i zawsze pierwszego gatunku!<\/h2>\n<\/div>\n<\/div>\n<\/div>\n<div style=\"clear: both; display: block; margin: 10px 0;\">\n<div style=\"clear: both; display: block; margin: 10px 0;\">\n<div style=\"clear: both; display: block; margin: 10px 0;\">\n<h2>Dlaczego warto kupi\u0107 te opony:<\/h2>\n<ul style=\"margin: 15px 0; padding-left: 20px; clear: both; display: block; width: 100%; float: none; position: static;\">\n<li style=\"margin: 5px 0; padding: 2px 0; clear: both; display: list-item; float: none; position: static;\">GOODYEAR EFFICIENTGRIP PERFORMANCE 2 XL to opona z najwy\u017cszej p\u00f3\u0142ki, w ca\u0142o\u015bci dedykowana samochodom sportowym oraz tym, kt\u00f3rzy oczekuj\u0105 zoptymalizowanych, niezawodnych i bezpiecznych wra\u017ce\u0144.Oferuje wi\u0119kszy przebieg ni\u017c jego poprzednik, dzi\u0119ki nowej zaawansowanej mieszance bie\u017cnika, kt\u00f3ra zapewnia mniejsze opory toczenia i lepsze osi\u0105gi na mokrej nawierzchni. Mieszanka gumowa Goodyear EFFICIENTGRIP PERFORMANCE 2 XL zapewnia optymaln\u0105 sztywno\u015b\u0107, kt\u00f3ra u\u0142atwia zginanie blok\u00f3w bie\u017cnika, co pozwala na skuteczne odprowadzanie wody i zapobiega zjawisku aquaplaningu.Strefa styku opony z drog\u0105 wysycha szybciej, skracaj\u0105c drog\u0119 hamowania na mokrej nawierzchni, co daje wi\u0119ksz\u0105 szans\u0119 na zatrzymanie si\u0119 na czas, kiedy ma to najwi\u0119ksze znaczenie. Opona ta posiada podwy\u017cszony indeks no\u015bno\u015bci.<\/li>\n<\/ul>\n<\/div>\n<\/div>\n<div style=\"clear: both; display: block; margin: 10px 0;\">\n<div style=\"clear: both; display: block; margin: 10px 0;\">\n<div  style=\"max-width:1426px;max-height:2560px\">\n<div style=\"clear: both; display: block; margin: 10px 0;\">\n<div style=\"clear: both; width: 100%; display: block; margin: 20px 0; padding: 0; float: none; position: static; text-align: center;\"><img decoding=\"async\"  src=\"https:\/\/a.allegroimg.com\/original\/11a4c8\/008ee1ce45bdbb2394bf1d401f81\/2x-Opony-letnie-205-50-R17-Goodyear-Efficientgrip-performance-2-xl-93V-50R1-Liczba-opon-w-ofercie-2-szt\" srcset=\"https:\/\/a.allegroimg.com\/original\/11a4c8\/008ee1ce45bdbb2394bf1d401f81\/2x-Opony-letnie-205-50-R17-Goodyear-Efficientgrip-performance-2-xl-93V-50R1-Liczba-opon-w-ofercie-2-szt 200w,https:\/\/a.allegroimg.com\/original\/11a4c8\/008ee1ce45bdbb2394bf1d401f81\/2x-Opony-letnie-205-50-R17-Goodyear-Efficientgrip-performance-2-xl-93V-50R1-Liczba-opon-w-ofercie-2-szt 401w,https:\/\/a.allegroimg.com\/original\/11a4c8\/008ee1ce45bdbb2394bf1d401f81\/2x-Opony-letnie-205-50-R17-Goodyear-Efficientgrip-performance-2-xl-93V-50R1-Liczba-opon-w-ofercie-2-szt 570w,https:\/\/a.allegroimg.com\/original\/11a4c8\/008ee1ce45bdbb2394bf1d401f81\/2x-Opony-letnie-205-50-R17-Goodyear-Efficientgrip-performance-2-xl-93V-50R1-Liczba-opon-w-ofercie-2-szt 802w,https:\/\/a.allegroimg.com\/original\/11a4c8\/008ee1ce45bdbb2394bf1d401f81\/2x-Opony-letnie-205-50-R17-Goodyear-Efficientgrip-performance-2-xl-93V-50R1-Liczba-opon-w-ofercie-2-szt 1426w\" sizes=\"(min-width: 1200px) 560px, (min-width: 992px) 50vw, 100vw\" width=\"1426px\" alt=\"2x Opony letnie 205 50 R17 Goodyear Efficientgrip performance 2 xl 93V 50R1 Liczba opon w ofercie 2 szt.\" style=\"max-width: 100%; height: auto; display: block; margin: 0 auto;\"><\/div>\n<\/div>\n<\/div>\n<\/div>\n<\/div>\n<\/div>\n<div style=\"clear: both; display: block; margin: 10px 0;\">\n<div style=\"clear: both; display: block; margin: 10px 0;\">\n<div style=\"clear: both; display: block; margin: 10px 0;\">\n<div  style=\"max-width:1772px;max-height:591px\">\n<div style=\"clear: both; display: block; margin: 10px 0;\">\n<div style=\"clear: both; width: 100%; display: block; margin: 20px 0; padding: 0; float: none; position: static; text-align: center;\"><img decoding=\"async\"  src=\"https:\/\/a.allegroimg.com\/original\/11bbed\/d6e7d66743d1ade63900d75a7a63\/2x-Opony-letnie-205-50-R17-Goodyear-Efficientgrip-performance-2-xl-93V-50R1-Rok-produkcji-2022\" srcset=\"https:\/\/a.allegroimg.com\/original\/11bbed\/d6e7d66743d1ade63900d75a7a63\/2x-Opony-letnie-205-50-R17-Goodyear-Efficientgrip-performance-2-xl-93V-50R1-Rok-produkcji-2022 360w,https:\/\/a.allegroimg.com\/original\/11bbed\/d6e7d66743d1ade63900d75a7a63\/2x-Opony-letnie-205-50-R17-Goodyear-Efficientgrip-performance-2-xl-93V-50R1-Rok-produkcji-2022 720w,https:\/\/a.allegroimg.com\/original\/11bbed\/d6e7d66743d1ade63900d75a7a63\/2x-Opony-letnie-205-50-R17-Goodyear-Efficientgrip-performance-2-xl-93V-50R1-Rok-produkcji-2022 1023w,https:\/\/a.allegroimg.com\/original\/11bbed\/d6e7d66743d1ade63900d75a7a63\/2x-Opony-letnie-205-50-R17-Goodyear-Efficientgrip-performance-2-xl-93V-50R1-Rok-produkcji-2022 1440w,https:\/\/a.allegroimg.com\/original\/11bbed\/d6e7d66743d1ade63900d75a7a63\/2x-Opony-letnie-205-50-R17-Goodyear-Efficientgrip-performance-2-xl-93V-50R1-Rok-produkcji-2022 1772w\" sizes=\"(min-width: 1200px) 560px, (min-width: 992px) 50vw, 100vw\" width=\"1772px\" alt=\"2x Opony letnie 205 50 R17 Goodyear Efficientgrip performance 2 xl 93V 50R1 Rok produkcji 2022\" style=\"max-width: 100%; height: auto; display: block; margin: 0 auto;\"><\/div>\n<\/div>\n<\/div>\n<\/div>\n<\/div>\n<div style=\"clear: both; display: block; margin: 10px 0;\">\n<div style=\"clear: both; display: block; margin: 10px 0;\">\n<p style=\"margin: 15px 0; line-height: 1.8; clear: both; display: block; width: 100%; float: none; position: static;\">Znaczenie marki Goodyear:<\/p>\n<p style=\"margin: 15px 0; line-height: 1.8; clear: both; display: block; width: 100%; float: none; position: static;\">-Opony tej marki powstaj\u0105 w oparciu o najnowsze technologie, a wachlarz produkt\u00f3w jakie oferuje ci\u0105gle jest ulepszany, dok\u0142adnie testowany i wprowadzany na rynek.<\/p>\n<p style=\"margin: 15px 0; line-height: 1.8; clear: both; display: block; width: 100%; float: none; position: static;\">-Osi\u0105gi oraz komfort jazdy na najwy\u017cszym poziomie, zapewnione s\u0105 przez ca\u0142y rok bez wzgl\u0119du na warunki pogodowe.<\/p>\n<p style=\"margin: 15px 0; line-height: 1.8; clear: both; display: block; width: 100%; float: none; position: static;\">-Kupuj\u0105c opony marki Goodyear mo\u017cemy by\u0107 pewni ze opony poddawane by\u0142y wielokrotnym testom, kt\u00f3re przeprowadzane s\u0105 przez najlepszych specjalist\u00f3w. Dzi\u0119ki temu bezpiecze\u0144stwo i pewne prowadzenie to g\u0142\u00f3wne zalety tych opon.<\/p>\n<\/div>\n<\/div>\n<\/div>\n<div style=\"clear: both; display: block; margin: 10px 0;\">\n<div style=\"clear: both; display: block; margin: 10px 0;\">\n<div style=\"clear: both; display: block; margin: 10px 0;\">\n<div  style=\"max-width:1200px;max-height:1200px\">\n<div style=\"clear: both; display: block; margin: 10px 0;\">\n<div style=\"clear: both; width: 100%; display: block; margin: 20px 0; padding: 0; float: none; position: static; text-align: center;\"><img decoding=\"async\"  src=\"https:\/\/a.allegroimg.com\/original\/113546\/a010283c4b4ab5d3b4612844151e\/2x-Opony-letnie-205-50-R17-Goodyear-Efficientgrip-performance-2-xl-93V-50R1-Marka-Goodyear\" srcset=\"https:\/\/a.allegroimg.com\/original\/113546\/a010283c4b4ab5d3b4612844151e\/2x-Opony-letnie-205-50-R17-Goodyear-Efficientgrip-performance-2-xl-93V-50R1-Marka-Goodyear 360w,https:\/\/a.allegroimg.com\/original\/113546\/a010283c4b4ab5d3b4612844151e\/2x-Opony-letnie-205-50-R17-Goodyear-Efficientgrip-performance-2-xl-93V-50R1-Marka-Goodyear 720w,https:\/\/a.allegroimg.com\/original\/113546\/a010283c4b4ab5d3b4612844151e\/2x-Opony-letnie-205-50-R17-Goodyear-Efficientgrip-performance-2-xl-93V-50R1-Marka-Goodyear 1024w,https:\/\/a.allegroimg.com\/original\/113546\/a010283c4b4ab5d3b4612844151e\/2x-Opony-letnie-205-50-R17-Goodyear-Efficientgrip-performance-2-xl-93V-50R1-Marka-Goodyear 1200w,https:\/\/a.allegroimg.com\/original\/113546\/a010283c4b4ab5d3b4612844151e\/2x-Opony-letnie-205-50-R17-Goodyear-Efficientgrip-performance-2-xl-93V-50R1-Marka-Goodyear 1200w\" sizes=\"100vw\" width=\"1200px\" alt=\"2x Opony letnie 205 50 R17 Goodyear Efficientgrip performance 2 xl 93V 50R1 Marka Goodyear\" style=\"max-width: 100%; height: auto; display: block; margin: 0 auto;\"><\/div>\n<\/div>\n<\/div>\n<\/div>\n<\/div>\n<\/div>\n<div style=\"clear: both; display: block; margin: 10px 0;\">\n<div style=\"clear: both; display: block; margin: 10px 0;\">\n<div style=\"clear: both; display: block; margin: 10px 0;\">\n<div  style=\"max-width:1232px;max-height:496px\">\n<div style=\"clear: both; display: block; margin: 10px 0;\">\n<div style=\"clear: both; width: 100%; display: block; margin: 20px 0; padding: 0; float: none; position: static; text-align: center;\"><img decoding=\"async\"  src=\"https:\/\/a.allegroimg.com\/original\/11b8b0\/c5c36a314664a54d15f5d67ce73c\/2x-Opony-letnie-205-50-R17-Goodyear-Efficientgrip-performance-2-xl-93V-50R1-Szerokosc-opony-205-mm\" srcset=\"https:\/\/a.allegroimg.com\/original\/11b8b0\/c5c36a314664a54d15f5d67ce73c\/2x-Opony-letnie-205-50-R17-Goodyear-Efficientgrip-performance-2-xl-93V-50R1-Szerokosc-opony-205-mm 360w,https:\/\/a.allegroimg.com\/original\/11b8b0\/c5c36a314664a54d15f5d67ce73c\/2x-Opony-letnie-205-50-R17-Goodyear-Efficientgrip-performance-2-xl-93V-50R1-Szerokosc-opony-205-mm 720w,https:\/\/a.allegroimg.com\/original\/11b8b0\/c5c36a314664a54d15f5d67ce73c\/2x-Opony-letnie-205-50-R17-Goodyear-Efficientgrip-performance-2-xl-93V-50R1-Szerokosc-opony-205-mm 1024w,https:\/\/a.allegroimg.com\/original\/11b8b0\/c5c36a314664a54d15f5d67ce73c\/2x-Opony-letnie-205-50-R17-Goodyear-Efficientgrip-performance-2-xl-93V-50R1-Szerokosc-opony-205-mm 1232w,https:\/\/a.allegroimg.com\/original\/11b8b0\/c5c36a314664a54d15f5d67ce73c\/2x-Opony-letnie-205-50-R17-Goodyear-Efficientgrip-performance-2-xl-93V-50R1-Szerokosc-opony-205-mm 1232w\" sizes=\"100vw\" width=\"1232px\" alt=\"2x Opony letnie 205 50 R17 Goodyear Efficientgrip performance 2 xl 93V 50R1 Szeroko\u015b\u0107 opony 205 mm\" style=\"max-width: 100%; height: auto; display: block; margin: 0 auto;\"><\/div>\n<\/div>\n<\/div>\n<\/div>\n<\/div>\n<\/div>\n<\/div>\n<\/div>\n<\/div>\n<div style=\"clear: both; display: block; margin: 10px 0;\">\n","protected":false},"excerpt":{"rendered":"<p>2x Opony letnie 205 50 R17 Goodyear Efficientgrip performance 2 xl 93V 50R17<\/p>\n<p>Specyfikacja produktu:<\/p>\n<p>Rozmiar: 205\/50R17<\/p>\n<p>Sezon: LATO<\/p>\n<p>Model: EFFICIENTGRIP PERFORMANCE 2 XL<\/p>\n<p>Szeroko\u015b\u0107: 205<\/p>\n<p>Profil: 50<\/p>\n<p>Poziom ha\u0142asu dB: 70<\/p>\n","protected":false},"featured_media":14189,"template":"","meta":{"_uag_custom_page_level_css":""},"product_brand":[437],"product_cat":[414,418,413,412],"product_tag":[],"class_list":{"0":"post-14188","1":"product","2":"type-product","3":"status-publish","4":"has-post-thumbnail","6":"product_brand-goodyear","7":"product_cat-do-samochodow-osobowych-i-suv","8":"product_cat-letnie","9":"product_cat-opony","10":"product_cat-opony-i-felgi","12":"first","13":"instock","14":"shipping-taxable","15":"purchasable","16":"product-type-simple"},"uagb_featured_image_src":{"full":["https:\/\/oponixo.shop\/tire\/wp-content\/uploads\/2026\/01\/allegro-image-14188.jpg",1080,1080,false],"thumbnail":["https:\/\/oponixo.shop\/tire\/wp-content\/uploads\/2026\/01\/allegro-image-14188-150x150.jpg",150,150,true],"medium":["https:\/\/oponixo.shop\/tire\/wp-content\/uploads\/2026\/01\/allegro-image-14188-300x300.jpg",300,300,true],"medium_large":["https:\/\/oponixo.shop\/tire\/wp-content\/uploads\/2026\/01\/allegro-image-14188-768x768.jpg",768,768,true],"large":["https:\/\/oponixo.shop\/tire\/wp-content\/uploads\/2026\/01\/allegro-image-14188-1024x1024.jpg",1024,1024,true],"1536x1536":["https:\/\/oponixo.shop\/tire\/wp-content\/uploads\/2026\/01\/allegro-image-14188.jpg",1080,1080,false],"2048x2048":["https:\/\/oponixo.shop\/tire\/wp-content\/uploads\/2026\/01\/allegro-image-14188.jpg",1080,1080,false],"woocommerce_thumbnail":["https:\/\/oponixo.shop\/tire\/wp-content\/uploads\/2026\/01\/allegro-image-14188-300x300.jpg",300,300,true],"woocommerce_single":["https:\/\/oponixo.shop\/tire\/wp-content\/uploads\/2026\/01\/allegro-image-14188-600x600.jpg",600,600,true],"woocommerce_gallery_thumbnail":["https:\/\/oponixo.shop\/tire\/wp-content\/uploads\/2026\/01\/allegro-image-14188-100x100.jpg",100,100,true]},"uagb_author_info":{"display_name":"admin","author_link":"https:\/\/oponixo.shop\/tire\/author\/"},"uagb_comment_info":0,"uagb_excerpt":"2x Opony letnie 205 50 R17 Goodyear Efficientgrip performance 2 xl 93V 50R17 Specyfikacja produktu: Rozmiar: 205\/50R17 Sezon: LATO Model: EFFICIENTGRIP PERFORMANCE 2 XL Szeroko\u015b\u0107: 205 Profil: 50 Poziom ha\u0142asu dB: 70","_links":{"self":[{"href":"https:\/\/oponixo.shop\/tire\/wp-json\/wp\/v2\/product\/14188","targetHints":{"allow":["GET"]}}],"collection":[{"href":"https:\/\/oponixo.shop\/tire\/wp-json\/wp\/v2\/product"}],"about":[{"href":"https:\/\/oponixo.shop\/tire\/wp-json\/wp\/v2\/types\/product"}],"wp:featuredmedia":[{"embeddable":true,"href":"https:\/\/oponixo.shop\/tire\/wp-json\/wp\/v2\/media\/14189"}],"wp:attachment":[{"href":"https:\/\/oponixo.shop\/tire\/wp-json\/wp\/v2\/media?parent=14188"}],"wp:term":[{"taxonomy":"product_brand","embeddable":true,"href":"https:\/\/oponixo.shop\/tire\/wp-json\/wp\/v2\/product_brand?post=14188"},{"taxonomy":"product_cat","embeddable":true,"href":"https:\/\/oponixo.shop\/tire\/wp-json\/wp\/v2\/product_cat?post=14188"},{"taxonomy":"product_tag","embeddable":true,"href":"https:\/\/oponixo.shop\/tire\/wp-json\/wp\/v2\/product_tag?post=14188"}],"curies":[{"name":"wp","href":"https:\/\/api.w.org\/{rel}","templated":true}]}}