{"id":14220,"date":"2026-01-12T01:34:59","date_gmt":"2026-01-12T00:34:59","guid":{"rendered":"https:\/\/oponyspeed.shop\/xef5\/produkt\/2x-tracmax-255-35r19-x-privilo-tx-3-96y-xl-xl-letnia-osobowa\/"},"modified":"2026-01-12T01:34:59","modified_gmt":"2026-01-12T00:34:59","slug":"2x-tracmax-255-35r19-x-privilo-tx-3-96y-xl-xl-letnia-osobowa","status":"publish","type":"product","link":"https:\/\/oponixo.shop\/tire\/produkt\/2x-tracmax-255-35r19-x-privilo-tx-3-96y-xl-xl-letnia-osobowa\/","title":{"rendered":"2x TRACMAX 255\/35R19 X PRIVILO TX-3 96Y XL XL LETNIA OSOBOWA"},"content":{"rendered":"<div style=\"font-family: Arial, sans-serif; line-height: 1.6; color: #333; padding: 20px; clear: both; display: block; width: 100%; float: none; position: static; overflow: hidden;\">\n<div style=\"clear: both; display: block; margin: 10px 0;\">\n<div style=\"clear: both; display: block; margin: 10px 0;\">\n<div style=\"clear: both; display: block; margin: 10px 0;\">\n<div  style=\"max-width:385px;max-height:183px\">\n<div style=\"clear: both; display: block; margin: 10px 0;\">\n<div style=\"clear: both; width: 100%; display: block; margin: 20px 0; padding: 0; float: none; position: static; text-align: center;\"><img decoding=\"async\"  src=\"https:\/\/a.allegroimg.com\/original\/11840f\/9eb3a642436d9665ad687b21f8af\/2x-TRACMAX-255-35R19-X-PRIVILO-TX-3-96Y-XL-XL-LETNIA-OSOBOWA-Rok-produkcji-2025\" srcset=\"https:\/\/a.allegroimg.com\/original\/11840f\/9eb3a642436d9665ad687b21f8af\/2x-TRACMAX-255-35R19-X-PRIVILO-TX-3-96Y-XL-XL-LETNIA-OSOBOWA-Rok-produkcji-2025 360w,https:\/\/a.allegroimg.com\/original\/11840f\/9eb3a642436d9665ad687b21f8af\/2x-TRACMAX-255-35R19-X-PRIVILO-TX-3-96Y-XL-XL-LETNIA-OSOBOWA-Rok-produkcji-2025 385w,https:\/\/a.allegroimg.com\/original\/11840f\/9eb3a642436d9665ad687b21f8af\/2x-TRACMAX-255-35R19-X-PRIVILO-TX-3-96Y-XL-XL-LETNIA-OSOBOWA-Rok-produkcji-2025 385w\" sizes=\"(min-width: 1200px) 560px, (min-width: 992px) 50vw, 100vw\" width=\"385px\" alt=\"2x TRACMAX 255\/35R19 X PRIVILO TX-3 96Y XL XL LETNIA OSOBOWA Rok produkcji 2025\" style=\"max-width: 100%; height: auto; display: block; margin: 0 auto;\"><\/div>\n<\/div>\n<\/div>\n<\/div>\n<\/div>\n<div style=\"clear: both; display: block; margin: 10px 0;\">\n<div style=\"clear: both; display: block; margin: 10px 0;\">\n<h1>PRZEDMIOTEM OFERTY JEST:<\/h1>\n<h1>TRACMAX 255\/35R19 X PRIVILO TX-3 96Y XL XL LETNIA OSOBOWA<\/h1>\n<\/div>\n<\/div>\n<\/div>\n<div style=\"clear: both; display: block; margin: 10px 0;\">\n<div style=\"clear: both; display: block; margin: 10px 0;\">\n<div style=\"clear: both; display: block; margin: 10px 0;\">\n<h1>SPECYFIKACJA:<\/h1>\n<ol>\n<li style=\"margin: 5px 0; padding: 2px 0; clear: both; display: list-item; float: none; position: static;\">PRODUCENT: <b>TRACMAX<\/b><\/li>\n<li style=\"margin: 5px 0; padding: 2px 0; clear: both; display: list-item; float: none; position: static;\">MODEL: <b>X PRIVILO TX-3<\/b><\/li>\n<li style=\"margin: 5px 0; padding: 2px 0; clear: both; display: list-item; float: none; position: static;\">CENA DOTYCZY: <b>pary (2 sztuki)<\/b><\/li>\n<li style=\"margin: 5px 0; padding: 2px 0; clear: both; display: list-item; float: none; position: static;\">ROK PRODUKCJI: <b>2025<\/b><\/li>\n<li style=\"margin: 5px 0; padding: 2px 0; clear: both; display: list-item; float: none; position: static;\">SEZON: <b>LETNIA<\/b><\/li>\n<li style=\"margin: 5px 0; padding: 2px 0; clear: both; display: list-item; float: none; position: static;\">TYP OPONY: <b>OSOBOWA<\/b><\/li>\n<li style=\"margin: 5px 0; padding: 2px 0; clear: both; display: list-item; float: none; position: static;\">SZEROKO\u015a\u0106: <b>255<\/b><\/li>\n<li style=\"margin: 5px 0; padding: 2px 0; clear: both; display: list-item; float: none; position: static;\">PROFIL: <b>35<\/b><\/li>\n<li style=\"margin: 5px 0; padding: 2px 0; clear: both; display: list-item; float: none; position: static;\">\u015aREDNICA: <b>19<\/b><\/li>\n<li style=\"margin: 5px 0; padding: 2px 0; clear: both; display: list-item; float: none; position: static;\">INDEKS NO\u015aNO\u015aCI: <b>96<\/b><\/li>\n<li style=\"margin: 5px 0; padding: 2px 0; clear: both; display: list-item; float: none; position: static;\">INDEKS PR\u0118DKO\u015aCI: <b>Y<\/b><\/li>\n<li style=\"margin: 5px 0; padding: 2px 0; clear: both; display: list-item; float: none; position: static;\">OPORY TOCZENIA: <b>C<\/b><\/li>\n<li style=\"margin: 5px 0; padding: 2px 0; clear: both; display: list-item; float: none; position: static;\">PRZYCZEPNO\u015a\u0106 NA MOKRYM: <b>B<\/b><\/li>\n<li style=\"margin: 5px 0; padding: 2px 0; clear: both; display: list-item; float: none; position: static;\">HA\u0141AS ZEWN\u0118TRZNY: <b>69<\/b><\/li>\n<li style=\"margin: 5px 0; padding: 2px 0; clear: both; display: list-item; float: none; position: static;\">OPONA WZMACNIANA: <b><\/b><\/li>\n<li style=\"margin: 5px 0; padding: 2px 0; clear: both; display: list-item; float: none; position: static;\">RANT OCHRONNY: <b><\/b><\/li>\n<li style=\"margin: 5px 0; padding: 2px 0; clear: both; display: list-item; float: none; position: static;\">RUN FLAT: <b><\/b><\/li>\n<li style=\"margin: 5px 0; padding: 2px 0; clear: both; display: list-item; float: none; position: static;\">HOMOLOGACJA PRODUCENTA: <b><\/b><\/li>\n<\/ol>\n<\/div>\n<\/div>\n<\/div>\n<div style=\"clear: both; display: block; margin: 10px 0;\">\n<div style=\"clear: both; display: block; margin: 10px 0;\">\n<div style=\"clear: both; display: block; margin: 10px 0;\">\n<h1>OPIS PRODUKTU:<\/h1>\n<p style=\"margin: 15px 0; line-height: 1.8; clear: both; display: block; width: 100%; float: none; position: static;\">TRACMAX zapewnia zr\u00f3wnowa\u017cone osi\u0105gi na mokrej i suchej nawierzchni. Opon\u0119 wyposa\u017cono w bie\u017cnik, dzi\u0119ki kt\u00f3remu prowadzenie jest zawsze precyzyjne i bezpieczne. Dbaj\u0105 o to szerokie rowki i liczne naci\u0119cia, kt\u00f3rych zadaniem jest efektywne odprowadzanie wody. W efekcie powierzchnia modelu szybko si\u0119 osusza, a Ty mo\u017cesz cieszy\u0107 si\u0119 pe\u0142nowarto\u015bciow\u0105 jazd\u0105.<\/p>\n<p style=\"margin: 15px 0; line-height: 1.8; clear: both; display: block; width: 100%; float: none; position: static;\">Za dobre osi\u0105gi opony odpowiada r\u00f3wnie\u017c mieszanka gumowa gwarantuj\u0105ca odpowiedni\u0105 elastyczno\u015b\u0107 w szerokim zakresie temperatur. W efekcie jej zastosowania bie\u017cnik \u015bciera si\u0119 powoli i r\u00f3wnomiernie, a przebiegi ulegaj\u0105 wyd\u0142u\u017ceniu. Wszystko to wp\u0142ywa pozytywnie na bezpiecze\u0144stwo jazdy i komfort podr\u00f3\u017cowania.<\/p>\n<\/div>\n<\/div>\n<\/div>\n<\/div>\n<\/div>\n<\/div>\n<div style=\"clear: both; display: block; margin: 10px 0;\">\n","protected":false},"excerpt":{"rendered":"<p>PRZEDMIOTEM OFERTY JEST:<\/p>\n<p>TRACMAX 255\/35R19 X PRIVILO TX-3 96Y XL XL LETNIA OSOBOWA<\/p>\n<p>SPECYFIKACJA:<\/p>\n<p>PRODUCENT: TRACMAX<\/p>\n<p>MODEL: X PRIVILO TX-3<\/p>\n<p>CENA DOTYCZY: pary (2 sztuki)<\/p>\n<p>ROK PRODUKCJI: 2025<\/p>\n<p>SEZON: LETNIA<\/p>\n","protected":false},"featured_media":14221,"template":"","meta":{"_uag_custom_page_level_css":""},"product_brand":[393],"product_cat":[414,418,413,412],"product_tag":[],"class_list":{"0":"post-14220","1":"product","2":"type-product","3":"status-publish","4":"has-post-thumbnail","6":"product_brand-tracmax","7":"product_cat-do-samochodow-osobowych-i-suv","8":"product_cat-letnie","9":"product_cat-opony","10":"product_cat-opony-i-felgi","12":"first","13":"instock","14":"shipping-taxable","15":"purchasable","16":"product-type-simple"},"uagb_featured_image_src":{"full":["https:\/\/oponixo.shop\/tire\/wp-content\/uploads\/2026\/01\/allegro-image-14220.jpg",495,700,false],"thumbnail":["https:\/\/oponixo.shop\/tire\/wp-content\/uploads\/2026\/01\/allegro-image-14220-150x150.jpg",150,150,true],"medium":["https:\/\/oponixo.shop\/tire\/wp-content\/uploads\/2026\/01\/allegro-image-14220-212x300.jpg",212,300,true],"medium_large":["https:\/\/oponixo.shop\/tire\/wp-content\/uploads\/2026\/01\/allegro-image-14220.jpg",495,700,false],"large":["https:\/\/oponixo.shop\/tire\/wp-content\/uploads\/2026\/01\/allegro-image-14220.jpg",495,700,false],"1536x1536":["https:\/\/oponixo.shop\/tire\/wp-content\/uploads\/2026\/01\/allegro-image-14220.jpg",495,700,false],"2048x2048":["https:\/\/oponixo.shop\/tire\/wp-content\/uploads\/2026\/01\/allegro-image-14220.jpg",495,700,false],"woocommerce_thumbnail":["https:\/\/oponixo.shop\/tire\/wp-content\/uploads\/2026\/01\/allegro-image-14220-300x300.jpg",300,300,true],"woocommerce_single":["https:\/\/oponixo.shop\/tire\/wp-content\/uploads\/2026\/01\/allegro-image-14220.jpg",495,700,false],"woocommerce_gallery_thumbnail":["https:\/\/oponixo.shop\/tire\/wp-content\/uploads\/2026\/01\/allegro-image-14220-100x100.jpg",100,100,true]},"uagb_author_info":{"display_name":"admin","author_link":"https:\/\/oponixo.shop\/tire\/author\/"},"uagb_comment_info":0,"uagb_excerpt":"PRZEDMIOTEM OFERTY JEST: TRACMAX 255\/35R19 X PRIVILO TX-3 96Y XL XL LETNIA OSOBOWA SPECYFIKACJA: PRODUCENT: TRACMAX MODEL: X PRIVILO TX-3 CENA DOTYCZY: pary (2 sztuki) ROK PRODUKCJI: 2025 SEZON: LETNIA","_links":{"self":[{"href":"https:\/\/oponixo.shop\/tire\/wp-json\/wp\/v2\/product\/14220","targetHints":{"allow":["GET"]}}],"collection":[{"href":"https:\/\/oponixo.shop\/tire\/wp-json\/wp\/v2\/product"}],"about":[{"href":"https:\/\/oponixo.shop\/tire\/wp-json\/wp\/v2\/types\/product"}],"wp:featuredmedia":[{"embeddable":true,"href":"https:\/\/oponixo.shop\/tire\/wp-json\/wp\/v2\/media\/14221"}],"wp:attachment":[{"href":"https:\/\/oponixo.shop\/tire\/wp-json\/wp\/v2\/media?parent=14220"}],"wp:term":[{"taxonomy":"product_brand","embeddable":true,"href":"https:\/\/oponixo.shop\/tire\/wp-json\/wp\/v2\/product_brand?post=14220"},{"taxonomy":"product_cat","embeddable":true,"href":"https:\/\/oponixo.shop\/tire\/wp-json\/wp\/v2\/product_cat?post=14220"},{"taxonomy":"product_tag","embeddable":true,"href":"https:\/\/oponixo.shop\/tire\/wp-json\/wp\/v2\/product_tag?post=14220"}],"curies":[{"name":"wp","href":"https:\/\/api.w.org\/{rel}","templated":true}]}}