{"id":14238,"date":"2026-01-12T01:35:04","date_gmt":"2026-01-12T00:35:04","guid":{"rendered":"https:\/\/oponyspeed.shop\/xef5\/produkt\/2-x-opona-lanvigator-catchpower-plus-225-35r18-letnie\/"},"modified":"2026-01-12T01:35:04","modified_gmt":"2026-01-12T00:35:04","slug":"2-x-opona-lanvigator-catchpower-plus-225-35r18-letnie","status":"publish","type":"product","link":"https:\/\/oponixo.shop\/tire\/produkt\/2-x-opona-lanvigator-catchpower-plus-225-35r18-letnie\/","title":{"rendered":"2 x Opona LANVIGATOR CATCHPOWER PLUS 225\/35R18 Letnie"},"content":{"rendered":"<div style=\"font-family: Arial, sans-serif; line-height: 1.6; color: #333; padding: 20px; clear: both; display: block; width: 100%; float: none; position: static; overflow: hidden;\">\n<div style=\"clear: both; display: block; margin: 10px 0;\">\n<div style=\"clear: both; display: block; margin: 10px 0;\">\n<div style=\"clear: both; display: block; margin: 10px 0;\">\n<p style=\"margin: 15px 0; line-height: 1.8; clear: both; display: block; width: 100%; float: none; position: static;\">OPONA Opona LANVIGATOR CATCHPOWER PLUS 225\/35R18 Letnie 2 sztuki<\/p>\n<p style=\"margin: 15px 0; line-height: 1.8; clear: both; display: block; width: 100%; float: none; position: static;\">KATEGORIA: Opony\/Osobowe \/Letnie<\/p>\n<p style=\"margin: 15px 0; line-height: 1.8; clear: both; display: block; width: 100%; float: none; position: static;\">PRODUCENT: Lanvigator<\/p>\n<ul style=\"margin: 15px 0; padding-left: 20px; clear: both; display: block; width: 100%; float: none; position: static;\">\n<li style=\"margin: 5px 0; padding: 2px 0; clear: both; display: list-item; float: none; position: static;\"><b>Sezon:<\/b> Letnie<\/li>\n<li style=\"margin: 5px 0; padding: 2px 0; clear: both; display: list-item; float: none; position: static;\"><b>Szeroko\u015b\u0107:<\/b> 225<\/li>\n<li style=\"margin: 5px 0; padding: 2px 0; clear: both; display: list-item; float: none; position: static;\"><b>Profil:<\/b> 35<\/li>\n<li style=\"margin: 5px 0; padding: 2px 0; clear: both; display: list-item; float: none; position: static;\"><b>\u015arednica:<\/b> 18<\/li>\n<li style=\"margin: 5px 0; padding: 2px 0; clear: both; display: list-item; float: none; position: static;\"><b>Pr\u0119dko\u015b\u0107:<\/b> Y &#8211; 300 km\/h<\/li>\n<li style=\"margin: 5px 0; padding: 2px 0; clear: both; display: list-item; float: none; position: static;\"><b>No\u015bno\u015b\u0107:<\/b> 87 &#8211; 545 kg<\/li>\n<li style=\"margin: 5px 0; padding: 2px 0; clear: both; display: list-item; float: none; position: static;\"><b>Opory toczenia:<\/b> Klasa D<\/li>\n<li style=\"margin: 5px 0; padding: 2px 0; clear: both; display: list-item; float: none; position: static;\"><b>Przyczepno\u015b\u0107 na mokrej nawierzchni:<\/b> Klasa C<\/li>\n<li style=\"margin: 5px 0; padding: 2px 0; clear: both; display: list-item; float: none; position: static;\"><b>Ha\u0142as zewn\u0119trzny:<\/b> 71 dB<\/li>\n<li style=\"margin: 5px 0; padding: 2px 0; clear: both; display: list-item; float: none; position: static;\"><b>Typ opony:<\/b> TL &#8211; bezd\u0119tkowa<\/li>\n<li style=\"margin: 5px 0; padding: 2px 0; clear: both; display: list-item; float: none; position: static;\"><b>Rok produkcji:<\/b> 2024<\/li>\n<li style=\"margin: 5px 0; padding: 2px 0; clear: both; display: list-item; float: none; position: static;\"><b>szeroko\u015b\u0107 opakowania:<\/b> 0.225<\/li>\n<li style=\"margin: 5px 0; padding: 2px 0; clear: both; display: list-item; float: none; position: static;\"><b>wysoko\u015b\u0107 opakowania:<\/b> 0.637<\/li>\n<li style=\"margin: 5px 0; padding: 2px 0; clear: both; display: list-item; float: none; position: static;\"><b>g\u0142\u0119boko\u015b\u0107 opakowania:<\/b> 0.637<\/li>\n<li style=\"margin: 5px 0; padding: 2px 0; clear: both; display: list-item; float: none; position: static;\"><b>waga opakowania:<\/b> 9.89<\/li>\n<\/ul>\n<p style=\"margin: 15px 0; line-height: 1.8; clear: both; display: block; width: 100%; float: none; position: static;\">KOD EAN: 6924064129351<\/p>\n<p style=\"margin: 15px 0; line-height: 1.8; clear: both; display: block; width: 100%; float: none; position: static;\">INDEX: K2253518LN\/L<\/p>\n<\/div>\n<\/div>\n<div style=\"clear: both; display: block; margin: 10px 0;\">\n<div style=\"clear: both; display: block; margin: 10px 0;\">\n<div  style=\"max-width:654px;max-height:622px\">\n<div style=\"clear: both; display: block; margin: 10px 0;\">\n<div style=\"clear: both; width: 100%; display: block; margin: 20px 0; padding: 0; float: none; position: static; text-align: center;\"><img decoding=\"async\"  src=\"https:\/\/a.allegroimg.com\/original\/116b3f\/1ad5a6654e6bb15bae4a9e570a55\/2-x-Opona-LANVIGATOR-CATCHPOWER-PLUS-225-35R18-Letnie\" srcset=\"https:\/\/a.allegroimg.com\/original\/116b3f\/1ad5a6654e6bb15bae4a9e570a55\/2-x-Opona-LANVIGATOR-CATCHPOWER-PLUS-225-35R18-Letnie 360w,https:\/\/a.allegroimg.com\/original\/116b3f\/1ad5a6654e6bb15bae4a9e570a55\/2-x-Opona-LANVIGATOR-CATCHPOWER-PLUS-225-35R18-Letnie 654w,https:\/\/a.allegroimg.com\/original\/116b3f\/1ad5a6654e6bb15bae4a9e570a55\/2-x-Opona-LANVIGATOR-CATCHPOWER-PLUS-225-35R18-Letnie 654w\" sizes=\"(min-width: 1200px) 560px, (min-width: 992px) 50vw, 100vw\" width=\"654px\" alt=\"2 x Opona LANVIGATOR CATCHPOWER PLUS 225\/35R18 Letnie\" style=\"max-width: 100%; height: auto; display: block; margin: 0 auto;\"><\/div>\n<\/div>\n<\/div>\n<\/div>\n<\/div>\n<\/div>\n<div style=\"clear: both; display: block; margin: 10px 0;\">\n<div style=\"clear: both; display: block; margin: 10px 0;\">\n<div style=\"clear: both; display: block; margin: 10px 0;\">\n<div  style=\"max-width:1365px;max-height:1365px\">\n<div style=\"clear: both; display: block; margin: 10px 0;\">\n<div style=\"clear: both; width: 100%; display: block; margin: 20px 0; padding: 0; float: none; position: static; text-align: center;\"><img decoding=\"async\"  src=\"https:\/\/a.allegroimg.com\/original\/111841\/4928893c478a9e069e3c70b5ac89\/2-x-Opona-LANVIGATOR-CATCHPOWER-PLUS-225-35R18-Letnie-Liczba-opon-w-ofercie-2-szt\" srcset=\"https:\/\/a.allegroimg.com\/original\/111841\/4928893c478a9e069e3c70b5ac89\/2-x-Opona-LANVIGATOR-CATCHPOWER-PLUS-225-35R18-Letnie-Liczba-opon-w-ofercie-2-szt 360w,https:\/\/a.allegroimg.com\/original\/111841\/4928893c478a9e069e3c70b5ac89\/2-x-Opona-LANVIGATOR-CATCHPOWER-PLUS-225-35R18-Letnie-Liczba-opon-w-ofercie-2-szt 720w,https:\/\/a.allegroimg.com\/original\/111841\/4928893c478a9e069e3c70b5ac89\/2-x-Opona-LANVIGATOR-CATCHPOWER-PLUS-225-35R18-Letnie-Liczba-opon-w-ofercie-2-szt 1024w,https:\/\/a.allegroimg.com\/original\/111841\/4928893c478a9e069e3c70b5ac89\/2-x-Opona-LANVIGATOR-CATCHPOWER-PLUS-225-35R18-Letnie-Liczba-opon-w-ofercie-2-szt 1365w,https:\/\/a.allegroimg.com\/original\/111841\/4928893c478a9e069e3c70b5ac89\/2-x-Opona-LANVIGATOR-CATCHPOWER-PLUS-225-35R18-Letnie-Liczba-opon-w-ofercie-2-szt 1365w\" sizes=\"(min-width: 1200px) 560px, (min-width: 992px) 50vw, 100vw\" width=\"1365px\" alt=\"2 x Opona LANVIGATOR CATCHPOWER PLUS 225\/35R18 Letnie Liczba opon w ofercie 2 szt.\" style=\"max-width: 100%; height: auto; display: block; margin: 0 auto;\"><\/div>\n<\/div>\n<\/div>\n<\/div>\n<\/div>\n<div style=\"clear: both; display: block; margin: 10px 0;\">\n<div style=\"clear: both; display: block; margin: 10px 0;\">\n<div  style=\"max-width:1394px;max-height:1394px\">\n<div style=\"clear: both; display: block; margin: 10px 0;\">\n<div style=\"clear: both; width: 100%; display: block; margin: 20px 0; padding: 0; float: none; position: static; text-align: center;\"><img decoding=\"async\"  src=\"https:\/\/a.allegroimg.com\/original\/11152b\/3041e9cd4145b2bd4d3a22f4269c\/2-x-Opona-LANVIGATOR-CATCHPOWER-PLUS-225-35R18-Letnie-Rok-produkcji-2023\" srcset=\"https:\/\/a.allegroimg.com\/original\/11152b\/3041e9cd4145b2bd4d3a22f4269c\/2-x-Opona-LANVIGATOR-CATCHPOWER-PLUS-225-35R18-Letnie-Rok-produkcji-2023 360w,https:\/\/a.allegroimg.com\/original\/11152b\/3041e9cd4145b2bd4d3a22f4269c\/2-x-Opona-LANVIGATOR-CATCHPOWER-PLUS-225-35R18-Letnie-Rok-produkcji-2023 720w,https:\/\/a.allegroimg.com\/original\/11152b\/3041e9cd4145b2bd4d3a22f4269c\/2-x-Opona-LANVIGATOR-CATCHPOWER-PLUS-225-35R18-Letnie-Rok-produkcji-2023 1024w,https:\/\/a.allegroimg.com\/original\/11152b\/3041e9cd4145b2bd4d3a22f4269c\/2-x-Opona-LANVIGATOR-CATCHPOWER-PLUS-225-35R18-Letnie-Rok-produkcji-2023 1394w,https:\/\/a.allegroimg.com\/original\/11152b\/3041e9cd4145b2bd4d3a22f4269c\/2-x-Opona-LANVIGATOR-CATCHPOWER-PLUS-225-35R18-Letnie-Rok-produkcji-2023 1394w\" sizes=\"(min-width: 1200px) 560px, (min-width: 992px) 50vw, 100vw\" width=\"1394px\" alt=\"2 x Opona LANVIGATOR CATCHPOWER PLUS 225\/35R18 Letnie Rok produkcji 2023\" style=\"max-width: 100%; height: auto; display: block; margin: 0 auto;\"><\/div>\n<\/div>\n<\/div>\n<\/div>\n<\/div>\n<\/div>\n<div style=\"clear: both; display: block; margin: 10px 0;\">\n<div style=\"clear: both; display: block; margin: 10px 0;\">\n<div style=\"clear: both; display: block; margin: 10px 0;\">\n<div  style=\"max-width:1403px;max-height:1403px\">\n<div style=\"clear: both; display: block; margin: 10px 0;\">\n<div style=\"clear: both; width: 100%; display: block; margin: 20px 0; padding: 0; float: none; position: static; text-align: center;\"><img decoding=\"async\"  src=\"https:\/\/a.allegroimg.com\/original\/112185\/10583ed94af5b5457b4949f1f08c\/2-x-Opona-LANVIGATOR-CATCHPOWER-PLUS-225-35R18-Letnie-Kod-producenta-6-92406E-12\" srcset=\"https:\/\/a.allegroimg.com\/original\/112185\/10583ed94af5b5457b4949f1f08c\/2-x-Opona-LANVIGATOR-CATCHPOWER-PLUS-225-35R18-Letnie-Kod-producenta-6-92406E-12 360w,https:\/\/a.allegroimg.com\/original\/112185\/10583ed94af5b5457b4949f1f08c\/2-x-Opona-LANVIGATOR-CATCHPOWER-PLUS-225-35R18-Letnie-Kod-producenta-6-92406E-12 720w,https:\/\/a.allegroimg.com\/original\/112185\/10583ed94af5b5457b4949f1f08c\/2-x-Opona-LANVIGATOR-CATCHPOWER-PLUS-225-35R18-Letnie-Kod-producenta-6-92406E-12 1024w,https:\/\/a.allegroimg.com\/original\/112185\/10583ed94af5b5457b4949f1f08c\/2-x-Opona-LANVIGATOR-CATCHPOWER-PLUS-225-35R18-Letnie-Kod-producenta-6-92406E-12 1403w,https:\/\/a.allegroimg.com\/original\/112185\/10583ed94af5b5457b4949f1f08c\/2-x-Opona-LANVIGATOR-CATCHPOWER-PLUS-225-35R18-Letnie-Kod-producenta-6-92406E-12 1403w\" sizes=\"(min-width: 1200px) 560px, (min-width: 992px) 50vw, 100vw\" width=\"1403px\" alt=\"2 x Opona LANVIGATOR CATCHPOWER PLUS 225\/35R18 Letnie Kod producenta 6,92406E+12\" style=\"max-width: 100%; height: auto; display: block; margin: 0 auto;\"><\/div>\n<\/div>\n<\/div>\n<\/div>\n<\/div>\n<div style=\"clear: both; display: block; margin: 10px 0;\">\n<div style=\"clear: both; display: block; margin: 10px 0;\">\n<div  style=\"max-width:384px;max-height:464px\">\n<div style=\"clear: both; display: block; margin: 10px 0;\">\n<div style=\"clear: both; width: 100%; display: block; margin: 20px 0; padding: 0; float: none; position: static; text-align: center;\"><img decoding=\"async\"  src=\"https:\/\/a.allegroimg.com\/original\/111732\/a7b83686458185c1a87994f22e25\/2-x-Opona-LANVIGATOR-CATCHPOWER-PLUS-225-35R18-Letnie-Marka-Lanvigator\" srcset=\"https:\/\/a.allegroimg.com\/original\/111732\/a7b83686458185c1a87994f22e25\/2-x-Opona-LANVIGATOR-CATCHPOWER-PLUS-225-35R18-Letnie-Marka-Lanvigator 297w,https:\/\/a.allegroimg.com\/original\/111732\/a7b83686458185c1a87994f22e25\/2-x-Opona-LANVIGATOR-CATCHPOWER-PLUS-225-35R18-Letnie-Marka-Lanvigator 384w,https:\/\/a.allegroimg.com\/original\/111732\/a7b83686458185c1a87994f22e25\/2-x-Opona-LANVIGATOR-CATCHPOWER-PLUS-225-35R18-Letnie-Marka-Lanvigator 384w\" sizes=\"(min-width: 1200px) 560px, (min-width: 992px) 50vw, 100vw\" width=\"384px\" alt=\"2 x Opona LANVIGATOR CATCHPOWER PLUS 225\/35R18 Letnie Marka Lanvigator\" style=\"max-width: 100%; height: auto; display: block; margin: 0 auto;\"><\/div>\n<\/div>\n<\/div>\n<\/div>\n<\/div>\n<\/div>\n<\/div>\n<\/div>\n<\/div>\n<div style=\"clear: both; display: block; margin: 10px 0;\">\n","protected":false},"excerpt":{"rendered":"<p>OPONA Opona LANVIGATOR CATCHPOWER PLUS 225\/35R18 Letnie 2 sztuki<\/p>\n<p>KATEGORIA: Opony\/Osobowe \/Letnie<\/p>\n<p>PRODUCENT: Lanvigator<\/p>\n<p>Sezon: Letnie<\/p>\n<p>Szeroko\u015b\u0107: 225<\/p>\n<p>Profil: 35<\/p>\n<p>\u015arednica: 18<\/p>\n<p>Pr\u0119dko\u015b\u0107: Y &#8211; 300 km\/h<\/p>\n","protected":false},"featured_media":14239,"template":"","meta":{"_uag_custom_page_level_css":""},"product_brand":[380],"product_cat":[414,418,413,412],"product_tag":[],"class_list":{"0":"post-14238","1":"product","2":"type-product","3":"status-publish","4":"has-post-thumbnail","6":"product_brand-lanvigator","7":"product_cat-do-samochodow-osobowych-i-suv","8":"product_cat-letnie","9":"product_cat-opony","10":"product_cat-opony-i-felgi","12":"first","13":"instock","14":"shipping-taxable","15":"purchasable","16":"product-type-simple"},"uagb_featured_image_src":{"full":["https:\/\/oponixo.shop\/tire\/wp-content\/uploads\/2026\/01\/allegro-image-14238.jpg",654,622,false],"thumbnail":["https:\/\/oponixo.shop\/tire\/wp-content\/uploads\/2026\/01\/allegro-image-14238-150x150.jpg",150,150,true],"medium":["https:\/\/oponixo.shop\/tire\/wp-content\/uploads\/2026\/01\/allegro-image-14238-300x285.jpg",300,285,true],"medium_large":["https:\/\/oponixo.shop\/tire\/wp-content\/uploads\/2026\/01\/allegro-image-14238.jpg",654,622,false],"large":["https:\/\/oponixo.shop\/tire\/wp-content\/uploads\/2026\/01\/allegro-image-14238.jpg",654,622,false],"1536x1536":["https:\/\/oponixo.shop\/tire\/wp-content\/uploads\/2026\/01\/allegro-image-14238.jpg",654,622,false],"2048x2048":["https:\/\/oponixo.shop\/tire\/wp-content\/uploads\/2026\/01\/allegro-image-14238.jpg",654,622,false],"woocommerce_thumbnail":["https:\/\/oponixo.shop\/tire\/wp-content\/uploads\/2026\/01\/allegro-image-14238-300x300.jpg",300,300,true],"woocommerce_single":["https:\/\/oponixo.shop\/tire\/wp-content\/uploads\/2026\/01\/allegro-image-14238-600x571.jpg",600,571,true],"woocommerce_gallery_thumbnail":["https:\/\/oponixo.shop\/tire\/wp-content\/uploads\/2026\/01\/allegro-image-14238-100x100.jpg",100,100,true]},"uagb_author_info":{"display_name":"admin","author_link":"https:\/\/oponixo.shop\/tire\/author\/"},"uagb_comment_info":0,"uagb_excerpt":"OPONA Opona LANVIGATOR CATCHPOWER PLUS 225\/35R18 Letnie 2 sztuki KATEGORIA: Opony\/Osobowe \/Letnie PRODUCENT: Lanvigator Sezon: Letnie Szeroko\u015b\u0107: 225 Profil: 35 \u015arednica: 18 Pr\u0119dko\u015b\u0107: Y - 300 km\/h","_links":{"self":[{"href":"https:\/\/oponixo.shop\/tire\/wp-json\/wp\/v2\/product\/14238","targetHints":{"allow":["GET"]}}],"collection":[{"href":"https:\/\/oponixo.shop\/tire\/wp-json\/wp\/v2\/product"}],"about":[{"href":"https:\/\/oponixo.shop\/tire\/wp-json\/wp\/v2\/types\/product"}],"wp:featuredmedia":[{"embeddable":true,"href":"https:\/\/oponixo.shop\/tire\/wp-json\/wp\/v2\/media\/14239"}],"wp:attachment":[{"href":"https:\/\/oponixo.shop\/tire\/wp-json\/wp\/v2\/media?parent=14238"}],"wp:term":[{"taxonomy":"product_brand","embeddable":true,"href":"https:\/\/oponixo.shop\/tire\/wp-json\/wp\/v2\/product_brand?post=14238"},{"taxonomy":"product_cat","embeddable":true,"href":"https:\/\/oponixo.shop\/tire\/wp-json\/wp\/v2\/product_cat?post=14238"},{"taxonomy":"product_tag","embeddable":true,"href":"https:\/\/oponixo.shop\/tire\/wp-json\/wp\/v2\/product_tag?post=14238"}],"curies":[{"name":"wp","href":"https:\/\/api.w.org\/{rel}","templated":true}]}}