{"id":14292,"date":"2026-01-12T01:35:18","date_gmt":"2026-01-12T00:35:18","guid":{"rendered":"https:\/\/oponyspeed.shop\/xef5\/produkt\/2x-nexen-nfera-sport-225-45r17-91w\/"},"modified":"2026-01-12T01:35:19","modified_gmt":"2026-01-12T00:35:19","slug":"2x-nexen-nfera-sport-225-45r17-91w","status":"publish","type":"product","link":"https:\/\/oponixo.shop\/tire\/produkt\/2x-nexen-nfera-sport-225-45r17-91w\/","title":{"rendered":"2x Nexen NFera Sport 225\/45R17 91W"},"content":{"rendered":"<div style=\"font-family: Arial, sans-serif; line-height: 1.6; color: #333; padding: 20px; clear: both; display: block; width: 100%; float: none; position: static; overflow: hidden;\">\n<div style=\"clear: both; display: block; margin: 10px 0;\">\n<div style=\"clear: both; display: block; margin: 10px 0;\">\n<div style=\"clear: both; display: block; margin: 10px 0;\">\n<h1> 2x Opony letnie Nexen NFera Sport 225\/45R17 91W \/ Ciche <\/h1>\n<h2> G\u0142\u00f3wne cechy: <\/h2>\n<ul style=\"margin: 15px 0; padding-left: 20px; clear: both; display: block; width: 100%; float: none; position: static;\">\n<li style=\"margin: 5px 0; padding: 2px 0; clear: both; display: list-item; float: none; position: static;\"><b>Stan:<\/b> nowe<\/li>\n<li style=\"margin: 5px 0; padding: 2px 0; clear: both; display: list-item; float: none; position: static;\"><b>Aukcja dotyczy:<\/b> 2 sztuk (pary opon)<\/li>\n<li style=\"margin: 5px 0; padding: 2px 0; clear: both; display: list-item; float: none; position: static;\"><b>Sezon:<\/b> opony letnie<\/li>\n<li style=\"margin: 5px 0; padding: 2px 0; clear: both; display: list-item; float: none; position: static;\"><b>Przeznaczenie:<\/b> auta osobowe, SUV, 4&#215;4<\/li>\n<li style=\"margin: 5px 0; padding: 2px 0; clear: both; display: list-item; float: none; position: static;\"><b>Rok produkcji:<\/b> nie starsze jak 2021 (szczeg\u00f3\u0142y w opisie aukcji)<\/li>\n<li style=\"margin: 5px 0; padding: 2px 0; clear: both; display: list-item; float: none; position: static;\"><b>Gwarancia:<\/b> 5 lat od daty zakupu<\/li>\n<li style=\"margin: 5px 0; padding: 2px 0; clear: both; display: list-item; float: none; position: static;\"><b>Kod produktu:<\/b> A16309<\/li>\n<li style=\"margin: 5px 0; padding: 2px 0; clear: both; display: list-item; float: none; position: static;\"><b>EAN:<\/b> 8807622108594<\/li>\n<li style=\"margin: 5px 0; padding: 2px 0; clear: both; display: list-item; float: none; position: static;\">Bardzo kr\u00f3tka droga hamowania<\/li>\n<li style=\"margin: 5px 0; padding: 2px 0; clear: both; display: list-item; float: none; position: static;\">Bardzo ciche<\/li>\n<\/ul>\n<ul style=\"margin: 15px 0; padding-left: 20px; clear: both; display: block; width: 100%; float: none; position: static;\"><\/ul>\n<\/div>\n<\/div>\n<\/div>\n<div style=\"clear: both; display: block; margin: 10px 0;\">\n<div style=\"clear: both; display: block; margin: 10px 0;\">\n<div style=\"clear: both; display: block; margin: 10px 0;\">\n<h2>Parametry opony:<\/h2>\n<ul style=\"margin: 15px 0; padding-left: 20px; clear: both; display: block; width: 100%; float: none; position: static;\">\n<li style=\"margin: 5px 0; padding: 2px 0; clear: both; display: list-item; float: none; position: static;\"><b>Marka:<\/b> Nexen<\/li>\n<li style=\"margin: 5px 0; padding: 2px 0; clear: both; display: list-item; float: none; position: static;\"><b>Klasa:<\/b> \u015brednia<\/li>\n<li style=\"margin: 5px 0; padding: 2px 0; clear: both; display: list-item; float: none; position: static;\"><b>Model:<\/b> NFera Sport<\/li>\n<li style=\"margin: 5px 0; padding: 2px 0; clear: both; display: list-item; float: none; position: static;\"><b>Rozmiar:<\/b> 225\/45R17 (225\/45 R17)<\/li>\n<li style=\"margin: 5px 0; padding: 2px 0; clear: both; display: list-item; float: none; position: static;\"><b>Szeroko\u015b\u0107:<\/b> 225 mm<\/li>\n<li style=\"margin: 5px 0; padding: 2px 0; clear: both; display: list-item; float: none; position: static;\"><b>Wysoko\u015b\u0107:<\/b> 45<\/li>\n<li style=\"margin: 5px 0; padding: 2px 0; clear: both; display: list-item; float: none; position: static;\"><b>\u015arednica:<\/b> R17 (17 cali)<\/li>\n<li style=\"margin: 5px 0; padding: 2px 0; clear: both; display: list-item; float: none; position: static;\"><b>Indeks no\u015bno\u015bci:<\/b> 91<\/li>\n<li style=\"margin: 5px 0; padding: 2px 0; clear: both; display: list-item; float: none; position: static;\"><b>Maks. no\u015bno\u015b\u0107:<\/b> 615 kg na opon\u0119<\/li>\n<li style=\"margin: 5px 0; padding: 2px 0; clear: both; display: list-item; float: none; position: static;\"><b>Indeks pr\u0119dko\u015bci:<\/b> W<\/li>\n<li style=\"margin: 5px 0; padding: 2px 0; clear: both; display: list-item; float: none; position: static;\"><b>Maks. pr\u0119dko\u015b\u0107:<\/b> 270 km\/h<\/li>\n<li style=\"margin: 5px 0; padding: 2px 0; clear: both; display: list-item; float: none; position: static;\"><b>Inne oznaczenia:<\/b><\/li>\n<\/ul>\n<\/div>\n<\/div>\n<div style=\"clear: both; display: block; margin: 10px 0;\">\n<div style=\"clear: both; display: block; margin: 10px 0;\">\n<div  style=\"max-width:500px;max-height:500px\">\n<div style=\"clear: both; display: block; margin: 10px 0;\">\n<div style=\"clear: both; width: 100%; display: block; margin: 20px 0; padding: 0; float: none; position: static; text-align: center;\"><img decoding=\"async\"  src=\"https:\/\/a.allegroimg.com\/original\/11a3f8\/dc34a5de4f23945e1ac69c94dd45\/2x-Nexen-NFera-Sport-225-45R17-91W\" srcset=\"https:\/\/a.allegroimg.com\/original\/11a3f8\/dc34a5de4f23945e1ac69c94dd45\/2x-Nexen-NFera-Sport-225-45R17-91W 360w,https:\/\/a.allegroimg.com\/original\/11a3f8\/dc34a5de4f23945e1ac69c94dd45\/2x-Nexen-NFera-Sport-225-45R17-91W 500w,https:\/\/a.allegroimg.com\/original\/11a3f8\/dc34a5de4f23945e1ac69c94dd45\/2x-Nexen-NFera-Sport-225-45R17-91W 500w\" sizes=\"(min-width: 1200px) 560px, (min-width: 992px) 50vw, 100vw\" width=\"500px\" alt=\"2x Nexen NFera Sport 225\/45R17 91W\" style=\"max-width: 100%; height: auto; display: block; margin: 0 auto;\"><\/div>\n<\/div>\n<\/div>\n<\/div>\n<\/div>\n<\/div>\n<div style=\"clear: both; display: block; margin: 10px 0;\">\n<div style=\"clear: both; display: block; margin: 10px 0;\">\n<div style=\"clear: both; display: block; margin: 10px 0;\">\n<div  style=\"max-width:886px;max-height:1299px\">\n<div style=\"clear: both; display: block; margin: 10px 0;\">\n<div style=\"clear: both; width: 100%; display: block; margin: 20px 0; padding: 0; float: none; position: static; text-align: center;\"><img decoding=\"async\"  src=\"https:\/\/a.allegroimg.com\/original\/11d86f\/be335c6d4c29a1110a652f33aa0a\/2x-Nexen-NFera-Sport-225-45R17-91W-Marka-Nexen\" srcset=\"https:\/\/a.allegroimg.com\/original\/11d86f\/be335c6d4c29a1110a652f33aa0a\/2x-Nexen-NFera-Sport-225-45R17-91W-Marka-Nexen 245w,https:\/\/a.allegroimg.com\/original\/11d86f\/be335c6d4c29a1110a652f33aa0a\/2x-Nexen-NFera-Sport-225-45R17-91W-Marka-Nexen 491w,https:\/\/a.allegroimg.com\/original\/11d86f\/be335c6d4c29a1110a652f33aa0a\/2x-Nexen-NFera-Sport-225-45R17-91W-Marka-Nexen 698w,https:\/\/a.allegroimg.com\/original\/11d86f\/be335c6d4c29a1110a652f33aa0a\/2x-Nexen-NFera-Sport-225-45R17-91W-Marka-Nexen 886w,https:\/\/a.allegroimg.com\/original\/11d86f\/be335c6d4c29a1110a652f33aa0a\/2x-Nexen-NFera-Sport-225-45R17-91W-Marka-Nexen 886w\" sizes=\"(min-width: 1200px) 560px, (min-width: 992px) 50vw, 100vw\" width=\"886px\" alt=\"2x Nexen NFera Sport 225\/45R17 91W Marka Nexen\" style=\"max-width: 100%; height: auto; display: block; margin: 0 auto;\"><\/div>\n<\/div>\n<\/div>\n<\/div>\n<\/div>\n<div style=\"clear: both; display: block; margin: 10px 0;\">\n<div style=\"clear: both; display: block; margin: 10px 0;\">\n<h1> Najnowsza etykieta opony <\/h1>\n<h2> Op\u00f3r toczenia &#8211; klasa B <\/h2>\n<p style=\"margin: 15px 0; line-height: 1.8; clear: both; display: block; width: 100%; float: none; position: static;\"> Zu\u017cycie paliwa odgrywa wa\u017cn\u0105 rol\u0119 z ekonomicznego i ekologicznego punktu widzenia. Im ni\u017csze opory toczenia, tym mniejsza ilo\u015b\u0107 zu\u017cywanej energii oraz ni\u017csze zu\u017cycie paliwa i emisja CO2. Przyk\u0142adowo r\u00f3\u017cnica w spalaniu mi\u0119dzy klas\u0105 E oraz C wynosi 1\/10 litra na 100km. <\/p>\n<h2> Przyczepno\u015b\u0107 na mokrym &#8211; klasa A <\/h2>\n<p style=\"margin: 15px 0; line-height: 1.8; clear: both; display: block; width: 100%; float: none; position: static;\"> Klasyfikacja przyczepno\u015bci wskazuje, jak dobrze opona b\u0119dzie si\u0119 zachowywa\u0107 na mokrej nawierzchni, a jej osi\u0105gi s\u0105 oceniane w skali od klasy A do G. Ocena A oznacza kr\u00f3tk\u0105 drog\u0119 hamowania na mokrej nawierzchni. <\/p>\n<h2> Ha\u0142as zewn\u0119trzny &#8211; klasa B <\/h2>\n<p style=\"margin: 15px 0; line-height: 1.8; clear: both; display: block; width: 100%; float: none; position: static;\"> Poziom ha\u0142asu zewn\u0119trznego (w decybelach) emitowanego przez opon\u0119 auta poruszaj\u0105cego si\u0119 z pr\u0119dko\u015bci\u0105 80km\/h. Opona letnia 225 45 17 Nexen NFera Sport emituje ha\u0142as na poziomie 69 decybeli. <\/p>\n<\/div>\n<\/div>\n<\/div>\n<div style=\"clear: both; display: block; margin: 10px 0;\">\n<div style=\"clear: both; display: block; margin: 10px 0;\">\n<div style=\"clear: both; display: block; margin: 10px 0;\">\n<h1> O firmie Nexen <\/h1>\n<p style=\"margin: 15px 0; line-height: 1.8; clear: both; display: block; width: 100%; float: none; position: static;\"> Producentem modelu opony NFera Sport w rozmiarze 225\/45R17 jest marka Nexen. <\/p>\n<p style=\"margin: 15px 0; line-height: 1.8; clear: both; display: block; width: 100%; float: none; position: static;\"> Nexen to po\u0142udniowokorea\u0144ski producent opon. Firma zosta\u0142a za\u0142o\u017cona w 1942 roku pod oryginaln\u0105 nazw\u0105 Heung-A Tire Co. Pod nazw\u0105 Nexen produkcja ruszy\u0142a w 1956 roku, co ju\u017c po kilku latach zaowocowa\u0142o ogromn\u0105 popularno\u015bci\u0105 produkowanych opon. Nexen jako pierwszy wprowadzi\u0142 na rynek opony z bie\u017cnikiem w kszta\u0142cie litery V.Dzi\u0119ki rozwojowi innowacyjnych technologii i ulepszonym metodom produkcji, asortyment opon Nexen jest stale uzupe\u0142niany o produkty o ulepszonych parametrach u\u017cytkowych, wyd\u0142u\u017conej \u017cywotno\u015bci, zapewniaj\u0105cych optymalne zu\u017cycie paliwa i wy\u017cszy poziom bezpiecze\u0144stwa. Lawinowo rozwijany asortyment sprawi\u0142, \u017ce opony Nexen s\u0105 dost\u0119pne dla szerokiej gamy pojazd\u00f3w, a firma szybko bije kolejne rekordy w swojej bran\u017cy. <\/p>\n<\/div>\n<\/div>\n<div style=\"clear: both; display: block; margin: 10px 0;\">\n<div style=\"clear: both; display: block; margin: 10px 0;\">\n<div  style=\"max-width:500px;max-height:500px\">\n<div style=\"clear: both; display: block; margin: 10px 0;\">\n<div style=\"clear: both; width: 100%; display: block; margin: 20px 0; padding: 0; float: none; position: static; text-align: center;\"><img decoding=\"async\"  src=\"https:\/\/a.allegroimg.com\/original\/11e1fc\/24ac7a2e4141b9c9d777858ac5aa\/2x-Nexen-NFera-Sport-225-45R17-91W-Profil-opony-45\" srcset=\"https:\/\/a.allegroimg.com\/original\/11e1fc\/24ac7a2e4141b9c9d777858ac5aa\/2x-Nexen-NFera-Sport-225-45R17-91W-Profil-opony-45 360w,https:\/\/a.allegroimg.com\/original\/11e1fc\/24ac7a2e4141b9c9d777858ac5aa\/2x-Nexen-NFera-Sport-225-45R17-91W-Profil-opony-45 500w,https:\/\/a.allegroimg.com\/original\/11e1fc\/24ac7a2e4141b9c9d777858ac5aa\/2x-Nexen-NFera-Sport-225-45R17-91W-Profil-opony-45 500w\" sizes=\"(min-width: 1200px) 560px, (min-width: 992px) 50vw, 100vw\" width=\"500px\" alt=\"2x Nexen NFera Sport 225\/45R17 91W Profil opony 45\" style=\"max-width: 100%; height: auto; display: block; margin: 0 auto;\"><\/div>\n<\/div>\n<\/div>\n<\/div>\n<\/div>\n<\/div>\n<div style=\"clear: both; display: block; margin: 10px 0;\">\n<div style=\"clear: both; display: block; margin: 10px 0;\">\n<div style=\"clear: both; display: block; margin: 10px 0;\">\n<div  style=\"max-width:500px;max-height:500px\">\n<div style=\"clear: both; display: block; margin: 10px 0;\">\n<div style=\"clear: both; width: 100%; display: block; margin: 20px 0; padding: 0; float: none; position: static; text-align: center;\"><img decoding=\"async\"  src=\"https:\/\/a.allegroimg.com\/original\/111bab\/034eb37743cca2f78a0b615f9cdd\/2x-Nexen-NFera-Sport-225-45R17-91W-Szerokosc-opony-225-mm\" srcset=\"https:\/\/a.allegroimg.com\/original\/111bab\/034eb37743cca2f78a0b615f9cdd\/2x-Nexen-NFera-Sport-225-45R17-91W-Szerokosc-opony-225-mm 360w,https:\/\/a.allegroimg.com\/original\/111bab\/034eb37743cca2f78a0b615f9cdd\/2x-Nexen-NFera-Sport-225-45R17-91W-Szerokosc-opony-225-mm 500w,https:\/\/a.allegroimg.com\/original\/111bab\/034eb37743cca2f78a0b615f9cdd\/2x-Nexen-NFera-Sport-225-45R17-91W-Szerokosc-opony-225-mm 500w\" sizes=\"(min-width: 1200px) 560px, (min-width: 992px) 50vw, 100vw\" width=\"500px\" alt=\"2x Nexen NFera Sport 225\/45R17 91W Szeroko\u015b\u0107 opony 225 mm\" style=\"max-width: 100%; height: auto; display: block; margin: 0 auto;\"><\/div>\n<\/div>\n<\/div>\n<\/div>\n<\/div>\n<div style=\"clear: both; display: block; margin: 10px 0;\">\n<div style=\"clear: both; display: block; margin: 10px 0;\">\n<h1>Opony letnie Nexen<\/h1>\n<h2>Idealne w najcieplejszych miesi\u0105cach roku, czy sucho czy deszcz<\/h2>\n<p style=\"margin: 15px 0; line-height: 1.8; clear: both; display: block; width: 100%; float: none; position: static;\"> Nexen NFera Sport 225 45 17 91 W nale\u017cy to kategorii opon letnich. Opony letnie zapewniaj\u0105 najlepsze osi\u0105gi w cieplejszych miesi\u0105cach roku. Zbudowane s\u0105 z mieszanki o stosunkowo twardej strukturze, kt\u00f3ra mi\u0119knie w ni\u017cszych temperaturach, aby m\u00f3c dostosowa\u0107 si\u0119 zar\u00f3wno do suchej, jak i mokrej nawierzchni. Specjalna konstrukcja bie\u017cnika sprawia, \u017ce opony letnie doskonale radz\u0105 sobie z aquaplaningiem, a przy tym zapewniaj\u0105 doskona\u0142\u0105 przyczepno\u015b\u0107 i kr\u00f3tk\u0105 drog\u0119 hamowania. G\u0142\u00f3wne r\u00f3\u017cnice w budowie bie\u017cnika w por\u00f3wnaniu z oponami zimowymi wida\u0107 go\u0142ym okiem. Bie\u017cniki letnie posiadaj\u0105 mniej lameli, du\u017ce, solidne \u017cebra i mniejsz\u0105 g\u0142\u0119boko\u015b\u0107. <\/p>\n<p style=\"margin: 15px 0; line-height: 1.8; clear: both; display: block; width: 100%; float: none; position: static;\"> Zapewnia to wi\u0119ksz\u0105 stabilno\u015b\u0107, trwa\u0142o\u015b\u0107 i powierzchni\u0119 styku a tak\u017ce zmniejsza zu\u017cycie paliwa i szumy toczenia. Wszystko to przek\u0142ada si\u0119 na wi\u0119ksz\u0105 przyczepno\u015b\u0107, a zatem i lepsze zachowanie pojazdu w zakr\u0119tach, a tak\u017ce podczas hamowania na suchej i mokrej nawierzchni. Reasumuj\u0105c, opony letnie sprawdzaj\u0105 si\u0119 \u015bwietnie w temperaturach powy\u017cej 7\u00b0C. Gdy temperatury spadaj\u0105 poni\u017cej tego minimum, mieszanka, z kt\u00f3rej wykonane s\u0105 opony, zaczyna twardnie\u0107. W efekcie maleje przyczepno\u015b\u0107, a w skrajnych przypadkach guma mo\u017ce p\u0119ka\u0107. <\/p>\n<\/div>\n<\/div>\n<\/div>\n<div style=\"clear: both; display: block; margin: 10px 0;\">\n<div style=\"clear: both; display: block; margin: 10px 0;\">\n<div style=\"clear: both; display: block; margin: 10px 0;\">\n<h1> Opony Nexen &#8211; najlepszy stosunek ceny do jako\u015bci <\/h1>\n<p style=\"margin: 15px 0; line-height: 1.8; clear: both; display: block; width: 100%; float: none; position: static;\"> Opony letnie 225 45 R17 Nexen NFera Sport pozycjonowane s\u0105 przez bran\u017c\u0119 motoryzacyjn\u0105 jako produkty klasy medium. Opony klasy \u015bredniej, jak sama nazwa wskazuje, pod wzgl\u0119dem osi\u0105g\u00f3w i cen klasyfikowane s\u0105 pomi\u0119dzy modelami premium a bud\u017cetowymi. Produkty z tej p\u00f3\u0142ki ciesz\u0105 si\u0119 bardzo du\u017c\u0105 popularno\u015bci\u0105 ze wzgl\u0119du na doskona\u0142y stosunek ceny do jako\u015bci. Opony klasy \u015bredniej najcz\u0119\u015bciej wybieraj\u0105 kierowcy, kt\u00f3rych styl jazdy okre\u015blany jest jako umiarkowany, posiadaj\u0105 samoch\u00f3d klasy miejskiej, kompaktowej lub \u015bredniej i u\u017cytkuj\u0105 go przewa\u017cnie w mie\u015bcie, od czasu do czasu wybieraj\u0105c si\u0119 w d\u0142u\u017csz\u0105 tras\u0119. <\/p>\n<p style=\"margin: 15px 0; line-height: 1.8; clear: both; display: block; width: 100%; float: none; position: static;\"><b>Opony klasy \u015bredniej<\/b> oferuj\u0105 dobre osi\u0105gi s\u0105 dost\u0119pne w ni\u017cszych cenach ni\u017c modele premium (okre\u015bla si\u0119 je najcz\u0119\u015bciej oponami o dobrym stosunku ceny do jako\u015bci). <\/p>\n<\/div>\n<\/div>\n<div style=\"clear: both; display: block; margin: 10px 0;\">\n<div style=\"clear: both; display: block; margin: 10px 0;\">\n<div  style=\"max-width:500px;max-height:500px\">\n<div style=\"clear: both; display: block; margin: 10px 0;\">\n<div style=\"clear: both; width: 100%; display: block; margin: 20px 0; padding: 0; float: none; position: static; text-align: center;\"><img decoding=\"async\"  src=\"https:\/\/a.allegroimg.com\/original\/11396c\/e6a4c1ee43de8c013044112db6e9\/2x-Nexen-NFera-Sport-225-45R17-91W-Srednica-17\" srcset=\"https:\/\/a.allegroimg.com\/original\/11396c\/e6a4c1ee43de8c013044112db6e9\/2x-Nexen-NFera-Sport-225-45R17-91W-Srednica-17 360w,https:\/\/a.allegroimg.com\/original\/11396c\/e6a4c1ee43de8c013044112db6e9\/2x-Nexen-NFera-Sport-225-45R17-91W-Srednica-17 500w,https:\/\/a.allegroimg.com\/original\/11396c\/e6a4c1ee43de8c013044112db6e9\/2x-Nexen-NFera-Sport-225-45R17-91W-Srednica-17 500w\" sizes=\"(min-width: 1200px) 560px, (min-width: 992px) 50vw, 100vw\" width=\"500px\" alt=\"2x Nexen NFera Sport 225\/45R17 91W \u015arednica 17&quot;\" style=\"max-width: 100%; height: auto; display: block; margin: 0 auto;\"><\/div>\n<\/div>\n<\/div>\n<\/div>\n<\/div>\n<\/div>\n<div style=\"clear: both; display: block; margin: 10px 0;\">\n<div style=\"clear: both; display: block; margin: 10px 0;\">\n<div style=\"clear: both; display: block; margin: 10px 0;\">\n<div  style=\"max-width:500px;max-height:700px\">\n<div style=\"clear: both; display: block; margin: 10px 0;\">\n<div style=\"clear: both; width: 100%; display: block; margin: 20px 0; padding: 0; float: none; position: static; text-align: center;\"><img decoding=\"async\"  src=\"https:\/\/a.allegroimg.com\/original\/115669\/638c8ca44950a89dfe749c463953\/2x-Nexen-NFera-Sport-225-45R17-91W-Model-N-Fera-Sport\" srcset=\"https:\/\/a.allegroimg.com\/original\/115669\/638c8ca44950a89dfe749c463953\/2x-Nexen-NFera-Sport-225-45R17-91W-Model-N-Fera-Sport 257w,https:\/\/a.allegroimg.com\/original\/115669\/638c8ca44950a89dfe749c463953\/2x-Nexen-NFera-Sport-225-45R17-91W-Model-N-Fera-Sport 500w,https:\/\/a.allegroimg.com\/original\/115669\/638c8ca44950a89dfe749c463953\/2x-Nexen-NFera-Sport-225-45R17-91W-Model-N-Fera-Sport 500w\" sizes=\"(min-width: 1200px) 560px, (min-width: 992px) 50vw, 100vw\" width=\"500px\" alt=\"2x Nexen NFera Sport 225\/45R17 91W Model N'Fera Sport\" style=\"max-width: 100%; height: auto; display: block; margin: 0 auto;\"><\/div>\n<\/div>\n<\/div>\n<\/div>\n<\/div>\n<div style=\"clear: both; display: block; margin: 10px 0;\">\n<div style=\"clear: both; display: block; margin: 10px 0;\">\n<h1> Dlaczego warto kupi\u0107 opony Nexen NFera Sport 225\/45R17 91W na naszej aukcji? <\/h1>\n<p style=\"margin: 15px 0; line-height: 1.8; clear: both; display: block; width: 100%; float: none; position: static;\"> Zobacz co otrzymujesz dodatkowo: <\/p>\n<p style=\"margin: 15px 0; line-height: 1.8; clear: both; display: block; width: 100%; float: none; position: static;\"><b>Ca\u0142odobowa pomoc<\/b> &#8211; Przez lata uda\u0142o nam si\u0119 zebra\u0107 prawdziwy zesp\u00f3\u0142 profesjonalist\u00f3w, kt\u00f3rzy szybko i sprawnie pomog\u0105 w zakupie opon i zorganizowaniu dostawy. Nasz\u0105 firm\u0119 tworz\u0105 do\u015bwiadczeni, energiczni, ambitni ludzie, kt\u00f3rych zainteresowania obejmuj\u0105 r\u00f3\u017cne dziedziny motoryzacji i nie tylko. W pilnych sprawach dotycz\u0105cych zam\u00f3wienia czy przesy\u0142ki jeste\u015bmy do dyspozycji przez 7 dni w tygodniu oraz 24h na dob\u0119. <\/p>\n<p style=\"margin: 15px 0; line-height: 1.8; clear: both; display: block; width: 100%; float: none; position: static;\"><b>Najd\u0142u\u017cszy okres zwrot\u00f3w<\/b> &#8211; Je\u015bli z jakiego\u015b powodu otrzymane zam\u00f3wienie ci\u0119 nie satysfakcjonuje, a opona nie posiada \u015blad\u00f3w u\u017cytkowania to mo\u017cesz j\u0105 zwr\u00f3ci\u0107 w ci\u0105gu 31 dni od daty dostarczenia. <\/p>\n<p style=\"margin: 15px 0; line-height: 1.8; clear: both; display: block; width: 100%; float: none; position: static;\"><b>Wieloletnie do\u015bwiadczenie<\/b> &#8211; Na niezwykle trudnym i wymagaj\u0105cym rynku motoryzacyjnym dzia\u0142amy ju\u017c przesz\u0142o 19 lat dostarczaj\u0105c naszym klientom produkty najwy\u017cszej jako\u015bci. <\/p>\n<p style=\"margin: 15px 0; line-height: 1.8; clear: both; display: block; width: 100%; float: none; position: static;\"><b>Sprawdzeni partnerzy logistyczni<\/b> &#8211; Aby zakupiony towar znalaz\u0142 si\u0119 szybko i bezpiecznie w miejscu docelowym korzystamy z us\u0142ug sprawdzonych przewo\u017anik\u00f3w, a wszystkie nasze przesy\u0142ki s\u0105 ubezpieczone do kwoty 15 000 z\u0142. <\/p>\n<p style=\"margin: 15px 0; line-height: 1.8; clear: both; display: block; width: 100%; float: none; position: static;\"><b>Najlepsze warunki przechowywania<\/b> &#8211; Po\u015bwi\u0119camy bardzo du\u017co uwagi, aby w naszych magazynach zapewni\u0107 optymalne warunki sk\u0142adowania opon. Magazyn posiada wentylacj\u0119 i stale kontrolowan\u0105 temperatur\u0119 w zakresie od 15 do 25 stopni Celsjusza. Chroni opony przed nadmiernym nara\u017ceniem na \u015bwiat\u0142o s\u0142oneczne i promieniowanie UV, a opony s\u0105 przechowywane w taki spos\u00f3b, aby \u017caden inny obiekt nie wywiera\u0142 na nie nacisku. <\/p>\n<p style=\"margin: 15px 0; line-height: 1.8; clear: both; display: block; width: 100%; float: none; position: static;\"><b>Pe\u0142na automatyzacja<\/b> &#8211; Pe\u0142na automatyzacja magazyn\u00f3w pozwala nam wysy\u0142a\u0107 do 10 000 opon dziennie. Ponadto dzi\u0119ki systemowi zarz\u0105dzania magazynem jeste\u015bmy w stanie efektywnie i szybko realizowa\u0107 zam\u00f3wienia unikaj\u0105c nawet najdrobniejszych pomy\u0142ek. <\/p>\n<\/div>\n<\/div>\n<\/div>\n<\/div>\n<\/div>\n<\/div>\n<div style=\"clear: both; display: block; margin: 10px 0;\">\n","protected":false},"excerpt":{"rendered":"<p>2x Opony letnie Nexen NFera Sport 225\/45R17 91W \/ Ciche<\/p>\n<p>G\u0142\u00f3wne cechy:<\/p>\n<p>Stan: nowe<\/p>\n<p>Aukcja dotyczy: 2 sztuk (pary opon)<\/p>\n<p>Sezon: opony letnie<\/p>\n<p>Przeznaczenie: auta osobowe, SUV, 4&#215;4<\/p>\n<p>Rok produkcji: nie starsze jak 2021 (szczeg\u00f3\u0142y w opisie aukcji)<\/p>\n<p>Gwarancia: 5 lat od daty zakupu<\/p>\n","protected":false},"featured_media":14293,"template":"","meta":{"_uag_custom_page_level_css":""},"product_brand":[392],"product_cat":[414,418,413,412],"product_tag":[],"class_list":{"0":"post-14292","1":"product","2":"type-product","3":"status-publish","4":"has-post-thumbnail","6":"product_brand-nexen","7":"product_cat-do-samochodow-osobowych-i-suv","8":"product_cat-letnie","9":"product_cat-opony","10":"product_cat-opony-i-felgi","12":"first","13":"instock","14":"shipping-taxable","15":"purchasable","16":"product-type-simple"},"uagb_featured_image_src":{"full":["https:\/\/oponixo.shop\/tire\/wp-content\/uploads\/2026\/01\/allegro-image-14292.jpg",500,500,false],"thumbnail":["https:\/\/oponixo.shop\/tire\/wp-content\/uploads\/2026\/01\/allegro-image-14292-150x150.jpg",150,150,true],"medium":["https:\/\/oponixo.shop\/tire\/wp-content\/uploads\/2026\/01\/allegro-image-14292-300x300.jpg",300,300,true],"medium_large":["https:\/\/oponixo.shop\/tire\/wp-content\/uploads\/2026\/01\/allegro-image-14292.jpg",500,500,false],"large":["https:\/\/oponixo.shop\/tire\/wp-content\/uploads\/2026\/01\/allegro-image-14292.jpg",500,500,false],"1536x1536":["https:\/\/oponixo.shop\/tire\/wp-content\/uploads\/2026\/01\/allegro-image-14292.jpg",500,500,false],"2048x2048":["https:\/\/oponixo.shop\/tire\/wp-content\/uploads\/2026\/01\/allegro-image-14292.jpg",500,500,false],"woocommerce_thumbnail":["https:\/\/oponixo.shop\/tire\/wp-content\/uploads\/2026\/01\/allegro-image-14292-300x300.jpg",300,300,true],"woocommerce_single":["https:\/\/oponixo.shop\/tire\/wp-content\/uploads\/2026\/01\/allegro-image-14292.jpg",500,500,false],"woocommerce_gallery_thumbnail":["https:\/\/oponixo.shop\/tire\/wp-content\/uploads\/2026\/01\/allegro-image-14292-100x100.jpg",100,100,true]},"uagb_author_info":{"display_name":"admin","author_link":"https:\/\/oponixo.shop\/tire\/author\/"},"uagb_comment_info":0,"uagb_excerpt":"2x Opony letnie Nexen NFera Sport 225\/45R17 91W \/ Ciche G\u0142\u00f3wne cechy: Stan: nowe Aukcja dotyczy: 2 sztuk (pary opon) Sezon: opony letnie Przeznaczenie: auta osobowe, SUV, 4x4 Rok produkcji: nie starsze jak 2021 (szczeg\u00f3\u0142y w opisie aukcji) Gwarancia: 5 lat od daty zakupu","_links":{"self":[{"href":"https:\/\/oponixo.shop\/tire\/wp-json\/wp\/v2\/product\/14292","targetHints":{"allow":["GET"]}}],"collection":[{"href":"https:\/\/oponixo.shop\/tire\/wp-json\/wp\/v2\/product"}],"about":[{"href":"https:\/\/oponixo.shop\/tire\/wp-json\/wp\/v2\/types\/product"}],"wp:featuredmedia":[{"embeddable":true,"href":"https:\/\/oponixo.shop\/tire\/wp-json\/wp\/v2\/media\/14293"}],"wp:attachment":[{"href":"https:\/\/oponixo.shop\/tire\/wp-json\/wp\/v2\/media?parent=14292"}],"wp:term":[{"taxonomy":"product_brand","embeddable":true,"href":"https:\/\/oponixo.shop\/tire\/wp-json\/wp\/v2\/product_brand?post=14292"},{"taxonomy":"product_cat","embeddable":true,"href":"https:\/\/oponixo.shop\/tire\/wp-json\/wp\/v2\/product_cat?post=14292"},{"taxonomy":"product_tag","embeddable":true,"href":"https:\/\/oponixo.shop\/tire\/wp-json\/wp\/v2\/product_tag?post=14292"}],"curies":[{"name":"wp","href":"https:\/\/api.w.org\/{rel}","templated":true}]}}