{"id":14310,"date":"2026-01-12T01:35:23","date_gmt":"2026-01-12T00:35:23","guid":{"rendered":"https:\/\/oponyspeed.shop\/xef5\/produkt\/2x-opony-letnie-205-55r16-nexen-nblue-s-91v\/"},"modified":"2026-01-12T01:35:23","modified_gmt":"2026-01-12T00:35:23","slug":"2x-opony-letnie-205-55r16-nexen-nblue-s-91v","status":"publish","type":"product","link":"https:\/\/oponixo.shop\/tire\/produkt\/2x-opony-letnie-205-55r16-nexen-nblue-s-91v\/","title":{"rendered":"2x opony letnie 205\/55R16 NEXEN N&#8217;BLUE S 91V"},"content":{"rendered":"<div style=\"font-family: Arial, sans-serif; line-height: 1.6; color: #333; padding: 20px; clear: both; display: block; width: 100%; float: none; position: static; overflow: hidden;\">\n<div style=\"clear: both; display: block; margin: 10px 0;\">\n<div style=\"clear: both; display: block; margin: 10px 0;\">\n<div style=\"clear: both; display: block; margin: 10px 0;\">\n<h2>Nexen N&#8217;blue S 205\/55R16 91 V<\/h2>\n<p style=\"margin: 15px 0; line-height: 1.8; clear: both; display: block; width: 100%; float: none; position: static;\">Opona letnia Nexen N&#8217;blue S 205\/55R16 91 V<\/p>\n<p style=\"margin: 15px 0; line-height: 1.8; clear: both; display: block; width: 100%; float: none; position: static;\">Cechy produktu:<\/p>\n<ul style=\"margin: 15px 0; padding-left: 20px; clear: both; display: block; width: 100%; float: none; position: static;\">\n<li style=\"margin: 5px 0; padding: 2px 0; clear: both; display: list-item; float: none; position: static;\">sezon: letnie<\/li>\n<li style=\"margin: 5px 0; padding: 2px 0; clear: both; display: list-item; float: none; position: static;\">szeroko\u015b\u0107\/profil\/\u015brednica: 205\/55R16<\/li>\n<li style=\"margin: 5px 0; padding: 2px 0; clear: both; display: list-item; float: none; position: static;\">indeks no\u015bno\u015bci: 91 &#8211; 615 kg<\/li>\n<li style=\"margin: 5px 0; padding: 2px 0; clear: both; display: list-item; float: none; position: static;\">indeks pr\u0119dko\u015bci: V do 240 km\/h<\/li>\n<li style=\"margin: 5px 0; padding: 2px 0; clear: both; display: list-item; float: none; position: static;\">op\u00f3r toczenia: Klasa A<\/li>\n<li style=\"margin: 5px 0; padding: 2px 0; clear: both; display: list-item; float: none; position: static;\">hamowanie na mokrej nawierzchni: Klasa A<\/li>\n<li style=\"margin: 5px 0; padding: 2px 0; clear: both; display: list-item; float: none; position: static;\">ha\u0142as zewn\u0119trzny: 69 dB<\/li>\n<\/ul>\n<\/div>\n<\/div>\n<div style=\"clear: both; display: block; margin: 10px 0;\">\n<div style=\"clear: both; display: block; margin: 10px 0;\">\n<div  style=\"max-width:400px;max-height:600px\">\n<div style=\"clear: both; display: block; margin: 10px 0;\">\n<div style=\"clear: both; width: 100%; display: block; margin: 20px 0; padding: 0; float: none; position: static; text-align: center;\"><img decoding=\"async\"  src=\"https:\/\/a.allegroimg.com\/original\/00c423\/bd6bccee4b1999efe071fd93bf46\/2x-opony-letnie-205-55R16-NEXEN-N-BLUE-S-91V\" srcset=\"https:\/\/a.allegroimg.com\/original\/00c423\/bd6bccee4b1999efe071fd93bf46\/2x-opony-letnie-205-55R16-NEXEN-N-BLUE-S-91V 240w,https:\/\/a.allegroimg.com\/original\/00c423\/bd6bccee4b1999efe071fd93bf46\/2x-opony-letnie-205-55R16-NEXEN-N-BLUE-S-91V 400w,https:\/\/a.allegroimg.com\/original\/00c423\/bd6bccee4b1999efe071fd93bf46\/2x-opony-letnie-205-55R16-NEXEN-N-BLUE-S-91V 400w\" sizes=\"(min-width: 1200px) 560px, (min-width: 992px) 50vw, 100vw\" width=\"400px\" alt=\"2x opony letnie 205\/55R16 NEXEN N'BLUE S 91V\" style=\"max-width: 100%; height: auto; display: block; margin: 0 auto;\"><\/div>\n<\/div>\n<\/div>\n<\/div>\n<\/div>\n<\/div>\n<div style=\"clear: both; display: block; margin: 10px 0;\">\n<div style=\"clear: both; display: block; margin: 10px 0;\">\n<div style=\"clear: both; display: block; margin: 10px 0;\">\n<h3 style=\"color: #2c5aa0; font-size: 18px; margin: 30px 0 15px 0; font-weight: bold; clear: both; display: block; width: 100%; float: none; position: static;\">Informacje dodatkowe:<\/h3>\n<ul style=\"margin: 15px 0; padding-left: 20px; clear: both; display: block; width: 100%; float: none; position: static;\">\n<li style=\"margin: 5px 0; padding: 2px 0; clear: both; display: list-item; float: none; position: static;\">rok produkcji: 2024 <\/li>\n<li style=\"margin: 5px 0; padding: 2px 0; clear: both; display: list-item; float: none; position: static;\">stan: fabrycznie nowe <\/li>\n<\/ul>\n<\/div>\n<\/div>\n<\/div>\n<div style=\"clear: both; display: block; margin: 10px 0;\">\n<div style=\"clear: both; display: block; margin: 10px 0;\">\n<div style=\"clear: both; display: block; margin: 10px 0;\">\n<div  style=\"max-width:400px;max-height:600px\">\n<div style=\"clear: both; display: block; margin: 10px 0;\">\n<div style=\"clear: both; width: 100%; display: block; margin: 20px 0; padding: 0; float: none; position: static; text-align: center;\"><img decoding=\"async\"  src=\"https:\/\/a.allegroimg.com\/original\/00c423\/bd6bccee4b1999efe071fd93bf46\/2x-opony-letnie-205-55R16-NEXEN-N-BLUE-S-91V\" srcset=\"https:\/\/a.allegroimg.com\/original\/00c423\/bd6bccee4b1999efe071fd93bf46\/2x-opony-letnie-205-55R16-NEXEN-N-BLUE-S-91V 240w,https:\/\/a.allegroimg.com\/original\/00c423\/bd6bccee4b1999efe071fd93bf46\/2x-opony-letnie-205-55R16-NEXEN-N-BLUE-S-91V 400w,https:\/\/a.allegroimg.com\/original\/00c423\/bd6bccee4b1999efe071fd93bf46\/2x-opony-letnie-205-55R16-NEXEN-N-BLUE-S-91V 400w\" sizes=\"100vw\" width=\"400px\" alt=\"2x opony letnie 205\/55R16 NEXEN N'BLUE S 91V\" style=\"max-width: 100%; height: auto; display: block; margin: 0 auto;\"><\/div>\n<\/div>\n<\/div>\n<\/div>\n<\/div>\n<\/div>\n<\/div>\n<\/div>\n<\/div>\n<div style=\"clear: both; display: block; margin: 10px 0;\">\n","protected":false},"excerpt":{"rendered":"<p>Nexen N&#039;blue S 205\/55R16 91 V<\/p>\n<p>Opona letnia Nexen N&#039;blue S 205\/55R16 91 V<\/p>\n<p>Cechy produktu:<\/p>\n<p>sezon: letnie<\/p>\n<p>szeroko\u015b\u0107\/profil\/\u015brednica: 205\/55R16<\/p>\n<p>indeks no\u015bno\u015bci: 91 &#8211; 615 kg<\/p>\n<p>indeks pr\u0119dko\u015bci: V do 240 km\/h<\/p>\n<p>op\u00f3r toczenia: Klasa A<\/p>\n","protected":false},"featured_media":14311,"template":"","meta":{"_uag_custom_page_level_css":""},"product_brand":[392],"product_cat":[414,418,413,412],"product_tag":[],"class_list":{"0":"post-14310","1":"product","2":"type-product","3":"status-publish","4":"has-post-thumbnail","6":"product_brand-nexen","7":"product_cat-do-samochodow-osobowych-i-suv","8":"product_cat-letnie","9":"product_cat-opony","10":"product_cat-opony-i-felgi","12":"first","13":"instock","14":"shipping-taxable","15":"purchasable","16":"product-type-simple"},"uagb_featured_image_src":{"full":["https:\/\/oponixo.shop\/tire\/wp-content\/uploads\/2026\/01\/allegro-image-14310.jpg",400,600,false],"thumbnail":["https:\/\/oponixo.shop\/tire\/wp-content\/uploads\/2026\/01\/allegro-image-14310-150x150.jpg",150,150,true],"medium":["https:\/\/oponixo.shop\/tire\/wp-content\/uploads\/2026\/01\/allegro-image-14310-200x300.jpg",200,300,true],"medium_large":["https:\/\/oponixo.shop\/tire\/wp-content\/uploads\/2026\/01\/allegro-image-14310.jpg",400,600,false],"large":["https:\/\/oponixo.shop\/tire\/wp-content\/uploads\/2026\/01\/allegro-image-14310.jpg",400,600,false],"1536x1536":["https:\/\/oponixo.shop\/tire\/wp-content\/uploads\/2026\/01\/allegro-image-14310.jpg",400,600,false],"2048x2048":["https:\/\/oponixo.shop\/tire\/wp-content\/uploads\/2026\/01\/allegro-image-14310.jpg",400,600,false],"woocommerce_thumbnail":["https:\/\/oponixo.shop\/tire\/wp-content\/uploads\/2026\/01\/allegro-image-14310-300x300.jpg",300,300,true],"woocommerce_single":["https:\/\/oponixo.shop\/tire\/wp-content\/uploads\/2026\/01\/allegro-image-14310.jpg",400,600,false],"woocommerce_gallery_thumbnail":["https:\/\/oponixo.shop\/tire\/wp-content\/uploads\/2026\/01\/allegro-image-14310-100x100.jpg",100,100,true]},"uagb_author_info":{"display_name":"admin","author_link":"https:\/\/oponixo.shop\/tire\/author\/"},"uagb_comment_info":0,"uagb_excerpt":"Nexen N&#039;blue S 205\/55R16 91 V Opona letnia Nexen N&#039;blue S 205\/55R16 91 V Cechy produktu: sezon: letnie szeroko\u015b\u0107\/profil\/\u015brednica: 205\/55R16 indeks no\u015bno\u015bci: 91 - 615 kg indeks pr\u0119dko\u015bci: V do 240 km\/h op\u00f3r toczenia: Klasa A","_links":{"self":[{"href":"https:\/\/oponixo.shop\/tire\/wp-json\/wp\/v2\/product\/14310","targetHints":{"allow":["GET"]}}],"collection":[{"href":"https:\/\/oponixo.shop\/tire\/wp-json\/wp\/v2\/product"}],"about":[{"href":"https:\/\/oponixo.shop\/tire\/wp-json\/wp\/v2\/types\/product"}],"wp:featuredmedia":[{"embeddable":true,"href":"https:\/\/oponixo.shop\/tire\/wp-json\/wp\/v2\/media\/14311"}],"wp:attachment":[{"href":"https:\/\/oponixo.shop\/tire\/wp-json\/wp\/v2\/media?parent=14310"}],"wp:term":[{"taxonomy":"product_brand","embeddable":true,"href":"https:\/\/oponixo.shop\/tire\/wp-json\/wp\/v2\/product_brand?post=14310"},{"taxonomy":"product_cat","embeddable":true,"href":"https:\/\/oponixo.shop\/tire\/wp-json\/wp\/v2\/product_cat?post=14310"},{"taxonomy":"product_tag","embeddable":true,"href":"https:\/\/oponixo.shop\/tire\/wp-json\/wp\/v2\/product_tag?post=14310"}],"curies":[{"name":"wp","href":"https:\/\/api.w.org\/{rel}","templated":true}]}}