{"id":14365,"date":"2026-01-12T01:45:42","date_gmt":"2026-01-12T00:45:42","guid":{"rendered":"https:\/\/oponyspeed.shop\/xef5\/produkt\/2x-opona-datex-155-80r15-wr075-retro-classic-82s\/"},"modified":"2026-01-12T01:45:43","modified_gmt":"2026-01-12T00:45:43","slug":"2x-opona-datex-155-80r15-wr075-retro-classic-82s","status":"publish","type":"product","link":"https:\/\/oponixo.shop\/tire\/produkt\/2x-opona-datex-155-80r15-wr075-retro-classic-82s\/","title":{"rendered":"2x Opona DATEX 155\/80R15 WR075 Retro Classic 82S"},"content":{"rendered":"<div style=\"font-family: Arial, sans-serif; line-height: 1.6; color: #333; padding: 20px; clear: both; display: block; width: 100%; float: none; position: static; overflow: hidden;\">\n<div style=\"clear: both; display: block; margin: 10px 0;\">\n<div style=\"clear: both; display: block; margin: 10px 0;\">\n<div style=\"clear: both; display: block; margin: 10px 0;\">\n<h1>Para (2 szt.) opon Datex<\/h1>\n<h1>model: WR075 Classic<\/h1>\n<h2>rozmiar: 155\/80R15<\/h2>\n<p style=\"margin: 15px 0; line-height: 1.8; clear: both; display: block; width: 100%; float: none; position: static;\">indeks no\u015bno\u015bci: 82 (do 475 kg na jedn\u0105 opon\u0119)<\/p>\n<p style=\"margin: 15px 0; line-height: 1.8; clear: both; display: block; width: 100%; float: none; position: static;\">indeks pr\u0119dko\u015bci: S (do 180 km\/h)<\/p>\n<h3 style=\"color: #2c5aa0; font-size: 18px; margin: 30px 0 15px 0; font-weight: bold; clear: both; display: block; width: 100%; float: none; position: static;\">Wysokiej jako\u015bci opona retro z klasycznym bie\u017cnikiem do zabytkowych samochod\u00f3w (oldtimer). Zaprojektowana, aby zapewni\u0107 trwa\u0142o\u015b\u0107 bie\u017cnika i profilu dzi\u0119ki zastosowaniu specjalnej mieszanki gumowej.<\/h3>\n<p style=\"margin: 15px 0; line-height: 1.8; clear: both; display: block; width: 100%; float: none; position: static;\">Opona jest przeznaczona wy\u0142\u0105cznie do montowania w pojazdach zarejestrowanych po raz pierwszy przed dniem 1 pa\u017adziernika 1990 r.<\/p>\n<p style=\"margin: 15px 0; line-height: 1.8; clear: both; display: block; width: 100%; float: none; position: static;\">Zgodnie z Rozporz\u0105dzeniem Parlamentu Europejskiego i Rady (WE) NR 1222\/2009 z dnia 25 listopada 2009 r. \u201ew sprawie etykietowania opon pod k\u0105tem efektywno\u015bci paliwowej i innych zasadniczych parametr\u00f3w\u201d, opona nie jest obj\u0119ta obowi\u0105zkiem stosowania etykiet.<\/p>\n<\/div>\n<\/div>\n<div style=\"clear: both; display: block; margin: 10px 0;\">\n<div style=\"clear: both; display: block; margin: 10px 0;\">\n<div  style=\"max-width:552px;max-height:875px\">\n<div style=\"clear: both; display: block; margin: 10px 0;\">\n<div style=\"clear: both; width: 100%; display: block; margin: 20px 0; padding: 0; float: none; position: static; text-align: center;\"><img decoding=\"async\"  src=\"https:\/\/a.allegroimg.com\/original\/11d582\/137dd22a4ce0b37043a367a8493a\/2x-Opona-DATEX-155-80R15-WR075-Retro-Classic-82S-Marka-Datex\" srcset=\"https:\/\/a.allegroimg.com\/original\/11d582\/137dd22a4ce0b37043a367a8493a\/2x-Opona-DATEX-155-80R15-WR075-Retro-Classic-82S-Marka-Datex 227w,https:\/\/a.allegroimg.com\/original\/11d582\/137dd22a4ce0b37043a367a8493a\/2x-Opona-DATEX-155-80R15-WR075-Retro-Classic-82S-Marka-Datex 454w,https:\/\/a.allegroimg.com\/original\/11d582\/137dd22a4ce0b37043a367a8493a\/2x-Opona-DATEX-155-80R15-WR075-Retro-Classic-82S-Marka-Datex 552w,https:\/\/a.allegroimg.com\/original\/11d582\/137dd22a4ce0b37043a367a8493a\/2x-Opona-DATEX-155-80R15-WR075-Retro-Classic-82S-Marka-Datex 552w\" sizes=\"(min-width: 1200px) 560px, (min-width: 992px) 50vw, 100vw\" width=\"552px\" alt=\"2x Opona DATEX 155\/80R15 WR075 Retro Classic 82S Marka Datex\" style=\"max-width: 100%; height: auto; display: block; margin: 0 auto;\"><\/div>\n<\/div>\n<\/div>\n<\/div>\n<\/div>\n<\/div>\n<\/div>\n<\/div>\n<\/div>\n<div style=\"clear: both; display: block; margin: 10px 0;\">\n","protected":false},"excerpt":{"rendered":"<p>Para (2 szt.) opon Datex<\/p>\n<p>model: WR075 Classic<\/p>\n<p>rozmiar: 155\/80R15<\/p>\n<p>indeks no\u015bno\u015bci: 82 (do 475 kg na jedn\u0105 opon\u0119)<\/p>\n<p>indeks pr\u0119dko\u015bci: S (do 180 km\/h)<\/p>\n<p>Wysokiej jako\u015bci opona retro z klasycznym bie\u017cnikiem do zabytkowych samochod\u00f3w (oldtimer). Zaprojektowana, aby zapewni\u0107 trwa\u0142o\u015b\u0107 bie\u017cnika i profilu dzi\u0119ki zastosowaniu specjalnej mieszanki gumowej.<\/p>\n<p>Opona jest przeznaczona wy\u0142\u0105cznie do montowania w pojazdach zarejestrowanych po raz pierwszy przed dniem 1 pa\u017adziernika 1990 r.<\/p>\n","protected":false},"featured_media":14366,"template":"","meta":{"_uag_custom_page_level_css":""},"product_brand":[495],"product_cat":[414,418,413,412],"product_tag":[],"class_list":{"0":"post-14365","1":"product","2":"type-product","3":"status-publish","4":"has-post-thumbnail","6":"product_brand-datex","7":"product_cat-do-samochodow-osobowych-i-suv","8":"product_cat-letnie","9":"product_cat-opony","10":"product_cat-opony-i-felgi","12":"first","13":"instock","14":"shipping-taxable","15":"purchasable","16":"product-type-simple"},"uagb_featured_image_src":{"full":["https:\/\/oponixo.shop\/tire\/wp-content\/uploads\/2026\/01\/allegro-image-14365.jpg",767,875,false],"thumbnail":["https:\/\/oponixo.shop\/tire\/wp-content\/uploads\/2026\/01\/allegro-image-14365-150x150.jpg",150,150,true],"medium":["https:\/\/oponixo.shop\/tire\/wp-content\/uploads\/2026\/01\/allegro-image-14365-263x300.jpg",263,300,true],"medium_large":["https:\/\/oponixo.shop\/tire\/wp-content\/uploads\/2026\/01\/allegro-image-14365.jpg",767,875,false],"large":["https:\/\/oponixo.shop\/tire\/wp-content\/uploads\/2026\/01\/allegro-image-14365.jpg",767,875,false],"1536x1536":["https:\/\/oponixo.shop\/tire\/wp-content\/uploads\/2026\/01\/allegro-image-14365.jpg",767,875,false],"2048x2048":["https:\/\/oponixo.shop\/tire\/wp-content\/uploads\/2026\/01\/allegro-image-14365.jpg",767,875,false],"woocommerce_thumbnail":["https:\/\/oponixo.shop\/tire\/wp-content\/uploads\/2026\/01\/allegro-image-14365-300x300.jpg",300,300,true],"woocommerce_single":["https:\/\/oponixo.shop\/tire\/wp-content\/uploads\/2026\/01\/allegro-image-14365-600x684.jpg",600,684,true],"woocommerce_gallery_thumbnail":["https:\/\/oponixo.shop\/tire\/wp-content\/uploads\/2026\/01\/allegro-image-14365-100x100.jpg",100,100,true]},"uagb_author_info":{"display_name":"admin","author_link":"https:\/\/oponixo.shop\/tire\/author\/"},"uagb_comment_info":0,"uagb_excerpt":"Para (2 szt.) opon Datex model: WR075 Classic rozmiar: 155\/80R15 indeks no\u015bno\u015bci: 82 (do 475 kg na jedn\u0105 opon\u0119) indeks pr\u0119dko\u015bci: S (do 180 km\/h) Wysokiej jako\u015bci opona retro z klasycznym bie\u017cnikiem do zabytkowych samochod\u00f3w (oldtimer). Zaprojektowana, aby zapewni\u0107 trwa\u0142o\u015b\u0107 bie\u017cnika i profilu dzi\u0119ki zastosowaniu specjalnej mieszanki gumowej. Opona jest przeznaczona wy\u0142\u0105cznie do montowania w&hellip;","_links":{"self":[{"href":"https:\/\/oponixo.shop\/tire\/wp-json\/wp\/v2\/product\/14365","targetHints":{"allow":["GET"]}}],"collection":[{"href":"https:\/\/oponixo.shop\/tire\/wp-json\/wp\/v2\/product"}],"about":[{"href":"https:\/\/oponixo.shop\/tire\/wp-json\/wp\/v2\/types\/product"}],"wp:featuredmedia":[{"embeddable":true,"href":"https:\/\/oponixo.shop\/tire\/wp-json\/wp\/v2\/media\/14366"}],"wp:attachment":[{"href":"https:\/\/oponixo.shop\/tire\/wp-json\/wp\/v2\/media?parent=14365"}],"wp:term":[{"taxonomy":"product_brand","embeddable":true,"href":"https:\/\/oponixo.shop\/tire\/wp-json\/wp\/v2\/product_brand?post=14365"},{"taxonomy":"product_cat","embeddable":true,"href":"https:\/\/oponixo.shop\/tire\/wp-json\/wp\/v2\/product_cat?post=14365"},{"taxonomy":"product_tag","embeddable":true,"href":"https:\/\/oponixo.shop\/tire\/wp-json\/wp\/v2\/product_tag?post=14365"}],"curies":[{"name":"wp","href":"https:\/\/api.w.org\/{rel}","templated":true}]}}