{"id":14371,"date":"2026-01-12T01:45:44","date_gmt":"2026-01-12T00:45:44","guid":{"rendered":"https:\/\/oponyspeed.shop\/xef5\/produkt\/2x-opony-letnie-225-40-r18-dunlop-sport-maxx-rt-xl-mfs-vw1-92y-40r18\/"},"modified":"2026-01-12T01:45:44","modified_gmt":"2026-01-12T00:45:44","slug":"2x-opony-letnie-225-40-r18-dunlop-sport-maxx-rt-xl-mfs-vw1-92y-40r18","status":"publish","type":"product","link":"https:\/\/oponixo.shop\/tire\/produkt\/2x-opony-letnie-225-40-r18-dunlop-sport-maxx-rt-xl-mfs-vw1-92y-40r18\/","title":{"rendered":"2x Opony letnie 225 40 R18 Dunlop Sport maxx rt xl mfs vw1 92Y 40R18"},"content":{"rendered":"<div style=\"font-family: Arial, sans-serif; line-height: 1.6; color: #333; padding: 20px; clear: both; display: block; width: 100%; float: none; position: static; overflow: hidden;\">\n<div style=\"clear: both; display: block; margin: 10px 0;\">\n<div style=\"clear: both; display: block; margin: 10px 0;\">\n<div style=\"clear: both; display: block; margin: 10px 0;\">\n<h2>Dunlop 225\/40 R18 92Y SP Sport Maxx RT<\/h2>\n<p style=\"margin: 15px 0; line-height: 1.8; clear: both; display: block; width: 100%; float: none; position: static;\">Dunlop<\/p>\n<p style=\"margin: 15px 0; line-height: 1.8; clear: both; display: block; width: 100%; float: none; position: static;\">Opona dynamiczna o jako\u015bci hamowania i przyczepno\u015bci na poziomie sport\u00f3w motorowych<\/p>\n<p style=\"margin: 15px 0; line-height: 1.8; clear: both; display: block; width: 100%; float: none; position: static;\">Odkryj przyczepno\u015b\u0107 i hamowanie na poziomie wymaganym w sportach motorowych dzi\u0119ki oponie Dunlop SportMaxx RT, kt\u00f3ra zapewnia dynamiczne wra\u017cenia z jazdy w ka\u017cdej chwili.<\/p>\n<p style=\"margin: 15px 0; line-height: 1.8; clear: both; display: block; width: 100%; float: none; position: static;\">Doskona\u0142a przyczepno\u015b\u0107 w mokrych i suchych warunkach Kr\u00f3tsza droga hamowania nawet przy du\u017cej pr\u0119dko\u015bci Efektywne paliwowo Doskona\u0142e prowadzenie na zakr\u0119tach<\/p>\n<p style=\"margin: 15px 0; line-height: 1.8; clear: both; display: block; width: 100%; float: none; position: static;\">Klasa ha\u0142asu: A Przyczepno\u015b\u0107 na mokrej nawierzchni: A Oszcz\u0119dno\u015b\u0107 paliwa: B Poziom ha\u0142asu [dB]: 71<\/p>\n<\/div>\n<\/div>\n<\/div>\n<div style=\"clear: both; display: block; margin: 10px 0;\">\n<div style=\"clear: both; display: block; margin: 10px 0;\">\n<div style=\"clear: both; display: block; margin: 10px 0;\">\n<div  style=\"max-width:518px;max-height:482px\">\n<div style=\"clear: both; display: block; margin: 10px 0;\">\n<div style=\"clear: both; width: 100%; display: block; margin: 20px 0; padding: 0; float: none; position: static; text-align: center;\"><img decoding=\"async\"  src=\"https:\/\/a.allegroimg.com\/original\/11faf4\/6e97b406426ea5fefd219ffd50f7\/2x-Opony-letnie-225-40-R18-Dunlop-Sport-maxx-rt-xl-mfs-vw1-92Y-40R18-Liczba-opon-w-ofercie-2-szt\" srcset=\"https:\/\/a.allegroimg.com\/original\/11faf4\/6e97b406426ea5fefd219ffd50f7\/2x-Opony-letnie-225-40-R18-Dunlop-Sport-maxx-rt-xl-mfs-vw1-92Y-40R18-Liczba-opon-w-ofercie-2-szt 360w,https:\/\/a.allegroimg.com\/original\/11faf4\/6e97b406426ea5fefd219ffd50f7\/2x-Opony-letnie-225-40-R18-Dunlop-Sport-maxx-rt-xl-mfs-vw1-92Y-40R18-Liczba-opon-w-ofercie-2-szt 518w,https:\/\/a.allegroimg.com\/original\/11faf4\/6e97b406426ea5fefd219ffd50f7\/2x-Opony-letnie-225-40-R18-Dunlop-Sport-maxx-rt-xl-mfs-vw1-92Y-40R18-Liczba-opon-w-ofercie-2-szt 518w\" sizes=\"100vw\" width=\"518px\" alt=\"2x Opony letnie 225 40 R18 Dunlop Sport maxx rt xl mfs vw1 92Y 40R18 Liczba opon w ofercie 2 szt.\" style=\"max-width: 100%; height: auto; display: block; margin: 0 auto;\"><\/div>\n<\/div>\n<\/div>\n<\/div>\n<\/div>\n<\/div>\n<\/div>\n<\/div>\n<\/div>\n<div style=\"clear: both; display: block; margin: 10px 0;\">\n","protected":false},"excerpt":{"rendered":"<p>Dunlop 225\/40 R18 92Y SP Sport Maxx RT<\/p>\n<p>Dunlop<\/p>\n<p>Opona dynamiczna o jako\u015bci hamowania i przyczepno\u015bci na poziomie sport\u00f3w motorowych<\/p>\n<p>Odkryj przyczepno\u015b\u0107 i hamowanie na poziomie wymaganym w sportach motorowych dzi\u0119ki oponie Dunlop SportMaxx RT, kt\u00f3ra zapewnia dynamiczne wra\u017cenia z jazdy w ka\u017cdej chwili.<\/p>\n<p>Doskona\u0142a przyczepno\u015b\u0107 w mokrych i suchych warunkach Kr\u00f3tsza droga hamowania nawet przy du\u017cej pr\u0119dko\u015bci Efektywne paliwowo Doskona\u0142e prowadzenie na zakr\u0119tach<\/p>\n<p>Klasa ha\u0142asu: A Przyczepno\u015b\u0107 na mokrej nawierzchni: A Oszcz\u0119dno\u015b\u0107 paliwa: B Poziom ha\u0142asu [dB]: 71<\/p>\n","protected":false},"featured_media":14372,"template":"","meta":{"_uag_custom_page_level_css":""},"product_brand":[453],"product_cat":[414,418,413,412],"product_tag":[],"class_list":{"0":"post-14371","1":"product","2":"type-product","3":"status-publish","4":"has-post-thumbnail","6":"product_brand-dunlop","7":"product_cat-do-samochodow-osobowych-i-suv","8":"product_cat-letnie","9":"product_cat-opony","10":"product_cat-opony-i-felgi","12":"first","13":"instock","14":"shipping-taxable","15":"purchasable","16":"product-type-simple"},"uagb_featured_image_src":{"full":["https:\/\/oponixo.shop\/tire\/wp-content\/uploads\/2026\/01\/allegro-image-14371.jpg",500,500,false],"thumbnail":["https:\/\/oponixo.shop\/tire\/wp-content\/uploads\/2026\/01\/allegro-image-14371-150x150.jpg",150,150,true],"medium":["https:\/\/oponixo.shop\/tire\/wp-content\/uploads\/2026\/01\/allegro-image-14371-300x300.jpg",300,300,true],"medium_large":["https:\/\/oponixo.shop\/tire\/wp-content\/uploads\/2026\/01\/allegro-image-14371.jpg",500,500,false],"large":["https:\/\/oponixo.shop\/tire\/wp-content\/uploads\/2026\/01\/allegro-image-14371.jpg",500,500,false],"1536x1536":["https:\/\/oponixo.shop\/tire\/wp-content\/uploads\/2026\/01\/allegro-image-14371.jpg",500,500,false],"2048x2048":["https:\/\/oponixo.shop\/tire\/wp-content\/uploads\/2026\/01\/allegro-image-14371.jpg",500,500,false],"woocommerce_thumbnail":["https:\/\/oponixo.shop\/tire\/wp-content\/uploads\/2026\/01\/allegro-image-14371-300x300.jpg",300,300,true],"woocommerce_single":["https:\/\/oponixo.shop\/tire\/wp-content\/uploads\/2026\/01\/allegro-image-14371.jpg",500,500,false],"woocommerce_gallery_thumbnail":["https:\/\/oponixo.shop\/tire\/wp-content\/uploads\/2026\/01\/allegro-image-14371-100x100.jpg",100,100,true]},"uagb_author_info":{"display_name":"admin","author_link":"https:\/\/oponixo.shop\/tire\/author\/"},"uagb_comment_info":0,"uagb_excerpt":"Dunlop 225\/40 R18 92Y SP Sport Maxx RT Dunlop Opona dynamiczna o jako\u015bci hamowania i przyczepno\u015bci na poziomie sport\u00f3w motorowych Odkryj przyczepno\u015b\u0107 i hamowanie na poziomie wymaganym w sportach motorowych dzi\u0119ki oponie Dunlop SportMaxx RT, kt\u00f3ra zapewnia dynamiczne wra\u017cenia z jazdy w ka\u017cdej chwili. Doskona\u0142a przyczepno\u015b\u0107 w mokrych i suchych warunkach Kr\u00f3tsza droga hamowania nawet&hellip;","_links":{"self":[{"href":"https:\/\/oponixo.shop\/tire\/wp-json\/wp\/v2\/product\/14371","targetHints":{"allow":["GET"]}}],"collection":[{"href":"https:\/\/oponixo.shop\/tire\/wp-json\/wp\/v2\/product"}],"about":[{"href":"https:\/\/oponixo.shop\/tire\/wp-json\/wp\/v2\/types\/product"}],"wp:featuredmedia":[{"embeddable":true,"href":"https:\/\/oponixo.shop\/tire\/wp-json\/wp\/v2\/media\/14372"}],"wp:attachment":[{"href":"https:\/\/oponixo.shop\/tire\/wp-json\/wp\/v2\/media?parent=14371"}],"wp:term":[{"taxonomy":"product_brand","embeddable":true,"href":"https:\/\/oponixo.shop\/tire\/wp-json\/wp\/v2\/product_brand?post=14371"},{"taxonomy":"product_cat","embeddable":true,"href":"https:\/\/oponixo.shop\/tire\/wp-json\/wp\/v2\/product_cat?post=14371"},{"taxonomy":"product_tag","embeddable":true,"href":"https:\/\/oponixo.shop\/tire\/wp-json\/wp\/v2\/product_tag?post=14371"}],"curies":[{"name":"wp","href":"https:\/\/api.w.org\/{rel}","templated":true}]}}