{"id":14375,"date":"2026-01-12T01:45:45","date_gmt":"2026-01-12T00:45:45","guid":{"rendered":"https:\/\/oponyspeed.shop\/xef5\/produkt\/2-opony-letnie-225-45r17-91w-kumho-ecowing-es31\/"},"modified":"2026-01-12T01:45:46","modified_gmt":"2026-01-12T00:45:46","slug":"2-opony-letnie-225-45r17-91w-kumho-ecowing-es31","status":"publish","type":"product","link":"https:\/\/oponixo.shop\/tire\/produkt\/2-opony-letnie-225-45r17-91w-kumho-ecowing-es31\/","title":{"rendered":"2 opony letnie 225\/45R17 91W KUMHO Ecowing ES31"},"content":{"rendered":"<div style=\"font-family: Arial, sans-serif; line-height: 1.6; color: #333; padding: 20px; clear: both; display: block; width: 100%; float: none; position: static; overflow: hidden;\">\n<div style=\"clear: both; display: block; margin: 10px 0;\">\n<div style=\"clear: both; display: block; margin: 10px 0;\">\n<div style=\"clear: both; display: block; margin: 10px 0;\">\n<ul style=\"margin: 15px 0; padding-left: 20px; clear: both; display: block; width: 100%; float: none; position: static;\">\n<li style=\"margin: 5px 0; padding: 2px 0; clear: both; display: list-item; float: none; position: static;\">MARKA\/MODEL: <b>KUMHO Ecowing ES31<\/b><\/li>\n<li style=\"margin: 5px 0; padding: 2px 0; clear: both; display: list-item; float: none; position: static;\">ROZMIAR OPON: <b> 225\/45R17 ZR<\/b><\/li>\n<li style=\"margin: 5px 0; padding: 2px 0; clear: both; display: list-item; float: none; position: static;\">INDEKS PR\u0118DKO\u015aCI: <b>W<\/b><\/li>\n<li style=\"margin: 5px 0; padding: 2px 0; clear: both; display: list-item; float: none; position: static;\">INDEKS NO\u015aNO\u015aCI: <b>91<\/b><\/li>\n<li style=\"margin: 5px 0; padding: 2px 0; clear: both; display: list-item; float: none; position: static;\">DATA PRODUKCJI: <b>nie starsze ni\u017c grudzie\u0144 2024<\/b><\/li>\n<li style=\"margin: 5px 0; padding: 2px 0; clear: both; display: list-item; float: none; position: static;\">SEZON: <b>Letnie<\/b><\/li>\n<li style=\"margin: 5px 0; padding: 2px 0; clear: both; display: list-item; float: none; position: static;\">STAN: <b>Nowy<\/b><\/li>\n<li style=\"margin: 5px 0; padding: 2px 0; clear: both; display: list-item; float: none; position: static;\">RANT OCHRONNY NA FELG\u0118: <b>TAK<\/b><\/li>\n<li style=\"margin: 5px 0; padding: 2px 0; clear: both; display: list-item; float: none; position: static;\">DODATKOWE OZNACZENIA: <\/li>\n<\/ul>\n<\/div>\n<\/div>\n<div style=\"clear: both; display: block; margin: 10px 0;\">\n<div style=\"clear: both; display: block; margin: 10px 0;\">\n<div  style=\"max-width:814px;max-height:986px\">\n<div style=\"clear: both; display: block; margin: 10px 0;\">\n<div style=\"clear: both; width: 100%; display: block; margin: 20px 0; padding: 0; float: none; position: static; text-align: center;\"><img decoding=\"async\"  src=\"https:\/\/a.allegroimg.com\/original\/113f9b\/a6f0140f41b0b2735013fe965fe1\/2-opony-letnie-225-45R17-91W-KUMHO-Ecowing-ES31\" srcset=\"https:\/\/a.allegroimg.com\/original\/113f9b\/a6f0140f41b0b2735013fe965fe1\/2-opony-letnie-225-45R17-91W-KUMHO-Ecowing-ES31 297w,https:\/\/a.allegroimg.com\/original\/113f9b\/a6f0140f41b0b2735013fe965fe1\/2-opony-letnie-225-45R17-91W-KUMHO-Ecowing-ES31 594w,https:\/\/a.allegroimg.com\/original\/113f9b\/a6f0140f41b0b2735013fe965fe1\/2-opony-letnie-225-45R17-91W-KUMHO-Ecowing-ES31 814w,https:\/\/a.allegroimg.com\/original\/113f9b\/a6f0140f41b0b2735013fe965fe1\/2-opony-letnie-225-45R17-91W-KUMHO-Ecowing-ES31 814w\" sizes=\"(min-width: 1200px) 560px, (min-width: 992px) 50vw, 100vw\" width=\"814px\" alt=\"2 opony letnie 225\/45R17 91W KUMHO Ecowing ES31\" style=\"max-width: 100%; height: auto; display: block; margin: 0 auto;\"><\/div>\n<\/div>\n<\/div>\n<\/div>\n<\/div>\n<\/div>\n<div style=\"clear: both; display: block; margin: 10px 0;\">\n<div style=\"clear: both; display: block; margin: 10px 0;\">\n<div style=\"clear: both; display: block; margin: 10px 0;\">\n<div  style=\"max-width:886px;max-height:1299px\">\n<div style=\"clear: both; display: block; margin: 10px 0;\">\n<div style=\"clear: both; width: 100%; display: block; margin: 20px 0; padding: 0; float: none; position: static; text-align: center;\"><img decoding=\"async\"  src=\"https:\/\/a.allegroimg.com\/original\/11e4d6\/de13ce7d47829a7efd9187a108cf\/2-opony-letnie-225-45R17-91W-KUMHO-Ecowing-ES31-Liczba-opon-w-ofercie-2-szt\" srcset=\"https:\/\/a.allegroimg.com\/original\/11e4d6\/de13ce7d47829a7efd9187a108cf\/2-opony-letnie-225-45R17-91W-KUMHO-Ecowing-ES31-Liczba-opon-w-ofercie-2-szt 245w,https:\/\/a.allegroimg.com\/original\/11e4d6\/de13ce7d47829a7efd9187a108cf\/2-opony-letnie-225-45R17-91W-KUMHO-Ecowing-ES31-Liczba-opon-w-ofercie-2-szt 491w,https:\/\/a.allegroimg.com\/original\/11e4d6\/de13ce7d47829a7efd9187a108cf\/2-opony-letnie-225-45R17-91W-KUMHO-Ecowing-ES31-Liczba-opon-w-ofercie-2-szt 698w,https:\/\/a.allegroimg.com\/original\/11e4d6\/de13ce7d47829a7efd9187a108cf\/2-opony-letnie-225-45R17-91W-KUMHO-Ecowing-ES31-Liczba-opon-w-ofercie-2-szt 886w,https:\/\/a.allegroimg.com\/original\/11e4d6\/de13ce7d47829a7efd9187a108cf\/2-opony-letnie-225-45R17-91W-KUMHO-Ecowing-ES31-Liczba-opon-w-ofercie-2-szt 886w\" sizes=\"100vw\" width=\"886px\" alt=\"2 opony letnie 225\/45R17 91W KUMHO Ecowing ES31 Liczba opon w ofercie 2 szt.\" style=\"max-width: 100%; height: auto; display: block; margin: 0 auto;\"><\/div>\n<\/div>\n<\/div>\n<\/div>\n<\/div>\n<\/div>\n<div style=\"clear: both; display: block; margin: 10px 0;\">\n<div style=\"clear: both; display: block; margin: 10px 0;\">\n<div style=\"clear: both; display: block; margin: 10px 0;\">\n<h2>Na naszych innych aukcjach Allegro znajdziesz felgi stalowe i aluminiowe, czujniki (TPMS) oraz \u015bruby i nakr\u0119tki.<\/h2>\n<\/div>\n<\/div>\n<\/div>\n<\/div>\n<\/div>\n<\/div>\n<div style=\"clear: both; display: block; margin: 10px 0;\">\n","protected":false},"excerpt":{"rendered":"<p>MARKA\/MODEL: KUMHO Ecowing ES31<\/p>\n<p>ROZMIAR OPON: 225\/45R17 ZR<\/p>\n<p>INDEKS PR\u0118DKO\u015aCI: W<\/p>\n<p>INDEKS NO\u015aNO\u015aCI: 91<\/p>\n<p>DATA PRODUKCJI: nie starsze ni\u017c grudzie\u0144 2024<\/p>\n<p>SEZON: Letnie<\/p>\n<p>STAN: Nowy<\/p>\n<p>RANT OCHRONNY NA FELG\u0118: TAK<\/p>\n","protected":false},"featured_media":14376,"template":"","meta":{"_uag_custom_page_level_css":""},"product_brand":[390],"product_cat":[414,418,413,412],"product_tag":[],"class_list":{"0":"post-14375","1":"product","2":"type-product","3":"status-publish","4":"has-post-thumbnail","6":"product_brand-kumho","7":"product_cat-do-samochodow-osobowych-i-suv","8":"product_cat-letnie","9":"product_cat-opony","10":"product_cat-opony-i-felgi","12":"first","13":"instock","14":"shipping-taxable","15":"purchasable","16":"product-type-simple"},"uagb_featured_image_src":{"full":["https:\/\/oponixo.shop\/tire\/wp-content\/uploads\/2026\/01\/allegro-image-14375.jpg",814,986,false],"thumbnail":["https:\/\/oponixo.shop\/tire\/wp-content\/uploads\/2026\/01\/allegro-image-14375-150x150.jpg",150,150,true],"medium":["https:\/\/oponixo.shop\/tire\/wp-content\/uploads\/2026\/01\/allegro-image-14375-248x300.jpg",248,300,true],"medium_large":["https:\/\/oponixo.shop\/tire\/wp-content\/uploads\/2026\/01\/allegro-image-14375-768x930.jpg",768,930,true],"large":["https:\/\/oponixo.shop\/tire\/wp-content\/uploads\/2026\/01\/allegro-image-14375.jpg",814,986,false],"1536x1536":["https:\/\/oponixo.shop\/tire\/wp-content\/uploads\/2026\/01\/allegro-image-14375.jpg",814,986,false],"2048x2048":["https:\/\/oponixo.shop\/tire\/wp-content\/uploads\/2026\/01\/allegro-image-14375.jpg",814,986,false],"woocommerce_thumbnail":["https:\/\/oponixo.shop\/tire\/wp-content\/uploads\/2026\/01\/allegro-image-14375-300x300.jpg",300,300,true],"woocommerce_single":["https:\/\/oponixo.shop\/tire\/wp-content\/uploads\/2026\/01\/allegro-image-14375-600x727.jpg",600,727,true],"woocommerce_gallery_thumbnail":["https:\/\/oponixo.shop\/tire\/wp-content\/uploads\/2026\/01\/allegro-image-14375-100x100.jpg",100,100,true]},"uagb_author_info":{"display_name":"admin","author_link":"https:\/\/oponixo.shop\/tire\/author\/"},"uagb_comment_info":0,"uagb_excerpt":"MARKA\/MODEL: KUMHO Ecowing ES31 ROZMIAR OPON: 225\/45R17 ZR INDEKS PR\u0118DKO\u015aCI: W INDEKS NO\u015aNO\u015aCI: 91 DATA PRODUKCJI: nie starsze ni\u017c grudzie\u0144 2024 SEZON: Letnie STAN: Nowy RANT OCHRONNY NA FELG\u0118: TAK","_links":{"self":[{"href":"https:\/\/oponixo.shop\/tire\/wp-json\/wp\/v2\/product\/14375","targetHints":{"allow":["GET"]}}],"collection":[{"href":"https:\/\/oponixo.shop\/tire\/wp-json\/wp\/v2\/product"}],"about":[{"href":"https:\/\/oponixo.shop\/tire\/wp-json\/wp\/v2\/types\/product"}],"wp:featuredmedia":[{"embeddable":true,"href":"https:\/\/oponixo.shop\/tire\/wp-json\/wp\/v2\/media\/14376"}],"wp:attachment":[{"href":"https:\/\/oponixo.shop\/tire\/wp-json\/wp\/v2\/media?parent=14375"}],"wp:term":[{"taxonomy":"product_brand","embeddable":true,"href":"https:\/\/oponixo.shop\/tire\/wp-json\/wp\/v2\/product_brand?post=14375"},{"taxonomy":"product_cat","embeddable":true,"href":"https:\/\/oponixo.shop\/tire\/wp-json\/wp\/v2\/product_cat?post=14375"},{"taxonomy":"product_tag","embeddable":true,"href":"https:\/\/oponixo.shop\/tire\/wp-json\/wp\/v2\/product_tag?post=14375"}],"curies":[{"name":"wp","href":"https:\/\/api.w.org\/{rel}","templated":true}]}}