{"id":14381,"date":"2026-01-12T01:45:47","date_gmt":"2026-01-12T00:45:47","guid":{"rendered":"https:\/\/oponyspeed.shop\/xef5\/produkt\/2x-nokian-205-55r16-91h-wetproof-1-letnia-2024-r\/"},"modified":"2026-01-12T01:45:48","modified_gmt":"2026-01-12T00:45:48","slug":"2x-nokian-205-55r16-91h-wetproof-1-letnia-2024-r","status":"publish","type":"product","link":"https:\/\/oponixo.shop\/tire\/produkt\/2x-nokian-205-55r16-91h-wetproof-1-letnia-2024-r\/","title":{"rendered":"2x NOKIAN 205\/55R16 91H WetProof 1 Letnia 2024 r"},"content":{"rendered":"<div style=\"font-family: Arial, sans-serif; line-height: 1.6; color: #333; padding: 20px; clear: both; display: block; width: 100%; float: none; position: static; overflow: hidden;\">\n<div style=\"clear: both; display: block; margin: 10px 0;\">\n<div style=\"clear: both; display: block; margin: 10px 0;\">\n<div style=\"clear: both; display: block; margin: 10px 0;\">\n<h1>Rok produkcji: 2024<\/h1>\n<\/div>\n<\/div>\n<\/div>\n<div style=\"clear: both; display: block; margin: 10px 0;\">\n<div style=\"clear: both; display: block; margin: 10px 0;\">\n<div style=\"clear: both; display: block; margin: 10px 0;\">\n<div  style=\"max-width:1200px;max-height:1126px\">\n<div style=\"clear: both; display: block; margin: 10px 0;\">\n<div style=\"clear: both; width: 100%; display: block; margin: 20px 0; padding: 0; float: none; position: static; text-align: center;\"><img decoding=\"async\"  src=\"https:\/\/a.allegroimg.com\/original\/11fdc8\/7456f5784a5b965a6e07f98e57fa\/2x-NOKIAN-205-55R16-91H-WetProof-1-Letnia-2024-r\" srcset=\"https:\/\/a.allegroimg.com\/original\/11fdc8\/7456f5784a5b965a6e07f98e57fa\/2x-NOKIAN-205-55R16-91H-WetProof-1-Letnia-2024-r 360w,https:\/\/a.allegroimg.com\/original\/11fdc8\/7456f5784a5b965a6e07f98e57fa\/2x-NOKIAN-205-55R16-91H-WetProof-1-Letnia-2024-r 720w,https:\/\/a.allegroimg.com\/original\/11fdc8\/7456f5784a5b965a6e07f98e57fa\/2x-NOKIAN-205-55R16-91H-WetProof-1-Letnia-2024-r 1024w,https:\/\/a.allegroimg.com\/original\/11fdc8\/7456f5784a5b965a6e07f98e57fa\/2x-NOKIAN-205-55R16-91H-WetProof-1-Letnia-2024-r 1200w,https:\/\/a.allegroimg.com\/original\/11fdc8\/7456f5784a5b965a6e07f98e57fa\/2x-NOKIAN-205-55R16-91H-WetProof-1-Letnia-2024-r 1200w\" sizes=\"(min-width: 1200px) 560px, (min-width: 992px) 50vw, 100vw\" width=\"1200px\" alt=\"2x NOKIAN 205\/55R16 91H WetProof 1 Letnia 2024 r\" style=\"max-width: 100%; height: auto; display: block; margin: 0 auto;\"><\/div>\n<\/div>\n<\/div>\n<\/div>\n<\/div>\n<div style=\"clear: both; display: block; margin: 10px 0;\">\n<div style=\"clear: both; display: block; margin: 10px 0;\">\n<h1>NOKIAN WetProof 1 205\/55R16 91H<\/h1>\n<h2>H06KU7<\/h2>\n<ul style=\"margin: 15px 0; padding-left: 20px; clear: both; display: block; width: 100%; float: none; position: static;\">\n<li style=\"margin: 5px 0; padding: 2px 0; clear: both; display: list-item; float: none; position: static;\"><b>Data produkcji :<\/b> 2024<\/li>\n<li style=\"margin: 5px 0; padding: 2px 0; clear: both; display: list-item; float: none; position: static;\"><b>Indeks :<\/b> 205\/55R16 LONO 91H WP1<\/li>\n<li style=\"margin: 5px 0; padding: 2px 0; clear: both; display: list-item; float: none; position: static;\"><b>Indeks no\u015bno\u015bci :<\/b> 91<\/li>\n<li style=\"margin: 5px 0; padding: 2px 0; clear: both; display: list-item; float: none; position: static;\"><b>Indeks pr\u0119dko\u015bci :<\/b> H &#8211; 210 km\/h<\/li>\n<li style=\"margin: 5px 0; padding: 2px 0; clear: both; display: list-item; float: none; position: static;\"><b>Karta informacyjna produktu :<\/b> https:\/\/eprel.ec.europa.eu\/qr\/1811779<\/li>\n<li style=\"margin: 5px 0; padding: 2px 0; clear: both; display: list-item; float: none; position: static;\"><b>Kl. efekt. paliwowej :<\/b> C<\/li>\n<li style=\"margin: 5px 0; padding: 2px 0; clear: both; display: list-item; float: none; position: static;\"><b>Kl. przycz. na mokrej naw. :<\/b> A<\/li>\n<li style=\"margin: 5px 0; padding: 2px 0; clear: both; display: list-item; float: none; position: static;\"><b>Kl. zew. ha\u0142asu tocz. :<\/b> A<\/li>\n<li style=\"margin: 5px 0; padding: 2px 0; clear: both; display: list-item; float: none; position: static;\"><b>Klasa opony :<\/b> premium<\/li>\n<li style=\"margin: 5px 0; padding: 2px 0; clear: both; display: list-item; float: none; position: static;\"><b>Kod EAN :<\/b> 6419440576992<\/li>\n<li style=\"margin: 5px 0; padding: 2px 0; clear: both; display: list-item; float: none; position: static;\"><b>Kod producenta :<\/b> T432934<\/li>\n<li style=\"margin: 5px 0; padding: 2px 0; clear: both; display: list-item; float: none; position: static;\"><b>Model bie\u017cnika :<\/b> WetProof 1<\/li>\n<li style=\"margin: 5px 0; padding: 2px 0; clear: both; display: list-item; float: none; position: static;\"><b>Nazwa produktu :<\/b> NOKIAN 205\/55R16 91H WetProof 1 Letnia<\/li>\n<li style=\"margin: 5px 0; padding: 2px 0; clear: both; display: list-item; float: none; position: static;\"><b>opona na dedykowan\u0105 o\u015b :<\/b> Prz\u00f3d\/Ty\u0142<\/li>\n<li style=\"margin: 5px 0; padding: 2px 0; clear: both; display: list-item; float: none; position: static;\"><b>Producent :<\/b> NOKIAN<\/li>\n<li style=\"margin: 5px 0; padding: 2px 0; clear: both; display: list-item; float: none; position: static;\"><b>Profil :<\/b> 55<\/li>\n<li style=\"margin: 5px 0; padding: 2px 0; clear: both; display: list-item; float: none; position: static;\"><b>Przeznaczenie :<\/b> samochody osobowe\/SUV\/4&#215;4<\/li>\n<li style=\"margin: 5px 0; padding: 2px 0; clear: both; display: list-item; float: none; position: static;\"><b>Przyczepno\u015b\u0107 na lodzie :<\/b> Nie<\/li>\n<li style=\"margin: 5px 0; padding: 2px 0; clear: both; display: list-item; float: none; position: static;\"><b>Przyczepno\u015b\u0107 na \u015bniegu :<\/b> Nie<\/li>\n<li style=\"margin: 5px 0; padding: 2px 0; clear: both; display: list-item; float: none; position: static;\"><b>QR kod :<\/b> https:\/\/eprel.ec.europa.eu\/qr\/1811779<\/li>\n<li style=\"margin: 5px 0; padding: 2px 0; clear: both; display: list-item; float: none; position: static;\"><b>Sezon :<\/b> letnia<\/li>\n<li style=\"margin: 5px 0; padding: 2px 0; clear: both; display: list-item; float: none; position: static;\"><b>\u015arednica :<\/b> 16&#8243;<\/li>\n<li style=\"margin: 5px 0; padding: 2px 0; clear: both; display: list-item; float: none; position: static;\"><b>Szeroko\u015b\u0107 :<\/b> 205<\/li>\n<li style=\"margin: 5px 0; padding: 2px 0; clear: both; display: list-item; float: none; position: static;\"><b>Wart. pom. i kl. zew. ha\u0142asu tocz. [dB] :<\/b> 68<\/li>\n<\/ul>\n<\/div>\n<\/div>\n<\/div>\n<div style=\"clear: both; display: block; margin: 10px 0;\">\n<div style=\"clear: both; display: block; margin: 10px 0;\">\n<div style=\"clear: both; display: block; margin: 10px 0;\">\n<p style=\"margin: 15px 0; line-height: 1.8; clear: both; display: block; width: 100%; float: none; position: static;\"> Nokian Wetproof 1 &#8211; opony letnie na mokre dni Czy zastanawia\u0142e\u015b si\u0119 kiedykolwiek, jak wa\u017cne s\u0105 opony dla bezpiecze\u0144stwa i komfortu jazdy? Czy zdajesz sobie spraw\u0119, \u017ce opona jest jedynym miejscem styku, gdzie Tw\u00f3j samoch\u00f3d dotyka drogi? Na szcz\u0119\u015bcie opony letnie Nokian Wetproof 1 to rozwi\u0105zanie, kt\u00f3re pozwala na bezpieczn\u0105 i komfortow\u0105 jazd\u0119, szczeg\u00f3lnie na mokrych nawierzchniach. Czy jeste\u015b \u015bwiadomy ryzyka zwi\u0105zanego z aquaplaningiem? Czy zastanawia\u0142e\u015b si\u0119, jak opony wp\u0142ywaj\u0105 na zu\u017cycie paliwa? A mo\u017ce jeste\u015b ciekawy, jak technologia opon mo\u017ce wp\u0142ywa\u0107 na komfort jazdy? Nokian Wetproof 1 &#8211; idealne rozwi\u0105zanie na deszczowe dni Nokian Wetproof 1 to opony letnie klasy premium, kt\u00f3re zosta\u0142y stworzone z my\u015bl\u0105 o kierowcach ceni\u0105cych sobie bezpiecze\u0144stwo i komfort jazdy w r\u00f3\u017cnych warunkach pogodowych. Zosta\u0142y zaprojektowane i przetestowane w Finlandii, kraju znanym z trudnych warunk\u00f3w klimatycznych i zr\u00f3\u017cnicowanego terenu. Dzi\u0119ki temu opony radz\u0105 sobie doskonale z problemem aquaplaningu. Technologia Tyres Coanda, wykorzystana w oponach Nokian Wetproof 1, opiera si\u0119 na efekcie Coanda &#8211; zjawisku fizycznym, kt\u00f3re pozwala na szybkie odprowadzanie wody z powierzchni opony. Dzi\u0119ki temu ryzyko utraty przyczepno\u015bci na mokrej nawierzchni jest praktycznie znikome. Do\u015bwiadczenia u\u017cytkownik\u00f3w Nokian Wetproof 1 to opony, kt\u00f3re zdoby\u0142y zaufanie wielu kierowc\u00f3w. S\u0105 chwalone za doskona\u0142\u0105 przyczepno\u015b\u0107, bezpiecze\u0144stwo i komfort jazdy. Kierowcy zauwa\u017caj\u0105 r\u00f3wnie\u017c redukcj\u0119 zu\u017cycia paliwa, co przek\u0142ada si\u0119 na oszcz\u0119dno\u015bci w portfelu. Wszystkie korzy\u015bci z u\u017cycia Nokian Wetproof 1 Opony letnie Nokian Wetproof 1 zapewniaj\u0105 doskona\u0142\u0105 przyczepno\u015b\u0107 na mokrej nawierzchni, zwi\u0119kszaj\u0105 bezpiecze\u0144stwo dzi\u0119ki skutecznemu odprowadzaniu wody i zmniejszaj\u0105 zu\u017cycie paliwa. Ponadto, dzi\u0119ki specjalnej mieszance gumowej, s\u0105 ciche i komfortowe. Zam\u00f3w opony Nokian Wetproof 1 ju\u017c dzi\u015b! Nie czekaj! Zam\u00f3w opony letnie Nokian Wetproof 1 ju\u017c dzi\u015b i ciesz si\u0119 bezpieczn\u0105 i komfortow\u0105 jazd\u0105 niezale\u017cnie od warunk\u00f3w pogodowych. Skorzystaj z naszej oferty i przekonaj si\u0119, jak wiele korzy\u015bci przynosi jazda na oponach Nokian Wetproof 1 <\/p>\n<\/div>\n<\/div>\n<div style=\"clear: both; display: block; margin: 10px 0;\">\n<div style=\"clear: both; display: block; margin: 10px 0;\">\n<div  style=\"max-width:886px;max-height:1299px\">\n<div style=\"clear: both; display: block; margin: 10px 0;\">\n<div style=\"clear: both; width: 100%; display: block; margin: 20px 0; padding: 0; float: none; position: static; text-align: center;\"><img decoding=\"async\"  src=\"https:\/\/a.allegroimg.com\/original\/11d89f\/a28e5a5d4bdc924e38eb33099a30\/2x-NOKIAN-205-55R16-91H-WetProof-1-Letnia-2024-r-Marka-Nokian-Tyres\" srcset=\"https:\/\/a.allegroimg.com\/original\/11d89f\/a28e5a5d4bdc924e38eb33099a30\/2x-NOKIAN-205-55R16-91H-WetProof-1-Letnia-2024-r-Marka-Nokian-Tyres 245w,https:\/\/a.allegroimg.com\/original\/11d89f\/a28e5a5d4bdc924e38eb33099a30\/2x-NOKIAN-205-55R16-91H-WetProof-1-Letnia-2024-r-Marka-Nokian-Tyres 491w,https:\/\/a.allegroimg.com\/original\/11d89f\/a28e5a5d4bdc924e38eb33099a30\/2x-NOKIAN-205-55R16-91H-WetProof-1-Letnia-2024-r-Marka-Nokian-Tyres 698w,https:\/\/a.allegroimg.com\/original\/11d89f\/a28e5a5d4bdc924e38eb33099a30\/2x-NOKIAN-205-55R16-91H-WetProof-1-Letnia-2024-r-Marka-Nokian-Tyres 886w,https:\/\/a.allegroimg.com\/original\/11d89f\/a28e5a5d4bdc924e38eb33099a30\/2x-NOKIAN-205-55R16-91H-WetProof-1-Letnia-2024-r-Marka-Nokian-Tyres 886w\" sizes=\"(min-width: 1200px) 560px, (min-width: 992px) 50vw, 100vw\" width=\"886px\" alt=\"2x NOKIAN 205\/55R16 91H WetProof 1 Letnia 2024 r Marka Nokian Tyres\" style=\"max-width: 100%; height: auto; display: block; margin: 0 auto;\"><\/div>\n<\/div>\n<\/div>\n<\/div>\n<\/div>\n<\/div>\n<div style=\"clear: both; display: block; margin: 10px 0;\">\n<div style=\"clear: both; display: block; margin: 10px 0;\">\n<div style=\"clear: both; display: block; margin: 10px 0;\">\n<p style=\"margin: 15px 0; line-height: 1.8; clear: both; display: block; width: 100%; float: none; position: static;\">Wychodz\u0105c naprzeciw oczekiwaniom Klient\u00f3w i chc\u0105c spe\u0142nia\u0107 jak najwy\u017csze standardy obs\u0142ugi dok\u0142adamy wszelkich stara\u0144, aby podawa\u0107 precyzyjn\u0105 dat\u0119 produkcji opony (DOT). Niestety, w wyj\u0105tkowych przypadkach, mo\u017ce zdarzy\u0107 si\u0119, \u017ce opony, kt\u00f3re wy\u015blemy b\u0119d\u0105 mia\u0142y inn\u0105 dat\u0119 produkcji ni\u017c podana. Sytuacja mo\u017ce dotyczy\u0107 zar\u00f3wno opon z DOT-em wcze\u015bniejszym jak i p\u00f3\u017aniejszym. Chcieliby\u015bmy podkre\u015bli\u0107, \u017ce warunki przechowywania opon w naszych magazynach spe\u0142niaj\u0105 Polsk\u0105 Norm\u0119 PN-C-94300-7 dzi\u0119ki czemu nawet opona przechowywana 24 miesi\u0105ce ma parametry takie same jak opona z bie\u017c\u0105cego roku. Warto pami\u0119ta\u0107 tak\u017ce o fakcie, \u017ce w przypadku wielu rozmiar\u00f3w i producent\u00f3w plany produkcyjne fabryk uniemo\u017cliwiaj\u0105 zakup opony z bie\u017c\u0105cego roku.<\/p>\n<p style=\"margin: 15px 0; line-height: 1.8; clear: both; display: block; width: 100%; float: none; position: static;\">Przy zakupie opon pami\u0119taj o sprawdzeniu w instrukcji samochodu lub na w\u0142a\u015bciwej stronie internetowej, jakie ogumienie zaleca producent Twojego auta. \u0179le dobrane opony mog\u0105 negatywnie wp\u0142yn\u0105\u0107 na poziom Twojego bezpiecze\u0144stwa. Kupuj\u0105c opony zwr\u00f3\u0107 uwag\u0119 na rozmiar oraz indeksy no\u015bno\u015bci i pr\u0119dko\u015bci jakie homologowane s\u0105 do Twojego pojazdu.<\/p>\n<p style=\"margin: 15px 0; line-height: 1.8; clear: both; display: block; width: 100%; float: none; position: static;\">Zamieszczone zdj\u0119cia pe\u0142ni\u0105 funkcj\u0119 pogl\u0105dow\u0105. W zale\u017cno\u015bci od szeroko\u015bci opon, mog\u0105 wyst\u0119powa\u0107 niewielkie r\u00f3\u017cnice w wygl\u0105dzie bie\u017cnika (w obr\u0119bie jednego modelu) na przyk\u0142ad w ilo\u015bci rowk\u00f3w obwodowych lub rozmieszczeniu blok\u00f3w bie\u017cnika, co nie stanowi wady produktu.<\/p>\n<p style=\"margin: 15px 0; line-height: 1.8; clear: both; display: block; width: 100%; float: none; position: static;\">Je\u017celi otrzymane przez Ciebie opony nie spe\u0142niaj\u0105 Twoich oczekiwa\u0144 masz mo\u017cliwo\u015b\u0107 zwrotu lub wymiany nieu\u017cywanego (niemontowanego) ogumienia.<\/p>\n<\/div>\n<\/div>\n<\/div>\n<div style=\"clear: both; display: block; margin: 10px 0;\">\n<div style=\"clear: both; display: block; margin: 10px 0;\">\n<div style=\"clear: both; display: block; margin: 10px 0;\">\n<div  style=\"max-width:547px;max-height:273px\">\n<div style=\"clear: both; display: block; margin: 10px 0;\">\n<div style=\"clear: both; width: 100%; display: block; margin: 20px 0; padding: 0; float: none; position: static; text-align: center;\"><img decoding=\"async\"  src=\"https:\/\/a.allegroimg.com\/original\/11d2fe\/88c2ff7e4b5aa5747a9d5bc4421b\/2x-NOKIAN-205-55R16-91H-WetProof-1-Letnia-2024-r-Szerokosc-opony-205-mm\" srcset=\"https:\/\/a.allegroimg.com\/original\/11d2fe\/88c2ff7e4b5aa5747a9d5bc4421b\/2x-NOKIAN-205-55R16-91H-WetProof-1-Letnia-2024-r-Szerokosc-opony-205-mm 360w,https:\/\/a.allegroimg.com\/original\/11d2fe\/88c2ff7e4b5aa5747a9d5bc4421b\/2x-NOKIAN-205-55R16-91H-WetProof-1-Letnia-2024-r-Szerokosc-opony-205-mm 547w,https:\/\/a.allegroimg.com\/original\/11d2fe\/88c2ff7e4b5aa5747a9d5bc4421b\/2x-NOKIAN-205-55R16-91H-WetProof-1-Letnia-2024-r-Szerokosc-opony-205-mm 547w\" sizes=\"(min-width: 1200px) 560px, (min-width: 992px) 50vw, 100vw\" width=\"547px\" alt=\"2x NOKIAN 205\/55R16 91H WetProof 1 Letnia 2024 r Szeroko\u015b\u0107 opony 205 mm\" style=\"max-width: 100%; height: auto; display: block; margin: 0 auto;\"><\/div>\n<\/div>\n<\/div>\n<\/div>\n<\/div>\n<div style=\"clear: both; display: block; margin: 10px 0;\">\n<div style=\"clear: both; display: block; margin: 10px 0;\">\n<h1>Nokian<\/h1>\n<p style=\"margin: 15px 0; line-height: 1.8; clear: both; display: block; width: 100%; float: none; position: static;\">**120 LAT INNOWACJI**<br \/>\nKorzenie firmy NOKIAN TYRES, kt\u00f3ra jest najdalej na p\u00f3\u0142noc wysuni\u0119tym producentem opon, si\u0119gaj\u0105 ponad stu lat wstecz. Dzi\u015b korzystamy z wielu dziesi\u0119cioleci do\u015bwiadcze\u0144 wdra\u017caj\u0105c kolejne innowacje, kt\u00f3re zapewni\u0105 bezpiecze\u0144stwo milionom u\u017cytkownik\u00f3w dr\u00f3g. Nasza historia jest d\u0142uga, ale jeszcze wi\u0119cej przed nami.<\/p>\n<p>**PONAD 80 LAT OD WYNALEZIENIA OPONY ZIMOWEJ**<br \/>\nPierwsz\u0105 na \u015bwiecie opon\u0119 zimow\u0105, poprzednikiem Nokian Hakkapeliitta, by\u0142 Kelirengas (\u201eopona pogodowa&#8221;). Opona zosta\u0142a wyprodukowana przez Suomen Gummitehdas Osakeyhti\u00f6, firm\u0119 kt\u00f3ra p\u00f3\u017aniej przekszta\u0142ci\u0142a si\u0119 w Nokian Tyres, i wprowadzona na rynek w 1934 roku. Opona zimowa ma ju\u017c ponad 80 lat.<\/p>\n<p>**Inteligentne technologie transportowe oraz opony zimowe wyprodukowane z biomateria\u0142\u00f3w**<br \/>\nWyobra\u017caj\u0105c sobie kierowanie za 20 lat, mamy przed oczyma rewolucyjne, inteligentne technologie transportowe, samokieruj\u0105ce si\u0119 pojazdy elektryczne oraz opony zimowe wyprodukowane z biomateria\u0142\u00f3w.<\/p>\n<\/div>\n<\/div>\n<\/div>\n<\/div>\n<\/div>\n<\/div>\n<div style=\"clear: both; display: block; margin: 10px 0;\">\n","protected":false},"excerpt":{"rendered":"<p>Rok produkcji: 2024<\/p>\n<p>NOKIAN WetProof 1 205\/55R16 91H<\/p>\n<p>H06KU7<\/p>\n<p>Data produkcji : 2024<\/p>\n<p>Indeks : 205\/55R16 LONO 91H WP1<\/p>\n<p>Indeks no\u015bno\u015bci : 91<\/p>\n<p>Indeks pr\u0119dko\u015bci : H &#8211; 210 km\/h<\/p>\n<p>Karta informacyjna produktu : https:\/\/eprel.ec.europa.eu\/qr\/1811779<\/p>\n","protected":false},"featured_media":14382,"template":"","meta":{"_uag_custom_page_level_css":""},"product_brand":[387],"product_cat":[414,418,413,412],"product_tag":[],"class_list":{"0":"post-14381","1":"product","2":"type-product","3":"status-publish","4":"has-post-thumbnail","6":"product_brand-nokian-tyres","7":"product_cat-do-samochodow-osobowych-i-suv","8":"product_cat-letnie","9":"product_cat-opony","10":"product_cat-opony-i-felgi","12":"first","13":"instock","14":"shipping-taxable","15":"purchasable","16":"product-type-simple"},"uagb_featured_image_src":{"full":["https:\/\/oponixo.shop\/tire\/wp-content\/uploads\/2026\/01\/allegro-image-14381.jpg",1200,1126,false],"thumbnail":["https:\/\/oponixo.shop\/tire\/wp-content\/uploads\/2026\/01\/allegro-image-14381-150x150.jpg",150,150,true],"medium":["https:\/\/oponixo.shop\/tire\/wp-content\/uploads\/2026\/01\/allegro-image-14381-300x282.jpg",300,282,true],"medium_large":["https:\/\/oponixo.shop\/tire\/wp-content\/uploads\/2026\/01\/allegro-image-14381-768x721.jpg",768,721,true],"large":["https:\/\/oponixo.shop\/tire\/wp-content\/uploads\/2026\/01\/allegro-image-14381-1024x961.jpg",1024,961,true],"1536x1536":["https:\/\/oponixo.shop\/tire\/wp-content\/uploads\/2026\/01\/allegro-image-14381.jpg",1200,1126,false],"2048x2048":["https:\/\/oponixo.shop\/tire\/wp-content\/uploads\/2026\/01\/allegro-image-14381.jpg",1200,1126,false],"woocommerce_thumbnail":["https:\/\/oponixo.shop\/tire\/wp-content\/uploads\/2026\/01\/allegro-image-14381-300x300.jpg",300,300,true],"woocommerce_single":["https:\/\/oponixo.shop\/tire\/wp-content\/uploads\/2026\/01\/allegro-image-14381-600x563.jpg",600,563,true],"woocommerce_gallery_thumbnail":["https:\/\/oponixo.shop\/tire\/wp-content\/uploads\/2026\/01\/allegro-image-14381-100x100.jpg",100,100,true]},"uagb_author_info":{"display_name":"admin","author_link":"https:\/\/oponixo.shop\/tire\/author\/"},"uagb_comment_info":0,"uagb_excerpt":"Rok produkcji: 2024 NOKIAN WetProof 1 205\/55R16 91H H06KU7 Data produkcji : 2024 Indeks : 205\/55R16 LONO 91H WP1 Indeks no\u015bno\u015bci : 91 Indeks pr\u0119dko\u015bci : H - 210 km\/h Karta informacyjna produktu : https:\/\/eprel.ec.europa.eu\/qr\/1811779","_links":{"self":[{"href":"https:\/\/oponixo.shop\/tire\/wp-json\/wp\/v2\/product\/14381","targetHints":{"allow":["GET"]}}],"collection":[{"href":"https:\/\/oponixo.shop\/tire\/wp-json\/wp\/v2\/product"}],"about":[{"href":"https:\/\/oponixo.shop\/tire\/wp-json\/wp\/v2\/types\/product"}],"wp:featuredmedia":[{"embeddable":true,"href":"https:\/\/oponixo.shop\/tire\/wp-json\/wp\/v2\/media\/14382"}],"wp:attachment":[{"href":"https:\/\/oponixo.shop\/tire\/wp-json\/wp\/v2\/media?parent=14381"}],"wp:term":[{"taxonomy":"product_brand","embeddable":true,"href":"https:\/\/oponixo.shop\/tire\/wp-json\/wp\/v2\/product_brand?post=14381"},{"taxonomy":"product_cat","embeddable":true,"href":"https:\/\/oponixo.shop\/tire\/wp-json\/wp\/v2\/product_cat?post=14381"},{"taxonomy":"product_tag","embeddable":true,"href":"https:\/\/oponixo.shop\/tire\/wp-json\/wp\/v2\/product_tag?post=14381"}],"curies":[{"name":"wp","href":"https:\/\/api.w.org\/{rel}","templated":true}]}}