{"id":14393,"date":"2026-01-12T01:45:51","date_gmt":"2026-01-12T00:45:51","guid":{"rendered":"https:\/\/oponyspeed.shop\/xef5\/produkt\/letnie-205-55-19-205-55r19-97v-xl-fr-michelin-e-primacy-s2\/"},"modified":"2026-01-12T01:45:52","modified_gmt":"2026-01-12T00:45:52","slug":"letnie-205-55-19-205-55r19-97v-xl-fr-michelin-e-primacy-s2","status":"publish","type":"product","link":"https:\/\/oponixo.shop\/tire\/produkt\/letnie-205-55-19-205-55r19-97v-xl-fr-michelin-e-primacy-s2\/","title":{"rendered":"LETNIE 205\/55\/19 205\/55R19 97V XL FR MICHELIN E PRIMACY S2"},"content":{"rendered":"<div style=\"font-family: Arial, sans-serif; line-height: 1.6; color: #333; padding: 20px; clear: both; display: block; width: 100%; float: none; position: static; overflow: hidden;\">\n<div style=\"clear: both; display: block; margin: 10px 0;\">\n<div style=\"clear: both; display: block; margin: 10px 0;\">\n<div style=\"clear: both; display: block; margin: 10px 0;\">\n<div  style=\"max-width:2560px;max-height:1920px\">\n<div style=\"clear: both; display: block; margin: 10px 0;\">\n<div style=\"clear: both; width: 100%; display: block; margin: 20px 0; padding: 0; float: none; position: static; text-align: center;\"><img decoding=\"async\"  src=\"https:\/\/a.allegroimg.com\/original\/113c21\/bc456d794a4fade7323018cd76ed\/LETNIE-205-55-19-205-55R19-97V-XL-FR-MICHELIN-E-PRIMACY-S2-EAN-GTIN-3528706313226\" srcset=\"https:\/\/a.allegroimg.com\/original\/113c21\/bc456d794a4fade7323018cd76ed\/LETNIE-205-55-19-205-55R19-97V-XL-FR-MICHELIN-E-PRIMACY-S2-EAN-GTIN-3528706313226 360w,https:\/\/a.allegroimg.com\/original\/113c21\/bc456d794a4fade7323018cd76ed\/LETNIE-205-55-19-205-55R19-97V-XL-FR-MICHELIN-E-PRIMACY-S2-EAN-GTIN-3528706313226 720w,https:\/\/a.allegroimg.com\/original\/113c21\/bc456d794a4fade7323018cd76ed\/LETNIE-205-55-19-205-55R19-97V-XL-FR-MICHELIN-E-PRIMACY-S2-EAN-GTIN-3528706313226 1024w,https:\/\/a.allegroimg.com\/original\/113c21\/bc456d794a4fade7323018cd76ed\/LETNIE-205-55-19-205-55R19-97V-XL-FR-MICHELIN-E-PRIMACY-S2-EAN-GTIN-3528706313226 1440w,https:\/\/a.allegroimg.com\/original\/113c21\/bc456d794a4fade7323018cd76ed\/LETNIE-205-55-19-205-55R19-97V-XL-FR-MICHELIN-E-PRIMACY-S2-EAN-GTIN-3528706313226 2560w\" sizes=\"100vw\" width=\"2560px\" alt=\"LETNIE 205\/55\/19 205\/55R19 97V XL FR MICHELIN E PRIMACY S2 EAN (GTIN) 3528706313226\" style=\"max-width: 100%; height: auto; display: block; margin: 0 auto;\"><\/div>\n<\/div>\n<\/div>\n<\/div>\n<\/div>\n<\/div>\n<div style=\"clear: both; display: block; margin: 10px 0;\">\n<div style=\"clear: both; display: block; margin: 10px 0;\">\n<div style=\"clear: both; display: block; margin: 10px 0;\">\n<div  style=\"max-width:2560px;max-height:1920px\">\n<div style=\"clear: both; display: block; margin: 10px 0;\">\n<div style=\"clear: both; width: 100%; display: block; margin: 20px 0; padding: 0; float: none; position: static; text-align: center;\"><img decoding=\"async\"  src=\"https:\/\/a.allegroimg.com\/original\/115c02\/6133b2084ed8b4e5e95f0577f2ef\/LETNIE-205-55-19-205-55R19-97V-XL-FR-MICHELIN-E-PRIMACY-S2-Kod-producenta-631322\" srcset=\"https:\/\/a.allegroimg.com\/original\/115c02\/6133b2084ed8b4e5e95f0577f2ef\/LETNIE-205-55-19-205-55R19-97V-XL-FR-MICHELIN-E-PRIMACY-S2-Kod-producenta-631322 360w,https:\/\/a.allegroimg.com\/original\/115c02\/6133b2084ed8b4e5e95f0577f2ef\/LETNIE-205-55-19-205-55R19-97V-XL-FR-MICHELIN-E-PRIMACY-S2-Kod-producenta-631322 720w,https:\/\/a.allegroimg.com\/original\/115c02\/6133b2084ed8b4e5e95f0577f2ef\/LETNIE-205-55-19-205-55R19-97V-XL-FR-MICHELIN-E-PRIMACY-S2-Kod-producenta-631322 1024w,https:\/\/a.allegroimg.com\/original\/115c02\/6133b2084ed8b4e5e95f0577f2ef\/LETNIE-205-55-19-205-55R19-97V-XL-FR-MICHELIN-E-PRIMACY-S2-Kod-producenta-631322 1440w,https:\/\/a.allegroimg.com\/original\/115c02\/6133b2084ed8b4e5e95f0577f2ef\/LETNIE-205-55-19-205-55R19-97V-XL-FR-MICHELIN-E-PRIMACY-S2-Kod-producenta-631322 2560w\" sizes=\"100vw\" width=\"2560px\" alt=\"LETNIE 205\/55\/19 205\/55R19 97V XL FR MICHELIN E PRIMACY S2 Kod producenta 631322\" style=\"max-width: 100%; height: auto; display: block; margin: 0 auto;\"><\/div>\n<\/div>\n<\/div>\n<\/div>\n<\/div>\n<\/div>\n<div style=\"clear: both; display: block; margin: 10px 0;\">\n<div style=\"clear: both; display: block; margin: 10px 0;\">\n<div style=\"clear: both; display: block; margin: 10px 0;\">\n<h3 style=\"color: #2c5aa0; font-size: 18px; margin: 30px 0 15px 0; font-weight: bold; clear: both; display: block; width: 100%; float: none; position: static;\">NOWE OPONY LETNIE MICHELIN E PRIMACY S2<\/h3>\n<h3 style=\"color: #2c5aa0; font-size: 18px; margin: 30px 0 15px 0; font-weight: bold; clear: both; display: block; width: 100%; float: none; position: static;\">INDEX 97V XL FR ( RANT )&nbsp; &nbsp;DOT 5122&nbsp; &nbsp;BIE\u017bNIK NOWE<\/h3>\n<h3 style=\"color: #2c5aa0; font-size: 18px; margin: 30px 0 15px 0; font-weight: bold; clear: both; display: block; width: 100%; float: none; position: static;\">KRAJ PRODUKCJI OPON SPAIN<\/h3>\n<p style=\"margin: 15px 0; line-height: 1.8; clear: both; display: block; width: 100%; float: none; position: static;\">NA POZOSTA\u0141YCH MOICH AUKCJACH WYSTAWIONE MAM INNE ROZMIARY OPON NOWE I U\u017bYWANE<\/p>\n<p style=\"margin: 15px 0; line-height: 1.8; clear: both; display: block; width: 100%; float: none; position: static;\">DU\u017bY WYB\u00d3R OPON POJEDYNCZYCH FELGI STALOWE I ALUMINIOWE<\/p>\n<\/div>\n<\/div>\n<\/div>\n<\/div>\n<\/div>\n<\/div>\n<div style=\"clear: both; display: block; margin: 10px 0;\">\n","protected":false},"excerpt":{"rendered":"<p>NOWE OPONY LETNIE MICHELIN E PRIMACY S2<\/p>\n<p>INDEX 97V XL FR ( RANT )&nbsp; &nbsp;DOT 5122&nbsp; &nbsp;BIE\u017bNIK NOWE<\/p>\n<p>KRAJ PRODUKCJI OPON SPAIN<\/p>\n<p>NA POZOSTA\u0141YCH MOICH AUKCJACH WYSTAWIONE MAM INNE ROZMIARY OPON NOWE I U\u017bYWANE<\/p>\n<p>DU\u017bY WYB\u00d3R OPON POJEDYNCZYCH FELGI STALOWE I ALUMINIOWE<\/p>\n","protected":false},"featured_media":14394,"template":"","meta":{"_uag_custom_page_level_css":""},"product_brand":[429],"product_cat":[414,418,413,412],"product_tag":[],"class_list":{"0":"post-14393","1":"product","2":"type-product","3":"status-publish","4":"has-post-thumbnail","6":"product_brand-michelin","7":"product_cat-do-samochodow-osobowych-i-suv","8":"product_cat-letnie","9":"product_cat-opony","10":"product_cat-opony-i-felgi","12":"first","13":"instock","14":"shipping-taxable","15":"purchasable","16":"product-type-simple"},"uagb_featured_image_src":{"full":["https:\/\/oponixo.shop\/tire\/wp-content\/uploads\/2026\/01\/allegro-image-14393.jpg",2560,1920,false],"thumbnail":["https:\/\/oponixo.shop\/tire\/wp-content\/uploads\/2026\/01\/allegro-image-14393-150x150.jpg",150,150,true],"medium":["https:\/\/oponixo.shop\/tire\/wp-content\/uploads\/2026\/01\/allegro-image-14393-300x225.jpg",300,225,true],"medium_large":["https:\/\/oponixo.shop\/tire\/wp-content\/uploads\/2026\/01\/allegro-image-14393-768x576.jpg",768,576,true],"large":["https:\/\/oponixo.shop\/tire\/wp-content\/uploads\/2026\/01\/allegro-image-14393-1024x768.jpg",1024,768,true],"1536x1536":["https:\/\/oponixo.shop\/tire\/wp-content\/uploads\/2026\/01\/allegro-image-14393-1536x1152.jpg",1536,1152,true],"2048x2048":["https:\/\/oponixo.shop\/tire\/wp-content\/uploads\/2026\/01\/allegro-image-14393-2048x1536.jpg",2048,1536,true],"woocommerce_thumbnail":["https:\/\/oponixo.shop\/tire\/wp-content\/uploads\/2026\/01\/allegro-image-14393-300x300.jpg",300,300,true],"woocommerce_single":["https:\/\/oponixo.shop\/tire\/wp-content\/uploads\/2026\/01\/allegro-image-14393-600x450.jpg",600,450,true],"woocommerce_gallery_thumbnail":["https:\/\/oponixo.shop\/tire\/wp-content\/uploads\/2026\/01\/allegro-image-14393-100x100.jpg",100,100,true]},"uagb_author_info":{"display_name":"admin","author_link":"https:\/\/oponixo.shop\/tire\/author\/"},"uagb_comment_info":0,"uagb_excerpt":"NOWE OPONY LETNIE MICHELIN E PRIMACY S2 INDEX 97V XL FR ( RANT )&nbsp; &nbsp;DOT 5122&nbsp; &nbsp;BIE\u017bNIK NOWE KRAJ PRODUKCJI OPON SPAIN NA POZOSTA\u0141YCH MOICH AUKCJACH WYSTAWIONE MAM INNE ROZMIARY OPON NOWE I U\u017bYWANE DU\u017bY WYB\u00d3R OPON POJEDYNCZYCH FELGI STALOWE I ALUMINIOWE","_links":{"self":[{"href":"https:\/\/oponixo.shop\/tire\/wp-json\/wp\/v2\/product\/14393","targetHints":{"allow":["GET"]}}],"collection":[{"href":"https:\/\/oponixo.shop\/tire\/wp-json\/wp\/v2\/product"}],"about":[{"href":"https:\/\/oponixo.shop\/tire\/wp-json\/wp\/v2\/types\/product"}],"wp:featuredmedia":[{"embeddable":true,"href":"https:\/\/oponixo.shop\/tire\/wp-json\/wp\/v2\/media\/14394"}],"wp:attachment":[{"href":"https:\/\/oponixo.shop\/tire\/wp-json\/wp\/v2\/media?parent=14393"}],"wp:term":[{"taxonomy":"product_brand","embeddable":true,"href":"https:\/\/oponixo.shop\/tire\/wp-json\/wp\/v2\/product_brand?post=14393"},{"taxonomy":"product_cat","embeddable":true,"href":"https:\/\/oponixo.shop\/tire\/wp-json\/wp\/v2\/product_cat?post=14393"},{"taxonomy":"product_tag","embeddable":true,"href":"https:\/\/oponixo.shop\/tire\/wp-json\/wp\/v2\/product_tag?post=14393"}],"curies":[{"name":"wp","href":"https:\/\/api.w.org\/{rel}","templated":true}]}}