{"id":14399,"date":"2026-01-12T01:45:54","date_gmt":"2026-01-12T00:45:54","guid":{"rendered":"https:\/\/oponyspeed.shop\/xef5\/produkt\/2x-arivo-205-55r16-premio-arzero-94w\/"},"modified":"2026-01-12T01:45:54","modified_gmt":"2026-01-12T00:45:54","slug":"2x-arivo-205-55r16-premio-arzero-94w","status":"publish","type":"product","link":"https:\/\/oponixo.shop\/tire\/produkt\/2x-arivo-205-55r16-premio-arzero-94w\/","title":{"rendered":"2x Arivo 205\/55R16 PREMIO ARZERO 94W"},"content":{"rendered":"<div style=\"font-family: Arial, sans-serif; line-height: 1.6; color: #333; padding: 20px; clear: both; display: block; width: 100%; float: none; position: static; overflow: hidden;\">\n<div style=\"clear: both; display: block; margin: 10px 0;\">\n<div style=\"clear: both; display: block; margin: 10px 0;\">\n<div style=\"clear: both; display: block; margin: 10px 0;\">\n<h2>Opona letnia Arivo PREMIO ARZERO 205\/55R16 94W XL<\/h2>\n<p style=\"margin: 15px 0; line-height: 1.8; clear: both; display: block; width: 100%; float: none; position: static;\"><b>Arivo PREMIO ARZERO&nbsp;<\/b>to opona letnia klasy ekonomicznej. Jest przeznaczona do samochod\u00f3w osobowych.<\/p>\n<p style=\"margin: 15px 0; line-height: 1.8; clear: both; display: block; width: 100%; float: none; position: static;\">&nbsp;<\/p>\n<p style=\"margin: 15px 0; line-height: 1.8; clear: both; display: block; width: 100%; float: none; position: static;\">Opona jest wyposa\u017cona w asymetryczny wz\u00f3r bie\u017cnika.<\/p>\n<h3 style=\"color: #2c5aa0; font-size: 18px; margin: 30px 0 15px 0; font-weight: bold; clear: both; display: block; width: 100%; float: none; position: static;\">Szerokie rowki obwodowe powoduj\u0105 zmniejszenie pojawienia si\u0119 ryzyka aquaplaningu przez szybkie usuwanie wody spod czo\u0142a bie\u017cnika.<\/h3>\n<p style=\"margin: 15px 0; line-height: 1.8; clear: both; display: block; width: 100%; float: none; position: static;\">Rowki poprzeczne usuwaj\u0105 podczas jazdy w deszczu, dzi\u0119ki czemu skr\u00f3cono drog\u0119 hamowania.<\/p>\n<h3 style=\"color: #2c5aa0; font-size: 18px; margin: 30px 0 15px 0; font-weight: bold; clear: both; display: block; width: 100%; float: none; position: static;\">\u017bebra \u015brodkowe bie\u017cnika zapewniaj\u0105 stabiln\u0105 jazd\u0119.<\/h3>\n<p style=\"margin: 15px 0; line-height: 1.8; clear: both; display: block; width: 100%; float: none; position: static;\">Dobra trakcja to zas\u0142uga odpowiednio dopasowanego wzoru bie\u017cnika. Dzi\u0119ki otymalizacji wzoru zmniejszono opory toczenia oraz poprawiono trakcj\u0119.<\/p>\n<p style=\"margin: 15px 0; line-height: 1.8; clear: both; display: block; width: 100%; float: none; position: static;\"><b>Arivo PREMIO ARZERO<\/b>&nbsp;to opona w korzystnej cenie zapewniaj\u0105ca odpowiednie parametry jezdne.<\/p>\n<p style=\"margin: 15px 0; line-height: 1.8; clear: both; display: block; width: 100%; float: none; position: static;\">Arivo to klasyczne s\u0142owo okre\u015blaj\u0105ce przyjazd, oznacza \u201eGdziekolwiek si\u0119 udasz, nasze opony zabior\u0105 Ci\u0119 do celu\u201d. Wygl\u0105d i oryginalno\u015b\u0107 marki Arivo pochodz\u0105 z Wielkiej Brytanii.<\/p>\n<p style=\"margin: 15px 0; line-height: 1.8; clear: both; display: block; width: 100%; float: none; position: static;\">ARIVO TIRE jest produkowany dla samochod\u00f3w osobowych, SUV-\u00f3w, lekkich ci\u0119\u017car\u00f3wek i pojazd\u00f3w u\u017cytkowych z w\u0142asnym unikalnym asortymentem, kt\u00f3ry szybko rozszerza si\u0119 dzi\u0119ki zaawansowanej europejskiej technologii projektowania i produkcji. Wszystkie opony posiadaj\u0105 \u015bcis\u0142\u0105 kontrol\u0119 jako\u015bci i uzyska\u0142y certyfikat systemu zarz\u0105dzania jako\u015bci\u0105 ISO9001 i ISO\/16949.<\/p>\n","protected":false},"excerpt":{"rendered":"<p>Opona letnia Arivo PREMIO ARZERO 205\/55R16 94W XL<\/p>\n<p>Arivo PREMIO ARZERO&nbsp;to opona letnia klasy ekonomicznej. Jest przeznaczona do samochod\u00f3w osobowych.<\/p>\n<p>&nbsp;<\/p>\n<p>Opona jest wyposa\u017cona w asymetryczny wz\u00f3r bie\u017cnika.<\/p>\n<p>Szerokie rowki obwodowe powoduj\u0105 zmniejszenie pojawienia si\u0119 ryzyka aquaplaningu przez szybkie usuwanie wody spod czo\u0142a bie\u017cnika.<\/p>\n<p>Rowki poprzeczne usuwaj\u0105 podczas jazdy w deszczu, dzi\u0119ki czemu skr\u00f3cono drog\u0119 hamowania.<\/p>\n<p>\u017bebra \u015brodkowe bie\u017cnika zapewniaj\u0105 stabiln\u0105 jazd\u0119.<\/p>\n","protected":false},"featured_media":14400,"template":"","meta":{"_uag_custom_page_level_css":""},"product_brand":[449],"product_cat":[414,418,413,412],"product_tag":[],"class_list":{"0":"post-14399","1":"product","2":"type-product","3":"status-publish","4":"has-post-thumbnail","6":"product_brand-arivo","7":"product_cat-do-samochodow-osobowych-i-suv","8":"product_cat-letnie","9":"product_cat-opony","10":"product_cat-opony-i-felgi","12":"first","13":"instock","14":"shipping-taxable","15":"purchasable","16":"product-type-simple"},"uagb_featured_image_src":{"full":["https:\/\/oponixo.shop\/tire\/wp-content\/uploads\/2026\/01\/allegro-image-14399.jpg",500,500,false],"thumbnail":["https:\/\/oponixo.shop\/tire\/wp-content\/uploads\/2026\/01\/allegro-image-14399-150x150.jpg",150,150,true],"medium":["https:\/\/oponixo.shop\/tire\/wp-content\/uploads\/2026\/01\/allegro-image-14399-300x300.jpg",300,300,true],"medium_large":["https:\/\/oponixo.shop\/tire\/wp-content\/uploads\/2026\/01\/allegro-image-14399.jpg",500,500,false],"large":["https:\/\/oponixo.shop\/tire\/wp-content\/uploads\/2026\/01\/allegro-image-14399.jpg",500,500,false],"1536x1536":["https:\/\/oponixo.shop\/tire\/wp-content\/uploads\/2026\/01\/allegro-image-14399.jpg",500,500,false],"2048x2048":["https:\/\/oponixo.shop\/tire\/wp-content\/uploads\/2026\/01\/allegro-image-14399.jpg",500,500,false],"woocommerce_thumbnail":["https:\/\/oponixo.shop\/tire\/wp-content\/uploads\/2026\/01\/allegro-image-14399-300x300.jpg",300,300,true],"woocommerce_single":["https:\/\/oponixo.shop\/tire\/wp-content\/uploads\/2026\/01\/allegro-image-14399.jpg",500,500,false],"woocommerce_gallery_thumbnail":["https:\/\/oponixo.shop\/tire\/wp-content\/uploads\/2026\/01\/allegro-image-14399-100x100.jpg",100,100,true]},"uagb_author_info":{"display_name":"admin","author_link":"https:\/\/oponixo.shop\/tire\/author\/"},"uagb_comment_info":0,"uagb_excerpt":"Opona letnia Arivo PREMIO ARZERO 205\/55R16 94W XL Arivo PREMIO ARZERO&nbsp;to opona letnia klasy ekonomicznej. Jest przeznaczona do samochod\u00f3w osobowych. &nbsp; Opona jest wyposa\u017cona w asymetryczny wz\u00f3r bie\u017cnika. Szerokie rowki obwodowe powoduj\u0105 zmniejszenie pojawienia si\u0119 ryzyka aquaplaningu przez szybkie usuwanie wody spod czo\u0142a bie\u017cnika. Rowki poprzeczne usuwaj\u0105 podczas jazdy w deszczu, dzi\u0119ki czemu skr\u00f3cono drog\u0119&hellip;","_links":{"self":[{"href":"https:\/\/oponixo.shop\/tire\/wp-json\/wp\/v2\/product\/14399","targetHints":{"allow":["GET"]}}],"collection":[{"href":"https:\/\/oponixo.shop\/tire\/wp-json\/wp\/v2\/product"}],"about":[{"href":"https:\/\/oponixo.shop\/tire\/wp-json\/wp\/v2\/types\/product"}],"wp:featuredmedia":[{"embeddable":true,"href":"https:\/\/oponixo.shop\/tire\/wp-json\/wp\/v2\/media\/14400"}],"wp:attachment":[{"href":"https:\/\/oponixo.shop\/tire\/wp-json\/wp\/v2\/media?parent=14399"}],"wp:term":[{"taxonomy":"product_brand","embeddable":true,"href":"https:\/\/oponixo.shop\/tire\/wp-json\/wp\/v2\/product_brand?post=14399"},{"taxonomy":"product_cat","embeddable":true,"href":"https:\/\/oponixo.shop\/tire\/wp-json\/wp\/v2\/product_cat?post=14399"},{"taxonomy":"product_tag","embeddable":true,"href":"https:\/\/oponixo.shop\/tire\/wp-json\/wp\/v2\/product_tag?post=14399"}],"curies":[{"name":"wp","href":"https:\/\/api.w.org\/{rel}","templated":true}]}}