{"id":14410,"date":"2026-01-12T01:45:56","date_gmt":"2026-01-12T00:45:56","guid":{"rendered":"https:\/\/oponyspeed.shop\/xef5\/produkt\/4x-205-60r16-z107-92v-goodride-nowe-letnie-rok-2025\/"},"modified":"2026-01-12T01:45:57","modified_gmt":"2026-01-12T00:45:57","slug":"4x-205-60r16-z107-92v-goodride-nowe-letnie-rok-2025","status":"publish","type":"product","link":"https:\/\/oponixo.shop\/tire\/produkt\/4x-205-60r16-z107-92v-goodride-nowe-letnie-rok-2025\/","title":{"rendered":"4x 205\/60R16 Z107 92V GOODRIDE nowe letnie ROK 2025"},"content":{"rendered":"<div style=\"font-family: Arial, sans-serif; line-height: 1.6; color: #333; padding: 20px; clear: both; display: block; width: 100%; float: none; position: static; overflow: hidden;\">\n<div style=\"clear: both; display: block; margin: 10px 0;\">\n<div style=\"clear: both; display: block; margin: 10px 0;\">\n<div style=\"clear: both; display: block; margin: 10px 0;\">\n<div  style=\"max-width:1440px;max-height:262px\">\n<div style=\"clear: both; display: block; margin: 10px 0;\">\n<div style=\"clear: both; width: 100%; display: block; margin: 20px 0; padding: 0; float: none; position: static; text-align: center;\"><img decoding=\"async\"  src=\"https:\/\/a.allegroimg.com\/original\/11e2a5\/20a7b6184ff785167825b70d0af7\/4x-205-60R16-Z107-92V-GOODRIDE-nowe-letnie-ROK-2025-Szerokosc-opony-205-mm\" srcset=\"https:\/\/a.allegroimg.com\/original\/11e2a5\/20a7b6184ff785167825b70d0af7\/4x-205-60R16-Z107-92V-GOODRIDE-nowe-letnie-ROK-2025-Szerokosc-opony-205-mm 360w,https:\/\/a.allegroimg.com\/original\/11e2a5\/20a7b6184ff785167825b70d0af7\/4x-205-60R16-Z107-92V-GOODRIDE-nowe-letnie-ROK-2025-Szerokosc-opony-205-mm 720w,https:\/\/a.allegroimg.com\/original\/11e2a5\/20a7b6184ff785167825b70d0af7\/4x-205-60R16-Z107-92V-GOODRIDE-nowe-letnie-ROK-2025-Szerokosc-opony-205-mm 1024w,https:\/\/a.allegroimg.com\/original\/11e2a5\/20a7b6184ff785167825b70d0af7\/4x-205-60R16-Z107-92V-GOODRIDE-nowe-letnie-ROK-2025-Szerokosc-opony-205-mm 1440w,https:\/\/a.allegroimg.com\/original\/11e2a5\/20a7b6184ff785167825b70d0af7\/4x-205-60R16-Z107-92V-GOODRIDE-nowe-letnie-ROK-2025-Szerokosc-opony-205-mm 1440w\" sizes=\"100vw\" width=\"1440px\" alt=\"4x 205\/60R16 Z107 92V GOODRIDE nowe letnie ROK 2025 Szeroko\u015b\u0107 opony 205 mm\" style=\"max-width: 100%; height: auto; display: block; margin: 0 auto;\"><\/div>\n<\/div>\n<\/div>\n<\/div>\n<\/div>\n<\/div>\n<div style=\"clear: both; display: block; margin: 10px 0;\">\n<div style=\"clear: both; display: block; margin: 10px 0;\">\n<div style=\"clear: both; display: block; margin: 10px 0;\">\n<div  style=\"max-width:1677px;max-height:2560px\">\n<div style=\"clear: both; display: block; margin: 10px 0;\">\n<div style=\"clear: both; width: 100%; display: block; margin: 20px 0; padding: 0; float: none; position: static; text-align: center;\"><img decoding=\"async\"  src=\"https:\/\/a.allegroimg.com\/original\/110aab\/3466b02b453fbf6e97cc95034ae9\/4x-205-60R16-Z107-92V-GOODRIDE-nowe-letnie-ROK-2025-Model-ZuperEco-Z-107\" srcset=\"https:\/\/a.allegroimg.com\/original\/110aab\/3466b02b453fbf6e97cc95034ae9\/4x-205-60R16-Z107-92V-GOODRIDE-nowe-letnie-ROK-2025-Model-ZuperEco-Z-107 235w,https:\/\/a.allegroimg.com\/original\/110aab\/3466b02b453fbf6e97cc95034ae9\/4x-205-60R16-Z107-92V-GOODRIDE-nowe-letnie-ROK-2025-Model-ZuperEco-Z-107 471w,https:\/\/a.allegroimg.com\/original\/110aab\/3466b02b453fbf6e97cc95034ae9\/4x-205-60R16-Z107-92V-GOODRIDE-nowe-letnie-ROK-2025-Model-ZuperEco-Z-107 670w,https:\/\/a.allegroimg.com\/original\/110aab\/3466b02b453fbf6e97cc95034ae9\/4x-205-60R16-Z107-92V-GOODRIDE-nowe-letnie-ROK-2025-Model-ZuperEco-Z-107 943w,https:\/\/a.allegroimg.com\/original\/110aab\/3466b02b453fbf6e97cc95034ae9\/4x-205-60R16-Z107-92V-GOODRIDE-nowe-letnie-ROK-2025-Model-ZuperEco-Z-107 1677w\" sizes=\"(min-width: 1200px) 560px, (min-width: 992px) 50vw, 100vw\" width=\"1677px\" alt=\"4x 205\/60R16 Z107 92V GOODRIDE nowe letnie ROK 2025 Model ZuperEco Z-107\" style=\"max-width: 100%; height: auto; display: block; margin: 0 auto;\"><\/div>\n<\/div>\n<\/div>\n<\/div>\n<\/div>\n<div style=\"clear: both; display: block; margin: 10px 0;\">\n<div style=\"clear: both; display: block; margin: 10px 0;\">\n<h2>Przedmiot aukcji: komplet 4 sztuk fabrycznie nowych opon<\/h2>\n<p style=\"margin: 15px 0; line-height: 1.8; clear: both; display: block; width: 100%; float: none; position: static;\">Rozmiar:&nbsp;<b>205\/60R16<\/b><\/p>\n<p style=\"margin: 15px 0; line-height: 1.8; clear: both; display: block; width: 100%; float: none; position: static;\">Indeksy pr\u0119dko\u015bci i no\u015bno\u015bci:&nbsp;<b>92V (do 240km\/h)<\/b><\/p>\n<p style=\"margin: 15px 0; line-height: 1.8; clear: both; display: block; width: 100%; float: none; position: static;\">Marka: <b>Goodride<\/b><\/p>\n<h1>Rok produkcji:&nbsp;2025<\/h1>\n<p style=\"margin: 15px 0; line-height: 1.8; clear: both; display: block; width: 100%; float: none; position: static;\">Sezon:&nbsp;<b>opony letnie<\/b><\/p>\n<p style=\"margin: 15px 0; line-height: 1.8; clear: both; display: block; width: 100%; float: none; position: static;\">Segment:&nbsp;<b>klasa ekonomiczna<\/b><\/p>\n<h1>Nowoczesna, asymetryczna, atrakcyjna wizualnie rze\u017aba bie\u017cnika.<\/h1>\n<p style=\"margin: 15px 0; line-height: 1.8; clear: both; display: block; width: 100%; float: none; position: static;\">zalety:<\/p>\n<p style=\"margin: 15px 0; line-height: 1.8; clear: both; display: block; width: 100%; float: none; position: static;\">Bardzo dobre odprowadzanie wody z czo\u0142a opony<\/p>\n<p style=\"margin: 15px 0; line-height: 1.8; clear: both; display: block; width: 100%; float: none; position: static;\">R\u00f3wnomierny rozk\u0142ad obci\u0105\u017ce\u0144<\/p>\n<p style=\"margin: 15px 0; line-height: 1.8; clear: both; display: block; width: 100%; float: none; position: static;\">Niski op\u00f3r toczenia<\/p>\n<p style=\"margin: 15px 0; line-height: 1.8; clear: both; display: block; width: 100%; float: none; position: static;\">Bardzo dobra kierowalno\u015b\u0107<\/p>\n<\/div>\n<\/div>\n<\/div>\n<div style=\"clear: both; display: block; margin: 10px 0;\">\n<div style=\"clear: both; display: block; margin: 10px 0;\">\n<div style=\"clear: both; display: block; margin: 10px 0;\">\n<div  style=\"max-width:2232px;max-height:602px\">\n<div style=\"clear: both; display: block; margin: 10px 0;\">\n<div style=\"clear: both; width: 100%; display: block; margin: 20px 0; padding: 0; float: none; position: static; text-align: center;\"><img decoding=\"async\"  src=\"https:\/\/a.allegroimg.com\/original\/11bd7f\/2db6cd104bbeb30d8f23f2551904\/4x-205-60R16-Z107-92V-GOODRIDE-nowe-letnie-ROK-2025-Klasa-ekonomiczna\" srcset=\"https:\/\/a.allegroimg.com\/original\/11bd7f\/2db6cd104bbeb30d8f23f2551904\/4x-205-60R16-Z107-92V-GOODRIDE-nowe-letnie-ROK-2025-Klasa-ekonomiczna 360w,https:\/\/a.allegroimg.com\/original\/11bd7f\/2db6cd104bbeb30d8f23f2551904\/4x-205-60R16-Z107-92V-GOODRIDE-nowe-letnie-ROK-2025-Klasa-ekonomiczna 720w,https:\/\/a.allegroimg.com\/original\/11bd7f\/2db6cd104bbeb30d8f23f2551904\/4x-205-60R16-Z107-92V-GOODRIDE-nowe-letnie-ROK-2025-Klasa-ekonomiczna 1024w,https:\/\/a.allegroimg.com\/original\/11bd7f\/2db6cd104bbeb30d8f23f2551904\/4x-205-60R16-Z107-92V-GOODRIDE-nowe-letnie-ROK-2025-Klasa-ekonomiczna 1440w,https:\/\/a.allegroimg.com\/original\/11bd7f\/2db6cd104bbeb30d8f23f2551904\/4x-205-60R16-Z107-92V-GOODRIDE-nowe-letnie-ROK-2025-Klasa-ekonomiczna 2232w\" sizes=\"100vw\" width=\"2232px\" alt=\"4x 205\/60R16 Z107 92V GOODRIDE nowe letnie ROK 2025 Klasa ekonomiczna\" style=\"max-width: 100%; height: auto; display: block; margin: 0 auto;\"><\/div>\n<\/div>\n<\/div>\n<\/div>\n<\/div>\n<\/div>\n<div style=\"clear: both; display: block; margin: 10px 0;\">\n<div style=\"clear: both; display: block; margin: 10px 0;\">\n<div style=\"clear: both; display: block; margin: 10px 0;\">\n<div  style=\"max-width:1195px;max-height:2560px\">\n<div style=\"clear: both; display: block; margin: 10px 0;\">\n<div style=\"clear: both; width: 100%; display: block; margin: 20px 0; padding: 0; float: none; position: static; text-align: center;\"><img decoding=\"async\"  src=\"https:\/\/a.allegroimg.com\/original\/11875f\/00e872094fc4ba5982b0f11ab468\/4x-205-60R16-Z107-92V-GOODRIDE-nowe-letnie-ROK-2025-Marka-Goodride\" srcset=\"https:\/\/a.allegroimg.com\/original\/11875f\/00e872094fc4ba5982b0f11ab468\/4x-205-60R16-Z107-92V-GOODRIDE-nowe-letnie-ROK-2025-Marka-Goodride 168w,https:\/\/a.allegroimg.com\/original\/11875f\/00e872094fc4ba5982b0f11ab468\/4x-205-60R16-Z107-92V-GOODRIDE-nowe-letnie-ROK-2025-Marka-Goodride 336w,https:\/\/a.allegroimg.com\/original\/11875f\/00e872094fc4ba5982b0f11ab468\/4x-205-60R16-Z107-92V-GOODRIDE-nowe-letnie-ROK-2025-Marka-Goodride 478w,https:\/\/a.allegroimg.com\/original\/11875f\/00e872094fc4ba5982b0f11ab468\/4x-205-60R16-Z107-92V-GOODRIDE-nowe-letnie-ROK-2025-Marka-Goodride 672w,https:\/\/a.allegroimg.com\/original\/11875f\/00e872094fc4ba5982b0f11ab468\/4x-205-60R16-Z107-92V-GOODRIDE-nowe-letnie-ROK-2025-Marka-Goodride 1195w\" sizes=\"100vw\" width=\"1195px\" alt=\"4x 205\/60R16 Z107 92V GOODRIDE nowe letnie ROK 2025 Marka Goodride\" style=\"max-width: 100%; height: auto; display: block; margin: 0 auto;\"><\/div>\n<\/div>\n<\/div>\n<\/div>\n<\/div>\n<\/div>\n<div style=\"clear: both; display: block; margin: 10px 0;\">\n<div style=\"clear: both; display: block; margin: 10px 0;\">\n<div style=\"clear: both; display: block; margin: 10px 0;\">\n<div  style=\"max-width:1677px;max-height:2560px\">\n<div style=\"clear: both; display: block; margin: 10px 0;\">\n<div style=\"clear: both; width: 100%; display: block; margin: 20px 0; padding: 0; float: none; position: static; text-align: center;\"><img decoding=\"async\"  src=\"https:\/\/a.allegroimg.com\/original\/110aab\/3466b02b453fbf6e97cc95034ae9\/4x-205-60R16-Z107-92V-GOODRIDE-nowe-letnie-ROK-2025-Model-ZuperEco-Z-107\" srcset=\"https:\/\/a.allegroimg.com\/original\/110aab\/3466b02b453fbf6e97cc95034ae9\/4x-205-60R16-Z107-92V-GOODRIDE-nowe-letnie-ROK-2025-Model-ZuperEco-Z-107 235w,https:\/\/a.allegroimg.com\/original\/110aab\/3466b02b453fbf6e97cc95034ae9\/4x-205-60R16-Z107-92V-GOODRIDE-nowe-letnie-ROK-2025-Model-ZuperEco-Z-107 471w,https:\/\/a.allegroimg.com\/original\/110aab\/3466b02b453fbf6e97cc95034ae9\/4x-205-60R16-Z107-92V-GOODRIDE-nowe-letnie-ROK-2025-Model-ZuperEco-Z-107 670w,https:\/\/a.allegroimg.com\/original\/110aab\/3466b02b453fbf6e97cc95034ae9\/4x-205-60R16-Z107-92V-GOODRIDE-nowe-letnie-ROK-2025-Model-ZuperEco-Z-107 943w,https:\/\/a.allegroimg.com\/original\/110aab\/3466b02b453fbf6e97cc95034ae9\/4x-205-60R16-Z107-92V-GOODRIDE-nowe-letnie-ROK-2025-Model-ZuperEco-Z-107 1677w\" sizes=\"100vw\" width=\"1677px\" alt=\"4x 205\/60R16 Z107 92V GOODRIDE nowe letnie ROK 2025 Model ZuperEco Z-107\" style=\"max-width: 100%; height: auto; display: block; margin: 0 auto;\"><\/div>\n<\/div>\n<\/div>\n<\/div>\n<\/div>\n<\/div>\n<div style=\"clear: both; display: block; margin: 10px 0;\">\n<div style=\"clear: both; display: block; margin: 10px 0;\">\n<div style=\"clear: both; display: block; margin: 10px 0;\">\n<p style=\"margin: 15px 0; line-height: 1.8; clear: both; display: block; width: 100%; float: none; position: static;\">[205\/60R16VZ107][205\/60R16VZ107][205\/60R16VZ107][205\/60R16VZ107]<\/p>\n<\/div>\n<\/div>\n<\/div>\n<\/div>\n<\/div>\n<\/div>\n<div style=\"clear: both; display: block; margin: 10px 0;\">\n","protected":false},"excerpt":{"rendered":"<p>Przedmiot aukcji: komplet 4 sztuk fabrycznie nowych opon<\/p>\n<p>Rozmiar:&nbsp;205\/60R16<\/p>\n<p>Indeksy pr\u0119dko\u015bci i no\u015bno\u015bci:&nbsp;92V (do 240km\/h)<\/p>\n<p>Marka: Goodride<\/p>\n<p>Rok produkcji:&nbsp;2025<\/p>\n<p>Sezon:&nbsp;opony letnie<\/p>\n<p>Segment:&nbsp;klasa ekonomiczna<\/p>\n<p>Nowoczesna, asymetryczna, atrakcyjna wizualnie rze\u017aba bie\u017cnika.<\/p>\n","protected":false},"featured_media":14411,"template":"","meta":{"_uag_custom_page_level_css":""},"product_brand":[379],"product_cat":[414,418,413,412],"product_tag":[],"class_list":{"0":"post-14410","1":"product","2":"type-product","3":"status-publish","4":"has-post-thumbnail","6":"product_brand-goodride","7":"product_cat-do-samochodow-osobowych-i-suv","8":"product_cat-letnie","9":"product_cat-opony","10":"product_cat-opony-i-felgi","12":"first","13":"instock","14":"shipping-taxable","15":"purchasable","16":"product-type-simple"},"uagb_featured_image_src":{"full":["https:\/\/oponixo.shop\/tire\/wp-content\/uploads\/2026\/01\/allegro-image-14410.jpg",2000,2000,false],"thumbnail":["https:\/\/oponixo.shop\/tire\/wp-content\/uploads\/2026\/01\/allegro-image-14410-150x150.jpg",150,150,true],"medium":["https:\/\/oponixo.shop\/tire\/wp-content\/uploads\/2026\/01\/allegro-image-14410-300x300.jpg",300,300,true],"medium_large":["https:\/\/oponixo.shop\/tire\/wp-content\/uploads\/2026\/01\/allegro-image-14410-768x768.jpg",768,768,true],"large":["https:\/\/oponixo.shop\/tire\/wp-content\/uploads\/2026\/01\/allegro-image-14410-1024x1024.jpg",1024,1024,true],"1536x1536":["https:\/\/oponixo.shop\/tire\/wp-content\/uploads\/2026\/01\/allegro-image-14410-1536x1536.jpg",1536,1536,true],"2048x2048":["https:\/\/oponixo.shop\/tire\/wp-content\/uploads\/2026\/01\/allegro-image-14410.jpg",2000,2000,false],"woocommerce_thumbnail":["https:\/\/oponixo.shop\/tire\/wp-content\/uploads\/2026\/01\/allegro-image-14410-300x300.jpg",300,300,true],"woocommerce_single":["https:\/\/oponixo.shop\/tire\/wp-content\/uploads\/2026\/01\/allegro-image-14410-600x600.jpg",600,600,true],"woocommerce_gallery_thumbnail":["https:\/\/oponixo.shop\/tire\/wp-content\/uploads\/2026\/01\/allegro-image-14410-100x100.jpg",100,100,true]},"uagb_author_info":{"display_name":"admin","author_link":"https:\/\/oponixo.shop\/tire\/author\/"},"uagb_comment_info":0,"uagb_excerpt":"Przedmiot aukcji: komplet 4 sztuk fabrycznie nowych opon Rozmiar:&nbsp;205\/60R16 Indeksy pr\u0119dko\u015bci i no\u015bno\u015bci:&nbsp;92V (do 240km\/h) Marka: Goodride Rok produkcji:&nbsp;2025 Sezon:&nbsp;opony letnie Segment:&nbsp;klasa ekonomiczna Nowoczesna, asymetryczna, atrakcyjna wizualnie rze\u017aba bie\u017cnika.","_links":{"self":[{"href":"https:\/\/oponixo.shop\/tire\/wp-json\/wp\/v2\/product\/14410","targetHints":{"allow":["GET"]}}],"collection":[{"href":"https:\/\/oponixo.shop\/tire\/wp-json\/wp\/v2\/product"}],"about":[{"href":"https:\/\/oponixo.shop\/tire\/wp-json\/wp\/v2\/types\/product"}],"wp:featuredmedia":[{"embeddable":true,"href":"https:\/\/oponixo.shop\/tire\/wp-json\/wp\/v2\/media\/14411"}],"wp:attachment":[{"href":"https:\/\/oponixo.shop\/tire\/wp-json\/wp\/v2\/media?parent=14410"}],"wp:term":[{"taxonomy":"product_brand","embeddable":true,"href":"https:\/\/oponixo.shop\/tire\/wp-json\/wp\/v2\/product_brand?post=14410"},{"taxonomy":"product_cat","embeddable":true,"href":"https:\/\/oponixo.shop\/tire\/wp-json\/wp\/v2\/product_cat?post=14410"},{"taxonomy":"product_tag","embeddable":true,"href":"https:\/\/oponixo.shop\/tire\/wp-json\/wp\/v2\/product_tag?post=14410"}],"curies":[{"name":"wp","href":"https:\/\/api.w.org\/{rel}","templated":true}]}}