{"id":14480,"date":"2026-01-12T01:46:21","date_gmt":"2026-01-12T00:46:21","guid":{"rendered":"https:\/\/oponyspeed.shop\/xef5\/produkt\/4x-205-55r16-16-opony-letnie-komplet-4-sztuki\/"},"modified":"2026-01-12T01:46:23","modified_gmt":"2026-01-12T00:46:23","slug":"4x-205-55r16-16-opony-letnie-komplet-4-sztuki","status":"publish","type":"product","link":"https:\/\/oponixo.shop\/tire\/produkt\/4x-205-55r16-16-opony-letnie-komplet-4-sztuki\/","title":{"rendered":"4x 205\/55R16 16&#8221; OPONY LETNIE KOMPLET 4 sztuki"},"content":{"rendered":"<div style=\"font-family: Arial, sans-serif; line-height: 1.6; color: #333; padding: 20px; clear: both; display: block; width: 100%; float: none; position: static; overflow: hidden;\">\n<div style=\"clear: both; display: block; margin: 10px 0;\">\n<div style=\"clear: both; display: block; margin: 10px 0;\">\n<div style=\"clear: both; display: block; margin: 10px 0;\">\n<div  style=\"max-width:1117px;max-height:2560px\">\n<div style=\"clear: both; display: block; margin: 10px 0;\">\n<div style=\"clear: both; width: 100%; display: block; margin: 20px 0; padding: 0; float: none; position: static; text-align: center;\"><img decoding=\"async\"  src=\"https:\/\/a.allegroimg.com\/original\/11fb46\/6c8fe9864f5b97b2f0b6a57001bd\/4x-205-55R16-16-OPONY-LETNIE-KOMPLET-4-sztuki-Model-FSR802\" srcset=\"https:\/\/a.allegroimg.com\/original\/11fb46\/6c8fe9864f5b97b2f0b6a57001bd\/4x-205-55R16-16-OPONY-LETNIE-KOMPLET-4-sztuki-Model-FSR802 157w,https:\/\/a.allegroimg.com\/original\/11fb46\/6c8fe9864f5b97b2f0b6a57001bd\/4x-205-55R16-16-OPONY-LETNIE-KOMPLET-4-sztuki-Model-FSR802 314w,https:\/\/a.allegroimg.com\/original\/11fb46\/6c8fe9864f5b97b2f0b6a57001bd\/4x-205-55R16-16-OPONY-LETNIE-KOMPLET-4-sztuki-Model-FSR802 446w,https:\/\/a.allegroimg.com\/original\/11fb46\/6c8fe9864f5b97b2f0b6a57001bd\/4x-205-55R16-16-OPONY-LETNIE-KOMPLET-4-sztuki-Model-FSR802 628w,https:\/\/a.allegroimg.com\/original\/11fb46\/6c8fe9864f5b97b2f0b6a57001bd\/4x-205-55R16-16-OPONY-LETNIE-KOMPLET-4-sztuki-Model-FSR802 1117w\" sizes=\"(min-width: 1200px) 560px, (min-width: 992px) 50vw, 100vw\" width=\"1117px\" alt=\"4x 205\/55R16 16'' OPONY LETNIE KOMPLET 4 sztuki Model FSR802\" style=\"max-width: 100%; height: auto; display: block; margin: 0 auto;\"><\/div>\n<\/div>\n<\/div>\n<\/div>\n<\/div>\n<div style=\"clear: both; display: block; margin: 10px 0;\">\n<div style=\"clear: both; display: block; margin: 10px 0;\">\n<h1>Dane opony:<\/h1>\n<p style=\"margin: 15px 0; line-height: 1.8; clear: both; display: block; width: 100%; float: none; position: static;\"><b>Producent<\/b>: FORTUNE \/ AUSTONE<\/p>\n<p style=\"margin: 15px 0; line-height: 1.8; clear: both; display: block; width: 100%; float: none; position: static;\"><b>Wz\u00f3r<\/b>: FSR 802<\/p>\n<p style=\"margin: 15px 0; line-height: 1.8; clear: both; display: block; width: 100%; float: none; position: static;\"><b>Rozmiar<\/b>: 205\/55 R16<\/p>\n<p style=\"margin: 15px 0; line-height: 1.8; clear: both; display: block; width: 100%; float: none; position: static;\"><b>Rant ochronny na felg\u0119<\/b>: TAK<\/p>\n<p style=\"margin: 15px 0; line-height: 1.8; clear: both; display: block; width: 100%; float: none; position: static;\"><b>Indeks no\u015bno\u015bci<\/b>: 91<\/p>\n<p style=\"margin: 15px 0; line-height: 1.8; clear: both; display: block; width: 100%; float: none; position: static;\"><b>Indeks pr\u0119dko\u015bci<\/b>: V do 240km\/h<\/p>\n<p style=\"margin: 15px 0; line-height: 1.8; clear: both; display: block; width: 100%; float: none; position: static;\"><b>Rok produkcji<\/b>: 2024\/2025<\/p>\n<h3 style=\"color: #2c5aa0; font-size: 18px; margin: 30px 0 15px 0; font-weight: bold; clear: both; display: block; width: 100%; float: none; position: static;\">Cena dotyczy(szt): 4<\/h3>\n<p style=\"margin: 15px 0; line-height: 1.8; clear: both; display: block; width: 100%; float: none; position: static;\"><b>Sezon<\/b>: Letni<\/p>\n<\/div>\n<\/div>\n<\/div>\n<div style=\"clear: both; display: block; margin: 10px 0;\">\n<div style=\"clear: both; display: block; margin: 10px 0;\">\n<div style=\"clear: both; display: block; margin: 10px 0;\">\n<div  style=\"max-width:1200px;max-height:800px\">\n<div style=\"clear: both; display: block; margin: 10px 0;\">\n<div style=\"clear: both; width: 100%; display: block; margin: 20px 0; padding: 0; float: none; position: static; text-align: center;\"><img decoding=\"async\"  src=\"https:\/\/a.allegroimg.com\/original\/11994c\/21e2bb0b465aa8d56716f743f998\/4x-205-55R16-16-OPONY-LETNIE-KOMPLET-4-sztuki-EAN-GTIN-6937833547348\" srcset=\"https:\/\/a.allegroimg.com\/original\/11994c\/21e2bb0b465aa8d56716f743f998\/4x-205-55R16-16-OPONY-LETNIE-KOMPLET-4-sztuki-EAN-GTIN-6937833547348 360w,https:\/\/a.allegroimg.com\/original\/11994c\/21e2bb0b465aa8d56716f743f998\/4x-205-55R16-16-OPONY-LETNIE-KOMPLET-4-sztuki-EAN-GTIN-6937833547348 720w,https:\/\/a.allegroimg.com\/original\/11994c\/21e2bb0b465aa8d56716f743f998\/4x-205-55R16-16-OPONY-LETNIE-KOMPLET-4-sztuki-EAN-GTIN-6937833547348 1024w,https:\/\/a.allegroimg.com\/original\/11994c\/21e2bb0b465aa8d56716f743f998\/4x-205-55R16-16-OPONY-LETNIE-KOMPLET-4-sztuki-EAN-GTIN-6937833547348 1200w,https:\/\/a.allegroimg.com\/original\/11994c\/21e2bb0b465aa8d56716f743f998\/4x-205-55R16-16-OPONY-LETNIE-KOMPLET-4-sztuki-EAN-GTIN-6937833547348 1200w\" sizes=\"100vw\" width=\"1200px\" alt=\"4x 205\/55R16 16'' OPONY LETNIE KOMPLET 4 sztuki EAN (GTIN) 6937833547348\" style=\"max-width: 100%; height: auto; display: block; margin: 0 auto;\"><\/div>\n<\/div>\n<\/div>\n<\/div>\n<\/div>\n<\/div>\n<div style=\"clear: both; display: block; margin: 10px 0;\">\n<div style=\"clear: both; display: block; margin: 10px 0;\">\n<div style=\"clear: both; display: block; margin: 10px 0;\">\n<div  style=\"max-width:1000px;max-height:754px\">\n<div style=\"clear: both; display: block; margin: 10px 0;\">\n<div style=\"clear: both; width: 100%; display: block; margin: 20px 0; padding: 0; float: none; position: static; text-align: center;\"><img decoding=\"async\"  src=\"https:\/\/a.allegroimg.com\/original\/1182c4\/439d4bf54bc9855527c514d2b746\/4x-205-55R16-16-OPONY-LETNIE-KOMPLET-4-sztuki-Kod-producenta-3521030802\" srcset=\"https:\/\/a.allegroimg.com\/original\/1182c4\/439d4bf54bc9855527c514d2b746\/4x-205-55R16-16-OPONY-LETNIE-KOMPLET-4-sztuki-Kod-producenta-3521030802 360w,https:\/\/a.allegroimg.com\/original\/1182c4\/439d4bf54bc9855527c514d2b746\/4x-205-55R16-16-OPONY-LETNIE-KOMPLET-4-sztuki-Kod-producenta-3521030802 720w,https:\/\/a.allegroimg.com\/original\/1182c4\/439d4bf54bc9855527c514d2b746\/4x-205-55R16-16-OPONY-LETNIE-KOMPLET-4-sztuki-Kod-producenta-3521030802 1000w,https:\/\/a.allegroimg.com\/original\/1182c4\/439d4bf54bc9855527c514d2b746\/4x-205-55R16-16-OPONY-LETNIE-KOMPLET-4-sztuki-Kod-producenta-3521030802 1000w\" sizes=\"100vw\" width=\"1000px\" alt=\"4x 205\/55R16 16'' OPONY LETNIE KOMPLET 4 sztuki Kod producenta 3521030802\" style=\"max-width: 100%; height: auto; display: block; margin: 0 auto;\"><\/div>\n<\/div>\n<\/div>\n<\/div>\n<\/div>\n<\/div>\n<div style=\"clear: both; display: block; margin: 10px 0;\">\n<div style=\"clear: both; display: block; margin: 10px 0;\">\n<div style=\"clear: both; display: block; margin: 10px 0;\">\n<div  style=\"max-width:2000px;max-height:1317px\">\n<div style=\"clear: both; display: block; margin: 10px 0;\">\n<div style=\"clear: both; width: 100%; display: block; margin: 20px 0; padding: 0; float: none; position: static; text-align: center;\"><img decoding=\"async\"  src=\"https:\/\/a.allegroimg.com\/original\/117671\/c2b80cf14bdd9ded3d30673e09b3\/4x-205-55R16-16-OPONY-LETNIE-KOMPLET-4-sztuki-Marka-Fortune\" srcset=\"https:\/\/a.allegroimg.com\/original\/117671\/c2b80cf14bdd9ded3d30673e09b3\/4x-205-55R16-16-OPONY-LETNIE-KOMPLET-4-sztuki-Marka-Fortune 360w,https:\/\/a.allegroimg.com\/original\/117671\/c2b80cf14bdd9ded3d30673e09b3\/4x-205-55R16-16-OPONY-LETNIE-KOMPLET-4-sztuki-Marka-Fortune 720w,https:\/\/a.allegroimg.com\/original\/117671\/c2b80cf14bdd9ded3d30673e09b3\/4x-205-55R16-16-OPONY-LETNIE-KOMPLET-4-sztuki-Marka-Fortune 1024w,https:\/\/a.allegroimg.com\/original\/117671\/c2b80cf14bdd9ded3d30673e09b3\/4x-205-55R16-16-OPONY-LETNIE-KOMPLET-4-sztuki-Marka-Fortune 1440w,https:\/\/a.allegroimg.com\/original\/117671\/c2b80cf14bdd9ded3d30673e09b3\/4x-205-55R16-16-OPONY-LETNIE-KOMPLET-4-sztuki-Marka-Fortune 2000w\" sizes=\"100vw\" width=\"2000px\" alt=\"4x 205\/55R16 16'' OPONY LETNIE KOMPLET 4 sztuki Marka Fortune\" style=\"max-width: 100%; height: auto; display: block; margin: 0 auto;\"><\/div>\n<\/div>\n<\/div>\n<\/div>\n<\/div>\n<\/div>\n<div style=\"clear: both; display: block; margin: 10px 0;\">\n<div style=\"clear: both; display: block; margin: 10px 0;\">\n<div style=\"clear: both; display: block; margin: 10px 0;\">\n<div  style=\"max-width:2402px;max-height:2560px\">\n<div style=\"clear: both; display: block; margin: 10px 0;\">\n<div style=\"clear: both; width: 100%; display: block; margin: 20px 0; padding: 0; float: none; position: static; text-align: center;\"><img decoding=\"async\"  src=\"https:\/\/a.allegroimg.com\/original\/11dff7\/489795e74f828c1bf2fa13257924\/4x-205-55R16-16-OPONY-LETNIE-KOMPLET-4-sztuki\" srcset=\"https:\/\/a.allegroimg.com\/original\/11dff7\/489795e74f828c1bf2fa13257924\/4x-205-55R16-16-OPONY-LETNIE-KOMPLET-4-sztuki 337w,https:\/\/a.allegroimg.com\/original\/11dff7\/489795e74f828c1bf2fa13257924\/4x-205-55R16-16-OPONY-LETNIE-KOMPLET-4-sztuki 675w,https:\/\/a.allegroimg.com\/original\/11dff7\/489795e74f828c1bf2fa13257924\/4x-205-55R16-16-OPONY-LETNIE-KOMPLET-4-sztuki 960w,https:\/\/a.allegroimg.com\/original\/11dff7\/489795e74f828c1bf2fa13257924\/4x-205-55R16-16-OPONY-LETNIE-KOMPLET-4-sztuki 1351w,https:\/\/a.allegroimg.com\/original\/11dff7\/489795e74f828c1bf2fa13257924\/4x-205-55R16-16-OPONY-LETNIE-KOMPLET-4-sztuki 2402w\" sizes=\"100vw\" width=\"2402px\" alt=\"4x 205\/55R16 16'' OPONY LETNIE KOMPLET 4 sztuki\" style=\"max-width: 100%; height: auto; display: block; margin: 0 auto;\"><\/div>\n<\/div>\n<\/div>\n<\/div>\n<\/div>\n<\/div>\n<\/div>\n<\/div>\n<\/div>\n<div style=\"clear: both; display: block; margin: 10px 0;\">\n","protected":false},"excerpt":{"rendered":"<p>Dane opony:<\/p>\n<p>Producent: FORTUNE \/ AUSTONE<\/p>\n<p>Wz\u00f3r: FSR 802<\/p>\n<p>Rozmiar: 205\/55 R16<\/p>\n<p>Rant ochronny na felg\u0119: TAK<\/p>\n<p>Indeks no\u015bno\u015bci: 91<\/p>\n<p>Indeks pr\u0119dko\u015bci: V do 240km\/h<\/p>\n<p>Rok produkcji: 2024\/2025<\/p>\n","protected":false},"featured_media":14481,"template":"","meta":{"_uag_custom_page_level_css":""},"product_brand":[425],"product_cat":[414,418,413,412],"product_tag":[],"class_list":{"0":"post-14480","1":"product","2":"type-product","3":"status-publish","4":"has-post-thumbnail","6":"product_brand-fortune","7":"product_cat-do-samochodow-osobowych-i-suv","8":"product_cat-letnie","9":"product_cat-opony","10":"product_cat-opony-i-felgi","12":"first","13":"instock","14":"shipping-taxable","15":"purchasable","16":"product-type-simple"},"uagb_featured_image_src":{"full":["https:\/\/oponixo.shop\/tire\/wp-content\/uploads\/2026\/01\/allegro-image-14480.jpg",2402,2560,false],"thumbnail":["https:\/\/oponixo.shop\/tire\/wp-content\/uploads\/2026\/01\/allegro-image-14480-150x150.jpg",150,150,true],"medium":["https:\/\/oponixo.shop\/tire\/wp-content\/uploads\/2026\/01\/allegro-image-14480-281x300.jpg",281,300,true],"medium_large":["https:\/\/oponixo.shop\/tire\/wp-content\/uploads\/2026\/01\/allegro-image-14480-768x819.jpg",768,819,true],"large":["https:\/\/oponixo.shop\/tire\/wp-content\/uploads\/2026\/01\/allegro-image-14480-961x1024.jpg",961,1024,true],"1536x1536":["https:\/\/oponixo.shop\/tire\/wp-content\/uploads\/2026\/01\/allegro-image-14480-1441x1536.jpg",1441,1536,true],"2048x2048":["https:\/\/oponixo.shop\/tire\/wp-content\/uploads\/2026\/01\/allegro-image-14480-1922x2048.jpg",1922,2048,true],"woocommerce_thumbnail":["https:\/\/oponixo.shop\/tire\/wp-content\/uploads\/2026\/01\/allegro-image-14480-300x300.jpg",300,300,true],"woocommerce_single":["https:\/\/oponixo.shop\/tire\/wp-content\/uploads\/2026\/01\/allegro-image-14480-600x639.jpg",600,639,true],"woocommerce_gallery_thumbnail":["https:\/\/oponixo.shop\/tire\/wp-content\/uploads\/2026\/01\/allegro-image-14480-100x100.jpg",100,100,true]},"uagb_author_info":{"display_name":"admin","author_link":"https:\/\/oponixo.shop\/tire\/author\/"},"uagb_comment_info":0,"uagb_excerpt":"Dane opony: Producent: FORTUNE \/ AUSTONE Wz\u00f3r: FSR 802 Rozmiar: 205\/55 R16 Rant ochronny na felg\u0119: TAK Indeks no\u015bno\u015bci: 91 Indeks pr\u0119dko\u015bci: V do 240km\/h Rok produkcji: 2024\/2025","_links":{"self":[{"href":"https:\/\/oponixo.shop\/tire\/wp-json\/wp\/v2\/product\/14480","targetHints":{"allow":["GET"]}}],"collection":[{"href":"https:\/\/oponixo.shop\/tire\/wp-json\/wp\/v2\/product"}],"about":[{"href":"https:\/\/oponixo.shop\/tire\/wp-json\/wp\/v2\/types\/product"}],"wp:featuredmedia":[{"embeddable":true,"href":"https:\/\/oponixo.shop\/tire\/wp-json\/wp\/v2\/media\/14481"}],"wp:attachment":[{"href":"https:\/\/oponixo.shop\/tire\/wp-json\/wp\/v2\/media?parent=14480"}],"wp:term":[{"taxonomy":"product_brand","embeddable":true,"href":"https:\/\/oponixo.shop\/tire\/wp-json\/wp\/v2\/product_brand?post=14480"},{"taxonomy":"product_cat","embeddable":true,"href":"https:\/\/oponixo.shop\/tire\/wp-json\/wp\/v2\/product_cat?post=14480"},{"taxonomy":"product_tag","embeddable":true,"href":"https:\/\/oponixo.shop\/tire\/wp-json\/wp\/v2\/product_tag?post=14480"}],"curies":[{"name":"wp","href":"https:\/\/api.w.org\/{rel}","templated":true}]}}