{"id":14556,"date":"2026-01-12T01:54:10","date_gmt":"2026-01-12T00:54:10","guid":{"rendered":"https:\/\/oponyspeed.shop\/xef5\/produkt\/2x-235-45r18-z107-98w-goodride-xl-nowe-letnie-rok-2025\/"},"modified":"2026-01-12T01:54:10","modified_gmt":"2026-01-12T00:54:10","slug":"2x-235-45r18-z107-98w-goodride-xl-nowe-letnie-rok-2025","status":"publish","type":"product","link":"https:\/\/oponixo.shop\/tire\/produkt\/2x-235-45r18-z107-98w-goodride-xl-nowe-letnie-rok-2025\/","title":{"rendered":"2x 235\/45R18 Z107 98W GOODRIDE XL nowe letnie ROK 2025"},"content":{"rendered":"<div style=\"font-family: Arial, sans-serif; line-height: 1.6; color: #333; padding: 20px; clear: both; display: block; width: 100%; float: none; position: static; overflow: hidden;\">\n<div style=\"clear: both; display: block; margin: 10px 0;\">\n<div style=\"clear: both; display: block; margin: 10px 0;\">\n<div style=\"clear: both; display: block; margin: 10px 0;\">\n<div  style=\"max-width:1440px;max-height:262px\">\n<div style=\"clear: both; display: block; margin: 10px 0;\">\n<div style=\"clear: both; width: 100%; display: block; margin: 20px 0; padding: 0; float: none; position: static; text-align: center;\"><img decoding=\"async\"  src=\"https:\/\/a.allegroimg.com\/original\/11ef2c\/d21a7da8411ebbf8068fc5120b7e\/2x-235-45R18-Z107-98W-GOODRIDE-XL-nowe-letnie-ROK-2025-Marka-Goodride\" srcset=\"https:\/\/a.allegroimg.com\/original\/11ef2c\/d21a7da8411ebbf8068fc5120b7e\/2x-235-45R18-Z107-98W-GOODRIDE-XL-nowe-letnie-ROK-2025-Marka-Goodride 360w,https:\/\/a.allegroimg.com\/original\/11ef2c\/d21a7da8411ebbf8068fc5120b7e\/2x-235-45R18-Z107-98W-GOODRIDE-XL-nowe-letnie-ROK-2025-Marka-Goodride 720w,https:\/\/a.allegroimg.com\/original\/11ef2c\/d21a7da8411ebbf8068fc5120b7e\/2x-235-45R18-Z107-98W-GOODRIDE-XL-nowe-letnie-ROK-2025-Marka-Goodride 1024w,https:\/\/a.allegroimg.com\/original\/11ef2c\/d21a7da8411ebbf8068fc5120b7e\/2x-235-45R18-Z107-98W-GOODRIDE-XL-nowe-letnie-ROK-2025-Marka-Goodride 1440w,https:\/\/a.allegroimg.com\/original\/11ef2c\/d21a7da8411ebbf8068fc5120b7e\/2x-235-45R18-Z107-98W-GOODRIDE-XL-nowe-letnie-ROK-2025-Marka-Goodride 1440w\" sizes=\"100vw\" width=\"1440px\" alt=\"2x 235\/45R18 Z107 98W GOODRIDE XL nowe letnie ROK 2025 Marka Goodride\" style=\"max-width: 100%; height: auto; display: block; margin: 0 auto;\"><\/div>\n<\/div>\n<\/div>\n<\/div>\n<\/div>\n<\/div>\n<div style=\"clear: both; display: block; margin: 10px 0;\">\n<div style=\"clear: both; display: block; margin: 10px 0;\">\n<div style=\"clear: both; display: block; margin: 10px 0;\">\n<div  style=\"max-width:1677px;max-height:2560px\">\n<div style=\"clear: both; display: block; margin: 10px 0;\">\n<div style=\"clear: both; width: 100%; display: block; margin: 20px 0; padding: 0; float: none; position: static; text-align: center;\"><img decoding=\"async\"  src=\"https:\/\/a.allegroimg.com\/original\/110aab\/3466b02b453fbf6e97cc95034ae9\/2x-235-45R18-Z107-98W-GOODRIDE-XL-nowe-letnie-ROK-2025-Liczba-opon-w-ofercie-2-szt\" srcset=\"https:\/\/a.allegroimg.com\/original\/110aab\/3466b02b453fbf6e97cc95034ae9\/2x-235-45R18-Z107-98W-GOODRIDE-XL-nowe-letnie-ROK-2025-Liczba-opon-w-ofercie-2-szt 235w,https:\/\/a.allegroimg.com\/original\/110aab\/3466b02b453fbf6e97cc95034ae9\/2x-235-45R18-Z107-98W-GOODRIDE-XL-nowe-letnie-ROK-2025-Liczba-opon-w-ofercie-2-szt 471w,https:\/\/a.allegroimg.com\/original\/110aab\/3466b02b453fbf6e97cc95034ae9\/2x-235-45R18-Z107-98W-GOODRIDE-XL-nowe-letnie-ROK-2025-Liczba-opon-w-ofercie-2-szt 670w,https:\/\/a.allegroimg.com\/original\/110aab\/3466b02b453fbf6e97cc95034ae9\/2x-235-45R18-Z107-98W-GOODRIDE-XL-nowe-letnie-ROK-2025-Liczba-opon-w-ofercie-2-szt 943w,https:\/\/a.allegroimg.com\/original\/110aab\/3466b02b453fbf6e97cc95034ae9\/2x-235-45R18-Z107-98W-GOODRIDE-XL-nowe-letnie-ROK-2025-Liczba-opon-w-ofercie-2-szt 1677w\" sizes=\"(min-width: 1200px) 560px, (min-width: 992px) 50vw, 100vw\" width=\"1677px\" alt=\"2x 235\/45R18 Z107 98W GOODRIDE XL nowe letnie ROK 2025 Liczba opon w ofercie 2 szt.\" style=\"max-width: 100%; height: auto; display: block; margin: 0 auto;\"><\/div>\n<\/div>\n<\/div>\n<\/div>\n<\/div>\n<div style=\"clear: both; display: block; margin: 10px 0;\">\n<div style=\"clear: both; display: block; margin: 10px 0;\">\n<h2>Przedmiot aukcji: 2 sztuki fabrycznie nowych opon<\/h2>\n<p style=\"margin: 15px 0; line-height: 1.8; clear: both; display: block; width: 100%; float: none; position: static;\">Rozmiar: <b>235\/45R18<\/b><\/p>\n<p style=\"margin: 15px 0; line-height: 1.8; clear: both; display: block; width: 100%; float: none; position: static;\">Indeksy pr\u0119dko\u015bci i no\u015bno\u015bci: <b>98W (do 270km\/h)<\/b><\/p>\n<p style=\"margin: 15px 0; line-height: 1.8; clear: both; display: block; width: 100%; float: none; position: static;\">Marka: <b>Goodride<\/b><\/p>\n<p style=\"margin: 15px 0; line-height: 1.8; clear: both; display: block; width: 100%; float: none; position: static;\">Rok produkcji:&nbsp;<b>2025<\/b><\/p>\n<p style=\"margin: 15px 0; line-height: 1.8; clear: both; display: block; width: 100%; float: none; position: static;\">Sezon:&nbsp;<b>opony letnie<\/b><\/p>\n<p style=\"margin: 15px 0; line-height: 1.8; clear: both; display: block; width: 100%; float: none; position: static;\">Segment:&nbsp;<b>klasa ekonomiczna<\/b><\/p>\n<h1>Nowoczesna, asymetryczna, atrakcyjna wizualnie rze\u017aba bie\u017cnika.<\/h1>\n<p style=\"margin: 15px 0; line-height: 1.8; clear: both; display: block; width: 100%; float: none; position: static;\">Zalety:<\/p>\n<p style=\"margin: 15px 0; line-height: 1.8; clear: both; display: block; width: 100%; float: none; position: static;\">Bardzo dobre odprowadzanie wody z czo\u0142a opony<\/p>\n<p style=\"margin: 15px 0; line-height: 1.8; clear: both; display: block; width: 100%; float: none; position: static;\">R\u00f3wnomierny rozk\u0142ad obci\u0105\u017ce\u0144<\/p>\n<p style=\"margin: 15px 0; line-height: 1.8; clear: both; display: block; width: 100%; float: none; position: static;\">Niski op\u00f3r toczenia<\/p>\n<p style=\"margin: 15px 0; line-height: 1.8; clear: both; display: block; width: 100%; float: none; position: static;\">Bardzo dobra kierowalno\u015b\u0107<\/p>\n<\/div>\n<\/div>\n<\/div>\n<div style=\"clear: both; display: block; margin: 10px 0;\">\n<div style=\"clear: both; display: block; margin: 10px 0;\">\n<div style=\"clear: both; display: block; margin: 10px 0;\">\n<div  style=\"max-width:2232px;max-height:602px\">\n<div style=\"clear: both; display: block; margin: 10px 0;\">\n<div style=\"clear: both; width: 100%; display: block; margin: 20px 0; padding: 0; float: none; position: static; text-align: center;\"><img decoding=\"async\"  src=\"https:\/\/a.allegroimg.com\/original\/11bd7f\/2db6cd104bbeb30d8f23f2551904\/2x-235-45R18-Z107-98W-GOODRIDE-XL-nowe-letnie-ROK-2025-Kod-producenta-6938112621001\" srcset=\"https:\/\/a.allegroimg.com\/original\/11bd7f\/2db6cd104bbeb30d8f23f2551904\/2x-235-45R18-Z107-98W-GOODRIDE-XL-nowe-letnie-ROK-2025-Kod-producenta-6938112621001 360w,https:\/\/a.allegroimg.com\/original\/11bd7f\/2db6cd104bbeb30d8f23f2551904\/2x-235-45R18-Z107-98W-GOODRIDE-XL-nowe-letnie-ROK-2025-Kod-producenta-6938112621001 720w,https:\/\/a.allegroimg.com\/original\/11bd7f\/2db6cd104bbeb30d8f23f2551904\/2x-235-45R18-Z107-98W-GOODRIDE-XL-nowe-letnie-ROK-2025-Kod-producenta-6938112621001 1024w,https:\/\/a.allegroimg.com\/original\/11bd7f\/2db6cd104bbeb30d8f23f2551904\/2x-235-45R18-Z107-98W-GOODRIDE-XL-nowe-letnie-ROK-2025-Kod-producenta-6938112621001 1440w,https:\/\/a.allegroimg.com\/original\/11bd7f\/2db6cd104bbeb30d8f23f2551904\/2x-235-45R18-Z107-98W-GOODRIDE-XL-nowe-letnie-ROK-2025-Kod-producenta-6938112621001 2232w\" sizes=\"100vw\" width=\"2232px\" alt=\"2x 235\/45R18 Z107 98W GOODRIDE XL nowe letnie ROK 2025 Kod producenta 6938112621001\" style=\"max-width: 100%; height: auto; display: block; margin: 0 auto;\"><\/div>\n<\/div>\n<\/div>\n<\/div>\n<\/div>\n<\/div>\n<div style=\"clear: both; display: block; margin: 10px 0;\">\n<div style=\"clear: both; display: block; margin: 10px 0;\">\n<div style=\"clear: both; display: block; margin: 10px 0;\">\n<div  style=\"max-width:1195px;max-height:2560px\">\n<div style=\"clear: both; display: block; margin: 10px 0;\">\n<div style=\"clear: both; width: 100%; display: block; margin: 20px 0; padding: 0; float: none; position: static; text-align: center;\"><img decoding=\"async\"  src=\"https:\/\/a.allegroimg.com\/original\/11875f\/00e872094fc4ba5982b0f11ab468\/2x-235-45R18-Z107-98W-GOODRIDE-XL-nowe-letnie-ROK-2025-Rok-produkcji-2025\" srcset=\"https:\/\/a.allegroimg.com\/original\/11875f\/00e872094fc4ba5982b0f11ab468\/2x-235-45R18-Z107-98W-GOODRIDE-XL-nowe-letnie-ROK-2025-Rok-produkcji-2025 168w,https:\/\/a.allegroimg.com\/original\/11875f\/00e872094fc4ba5982b0f11ab468\/2x-235-45R18-Z107-98W-GOODRIDE-XL-nowe-letnie-ROK-2025-Rok-produkcji-2025 336w,https:\/\/a.allegroimg.com\/original\/11875f\/00e872094fc4ba5982b0f11ab468\/2x-235-45R18-Z107-98W-GOODRIDE-XL-nowe-letnie-ROK-2025-Rok-produkcji-2025 478w,https:\/\/a.allegroimg.com\/original\/11875f\/00e872094fc4ba5982b0f11ab468\/2x-235-45R18-Z107-98W-GOODRIDE-XL-nowe-letnie-ROK-2025-Rok-produkcji-2025 672w,https:\/\/a.allegroimg.com\/original\/11875f\/00e872094fc4ba5982b0f11ab468\/2x-235-45R18-Z107-98W-GOODRIDE-XL-nowe-letnie-ROK-2025-Rok-produkcji-2025 1195w\" sizes=\"100vw\" width=\"1195px\" alt=\"2x 235\/45R18 Z107 98W GOODRIDE XL nowe letnie ROK 2025 Rok produkcji 2025\" style=\"max-width: 100%; height: auto; display: block; margin: 0 auto;\"><\/div>\n<\/div>\n<\/div>\n<\/div>\n<\/div>\n<\/div>\n<div style=\"clear: both; display: block; margin: 10px 0;\">\n<div style=\"clear: both; display: block; margin: 10px 0;\">\n<div style=\"clear: both; display: block; margin: 10px 0;\">\n<div  style=\"max-width:1677px;max-height:2560px\">\n<div style=\"clear: both; display: block; margin: 10px 0;\">\n<div style=\"clear: both; width: 100%; display: block; margin: 20px 0; padding: 0; float: none; position: static; text-align: center;\"><img decoding=\"async\"  src=\"https:\/\/a.allegroimg.com\/original\/110aab\/3466b02b453fbf6e97cc95034ae9\/2x-235-45R18-Z107-98W-GOODRIDE-XL-nowe-letnie-ROK-2025-Liczba-opon-w-ofercie-2-szt\" srcset=\"https:\/\/a.allegroimg.com\/original\/110aab\/3466b02b453fbf6e97cc95034ae9\/2x-235-45R18-Z107-98W-GOODRIDE-XL-nowe-letnie-ROK-2025-Liczba-opon-w-ofercie-2-szt 235w,https:\/\/a.allegroimg.com\/original\/110aab\/3466b02b453fbf6e97cc95034ae9\/2x-235-45R18-Z107-98W-GOODRIDE-XL-nowe-letnie-ROK-2025-Liczba-opon-w-ofercie-2-szt 471w,https:\/\/a.allegroimg.com\/original\/110aab\/3466b02b453fbf6e97cc95034ae9\/2x-235-45R18-Z107-98W-GOODRIDE-XL-nowe-letnie-ROK-2025-Liczba-opon-w-ofercie-2-szt 670w,https:\/\/a.allegroimg.com\/original\/110aab\/3466b02b453fbf6e97cc95034ae9\/2x-235-45R18-Z107-98W-GOODRIDE-XL-nowe-letnie-ROK-2025-Liczba-opon-w-ofercie-2-szt 943w,https:\/\/a.allegroimg.com\/original\/110aab\/3466b02b453fbf6e97cc95034ae9\/2x-235-45R18-Z107-98W-GOODRIDE-XL-nowe-letnie-ROK-2025-Liczba-opon-w-ofercie-2-szt 1677w\" sizes=\"100vw\" width=\"1677px\" alt=\"2x 235\/45R18 Z107 98W GOODRIDE XL nowe letnie ROK 2025 Liczba opon w ofercie 2 szt.\" style=\"max-width: 100%; height: auto; display: block; margin: 0 auto;\"><\/div>\n<\/div>\n<\/div>\n<\/div>\n<\/div>\n<\/div>\n<div style=\"clear: both; display: block; margin: 10px 0;\">\n<div style=\"clear: both; display: block; margin: 10px 0;\">\n<div style=\"clear: both; display: block; margin: 10px 0;\">\n<p style=\"margin: 15px 0; line-height: 1.8; clear: both; display: block; width: 100%; float: none; position: static;\">[235\/45R18WZ107XL][235\/45R18WZ107XL]<\/p>\n<\/div>\n<\/div>\n<\/div>\n<\/div>\n<\/div>\n<\/div>\n<div style=\"clear: both; display: block; margin: 10px 0;\">\n","protected":false},"excerpt":{"rendered":"<p>Przedmiot aukcji: 2 sztuki fabrycznie nowych opon<\/p>\n<p>Rozmiar: 235\/45R18<\/p>\n<p>Indeksy pr\u0119dko\u015bci i no\u015bno\u015bci: 98W (do 270km\/h)<\/p>\n<p>Marka: Goodride<\/p>\n<p>Rok produkcji:&nbsp;2025<\/p>\n<p>Sezon:&nbsp;opony letnie<\/p>\n<p>Segment:&nbsp;klasa ekonomiczna<\/p>\n<p>Nowoczesna, asymetryczna, atrakcyjna wizualnie rze\u017aba bie\u017cnika.<\/p>\n","protected":false},"featured_media":14557,"template":"","meta":{"_uag_custom_page_level_css":""},"product_brand":[379],"product_cat":[414,418,413,412],"product_tag":[],"class_list":{"0":"post-14556","1":"product","2":"type-product","3":"status-publish","4":"has-post-thumbnail","6":"product_brand-goodride","7":"product_cat-do-samochodow-osobowych-i-suv","8":"product_cat-letnie","9":"product_cat-opony","10":"product_cat-opony-i-felgi","12":"first","13":"instock","14":"shipping-taxable","15":"purchasable","16":"product-type-simple"},"uagb_featured_image_src":{"full":["https:\/\/oponixo.shop\/tire\/wp-content\/uploads\/2026\/01\/allegro-image-14556.jpg",750,750,false],"thumbnail":["https:\/\/oponixo.shop\/tire\/wp-content\/uploads\/2026\/01\/allegro-image-14556-150x150.jpg",150,150,true],"medium":["https:\/\/oponixo.shop\/tire\/wp-content\/uploads\/2026\/01\/allegro-image-14556-300x300.jpg",300,300,true],"medium_large":["https:\/\/oponixo.shop\/tire\/wp-content\/uploads\/2026\/01\/allegro-image-14556.jpg",750,750,false],"large":["https:\/\/oponixo.shop\/tire\/wp-content\/uploads\/2026\/01\/allegro-image-14556.jpg",750,750,false],"1536x1536":["https:\/\/oponixo.shop\/tire\/wp-content\/uploads\/2026\/01\/allegro-image-14556.jpg",750,750,false],"2048x2048":["https:\/\/oponixo.shop\/tire\/wp-content\/uploads\/2026\/01\/allegro-image-14556.jpg",750,750,false],"woocommerce_thumbnail":["https:\/\/oponixo.shop\/tire\/wp-content\/uploads\/2026\/01\/allegro-image-14556-300x300.jpg",300,300,true],"woocommerce_single":["https:\/\/oponixo.shop\/tire\/wp-content\/uploads\/2026\/01\/allegro-image-14556-600x600.jpg",600,600,true],"woocommerce_gallery_thumbnail":["https:\/\/oponixo.shop\/tire\/wp-content\/uploads\/2026\/01\/allegro-image-14556-100x100.jpg",100,100,true]},"uagb_author_info":{"display_name":"admin","author_link":"https:\/\/oponixo.shop\/tire\/author\/"},"uagb_comment_info":0,"uagb_excerpt":"Przedmiot aukcji: 2 sztuki fabrycznie nowych opon Rozmiar: 235\/45R18 Indeksy pr\u0119dko\u015bci i no\u015bno\u015bci: 98W (do 270km\/h) Marka: Goodride Rok produkcji:&nbsp;2025 Sezon:&nbsp;opony letnie Segment:&nbsp;klasa ekonomiczna Nowoczesna, asymetryczna, atrakcyjna wizualnie rze\u017aba bie\u017cnika.","_links":{"self":[{"href":"https:\/\/oponixo.shop\/tire\/wp-json\/wp\/v2\/product\/14556","targetHints":{"allow":["GET"]}}],"collection":[{"href":"https:\/\/oponixo.shop\/tire\/wp-json\/wp\/v2\/product"}],"about":[{"href":"https:\/\/oponixo.shop\/tire\/wp-json\/wp\/v2\/types\/product"}],"wp:featuredmedia":[{"embeddable":true,"href":"https:\/\/oponixo.shop\/tire\/wp-json\/wp\/v2\/media\/14557"}],"wp:attachment":[{"href":"https:\/\/oponixo.shop\/tire\/wp-json\/wp\/v2\/media?parent=14556"}],"wp:term":[{"taxonomy":"product_brand","embeddable":true,"href":"https:\/\/oponixo.shop\/tire\/wp-json\/wp\/v2\/product_brand?post=14556"},{"taxonomy":"product_cat","embeddable":true,"href":"https:\/\/oponixo.shop\/tire\/wp-json\/wp\/v2\/product_cat?post=14556"},{"taxonomy":"product_tag","embeddable":true,"href":"https:\/\/oponixo.shop\/tire\/wp-json\/wp\/v2\/product_tag?post=14556"}],"curies":[{"name":"wp","href":"https:\/\/api.w.org\/{rel}","templated":true}]}}