{"id":14586,"date":"2026-01-12T01:54:20","date_gmt":"2026-01-12T00:54:20","guid":{"rendered":"https:\/\/oponyspeed.shop\/xef5\/produkt\/4x-opony-letnie-165-60r14-austone-sp802-75h-fr\/"},"modified":"2026-01-12T01:54:21","modified_gmt":"2026-01-12T00:54:21","slug":"4x-opony-letnie-165-60r14-austone-sp802-75h-fr","status":"publish","type":"product","link":"https:\/\/oponixo.shop\/tire\/produkt\/4x-opony-letnie-165-60r14-austone-sp802-75h-fr\/","title":{"rendered":"4x OPONY LETNIE 165\/60R14 Austone SP802 75H FR"},"content":{"rendered":"<div style=\"font-family: Arial, sans-serif; line-height: 1.6; color: #333; padding: 20px; clear: both; display: block; width: 100%; float: none; position: static; overflow: hidden;\">\n<div style=\"clear: both; display: block; margin: 10px 0;\">\n<div style=\"clear: both; display: block; margin: 10px 0;\">\n<div style=\"clear: both; display: block; margin: 10px 0;\">\n<div  style=\"max-width:1200px;max-height:1200px\">\n<div style=\"clear: both; display: block; margin: 10px 0;\">\n<div style=\"clear: both; width: 100%; display: block; margin: 20px 0; padding: 0; float: none; position: static; text-align: center;\"><img decoding=\"async\"  src=\"https:\/\/a.allegroimg.com\/original\/1104da\/1835ac3e489587f3b3f3695294bc\/4x-OPONY-LETNIE-165-60R14-Austone-SP802-75H-FR\" srcset=\"https:\/\/a.allegroimg.com\/original\/1104da\/1835ac3e489587f3b3f3695294bc\/4x-OPONY-LETNIE-165-60R14-Austone-SP802-75H-FR 360w,https:\/\/a.allegroimg.com\/original\/1104da\/1835ac3e489587f3b3f3695294bc\/4x-OPONY-LETNIE-165-60R14-Austone-SP802-75H-FR 720w,https:\/\/a.allegroimg.com\/original\/1104da\/1835ac3e489587f3b3f3695294bc\/4x-OPONY-LETNIE-165-60R14-Austone-SP802-75H-FR 1024w,https:\/\/a.allegroimg.com\/original\/1104da\/1835ac3e489587f3b3f3695294bc\/4x-OPONY-LETNIE-165-60R14-Austone-SP802-75H-FR 1200w,https:\/\/a.allegroimg.com\/original\/1104da\/1835ac3e489587f3b3f3695294bc\/4x-OPONY-LETNIE-165-60R14-Austone-SP802-75H-FR 1200w\" sizes=\"(min-width: 1200px) 560px, (min-width: 992px) 50vw, 100vw\" width=\"1200px\" alt=\"4x OPONY LETNIE 165\/60R14 Austone SP802 75H FR\" style=\"max-width: 100%; height: auto; display: block; margin: 0 auto;\"><\/div>\n<\/div>\n<\/div>\n<\/div>\n<\/div>\n<div style=\"clear: both; display: block; margin: 10px 0;\">\n<div style=\"clear: both; display: block; margin: 10px 0;\">\n<p style=\"margin: 15px 0; line-height: 1.8; clear: both; display: block; width: 100%; float: none; position: static;\">Nazwa modelu: <b>Austone SP802<\/b><\/p>\n<p style=\"margin: 15px 0; line-height: 1.8; clear: both; display: block; width: 100%; float: none; position: static;\">Rozmiar: <b>165\/60 R14<\/b><\/p>\n<p style=\"margin: 15px 0; line-height: 1.8; clear: both; display: block; width: 100%; float: none; position: static;\">Indeks pr\u0119dko\u015bci: <b>H<\/b><\/p>\n<p style=\"margin: 15px 0; line-height: 1.8; clear: both; display: block; width: 100%; float: none; position: static;\">Indeks no\u015bno\u015bci: <b>75<\/b><\/p>\n<p style=\"margin: 15px 0; line-height: 1.8; clear: both; display: block; width: 100%; float: none; position: static;\">Kod producenta: <b>6937833546747<\/b><\/p>\n<p style=\"margin: 15px 0; line-height: 1.8; clear: both; display: block; width: 100%; float: none; position: static;\">Rodzaj pojazd\u00f3w: <b>osobowy<\/b><\/p>\n<p style=\"margin: 15px 0; line-height: 1.8; clear: both; display: block; width: 100%; float: none; position: static;\">Sezon: <b>letnie<\/b><\/p>\n<p style=\"margin: 15px 0; line-height: 1.8; clear: both; display: block; width: 100%; float: none; position: static;\">Dodatkowe oznaczenia: <b> FR <\/b><\/p>\n<p style=\"margin: 15px 0; line-height: 1.8; clear: both; display: block; width: 100%; float: none; position: static;\">Rok produkcji: <b> 2024 <\/b><\/p>\n<\/div>\n<\/div>\n<\/div>\n<div style=\"clear: both; display: block; margin: 10px 0;\">\n<div style=\"clear: both; display: block; margin: 10px 0;\">\n<div style=\"clear: both; display: block; margin: 10px 0;\">\n<h3 style=\"color: #2c5aa0; font-size: 18px; margin: 30px 0 15px 0; font-weight: bold; clear: both; display: block; width: 100%; float: none; position: static;\">Efektywno\u015b\u0107 energetyczna \/ op\u00f3r toczenia<\/h3>\n<p style=\"margin: 15px 0; line-height: 1.8; clear: both; display: block; width: 100%; float: none; position: static;\">Op\u00f3r toczenia to inaczej straty energii, kt\u00f3re powstaj\u0105, kiedy opona odkszta\u0142ca si\u0119 podczas jazdy na skutek kontaktu z pod\u0142o\u017cem. Mniejszy op\u00f3r toczenia oznacza, \u017ce opona zu\u017cywa mniej energii, samoch\u00f3d spala mniej paliwa i jazda jest bardziej ekologiczna.<\/p>\n<h3 style=\"color: #2c5aa0; font-size: 18px; margin: 30px 0 15px 0; font-weight: bold; clear: both; display: block; width: 100%; float: none; position: static;\">Przyczepno\u015b\u0107 na mokrej nawierzchni<\/h3>\n<p style=\"margin: 15px 0; line-height: 1.8; clear: both; display: block; width: 100%; float: none; position: static;\">Hamowanie na mokrej nawierzchni mierzy si\u0119 w metrach od momentu rozpocz\u0119cia hamowania do pe\u0142nego zatrzymania auta. Jest kluczowe dla bezpiecze\u0144stwa jazdy. Ocena A oznacza najkr\u00f3tsz\u0105 drog\u0119 hamowania. G &#8211; najd\u0142u\u017csz\u0105.<\/p>\n<h3 style=\"color: #2c5aa0; font-size: 18px; margin: 30px 0 15px 0; font-weight: bold; clear: both; display: block; width: 100%; float: none; position: static;\">Zewn\u0119trzny ha\u0142as toczenia<\/h3>\n<p style=\"margin: 15px 0; line-height: 1.8; clear: both; display: block; width: 100%; float: none; position: static;\">Ha\u0142as, kt\u00f3ry wytwarzaj\u0105 opony w trakcie jazdy. Mierzony w decybelach. Cicho\u015b\u0107 opony znacznie wp\u0142ywa na ochron\u0119 \u015brodowiska.<\/p>\n<\/div>\n<\/div>\n<div style=\"clear: both; display: block; margin: 10px 0;\">\n<div style=\"clear: both; display: block; margin: 10px 0;\">\n<div  style=\"max-width:886px;max-height:1299px\">\n<div style=\"clear: both; display: block; margin: 10px 0;\">\n<div style=\"clear: both; width: 100%; display: block; margin: 20px 0; padding: 0; float: none; position: static; text-align: center;\"><img decoding=\"async\"  src=\"https:\/\/a.allegroimg.com\/original\/116cb4\/41977ee34fe485dc34739e0bbb9d\/4x-OPONY-LETNIE-165-60R14-Austone-SP802-75H-FR-Klasa-pozostale-marki\" srcset=\"https:\/\/a.allegroimg.com\/original\/116cb4\/41977ee34fe485dc34739e0bbb9d\/4x-OPONY-LETNIE-165-60R14-Austone-SP802-75H-FR-Klasa-pozostale-marki 245w,https:\/\/a.allegroimg.com\/original\/116cb4\/41977ee34fe485dc34739e0bbb9d\/4x-OPONY-LETNIE-165-60R14-Austone-SP802-75H-FR-Klasa-pozostale-marki 491w,https:\/\/a.allegroimg.com\/original\/116cb4\/41977ee34fe485dc34739e0bbb9d\/4x-OPONY-LETNIE-165-60R14-Austone-SP802-75H-FR-Klasa-pozostale-marki 698w,https:\/\/a.allegroimg.com\/original\/116cb4\/41977ee34fe485dc34739e0bbb9d\/4x-OPONY-LETNIE-165-60R14-Austone-SP802-75H-FR-Klasa-pozostale-marki 886w,https:\/\/a.allegroimg.com\/original\/116cb4\/41977ee34fe485dc34739e0bbb9d\/4x-OPONY-LETNIE-165-60R14-Austone-SP802-75H-FR-Klasa-pozostale-marki 886w\" sizes=\"(min-width: 1200px) 560px, (min-width: 992px) 50vw, 100vw\" width=\"886px\" alt=\"4x OPONY LETNIE 165\/60R14 Austone SP802 75H FR Klasa pozosta\u0142e marki\" style=\"max-width: 100%; height: auto; display: block; margin: 0 auto;\"><\/div>\n<\/div>\n<\/div>\n<\/div>\n<\/div>\n<\/div>\n<div style=\"clear: both; display: block; margin: 10px 0;\">\n<div style=\"clear: both; display: block; margin: 10px 0;\">\n<div style=\"clear: both; display: block; margin: 10px 0;\">\n<div  style=\"max-width:1453px;max-height:1914px\">\n<div style=\"clear: both; display: block; margin: 10px 0;\">\n<div style=\"clear: both; width: 100%; display: block; margin: 20px 0; padding: 0; float: none; position: static; text-align: center;\"><img decoding=\"async\"  src=\"https:\/\/a.allegroimg.com\/original\/11e438\/4b3d4a454c6999651bedc5470976\/4x-OPONY-LETNIE-165-60R14-Austone-SP802-75H-FR-Szerokosc-opony-165-mm\" srcset=\"https:\/\/a.allegroimg.com\/original\/11e438\/4b3d4a454c6999651bedc5470976\/4x-OPONY-LETNIE-165-60R14-Austone-SP802-75H-FR-Szerokosc-opony-165-mm 273w,https:\/\/a.allegroimg.com\/original\/11e438\/4b3d4a454c6999651bedc5470976\/4x-OPONY-LETNIE-165-60R14-Austone-SP802-75H-FR-Szerokosc-opony-165-mm 546w,https:\/\/a.allegroimg.com\/original\/11e438\/4b3d4a454c6999651bedc5470976\/4x-OPONY-LETNIE-165-60R14-Austone-SP802-75H-FR-Szerokosc-opony-165-mm 777w,https:\/\/a.allegroimg.com\/original\/11e438\/4b3d4a454c6999651bedc5470976\/4x-OPONY-LETNIE-165-60R14-Austone-SP802-75H-FR-Szerokosc-opony-165-mm 1093w,https:\/\/a.allegroimg.com\/original\/11e438\/4b3d4a454c6999651bedc5470976\/4x-OPONY-LETNIE-165-60R14-Austone-SP802-75H-FR-Szerokosc-opony-165-mm 1453w\" sizes=\"(min-width: 1200px) 560px, (min-width: 992px) 50vw, 100vw\" width=\"1453px\" alt=\"4x OPONY LETNIE 165\/60R14 Austone SP802 75H FR Szeroko\u015b\u0107 opony 165 mm\" style=\"max-width: 100%; height: auto; display: block; margin: 0 auto;\"><\/div>\n<\/div>\n<\/div>\n<\/div>\n<\/div>\n<div style=\"clear: both; display: block; margin: 10px 0;\">\n<div style=\"clear: both; display: block; margin: 10px 0;\">\n<h3 style=\"color: #2c5aa0; font-size: 18px; margin: 30px 0 15px 0; font-weight: bold; clear: both; display: block; width: 100%; float: none; position: static;\">Do\u017cywotnia gwarancja na opony Austone<\/h3>\n<p style=\"margin: 15px 0; line-height: 1.8; clear: both; display: block; width: 100%; float: none; position: static;\">Szukasz bezpiecze\u0144stwa i pewno\u015bci na drodze? Zainwestuj w opony <b>Austone<\/b>.<\/p>\n<p style=\"margin: 15px 0; line-height: 1.8; clear: both; display: block; width: 100%; float: none; position: static;\">Jako\u015b\u0107 ich wykonania potwierdza udzielona przez producenta <b>do\u017cywotnia gwarancja<\/b>.<\/p>\n<p style=\"margin: 15px 0; line-height: 1.8; clear: both; display: block; width: 100%; float: none; position: static;\">W ramach do\u017cywotniej gwarancji, opony Austone s\u0105 obj\u0119te <b>ca\u0142kowit\u0105 ochron\u0105<\/b> przed uszkodzeniami spowodowanymi wadami materia\u0142\u00f3w lub produkcji. W przypadku stwierdzenia takiego defektu, klient ma prawo do bezp\u0142atnej wymiany lub naprawy opony.<\/p>\n<p style=\"margin: 15px 0; line-height: 1.8; clear: both; display: block; width: 100%; float: none; position: static;\">Szczeg\u00f3\u0142y warunk\u00f3w gwarancji dost\u0119pne s\u0105 <b>u sprzedaj\u0105cego<\/b>.<\/p>\n<\/div>\n<\/div>\n<\/div>\n<\/div>\n<\/div>\n<\/div>\n<div style=\"clear: both; display: block; margin: 10px 0;\">\n","protected":false},"excerpt":{"rendered":"<p>Nazwa modelu: Austone SP802<\/p>\n<p>Rozmiar: 165\/60 R14<\/p>\n<p>Indeks pr\u0119dko\u015bci: H<\/p>\n<p>Indeks no\u015bno\u015bci: 75<\/p>\n<p>Kod producenta: 6937833546747<\/p>\n<p>Rodzaj pojazd\u00f3w: osobowy<\/p>\n<p>Sezon: letnie<\/p>\n<p>Dodatkowe oznaczenia: FR<\/p>\n","protected":false},"featured_media":14587,"template":"","meta":{"_uag_custom_page_level_css":""},"product_brand":[383],"product_cat":[414,418,413,412],"product_tag":[],"class_list":{"0":"post-14586","1":"product","2":"type-product","3":"status-publish","4":"has-post-thumbnail","6":"product_brand-austone","7":"product_cat-do-samochodow-osobowych-i-suv","8":"product_cat-letnie","9":"product_cat-opony","10":"product_cat-opony-i-felgi","12":"first","13":"instock","14":"shipping-taxable","15":"purchasable","16":"product-type-simple"},"uagb_featured_image_src":{"full":["https:\/\/oponixo.shop\/tire\/wp-content\/uploads\/2026\/01\/allegro-image-14586.jpg",1200,1200,false],"thumbnail":["https:\/\/oponixo.shop\/tire\/wp-content\/uploads\/2026\/01\/allegro-image-14586-150x150.jpg",150,150,true],"medium":["https:\/\/oponixo.shop\/tire\/wp-content\/uploads\/2026\/01\/allegro-image-14586-300x300.jpg",300,300,true],"medium_large":["https:\/\/oponixo.shop\/tire\/wp-content\/uploads\/2026\/01\/allegro-image-14586-768x768.jpg",768,768,true],"large":["https:\/\/oponixo.shop\/tire\/wp-content\/uploads\/2026\/01\/allegro-image-14586-1024x1024.jpg",1024,1024,true],"1536x1536":["https:\/\/oponixo.shop\/tire\/wp-content\/uploads\/2026\/01\/allegro-image-14586.jpg",1200,1200,false],"2048x2048":["https:\/\/oponixo.shop\/tire\/wp-content\/uploads\/2026\/01\/allegro-image-14586.jpg",1200,1200,false],"woocommerce_thumbnail":["https:\/\/oponixo.shop\/tire\/wp-content\/uploads\/2026\/01\/allegro-image-14586-300x300.jpg",300,300,true],"woocommerce_single":["https:\/\/oponixo.shop\/tire\/wp-content\/uploads\/2026\/01\/allegro-image-14586-600x600.jpg",600,600,true],"woocommerce_gallery_thumbnail":["https:\/\/oponixo.shop\/tire\/wp-content\/uploads\/2026\/01\/allegro-image-14586-100x100.jpg",100,100,true]},"uagb_author_info":{"display_name":"admin","author_link":"https:\/\/oponixo.shop\/tire\/author\/"},"uagb_comment_info":0,"uagb_excerpt":"Nazwa modelu: Austone SP802 Rozmiar: 165\/60 R14 Indeks pr\u0119dko\u015bci: H Indeks no\u015bno\u015bci: 75 Kod producenta: 6937833546747 Rodzaj pojazd\u00f3w: osobowy Sezon: letnie Dodatkowe oznaczenia: FR","_links":{"self":[{"href":"https:\/\/oponixo.shop\/tire\/wp-json\/wp\/v2\/product\/14586","targetHints":{"allow":["GET"]}}],"collection":[{"href":"https:\/\/oponixo.shop\/tire\/wp-json\/wp\/v2\/product"}],"about":[{"href":"https:\/\/oponixo.shop\/tire\/wp-json\/wp\/v2\/types\/product"}],"wp:featuredmedia":[{"embeddable":true,"href":"https:\/\/oponixo.shop\/tire\/wp-json\/wp\/v2\/media\/14587"}],"wp:attachment":[{"href":"https:\/\/oponixo.shop\/tire\/wp-json\/wp\/v2\/media?parent=14586"}],"wp:term":[{"taxonomy":"product_brand","embeddable":true,"href":"https:\/\/oponixo.shop\/tire\/wp-json\/wp\/v2\/product_brand?post=14586"},{"taxonomy":"product_cat","embeddable":true,"href":"https:\/\/oponixo.shop\/tire\/wp-json\/wp\/v2\/product_cat?post=14586"},{"taxonomy":"product_tag","embeddable":true,"href":"https:\/\/oponixo.shop\/tire\/wp-json\/wp\/v2\/product_tag?post=14586"}],"curies":[{"name":"wp","href":"https:\/\/api.w.org\/{rel}","templated":true}]}}