{"id":14604,"date":"2026-01-12T01:54:23","date_gmt":"2026-01-12T00:54:23","guid":{"rendered":"https:\/\/oponyspeed.shop\/xef5\/produkt\/2x-opony-letnie-195-65r15-91h-zupereco-z-107-goodride\/"},"modified":"2026-01-12T01:54:25","modified_gmt":"2026-01-12T00:54:25","slug":"2x-opony-letnie-195-65r15-91h-zupereco-z-107-goodride","status":"publish","type":"product","link":"https:\/\/oponixo.shop\/tire\/produkt\/2x-opony-letnie-195-65r15-91h-zupereco-z-107-goodride\/","title":{"rendered":"2x Opony letnie 195\/65R15 91H ZuperEco Z-107 GOODRIDE"},"content":{"rendered":"<div style=\"font-family: Arial, sans-serif; line-height: 1.6; color: #333; padding: 20px; clear: both; display: block; width: 100%; float: none; position: static; overflow: hidden;\">\n<div style=\"clear: both; display: block; margin: 10px 0;\">\n<div style=\"clear: both; display: block; margin: 10px 0;\">\n<div style=\"clear: both; display: block; margin: 10px 0;\">\n<h1>2x Opony letnie 195\/65R15 91H ZuperEco Z-107 GOODRIDE<\/h1>\n<\/div>\n<\/div>\n<\/div>\n<div style=\"clear: both; display: block; margin: 10px 0;\">\n<div style=\"clear: both; display: block; margin: 10px 0;\">\n<div style=\"clear: both; display: block; margin: 10px 0;\">\n<div  style=\"max-width:1440px;max-height:100px\">\n<div style=\"clear: both; display: block; margin: 10px 0;\">\n<div style=\"clear: both; width: 100%; display: block; margin: 20px 0; padding: 0; float: none; position: static; text-align: center;\"><img decoding=\"async\"  src=\"https:\/\/a.allegroimg.com\/original\/11a72a\/4547ab5144b884a4990d7d1b2b27\/2x-Opony-letnie-195-65R15-91H-ZuperEco-Z-107-GOODRIDE-Kod-EPREL-452748\" srcset=\"https:\/\/a.allegroimg.com\/original\/11a72a\/4547ab5144b884a4990d7d1b2b27\/2x-Opony-letnie-195-65R15-91H-ZuperEco-Z-107-GOODRIDE-Kod-EPREL-452748 360w,https:\/\/a.allegroimg.com\/original\/11a72a\/4547ab5144b884a4990d7d1b2b27\/2x-Opony-letnie-195-65R15-91H-ZuperEco-Z-107-GOODRIDE-Kod-EPREL-452748 720w,https:\/\/a.allegroimg.com\/original\/11a72a\/4547ab5144b884a4990d7d1b2b27\/2x-Opony-letnie-195-65R15-91H-ZuperEco-Z-107-GOODRIDE-Kod-EPREL-452748 1024w,https:\/\/a.allegroimg.com\/original\/11a72a\/4547ab5144b884a4990d7d1b2b27\/2x-Opony-letnie-195-65R15-91H-ZuperEco-Z-107-GOODRIDE-Kod-EPREL-452748 1440w,https:\/\/a.allegroimg.com\/original\/11a72a\/4547ab5144b884a4990d7d1b2b27\/2x-Opony-letnie-195-65R15-91H-ZuperEco-Z-107-GOODRIDE-Kod-EPREL-452748 1440w\" sizes=\"100vw\" width=\"1440px\" alt=\"2x Opony letnie 195\/65R15 91H ZuperEco Z-107 GOODRIDE Kod EPREL 452748\" style=\"max-width: 100%; height: auto; display: block; margin: 0 auto;\"><\/div>\n<\/div>\n<\/div>\n<\/div>\n<\/div>\n<\/div>\n<div style=\"clear: both; display: block; margin: 10px 0;\">\n<div style=\"clear: both; display: block; margin: 10px 0;\">\n<div style=\"clear: both; display: block; margin: 10px 0;\">\n<div  style=\"max-width:1521px;max-height:2560px\">\n<div style=\"clear: both; display: block; margin: 10px 0;\">\n<div style=\"clear: both; width: 100%; display: block; margin: 20px 0; padding: 0; float: none; position: static; text-align: center;\"><img decoding=\"async\"  src=\"https:\/\/a.allegroimg.com\/original\/113284\/05ee90a7484088a8e44402d81d01\/2x-Opony-letnie-195-65R15-91H-ZuperEco-Z-107-GOODRIDE-Liczba-opon-w-ofercie-2-szt\" srcset=\"https:\/\/a.allegroimg.com\/original\/113284\/05ee90a7484088a8e44402d81d01\/2x-Opony-letnie-195-65R15-91H-ZuperEco-Z-107-GOODRIDE-Liczba-opon-w-ofercie-2-szt 213w,https:\/\/a.allegroimg.com\/original\/113284\/05ee90a7484088a8e44402d81d01\/2x-Opony-letnie-195-65R15-91H-ZuperEco-Z-107-GOODRIDE-Liczba-opon-w-ofercie-2-szt 427w,https:\/\/a.allegroimg.com\/original\/113284\/05ee90a7484088a8e44402d81d01\/2x-Opony-letnie-195-65R15-91H-ZuperEco-Z-107-GOODRIDE-Liczba-opon-w-ofercie-2-szt 608w,https:\/\/a.allegroimg.com\/original\/113284\/05ee90a7484088a8e44402d81d01\/2x-Opony-letnie-195-65R15-91H-ZuperEco-Z-107-GOODRIDE-Liczba-opon-w-ofercie-2-szt 855w,https:\/\/a.allegroimg.com\/original\/113284\/05ee90a7484088a8e44402d81d01\/2x-Opony-letnie-195-65R15-91H-ZuperEco-Z-107-GOODRIDE-Liczba-opon-w-ofercie-2-szt 1521w\" sizes=\"(min-width: 1200px) 560px, (min-width: 992px) 50vw, 100vw\" width=\"1521px\" alt=\"2x Opony letnie 195\/65R15 91H ZuperEco Z-107 GOODRIDE Liczba opon w ofercie 2 szt.\" style=\"max-width: 100%; height: auto; display: block; margin: 0 auto;\"><\/div>\n<\/div>\n<\/div>\n<\/div>\n<\/div>\n<div style=\"clear: both; display: block; margin: 10px 0;\">\n<div style=\"clear: both; display: block; margin: 10px 0;\">\n<h1>GOODRIDE ZuperEco Z-107 195\/65R15<\/h1>\n<h3 style=\"color: #2c5aa0; font-size: 18px; margin: 30px 0 15px 0; font-weight: bold; clear: both; display: block; width: 100%; float: none; position: static;\">Dane podstawowe<\/h3>\n<p style=\"margin: 15px 0; line-height: 1.8; clear: both; display: block; width: 100%; float: none; position: static;\"><b>Stan:<\/b> Opony fabrycznie nowe<\/p>\n<p style=\"margin: 15px 0; line-height: 1.8; clear: both; display: block; width: 100%; float: none; position: static;\"><b>Producent:<\/b> GOODRIDE<\/p>\n<p style=\"margin: 15px 0; line-height: 1.8; clear: both; display: block; width: 100%; float: none; position: static;\"><b>Model:<\/b> ZuperEco Z-107<\/p>\n<p style=\"margin: 15px 0; line-height: 1.8; clear: both; display: block; width: 100%; float: none; position: static;\"><b>Klasa opon:<\/b> Ekonomiczna<\/p>\n<p style=\"margin: 15px 0; line-height: 1.8; clear: both; display: block; width: 100%; float: none; position: static;\"><b>Sezon:<\/b> Opony letnie<\/p>\n<p style=\"margin: 15px 0; line-height: 1.8; clear: both; display: block; width: 100%; float: none; position: static;\"><b>Szeroko\u015b\u0107:<\/b> 195<\/p>\n<p style=\"margin: 15px 0; line-height: 1.8; clear: both; display: block; width: 100%; float: none; position: static;\"><b>Profil:<\/b> 65<\/p>\n<p style=\"margin: 15px 0; line-height: 1.8; clear: both; display: block; width: 100%; float: none; position: static;\"><b>\u015arednica:<\/b> 15<\/p>\n<p style=\"margin: 15px 0; line-height: 1.8; clear: both; display: block; width: 100%; float: none; position: static;\"><b>Indeks pr\u0119dko\u015bci:<\/b> H &#8211; do 210 km\/h<\/p>\n<p style=\"margin: 15px 0; line-height: 1.8; clear: both; display: block; width: 100%; float: none; position: static;\"><b>Indeks no\u015bno\u015bci:<\/b> 91 &#8211; 615 kg na opon\u0119<\/p>\n<p style=\"margin: 15px 0; line-height: 1.8; clear: both; display: block; width: 100%; float: none; position: static;\"><b>Rok produkcji:<\/b> 2024<\/p>\n<\/div>\n<\/div>\n<\/div>\n<div style=\"clear: both; display: block; margin: 10px 0;\">\n<div style=\"clear: both; display: block; margin: 10px 0;\">\n<div style=\"clear: both; display: block; margin: 10px 0;\">\n<div  style=\"max-width:2560px;max-height:2560px\">\n<div style=\"clear: both; display: block; margin: 10px 0;\">\n<div style=\"clear: both; width: 100%; display: block; margin: 20px 0; padding: 0; float: none; position: static; text-align: center;\"><img decoding=\"async\"  src=\"https:\/\/a.allegroimg.com\/original\/1168ef\/444de0594ba3a02e6dbc7f3494bd\/2x-Opony-letnie-195-65R15-91H-ZuperEco-Z-107-GOODRIDE-Rok-produkcji-2024\" srcset=\"https:\/\/a.allegroimg.com\/original\/1168ef\/444de0594ba3a02e6dbc7f3494bd\/2x-Opony-letnie-195-65R15-91H-ZuperEco-Z-107-GOODRIDE-Rok-produkcji-2024 360w,https:\/\/a.allegroimg.com\/original\/1168ef\/444de0594ba3a02e6dbc7f3494bd\/2x-Opony-letnie-195-65R15-91H-ZuperEco-Z-107-GOODRIDE-Rok-produkcji-2024 720w,https:\/\/a.allegroimg.com\/original\/1168ef\/444de0594ba3a02e6dbc7f3494bd\/2x-Opony-letnie-195-65R15-91H-ZuperEco-Z-107-GOODRIDE-Rok-produkcji-2024 1024w,https:\/\/a.allegroimg.com\/original\/1168ef\/444de0594ba3a02e6dbc7f3494bd\/2x-Opony-letnie-195-65R15-91H-ZuperEco-Z-107-GOODRIDE-Rok-produkcji-2024 1440w,https:\/\/a.allegroimg.com\/original\/1168ef\/444de0594ba3a02e6dbc7f3494bd\/2x-Opony-letnie-195-65R15-91H-ZuperEco-Z-107-GOODRIDE-Rok-produkcji-2024 2560w\" sizes=\"(min-width: 1200px) 560px, (min-width: 992px) 50vw, 100vw\" width=\"2560px\" alt=\"2x Opony letnie 195\/65R15 91H ZuperEco Z-107 GOODRIDE Rok produkcji 2024\" style=\"max-width: 100%; height: auto; display: block; margin: 0 auto;\"><\/div>\n<\/div>\n<\/div>\n<\/div>\n<\/div>\n<div style=\"clear: both; display: block; margin: 10px 0;\">\n<div style=\"clear: both; display: block; margin: 10px 0;\">\n<h3 style=\"color: #2c5aa0; font-size: 18px; margin: 30px 0 15px 0; font-weight: bold; clear: both; display: block; width: 100%; float: none; position: static;\">Informacje szczeg\u00f3\u0142owe<\/h3>\n<p style=\"margin: 15px 0; line-height: 1.8; clear: both; display: block; width: 100%; float: none; position: static;\"><b>Op\u00f3r toczenia: <\/b>Klasa C<\/p>\n<p style=\"margin: 15px 0; line-height: 1.8; clear: both; display: block; width: 100%; float: none; position: static;\"><b>Przyczepno\u015b\u0107 na mokrej nawierzchni: <\/b>Klasa B<\/p>\n<p style=\"margin: 15px 0; line-height: 1.8; clear: both; display: block; width: 100%; float: none; position: static;\"><b>Poziom ha\u0142asu zewn\u0119trznego: <\/b>Klasa B<\/p>\n<p style=\"margin: 15px 0; line-height: 1.8; clear: both; display: block; width: 100%; float: none; position: static;\"><b>Ha\u0142as zewn\u0119trzny: <\/b>71 dB<\/p>\n<p style=\"margin: 15px 0; line-height: 1.8; clear: both; display: block; width: 100%; float: none; position: static;\"><b>Przeznaczenie: <\/b>Opona do samochod\u00f3w osobowych, SUV oraz z nap\u0119dem 4&#215;4<\/p>\n<p style=\"margin: 15px 0; line-height: 1.8; clear: both; display: block; width: 100%; float: none; position: static;\"><b>Kod producenta: <\/b>6938112625740<\/p>\n<p style=\"margin: 15px 0; line-height: 1.8; clear: both; display: block; width: 100%; float: none; position: static;\"><b>Kod QR: <\/b>eprel.ec.europa.eu\/qr\/452748<\/p>\n<\/div>\n<\/div>\n<\/div>\n<div style=\"clear: both; display: block; margin: 10px 0;\">\n<div style=\"clear: both; display: block; margin: 10px 0;\">\n<div style=\"clear: both; display: block; margin: 10px 0;\">\n<p style=\"margin: 15px 0; line-height: 1.8; clear: both; display: block; width: 100%; float: none; position: static;\">*Zdj\u0119cia przedstawione w ofercie maj\u0105 <b>charakter pogl\u0105dowy<\/b>. Rzeczywisty wygl\u0105d mo\u017ce r\u00f3\u017cni\u0107 si\u0119 od prezentowanego w zale\u017cno\u015bci od rozmiaru produktu.<\/p>\n<\/div>\n<\/div>\n<\/div>\n<div style=\"clear: both; display: block; margin: 10px 0;\">\n<div style=\"clear: both; display: block; margin: 10px 0;\">\n<div style=\"clear: both; display: block; margin: 10px 0;\">\n<h1>Goodride Z107<\/h1>\n<h2>Ekonomiczna i nowoczesna opona letnia<\/h2>\n<p style=\"margin: 15px 0; line-height: 1.8; clear: both; display: block; width: 100%; float: none; position: static;\"><b>Goodride Z107<\/b> (znana tak\u017ce jako ZuperEco Z-107) to letnia opona klasy ekonomicznej o asymetrycznej rze\u017abie bie\u017cnika, zaprojektowana z my\u015bl\u0105 o dobrej przyczepno\u015bci, trwa\u0142o\u015bci i przyst\u0119pnej cenie. Doceniana przez kierowc\u00f3w za zr\u00f3wnowa\u017cone osi\u0105gi w warunkach letnich.<\/p>\n<h2>Najwa\u017cniejsze cechy<\/h2>\n<ul style=\"margin: 15px 0; padding-left: 20px; clear: both; display: block; width: 100%; float: none; position: static;\">\n<li style=\"margin: 5px 0; padding: 2px 0; clear: both; display: list-item; float: none; position: static;\">Nowoczesny asymetryczny bie\u017cnik zapewniaj\u0105cy dobr\u0105 przyczepno\u015b\u0107 podczas hamowania i w zakr\u0119tach<\/li>\n<li style=\"margin: 5px 0; padding: 2px 0; clear: both; display: list-item; float: none; position: static;\">Przyczepno\u015b\u0107 na mokrej nawierzchni &#8211; klasa B<\/li>\n<li style=\"margin: 5px 0; padding: 2px 0; clear: both; display: list-item; float: none; position: static;\">Zoptymalizowana mieszanka gumowa &#8211; lepsze prowadzenie i ni\u017cszy op\u00f3r toczenia<\/li>\n<li style=\"margin: 5px 0; padding: 2px 0; clear: both; display: list-item; float: none; position: static;\">Dostosowana konstrukcja bie\u017cnika do rozmiaru &#8211; 3 rowki w mniejszych i 4 rowki od rozmiaru 195\/65R15<\/li>\n<\/ul>\n<h2>Sprawdzone osi\u0105gi<\/h2>\n<ul style=\"margin: 15px 0; padding-left: 20px; clear: both; display: block; width: 100%; float: none; position: static;\">\n<li style=\"margin: 5px 0; padding: 2px 0; clear: both; display: list-item; float: none; position: static;\">Test Auto Bild 2021 &#8211; 24. miejsce na 53 modele, wy\u017cej ni\u017c Barum, Zeetex, Viking, Riken<\/li>\n<li style=\"margin: 5px 0; padding: 2px 0; clear: both; display: list-item; float: none; position: static;\">Pewne prowadzenie i dobre hamowanie na mokrej nawierzchni<\/li>\n<li style=\"margin: 5px 0; padding: 2px 0; clear: both; display: list-item; float: none; position: static;\">Sta\u0142a dost\u0119pno\u015b\u0107 modelu na rynku<\/li>\n<\/ul>\n<h2>Dobry stosunek jako\u015bci do ceny<\/h2>\n<ul style=\"margin: 15px 0; padding-left: 20px; clear: both; display: block; width: 100%; float: none; position: static;\">\n<li style=\"margin: 5px 0; padding: 2px 0; clear: both; display: list-item; float: none; position: static;\">\u015awietny wyb\u00f3r dla kierowc\u00f3w poszukuj\u0105cych niezawodnej opony w rozs\u0105dnej cenie<\/li>\n<li style=\"margin: 5px 0; padding: 2px 0; clear: both; display: list-item; float: none; position: static;\">Popularna i ch\u0119tnie wybierana przez u\u017cytkownik\u00f3w<\/li>\n<\/ul>\n<\/div>\n<\/div>\n<\/div>\n<div style=\"clear: both; display: block; margin: 10px 0;\">\n<div style=\"clear: both; display: block; margin: 10px 0;\">\n<div style=\"clear: both; display: block; margin: 10px 0;\">\n<div  style=\"max-width:886px;max-height:1299px\">\n<div style=\"clear: both; display: block; margin: 10px 0;\">\n<div style=\"clear: both; width: 100%; display: block; margin: 20px 0; padding: 0; float: none; position: static; text-align: center;\"><img decoding=\"async\"  src=\"https:\/\/a.allegroimg.com\/original\/115bb3\/ad38c0c54b4fb385be50575fc7ac\/2x-Opony-letnie-195-65R15-91H-ZuperEco-Z-107-GOODRIDE-Waga-produktu-z-opakowaniem-jednostkowym-18-kg\" srcset=\"https:\/\/a.allegroimg.com\/original\/115bb3\/ad38c0c54b4fb385be50575fc7ac\/2x-Opony-letnie-195-65R15-91H-ZuperEco-Z-107-GOODRIDE-Waga-produktu-z-opakowaniem-jednostkowym-18-kg 245w,https:\/\/a.allegroimg.com\/original\/115bb3\/ad38c0c54b4fb385be50575fc7ac\/2x-Opony-letnie-195-65R15-91H-ZuperEco-Z-107-GOODRIDE-Waga-produktu-z-opakowaniem-jednostkowym-18-kg 491w,https:\/\/a.allegroimg.com\/original\/115bb3\/ad38c0c54b4fb385be50575fc7ac\/2x-Opony-letnie-195-65R15-91H-ZuperEco-Z-107-GOODRIDE-Waga-produktu-z-opakowaniem-jednostkowym-18-kg 698w,https:\/\/a.allegroimg.com\/original\/115bb3\/ad38c0c54b4fb385be50575fc7ac\/2x-Opony-letnie-195-65R15-91H-ZuperEco-Z-107-GOODRIDE-Waga-produktu-z-opakowaniem-jednostkowym-18-kg 886w,https:\/\/a.allegroimg.com\/original\/115bb3\/ad38c0c54b4fb385be50575fc7ac\/2x-Opony-letnie-195-65R15-91H-ZuperEco-Z-107-GOODRIDE-Waga-produktu-z-opakowaniem-jednostkowym-18-kg 886w\" sizes=\"(min-width: 1200px) 560px, (min-width: 992px) 50vw, 100vw\" width=\"886px\" alt=\"2x Opony letnie 195\/65R15 91H ZuperEco Z-107 GOODRIDE Waga produktu z opakowaniem jednostkowym 18 kg\" style=\"max-width: 100%; height: auto; display: block; margin: 0 auto;\"><\/div>\n<\/div>\n<\/div>\n<\/div>\n<\/div>\n<div style=\"clear: both; display: block; margin: 10px 0;\">\n<div style=\"clear: both; display: block; margin: 10px 0;\">\n<p style=\"margin: 15px 0; line-height: 1.8; clear: both; display: block; width: 100%; float: none; position: static;\"><b>Etykiety Unijne na oponach<\/b> pomagaj\u0105 konsumentom w podj\u0119ciu \u015bwiadomej decyzji o zakupie.<\/p>\n<p style=\"margin: 15px 0; line-height: 1.8; clear: both; display: block; width: 100%; float: none; position: static;\"><b>Op\u00f3r toczenia<\/b> w oponie jest wska\u017anikiem jej efektywno\u015bci energetycznej, co ma wp\u0142yw na zu\u017cycie paliwa oraz emisj\u0119 spalin. Klasa oporu toczenia waha si\u0119 od A (najwydajniejsza) do E (najni\u017csza).<\/p>\n<p style=\"margin: 15px 0; line-height: 1.8; clear: both; display: block; width: 100%; float: none; position: static;\"><b>Droga hamowania na mokrej nawierzchni<\/b> zale\u017cy od zdolno\u015bci opony do trzymania si\u0119 drogi na mokrej nawierzchni. Klasa A okre\u015bla najkr\u00f3tsz\u0105 drog\u0119, za\u015b E najd\u0142u\u017csz\u0105. Opona z etykiet\u0105 E hamuje 18 metr\u00f3w dalej w por\u00f3wnaniu z opon\u0105 z etykiet\u0105 A (procedura testowa, w kt\u00f3rej mierzy si\u0119 drog\u0119 hamowania od 80 km\/h do 5 km\/h na drodze pokrytej wod\u0105).<\/p>\n<p style=\"margin: 15px 0; line-height: 1.8; clear: both; display: block; width: 100%; float: none; position: static;\"><b>Ha\u0142as zewn\u0119trzny<\/b> odnosi si\u0119 do ha\u0142asu wytwarzanego przez opon\u0119 podczas przejazdu samochodu i jest mierzony w dB (decybelach). Ha\u0142as opon mierzony jest na zewn\u0105trz pojazdu co ma za zadanie ograniczy\u0107 negatywny wp\u0142yw na otoczenie.<\/p>\n<\/div>\n<\/div>\n<\/div>\n<\/div>\n<\/div>\n<\/div>\n<div style=\"clear: both; display: block; margin: 10px 0;\">\n","protected":false},"excerpt":{"rendered":"<p>2x Opony letnie 195\/65R15 91H ZuperEco Z-107 GOODRIDE<\/p>\n<p>GOODRIDE ZuperEco Z-107 195\/65R15<\/p>\n<p>Dane podstawowe<\/p>\n<p>Stan: Opony fabrycznie nowe<\/p>\n<p>Producent: GOODRIDE<\/p>\n<p>Model: ZuperEco Z-107<\/p>\n<p>Klasa opon: Ekonomiczna<\/p>\n<p>Sezon: Opony letnie<\/p>\n","protected":false},"featured_media":14605,"template":"","meta":{"_uag_custom_page_level_css":""},"product_brand":[379],"product_cat":[414,418,413,412],"product_tag":[],"class_list":{"0":"post-14604","1":"product","2":"type-product","3":"status-publish","4":"has-post-thumbnail","6":"product_brand-goodride","7":"product_cat-do-samochodow-osobowych-i-suv","8":"product_cat-letnie","9":"product_cat-opony","10":"product_cat-opony-i-felgi","12":"first","13":"instock","14":"shipping-taxable","15":"purchasable","16":"product-type-simple"},"uagb_featured_image_src":{"full":["https:\/\/oponixo.shop\/tire\/wp-content\/uploads\/2026\/01\/allegro-image-14604.jpg",2560,2560,false],"thumbnail":["https:\/\/oponixo.shop\/tire\/wp-content\/uploads\/2026\/01\/allegro-image-14604-150x150.jpg",150,150,true],"medium":["https:\/\/oponixo.shop\/tire\/wp-content\/uploads\/2026\/01\/allegro-image-14604-300x300.jpg",300,300,true],"medium_large":["https:\/\/oponixo.shop\/tire\/wp-content\/uploads\/2026\/01\/allegro-image-14604-768x768.jpg",768,768,true],"large":["https:\/\/oponixo.shop\/tire\/wp-content\/uploads\/2026\/01\/allegro-image-14604-1024x1024.jpg",1024,1024,true],"1536x1536":["https:\/\/oponixo.shop\/tire\/wp-content\/uploads\/2026\/01\/allegro-image-14604-1536x1536.jpg",1536,1536,true],"2048x2048":["https:\/\/oponixo.shop\/tire\/wp-content\/uploads\/2026\/01\/allegro-image-14604-2048x2048.jpg",2048,2048,true],"woocommerce_thumbnail":["https:\/\/oponixo.shop\/tire\/wp-content\/uploads\/2026\/01\/allegro-image-14604-300x300.jpg",300,300,true],"woocommerce_single":["https:\/\/oponixo.shop\/tire\/wp-content\/uploads\/2026\/01\/allegro-image-14604-600x600.jpg",600,600,true],"woocommerce_gallery_thumbnail":["https:\/\/oponixo.shop\/tire\/wp-content\/uploads\/2026\/01\/allegro-image-14604-100x100.jpg",100,100,true]},"uagb_author_info":{"display_name":"admin","author_link":"https:\/\/oponixo.shop\/tire\/author\/"},"uagb_comment_info":0,"uagb_excerpt":"2x Opony letnie 195\/65R15 91H ZuperEco Z-107 GOODRIDE GOODRIDE ZuperEco Z-107 195\/65R15 Dane podstawowe Stan: Opony fabrycznie nowe Producent: GOODRIDE Model: ZuperEco Z-107 Klasa opon: Ekonomiczna Sezon: Opony letnie","_links":{"self":[{"href":"https:\/\/oponixo.shop\/tire\/wp-json\/wp\/v2\/product\/14604","targetHints":{"allow":["GET"]}}],"collection":[{"href":"https:\/\/oponixo.shop\/tire\/wp-json\/wp\/v2\/product"}],"about":[{"href":"https:\/\/oponixo.shop\/tire\/wp-json\/wp\/v2\/types\/product"}],"wp:featuredmedia":[{"embeddable":true,"href":"https:\/\/oponixo.shop\/tire\/wp-json\/wp\/v2\/media\/14605"}],"wp:attachment":[{"href":"https:\/\/oponixo.shop\/tire\/wp-json\/wp\/v2\/media?parent=14604"}],"wp:term":[{"taxonomy":"product_brand","embeddable":true,"href":"https:\/\/oponixo.shop\/tire\/wp-json\/wp\/v2\/product_brand?post=14604"},{"taxonomy":"product_cat","embeddable":true,"href":"https:\/\/oponixo.shop\/tire\/wp-json\/wp\/v2\/product_cat?post=14604"},{"taxonomy":"product_tag","embeddable":true,"href":"https:\/\/oponixo.shop\/tire\/wp-json\/wp\/v2\/product_tag?post=14604"}],"curies":[{"name":"wp","href":"https:\/\/api.w.org\/{rel}","templated":true}]}}