{"id":14606,"date":"2026-01-12T01:54:25","date_gmt":"2026-01-12T00:54:25","guid":{"rendered":"https:\/\/oponyspeed.shop\/xef5\/produkt\/4x-opony-letnie-sailun-atrezzo-zsr-2-235-50r18-101y-xl-rant-2024\/"},"modified":"2026-01-12T01:54:25","modified_gmt":"2026-01-12T00:54:25","slug":"4x-opony-letnie-sailun-atrezzo-zsr-2-235-50r18-101y-xl-rant-2024","status":"publish","type":"product","link":"https:\/\/oponixo.shop\/tire\/produkt\/4x-opony-letnie-sailun-atrezzo-zsr-2-235-50r18-101y-xl-rant-2024\/","title":{"rendered":"4x opony letnie Sailun Atrezzo Zsr 2 235\/50R18 101Y XL rant 2024"},"content":{"rendered":"<div style=\"font-family: Arial, sans-serif; line-height: 1.6; color: #333; padding: 20px; clear: both; display: block; width: 100%; float: none; position: static; overflow: hidden;\">\n<div style=\"clear: both; display: block; margin: 10px 0;\">\n<div style=\"clear: both; display: block; margin: 10px 0;\">\n<div style=\"clear: both; display: block; margin: 10px 0;\">\n<div  style=\"max-width:500px;max-height:84px\">\n<div style=\"clear: both; display: block; margin: 10px 0;\">\n<div style=\"clear: both; width: 100%; display: block; margin: 20px 0; padding: 0; float: none; position: static; text-align: center;\"><img decoding=\"async\"  src=\"https:\/\/a.allegroimg.com\/original\/1183c4\/597d320e48ec9fa9ae31bec557c5\/4x-opony-letnie-Sailun-Atrezzo-Zsr-2-235-50R18-101Y-XL-rant-2024-Rok-produkcji-2024\" srcset=\"https:\/\/a.allegroimg.com\/original\/1183c4\/597d320e48ec9fa9ae31bec557c5\/4x-opony-letnie-Sailun-Atrezzo-Zsr-2-235-50R18-101Y-XL-rant-2024-Rok-produkcji-2024 360w,https:\/\/a.allegroimg.com\/original\/1183c4\/597d320e48ec9fa9ae31bec557c5\/4x-opony-letnie-Sailun-Atrezzo-Zsr-2-235-50R18-101Y-XL-rant-2024-Rok-produkcji-2024 500w,https:\/\/a.allegroimg.com\/original\/1183c4\/597d320e48ec9fa9ae31bec557c5\/4x-opony-letnie-Sailun-Atrezzo-Zsr-2-235-50R18-101Y-XL-rant-2024-Rok-produkcji-2024 500w\" sizes=\"100vw\" width=\"500px\" alt=\"4x opony letnie Sailun Atrezzo Zsr 2 235\/50R18 101Y XL rant 2024 Rok produkcji 2024\" style=\"max-width: 100%; height: auto; display: block; margin: 0 auto;\"><\/div>\n<\/div>\n<\/div>\n<\/div>\n<\/div>\n<\/div>\n<div style=\"clear: both; display: block; margin: 10px 0;\">\n<div style=\"clear: both; display: block; margin: 10px 0;\">\n<div style=\"clear: both; display: block; margin: 10px 0;\">\n<h1>zestaw 4 sztuk nowych opon letnich<\/h1>\n<h1>Sailun Atrezzo Zsr 2 235\/50R18 101Y XL FR<\/h1>\n<p style=\"margin: 15px 0; line-height: 1.8; clear: both; display: block; width: 100%; float: none; position: static;\">\n<\/div>\n<\/div>\n<\/div>\n<div style=\"clear: both; display: block; margin: 10px 0;\">\n<div style=\"clear: both; display: block; margin: 10px 0;\">\n<div style=\"clear: both; display: block; margin: 10px 0;\">\n<div  style=\"max-width:417px;max-height:600px\">\n<div style=\"clear: both; display: block; margin: 10px 0;\">\n<div style=\"clear: both; width: 100%; display: block; margin: 20px 0; padding: 0; float: none; position: static; text-align: center;\"><img decoding=\"async\"  src=\"https:\/\/a.allegroimg.com\/original\/11be93\/c266a7344be2bd78c34808aaede1\/4x-opony-letnie-Sailun-Atrezzo-Zsr-2-235-50R18-101Y-XL-rant-2024\" srcset=\"https:\/\/a.allegroimg.com\/original\/11be93\/c266a7344be2bd78c34808aaede1\/4x-opony-letnie-Sailun-Atrezzo-Zsr-2-235-50R18-101Y-XL-rant-2024 250w,https:\/\/a.allegroimg.com\/original\/11be93\/c266a7344be2bd78c34808aaede1\/4x-opony-letnie-Sailun-Atrezzo-Zsr-2-235-50R18-101Y-XL-rant-2024 417w,https:\/\/a.allegroimg.com\/original\/11be93\/c266a7344be2bd78c34808aaede1\/4x-opony-letnie-Sailun-Atrezzo-Zsr-2-235-50R18-101Y-XL-rant-2024 417w\" sizes=\"(min-width: 1200px) 560px, (min-width: 992px) 50vw, 100vw\" width=\"417px\" alt=\"4x opony letnie Sailun Atrezzo Zsr 2 235\/50R18 101Y XL rant 2024\" style=\"max-width: 100%; height: auto; display: block; margin: 0 auto;\"><\/div>\n<\/div>\n<\/div>\n<\/div>\n<\/div>\n<div style=\"clear: both; display: block; margin: 10px 0;\">\n<div style=\"clear: both; display: block; margin: 10px 0;\">\n<p style=\"margin: 15px 0; line-height: 1.8; clear: both; display: block; width: 100%; float: none; position: static;\"><b>Sailun Atrezzo Zsr 2<\/b> to opony <b>letnie<\/b> przeznaczone do samochod\u00f3w <b>osobowych<\/b> oraz suv-\u00f3w. Produkt klasy bud\u017cetowej popularnej marki <b>Sailun<\/b>. Wysoka jako\u015b\u0107 w przyst\u0119pnej cenie. Opony klasy UHP (Ultra High Performance) do pojazd\u00f3w o wi\u0119kszej mocy silnika, przeznaczone dla kierowc\u00f3w preferuj\u0105cych dynamiczny styl jazdy.<\/p>\n<ul style=\"margin: 15px 0; padding-left: 20px; clear: both; display: block; width: 100%; float: none; position: static;\">\n<li style=\"margin: 5px 0; padding: 2px 0; clear: both; display: list-item; float: none; position: static;\">rok produkcji: nie starsze ni\u017c <b>2024<\/b><\/li>\n<li style=\"margin: 5px 0; padding: 2px 0; clear: both; display: list-item; float: none; position: static;\">opony <b>nowe<\/b>, oryginalne, z gwarancj\u0105<\/li>\n<li style=\"margin: 5px 0; padding: 2px 0; clear: both; display: list-item; float: none; position: static;\"><b>FR<\/b> &#8211; opony posiadaj\u0105 rant chroni\u0105cy felg\u0119<\/li>\n<li style=\"margin: 5px 0; padding: 2px 0; clear: both; display: list-item; float: none; position: static;\">opony wzmocnione <b>XL<\/b><\/li>\n<li style=\"margin: 5px 0; padding: 2px 0; clear: both; display: list-item; float: none; position: static;\">komfortowa, cicha praca<\/li>\n<li style=\"margin: 5px 0; padding: 2px 0; clear: both; display: list-item; float: none; position: static;\">doskona\u0142a trakcja, precyzyjne sterowanie &#8211; r\u00f3wnie\u017c przy du\u017cych pr\u0119dko\u015bciach<\/li>\n<li style=\"margin: 5px 0; padding: 2px 0; clear: both; display: list-item; float: none; position: static;\">d\u0142ugie przebiegi<\/li>\n<li style=\"margin: 5px 0; padding: 2px 0; clear: both; display: list-item; float: none; position: static;\">bie\u017cnik zu\u017cywa si\u0119 r\u00f3wnomiernie<\/li>\n<li style=\"margin: 5px 0; padding: 2px 0; clear: both; display: list-item; float: none; position: static;\">kr\u00f3tka droga hamowania zar\u00f3wno na suchej jak i mokrej nawierzchni<\/li>\n<li style=\"margin: 5px 0; padding: 2px 0; clear: both; display: list-item; float: none; position: static;\">bardzo dobre odprowadzanie wody<\/li>\n<li style=\"margin: 5px 0; padding: 2px 0; clear: both; display: list-item; float: none; position: static;\">zabezpieczenie przed po\u015blizgiem na wodzie (aquaplaning)<\/li>\n<\/ul>\n<\/div>\n<\/div>\n<\/div>\n<div style=\"clear: both; display: block; margin: 10px 0;\">\n<div style=\"clear: both; display: block; margin: 10px 0;\">\n<div style=\"clear: both; display: block; margin: 10px 0;\">\n<div  style=\"max-width:480px;max-height:733px\">\n<div style=\"clear: both; display: block; margin: 10px 0;\">\n<div style=\"clear: both; width: 100%; display: block; margin: 20px 0; padding: 0; float: none; position: static; text-align: center;\"><img decoding=\"async\"  src=\"https:\/\/a.allegroimg.com\/original\/11a9d1\/263201be49d08e0f29746db4ef36\/4x-opony-letnie-Sailun-Atrezzo-Zsr-2-235-50R18-101Y-XL-rant-2024-Liczba-opon-w-ofercie-Komplet-4-szt\" srcset=\"https:\/\/a.allegroimg.com\/original\/11a9d1\/263201be49d08e0f29746db4ef36\/4x-opony-letnie-Sailun-Atrezzo-Zsr-2-235-50R18-101Y-XL-rant-2024-Liczba-opon-w-ofercie-Komplet-4-szt 235w,https:\/\/a.allegroimg.com\/original\/11a9d1\/263201be49d08e0f29746db4ef36\/4x-opony-letnie-Sailun-Atrezzo-Zsr-2-235-50R18-101Y-XL-rant-2024-Liczba-opon-w-ofercie-Komplet-4-szt 471w,https:\/\/a.allegroimg.com\/original\/11a9d1\/263201be49d08e0f29746db4ef36\/4x-opony-letnie-Sailun-Atrezzo-Zsr-2-235-50R18-101Y-XL-rant-2024-Liczba-opon-w-ofercie-Komplet-4-szt 480w,https:\/\/a.allegroimg.com\/original\/11a9d1\/263201be49d08e0f29746db4ef36\/4x-opony-letnie-Sailun-Atrezzo-Zsr-2-235-50R18-101Y-XL-rant-2024-Liczba-opon-w-ofercie-Komplet-4-szt 480w\" sizes=\"100vw\" width=\"480px\" alt=\"4x opony letnie Sailun Atrezzo Zsr 2 235\/50R18 101Y XL rant 2024 Liczba opon w ofercie Komplet 4 szt.\" style=\"max-width: 100%; height: auto; display: block; margin: 0 auto;\"><\/div>\n<\/div>\n<\/div>\n<\/div>\n<\/div>\n<\/div>\n<\/div>\n<\/div>\n<\/div>\n<div style=\"clear: both; display: block; margin: 10px 0;\">\n","protected":false},"excerpt":{"rendered":"<p>zestaw 4 sztuk nowych opon letnich<\/p>\n<p>Sailun Atrezzo Zsr 2 235\/50R18 101Y XL FR<\/p>\n<p>Sailun Atrezzo Zsr 2 to opony letnie przeznaczone do samochod\u00f3w osobowych oraz suv-\u00f3w. Produkt klasy bud\u017cetowej popularnej marki Sailun. Wysoka jako\u015b\u0107 w przyst\u0119pnej cenie. Opony klasy UHP (Ultra High Performance) do pojazd\u00f3w o wi\u0119kszej mocy silnika, przeznaczone dla kierowc\u00f3w preferuj\u0105cych dynamiczny styl jazdy.<\/p>\n<p>rok produkcji: nie starsze ni\u017c 2024<\/p>\n<p>opony nowe, oryginalne, z gwarancj\u0105<\/p>\n<p>FR &#8211; opony posiadaj\u0105 rant chroni\u0105cy felg\u0119<\/p>\n<p>opony wzmocnione XL<\/p>\n<p>komfortowa, cicha praca<\/p>\n","protected":false},"featured_media":14607,"template":"","meta":{"_uag_custom_page_level_css":""},"product_brand":[398],"product_cat":[414,418,413,412],"product_tag":[],"class_list":{"0":"post-14606","1":"product","2":"type-product","3":"status-publish","4":"has-post-thumbnail","6":"product_brand-sailun","7":"product_cat-do-samochodow-osobowych-i-suv","8":"product_cat-letnie","9":"product_cat-opony","10":"product_cat-opony-i-felgi","12":"first","13":"instock","14":"shipping-taxable","15":"purchasable","16":"product-type-simple"},"uagb_featured_image_src":{"full":["https:\/\/oponixo.shop\/tire\/wp-content\/uploads\/2026\/01\/allegro-image-14606.jpg",417,600,false],"thumbnail":["https:\/\/oponixo.shop\/tire\/wp-content\/uploads\/2026\/01\/allegro-image-14606-150x150.jpg",150,150,true],"medium":["https:\/\/oponixo.shop\/tire\/wp-content\/uploads\/2026\/01\/allegro-image-14606-209x300.jpg",209,300,true],"medium_large":["https:\/\/oponixo.shop\/tire\/wp-content\/uploads\/2026\/01\/allegro-image-14606.jpg",417,600,false],"large":["https:\/\/oponixo.shop\/tire\/wp-content\/uploads\/2026\/01\/allegro-image-14606.jpg",417,600,false],"1536x1536":["https:\/\/oponixo.shop\/tire\/wp-content\/uploads\/2026\/01\/allegro-image-14606.jpg",417,600,false],"2048x2048":["https:\/\/oponixo.shop\/tire\/wp-content\/uploads\/2026\/01\/allegro-image-14606.jpg",417,600,false],"woocommerce_thumbnail":["https:\/\/oponixo.shop\/tire\/wp-content\/uploads\/2026\/01\/allegro-image-14606-300x300.jpg",300,300,true],"woocommerce_single":["https:\/\/oponixo.shop\/tire\/wp-content\/uploads\/2026\/01\/allegro-image-14606.jpg",417,600,false],"woocommerce_gallery_thumbnail":["https:\/\/oponixo.shop\/tire\/wp-content\/uploads\/2026\/01\/allegro-image-14606-100x100.jpg",100,100,true]},"uagb_author_info":{"display_name":"admin","author_link":"https:\/\/oponixo.shop\/tire\/author\/"},"uagb_comment_info":0,"uagb_excerpt":"zestaw 4 sztuk nowych opon letnich Sailun Atrezzo Zsr 2 235\/50R18 101Y XL FR Sailun Atrezzo Zsr 2 to opony letnie przeznaczone do samochod\u00f3w osobowych oraz suv-\u00f3w. Produkt klasy bud\u017cetowej popularnej marki Sailun. Wysoka jako\u015b\u0107 w przyst\u0119pnej cenie. Opony klasy UHP (Ultra High Performance) do pojazd\u00f3w o wi\u0119kszej mocy silnika, przeznaczone dla kierowc\u00f3w preferuj\u0105cych dynamiczny&hellip;","_links":{"self":[{"href":"https:\/\/oponixo.shop\/tire\/wp-json\/wp\/v2\/product\/14606","targetHints":{"allow":["GET"]}}],"collection":[{"href":"https:\/\/oponixo.shop\/tire\/wp-json\/wp\/v2\/product"}],"about":[{"href":"https:\/\/oponixo.shop\/tire\/wp-json\/wp\/v2\/types\/product"}],"wp:featuredmedia":[{"embeddable":true,"href":"https:\/\/oponixo.shop\/tire\/wp-json\/wp\/v2\/media\/14607"}],"wp:attachment":[{"href":"https:\/\/oponixo.shop\/tire\/wp-json\/wp\/v2\/media?parent=14606"}],"wp:term":[{"taxonomy":"product_brand","embeddable":true,"href":"https:\/\/oponixo.shop\/tire\/wp-json\/wp\/v2\/product_brand?post=14606"},{"taxonomy":"product_cat","embeddable":true,"href":"https:\/\/oponixo.shop\/tire\/wp-json\/wp\/v2\/product_cat?post=14606"},{"taxonomy":"product_tag","embeddable":true,"href":"https:\/\/oponixo.shop\/tire\/wp-json\/wp\/v2\/product_tag?post=14606"}],"curies":[{"name":"wp","href":"https:\/\/api.w.org\/{rel}","templated":true}]}}