{"id":14812,"date":"2026-01-13T20:31:08","date_gmt":"2026-01-13T19:31:08","guid":{"rendered":"https:\/\/oponyauto.shop\/xef5\/produkt\/2x-opony-letnie-westlake-su318-h-t-225-75r16-104t-2024\/"},"modified":"2026-01-13T20:31:09","modified_gmt":"2026-01-13T19:31:09","slug":"2x-opony-letnie-westlake-su318-h-t-225-75r16-104t-2024","status":"publish","type":"product","link":"https:\/\/oponixo.shop\/tire\/produkt\/2x-opony-letnie-westlake-su318-h-t-225-75r16-104t-2024\/","title":{"rendered":"2x opony letnie Westlake SU318 H\/T 225\/75R16 104T 2024"},"content":{"rendered":"<div style=\"font-family: Arial, sans-serif; line-height: 1.6; color: #333; padding: 20px; clear: both; display: block; width: 100%; float: none; position: static; overflow: hidden;\">\n<div style=\"clear: both; display: block; margin: 10px 0;\">\n<div style=\"clear: both; display: block; margin: 10px 0;\">\n<div style=\"clear: both; display: block; margin: 10px 0;\">\n<div  style=\"max-width:500px;max-height:153px\">\n<div style=\"clear: both; display: block; margin: 10px 0;\">\n<div style=\"clear: both; width: 100%; display: block; margin: 20px 0; padding: 0; float: none; position: static; text-align: center;\"><img decoding=\"async\"  src=\"https:\/\/a.allegroimg.com\/original\/117d4a\/50620f3b4e3c9dfdc73e50888131\/2x-opony-letnie-Westlake-SU318-H-T-225-75R16-104T-2024-Rok-produkcji-2024\" srcset=\"https:\/\/a.allegroimg.com\/original\/117d4a\/50620f3b4e3c9dfdc73e50888131\/2x-opony-letnie-Westlake-SU318-H-T-225-75R16-104T-2024-Rok-produkcji-2024 360w,https:\/\/a.allegroimg.com\/original\/117d4a\/50620f3b4e3c9dfdc73e50888131\/2x-opony-letnie-Westlake-SU318-H-T-225-75R16-104T-2024-Rok-produkcji-2024 500w,https:\/\/a.allegroimg.com\/original\/117d4a\/50620f3b4e3c9dfdc73e50888131\/2x-opony-letnie-Westlake-SU318-H-T-225-75R16-104T-2024-Rok-produkcji-2024 500w\" sizes=\"100vw\" width=\"500px\" alt=\"2x opony letnie Westlake SU318 H\/T 225\/75R16 104T 2024 Rok produkcji 2024\" style=\"max-width: 100%; height: auto; display: block; margin: 0 auto;\"><\/div>\n<\/div>\n<\/div>\n<\/div>\n<\/div>\n<\/div>\n<div style=\"clear: both; display: block; margin: 10px 0;\">\n<div style=\"clear: both; display: block; margin: 10px 0;\">\n<div style=\"clear: both; display: block; margin: 10px 0;\">\n<h1>zestaw 2 sztuk nowych opon letnich<\/h1>\n<h1>Westlake SU318 H\/T 225\/75R16 104T<\/h1>\n<p style=\"margin: 15px 0; line-height: 1.8; clear: both; display: block; width: 100%; float: none; position: static;\">\n<\/div>\n<\/div>\n<\/div>\n<div style=\"clear: both; display: block; margin: 10px 0;\">\n<div style=\"clear: both; display: block; margin: 10px 0;\">\n<div style=\"clear: both; display: block; margin: 10px 0;\">\n<div  style=\"max-width:376px;max-height:599px\">\n<div style=\"clear: both; display: block; margin: 10px 0;\">\n<div style=\"clear: both; width: 100%; display: block; margin: 20px 0; padding: 0; float: none; position: static; text-align: center;\"><img decoding=\"async\"  src=\"https:\/\/a.allegroimg.com\/original\/11f3f1\/1a2cf4d446e1a5bb4cbf6d9758ee\/2x-opony-letnie-Westlake-SU318-H-T-225-75R16-104T-2024\" srcset=\"https:\/\/a.allegroimg.com\/original\/11f3f1\/1a2cf4d446e1a5bb4cbf6d9758ee\/2x-opony-letnie-Westlake-SU318-H-T-225-75R16-104T-2024 225w,https:\/\/a.allegroimg.com\/original\/11f3f1\/1a2cf4d446e1a5bb4cbf6d9758ee\/2x-opony-letnie-Westlake-SU318-H-T-225-75R16-104T-2024 376w,https:\/\/a.allegroimg.com\/original\/11f3f1\/1a2cf4d446e1a5bb4cbf6d9758ee\/2x-opony-letnie-Westlake-SU318-H-T-225-75R16-104T-2024 376w\" sizes=\"(min-width: 1200px) 560px, (min-width: 992px) 50vw, 100vw\" width=\"376px\" alt=\"2x opony letnie Westlake SU318 H\/T 225\/75R16 104T 2024\" style=\"max-width: 100%; height: auto; display: block; margin: 0 auto;\"><\/div>\n<\/div>\n<\/div>\n<\/div>\n<\/div>\n<div style=\"clear: both; display: block; margin: 10px 0;\">\n<div style=\"clear: both; display: block; margin: 10px 0;\">\n<p style=\"margin: 15px 0; line-height: 1.8; clear: both; display: block; width: 100%; float: none; position: static;\"><b>Westlake SU318 H\/T<\/b> to opony <b>letnie<\/b> przeznaczone do samochod\u00f3w typu <b>SUV\/terenowe<\/b>. Produkt klasy bud\u017cetowej popularnej marki <b>Westlake<\/b>. Wysoka jako\u015b\u0107 w przyst\u0119pnej cenie. Przeznaczone do szerokiej gamy suv-\u00f3w. Produkt klasy HT. \u015awietnie sprawdz\u0105 si\u0119 nie tylko w je\u017cdzie miejskiej i na autostradzie, ale r\u00f3wnie\u017c na drogach gorszej jako\u015bci, nawierzchniach nieutwardzotych itp.<\/p>\n<ul style=\"margin: 15px 0; padding-left: 20px; clear: both; display: block; width: 100%; float: none; position: static;\">\n<li style=\"margin: 5px 0; padding: 2px 0; clear: both; display: list-item; float: none; position: static;\">rok produkcji: nie starsze ni\u017c <b>2024<\/b><\/li>\n<li style=\"margin: 5px 0; padding: 2px 0; clear: both; display: list-item; float: none; position: static;\">opony <b>nowe<\/b>, oryginalne, z gwarancj\u0105<\/li>\n<li style=\"margin: 5px 0; padding: 2px 0; clear: both; display: list-item; float: none; position: static;\">komfortowa, cicha praca<\/li>\n<li style=\"margin: 5px 0; padding: 2px 0; clear: both; display: list-item; float: none; position: static;\">dostosowane do du\u017cych pr\u0119dko\u015bci<\/li>\n<li style=\"margin: 5px 0; padding: 2px 0; clear: both; display: list-item; float: none; position: static;\">doskona\u0142a przyczepno\u015b\u0107, r\u00f3wnie\u017c na drogach gorszej jako\u015bci<\/li>\n<li style=\"margin: 5px 0; padding: 2px 0; clear: both; display: list-item; float: none; position: static;\">d\u0142ugie przebiegi<\/li>\n<li style=\"margin: 5px 0; padding: 2px 0; clear: both; display: list-item; float: none; position: static;\">bie\u017cnik zu\u017cywa si\u0119 r\u00f3wnomiernie<\/li>\n<li style=\"margin: 5px 0; padding: 2px 0; clear: both; display: list-item; float: none; position: static;\">kr\u00f3tka droga hamowania zar\u00f3wno na suchej jak i mokrej nawierzchni<\/li>\n<li style=\"margin: 5px 0; padding: 2px 0; clear: both; display: list-item; float: none; position: static;\">bardzo dobre odprowadzanie wody<\/li>\n<li style=\"margin: 5px 0; padding: 2px 0; clear: both; display: list-item; float: none; position: static;\">zabezpieczenie przed po\u015blizgiem na wodzie (aquaplaning)<\/li>\n<\/ul>\n<\/div>\n<\/div>\n<\/div>\n<div style=\"clear: both; display: block; margin: 10px 0;\">\n<div style=\"clear: both; display: block; margin: 10px 0;\">\n<div style=\"clear: both; display: block; margin: 10px 0;\">\n<div  style=\"max-width:480px;max-height:733px\">\n<div style=\"clear: both; display: block; margin: 10px 0;\">\n<div style=\"clear: both; width: 100%; display: block; margin: 20px 0; padding: 0; float: none; position: static; text-align: center;\"><img decoding=\"async\"  src=\"https:\/\/a.allegroimg.com\/original\/11c951\/a747f4a843e296f9a297a1c88c81\/2x-opony-letnie-Westlake-SU318-H-T-225-75R16-104T-2024-Liczba-opon-w-ofercie-2-szt\" srcset=\"https:\/\/a.allegroimg.com\/original\/11c951\/a747f4a843e296f9a297a1c88c81\/2x-opony-letnie-Westlake-SU318-H-T-225-75R16-104T-2024-Liczba-opon-w-ofercie-2-szt 235w,https:\/\/a.allegroimg.com\/original\/11c951\/a747f4a843e296f9a297a1c88c81\/2x-opony-letnie-Westlake-SU318-H-T-225-75R16-104T-2024-Liczba-opon-w-ofercie-2-szt 471w,https:\/\/a.allegroimg.com\/original\/11c951\/a747f4a843e296f9a297a1c88c81\/2x-opony-letnie-Westlake-SU318-H-T-225-75R16-104T-2024-Liczba-opon-w-ofercie-2-szt 480w,https:\/\/a.allegroimg.com\/original\/11c951\/a747f4a843e296f9a297a1c88c81\/2x-opony-letnie-Westlake-SU318-H-T-225-75R16-104T-2024-Liczba-opon-w-ofercie-2-szt 480w\" sizes=\"100vw\" width=\"480px\" alt=\"2x opony letnie Westlake SU318 H\/T 225\/75R16 104T 2024 Liczba opon w ofercie 2 szt.\" style=\"max-width: 100%; height: auto; display: block; margin: 0 auto;\"><\/div>\n<\/div>\n<\/div>\n<\/div>\n<\/div>\n<\/div>\n<\/div>\n<\/div>\n<\/div>\n<div style=\"clear: both; display: block; margin: 10px 0;\">\n","protected":false},"excerpt":{"rendered":"<p>zestaw 2 sztuk nowych opon letnich<\/p>\n<p>Westlake SU318 H\/T 225\/75R16 104T<\/p>\n<p>Westlake SU318 H\/T to opony letnie przeznaczone do samochod\u00f3w typu SUV\/terenowe. Produkt klasy bud\u017cetowej popularnej marki Westlake. Wysoka jako\u015b\u0107 w przyst\u0119pnej cenie. Przeznaczone do szerokiej gamy suv-\u00f3w. Produkt klasy HT. \u015awietnie sprawdz\u0105 si\u0119 nie tylko w je\u017cdzie miejskiej i na autostradzie, ale r\u00f3wnie\u017c na drogach gorszej jako\u015bci, nawierzchniach nieutwardzotych itp.<\/p>\n<p>rok produkcji: nie starsze ni\u017c 2024<\/p>\n<p>opony nowe, oryginalne, z gwarancj\u0105<\/p>\n<p>komfortowa, cicha praca<\/p>\n<p>dostosowane do du\u017cych pr\u0119dko\u015bci<\/p>\n","protected":false},"featured_media":14813,"template":"","meta":{"_uag_custom_page_level_css":""},"product_brand":[442],"product_cat":[414,418,413,412],"product_tag":[],"class_list":{"0":"post-14812","1":"product","2":"type-product","3":"status-publish","4":"has-post-thumbnail","6":"product_brand-westlake","7":"product_cat-do-samochodow-osobowych-i-suv","8":"product_cat-letnie","9":"product_cat-opony","10":"product_cat-opony-i-felgi","12":"first","13":"instock","14":"shipping-taxable","15":"purchasable","16":"product-type-simple"},"uagb_featured_image_src":{"full":["https:\/\/oponixo.shop\/tire\/wp-content\/uploads\/2026\/01\/allegro-image-14812.jpg",376,599,false],"thumbnail":["https:\/\/oponixo.shop\/tire\/wp-content\/uploads\/2026\/01\/allegro-image-14812-150x150.jpg",150,150,true],"medium":["https:\/\/oponixo.shop\/tire\/wp-content\/uploads\/2026\/01\/allegro-image-14812-188x300.jpg",188,300,true],"medium_large":["https:\/\/oponixo.shop\/tire\/wp-content\/uploads\/2026\/01\/allegro-image-14812.jpg",376,599,false],"large":["https:\/\/oponixo.shop\/tire\/wp-content\/uploads\/2026\/01\/allegro-image-14812.jpg",376,599,false],"1536x1536":["https:\/\/oponixo.shop\/tire\/wp-content\/uploads\/2026\/01\/allegro-image-14812.jpg",376,599,false],"2048x2048":["https:\/\/oponixo.shop\/tire\/wp-content\/uploads\/2026\/01\/allegro-image-14812.jpg",376,599,false],"woocommerce_thumbnail":["https:\/\/oponixo.shop\/tire\/wp-content\/uploads\/2026\/01\/allegro-image-14812-300x300.jpg",300,300,true],"woocommerce_single":["https:\/\/oponixo.shop\/tire\/wp-content\/uploads\/2026\/01\/allegro-image-14812.jpg",376,599,false],"woocommerce_gallery_thumbnail":["https:\/\/oponixo.shop\/tire\/wp-content\/uploads\/2026\/01\/allegro-image-14812-100x100.jpg",100,100,true]},"uagb_author_info":{"display_name":"admin","author_link":"https:\/\/oponixo.shop\/tire\/author\/"},"uagb_comment_info":0,"uagb_excerpt":"zestaw 2 sztuk nowych opon letnich Westlake SU318 H\/T 225\/75R16 104T Westlake SU318 H\/T to opony letnie przeznaczone do samochod\u00f3w typu SUV\/terenowe. Produkt klasy bud\u017cetowej popularnej marki Westlake. Wysoka jako\u015b\u0107 w przyst\u0119pnej cenie. Przeznaczone do szerokiej gamy suv-\u00f3w. Produkt klasy HT. \u015awietnie sprawdz\u0105 si\u0119 nie tylko w je\u017cdzie miejskiej i na autostradzie, ale r\u00f3wnie\u017c na&hellip;","_links":{"self":[{"href":"https:\/\/oponixo.shop\/tire\/wp-json\/wp\/v2\/product\/14812","targetHints":{"allow":["GET"]}}],"collection":[{"href":"https:\/\/oponixo.shop\/tire\/wp-json\/wp\/v2\/product"}],"about":[{"href":"https:\/\/oponixo.shop\/tire\/wp-json\/wp\/v2\/types\/product"}],"wp:featuredmedia":[{"embeddable":true,"href":"https:\/\/oponixo.shop\/tire\/wp-json\/wp\/v2\/media\/14813"}],"wp:attachment":[{"href":"https:\/\/oponixo.shop\/tire\/wp-json\/wp\/v2\/media?parent=14812"}],"wp:term":[{"taxonomy":"product_brand","embeddable":true,"href":"https:\/\/oponixo.shop\/tire\/wp-json\/wp\/v2\/product_brand?post=14812"},{"taxonomy":"product_cat","embeddable":true,"href":"https:\/\/oponixo.shop\/tire\/wp-json\/wp\/v2\/product_cat?post=14812"},{"taxonomy":"product_tag","embeddable":true,"href":"https:\/\/oponixo.shop\/tire\/wp-json\/wp\/v2\/product_tag?post=14812"}],"curies":[{"name":"wp","href":"https:\/\/api.w.org\/{rel}","templated":true}]}}