{"id":14838,"date":"2026-01-13T20:31:33","date_gmt":"2026-01-13T19:31:33","guid":{"rendered":"https:\/\/oponyauto.shop\/xef5\/produkt\/2x-davanti-terratoura-a-t-10pr-225-75r16-115-112-s\/"},"modified":"2026-01-13T20:31:33","modified_gmt":"2026-01-13T19:31:33","slug":"2x-davanti-terratoura-a-t-10pr-225-75r16-115-112-s","status":"publish","type":"product","link":"https:\/\/oponixo.shop\/tire\/produkt\/2x-davanti-terratoura-a-t-10pr-225-75r16-115-112-s\/","title":{"rendered":"2x DAVANTI TERRATOURA A\/T 10PR 225\/75R16 115\/112 S"},"content":{"rendered":"<div style=\"font-family: Arial, sans-serif; line-height: 1.6; color: #333; padding: 20px; clear: both; display: block; width: 100%; float: none; position: static; overflow: hidden;\">\n<div style=\"clear: both; display: block; margin: 10px 0;\">\n<div style=\"clear: both; display: block; margin: 10px 0;\">\n<div style=\"clear: both; display: block; margin: 10px 0;\">\n<h2>2x DAVANTI TERRATOURA A\/T 10PR 225\/75R16 115\/112 S<\/h2>\n<\/div>\n<\/div>\n<\/div>\n<div style=\"clear: both; display: block; margin: 10px 0;\">\n<div style=\"clear: both; display: block; margin: 10px 0;\">\n<div style=\"clear: both; display: block; margin: 10px 0;\">\n<div  style=\"max-width:920px;max-height:1120px\">\n<div style=\"clear: both; display: block; margin: 10px 0;\">\n<div style=\"clear: both; width: 100%; display: block; margin: 20px 0; padding: 0; float: none; position: static; text-align: center;\"><img decoding=\"async\"  src=\"https:\/\/a.allegroimg.com\/original\/116d33\/b99415794bd6af2f073f56bd8c96\/2x-DAVANTI-TERRATOURA-A-T-10PR-225-75R16-115-112-S\" srcset=\"https:\/\/a.allegroimg.com\/original\/116d33\/b99415794bd6af2f073f56bd8c96\/2x-DAVANTI-TERRATOURA-A-T-10PR-225-75R16-115-112-S 295w,https:\/\/a.allegroimg.com\/original\/116d33\/b99415794bd6af2f073f56bd8c96\/2x-DAVANTI-TERRATOURA-A-T-10PR-225-75R16-115-112-S 591w,https:\/\/a.allegroimg.com\/original\/116d33\/b99415794bd6af2f073f56bd8c96\/2x-DAVANTI-TERRATOURA-A-T-10PR-225-75R16-115-112-S 841w,https:\/\/a.allegroimg.com\/original\/116d33\/b99415794bd6af2f073f56bd8c96\/2x-DAVANTI-TERRATOURA-A-T-10PR-225-75R16-115-112-S 920w,https:\/\/a.allegroimg.com\/original\/116d33\/b99415794bd6af2f073f56bd8c96\/2x-DAVANTI-TERRATOURA-A-T-10PR-225-75R16-115-112-S 920w\" sizes=\"(min-width: 1200px) 560px, (min-width: 992px) 50vw, 100vw\" width=\"920px\" alt=\"2x DAVANTI TERRATOURA A\/T 10PR 225\/75R16 115\/112 S\" style=\"max-width: 100%; height: auto; display: block; margin: 0 auto;\"><\/div>\n<\/div>\n<\/div>\n<\/div>\n<\/div>\n<div style=\"clear: both; display: block; margin: 10px 0;\">\n<div style=\"clear: both; display: block; margin: 10px 0;\">\n<h2>Ca\u0142oroczne opony DAVANTI TERRATOURA A\/T 10PR FR RWL 225\/75 R16 115\/112 S<\/h2>\n<p style=\"margin: 15px 0; line-height: 1.8; clear: both; display: block; width: 100%; float: none; position: static;\">Opony DAVANTI TERRATOURA A\/T 10PR FR RWL to znacz\u0105cy model w portfolio producenta.&nbsp;<\/p>\n<ul style=\"margin: 15px 0; padding-left: 20px; clear: both; display: block; width: 100%; float: none; position: static;\">\n<li style=\"margin: 5px 0; padding: 2px 0; clear: both; display: list-item; float: none; position: static;\"><b>Stan:<\/b>&nbsp;Nowy<\/li>\n<li style=\"margin: 5px 0; padding: 2px 0; clear: both; display: list-item; float: none; position: static;\"><b>EAN:<\/b>&nbsp;5060408165423<\/li>\n<li style=\"margin: 5px 0; padding: 2px 0; clear: both; display: list-item; float: none; position: static;\"><b>Producent:<\/b> DAVANTI<\/li>\n<li style=\"margin: 5px 0; padding: 2px 0; clear: both; display: list-item; float: none; position: static;\"><b>Model:<\/b> TERRATOURA A\/T 10PR FR RWL<\/li>\n<li style=\"margin: 5px 0; padding: 2px 0; clear: both; display: list-item; float: none; position: static;\"><b>Rozmiar:<\/b> 225\/75 R16<\/li>\n<li style=\"margin: 5px 0; padding: 2px 0; clear: both; display: list-item; float: none; position: static;\"><b>Indeks no\u015bno\u015bci:<\/b> 115\/112<\/li>\n<li style=\"margin: 5px 0; padding: 2px 0; clear: both; display: list-item; float: none; position: static;\"><b>Indeks pr\u0119dko\u015bci:<\/b> S<\/li>\n<li style=\"margin: 5px 0; padding: 2px 0; clear: both; display: list-item; float: none; position: static;\"><b>Ha\u0142as db:<\/b>&nbsp;74<\/li>\n<li style=\"margin: 5px 0; padding: 2px 0; clear: both; display: list-item; float: none; position: static;\"><b>Sezon:<\/b> Ca\u0142oroczne<\/li>\n<li style=\"margin: 5px 0; padding: 2px 0; clear: both; display: list-item; float: none; position: static;\"><b>Rok produkcji:<\/b> nie starsze ni\u017c 36 miesi\u0119cy<\/li>\n<li style=\"margin: 5px 0; padding: 2px 0; clear: both; display: list-item; float: none; position: static;\"><b>Przeznaczenie:<\/b> SUV\/4&#215;4<\/li>\n<li style=\"margin: 5px 0; padding: 2px 0; clear: both; display: list-item; float: none; position: static;\"><b>Kl. przycz. na mokrej naw.:<\/b>&nbsp;D<\/li>\n<li style=\"margin: 5px 0; padding: 2px 0; clear: both; display: list-item; float: none; position: static;\"><b>Kl. efekt. paliwowej:&nbsp;<\/b>D<\/li>\n<\/ul>\n<\/div>\n<\/div>\n<\/div>\n<div style=\"clear: both; display: block; margin: 10px 0;\">\n<div style=\"clear: both; display: block; margin: 10px 0;\">\n<div style=\"clear: both; display: block; margin: 10px 0;\">\n<div  style=\"max-width:800px;max-height:350px\">\n<div style=\"clear: both; display: block; margin: 10px 0;\">\n<div style=\"clear: both; width: 100%; display: block; margin: 20px 0; padding: 0; float: none; position: static; text-align: center;\"><img decoding=\"async\"  src=\"https:\/\/a.allegroimg.com\/original\/1175ca\/c9ea3a674bfdbfb6ec8d9cd19988\/2x-DAVANTI-TERRATOURA-A-T-10PR-225-75R16-115-112-S-Liczba-opon-w-ofercie-2-szt\" srcset=\"https:\/\/a.allegroimg.com\/original\/1175ca\/c9ea3a674bfdbfb6ec8d9cd19988\/2x-DAVANTI-TERRATOURA-A-T-10PR-225-75R16-115-112-S-Liczba-opon-w-ofercie-2-szt 360w,https:\/\/a.allegroimg.com\/original\/1175ca\/c9ea3a674bfdbfb6ec8d9cd19988\/2x-DAVANTI-TERRATOURA-A-T-10PR-225-75R16-115-112-S-Liczba-opon-w-ofercie-2-szt 720w,https:\/\/a.allegroimg.com\/original\/1175ca\/c9ea3a674bfdbfb6ec8d9cd19988\/2x-DAVANTI-TERRATOURA-A-T-10PR-225-75R16-115-112-S-Liczba-opon-w-ofercie-2-szt 800w,https:\/\/a.allegroimg.com\/original\/1175ca\/c9ea3a674bfdbfb6ec8d9cd19988\/2x-DAVANTI-TERRATOURA-A-T-10PR-225-75R16-115-112-S-Liczba-opon-w-ofercie-2-szt 800w\" sizes=\"100vw\" width=\"800px\" alt=\"2x DAVANTI TERRATOURA A\/T 10PR 225\/75R16 115\/112 S Liczba opon w ofercie 2 szt.\" style=\"max-width: 100%; height: auto; display: block; margin: 0 auto;\"><\/div>\n<\/div>\n<\/div>\n<\/div>\n<\/div>\n<\/div>\n<div style=\"clear: both; display: block; margin: 10px 0;\">\n<div style=\"clear: both; display: block; margin: 10px 0;\">\n<div style=\"clear: both; display: block; margin: 10px 0;\">\n<p style=\"margin: 15px 0; line-height: 1.8; clear: both; display: block; width: 100%; float: none; position: static;\">Marka Davanti, to producent opon z siedzib\u0105 w Wielkiej Brytanii, przez ostatnie dwie dekady ugruntowa\u0142 swoj\u0105 pozycj\u0119 w bran\u017cy jako wiod\u0105cy producent opon klasy premium do r\u00f3\u017cnych pojazd\u00f3w. Specjalizuj\u0105ca si\u0119 w samochodach osobowych, lekkich ci\u0119\u017car\u00f3wkach czy w furgonetkach, firma Davanti oferuje szeroki wyb\u00f3r wysokiej jako\u015bci opon zaprojektowanych z my\u015bl\u0105 o letnich, zimowych i wielosezonowych warunkach jazdy. <\/p>\n<p style=\"margin: 15px 0; line-height: 1.8; clear: both; display: block; width: 100%; float: none; position: static;\">Zaanga\u017cowanie Davanti w innowacje i jako\u015b\u0107 jest widoczne w produkcji opon o bardzo wysokich osi\u0105gach (UHP), opon terenowych i opon do SUV-\u00f3w, przeznaczonych dla kierowc\u00f3w poszukuj\u0105cych doskona\u0142ych osi\u0105g\u00f3w i niezawodno\u015bci na drodze. Koncentruj\u0105c si\u0119 na dostarczaniu najnowocze\u015bniejszych rozwi\u0105za\u0144 w zakresie opon, kt\u00f3re spe\u0142niaj\u0105 zmieniaj\u0105ce si\u0119 wymagania wsp\u00f3\u0142czesnych kierowc\u00f3w, Davanti nadal przesuwa granice technologii opon, zapewniaj\u0105c optymalne osi\u0105gi i bezpiecze\u0144stwo w r\u00f3\u017cnych \u015brodowiskach jazdy.<\/p>\n<p style=\"margin: 15px 0; line-height: 1.8; clear: both; display: block; width: 100%; float: none; position: static;\">Najwa\u017cniejszym elementem globalnej obecno\u015bci Davanti jest jej szeroki zasi\u0119g w ponad 60 krajach na ca\u0142ym \u015bwiecie, co \u015bwiadczy o zaanga\u017cowaniu marki w obs\u0142ug\u0119 zr\u00f3\u017cnicowanej i szerokiej bazy klient\u00f3w za pomoc\u0105 najwy\u017cszej klasy produkt\u00f3w oponiarskich. Jako \u015bwiadectwo swojego d\u0105\u017cenia do doskona\u0142o\u015bci, Davanti posiada presti\u017cowy certyfikat ISO\/TS16949:2009, potwierdzaj\u0105cy przestrzeganie rygorystycznych norm jako\u015bci i efektywno\u015bci operacyjnej w produkcji opon. <\/p>\n<p style=\"margin: 15px 0; line-height: 1.8; clear: both; display: block; width: 100%; float: none; position: static;\">Co wi\u0119cej, imponuj\u0105ce wyniki sprzeda\u017cy Davanti \u015bwiadcz\u0105 o ich atrakcyjno\u015bci na rynku \u2013 ponad 3 miliony opon sprzedawanych rocznie, co odzwierciedla popularno\u015b\u0107 marki i zaufanie w\u015br\u00f3d konsument\u00f3w na ca\u0142ym \u015bwiecie. Stawiaj\u0105c na pierwszym miejscu satysfakcj\u0119 klienta i wydajno\u015b\u0107 produktu, Davanti z powodzeniem pozycjonuje si\u0119 jako renomowana i niezawodna marka opon, kt\u00f3ra niezmiennie zapewnia swoim klientom wyj\u0105tkow\u0105 warto\u015b\u0107 i jako\u015b\u0107. <\/p>\n<p style=\"margin: 15px 0; line-height: 1.8; clear: both; display: block; width: 100%; float: none; position: static;\">Do\u015bwiadczenie firmy Davanti jako czo\u0142owego producenta opon wynika z jej niezachwianej koncentracji na jako\u015bci, innowacjach i rozwi\u0105zaniach zorientowanych na klienta. Dzi\u0119ki zr\u00f3\u017cnicowanej gamie produkt\u00f3w dostosowanych do r\u00f3\u017cnych typ\u00f3w pojazd\u00f3w i warunk\u00f3w jazdy, w tym oponom UHP, terenowym i SUV, Davanti pozostaje zaufanym wyborem dla kierowc\u00f3w poszukuj\u0105cych opon klasy premium, kt\u00f3re \u0142\u0105cz\u0105 w sobie wydajno\u015b\u0107, trwa\u0142o\u015b\u0107 i bezpiecze\u0144stwo z globaln\u0105 obecno\u015bci\u0105 obejmuj\u0105c\u0105 ponad dwie dekady.<\/p>\n<\/div>\n<\/div>\n<\/div>\n<div style=\"clear: both; display: block; margin: 10px 0;\">\n<div style=\"clear: both; display: block; margin: 10px 0;\">\n<div style=\"clear: both; display: block; margin: 10px 0;\">\n<div  style=\"max-width:1200px;max-height:1758px\">\n<div style=\"clear: both; display: block; margin: 10px 0;\">\n<div style=\"clear: both; width: 100%; display: block; margin: 20px 0; padding: 0; float: none; position: static; text-align: center;\"><img decoding=\"async\"  src=\"https:\/\/a.allegroimg.com\/original\/114cf5\/9b8e5d66432ab2a635a0781fae8a\/2x-DAVANTI-TERRATOURA-A-T-10PR-225-75R16-115-112-S-Marka-Davanti\" srcset=\"https:\/\/a.allegroimg.com\/original\/114cf5\/9b8e5d66432ab2a635a0781fae8a\/2x-DAVANTI-TERRATOURA-A-T-10PR-225-75R16-115-112-S-Marka-Davanti 245w,https:\/\/a.allegroimg.com\/original\/114cf5\/9b8e5d66432ab2a635a0781fae8a\/2x-DAVANTI-TERRATOURA-A-T-10PR-225-75R16-115-112-S-Marka-Davanti 491w,https:\/\/a.allegroimg.com\/original\/114cf5\/9b8e5d66432ab2a635a0781fae8a\/2x-DAVANTI-TERRATOURA-A-T-10PR-225-75R16-115-112-S-Marka-Davanti 698w,https:\/\/a.allegroimg.com\/original\/114cf5\/9b8e5d66432ab2a635a0781fae8a\/2x-DAVANTI-TERRATOURA-A-T-10PR-225-75R16-115-112-S-Marka-Davanti 982w,https:\/\/a.allegroimg.com\/original\/114cf5\/9b8e5d66432ab2a635a0781fae8a\/2x-DAVANTI-TERRATOURA-A-T-10PR-225-75R16-115-112-S-Marka-Davanti 1200w\" sizes=\"(min-width: 1200px) 560px, (min-width: 992px) 50vw, 100vw\" width=\"1200px\" alt=\"2x DAVANTI TERRATOURA A\/T 10PR 225\/75R16 115\/112 S Marka Davanti\" style=\"max-width: 100%; height: auto; display: block; margin: 0 auto;\"><\/div>\n<\/div>\n<\/div>\n<\/div>\n<\/div>\n<div style=\"clear: both; display: block; margin: 10px 0;\">\n<div style=\"clear: both; display: block; margin: 10px 0;\">\n<p style=\"margin: 15px 0; line-height: 1.8; clear: both; display: block; width: 100%; float: none; position: static;\">Dlaczego warto wybra\u0107 nasz\u0105 ofert\u0119?<\/p>\n<p style=\"margin: 15px 0; line-height: 1.8; clear: both; display: block; width: 100%; float: none; position: static;\">Jeste\u015bmy pasjonatami, kt\u00f3rzy dziel\u0105 si\u0119 swoj\u0105 wiedz\u0105 i zaanga\u017cowaniem, aby pom\u00f3c klientom w dokonaniu najlepszego wyboru opon.<\/p>\n<p style=\"margin: 15px 0; line-height: 1.8; clear: both; display: block; width: 100%; float: none; position: static;\">Oferujemy szeroki asortyment opon, obejmuj\u0105cy auta osobowe, dostawcze, ci\u0119\u017carowe, motocykle i opony przemys\u0142owe.Zapewniamy gwarancj\u0119 satysfakcji oraz bezpiecze\u0144stwo.<\/p>\n<p style=\"margin: 15px 0; line-height: 1.8; clear: both; display: block; width: 100%; float: none; position: static;\">Do\u0142\u0105cz do grona naszych zadowolonych klient\u00f3w i przekonaj si\u0119 o naszej jako\u015bci.<\/p>\n<p style=\"margin: 15px 0; line-height: 1.8; clear: both; display: block; width: 100%; float: none; position: static;\">ZAPRASZAMY DO ZAKUP\u00d3W.<\/p>\n<p style=\"margin: 15px 0; line-height: 1.8; clear: both; display: block; width: 100%; float: none; position: static;\">&nbsp;<\/p>\n<p style=\"margin: 15px 0; line-height: 1.8; clear: both; display: block; width: 100%; float: none; position: static;\">&nbsp;<\/p>\n<\/div>\n<\/div>\n<\/div>\n<\/div>\n<\/div>\n<\/div>\n<div style=\"clear: both; display: block; margin: 10px 0;\">\n","protected":false},"excerpt":{"rendered":"<p>2x DAVANTI TERRATOURA A\/T 10PR 225\/75R16 115\/112 S<\/p>\n<p>Ca\u0142oroczne opony DAVANTI TERRATOURA A\/T 10PR FR RWL 225\/75 R16 115\/112 S<\/p>\n<p>Opony DAVANTI TERRATOURA A\/T 10PR FR RWL to znacz\u0105cy model w portfolio producenta.&nbsp;<\/p>\n<p>Stan:&nbsp;Nowy<\/p>\n<p>EAN:&nbsp;5060408165423<\/p>\n<p>Producent: DAVANTI<\/p>\n<p>Model: TERRATOURA A\/T 10PR FR RWL<\/p>\n<p>Rozmiar: 225\/75 R16<\/p>\n","protected":false},"featured_media":14839,"template":"","meta":{"_uag_custom_page_level_css":""},"product_brand":[444],"product_cat":[416,414,413,412],"product_tag":[],"class_list":{"0":"post-14838","1":"product","2":"type-product","3":"status-publish","4":"has-post-thumbnail","6":"product_brand-davanti","7":"product_cat-caloroczne","8":"product_cat-do-samochodow-osobowych-i-suv","9":"product_cat-opony","10":"product_cat-opony-i-felgi","12":"first","13":"instock","14":"shipping-taxable","15":"purchasable","16":"product-type-simple"},"uagb_featured_image_src":{"full":["https:\/\/oponixo.shop\/tire\/wp-content\/uploads\/2026\/01\/allegro-image-14838.jpg",920,1120,false],"thumbnail":["https:\/\/oponixo.shop\/tire\/wp-content\/uploads\/2026\/01\/allegro-image-14838-150x150.jpg",150,150,true],"medium":["https:\/\/oponixo.shop\/tire\/wp-content\/uploads\/2026\/01\/allegro-image-14838-246x300.jpg",246,300,true],"medium_large":["https:\/\/oponixo.shop\/tire\/wp-content\/uploads\/2026\/01\/allegro-image-14838-768x935.jpg",768,935,true],"large":["https:\/\/oponixo.shop\/tire\/wp-content\/uploads\/2026\/01\/allegro-image-14838-841x1024.jpg",841,1024,true],"1536x1536":["https:\/\/oponixo.shop\/tire\/wp-content\/uploads\/2026\/01\/allegro-image-14838.jpg",920,1120,false],"2048x2048":["https:\/\/oponixo.shop\/tire\/wp-content\/uploads\/2026\/01\/allegro-image-14838.jpg",920,1120,false],"woocommerce_thumbnail":["https:\/\/oponixo.shop\/tire\/wp-content\/uploads\/2026\/01\/allegro-image-14838-300x300.jpg",300,300,true],"woocommerce_single":["https:\/\/oponixo.shop\/tire\/wp-content\/uploads\/2026\/01\/allegro-image-14838-600x730.jpg",600,730,true],"woocommerce_gallery_thumbnail":["https:\/\/oponixo.shop\/tire\/wp-content\/uploads\/2026\/01\/allegro-image-14838-100x100.jpg",100,100,true]},"uagb_author_info":{"display_name":"admin","author_link":"https:\/\/oponixo.shop\/tire\/author\/"},"uagb_comment_info":0,"uagb_excerpt":"2x DAVANTI TERRATOURA A\/T 10PR 225\/75R16 115\/112 S Ca\u0142oroczne opony DAVANTI TERRATOURA A\/T 10PR FR RWL 225\/75 R16 115\/112 S Opony DAVANTI TERRATOURA A\/T 10PR FR RWL to znacz\u0105cy model w portfolio producenta.&nbsp; Stan:&nbsp;Nowy EAN:&nbsp;5060408165423 Producent: DAVANTI Model: TERRATOURA A\/T 10PR FR RWL Rozmiar: 225\/75 R16","_links":{"self":[{"href":"https:\/\/oponixo.shop\/tire\/wp-json\/wp\/v2\/product\/14838","targetHints":{"allow":["GET"]}}],"collection":[{"href":"https:\/\/oponixo.shop\/tire\/wp-json\/wp\/v2\/product"}],"about":[{"href":"https:\/\/oponixo.shop\/tire\/wp-json\/wp\/v2\/types\/product"}],"wp:featuredmedia":[{"embeddable":true,"href":"https:\/\/oponixo.shop\/tire\/wp-json\/wp\/v2\/media\/14839"}],"wp:attachment":[{"href":"https:\/\/oponixo.shop\/tire\/wp-json\/wp\/v2\/media?parent=14838"}],"wp:term":[{"taxonomy":"product_brand","embeddable":true,"href":"https:\/\/oponixo.shop\/tire\/wp-json\/wp\/v2\/product_brand?post=14838"},{"taxonomy":"product_cat","embeddable":true,"href":"https:\/\/oponixo.shop\/tire\/wp-json\/wp\/v2\/product_cat?post=14838"},{"taxonomy":"product_tag","embeddable":true,"href":"https:\/\/oponixo.shop\/tire\/wp-json\/wp\/v2\/product_tag?post=14838"}],"curies":[{"name":"wp","href":"https:\/\/api.w.org\/{rel}","templated":true}]}}