{"id":14866,"date":"2026-01-13T20:31:41","date_gmt":"2026-01-13T19:31:41","guid":{"rendered":"https:\/\/oponyauto.shop\/xef5\/produkt\/1x-opona-zimowa-205-60r16-debica-frigo-hp2-96h-xl\/"},"modified":"2026-01-13T20:31:41","modified_gmt":"2026-01-13T19:31:41","slug":"1x-opona-zimowa-205-60r16-debica-frigo-hp2-96h-xl","status":"publish","type":"product","link":"https:\/\/oponixo.shop\/tire\/produkt\/1x-opona-zimowa-205-60r16-debica-frigo-hp2-96h-xl\/","title":{"rendered":"1x OPONA ZIMOWA 205\/60R16 D\u0119bica Frigo HP2 96H XL"},"content":{"rendered":"<div style=\"font-family: Arial, sans-serif; line-height: 1.6; color: #333; padding: 20px; clear: both; display: block; width: 100%; float: none; position: static; overflow: hidden;\">\n<div style=\"clear: both; display: block; margin: 10px 0;\">\n<div style=\"clear: both; display: block; margin: 10px 0;\">\n<div style=\"clear: both; display: block; margin: 10px 0;\">\n<div  style=\"max-width:1200px;max-height:400px\">\n<div style=\"clear: both; display: block; margin: 10px 0;\">\n<div style=\"clear: both; width: 100%; display: block; margin: 20px 0; padding: 0; float: none; position: static; text-align: center;\"><img decoding=\"async\"  src=\"https:\/\/a.allegroimg.com\/original\/1189bf\/9615efeb4ba3990b1e4a9e4e8109\/1x-OPONA-ZIMOWA-205-60R16-Debica-Frigo-HP2-96H-XL-Model-Frigo-HP2\" srcset=\"https:\/\/a.allegroimg.com\/original\/1189bf\/9615efeb4ba3990b1e4a9e4e8109\/1x-OPONA-ZIMOWA-205-60R16-Debica-Frigo-HP2-96H-XL-Model-Frigo-HP2 360w,https:\/\/a.allegroimg.com\/original\/1189bf\/9615efeb4ba3990b1e4a9e4e8109\/1x-OPONA-ZIMOWA-205-60R16-Debica-Frigo-HP2-96H-XL-Model-Frigo-HP2 720w,https:\/\/a.allegroimg.com\/original\/1189bf\/9615efeb4ba3990b1e4a9e4e8109\/1x-OPONA-ZIMOWA-205-60R16-Debica-Frigo-HP2-96H-XL-Model-Frigo-HP2 1024w,https:\/\/a.allegroimg.com\/original\/1189bf\/9615efeb4ba3990b1e4a9e4e8109\/1x-OPONA-ZIMOWA-205-60R16-Debica-Frigo-HP2-96H-XL-Model-Frigo-HP2 1200w,https:\/\/a.allegroimg.com\/original\/1189bf\/9615efeb4ba3990b1e4a9e4e8109\/1x-OPONA-ZIMOWA-205-60R16-Debica-Frigo-HP2-96H-XL-Model-Frigo-HP2 1200w\" sizes=\"100vw\" width=\"1200px\" alt=\"1x OPONA ZIMOWA 205\/60R16 D\u0119bica Frigo HP2 96H XL Model Frigo HP2\" style=\"max-width: 100%; height: auto; display: block; margin: 0 auto;\"><\/div>\n<\/div>\n<\/div>\n<\/div>\n<\/div>\n<\/div>\n<div style=\"clear: both; display: block; margin: 10px 0;\">\n<div style=\"clear: both; display: block; margin: 10px 0;\">\n<div style=\"clear: both; display: block; margin: 10px 0;\">\n<div  style=\"max-width:1200px;max-height:1200px\">\n<div style=\"clear: both; display: block; margin: 10px 0;\">\n<div style=\"clear: both; width: 100%; display: block; margin: 20px 0; padding: 0; float: none; position: static; text-align: center;\"><img decoding=\"async\"  src=\"https:\/\/a.allegroimg.com\/original\/110e89\/3c6f2c8549f8ac8e0a90a2e374c3\/1x-OPONA-ZIMOWA-205-60R16-Debica-Frigo-HP2-96H-XL\" srcset=\"https:\/\/a.allegroimg.com\/original\/110e89\/3c6f2c8549f8ac8e0a90a2e374c3\/1x-OPONA-ZIMOWA-205-60R16-Debica-Frigo-HP2-96H-XL 360w,https:\/\/a.allegroimg.com\/original\/110e89\/3c6f2c8549f8ac8e0a90a2e374c3\/1x-OPONA-ZIMOWA-205-60R16-Debica-Frigo-HP2-96H-XL 720w,https:\/\/a.allegroimg.com\/original\/110e89\/3c6f2c8549f8ac8e0a90a2e374c3\/1x-OPONA-ZIMOWA-205-60R16-Debica-Frigo-HP2-96H-XL 1024w,https:\/\/a.allegroimg.com\/original\/110e89\/3c6f2c8549f8ac8e0a90a2e374c3\/1x-OPONA-ZIMOWA-205-60R16-Debica-Frigo-HP2-96H-XL 1200w,https:\/\/a.allegroimg.com\/original\/110e89\/3c6f2c8549f8ac8e0a90a2e374c3\/1x-OPONA-ZIMOWA-205-60R16-Debica-Frigo-HP2-96H-XL 1200w\" sizes=\"(min-width: 1200px) 560px, (min-width: 992px) 50vw, 100vw\" width=\"1200px\" alt=\"1x OPONA ZIMOWA 205\/60R16 D\u0119bica Frigo HP2 96H XL\" style=\"max-width: 100%; height: auto; display: block; margin: 0 auto;\"><\/div>\n<\/div>\n<\/div>\n<\/div>\n<\/div>\n<div style=\"clear: both; display: block; margin: 10px 0;\">\n<div style=\"clear: both; display: block; margin: 10px 0;\">\n<p style=\"margin: 15px 0; line-height: 1.8; clear: both; display: block; width: 100%; float: none; position: static;\">Nazwa modelu: <b>D\u0119bica Frigo HP2<\/b><\/p>\n<p style=\"margin: 15px 0; line-height: 1.8; clear: both; display: block; width: 100%; float: none; position: static;\">Rozmiar: <b>205\/60 R16<\/b><\/p>\n<p style=\"margin: 15px 0; line-height: 1.8; clear: both; display: block; width: 100%; float: none; position: static;\">Indeks pr\u0119dko\u015bci: <b>H<\/b><\/p>\n<p style=\"margin: 15px 0; line-height: 1.8; clear: both; display: block; width: 100%; float: none; position: static;\">Indeks no\u015bno\u015bci: <b>96<\/b><\/p>\n<p style=\"margin: 15px 0; line-height: 1.8; clear: both; display: block; width: 100%; float: none; position: static;\">Kod producenta: <b>531971<\/b><\/p>\n<p style=\"margin: 15px 0; line-height: 1.8; clear: both; display: block; width: 100%; float: none; position: static;\">Rodzaj pojazd\u00f3w: <b>osobowy<\/b><\/p>\n<p style=\"margin: 15px 0; line-height: 1.8; clear: both; display: block; width: 100%; float: none; position: static;\">Sezon: <b>zimowe<\/b><\/p>\n<p style=\"margin: 15px 0; line-height: 1.8; clear: both; display: block; width: 100%; float: none; position: static;\">Dodatkowe oznaczenia: <b> XL <\/b><\/p>\n<p style=\"margin: 15px 0; line-height: 1.8; clear: both; display: block; width: 100%; float: none; position: static;\">Rok produkcji: <b><br \/>\n                    2025<br \/>\n        <\/b><\/p>\n<\/div>\n<\/div>\n<\/div>\n<div style=\"clear: both; display: block; margin: 10px 0;\">\n<div style=\"clear: both; display: block; margin: 10px 0;\">\n<div style=\"clear: both; display: block; margin: 10px 0;\">\n<h2>Etykieta dla opon wyprodukowanych po 01.05.2021<\/h2>\n<h3 style=\"color: #2c5aa0; font-size: 18px; margin: 30px 0 15px 0; font-weight: bold; clear: both; display: block; width: 100%; float: none; position: static;\">Efektywno\u015b\u0107 energetyczna \/ op\u00f3r toczenia<\/h3>\n<p style=\"margin: 15px 0; line-height: 1.8; clear: both; display: block; width: 100%; float: none; position: static;\">Op\u00f3r toczenia to inaczej straty energii, kt\u00f3re powstaj\u0105, kiedy opona odkszta\u0142ca si\u0119 podczas jazdy na skutek kontaktu z pod\u0142o\u017cem. Mniejszy op\u00f3r toczenia oznacza, \u017ce opona zu\u017cywa mniej energii, samoch\u00f3d spala mniej paliwa i jazda jest bardziej ekologiczna.<\/p>\n<h3 style=\"color: #2c5aa0; font-size: 18px; margin: 30px 0 15px 0; font-weight: bold; clear: both; display: block; width: 100%; float: none; position: static;\">Przyczepno\u015b\u0107 na mokrej nawierzchni<\/h3>\n<p style=\"margin: 15px 0; line-height: 1.8; clear: both; display: block; width: 100%; float: none; position: static;\">Hamowanie na mokrej nawierzchni mierzy si\u0119 w metrach od momentu rozpocz\u0119cia hamowania do pe\u0142nego zatrzymania auta. Jest kluczowe dla bezpiecze\u0144stwa jazdy. Ocena A oznacza najkr\u00f3tsz\u0105 drog\u0119 hamowania. G &#8211; najd\u0142u\u017csz\u0105.<\/p>\n<h3 style=\"color: #2c5aa0; font-size: 18px; margin: 30px 0 15px 0; font-weight: bold; clear: both; display: block; width: 100%; float: none; position: static;\">Zewn\u0119trzny ha\u0142as toczenia<\/h3>\n<p style=\"margin: 15px 0; line-height: 1.8; clear: both; display: block; width: 100%; float: none; position: static;\">Ha\u0142as, kt\u00f3ry wytwarzaj\u0105 opony w trakcie jazdy. Mierzony w decybelach. Cicho\u015b\u0107 opony znacznie wp\u0142ywa na ochron\u0119 \u015brodowiska.<\/p>\n<\/div>\n<\/div>\n<div style=\"clear: both; display: block; margin: 10px 0;\">\n<div style=\"clear: both; display: block; margin: 10px 0;\">\n<div  style=\"max-width:886px;max-height:1299px\">\n<div style=\"clear: both; display: block; margin: 10px 0;\">\n<div style=\"clear: both; width: 100%; display: block; margin: 20px 0; padding: 0; float: none; position: static; text-align: center;\"><img decoding=\"async\"  src=\"https:\/\/a.allegroimg.com\/original\/11fb27\/6a4f631540fe81cbd31012636c9d\/1x-OPONA-ZIMOWA-205-60R16-Debica-Frigo-HP2-96H-XL-Klasa-ekonomiczna\" srcset=\"https:\/\/a.allegroimg.com\/original\/11fb27\/6a4f631540fe81cbd31012636c9d\/1x-OPONA-ZIMOWA-205-60R16-Debica-Frigo-HP2-96H-XL-Klasa-ekonomiczna 245w,https:\/\/a.allegroimg.com\/original\/11fb27\/6a4f631540fe81cbd31012636c9d\/1x-OPONA-ZIMOWA-205-60R16-Debica-Frigo-HP2-96H-XL-Klasa-ekonomiczna 491w,https:\/\/a.allegroimg.com\/original\/11fb27\/6a4f631540fe81cbd31012636c9d\/1x-OPONA-ZIMOWA-205-60R16-Debica-Frigo-HP2-96H-XL-Klasa-ekonomiczna 698w,https:\/\/a.allegroimg.com\/original\/11fb27\/6a4f631540fe81cbd31012636c9d\/1x-OPONA-ZIMOWA-205-60R16-Debica-Frigo-HP2-96H-XL-Klasa-ekonomiczna 886w,https:\/\/a.allegroimg.com\/original\/11fb27\/6a4f631540fe81cbd31012636c9d\/1x-OPONA-ZIMOWA-205-60R16-Debica-Frigo-HP2-96H-XL-Klasa-ekonomiczna 886w\" sizes=\"(min-width: 1200px) 560px, (min-width: 992px) 50vw, 100vw\" width=\"886px\" alt=\"1x OPONA ZIMOWA 205\/60R16 D\u0119bica Frigo HP2 96H XL Klasa ekonomiczna\" style=\"max-width: 100%; height: auto; display: block; margin: 0 auto;\"><\/div>\n<\/div>\n<\/div>\n<\/div>\n<\/div>\n<\/div>\n<div style=\"clear: both; display: block; margin: 10px 0;\">\n<div style=\"clear: both; display: block; margin: 10px 0;\">\n<div style=\"clear: both; display: block; margin: 10px 0;\">\n<div  style=\"max-width:300px;max-height:440px\">\n<div style=\"clear: both; display: block; margin: 10px 0;\">\n<div style=\"clear: both; width: 100%; display: block; margin: 20px 0; padding: 0; float: none; position: static; text-align: center;\"><img decoding=\"async\"  src=\"https:\/\/a.allegroimg.com\/original\/11a34b\/45cc6af5420699a600b3b09daa1c\/1x-OPONA-ZIMOWA-205-60R16-Debica-Frigo-HP2-96H-XL-Waga-produktu-z-opakowaniem-jednostkowym-9-5-kg\" srcset=\"https:\/\/a.allegroimg.com\/original\/11a34b\/45cc6af5420699a600b3b09daa1c\/1x-OPONA-ZIMOWA-205-60R16-Debica-Frigo-HP2-96H-XL-Waga-produktu-z-opakowaniem-jednostkowym-9-5-kg 245w,https:\/\/a.allegroimg.com\/original\/11a34b\/45cc6af5420699a600b3b09daa1c\/1x-OPONA-ZIMOWA-205-60R16-Debica-Frigo-HP2-96H-XL-Waga-produktu-z-opakowaniem-jednostkowym-9-5-kg 300w,https:\/\/a.allegroimg.com\/original\/11a34b\/45cc6af5420699a600b3b09daa1c\/1x-OPONA-ZIMOWA-205-60R16-Debica-Frigo-HP2-96H-XL-Waga-produktu-z-opakowaniem-jednostkowym-9-5-kg 300w\" sizes=\"(min-width: 1200px) 560px, (min-width: 992px) 50vw, 100vw\" width=\"300px\" alt=\"1x OPONA ZIMOWA 205\/60R16 D\u0119bica Frigo HP2 96H XL Waga produktu z opakowaniem jednostkowym 9.5 kg\" style=\"max-width: 100%; height: auto; display: block; margin: 0 auto;\"><\/div>\n<\/div>\n<\/div>\n<\/div>\n<\/div>\n<div style=\"clear: both; display: block; margin: 10px 0;\">\n<div style=\"clear: both; display: block; margin: 10px 0;\">\n<h2>Etykieta dla opon wyprodukowanych przed 01.05.2021<\/h2>\n<h3 style=\"color: #2c5aa0; font-size: 18px; margin: 30px 0 15px 0; font-weight: bold; clear: both; display: block; width: 100%; float: none; position: static;\">Efektywno\u015b\u0107 energetyczna \/ op\u00f3r toczenia<\/h3>\n<p style=\"margin: 15px 0; line-height: 1.8; clear: both; display: block; width: 100%; float: none; position: static;\">Op\u00f3r toczenia to inaczej straty energii, kt\u00f3re powstaj\u0105, kiedy opona odkszta\u0142ca si\u0119 podczas jazdy na skutek kontaktu z pod\u0142o\u017cem. Mniejszy op\u00f3r toczenia oznacza, \u017ce opona zu\u017cywa mniej energii, samoch\u00f3d spala mniej paliwa i jazda jest bardziej ekologiczna.<\/p>\n<h3 style=\"color: #2c5aa0; font-size: 18px; margin: 30px 0 15px 0; font-weight: bold; clear: both; display: block; width: 100%; float: none; position: static;\">Przyczepno\u015b\u0107 na mokrej nawierzchni<\/h3>\n<p style=\"margin: 15px 0; line-height: 1.8; clear: both; display: block; width: 100%; float: none; position: static;\">Hamowanie na mokrej nawierzchni mierzy si\u0119 w metrach od momentu rozpocz\u0119cia hamowania do pe\u0142nego zatrzymania auta. Jest kluczowe dla bezpiecze\u0144stwa jazdy. Ocena A oznacza najkr\u00f3tsz\u0105 drog\u0119 hamowania. G &#8211; najd\u0142u\u017csz\u0105.<\/p>\n<h3 style=\"color: #2c5aa0; font-size: 18px; margin: 30px 0 15px 0; font-weight: bold; clear: both; display: block; width: 100%; float: none; position: static;\">Zewn\u0119trzny ha\u0142as toczenia<\/h3>\n<p style=\"margin: 15px 0; line-height: 1.8; clear: both; display: block; width: 100%; float: none; position: static;\">Ha\u0142as, kt\u00f3ry wytwarzaj\u0105 opony w trakcie jazdy. Mierzony w decybelach. Cicho\u015b\u0107 opony znacznie wp\u0142ywa na ochron\u0119 \u015brodowiska.<\/p>\n<\/div>\n<\/div>\n<\/div>\n<\/div>\n<\/div>\n<\/div>\n<div style=\"clear: both; display: block; margin: 10px 0;\">\n","protected":false},"excerpt":{"rendered":"<p>Nazwa modelu: D\u0119bica Frigo HP2<\/p>\n<p>Rozmiar: 205\/60 R16<\/p>\n<p>Indeks pr\u0119dko\u015bci: H<\/p>\n<p>Indeks no\u015bno\u015bci: 96<\/p>\n<p>Kod producenta: 531971<\/p>\n<p>Rodzaj pojazd\u00f3w: osobowy<\/p>\n<p>Sezon: zimowe<\/p>\n<p>Dodatkowe oznaczenia: XL<\/p>\n","protected":false},"featured_media":14867,"template":"","meta":{"_uag_custom_page_level_css":""},"product_brand":[378],"product_cat":[414,413,412,415],"product_tag":[],"class_list":{"0":"post-14866","1":"product","2":"type-product","3":"status-publish","4":"has-post-thumbnail","6":"product_brand-debica","7":"product_cat-do-samochodow-osobowych-i-suv","8":"product_cat-opony","9":"product_cat-opony-i-felgi","10":"product_cat-zimowe","12":"first","13":"instock","14":"shipping-taxable","15":"purchasable","16":"product-type-simple"},"uagb_featured_image_src":{"full":["https:\/\/oponixo.shop\/tire\/wp-content\/uploads\/2026\/01\/allegro-image-14866.jpg",1200,1200,false],"thumbnail":["https:\/\/oponixo.shop\/tire\/wp-content\/uploads\/2026\/01\/allegro-image-14866-150x150.jpg",150,150,true],"medium":["https:\/\/oponixo.shop\/tire\/wp-content\/uploads\/2026\/01\/allegro-image-14866-300x300.jpg",300,300,true],"medium_large":["https:\/\/oponixo.shop\/tire\/wp-content\/uploads\/2026\/01\/allegro-image-14866-768x768.jpg",768,768,true],"large":["https:\/\/oponixo.shop\/tire\/wp-content\/uploads\/2026\/01\/allegro-image-14866-1024x1024.jpg",1024,1024,true],"1536x1536":["https:\/\/oponixo.shop\/tire\/wp-content\/uploads\/2026\/01\/allegro-image-14866.jpg",1200,1200,false],"2048x2048":["https:\/\/oponixo.shop\/tire\/wp-content\/uploads\/2026\/01\/allegro-image-14866.jpg",1200,1200,false],"woocommerce_thumbnail":["https:\/\/oponixo.shop\/tire\/wp-content\/uploads\/2026\/01\/allegro-image-14866-300x300.jpg",300,300,true],"woocommerce_single":["https:\/\/oponixo.shop\/tire\/wp-content\/uploads\/2026\/01\/allegro-image-14866-600x600.jpg",600,600,true],"woocommerce_gallery_thumbnail":["https:\/\/oponixo.shop\/tire\/wp-content\/uploads\/2026\/01\/allegro-image-14866-100x100.jpg",100,100,true]},"uagb_author_info":{"display_name":"admin","author_link":"https:\/\/oponixo.shop\/tire\/author\/"},"uagb_comment_info":0,"uagb_excerpt":"Nazwa modelu: D\u0119bica Frigo HP2 Rozmiar: 205\/60 R16 Indeks pr\u0119dko\u015bci: H Indeks no\u015bno\u015bci: 96 Kod producenta: 531971 Rodzaj pojazd\u00f3w: osobowy Sezon: zimowe Dodatkowe oznaczenia: XL","_links":{"self":[{"href":"https:\/\/oponixo.shop\/tire\/wp-json\/wp\/v2\/product\/14866","targetHints":{"allow":["GET"]}}],"collection":[{"href":"https:\/\/oponixo.shop\/tire\/wp-json\/wp\/v2\/product"}],"about":[{"href":"https:\/\/oponixo.shop\/tire\/wp-json\/wp\/v2\/types\/product"}],"wp:featuredmedia":[{"embeddable":true,"href":"https:\/\/oponixo.shop\/tire\/wp-json\/wp\/v2\/media\/14867"}],"wp:attachment":[{"href":"https:\/\/oponixo.shop\/tire\/wp-json\/wp\/v2\/media?parent=14866"}],"wp:term":[{"taxonomy":"product_brand","embeddable":true,"href":"https:\/\/oponixo.shop\/tire\/wp-json\/wp\/v2\/product_brand?post=14866"},{"taxonomy":"product_cat","embeddable":true,"href":"https:\/\/oponixo.shop\/tire\/wp-json\/wp\/v2\/product_cat?post=14866"},{"taxonomy":"product_tag","embeddable":true,"href":"https:\/\/oponixo.shop\/tire\/wp-json\/wp\/v2\/product_tag?post=14866"}],"curies":[{"name":"wp","href":"https:\/\/api.w.org\/{rel}","templated":true}]}}