{"id":14882,"date":"2026-01-13T20:31:45","date_gmt":"2026-01-13T19:31:45","guid":{"rendered":"https:\/\/oponyauto.shop\/xef5\/produkt\/2-opony-caloroczne-215-75r16c-116r-petlas-vanmaster-a-s\/"},"modified":"2026-01-13T20:31:46","modified_gmt":"2026-01-13T19:31:46","slug":"2-opony-caloroczne-215-75r16c-116r-petlas-vanmaster-a-s","status":"publish","type":"product","link":"https:\/\/oponixo.shop\/tire\/produkt\/2-opony-caloroczne-215-75r16c-116r-petlas-vanmaster-a-s\/","title":{"rendered":"2 opony ca\u0142oroczne 215\/75R16C 116R PETLAS VanMaster A\/S+"},"content":{"rendered":"<div style=\"font-family: Arial, sans-serif; line-height: 1.6; color: #333; padding: 20px; clear: both; display: block; width: 100%; float: none; position: static; overflow: hidden;\">\n<div style=\"clear: both; display: block; margin: 10px 0;\">\n<div style=\"clear: both; display: block; margin: 10px 0;\">\n<div style=\"clear: both; display: block; margin: 10px 0;\">\n<ul style=\"margin: 15px 0; padding-left: 20px; clear: both; display: block; width: 100%; float: none; position: static;\">\n<li style=\"margin: 5px 0; padding: 2px 0; clear: both; display: list-item; float: none; position: static;\">MARKA\/MODEL: <b>PETLAS VanMaster A\/S+<\/b><\/li>\n<li style=\"margin: 5px 0; padding: 2px 0; clear: both; display: list-item; float: none; position: static;\">ROZMIAR OPON: <b> 215\/75R16C<\/b><\/li>\n<li style=\"margin: 5px 0; padding: 2px 0; clear: both; display: list-item; float: none; position: static;\">INDEKS PR\u0118DKO\u015aCI: <b>R<\/b><\/li>\n<li style=\"margin: 5px 0; padding: 2px 0; clear: both; display: list-item; float: none; position: static;\">INDEKS NO\u015aNO\u015aCI: <b>116\/114<\/b><\/li>\n<li style=\"margin: 5px 0; padding: 2px 0; clear: both; display: list-item; float: none; position: static;\">DATA PRODUKCJI: <b>nie starsze ni\u017c wrzesie\u0144 2022<\/b><\/li>\n<li style=\"margin: 5px 0; padding: 2px 0; clear: both; display: list-item; float: none; position: static;\">SEZON: <b>Ca\u0142oroczne<\/b><\/li>\n<li style=\"margin: 5px 0; padding: 2px 0; clear: both; display: list-item; float: none; position: static;\">STAN: <b>Nowy<\/b><\/li>\n<li style=\"margin: 5px 0; padding: 2px 0; clear: both; display: list-item; float: none; position: static;\">RANT OCHRONNY NA FELG\u0118: <b>Brak<\/b><\/li>\n<li style=\"margin: 5px 0; padding: 2px 0; clear: both; display: list-item; float: none; position: static;\">DODATKOWE OZNACZENIA: <\/li>\n<\/ul>\n<\/div>\n<\/div>\n<div style=\"clear: both; display: block; margin: 10px 0;\">\n<div style=\"clear: both; display: block; margin: 10px 0;\">\n<div  style=\"max-width:333px;max-height:499px\">\n<div style=\"clear: both; display: block; margin: 10px 0;\">\n<div style=\"clear: both; width: 100%; display: block; margin: 20px 0; padding: 0; float: none; position: static; text-align: center;\"><img decoding=\"async\"  src=\"https:\/\/a.allegroimg.com\/original\/11f038\/39bfc6e440749d96b582988dac1c\/2-opony-caloroczne-215-75R16C-116R-PETLAS-VanMaster-A-S\" srcset=\"https:\/\/a.allegroimg.com\/original\/11f038\/39bfc6e440749d96b582988dac1c\/2-opony-caloroczne-215-75R16C-116R-PETLAS-VanMaster-A-S 240w,https:\/\/a.allegroimg.com\/original\/11f038\/39bfc6e440749d96b582988dac1c\/2-opony-caloroczne-215-75R16C-116R-PETLAS-VanMaster-A-S 333w,https:\/\/a.allegroimg.com\/original\/11f038\/39bfc6e440749d96b582988dac1c\/2-opony-caloroczne-215-75R16C-116R-PETLAS-VanMaster-A-S 333w\" sizes=\"(min-width: 1200px) 560px, (min-width: 992px) 50vw, 100vw\" width=\"333px\" alt=\"2 opony ca\u0142oroczne 215\/75R16C 116R PETLAS VanMaster A\/S+\" style=\"max-width: 100%; height: auto; display: block; margin: 0 auto;\"><\/div>\n<\/div>\n<\/div>\n<\/div>\n<\/div>\n<\/div>\n<div style=\"clear: both; display: block; margin: 10px 0;\">\n<div style=\"clear: both; display: block; margin: 10px 0;\">\n<div style=\"clear: both; display: block; margin: 10px 0;\">\n<div  style=\"max-width:886px;max-height:1299px\">\n<div style=\"clear: both; display: block; margin: 10px 0;\">\n<div style=\"clear: both; width: 100%; display: block; margin: 20px 0; padding: 0; float: none; position: static; text-align: center;\"><img decoding=\"async\"  src=\"https:\/\/a.allegroimg.com\/original\/1145b2\/e632e19f41708033e4b45dec12f0\/2-opony-caloroczne-215-75R16C-116R-PETLAS-VanMaster-A-S-Liczba-opon-w-ofercie-2-szt\" srcset=\"https:\/\/a.allegroimg.com\/original\/1145b2\/e632e19f41708033e4b45dec12f0\/2-opony-caloroczne-215-75R16C-116R-PETLAS-VanMaster-A-S-Liczba-opon-w-ofercie-2-szt 245w,https:\/\/a.allegroimg.com\/original\/1145b2\/e632e19f41708033e4b45dec12f0\/2-opony-caloroczne-215-75R16C-116R-PETLAS-VanMaster-A-S-Liczba-opon-w-ofercie-2-szt 491w,https:\/\/a.allegroimg.com\/original\/1145b2\/e632e19f41708033e4b45dec12f0\/2-opony-caloroczne-215-75R16C-116R-PETLAS-VanMaster-A-S-Liczba-opon-w-ofercie-2-szt 698w,https:\/\/a.allegroimg.com\/original\/1145b2\/e632e19f41708033e4b45dec12f0\/2-opony-caloroczne-215-75R16C-116R-PETLAS-VanMaster-A-S-Liczba-opon-w-ofercie-2-szt 886w,https:\/\/a.allegroimg.com\/original\/1145b2\/e632e19f41708033e4b45dec12f0\/2-opony-caloroczne-215-75R16C-116R-PETLAS-VanMaster-A-S-Liczba-opon-w-ofercie-2-szt 886w\" sizes=\"100vw\" width=\"886px\" alt=\"2 opony ca\u0142oroczne 215\/75R16C 116R PETLAS VanMaster A\/S+ Liczba opon w ofercie 2 szt.\" style=\"max-width: 100%; height: auto; display: block; margin: 0 auto;\"><\/div>\n<\/div>\n<\/div>\n<\/div>\n<\/div>\n<\/div>\n<div style=\"clear: both; display: block; margin: 10px 0;\">\n<div style=\"clear: both; display: block; margin: 10px 0;\">\n<div style=\"clear: both; display: block; margin: 10px 0;\">\n<h2>Na naszych innych aukcjach Allegro znajdziesz felgi stalowe i aluminiowe, czujniki (TPMS) oraz \u015bruby i nakr\u0119tki.<\/h2>\n<\/div>\n<\/div>\n<\/div>\n<\/div>\n<\/div>\n<\/div>\n<div style=\"clear: both; display: block; margin: 10px 0;\">\n","protected":false},"excerpt":{"rendered":"<p>MARKA\/MODEL: PETLAS VanMaster A\/S+<\/p>\n<p>ROZMIAR OPON: 215\/75R16C<\/p>\n<p>INDEKS PR\u0118DKO\u015aCI: R<\/p>\n<p>INDEKS NO\u015aNO\u015aCI: 116\/114<\/p>\n<p>DATA PRODUKCJI: nie starsze ni\u017c wrzesie\u0144 2022<\/p>\n<p>SEZON: Ca\u0142oroczne<\/p>\n<p>STAN: Nowy<\/p>\n<p>RANT OCHRONNY NA FELG\u0118: Brak<\/p>\n","protected":false},"featured_media":14883,"template":"","meta":{"_uag_custom_page_level_css":""},"product_brand":[460],"product_cat":[416,417,413,412],"product_tag":[],"class_list":{"0":"post-14882","1":"product","2":"type-product","3":"status-publish","4":"has-post-thumbnail","6":"product_brand-petlas","7":"product_cat-caloroczne","8":"product_cat-do-samochodow-dostawczych","9":"product_cat-opony","10":"product_cat-opony-i-felgi","12":"first","13":"instock","14":"shipping-taxable","15":"purchasable","16":"product-type-simple"},"uagb_featured_image_src":{"full":["https:\/\/oponixo.shop\/tire\/wp-content\/uploads\/2026\/01\/allegro-image-14882.jpg",333,499,false],"thumbnail":["https:\/\/oponixo.shop\/tire\/wp-content\/uploads\/2026\/01\/allegro-image-14882-150x150.jpg",150,150,true],"medium":["https:\/\/oponixo.shop\/tire\/wp-content\/uploads\/2026\/01\/allegro-image-14882-200x300.jpg",200,300,true],"medium_large":["https:\/\/oponixo.shop\/tire\/wp-content\/uploads\/2026\/01\/allegro-image-14882.jpg",333,499,false],"large":["https:\/\/oponixo.shop\/tire\/wp-content\/uploads\/2026\/01\/allegro-image-14882.jpg",333,499,false],"1536x1536":["https:\/\/oponixo.shop\/tire\/wp-content\/uploads\/2026\/01\/allegro-image-14882.jpg",333,499,false],"2048x2048":["https:\/\/oponixo.shop\/tire\/wp-content\/uploads\/2026\/01\/allegro-image-14882.jpg",333,499,false],"woocommerce_thumbnail":["https:\/\/oponixo.shop\/tire\/wp-content\/uploads\/2026\/01\/allegro-image-14882-300x300.jpg",300,300,true],"woocommerce_single":["https:\/\/oponixo.shop\/tire\/wp-content\/uploads\/2026\/01\/allegro-image-14882.jpg",333,499,false],"woocommerce_gallery_thumbnail":["https:\/\/oponixo.shop\/tire\/wp-content\/uploads\/2026\/01\/allegro-image-14882-100x100.jpg",100,100,true]},"uagb_author_info":{"display_name":"admin","author_link":"https:\/\/oponixo.shop\/tire\/author\/"},"uagb_comment_info":0,"uagb_excerpt":"MARKA\/MODEL: PETLAS VanMaster A\/S+ ROZMIAR OPON: 215\/75R16C INDEKS PR\u0118DKO\u015aCI: R INDEKS NO\u015aNO\u015aCI: 116\/114 DATA PRODUKCJI: nie starsze ni\u017c wrzesie\u0144 2022 SEZON: Ca\u0142oroczne STAN: Nowy RANT OCHRONNY NA FELG\u0118: Brak","_links":{"self":[{"href":"https:\/\/oponixo.shop\/tire\/wp-json\/wp\/v2\/product\/14882","targetHints":{"allow":["GET"]}}],"collection":[{"href":"https:\/\/oponixo.shop\/tire\/wp-json\/wp\/v2\/product"}],"about":[{"href":"https:\/\/oponixo.shop\/tire\/wp-json\/wp\/v2\/types\/product"}],"wp:featuredmedia":[{"embeddable":true,"href":"https:\/\/oponixo.shop\/tire\/wp-json\/wp\/v2\/media\/14883"}],"wp:attachment":[{"href":"https:\/\/oponixo.shop\/tire\/wp-json\/wp\/v2\/media?parent=14882"}],"wp:term":[{"taxonomy":"product_brand","embeddable":true,"href":"https:\/\/oponixo.shop\/tire\/wp-json\/wp\/v2\/product_brand?post=14882"},{"taxonomy":"product_cat","embeddable":true,"href":"https:\/\/oponixo.shop\/tire\/wp-json\/wp\/v2\/product_cat?post=14882"},{"taxonomy":"product_tag","embeddable":true,"href":"https:\/\/oponixo.shop\/tire\/wp-json\/wp\/v2\/product_tag?post=14882"}],"curies":[{"name":"wp","href":"https:\/\/api.w.org\/{rel}","templated":true}]}}