{"id":14890,"date":"2026-01-13T20:31:47","date_gmt":"2026-01-13T19:31:47","guid":{"rendered":"https:\/\/oponyauto.shop\/xef5\/produkt\/2x-opony-195-75r16-austone-durato-4s-all-season\/"},"modified":"2026-01-13T20:31:49","modified_gmt":"2026-01-13T19:31:49","slug":"2x-opony-195-75r16-austone-durato-4s-all-season","status":"publish","type":"product","link":"https:\/\/oponixo.shop\/tire\/produkt\/2x-opony-195-75r16-austone-durato-4s-all-season\/","title":{"rendered":"2x OPONY 195\/75R16 Austone Durato 4S All Season"},"content":{"rendered":"<div style=\"font-family: Arial, sans-serif; line-height: 1.6; color: #333; padding: 20px; clear: both; display: block; width: 100%; float: none; position: static; overflow: hidden;\">\n<div style=\"clear: both; display: block; margin: 10px 0;\">\n<div style=\"clear: both; display: block; margin: 10px 0;\">\n<div style=\"clear: both; display: block; margin: 10px 0;\">\n<div  style=\"max-width:1200px;max-height:1200px\">\n<div style=\"clear: both; display: block; margin: 10px 0;\">\n<div style=\"clear: both; width: 100%; display: block; margin: 20px 0; padding: 0; float: none; position: static; text-align: center;\"><img decoding=\"async\"  src=\"https:\/\/a.allegroimg.com\/original\/1156c1\/e889f42b401e944e1b64a90040ac\/2x-OPONY-195-75R16-Austone-Durato-4S-All-Season\" srcset=\"https:\/\/a.allegroimg.com\/original\/1156c1\/e889f42b401e944e1b64a90040ac\/2x-OPONY-195-75R16-Austone-Durato-4S-All-Season 360w,https:\/\/a.allegroimg.com\/original\/1156c1\/e889f42b401e944e1b64a90040ac\/2x-OPONY-195-75R16-Austone-Durato-4S-All-Season 720w,https:\/\/a.allegroimg.com\/original\/1156c1\/e889f42b401e944e1b64a90040ac\/2x-OPONY-195-75R16-Austone-Durato-4S-All-Season 1024w,https:\/\/a.allegroimg.com\/original\/1156c1\/e889f42b401e944e1b64a90040ac\/2x-OPONY-195-75R16-Austone-Durato-4S-All-Season 1200w,https:\/\/a.allegroimg.com\/original\/1156c1\/e889f42b401e944e1b64a90040ac\/2x-OPONY-195-75R16-Austone-Durato-4S-All-Season 1200w\" sizes=\"(min-width: 1200px) 560px, (min-width: 992px) 50vw, 100vw\" width=\"1200px\" alt=\"2x OPONY 195\/75R16 Austone Durato 4S All Season\" style=\"max-width: 100%; height: auto; display: block; margin: 0 auto;\"><\/div>\n<\/div>\n<\/div>\n<\/div>\n<\/div>\n<div style=\"clear: both; display: block; margin: 10px 0;\">\n<div style=\"clear: both; display: block; margin: 10px 0;\">\n<p style=\"margin: 15px 0; line-height: 1.8; clear: both; display: block; width: 100%; float: none; position: static;\">Nazwa modelu: <b>Austone Durato 4S All Season<\/b><\/p>\n<p style=\"margin: 15px 0; line-height: 1.8; clear: both; display: block; width: 100%; float: none; position: static;\">Rozmiar: <b>195\/75 R16<\/b><\/p>\n<p style=\"margin: 15px 0; line-height: 1.8; clear: both; display: block; width: 100%; float: none; position: static;\">Indeks pr\u0119dko\u015bci: <b>R<\/b><\/p>\n<p style=\"margin: 15px 0; line-height: 1.8; clear: both; display: block; width: 100%; float: none; position: static;\">Indeks no\u015bno\u015bci: <\/p>\n<p style=\"margin: 15px 0; line-height: 1.8; clear: both; display: block; width: 100%; float: none; position: static;\">Kod producenta: <b>6937833520310<\/b><\/p>\n<p style=\"margin: 15px 0; line-height: 1.8; clear: both; display: block; width: 100%; float: none; position: static;\">Rodzaj pojazd\u00f3w: <b>dostawczy<\/b><\/p>\n<p style=\"margin: 15px 0; line-height: 1.8; clear: both; display: block; width: 100%; float: none; position: static;\">Sezon: <b>ca\u0142oroczne<\/b><\/p>\n<p style=\"margin: 15px 0; line-height: 1.8; clear: both; display: block; width: 100%; float: none; position: static;\">Dodatkowe oznaczenia: <b> brak <\/b><\/p>\n<p style=\"margin: 15px 0; line-height: 1.8; clear: both; display: block; width: 100%; float: none; position: static;\">Rok produkcji: <b><br \/>\n                    2025<br \/>\n        <\/b><\/p>\n<\/div>\n<\/div>\n<\/div>\n<\/div>\n<\/div>\n<\/div>\n<div style=\"clear: both; display: block; margin: 10px 0;\">\n","protected":false},"excerpt":{"rendered":"<p>Nazwa modelu: Austone Durato 4S All Season<\/p>\n<p>Rozmiar: 195\/75 R16<\/p>\n<p>Indeks pr\u0119dko\u015bci: R<\/p>\n<p>Indeks no\u015bno\u015bci:<\/p>\n<p>Kod producenta: 6937833520310<\/p>\n<p>Rodzaj pojazd\u00f3w: dostawczy<\/p>\n<p>Sezon: ca\u0142oroczne<\/p>\n<p>Dodatkowe oznaczenia: brak<\/p>\n","protected":false},"featured_media":14891,"template":"","meta":{"_uag_custom_page_level_css":""},"product_brand":[383],"product_cat":[416,417,413,412],"product_tag":[],"class_list":{"0":"post-14890","1":"product","2":"type-product","3":"status-publish","4":"has-post-thumbnail","6":"product_brand-austone","7":"product_cat-caloroczne","8":"product_cat-do-samochodow-dostawczych","9":"product_cat-opony","10":"product_cat-opony-i-felgi","12":"first","13":"instock","14":"shipping-taxable","15":"purchasable","16":"product-type-simple"},"uagb_featured_image_src":{"full":["https:\/\/oponixo.shop\/tire\/wp-content\/uploads\/2026\/01\/allegro-image-14890.jpg",1200,1200,false],"thumbnail":["https:\/\/oponixo.shop\/tire\/wp-content\/uploads\/2026\/01\/allegro-image-14890-150x150.jpg",150,150,true],"medium":["https:\/\/oponixo.shop\/tire\/wp-content\/uploads\/2026\/01\/allegro-image-14890-300x300.jpg",300,300,true],"medium_large":["https:\/\/oponixo.shop\/tire\/wp-content\/uploads\/2026\/01\/allegro-image-14890-768x768.jpg",768,768,true],"large":["https:\/\/oponixo.shop\/tire\/wp-content\/uploads\/2026\/01\/allegro-image-14890-1024x1024.jpg",1024,1024,true],"1536x1536":["https:\/\/oponixo.shop\/tire\/wp-content\/uploads\/2026\/01\/allegro-image-14890.jpg",1200,1200,false],"2048x2048":["https:\/\/oponixo.shop\/tire\/wp-content\/uploads\/2026\/01\/allegro-image-14890.jpg",1200,1200,false],"woocommerce_thumbnail":["https:\/\/oponixo.shop\/tire\/wp-content\/uploads\/2026\/01\/allegro-image-14890-300x300.jpg",300,300,true],"woocommerce_single":["https:\/\/oponixo.shop\/tire\/wp-content\/uploads\/2026\/01\/allegro-image-14890-600x600.jpg",600,600,true],"woocommerce_gallery_thumbnail":["https:\/\/oponixo.shop\/tire\/wp-content\/uploads\/2026\/01\/allegro-image-14890-100x100.jpg",100,100,true]},"uagb_author_info":{"display_name":"admin","author_link":"https:\/\/oponixo.shop\/tire\/author\/"},"uagb_comment_info":0,"uagb_excerpt":"Nazwa modelu: Austone Durato 4S All Season Rozmiar: 195\/75 R16 Indeks pr\u0119dko\u015bci: R Indeks no\u015bno\u015bci: Kod producenta: 6937833520310 Rodzaj pojazd\u00f3w: dostawczy Sezon: ca\u0142oroczne Dodatkowe oznaczenia: brak","_links":{"self":[{"href":"https:\/\/oponixo.shop\/tire\/wp-json\/wp\/v2\/product\/14890","targetHints":{"allow":["GET"]}}],"collection":[{"href":"https:\/\/oponixo.shop\/tire\/wp-json\/wp\/v2\/product"}],"about":[{"href":"https:\/\/oponixo.shop\/tire\/wp-json\/wp\/v2\/types\/product"}],"wp:featuredmedia":[{"embeddable":true,"href":"https:\/\/oponixo.shop\/tire\/wp-json\/wp\/v2\/media\/14891"}],"wp:attachment":[{"href":"https:\/\/oponixo.shop\/tire\/wp-json\/wp\/v2\/media?parent=14890"}],"wp:term":[{"taxonomy":"product_brand","embeddable":true,"href":"https:\/\/oponixo.shop\/tire\/wp-json\/wp\/v2\/product_brand?post=14890"},{"taxonomy":"product_cat","embeddable":true,"href":"https:\/\/oponixo.shop\/tire\/wp-json\/wp\/v2\/product_cat?post=14890"},{"taxonomy":"product_tag","embeddable":true,"href":"https:\/\/oponixo.shop\/tire\/wp-json\/wp\/v2\/product_tag?post=14890"}],"curies":[{"name":"wp","href":"https:\/\/api.w.org\/{rel}","templated":true}]}}