{"id":14898,"date":"2026-01-13T20:31:51","date_gmt":"2026-01-13T19:31:51","guid":{"rendered":"https:\/\/oponyauto.shop\/xef5\/produkt\/2-opony-caloroczne-195-75r16c-107r-nexen-n-blue-4season-van\/"},"modified":"2026-01-13T20:31:51","modified_gmt":"2026-01-13T19:31:51","slug":"2-opony-caloroczne-195-75r16c-107r-nexen-n-blue-4season-van","status":"publish","type":"product","link":"https:\/\/oponixo.shop\/tire\/produkt\/2-opony-caloroczne-195-75r16c-107r-nexen-n-blue-4season-van\/","title":{"rendered":"2 opony ca\u0142oroczne 195\/75R16C 107R NEXEN N blue 4Season Van"},"content":{"rendered":"<div style=\"font-family: Arial, sans-serif; line-height: 1.6; color: #333; padding: 20px; clear: both; display: block; width: 100%; float: none; position: static; overflow: hidden;\">\n<div style=\"clear: both; display: block; margin: 10px 0;\">\n<div style=\"clear: both; display: block; margin: 10px 0;\">\n<div style=\"clear: both; display: block; margin: 10px 0;\">\n<ul style=\"margin: 15px 0; padding-left: 20px; clear: both; display: block; width: 100%; float: none; position: static;\">\n<li style=\"margin: 5px 0; padding: 2px 0; clear: both; display: list-item; float: none; position: static;\">MARKA\/MODEL: <b>NEXEN N blue 4Season Van<\/b><\/li>\n<li style=\"margin: 5px 0; padding: 2px 0; clear: both; display: list-item; float: none; position: static;\">ROZMIAR OPON: <b> 195\/75R16C<\/b><\/li>\n<li style=\"margin: 5px 0; padding: 2px 0; clear: both; display: list-item; float: none; position: static;\">INDEKS PR\u0118DKO\u015aCI: <b>R<\/b><\/li>\n<li style=\"margin: 5px 0; padding: 2px 0; clear: both; display: list-item; float: none; position: static;\">INDEKS NO\u015aNO\u015aCI: <b>107\/105<\/b><\/li>\n<li style=\"margin: 5px 0; padding: 2px 0; clear: both; display: list-item; float: none; position: static;\">DATA PRODUKCJI: <b>nie starsze ni\u017c 2024<\/b><\/li>\n<li style=\"margin: 5px 0; padding: 2px 0; clear: both; display: list-item; float: none; position: static;\">SEZON: <b>Ca\u0142oroczne<\/b><\/li>\n<li style=\"margin: 5px 0; padding: 2px 0; clear: both; display: list-item; float: none; position: static;\">STAN: <b>Nowy<\/b><\/li>\n<li style=\"margin: 5px 0; padding: 2px 0; clear: both; display: list-item; float: none; position: static;\">RANT OCHRONNY NA FELG\u0118: <b>Brak<\/b><\/li>\n<li style=\"margin: 5px 0; padding: 2px 0; clear: both; display: list-item; float: none; position: static;\">DODATKOWE OZNACZENIA: <\/li>\n<\/ul>\n<\/div>\n<\/div>\n<div style=\"clear: both; display: block; margin: 10px 0;\">\n<div style=\"clear: both; display: block; margin: 10px 0;\">\n<div  style=\"max-width:356px;max-height:500px\">\n<div style=\"clear: both; display: block; margin: 10px 0;\">\n<div style=\"clear: both; width: 100%; display: block; margin: 20px 0; padding: 0; float: none; position: static; text-align: center;\"><img decoding=\"async\"  src=\"https:\/\/a.allegroimg.com\/original\/112488\/55fea2ed4112a128bb24bf5d2087\/2-opony-caloroczne-195-75R16C-107R-NEXEN-N-blue-4Season-Van\" srcset=\"https:\/\/a.allegroimg.com\/original\/112488\/55fea2ed4112a128bb24bf5d2087\/2-opony-caloroczne-195-75R16C-107R-NEXEN-N-blue-4Season-Van 256w,https:\/\/a.allegroimg.com\/original\/112488\/55fea2ed4112a128bb24bf5d2087\/2-opony-caloroczne-195-75R16C-107R-NEXEN-N-blue-4Season-Van 356w,https:\/\/a.allegroimg.com\/original\/112488\/55fea2ed4112a128bb24bf5d2087\/2-opony-caloroczne-195-75R16C-107R-NEXEN-N-blue-4Season-Van 356w\" sizes=\"(min-width: 1200px) 560px, (min-width: 992px) 50vw, 100vw\" width=\"356px\" alt=\"2 opony ca\u0142oroczne 195\/75R16C 107R NEXEN N blue 4Season Van\" style=\"max-width: 100%; height: auto; display: block; margin: 0 auto;\"><\/div>\n<\/div>\n<\/div>\n<\/div>\n<\/div>\n<\/div>\n<div style=\"clear: both; display: block; margin: 10px 0;\">\n<div style=\"clear: both; display: block; margin: 10px 0;\">\n<div style=\"clear: both; display: block; margin: 10px 0;\">\n<div  style=\"max-width:886px;max-height:1299px\">\n<div style=\"clear: both; display: block; margin: 10px 0;\">\n<div style=\"clear: both; width: 100%; display: block; margin: 20px 0; padding: 0; float: none; position: static; text-align: center;\"><img decoding=\"async\"  src=\"https:\/\/a.allegroimg.com\/original\/11f59c\/139617ab4d1191be985a51c875fa\/2-opony-caloroczne-195-75R16C-107R-NEXEN-N-blue-4Season-Van-Liczba-opon-w-ofercie-2-szt\" srcset=\"https:\/\/a.allegroimg.com\/original\/11f59c\/139617ab4d1191be985a51c875fa\/2-opony-caloroczne-195-75R16C-107R-NEXEN-N-blue-4Season-Van-Liczba-opon-w-ofercie-2-szt 245w,https:\/\/a.allegroimg.com\/original\/11f59c\/139617ab4d1191be985a51c875fa\/2-opony-caloroczne-195-75R16C-107R-NEXEN-N-blue-4Season-Van-Liczba-opon-w-ofercie-2-szt 491w,https:\/\/a.allegroimg.com\/original\/11f59c\/139617ab4d1191be985a51c875fa\/2-opony-caloroczne-195-75R16C-107R-NEXEN-N-blue-4Season-Van-Liczba-opon-w-ofercie-2-szt 698w,https:\/\/a.allegroimg.com\/original\/11f59c\/139617ab4d1191be985a51c875fa\/2-opony-caloroczne-195-75R16C-107R-NEXEN-N-blue-4Season-Van-Liczba-opon-w-ofercie-2-szt 886w,https:\/\/a.allegroimg.com\/original\/11f59c\/139617ab4d1191be985a51c875fa\/2-opony-caloroczne-195-75R16C-107R-NEXEN-N-blue-4Season-Van-Liczba-opon-w-ofercie-2-szt 886w\" sizes=\"100vw\" width=\"886px\" alt=\"2 opony ca\u0142oroczne 195\/75R16C 107R NEXEN N blue 4Season Van Liczba opon w ofercie 2 szt.\" style=\"max-width: 100%; height: auto; display: block; margin: 0 auto;\"><\/div>\n<\/div>\n<\/div>\n<\/div>\n<\/div>\n<\/div>\n<div style=\"clear: both; display: block; margin: 10px 0;\">\n<div style=\"clear: both; display: block; margin: 10px 0;\">\n<div style=\"clear: both; display: block; margin: 10px 0;\">\n<div  style=\"max-width:1600px;max-height:900px\">\n<div style=\"clear: both; display: block; margin: 10px 0;\">\n<div style=\"clear: both; width: 100%; display: block; margin: 20px 0; padding: 0; float: none; position: static; text-align: center;\"><img decoding=\"async\"  src=\"https:\/\/a.allegroimg.com\/original\/11e533\/b56b653f44d0a17ec1a4c04bfbec\/2-opony-caloroczne-195-75R16C-107R-NEXEN-N-blue-4Season-Van-Rok-produkcji-2024\" srcset=\"https:\/\/a.allegroimg.com\/original\/11e533\/b56b653f44d0a17ec1a4c04bfbec\/2-opony-caloroczne-195-75R16C-107R-NEXEN-N-blue-4Season-Van-Rok-produkcji-2024 360w,https:\/\/a.allegroimg.com\/original\/11e533\/b56b653f44d0a17ec1a4c04bfbec\/2-opony-caloroczne-195-75R16C-107R-NEXEN-N-blue-4Season-Van-Rok-produkcji-2024 720w,https:\/\/a.allegroimg.com\/original\/11e533\/b56b653f44d0a17ec1a4c04bfbec\/2-opony-caloroczne-195-75R16C-107R-NEXEN-N-blue-4Season-Van-Rok-produkcji-2024 1024w,https:\/\/a.allegroimg.com\/original\/11e533\/b56b653f44d0a17ec1a4c04bfbec\/2-opony-caloroczne-195-75R16C-107R-NEXEN-N-blue-4Season-Van-Rok-produkcji-2024 1440w,https:\/\/a.allegroimg.com\/original\/11e533\/b56b653f44d0a17ec1a4c04bfbec\/2-opony-caloroczne-195-75R16C-107R-NEXEN-N-blue-4Season-Van-Rok-produkcji-2024 1600w\" sizes=\"(min-width: 1200px) 560px, (min-width: 992px) 50vw, 100vw\" width=\"1600px\" alt=\"2 opony ca\u0142oroczne 195\/75R16C 107R NEXEN N blue 4Season Van Rok produkcji 2024\" style=\"max-width: 100%; height: auto; display: block; margin: 0 auto;\"><\/div>\n<\/div>\n<\/div>\n<\/div>\n<\/div>\n<div style=\"clear: both; display: block; margin: 10px 0;\">\n<div style=\"clear: both; display: block; margin: 10px 0;\">\n<p style=\"margin: 15px 0; line-height: 1.8; clear: both; display: block; width: 100%; float: none; position: static;\"><b>Nexen<\/b> \u2013 po\u0142udniowo-korea\u0144ska marka opon, kt\u00f3ra powsta\u0142a w 1942 roku. Pocz\u0105tkowo firma produkowa\u0142a opony do pojazd\u00f3w wojskowych, dzi\u015b w jej ofercie mo\u017cemy znale\u017a\u0107 ogumienie do aut osobowych, 4&#215;4, dostawczych i ci\u0119\u017carowych. Nexen spe\u0142nia mi\u0119dzynarodowe standardy technologiczne, a produkowane opony posiadaj\u0105 liczne certyfikaty jako\u015bci. Jej produkty zosta\u0142y docenione w m.in. w badaniach presti\u017cowego niemieckiego Autimobilclub ADAC. Produkty marki s\u0105 dost\u0119pne w 120 krajach \u015bwiata. Koncern ca\u0142y czas stawia na rozw\u00f3j, otwieraj\u0105c nowe zak\u0142ady produkcyjne na ca\u0142ym \u015bwiecie. <\/p>\n<\/div>\n<\/div>\n<\/div>\n<div style=\"clear: both; display: block; margin: 10px 0;\">\n<div style=\"clear: both; display: block; margin: 10px 0;\">\n<div style=\"clear: both; display: block; margin: 10px 0;\">\n<h2>Na naszych innych aukcjach Allegro znajdziesz felgi stalowe i aluminiowe, czujniki (TPMS) oraz \u015bruby i nakr\u0119tki.<\/h2>\n<\/div>\n<\/div>\n<\/div>\n<\/div>\n<\/div>\n<\/div>\n<div style=\"clear: both; display: block; margin: 10px 0;\">\n","protected":false},"excerpt":{"rendered":"<p>MARKA\/MODEL: NEXEN N blue 4Season Van<\/p>\n<p>ROZMIAR OPON: 195\/75R16C<\/p>\n<p>INDEKS PR\u0118DKO\u015aCI: R<\/p>\n<p>INDEKS NO\u015aNO\u015aCI: 107\/105<\/p>\n<p>DATA PRODUKCJI: nie starsze ni\u017c 2024<\/p>\n<p>SEZON: Ca\u0142oroczne<\/p>\n<p>STAN: Nowy<\/p>\n<p>RANT OCHRONNY NA FELG\u0118: Brak<\/p>\n","protected":false},"featured_media":14899,"template":"","meta":{"_uag_custom_page_level_css":""},"product_brand":[392],"product_cat":[416,417,413,412],"product_tag":[],"class_list":{"0":"post-14898","1":"product","2":"type-product","3":"status-publish","4":"has-post-thumbnail","6":"product_brand-nexen","7":"product_cat-caloroczne","8":"product_cat-do-samochodow-dostawczych","9":"product_cat-opony","10":"product_cat-opony-i-felgi","12":"first","13":"instock","14":"shipping-taxable","15":"purchasable","16":"product-type-simple"},"uagb_featured_image_src":{"full":["https:\/\/oponixo.shop\/tire\/wp-content\/uploads\/2026\/01\/allegro-image-14898.jpg",356,500,false],"thumbnail":["https:\/\/oponixo.shop\/tire\/wp-content\/uploads\/2026\/01\/allegro-image-14898-150x150.jpg",150,150,true],"medium":["https:\/\/oponixo.shop\/tire\/wp-content\/uploads\/2026\/01\/allegro-image-14898-214x300.jpg",214,300,true],"medium_large":["https:\/\/oponixo.shop\/tire\/wp-content\/uploads\/2026\/01\/allegro-image-14898.jpg",356,500,false],"large":["https:\/\/oponixo.shop\/tire\/wp-content\/uploads\/2026\/01\/allegro-image-14898.jpg",356,500,false],"1536x1536":["https:\/\/oponixo.shop\/tire\/wp-content\/uploads\/2026\/01\/allegro-image-14898.jpg",356,500,false],"2048x2048":["https:\/\/oponixo.shop\/tire\/wp-content\/uploads\/2026\/01\/allegro-image-14898.jpg",356,500,false],"woocommerce_thumbnail":["https:\/\/oponixo.shop\/tire\/wp-content\/uploads\/2026\/01\/allegro-image-14898-300x300.jpg",300,300,true],"woocommerce_single":["https:\/\/oponixo.shop\/tire\/wp-content\/uploads\/2026\/01\/allegro-image-14898.jpg",356,500,false],"woocommerce_gallery_thumbnail":["https:\/\/oponixo.shop\/tire\/wp-content\/uploads\/2026\/01\/allegro-image-14898-100x100.jpg",100,100,true]},"uagb_author_info":{"display_name":"admin","author_link":"https:\/\/oponixo.shop\/tire\/author\/"},"uagb_comment_info":0,"uagb_excerpt":"MARKA\/MODEL: NEXEN N blue 4Season Van ROZMIAR OPON: 195\/75R16C INDEKS PR\u0118DKO\u015aCI: R INDEKS NO\u015aNO\u015aCI: 107\/105 DATA PRODUKCJI: nie starsze ni\u017c 2024 SEZON: Ca\u0142oroczne STAN: Nowy RANT OCHRONNY NA FELG\u0118: Brak","_links":{"self":[{"href":"https:\/\/oponixo.shop\/tire\/wp-json\/wp\/v2\/product\/14898","targetHints":{"allow":["GET"]}}],"collection":[{"href":"https:\/\/oponixo.shop\/tire\/wp-json\/wp\/v2\/product"}],"about":[{"href":"https:\/\/oponixo.shop\/tire\/wp-json\/wp\/v2\/types\/product"}],"wp:featuredmedia":[{"embeddable":true,"href":"https:\/\/oponixo.shop\/tire\/wp-json\/wp\/v2\/media\/14899"}],"wp:attachment":[{"href":"https:\/\/oponixo.shop\/tire\/wp-json\/wp\/v2\/media?parent=14898"}],"wp:term":[{"taxonomy":"product_brand","embeddable":true,"href":"https:\/\/oponixo.shop\/tire\/wp-json\/wp\/v2\/product_brand?post=14898"},{"taxonomy":"product_cat","embeddable":true,"href":"https:\/\/oponixo.shop\/tire\/wp-json\/wp\/v2\/product_cat?post=14898"},{"taxonomy":"product_tag","embeddable":true,"href":"https:\/\/oponixo.shop\/tire\/wp-json\/wp\/v2\/product_tag?post=14898"}],"curies":[{"name":"wp","href":"https:\/\/api.w.org\/{rel}","templated":true}]}}