{"id":14912,"date":"2026-01-13T20:31:54","date_gmt":"2026-01-13T19:31:54","guid":{"rendered":"https:\/\/oponyauto.shop\/xef5\/produkt\/2x-comforser-cf1100-rwl-275-65r20-126-s\/"},"modified":"2026-01-13T20:31:55","modified_gmt":"2026-01-13T19:31:55","slug":"2x-comforser-cf1100-rwl-275-65r20-126-s","status":"publish","type":"product","link":"https:\/\/oponixo.shop\/tire\/produkt\/2x-comforser-cf1100-rwl-275-65r20-126-s\/","title":{"rendered":"2x COMFORSER CF1100 RWL 275\/65R20 126 S"},"content":{"rendered":"<div style=\"font-family: Arial, sans-serif; line-height: 1.6; color: #333; padding: 20px; clear: both; display: block; width: 100%; float: none; position: static; overflow: hidden;\">\n<div style=\"clear: both; display: block; margin: 10px 0;\">\n<div style=\"clear: both; display: block; margin: 10px 0;\">\n<div style=\"clear: both; display: block; margin: 10px 0;\">\n<h2>2x COMFORSER CF1100 RWL 275\/65R20 126 S<\/h2>\n<\/div>\n<\/div>\n<\/div>\n<div style=\"clear: both; display: block; margin: 10px 0;\">\n<div style=\"clear: both; display: block; margin: 10px 0;\">\n<div style=\"clear: both; display: block; margin: 10px 0;\">\n<div  style=\"max-width:920px;max-height:1120px\">\n<div style=\"clear: both; display: block; margin: 10px 0;\">\n<div style=\"clear: both; width: 100%; display: block; margin: 20px 0; padding: 0; float: none; position: static; text-align: center;\"><img decoding=\"async\"  src=\"https:\/\/a.allegroimg.com\/original\/1182ab\/5bc6718b4a4ca8de6426975818cc\/2x-COMFORSER-CF1100-RWL-275-65R20-126-S\" srcset=\"https:\/\/a.allegroimg.com\/original\/1182ab\/5bc6718b4a4ca8de6426975818cc\/2x-COMFORSER-CF1100-RWL-275-65R20-126-S 295w,https:\/\/a.allegroimg.com\/original\/1182ab\/5bc6718b4a4ca8de6426975818cc\/2x-COMFORSER-CF1100-RWL-275-65R20-126-S 591w,https:\/\/a.allegroimg.com\/original\/1182ab\/5bc6718b4a4ca8de6426975818cc\/2x-COMFORSER-CF1100-RWL-275-65R20-126-S 841w,https:\/\/a.allegroimg.com\/original\/1182ab\/5bc6718b4a4ca8de6426975818cc\/2x-COMFORSER-CF1100-RWL-275-65R20-126-S 920w,https:\/\/a.allegroimg.com\/original\/1182ab\/5bc6718b4a4ca8de6426975818cc\/2x-COMFORSER-CF1100-RWL-275-65R20-126-S 920w\" sizes=\"(min-width: 1200px) 560px, (min-width: 992px) 50vw, 100vw\" width=\"920px\" alt=\"2x COMFORSER CF1100 RWL 275\/65R20 126 S\" style=\"max-width: 100%; height: auto; display: block; margin: 0 auto;\"><\/div>\n<\/div>\n<\/div>\n<\/div>\n<\/div>\n<div style=\"clear: both; display: block; margin: 10px 0;\">\n<div style=\"clear: both; display: block; margin: 10px 0;\">\n<h2>Ca\u0142oroczne opony COMFORSER CF1100  RWL 275\/65 R20 126 S<\/h2>\n<p style=\"margin: 15px 0; line-height: 1.8; clear: both; display: block; width: 100%; float: none; position: static;\">Opony COMFORSER CF1100  RWL to znacz\u0105cy model w portfolio producenta.&nbsp;<\/p>\n<p style=\"margin: 15px 0; line-height: 1.8; clear: both; display: block; width: 100%; float: none; position: static;\"> Opony klasy ekonomicznej maj\u0105 \u015bwietny stosunek jako\u015bci do ceny.<\/p>\n<ul style=\"margin: 15px 0; padding-left: 20px; clear: both; display: block; width: 100%; float: none; position: static;\">\n<li style=\"margin: 5px 0; padding: 2px 0; clear: both; display: list-item; float: none; position: static;\"><b>Stan:<\/b>&nbsp;Nowy<\/li>\n<li style=\"margin: 5px 0; padding: 2px 0; clear: both; display: list-item; float: none; position: static;\"><b>EAN:<\/b>&nbsp;6939801700830<\/li>\n<li style=\"margin: 5px 0; padding: 2px 0; clear: both; display: list-item; float: none; position: static;\"><b>Producent:<\/b> COMFORSER<\/li>\n<li style=\"margin: 5px 0; padding: 2px 0; clear: both; display: list-item; float: none; position: static;\"><b>Model:<\/b> CF1100  RWL<\/li>\n<li style=\"margin: 5px 0; padding: 2px 0; clear: both; display: list-item; float: none; position: static;\"><b>Rozmiar:<\/b> 275\/65 R20<\/li>\n<li style=\"margin: 5px 0; padding: 2px 0; clear: both; display: list-item; float: none; position: static;\"><b>Indeks no\u015bno\u015bci:<\/b> 126<\/li>\n<li style=\"margin: 5px 0; padding: 2px 0; clear: both; display: list-item; float: none; position: static;\"><b>Indeks pr\u0119dko\u015bci:<\/b> S<\/li>\n<li style=\"margin: 5px 0; padding: 2px 0; clear: both; display: list-item; float: none; position: static;\"><b>Ha\u0142as db:<\/b>&nbsp;75<\/li>\n<li style=\"margin: 5px 0; padding: 2px 0; clear: both; display: list-item; float: none; position: static;\"><b>Sezon:<\/b> Ca\u0142oroczne<\/li>\n<li style=\"margin: 5px 0; padding: 2px 0; clear: both; display: list-item; float: none; position: static;\"><b>Rok produkcji:<\/b> nie starsze ni\u017c 36 miesi\u0119cy<\/li>\n<li style=\"margin: 5px 0; padding: 2px 0; clear: both; display: list-item; float: none; position: static;\"><b>Przeznaczenie:<\/b> SUV\/4&#215;4<\/li>\n<li style=\"margin: 5px 0; padding: 2px 0; clear: both; display: list-item; float: none; position: static;\"><b>Kl. przycz. na mokrej naw.:<\/b>&nbsp;C<\/li>\n<li style=\"margin: 5px 0; padding: 2px 0; clear: both; display: list-item; float: none; position: static;\"><b>Kl. efekt. paliwowej:&nbsp;<\/b>D<\/li>\n<\/ul>\n<\/div>\n<\/div>\n<\/div>\n<div style=\"clear: both; display: block; margin: 10px 0;\">\n<div style=\"clear: both; display: block; margin: 10px 0;\">\n<div style=\"clear: both; display: block; margin: 10px 0;\">\n<div  style=\"max-width:452px;max-height:111px\">\n<div style=\"clear: both; display: block; margin: 10px 0;\">\n<div style=\"clear: both; width: 100%; display: block; margin: 20px 0; padding: 0; float: none; position: static; text-align: center;\"><img decoding=\"async\"  src=\"https:\/\/a.allegroimg.com\/original\/11b5c5\/bf3f834c4d089e6906660adcf980\/2x-COMFORSER-CF1100-RWL-275-65R20-126-S-Liczba-opon-w-ofercie-2-szt\" srcset=\"https:\/\/a.allegroimg.com\/original\/11b5c5\/bf3f834c4d089e6906660adcf980\/2x-COMFORSER-CF1100-RWL-275-65R20-126-S-Liczba-opon-w-ofercie-2-szt 360w,https:\/\/a.allegroimg.com\/original\/11b5c5\/bf3f834c4d089e6906660adcf980\/2x-COMFORSER-CF1100-RWL-275-65R20-126-S-Liczba-opon-w-ofercie-2-szt 452w,https:\/\/a.allegroimg.com\/original\/11b5c5\/bf3f834c4d089e6906660adcf980\/2x-COMFORSER-CF1100-RWL-275-65R20-126-S-Liczba-opon-w-ofercie-2-szt 452w\" sizes=\"100vw\" width=\"452px\" alt=\"2x COMFORSER CF1100 RWL 275\/65R20 126 S Liczba opon w ofercie 2 szt.\" style=\"max-width: 100%; height: auto; display: block; margin: 0 auto;\"><\/div>\n<\/div>\n<\/div>\n<\/div>\n<\/div>\n<\/div>\n<div style=\"clear: both; display: block; margin: 10px 0;\">\n<div style=\"clear: both; display: block; margin: 10px 0;\">\n<div style=\"clear: both; display: block; margin: 10px 0;\">\n<p style=\"margin: 15px 0; line-height: 1.8; clear: both; display: block; width: 100%; float: none; position: static;\">Marka opon COMFORSER to producent opon, kt\u00f3ry zdobywa coraz wi\u0119ksz\u0105 popularno\u015b\u0107 na rynku. Firma ta oferuje r\u00f3\u017cne rodzaje opon, w tym letnie, zimowe i ca\u0142oroczne, kt\u00f3re s\u0105 dostosowane do r\u00f3\u017cnych warunk\u00f3w jazdy.<\/p>\n<p style=\"margin: 15px 0; line-height: 1.8; clear: both; display: block; width: 100%; float: none; position: static;\">Opony COMFORSER s\u0105 znane ze swojej przyczepno\u015bci, trwa\u0142o\u015bci i wydajno\u015bci na drodze. Firma ta k\u0142adzie nacisk na badania i rozw\u00f3j, wprowadzaj\u0105c innowacyjne technologie do swoich produkt\u00f3w, aby spe\u0142ni\u0107 oczekiwania klient\u00f3w.<\/p>\n<p style=\"margin: 15px 0; line-height: 1.8; clear: both; display: block; width: 100%; float: none; position: static;\">COMFORSER to marka, kt\u00f3ra oferuje konkurencyjne ceny i stosunek jako\u015bci do ceny, przyci\u0105gaj\u0105c kierowc\u00f3w poszukuj\u0105cych efektywnych rozwi\u0105za\u0144 oponiarskich.<\/p>\n<\/div>\n<\/div>\n<\/div>\n<div style=\"clear: both; display: block; margin: 10px 0;\">\n<div style=\"clear: both; display: block; margin: 10px 0;\">\n<div style=\"clear: both; display: block; margin: 10px 0;\">\n<div  style=\"max-width:1200px;max-height:1758px\">\n<div style=\"clear: both; display: block; margin: 10px 0;\">\n<div style=\"clear: both; width: 100%; display: block; margin: 20px 0; padding: 0; float: none; position: static; text-align: center;\"><img decoding=\"async\"  src=\"https:\/\/a.allegroimg.com\/original\/11e3da\/f5d851f6406c9cdd4c405433050e\/2x-COMFORSER-CF1100-RWL-275-65R20-126-S-Marka-Comforser\" srcset=\"https:\/\/a.allegroimg.com\/original\/11e3da\/f5d851f6406c9cdd4c405433050e\/2x-COMFORSER-CF1100-RWL-275-65R20-126-S-Marka-Comforser 245w,https:\/\/a.allegroimg.com\/original\/11e3da\/f5d851f6406c9cdd4c405433050e\/2x-COMFORSER-CF1100-RWL-275-65R20-126-S-Marka-Comforser 491w,https:\/\/a.allegroimg.com\/original\/11e3da\/f5d851f6406c9cdd4c405433050e\/2x-COMFORSER-CF1100-RWL-275-65R20-126-S-Marka-Comforser 698w,https:\/\/a.allegroimg.com\/original\/11e3da\/f5d851f6406c9cdd4c405433050e\/2x-COMFORSER-CF1100-RWL-275-65R20-126-S-Marka-Comforser 982w,https:\/\/a.allegroimg.com\/original\/11e3da\/f5d851f6406c9cdd4c405433050e\/2x-COMFORSER-CF1100-RWL-275-65R20-126-S-Marka-Comforser 1200w\" sizes=\"(min-width: 1200px) 560px, (min-width: 992px) 50vw, 100vw\" width=\"1200px\" alt=\"2x COMFORSER CF1100 RWL 275\/65R20 126 S Marka Comforser\" style=\"max-width: 100%; height: auto; display: block; margin: 0 auto;\"><\/div>\n<\/div>\n<\/div>\n<\/div>\n<\/div>\n<div style=\"clear: both; display: block; margin: 10px 0;\">\n<div style=\"clear: both; display: block; margin: 10px 0;\">\n<p style=\"margin: 15px 0; line-height: 1.8; clear: both; display: block; width: 100%; float: none; position: static;\">Dlaczego warto kupowa\u0107 u Nas ?<\/p>\n<p style=\"margin: 15px 0; line-height: 1.8; clear: both; display: block; width: 100%; float: none; position: static;\">Jeste\u015bmy firm\u0105, kt\u00f3ra na podstawie wieloletniego do\u015bwiadczenia z zaanga\u017cowaniem pomaga klientom w doborze oraz kupnie opon.<\/p>\n<p style=\"margin: 15px 0; line-height: 1.8; clear: both; display: block; width: 100%; float: none; position: static;\">Posiadamy szerok\u0105 game opon do aut osobowych, dostawczych, cie\u017carowych, motocyki jak i opon przemys\u0142owych.<\/p>\n<p style=\"margin: 15px 0; line-height: 1.8; clear: both; display: block; width: 100%; float: none; position: static;\">Gwarancja satysfakcjii oraz bezpiecznie przejechanych kilometr\u00f3w.<\/p>\n<p style=\"margin: 15px 0; line-height: 1.8; clear: both; display: block; width: 100%; float: none; position: static;\">Zosta\u0144 naszym kolejnym zadowolonym klientem.<\/p>\n<p style=\"margin: 15px 0; line-height: 1.8; clear: both; display: block; width: 100%; float: none; position: static;\">ZAPRASZAMY DO ZAKUP\u00d3W.<\/p>\n<\/div>\n<\/div>\n<\/div>\n<\/div>\n<\/div>\n<\/div>\n<div style=\"clear: both; display: block; margin: 10px 0;\">\n","protected":false},"excerpt":{"rendered":"<p>2x COMFORSER CF1100 RWL 275\/65R20 126 S<\/p>\n<p>Ca\u0142oroczne opony COMFORSER CF1100 RWL 275\/65 R20 126 S<\/p>\n<p>Opony COMFORSER CF1100 RWL to znacz\u0105cy model w portfolio producenta.&nbsp;<\/p>\n<p>Opony klasy ekonomicznej maj\u0105 \u015bwietny stosunek jako\u015bci do ceny.<\/p>\n<p>Stan:&nbsp;Nowy<\/p>\n<p>EAN:&nbsp;6939801700830<\/p>\n<p>Producent: COMFORSER<\/p>\n<p>Model: CF1100 RWL<\/p>\n","protected":false},"featured_media":14913,"template":"","meta":{"_uag_custom_page_level_css":""},"product_brand":[492],"product_cat":[416,428,413,412],"product_tag":[],"class_list":{"0":"post-14912","1":"product","2":"type-product","3":"status-publish","4":"has-post-thumbnail","6":"product_brand-comforser","7":"product_cat-caloroczne","8":"product_cat-do-samochodow-terenowych-i-4x4","9":"product_cat-opony","10":"product_cat-opony-i-felgi","12":"first","13":"instock","14":"shipping-taxable","15":"purchasable","16":"product-type-simple"},"uagb_featured_image_src":{"full":["https:\/\/oponixo.shop\/tire\/wp-content\/uploads\/2026\/01\/allegro-image-14912.jpg",920,1120,false],"thumbnail":["https:\/\/oponixo.shop\/tire\/wp-content\/uploads\/2026\/01\/allegro-image-14912-150x150.jpg",150,150,true],"medium":["https:\/\/oponixo.shop\/tire\/wp-content\/uploads\/2026\/01\/allegro-image-14912-246x300.jpg",246,300,true],"medium_large":["https:\/\/oponixo.shop\/tire\/wp-content\/uploads\/2026\/01\/allegro-image-14912-768x935.jpg",768,935,true],"large":["https:\/\/oponixo.shop\/tire\/wp-content\/uploads\/2026\/01\/allegro-image-14912-841x1024.jpg",841,1024,true],"1536x1536":["https:\/\/oponixo.shop\/tire\/wp-content\/uploads\/2026\/01\/allegro-image-14912.jpg",920,1120,false],"2048x2048":["https:\/\/oponixo.shop\/tire\/wp-content\/uploads\/2026\/01\/allegro-image-14912.jpg",920,1120,false],"woocommerce_thumbnail":["https:\/\/oponixo.shop\/tire\/wp-content\/uploads\/2026\/01\/allegro-image-14912-300x300.jpg",300,300,true],"woocommerce_single":["https:\/\/oponixo.shop\/tire\/wp-content\/uploads\/2026\/01\/allegro-image-14912-600x730.jpg",600,730,true],"woocommerce_gallery_thumbnail":["https:\/\/oponixo.shop\/tire\/wp-content\/uploads\/2026\/01\/allegro-image-14912-100x100.jpg",100,100,true]},"uagb_author_info":{"display_name":"admin","author_link":"https:\/\/oponixo.shop\/tire\/author\/"},"uagb_comment_info":0,"uagb_excerpt":"2x COMFORSER CF1100 RWL 275\/65R20 126 S Ca\u0142oroczne opony COMFORSER CF1100 RWL 275\/65 R20 126 S Opony COMFORSER CF1100 RWL to znacz\u0105cy model w portfolio producenta.&nbsp; Opony klasy ekonomicznej maj\u0105 \u015bwietny stosunek jako\u015bci do ceny. Stan:&nbsp;Nowy EAN:&nbsp;6939801700830 Producent: COMFORSER Model: CF1100 RWL","_links":{"self":[{"href":"https:\/\/oponixo.shop\/tire\/wp-json\/wp\/v2\/product\/14912","targetHints":{"allow":["GET"]}}],"collection":[{"href":"https:\/\/oponixo.shop\/tire\/wp-json\/wp\/v2\/product"}],"about":[{"href":"https:\/\/oponixo.shop\/tire\/wp-json\/wp\/v2\/types\/product"}],"wp:featuredmedia":[{"embeddable":true,"href":"https:\/\/oponixo.shop\/tire\/wp-json\/wp\/v2\/media\/14913"}],"wp:attachment":[{"href":"https:\/\/oponixo.shop\/tire\/wp-json\/wp\/v2\/media?parent=14912"}],"wp:term":[{"taxonomy":"product_brand","embeddable":true,"href":"https:\/\/oponixo.shop\/tire\/wp-json\/wp\/v2\/product_brand?post=14912"},{"taxonomy":"product_cat","embeddable":true,"href":"https:\/\/oponixo.shop\/tire\/wp-json\/wp\/v2\/product_cat?post=14912"},{"taxonomy":"product_tag","embeddable":true,"href":"https:\/\/oponixo.shop\/tire\/wp-json\/wp\/v2\/product_tag?post=14912"}],"curies":[{"name":"wp","href":"https:\/\/api.w.org\/{rel}","templated":true}]}}